{"id":3496,"date":"2021-01-20T06:35:17","date_gmt":"2021-01-20T06:35:17","guid":{"rendered":"https:\/\/longchangchemical.com\/?post_type=product&#038;p=3496"},"modified":"2025-12-23T04:23:32","modified_gmt":"2025-12-23T04:23:32","slug":"benzyl-methyl-ammonium-chloride-cas-61789-73-9","status":"publish","type":"product","link":"https:\/\/longchangchemical.com\/tr\/product\/benzyl-methyl-ammonium-chloride-cas-61789-73-9\/","title":{"rendered":"D1817\/Benzil Metil Amonyum Klor\u00fcr CAS 61789-73-9"},"content":{"rendered":"<h1>D1817\/Benzil Metil Amonyum Klor\u00fcr CAS 61789-73-9<\/h1>\n<table class=\"table-1\" cellspacing=\"0\">\n<tbody>\n<tr>\n<td>\n<h4><strong>\u00d6\u011fe<\/strong><\/h4>\n<\/td>\n<td>\n<h4><strong>\u015eartname<\/strong><\/h4>\n<\/td>\n<\/tr>\n<tr>\n<td>\n<h4>G\u00f6r\u00fcn\u00fcm (25 \u2103)<\/h4>\n<\/td>\n<td>\n<h4>Beyaz ila a\u00e7\u0131k sar\u0131 kat\u0131<\/h4>\n<\/td>\n<\/tr>\n<tr>\n<td>\n<h4>Renk (Gard)<\/h4>\n<\/td>\n<td>\n<h4>\u22647.0<\/h4>\n<\/td>\n<\/tr>\n<tr>\n<td>\n<h4>Kat\u0131 i\u00e7erik %<\/h4>\n<\/td>\n<td>\n<h4>80.0-85.0<\/h4>\n<\/td>\n<\/tr>\n<tr>\n<td>\n<h4>Serbest aminAminHidroklor\u00fcr %<\/h4>\n<\/td>\n<td>\n<h4>\u22642.0<\/h4>\n<\/td>\n<\/tr>\n<tr>\n<td>\n<h4>PH de\u011feri<\/h4>\n<\/td>\n<td>\n<h4>7.0-9.0<\/h4>\n<\/td>\n<\/tr>\n<tr>\n<td>\n<h4>Etanol %<\/h4>\n<\/td>\n<td>\n<h4>\u226414.0<\/h4>\n<\/td>\n<\/tr>\n<\/tbody>\n<\/table>\n<h2><strong>Benzil Metil Amonyum Klor\u00fcr Kullan\u0131m\u0131<\/strong><\/h2>\n<h4>Losyonlar, bakterisitler, petrol katk\u0131 maddeleri, korozyon \u00f6nleyiciler, em\u00fclgat\u00f6rler, tekstil ya\u011flar\u0131, yumu\u015fat\u0131c\u0131lar, metal temizleme ve parlatma maddeleri, nadir metal flotasyon maddeleri, organik at\u0131k su ar\u0131tma maddeleri ve metal pas \u00f6nleyiciler.<\/h4>\n<p>&nbsp;<\/p>\n<h2><strong>Benzil Metil Amonyum Klor\u00fcr Paketleme ve Nakliye<\/strong><\/h2>\n<h4>Varil ba\u015f\u0131na 175 kg veya varil ba\u015f\u0131na 50 kg.<\/h4>\n<p>&nbsp;<\/p>\n<h2><strong>Benzil Metil Amonyum Klor\u00fcr Depolama<\/strong><\/h2>\n<h4>kuru ve serin bir yerde.<\/h4>\n<h2><strong><b>\u015eimdi Bize Ula\u015f\u0131n!<\/b><\/strong><\/h2>\n<h4><strong><b>\u00d6zelle\u015ftirilmi\u015f hizmetler sunuyoruz, genellikle 24 saat i\u00e7inde sizinle ileti\u015fime ge\u00e7ece\u011fiz. Ayr\u0131ca mesai saatleri i\u00e7inde (8:30 - 6:00 UTC+8 Pzt.~Sat.) info@longchangchemical.com adresine e-posta g\u00f6nderebilir veya h\u0131zl\u0131 yan\u0131t almak i\u00e7in web sitesi canl\u0131 sohbetini kullanabilirsiniz.<\/b><\/strong><\/h4>\n<p>&nbsp;<\/p>","protected":false},"excerpt":{"rendered":"<p>Kimyasal Ad\u0131: D1817 \/Benzil Metil Amonyum Klor\u00fcr<\/p>\n<p>CAS No: 61789-73-9<\/p>\n<p>Molek\u00fcler Fom\u00fcl: C8H12ClN<\/p>\n<p>Molek\u00fcl a\u011f\u0131rl\u0131\u011f\u0131: 157.64058<\/p>\n<p>Benzil Metil Amonyum Klor\u00fcr Yap\u0131s\u0131:<img decoding=\"async\" title=\"D1817 \/Kuaterner amonyum bile\u015fikleri, benzilbis(hidrojene donya\u011f\u0131 alkil)metil, klor\u00fcrler Yap\u0131\" src=\"https:\/\/www.longchangchemical.com\/wp-content\/uploads\/product-details\/20200612137199.png\" alt=\"D1817 \/Kuaterner amonyum bile\u015fikleri, benzilbis(hidrojene donya\u011f\u0131 alkil)metil, klor\u00fcrler Yap\u0131\" width=\"143\" height=\"68\" border=\"0\" vspace=\"0\" \/><\/p>\n<p>G\u00f6r\u00fcn\u00fc\u015f: Beyaz ila a\u00e7\u0131k sar\u0131 kat\u0131<\/p>\n<p>Tahlil: 70-85%<\/p>","protected":false},"featured_media":4165,"comment_status":"open","ping_status":"closed","template":"","meta":[],"product_brand":[],"product_cat":[69],"product_tag":[],"class_list":{"0":"post-3496","1":"product","2":"type-product","3":"status-publish","4":"has-post-thumbnail","6":"product_cat-catalysts-chemical-auxiliary-agents","8":"first","9":"instock","10":"shipping-taxable","11":"product-type-simple"},"yoast_head":"<!-- This site is optimized with the Yoast SEO plugin v25.3.1 - https:\/\/yoast.com\/wordpress\/plugins\/seo\/ -->\n<title>China Benzyl Methyl Ammonium Chloride CAS 61789-73-9 Manufacturer \uff06 Supplier - Longchang chemical Co., Ltd.<\/title>\n<meta name=\"description\" content=\"Longchang Chemical is a leading manufacturer and supplier of Benzyl Methyl Ammonium Chloride CAS 61789-73-9 in China. Buy Benzyl Methyl Ammonium Chloride in china. We can provide the best Benzyl Methyl Ammonium Chloride price.\" \/>\n<meta name=\"robots\" content=\"index, follow, max-snippet:-1, max-image-preview:large, max-video-preview:-1\" \/>\n<link rel=\"canonical\" href=\"https:\/\/longchangchemical.com\/tr\/product\/benzyl-methyl-ammonium-chloride-cas-61789-73-9\/\" \/>\n<meta property=\"og:locale\" content=\"tr_TR\" \/>\n<meta property=\"og:type\" content=\"article\" \/>\n<meta property=\"og:title\" content=\"China Benzyl Methyl Ammonium Chloride CAS 61789-73-9 Manufacturer \uff06 Supplier - Longchang chemical Co., Ltd.\" \/>\n<meta property=\"og:description\" content=\"Longchang Chemical is a leading manufacturer and supplier of Benzyl Methyl Ammonium Chloride CAS 61789-73-9 in China. Buy Benzyl Methyl Ammonium Chloride in china. We can provide the best Benzyl Methyl Ammonium Chloride price.\" \/>\n<meta property=\"og:url\" content=\"https:\/\/longchangchemical.com\/tr\/product\/benzyl-methyl-ammonium-chloride-cas-61789-73-9\/\" \/>\n<meta property=\"og:site_name\" content=\"Longchang Chemical\" \/>\n<meta property=\"article:modified_time\" content=\"2025-12-23T04:23:32+00:00\" \/>\n<meta property=\"og:image\" content=\"https:\/\/longchangchemical.com\/wp-content\/uploads\/2021\/01\/Benzyl-Methyl-Ammonium-Chloride-Appearance.jpg\" \/>\n\t<meta property=\"og:image:width\" content=\"600\" \/>\n\t<meta property=\"og:image:height\" content=\"800\" \/>\n\t<meta property=\"og:image:type\" content=\"image\/jpeg\" \/>\n<meta name=\"twitter:card\" content=\"summary_large_image\" \/>\n<script type=\"application\/ld+json\" class=\"yoast-schema-graph\">{\"@context\":\"https:\/\/schema.org\",\"@graph\":[{\"@type\":\"WebPage\",\"@id\":\"https:\/\/longchangchemical.com\/product\/benzyl-methyl-ammonium-chloride-cas-61789-73-9\/\",\"url\":\"https:\/\/longchangchemical.com\/product\/benzyl-methyl-ammonium-chloride-cas-61789-73-9\/\",\"name\":\"China Benzyl Methyl Ammonium Chloride CAS 61789-73-9 Manufacturer \uff06 Supplier - Longchang chemical Co., Ltd.\",\"isPartOf\":{\"@id\":\"https:\/\/longchangchemical.com\/#website\"},\"primaryImageOfPage\":{\"@id\":\"https:\/\/longchangchemical.com\/product\/benzyl-methyl-ammonium-chloride-cas-61789-73-9\/#primaryimage\"},\"image\":{\"@id\":\"https:\/\/longchangchemical.com\/product\/benzyl-methyl-ammonium-chloride-cas-61789-73-9\/#primaryimage\"},\"thumbnailUrl\":\"https:\/\/longchangchemical.com\/wp-content\/uploads\/2021\/01\/Benzyl-Methyl-Ammonium-Chloride-Appearance.jpg\",\"datePublished\":\"2021-01-20T06:35:17+00:00\",\"dateModified\":\"2025-12-23T04:23:32+00:00\",\"description\":\"Longchang Chemical is a leading manufacturer and supplier of Benzyl Methyl Ammonium Chloride CAS 61789-73-9 in China. Buy Benzyl Methyl Ammonium Chloride in china. We can provide the best Benzyl Methyl Ammonium Chloride price.\",\"breadcrumb\":{\"@id\":\"https:\/\/longchangchemical.com\/product\/benzyl-methyl-ammonium-chloride-cas-61789-73-9\/#breadcrumb\"},\"inLanguage\":\"tr\",\"potentialAction\":[{\"@type\":\"ReadAction\",\"target\":[\"https:\/\/longchangchemical.com\/product\/benzyl-methyl-ammonium-chloride-cas-61789-73-9\/\"]}]},{\"@type\":\"ImageObject\",\"inLanguage\":\"tr\",\"@id\":\"https:\/\/longchangchemical.com\/product\/benzyl-methyl-ammonium-chloride-cas-61789-73-9\/#primaryimage\",\"url\":\"https:\/\/longchangchemical.com\/wp-content\/uploads\/2021\/01\/Benzyl-Methyl-Ammonium-Chloride-Appearance.jpg\",\"contentUrl\":\"https:\/\/longchangchemical.com\/wp-content\/uploads\/2021\/01\/Benzyl-Methyl-Ammonium-Chloride-Appearance.jpg\",\"width\":600,\"height\":800,\"caption\":\"Benzyl Methyl Ammonium Chloride Appearance\"},{\"@type\":\"BreadcrumbList\",\"@id\":\"https:\/\/longchangchemical.com\/product\/benzyl-methyl-ammonium-chloride-cas-61789-73-9\/#breadcrumb\",\"itemListElement\":[{\"@type\":\"ListItem\",\"position\":1,\"name\":\"Home\",\"item\":\"https:\/\/longchangchemical.com\/\"},{\"@type\":\"ListItem\",\"position\":2,\"name\":\"Products Longchang\",\"item\":\"https:\/\/longchangchemical.com\/product\/\"},{\"@type\":\"ListItem\",\"position\":3,\"name\":\"D1817\/Benzyl Methyl Ammonium Chloride CAS 61789-73-9\"}]},{\"@type\":\"WebSite\",\"@id\":\"https:\/\/longchangchemical.com\/#website\",\"url\":\"https:\/\/longchangchemical.com\/\",\"name\":\"Longchang Chemical\",\"description\":\"China chemical manufacturer \uff06 supplier\",\"publisher\":{\"@id\":\"https:\/\/longchangchemical.com\/#organization\"},\"potentialAction\":[{\"@type\":\"SearchAction\",\"target\":{\"@type\":\"EntryPoint\",\"urlTemplate\":\"https:\/\/longchangchemical.com\/?s={search_term_string}\"},\"query-input\":{\"@type\":\"PropertyValueSpecification\",\"valueRequired\":true,\"valueName\":\"search_term_string\"}}],\"inLanguage\":\"tr\"},{\"@type\":\"Organization\",\"@id\":\"https:\/\/longchangchemical.com\/#organization\",\"name\":\"Longchang Chemical\",\"url\":\"https:\/\/longchangchemical.com\/\",\"logo\":{\"@type\":\"ImageObject\",\"inLanguage\":\"tr\",\"@id\":\"https:\/\/longchangchemical.com\/#\/schema\/logo\/image\/\",\"url\":\"https:\/\/longchangchemical.com\/wp-content\/uploads\/2020\/08\/cropped-longchang-logo.png\",\"contentUrl\":\"https:\/\/longchangchemical.com\/wp-content\/uploads\/2020\/08\/cropped-longchang-logo.png\",\"width\":512,\"height\":512,\"caption\":\"Longchang Chemical\"},\"image\":{\"@id\":\"https:\/\/longchangchemical.com\/#\/schema\/logo\/image\/\"}}]}<\/script>\n<!-- \/ Yoast SEO plugin. -->","yoast_head_json":{"title":"\u00c7in Benzil Metil Amonyum Klor\u00fcr CAS 61789-73-9 \u00dcretici \uff06 Tedarik\u00e7i - Longchang chemical Co, Ltd.","description":"Longchang Chemical, \u00c7in'de Benzil Metil Amonyum Klor\u00fcr CAS 61789-73-9'un lider \u00fcreticisi ve tedarik\u00e7isidir. \u00c7in'de Benzil Metil Amonyum Klor\u00fcr sat\u0131n al\u0131n. En iyi Benzil Metil Amonyum Klor\u00fcr fiyat\u0131n\u0131 sa\u011flayabiliriz.","robots":{"index":"index","follow":"follow","max-snippet":"max-snippet:-1","max-image-preview":"max-image-preview:large","max-video-preview":"max-video-preview:-1"},"canonical":"https:\/\/longchangchemical.com\/tr\/product\/benzyl-methyl-ammonium-chloride-cas-61789-73-9\/","og_locale":"tr_TR","og_type":"article","og_title":"China Benzyl Methyl Ammonium Chloride CAS 61789-73-9 Manufacturer \uff06 Supplier - Longchang chemical Co., Ltd.","og_description":"Longchang Chemical is a leading manufacturer and supplier of Benzyl Methyl Ammonium Chloride CAS 61789-73-9 in China. Buy Benzyl Methyl Ammonium Chloride in china. We can provide the best Benzyl Methyl Ammonium Chloride price.","og_url":"https:\/\/longchangchemical.com\/tr\/product\/benzyl-methyl-ammonium-chloride-cas-61789-73-9\/","og_site_name":"Longchang Chemical","article_modified_time":"2025-12-23T04:23:32+00:00","og_image":[{"width":600,"height":800,"url":"https:\/\/longchangchemical.com\/wp-content\/uploads\/2021\/01\/Benzyl-Methyl-Ammonium-Chloride-Appearance.jpg","type":"image\/jpeg"}],"twitter_card":"summary_large_image","schema":{"@context":"https:\/\/schema.org","@graph":[{"@type":"WebPage","@id":"https:\/\/longchangchemical.com\/product\/benzyl-methyl-ammonium-chloride-cas-61789-73-9\/","url":"https:\/\/longchangchemical.com\/product\/benzyl-methyl-ammonium-chloride-cas-61789-73-9\/","name":"\u00c7in Benzil Metil Amonyum Klor\u00fcr CAS 61789-73-9 \u00dcretici \uff06 Tedarik\u00e7i - Longchang chemical Co, Ltd.","isPartOf":{"@id":"https:\/\/longchangchemical.com\/#website"},"primaryImageOfPage":{"@id":"https:\/\/longchangchemical.com\/product\/benzyl-methyl-ammonium-chloride-cas-61789-73-9\/#primaryimage"},"image":{"@id":"https:\/\/longchangchemical.com\/product\/benzyl-methyl-ammonium-chloride-cas-61789-73-9\/#primaryimage"},"thumbnailUrl":"https:\/\/longchangchemical.com\/wp-content\/uploads\/2021\/01\/Benzyl-Methyl-Ammonium-Chloride-Appearance.jpg","datePublished":"2021-01-20T06:35:17+00:00","dateModified":"2025-12-23T04:23:32+00:00","description":"Longchang Chemical, \u00c7in'de Benzil Metil Amonyum Klor\u00fcr CAS 61789-73-9'un lider \u00fcreticisi ve tedarik\u00e7isidir. \u00c7in'de Benzil Metil Amonyum Klor\u00fcr sat\u0131n al\u0131n. En iyi Benzil Metil Amonyum Klor\u00fcr fiyat\u0131n\u0131 sa\u011flayabiliriz.","breadcrumb":{"@id":"https:\/\/longchangchemical.com\/product\/benzyl-methyl-ammonium-chloride-cas-61789-73-9\/#breadcrumb"},"inLanguage":"tr","potentialAction":[{"@type":"ReadAction","target":["https:\/\/longchangchemical.com\/product\/benzyl-methyl-ammonium-chloride-cas-61789-73-9\/"]}]},{"@type":"ImageObject","inLanguage":"tr","@id":"https:\/\/longchangchemical.com\/product\/benzyl-methyl-ammonium-chloride-cas-61789-73-9\/#primaryimage","url":"https:\/\/longchangchemical.com\/wp-content\/uploads\/2021\/01\/Benzyl-Methyl-Ammonium-Chloride-Appearance.jpg","contentUrl":"https:\/\/longchangchemical.com\/wp-content\/uploads\/2021\/01\/Benzyl-Methyl-Ammonium-Chloride-Appearance.jpg","width":600,"height":800,"caption":"Benzyl Methyl Ammonium Chloride Appearance"},{"@type":"BreadcrumbList","@id":"https:\/\/longchangchemical.com\/product\/benzyl-methyl-ammonium-chloride-cas-61789-73-9\/#breadcrumb","itemListElement":[{"@type":"ListItem","position":1,"name":"Home","item":"https:\/\/longchangchemical.com\/"},{"@type":"ListItem","position":2,"name":"Products Longchang","item":"https:\/\/longchangchemical.com\/product\/"},{"@type":"ListItem","position":3,"name":"D1817\/Benzyl Methyl Ammonium Chloride CAS 61789-73-9"}]},{"@type":"WebSite","@id":"https:\/\/longchangchemical.com\/#website","url":"https:\/\/longchangchemical.com\/","name":"Longchang Kimya","description":"\u00c7in kimyasal \u00fcreticisi \uff06 tedarik\u00e7isi","publisher":{"@id":"https:\/\/longchangchemical.com\/#organization"},"potentialAction":[{"@type":"SearchAction","target":{"@type":"EntryPoint","urlTemplate":"https:\/\/longchangchemical.com\/?s={search_term_string}"},"query-input":{"@type":"PropertyValueSpecification","valueRequired":true,"valueName":"search_term_string"}}],"inLanguage":"tr"},{"@type":"Organization","@id":"https:\/\/longchangchemical.com\/#organization","name":"Longchang Kimya","url":"https:\/\/longchangchemical.com\/","logo":{"@type":"ImageObject","inLanguage":"tr","@id":"https:\/\/longchangchemical.com\/#\/schema\/logo\/image\/","url":"https:\/\/longchangchemical.com\/wp-content\/uploads\/2020\/08\/cropped-longchang-logo.png","contentUrl":"https:\/\/longchangchemical.com\/wp-content\/uploads\/2020\/08\/cropped-longchang-logo.png","width":512,"height":512,"caption":"Longchang Chemical"},"image":{"@id":"https:\/\/longchangchemical.com\/#\/schema\/logo\/image\/"}}]}},"_links":{"self":[{"href":"https:\/\/longchangchemical.com\/tr\/wp-json\/wp\/v2\/product\/3496","targetHints":{"allow":["GET"]}}],"collection":[{"href":"https:\/\/longchangchemical.com\/tr\/wp-json\/wp\/v2\/product"}],"about":[{"href":"https:\/\/longchangchemical.com\/tr\/wp-json\/wp\/v2\/types\/product"}],"replies":[{"embeddable":true,"href":"https:\/\/longchangchemical.com\/tr\/wp-json\/wp\/v2\/comments?post=3496"}],"wp:featuredmedia":[{"embeddable":true,"href":"https:\/\/longchangchemical.com\/tr\/wp-json\/wp\/v2\/media\/4165"}],"wp:attachment":[{"href":"https:\/\/longchangchemical.com\/tr\/wp-json\/wp\/v2\/media?parent=3496"}],"wp:term":[{"taxonomy":"product_brand","embeddable":true,"href":"https:\/\/longchangchemical.com\/tr\/wp-json\/wp\/v2\/product_brand?post=3496"},{"taxonomy":"product_cat","embeddable":true,"href":"https:\/\/longchangchemical.com\/tr\/wp-json\/wp\/v2\/product_cat?post=3496"},{"taxonomy":"product_tag","embeddable":true,"href":"https:\/\/longchangchemical.com\/tr\/wp-json\/wp\/v2\/product_tag?post=3496"}],"curies":[{"name":"wp","href":"https:\/\/api.w.org\/{rel}","templated":true}]}}