{"id":3478,"date":"2020-12-22T12:07:06","date_gmt":"2020-12-22T12:07:06","guid":{"rendered":"https:\/\/longchangchemical.com\/?post_type=product&#038;p=3478"},"modified":"2024-08-01T05:35:51","modified_gmt":"2024-08-01T05:35:51","slug":"ethanolamine-thioglycolate-cas-126-97-6","status":"publish","type":"product","link":"https:\/\/longchangchemical.com\/tr\/product\/ethanolamine-thioglycolate-cas-126-97-6\/","title":{"rendered":"CAS 126-97-6"},"content":{"rendered":"<h1><strong>CAS 126-97-6<\/strong><\/h1>\n<table style=\"border-collapse: collapse; width: 394.52pt;\" border=\"0\" width=\"526\" cellspacing=\"0\" cellpadding=\"0\">\n<tbody>\n<tr style=\"height: 18.00pt;\">\n<td class=\"et2\" style=\"height: 18.00pt; width: 191.25pt;\" width=\"255\" height=\"24\">\n<h4>\u00d6zellikler:<\/h4>\n<\/td>\n<td class=\"et3\" style=\"width: 203.25pt;\" width=\"271\">\n<h4>renksiz \u015feffaf s\u0131v\u0131.<\/h4>\n<\/td>\n<\/tr>\n<tr style=\"height: 18.00pt;\">\n<td class=\"et2\" style=\"height: 18.00pt; width: 191.25pt;\" width=\"255\" height=\"24\">\n<h4>\u00d6zg\u00fcl a\u011f\u0131rl\u0131k:<\/h4>\n<\/td>\n<td class=\"et3\">\n<h4>1,15 ila 1,30 (25\u00b0C)<\/h4>\n<\/td>\n<\/tr>\n<tr style=\"height: 18.00pt;\">\n<td class=\"et2\" style=\"height: 18.00pt; width: 191.25pt;\" width=\"255\" height=\"24\">\n<h4>PH:<\/h4>\n<\/td>\n<td class=\"et3\">\n<h4>6,0 ila 7,0 (25\u00b0C)<\/h4>\n<\/td>\n<\/tr>\n<tr style=\"height: 36.00pt;\">\n<td class=\"et2\" style=\"height: 36.00pt; width: 191.25pt;\" width=\"255\" height=\"48\">\n<h4>A\u011f\u0131r metal (Pb) PPM (mg\/kg)<\/h4>\n<\/td>\n<td class=\"et3\">\n<h4>\u22645<\/h4>\n<\/td>\n<\/tr>\n<tr style=\"height: 18.00pt;\">\n<td class=\"et2\" style=\"height: 18.00pt; width: 191.25pt;\" width=\"255\" height=\"24\">\n<h4>Demir (Fe) PPM (mg\/kg)<\/h4>\n<\/td>\n<td class=\"et3\">\n<h4>\u2264 0.5<\/h4>\n<\/td>\n<\/tr>\n<tr style=\"height: 18.00pt;\">\n<td class=\"et2\" style=\"height: 18.00pt; width: 191.25pt;\" width=\"255\" height=\"24\">\n<h4>Arsenik (As) PPM (mg\/kg)<\/h4>\n<\/td>\n<td class=\"et3\">\n<h4>\u2264 5<\/h4>\n<\/td>\n<\/tr>\n<tr style=\"height: 18.00pt;\">\n<td class=\"et2\" style=\"height: 18.00pt; width: 191.25pt;\" width=\"255\" height=\"24\">\n<h4>\u0130\u00e7erik:<\/h4>\n<\/td>\n<td class=\"et3\">\n<h4>\u2265 51%, 61%, 71%<\/h4>\n<\/td>\n<\/tr>\n<\/tbody>\n<\/table>\n<p>&nbsp;<\/p>\n<div>\n<h2>CAS 126-97-6 Kullan\u0131m Alanlar\u0131<\/h2>\n<p>&nbsp;<\/p>\n<h4>Bu \u00fcr\u00fcn\u00fcn tamam\u0131, s\u0131cak boyama maddesinde yayg\u0131n olarak kullan\u0131lan y\u00fcksek safl\u0131kta ithal hammaddelerden yap\u0131lm\u0131\u015ft\u0131r, ayr\u0131ca temizlik maddesi, pas s\u00f6k\u00fcc\u00fc, elektrokaplama olarak da kullan\u0131labilir, ayr\u0131ca petrol aramas\u0131nda brom tuzu tamamlama s\u0131v\u0131s\u0131n\u0131n m\u00fckemmel korozyon inhibisyonu olarak da kullan\u0131labilir Ajan.<\/h4>\n<\/div>\n<h2>CAS 126-97-6 Ambalaj \u00f6zellikleri<\/h2>\n<h4>250Kg\/plastik bidon, m\u00fc\u015fteri ihtiya\u00e7lar\u0131na g\u00f6re de paketlenebilir.<\/h4>\n<h2><strong>Di\u011fer ad\u0131:\u00a0<\/strong><\/h2>\n<p>Tiyoglikolat-MEA;<\/p>\n<p>2-hidroksietil)amonyum merkaptoasetat;<\/p>\n<p>Monoetanolamin tiyoglikolat;<\/p>\n<p>2-hidroksietanaminyum s\u00fclfanilasetat;<\/p>\n<h2><strong><b>\u015eimdi Bize Ula\u015f\u0131n!<\/b><\/strong><\/h2>\n<h4><strong><b>genellikle 24 saat i\u00e7inde sizinle ileti\u015fime ge\u00e7ece\u011fiz. Bana e-posta da g\u00f6nderebilirsiniz <span style=\"color: #00ccff;\"><a style=\"color: #00ccff;\" href=\"mailto:info@longchangchemical.com\">info@longchangchemical.com<\/a><\/span> \u00c7al\u0131\u015fma saatleri i\u00e7inde (8:30 - 6:00 UTC+8 Pzt.~Sat.) veya h\u0131zl\u0131 yan\u0131t almak i\u00e7in web sitesi canl\u0131 sohbetini kullan\u0131n.<\/b><\/strong><\/h4>","protected":false},"excerpt":{"rendered":"<h4>\u00dcr\u00fcn Ad\u0131: Etanolamin Tiyoglikolat<\/h4>\n<h4>CAS No: 126-97-6<\/h4>\n<h4>Molek\u00fcler Form\u00fcl: HSCH2COOH.NH2CH2CH2OH<\/h4>\n<h4>MW: 153,2<\/h4>\n<h4>G\u00f6r\u00fcn\u00fc\u015f: renksiz \u015feffaf s\u0131v\u0131.<\/h4>","protected":false},"featured_media":3479,"comment_status":"open","ping_status":"closed","template":"","meta":[],"product_brand":[],"product_cat":[135],"product_tag":[],"class_list":{"0":"post-3478","1":"product","2":"type-product","3":"status-publish","4":"has-post-thumbnail","6":"product_cat-santicor-corrosion-inhibitor","8":"first","9":"instock","10":"shipping-taxable","11":"product-type-simple"},"yoast_head":"<!-- This site is optimized with the Yoast SEO plugin v25.3.1 - https:\/\/yoast.com\/wordpress\/plugins\/seo\/ -->\n<title>China Ethanolamine Thioglycolate CAS 126-97-6 manufacturer and supplier - Longchang Chemical<\/title>\n<meta name=\"description\" content=\"Longchang Chemical is a leading manufacturer and supplier of Ethanolamine Thioglycolate CAS 126-97-6 in China. Buy Ethanolamine Thioglycolate in china. We can provide the best Ethanolamine Thioglycolate price. Other Name:\u00a0Thioglycolate-MEA;2-hydroxyethyl)ammonium mercaptoacetate;\u00a0Monoethanolamine thioglycolate;\u00a02-hydroxyethanaminium sulfanylacetate;\u00a0\" \/>\n<meta name=\"robots\" content=\"index, follow, max-snippet:-1, max-image-preview:large, max-video-preview:-1\" \/>\n<link rel=\"canonical\" href=\"https:\/\/longchangchemical.com\/tr\/product\/ethanolamine-thioglycolate-cas-126-97-6\/\" \/>\n<meta property=\"og:locale\" content=\"tr_TR\" \/>\n<meta property=\"og:type\" content=\"article\" \/>\n<meta property=\"og:title\" content=\"China Ethanolamine Thioglycolate CAS 126-97-6 manufacturer and supplier - Longchang Chemical\" \/>\n<meta property=\"og:description\" content=\"Longchang Chemical is a leading manufacturer and supplier of Ethanolamine Thioglycolate CAS 126-97-6 in China. Buy Ethanolamine Thioglycolate in china. We can provide the best Ethanolamine Thioglycolate price. Other Name:\u00a0Thioglycolate-MEA;2-hydroxyethyl)ammonium mercaptoacetate;\u00a0Monoethanolamine thioglycolate;\u00a02-hydroxyethanaminium sulfanylacetate;\u00a0\" \/>\n<meta property=\"og:url\" content=\"https:\/\/longchangchemical.com\/tr\/product\/ethanolamine-thioglycolate-cas-126-97-6\/\" \/>\n<meta property=\"og:site_name\" content=\"Longchang Chemical\" \/>\n<meta property=\"article:modified_time\" content=\"2024-08-01T05:35:51+00:00\" \/>\n<meta property=\"og:image\" content=\"https:\/\/longchangchemical.com\/wp-content\/uploads\/2020\/12\/Ethanolamine-Thioglycolate-Appearance.jpg\" \/>\n\t<meta property=\"og:image:width\" content=\"600\" \/>\n\t<meta property=\"og:image:height\" content=\"800\" \/>\n\t<meta property=\"og:image:type\" content=\"image\/jpeg\" \/>\n<meta name=\"twitter:card\" content=\"summary_large_image\" \/>\n<script type=\"application\/ld+json\" class=\"yoast-schema-graph\">{\"@context\":\"https:\/\/schema.org\",\"@graph\":[{\"@type\":\"WebPage\",\"@id\":\"https:\/\/longchangchemical.com\/product\/ethanolamine-thioglycolate-cas-126-97-6\/\",\"url\":\"https:\/\/longchangchemical.com\/product\/ethanolamine-thioglycolate-cas-126-97-6\/\",\"name\":\"China Ethanolamine Thioglycolate CAS 126-97-6 manufacturer and supplier - Longchang Chemical\",\"isPartOf\":{\"@id\":\"https:\/\/longchangchemical.com\/#website\"},\"primaryImageOfPage\":{\"@id\":\"https:\/\/longchangchemical.com\/product\/ethanolamine-thioglycolate-cas-126-97-6\/#primaryimage\"},\"image\":{\"@id\":\"https:\/\/longchangchemical.com\/product\/ethanolamine-thioglycolate-cas-126-97-6\/#primaryimage\"},\"thumbnailUrl\":\"https:\/\/longchangchemical.com\/wp-content\/uploads\/2020\/12\/Ethanolamine-Thioglycolate-Appearance.jpg\",\"datePublished\":\"2020-12-22T12:07:06+00:00\",\"dateModified\":\"2024-08-01T05:35:51+00:00\",\"description\":\"Longchang Chemical is a leading manufacturer and supplier of Ethanolamine Thioglycolate CAS 126-97-6 in China. Buy Ethanolamine Thioglycolate in china. We can provide the best Ethanolamine Thioglycolate price. Other Name:\u00a0Thioglycolate-MEA;2-hydroxyethyl)ammonium mercaptoacetate;\u00a0Monoethanolamine thioglycolate;\u00a02-hydroxyethanaminium sulfanylacetate;\u00a0\",\"breadcrumb\":{\"@id\":\"https:\/\/longchangchemical.com\/product\/ethanolamine-thioglycolate-cas-126-97-6\/#breadcrumb\"},\"inLanguage\":\"tr\",\"potentialAction\":[{\"@type\":\"ReadAction\",\"target\":[\"https:\/\/longchangchemical.com\/product\/ethanolamine-thioglycolate-cas-126-97-6\/\"]}]},{\"@type\":\"ImageObject\",\"inLanguage\":\"tr\",\"@id\":\"https:\/\/longchangchemical.com\/product\/ethanolamine-thioglycolate-cas-126-97-6\/#primaryimage\",\"url\":\"https:\/\/longchangchemical.com\/wp-content\/uploads\/2020\/12\/Ethanolamine-Thioglycolate-Appearance.jpg\",\"contentUrl\":\"https:\/\/longchangchemical.com\/wp-content\/uploads\/2020\/12\/Ethanolamine-Thioglycolate-Appearance.jpg\",\"width\":600,\"height\":800,\"caption\":\"Ethanolamine Thioglycolate Appearance\"},{\"@type\":\"BreadcrumbList\",\"@id\":\"https:\/\/longchangchemical.com\/product\/ethanolamine-thioglycolate-cas-126-97-6\/#breadcrumb\",\"itemListElement\":[{\"@type\":\"ListItem\",\"position\":1,\"name\":\"Home\",\"item\":\"https:\/\/longchangchemical.com\/\"},{\"@type\":\"ListItem\",\"position\":2,\"name\":\"Products Longchang\",\"item\":\"https:\/\/longchangchemical.com\/product\/\"},{\"@type\":\"ListItem\",\"position\":3,\"name\":\"CAS 126-97-6\"}]},{\"@type\":\"WebSite\",\"@id\":\"https:\/\/longchangchemical.com\/#website\",\"url\":\"https:\/\/longchangchemical.com\/\",\"name\":\"Longchang Chemical\",\"description\":\"China chemical manufacturer \uff06 supplier\",\"publisher\":{\"@id\":\"https:\/\/longchangchemical.com\/#organization\"},\"potentialAction\":[{\"@type\":\"SearchAction\",\"target\":{\"@type\":\"EntryPoint\",\"urlTemplate\":\"https:\/\/longchangchemical.com\/?s={search_term_string}\"},\"query-input\":{\"@type\":\"PropertyValueSpecification\",\"valueRequired\":true,\"valueName\":\"search_term_string\"}}],\"inLanguage\":\"tr\"},{\"@type\":\"Organization\",\"@id\":\"https:\/\/longchangchemical.com\/#organization\",\"name\":\"Longchang Chemical\",\"url\":\"https:\/\/longchangchemical.com\/\",\"logo\":{\"@type\":\"ImageObject\",\"inLanguage\":\"tr\",\"@id\":\"https:\/\/longchangchemical.com\/#\/schema\/logo\/image\/\",\"url\":\"https:\/\/longchangchemical.com\/wp-content\/uploads\/2020\/08\/cropped-longchang-logo.png\",\"contentUrl\":\"https:\/\/longchangchemical.com\/wp-content\/uploads\/2020\/08\/cropped-longchang-logo.png\",\"width\":512,\"height\":512,\"caption\":\"Longchang Chemical\"},\"image\":{\"@id\":\"https:\/\/longchangchemical.com\/#\/schema\/logo\/image\/\"}}]}<\/script>\n<!-- \/ Yoast SEO plugin. -->","yoast_head_json":{"title":"\u00c7in Etanolamin Tiyoglikolat CAS 126-97-6 \u00fcretici ve tedarik\u00e7i - Longchang Chemical","description":"Longchang Chemical, \u00c7in'de Ethanolamine Thioglycolate CAS 126-97-6'n\u0131n lider \u00fcreticisi ve tedarik\u00e7isidir. \u00c7in'de Etanolamin Tiyoglikolat sat\u0131n al\u0131n. En iyi Etanolamin Tiyoglikolat fiyat\u0131n\u0131 sa\u011flayabiliriz. Di\u011fer Ad\u0131: Tiyoglikolat-MEA; 2-hidroksietil) amonyum merkaptoasetat; Monoetanolamin tiyoglikolat; 2-hidroksietanaminyum s\u00fclfanilasetat;\u00a0","robots":{"index":"index","follow":"follow","max-snippet":"max-snippet:-1","max-image-preview":"max-image-preview:large","max-video-preview":"max-video-preview:-1"},"canonical":"https:\/\/longchangchemical.com\/tr\/product\/ethanolamine-thioglycolate-cas-126-97-6\/","og_locale":"tr_TR","og_type":"article","og_title":"China Ethanolamine Thioglycolate CAS 126-97-6 manufacturer and supplier - Longchang Chemical","og_description":"Longchang Chemical is a leading manufacturer and supplier of Ethanolamine Thioglycolate CAS 126-97-6 in China. Buy Ethanolamine Thioglycolate in china. We can provide the best Ethanolamine Thioglycolate price. Other Name:\u00a0Thioglycolate-MEA;2-hydroxyethyl)ammonium mercaptoacetate;\u00a0Monoethanolamine thioglycolate;\u00a02-hydroxyethanaminium sulfanylacetate;\u00a0","og_url":"https:\/\/longchangchemical.com\/tr\/product\/ethanolamine-thioglycolate-cas-126-97-6\/","og_site_name":"Longchang Chemical","article_modified_time":"2024-08-01T05:35:51+00:00","og_image":[{"width":600,"height":800,"url":"https:\/\/longchangchemical.com\/wp-content\/uploads\/2020\/12\/Ethanolamine-Thioglycolate-Appearance.jpg","type":"image\/jpeg"}],"twitter_card":"summary_large_image","schema":{"@context":"https:\/\/schema.org","@graph":[{"@type":"WebPage","@id":"https:\/\/longchangchemical.com\/product\/ethanolamine-thioglycolate-cas-126-97-6\/","url":"https:\/\/longchangchemical.com\/product\/ethanolamine-thioglycolate-cas-126-97-6\/","name":"\u00c7in Etanolamin Tiyoglikolat CAS 126-97-6 \u00fcretici ve tedarik\u00e7i - Longchang Chemical","isPartOf":{"@id":"https:\/\/longchangchemical.com\/#website"},"primaryImageOfPage":{"@id":"https:\/\/longchangchemical.com\/product\/ethanolamine-thioglycolate-cas-126-97-6\/#primaryimage"},"image":{"@id":"https:\/\/longchangchemical.com\/product\/ethanolamine-thioglycolate-cas-126-97-6\/#primaryimage"},"thumbnailUrl":"https:\/\/longchangchemical.com\/wp-content\/uploads\/2020\/12\/Ethanolamine-Thioglycolate-Appearance.jpg","datePublished":"2020-12-22T12:07:06+00:00","dateModified":"2024-08-01T05:35:51+00:00","description":"Longchang Chemical, \u00c7in'de Ethanolamine Thioglycolate CAS 126-97-6'n\u0131n lider \u00fcreticisi ve tedarik\u00e7isidir. \u00c7in'de Etanolamin Tiyoglikolat sat\u0131n al\u0131n. En iyi Etanolamin Tiyoglikolat fiyat\u0131n\u0131 sa\u011flayabiliriz. Di\u011fer Ad\u0131: Tiyoglikolat-MEA; 2-hidroksietil) amonyum merkaptoasetat; Monoetanolamin tiyoglikolat; 2-hidroksietanaminyum s\u00fclfanilasetat;\u00a0","breadcrumb":{"@id":"https:\/\/longchangchemical.com\/product\/ethanolamine-thioglycolate-cas-126-97-6\/#breadcrumb"},"inLanguage":"tr","potentialAction":[{"@type":"ReadAction","target":["https:\/\/longchangchemical.com\/product\/ethanolamine-thioglycolate-cas-126-97-6\/"]}]},{"@type":"ImageObject","inLanguage":"tr","@id":"https:\/\/longchangchemical.com\/product\/ethanolamine-thioglycolate-cas-126-97-6\/#primaryimage","url":"https:\/\/longchangchemical.com\/wp-content\/uploads\/2020\/12\/Ethanolamine-Thioglycolate-Appearance.jpg","contentUrl":"https:\/\/longchangchemical.com\/wp-content\/uploads\/2020\/12\/Ethanolamine-Thioglycolate-Appearance.jpg","width":600,"height":800,"caption":"Ethanolamine Thioglycolate Appearance"},{"@type":"BreadcrumbList","@id":"https:\/\/longchangchemical.com\/product\/ethanolamine-thioglycolate-cas-126-97-6\/#breadcrumb","itemListElement":[{"@type":"ListItem","position":1,"name":"Home","item":"https:\/\/longchangchemical.com\/"},{"@type":"ListItem","position":2,"name":"Products Longchang","item":"https:\/\/longchangchemical.com\/product\/"},{"@type":"ListItem","position":3,"name":"CAS 126-97-6"}]},{"@type":"WebSite","@id":"https:\/\/longchangchemical.com\/#website","url":"https:\/\/longchangchemical.com\/","name":"Longchang Kimya","description":"\u00c7in kimyasal \u00fcreticisi \uff06 tedarik\u00e7isi","publisher":{"@id":"https:\/\/longchangchemical.com\/#organization"},"potentialAction":[{"@type":"SearchAction","target":{"@type":"EntryPoint","urlTemplate":"https:\/\/longchangchemical.com\/?s={search_term_string}"},"query-input":{"@type":"PropertyValueSpecification","valueRequired":true,"valueName":"search_term_string"}}],"inLanguage":"tr"},{"@type":"Organization","@id":"https:\/\/longchangchemical.com\/#organization","name":"Longchang Kimya","url":"https:\/\/longchangchemical.com\/","logo":{"@type":"ImageObject","inLanguage":"tr","@id":"https:\/\/longchangchemical.com\/#\/schema\/logo\/image\/","url":"https:\/\/longchangchemical.com\/wp-content\/uploads\/2020\/08\/cropped-longchang-logo.png","contentUrl":"https:\/\/longchangchemical.com\/wp-content\/uploads\/2020\/08\/cropped-longchang-logo.png","width":512,"height":512,"caption":"Longchang Chemical"},"image":{"@id":"https:\/\/longchangchemical.com\/#\/schema\/logo\/image\/"}}]}},"_links":{"self":[{"href":"https:\/\/longchangchemical.com\/tr\/wp-json\/wp\/v2\/product\/3478","targetHints":{"allow":["GET"]}}],"collection":[{"href":"https:\/\/longchangchemical.com\/tr\/wp-json\/wp\/v2\/product"}],"about":[{"href":"https:\/\/longchangchemical.com\/tr\/wp-json\/wp\/v2\/types\/product"}],"replies":[{"embeddable":true,"href":"https:\/\/longchangchemical.com\/tr\/wp-json\/wp\/v2\/comments?post=3478"}],"wp:featuredmedia":[{"embeddable":true,"href":"https:\/\/longchangchemical.com\/tr\/wp-json\/wp\/v2\/media\/3479"}],"wp:attachment":[{"href":"https:\/\/longchangchemical.com\/tr\/wp-json\/wp\/v2\/media?parent=3478"}],"wp:term":[{"taxonomy":"product_brand","embeddable":true,"href":"https:\/\/longchangchemical.com\/tr\/wp-json\/wp\/v2\/product_brand?post=3478"},{"taxonomy":"product_cat","embeddable":true,"href":"https:\/\/longchangchemical.com\/tr\/wp-json\/wp\/v2\/product_cat?post=3478"},{"taxonomy":"product_tag","embeddable":true,"href":"https:\/\/longchangchemical.com\/tr\/wp-json\/wp\/v2\/product_tag?post=3478"}],"curies":[{"name":"wp","href":"https:\/\/api.w.org\/{rel}","templated":true}]}}