{"id":3472,"date":"2020-12-16T02:42:13","date_gmt":"2020-12-16T02:42:13","guid":{"rendered":"https:\/\/longchangchemical.com\/?post_type=product&#038;p=3472"},"modified":"2025-12-23T04:16:43","modified_gmt":"2025-12-23T04:16:43","slug":"benzenemethanol-benzyl-alcohol-cas-100-51-6","status":"publish","type":"product","link":"https:\/\/longchangchemical.com\/tr\/product\/benzenemethanol-benzyl-alcohol-cas-100-51-6\/","title":{"rendered":"Benzenemethanol \/ Benzil alkol cas 100-51-6"},"content":{"rendered":"<h1><strong>Benzenemethanol \/ Benzil alkol cas 100-51-6<\/strong><\/h1>\n<table>\n<tbody>\n<tr>\n<td width=\"171\">\n<h4><strong><b>E\u015fyalar<\/b><\/strong><\/h4>\n<\/td>\n<td width=\"213\">\n<h4><strong><b>Standart<\/b><\/strong><\/h4>\n<\/td>\n<td width=\"315\">\n<h4><strong><b>Denetim Sonucu<\/b><\/strong><\/h4>\n<\/td>\n<\/tr>\n<tr>\n<td width=\"171\">\n<h4>G\u00d6R\u00dcN\u00dcM<\/h4>\n<\/td>\n<td width=\"213\">\n<h4>RENKSIZ SIVI<\/h4>\n<\/td>\n<td width=\"315\">\n<h4>GE\u00c7T\u0130<\/h4>\n<\/td>\n<\/tr>\n<tr>\n<td width=\"171\">\n<h4>SAFLIK(%)<\/h4>\n<\/td>\n<td width=\"213\">\n<h4>99.97MIN<\/h4>\n<\/td>\n<td width=\"315\">\n<h4>99.99<\/h4>\n<\/td>\n<\/tr>\n<tr>\n<td width=\"171\">\n<h4>BENZALDEHIT (PPM):<\/h4>\n<\/td>\n<td width=\"213\">\n<h4>200MAX<\/h4>\n<\/td>\n<td width=\"315\">\n<h4>98PPM<\/h4>\n<\/td>\n<\/tr>\n<tr>\n<td width=\"171\">\n<h4>AS\u0130TL\u0130K<\/h4>\n<h4>(BENZOIK ASIT OLARAK) ( ) :<\/h4>\n<\/td>\n<td width=\"213\">\n<h4>0.1MAX<\/h4>\n<\/td>\n<td width=\"315\">\n<h4>0.05<\/h4>\n<\/td>\n<\/tr>\n<tr>\n<td width=\"171\">\n<h4>CLORIDE ():<\/h4>\n<\/td>\n<td width=\"213\">\n<h4>0.005 MAX<\/h4>\n<\/td>\n<td width=\"315\">\n<h4>GE\u00c7T\u0130<\/h4>\n<\/td>\n<\/tr>\n<tr>\n<td width=\"171\">\n<h4>RENK (HAZEN):<\/h4>\n<\/td>\n<td width=\"213\">\n<h4>10 MAX<\/h4>\n<\/td>\n<td width=\"315\">\n<h4>5<\/h4>\n<\/td>\n<\/tr>\n<tr>\n<td width=\"171\">\n<h4>\u00d6ZG\u00dcL A\u011eIRLIK (20 \u2103):<\/h4>\n<\/td>\n<td width=\"213\">\n<h4>1.043-1.048<\/h4>\n<\/td>\n<td width=\"315\">\n<h4>1.047<\/h4>\n<\/td>\n<\/tr>\n<tr>\n<td width=\"171\">\n<h4>KIRILMA INDISI (20 \u2103):<\/h4>\n<\/td>\n<td width=\"213\">\n<h4>1.538-1.541<\/h4>\n<\/td>\n<td width=\"315\">\n<h4>1.540<\/h4>\n<\/td>\n<\/tr>\n<tr>\n<td width=\"171\">\n<h4>SU( )<\/h4>\n<\/td>\n<td width=\"213\">\n<h4>0.1MAX<\/h4>\n<\/td>\n<td width=\"315\">\n<h4>0.014<\/h4>\n<\/td>\n<\/tr>\n<tr>\n<td width=\"171\">\n<h4>\u00c7\u00d6ZELTININ BERRAKLI\u011eI (1+30):<\/h4>\n<\/td>\n<td width=\"213\">\n<h4>99.97MIN<\/h4>\n<\/td>\n<td width=\"315\">\n<h4>GE\u00c7T\u0130<\/h4>\n<\/td>\n<\/tr>\n<\/tbody>\n<\/table>\n<h2><strong>Benzil alkol nedir?<\/strong><\/h2>\n<h4>Benzil alkol, C7H8O molek\u00fcler form\u00fcl\u00fcne sahip organik bir bile\u015fiktir. En basit aromatik alkollerden biridir ve fenil s\u00fcbstit\u00fce metanol olarak kabul edilebilir. Do\u011fada \u00e7o\u011fu u\u00e7ucu ya\u011f ester formunda bulunur, \u00f6rne\u011fin yasemin ya\u011f\u0131, s\u00fcmb\u00fcl ya\u011f\u0131 ve Peru balsam\u0131 bu bile\u015feni i\u00e7erir.<\/h4>\n<p>&nbsp;<\/p>\n<h2><strong>Benzil alkol Kullan\u0131m\u0131<\/strong><\/h2>\n<h4>1. Benzil alkol merhemler i\u00e7in koruyucu olarak kullan\u0131labilir.<\/h4>\n<h4>2. Benzil alkol, lifler, naylon filamentler ve plastik filmler i\u00e7in bir kurutucu ve polivinil klor\u00fcr i\u00e7in bir stabilizat\u00f6r olarak kullan\u0131labilir.<\/h4>\n<h4>3. Benzil alkol, foto\u011fraf geli\u015ftirici olarak, sel\u00fcloz asetat, m\u00fcrekkep, boya, boya, epoksi boya, boyalar, kazein, gomalak ve jelatin vb. i\u00e7in bir \u00e7\u00f6z\u00fcc\u00fc olarak, benzil ester veya eter ara \u00fcr\u00fcnleri haz\u0131rlamak i\u00e7in kullan\u0131labilir.<\/h4>\n<h4>4. Kuvars ve y\u00fcn lifleri ile neredeyse ayn\u0131 k\u0131r\u0131lma indisine sahip oldu\u011fundan, kuvars ve y\u00fcn lifleri i\u00e7in ay\u0131rt edici bir madde olarak kullan\u0131l\u0131r.<\/h4>\n<h4>5. Benzil alkol parf\u00fcm end\u00fcstrisinde seyreltici olarak kullan\u0131l\u0131r. Yasemin, gardenya, leylak, ylang-ylang, tuberose, s\u00fcmb\u00fcl, akasya ve di\u011fer \u00e7i\u00e7ek kokular\u0131nda benzil asetat ile kar\u0131\u015ft\u0131rma maddesi olarak kullan\u0131labilir. Sabun, parf\u00fcm, kozmetik ve di\u011fer \u00fcr\u00fcnlerde katk\u0131 maddesi olarak g\u00f6rev yapar. Ayr\u0131ca yapay miskleri ve di\u011fer baharatlar\u0131 \u00e7\u00f6zmek i\u00e7in s\u0131kl\u0131kla \u00e7\u00f6z\u00fcc\u00fc olarak kullan\u0131l\u0131r. Ayr\u0131ca genellikle kiraz, \u00fcz\u00fcm, bal, tatl\u0131 portakal, ahududu, ceviz, vanilya fasulyesi ve di\u011fer yenilebilir aromalar i\u00e7in yenilebilir bir aroma olarak kullan\u0131l\u0131r.<\/h4>\n<p>&nbsp;<\/p>\n<h2><strong>Benzil alkol Paketleme ve Nakliye<\/strong><\/h2>\n<h4>Ambalaj: 210kg\/Davul<\/h4>\n<h4>Teslimat: Deniz veya hava<\/h4>\n<p>&nbsp;<\/p>\n<h2><strong>Benzil alkol Depolama<\/strong><\/h2>\n<h4>Serin ve havaland\u0131r\u0131lm\u0131\u015f bir depoda saklay\u0131n. Ate\u015f ve \u0131s\u0131 kaynaklar\u0131ndan uzak tutun. Oksitleyicilerden ve yenilebilir kimyasallardan ayr\u0131 depolanmal\u0131 ve kar\u0131\u015f\u0131k depolamadan ka\u00e7\u0131n\u0131lmal\u0131d\u0131r. Uygun \u00e7e\u015fit ve miktarda yang\u0131n ekipman\u0131 ile donat\u0131lmal\u0131d\u0131r. Depolama alan\u0131, s\u0131z\u0131nt\u0131 acil durum ar\u0131tma ekipman\u0131 ve uygun depolama malzemeleri ile donat\u0131lmal\u0131d\u0131r.<\/h4>\n<p>&nbsp;<\/p>\n<h2><strong><b>\u015eimdi Bize Ula\u015f\u0131n!<\/b><\/strong><\/h2>\n<h4><strong><b>\u00d6zelle\u015ftirilmi\u015f hizmetler sunuyoruz, genellikle 24 saat i\u00e7inde sizinle ileti\u015fime ge\u00e7ece\u011fiz. Ayr\u0131ca mesai saatleri i\u00e7inde (8:30 - 6:00 UTC+8 Pzt.~Sat.) info@longchangchemical.com adresine e-posta g\u00f6nderebilir veya h\u0131zl\u0131 yan\u0131t almak i\u00e7in web sitesi canl\u0131 sohbetini kullanabilirsiniz.<\/b><\/strong><\/h4>","protected":false},"excerpt":{"rendered":"<p>Kimyasal Ad\u0131: Benzil alkol; Benzenemetanol; BnOH<\/p>\n<p>CAS No: 100-51-6<\/p>\n<p>Molek\u00fcler Fom\u00fcl: C7H8O<\/p>\n<p>Kimyasal Yap\u0131:<img decoding=\"async\" title=\"Benzil alkol Yap\u0131s\u0131\" src=\"https:\/\/www.longchangchemical.com\/wp-content\/uploads\/product-details\/20200612315450.png\" alt=\"Benzil alkol Yap\u0131s\u0131\" width=\"161\" height=\"74\" border=\"0\" vspace=\"0\" \/><\/p>\n<p>Molek\u00fcl a\u011f\u0131rl\u0131\u011f\u0131: 108,14<\/p>\n<p>G\u00f6r\u00fcn\u00fc\u015f: Berrak renksiz ya\u011fl\u0131 s\u0131v\u0131<\/p>\n<p>Tahlil: 99.95%<\/p>","protected":false},"featured_media":3473,"comment_status":"open","ping_status":"closed","template":"","meta":[],"product_brand":[],"product_cat":[103],"product_tag":[],"class_list":{"0":"post-3472","1":"product","2":"type-product","3":"status-publish","4":"has-post-thumbnail","6":"product_cat-cosmetic-additives","8":"first","9":"instock","10":"shipping-taxable","11":"product-type-simple"},"yoast_head":"<!-- This site is optimized with the Yoast SEO plugin v25.3.1 - https:\/\/yoast.com\/wordpress\/plugins\/seo\/ -->\n<title>China Benzenemethanol \/ Benzyl alcohol cas 100-51-6 manufacturer and supplier - Longchang Chemical<\/title>\n<meta name=\"description\" content=\"Longchang Chemical is a leading manufacturer and supplier of Benzenemethanol \/ Benzyl alcohol in China. Buy Benzenemethanol \/ Benzyl alcohol in china. We can provide the best Benzenemethanol \/ Benzyl alcohol price.\" \/>\n<meta name=\"robots\" content=\"index, follow, max-snippet:-1, max-image-preview:large, max-video-preview:-1\" \/>\n<link rel=\"canonical\" href=\"https:\/\/longchangchemical.com\/tr\/product\/benzenemethanol-benzyl-alcohol-cas-100-51-6\/\" \/>\n<meta property=\"og:locale\" content=\"tr_TR\" \/>\n<meta property=\"og:type\" content=\"article\" \/>\n<meta property=\"og:title\" content=\"China Benzenemethanol \/ Benzyl alcohol cas 100-51-6 manufacturer and supplier - Longchang Chemical\" \/>\n<meta property=\"og:description\" content=\"Longchang Chemical is a leading manufacturer and supplier of Benzenemethanol \/ Benzyl alcohol in China. Buy Benzenemethanol \/ Benzyl alcohol in china. We can provide the best Benzenemethanol \/ Benzyl alcohol price.\" \/>\n<meta property=\"og:url\" content=\"https:\/\/longchangchemical.com\/tr\/product\/benzenemethanol-benzyl-alcohol-cas-100-51-6\/\" \/>\n<meta property=\"og:site_name\" content=\"Longchang Chemical\" \/>\n<meta property=\"article:modified_time\" content=\"2025-12-23T04:16:43+00:00\" \/>\n<meta property=\"og:image\" content=\"https:\/\/longchangchemical.com\/wp-content\/uploads\/2020\/12\/Benzyl-alcohol-Appearance.jpg\" \/>\n\t<meta property=\"og:image:width\" content=\"600\" \/>\n\t<meta property=\"og:image:height\" content=\"800\" \/>\n\t<meta property=\"og:image:type\" content=\"image\/jpeg\" \/>\n<meta name=\"twitter:card\" content=\"summary_large_image\" \/>\n<script type=\"application\/ld+json\" class=\"yoast-schema-graph\">{\"@context\":\"https:\/\/schema.org\",\"@graph\":[{\"@type\":\"WebPage\",\"@id\":\"https:\/\/longchangchemical.com\/product\/benzenemethanol-benzyl-alcohol-cas-100-51-6\/\",\"url\":\"https:\/\/longchangchemical.com\/product\/benzenemethanol-benzyl-alcohol-cas-100-51-6\/\",\"name\":\"China Benzenemethanol \/ Benzyl alcohol cas 100-51-6 manufacturer and supplier - Longchang Chemical\",\"isPartOf\":{\"@id\":\"https:\/\/longchangchemical.com\/#website\"},\"primaryImageOfPage\":{\"@id\":\"https:\/\/longchangchemical.com\/product\/benzenemethanol-benzyl-alcohol-cas-100-51-6\/#primaryimage\"},\"image\":{\"@id\":\"https:\/\/longchangchemical.com\/product\/benzenemethanol-benzyl-alcohol-cas-100-51-6\/#primaryimage\"},\"thumbnailUrl\":\"https:\/\/longchangchemical.com\/wp-content\/uploads\/2020\/12\/Benzyl-alcohol-Appearance.jpg\",\"datePublished\":\"2020-12-16T02:42:13+00:00\",\"dateModified\":\"2025-12-23T04:16:43+00:00\",\"description\":\"Longchang Chemical is a leading manufacturer and supplier of Benzenemethanol \/ Benzyl alcohol in China. Buy Benzenemethanol \/ Benzyl alcohol in china. We can provide the best Benzenemethanol \/ Benzyl alcohol price.\",\"breadcrumb\":{\"@id\":\"https:\/\/longchangchemical.com\/product\/benzenemethanol-benzyl-alcohol-cas-100-51-6\/#breadcrumb\"},\"inLanguage\":\"tr\",\"potentialAction\":[{\"@type\":\"ReadAction\",\"target\":[\"https:\/\/longchangchemical.com\/product\/benzenemethanol-benzyl-alcohol-cas-100-51-6\/\"]}]},{\"@type\":\"ImageObject\",\"inLanguage\":\"tr\",\"@id\":\"https:\/\/longchangchemical.com\/product\/benzenemethanol-benzyl-alcohol-cas-100-51-6\/#primaryimage\",\"url\":\"https:\/\/longchangchemical.com\/wp-content\/uploads\/2020\/12\/Benzyl-alcohol-Appearance.jpg\",\"contentUrl\":\"https:\/\/longchangchemical.com\/wp-content\/uploads\/2020\/12\/Benzyl-alcohol-Appearance.jpg\",\"width\":600,\"height\":800,\"caption\":\"Benzyl alcohol Appearance\"},{\"@type\":\"BreadcrumbList\",\"@id\":\"https:\/\/longchangchemical.com\/product\/benzenemethanol-benzyl-alcohol-cas-100-51-6\/#breadcrumb\",\"itemListElement\":[{\"@type\":\"ListItem\",\"position\":1,\"name\":\"Home\",\"item\":\"https:\/\/longchangchemical.com\/\"},{\"@type\":\"ListItem\",\"position\":2,\"name\":\"Products Longchang\",\"item\":\"https:\/\/longchangchemical.com\/product\/\"},{\"@type\":\"ListItem\",\"position\":3,\"name\":\"Benzenemethanol \/ Benzyl alcohol cas 100-51-6\"}]},{\"@type\":\"WebSite\",\"@id\":\"https:\/\/longchangchemical.com\/#website\",\"url\":\"https:\/\/longchangchemical.com\/\",\"name\":\"Longchang Chemical\",\"description\":\"China chemical manufacturer \uff06 supplier\",\"publisher\":{\"@id\":\"https:\/\/longchangchemical.com\/#organization\"},\"potentialAction\":[{\"@type\":\"SearchAction\",\"target\":{\"@type\":\"EntryPoint\",\"urlTemplate\":\"https:\/\/longchangchemical.com\/?s={search_term_string}\"},\"query-input\":{\"@type\":\"PropertyValueSpecification\",\"valueRequired\":true,\"valueName\":\"search_term_string\"}}],\"inLanguage\":\"tr\"},{\"@type\":\"Organization\",\"@id\":\"https:\/\/longchangchemical.com\/#organization\",\"name\":\"Longchang Chemical\",\"url\":\"https:\/\/longchangchemical.com\/\",\"logo\":{\"@type\":\"ImageObject\",\"inLanguage\":\"tr\",\"@id\":\"https:\/\/longchangchemical.com\/#\/schema\/logo\/image\/\",\"url\":\"https:\/\/longchangchemical.com\/wp-content\/uploads\/2020\/08\/cropped-longchang-logo.png\",\"contentUrl\":\"https:\/\/longchangchemical.com\/wp-content\/uploads\/2020\/08\/cropped-longchang-logo.png\",\"width\":512,\"height\":512,\"caption\":\"Longchang Chemical\"},\"image\":{\"@id\":\"https:\/\/longchangchemical.com\/#\/schema\/logo\/image\/\"}}]}<\/script>\n<!-- \/ Yoast SEO plugin. -->","yoast_head_json":{"title":"\u00c7in Benzenemethanol \/ Benzil alkol cas 100-51-6 \u00fcretici ve tedarik\u00e7i - Longchang Chemical","description":"Longchang Chemical, \u00c7in'de Benzenemethanol \/ Benzil alkol\u00fcn lider \u00fcreticisi ve tedarik\u00e7isidir. \u00c7in'de Benzenemethanol \/ Benzil alkol sat\u0131n al\u0131n. En iyi Benzenemethanol \/ Benzil alkol fiyat\u0131n\u0131 sa\u011flayabiliriz.","robots":{"index":"index","follow":"follow","max-snippet":"max-snippet:-1","max-image-preview":"max-image-preview:large","max-video-preview":"max-video-preview:-1"},"canonical":"https:\/\/longchangchemical.com\/tr\/product\/benzenemethanol-benzyl-alcohol-cas-100-51-6\/","og_locale":"tr_TR","og_type":"article","og_title":"China Benzenemethanol \/ Benzyl alcohol cas 100-51-6 manufacturer and supplier - Longchang Chemical","og_description":"Longchang Chemical is a leading manufacturer and supplier of Benzenemethanol \/ Benzyl alcohol in China. Buy Benzenemethanol \/ Benzyl alcohol in china. We can provide the best Benzenemethanol \/ Benzyl alcohol price.","og_url":"https:\/\/longchangchemical.com\/tr\/product\/benzenemethanol-benzyl-alcohol-cas-100-51-6\/","og_site_name":"Longchang Chemical","article_modified_time":"2025-12-23T04:16:43+00:00","og_image":[{"width":600,"height":800,"url":"https:\/\/longchangchemical.com\/wp-content\/uploads\/2020\/12\/Benzyl-alcohol-Appearance.jpg","type":"image\/jpeg"}],"twitter_card":"summary_large_image","schema":{"@context":"https:\/\/schema.org","@graph":[{"@type":"WebPage","@id":"https:\/\/longchangchemical.com\/product\/benzenemethanol-benzyl-alcohol-cas-100-51-6\/","url":"https:\/\/longchangchemical.com\/product\/benzenemethanol-benzyl-alcohol-cas-100-51-6\/","name":"\u00c7in Benzenemethanol \/ Benzil alkol cas 100-51-6 \u00fcretici ve tedarik\u00e7i - Longchang Chemical","isPartOf":{"@id":"https:\/\/longchangchemical.com\/#website"},"primaryImageOfPage":{"@id":"https:\/\/longchangchemical.com\/product\/benzenemethanol-benzyl-alcohol-cas-100-51-6\/#primaryimage"},"image":{"@id":"https:\/\/longchangchemical.com\/product\/benzenemethanol-benzyl-alcohol-cas-100-51-6\/#primaryimage"},"thumbnailUrl":"https:\/\/longchangchemical.com\/wp-content\/uploads\/2020\/12\/Benzyl-alcohol-Appearance.jpg","datePublished":"2020-12-16T02:42:13+00:00","dateModified":"2025-12-23T04:16:43+00:00","description":"Longchang Chemical, \u00c7in'de Benzenemethanol \/ Benzil alkol\u00fcn lider \u00fcreticisi ve tedarik\u00e7isidir. \u00c7in'de Benzenemethanol \/ Benzil alkol sat\u0131n al\u0131n. En iyi Benzenemethanol \/ Benzil alkol fiyat\u0131n\u0131 sa\u011flayabiliriz.","breadcrumb":{"@id":"https:\/\/longchangchemical.com\/product\/benzenemethanol-benzyl-alcohol-cas-100-51-6\/#breadcrumb"},"inLanguage":"tr","potentialAction":[{"@type":"ReadAction","target":["https:\/\/longchangchemical.com\/product\/benzenemethanol-benzyl-alcohol-cas-100-51-6\/"]}]},{"@type":"ImageObject","inLanguage":"tr","@id":"https:\/\/longchangchemical.com\/product\/benzenemethanol-benzyl-alcohol-cas-100-51-6\/#primaryimage","url":"https:\/\/longchangchemical.com\/wp-content\/uploads\/2020\/12\/Benzyl-alcohol-Appearance.jpg","contentUrl":"https:\/\/longchangchemical.com\/wp-content\/uploads\/2020\/12\/Benzyl-alcohol-Appearance.jpg","width":600,"height":800,"caption":"Benzyl alcohol Appearance"},{"@type":"BreadcrumbList","@id":"https:\/\/longchangchemical.com\/product\/benzenemethanol-benzyl-alcohol-cas-100-51-6\/#breadcrumb","itemListElement":[{"@type":"ListItem","position":1,"name":"Home","item":"https:\/\/longchangchemical.com\/"},{"@type":"ListItem","position":2,"name":"Products Longchang","item":"https:\/\/longchangchemical.com\/product\/"},{"@type":"ListItem","position":3,"name":"Benzenemethanol \/ Benzyl alcohol cas 100-51-6"}]},{"@type":"WebSite","@id":"https:\/\/longchangchemical.com\/#website","url":"https:\/\/longchangchemical.com\/","name":"Longchang Kimya","description":"\u00c7in kimyasal \u00fcreticisi \uff06 tedarik\u00e7isi","publisher":{"@id":"https:\/\/longchangchemical.com\/#organization"},"potentialAction":[{"@type":"SearchAction","target":{"@type":"EntryPoint","urlTemplate":"https:\/\/longchangchemical.com\/?s={search_term_string}"},"query-input":{"@type":"PropertyValueSpecification","valueRequired":true,"valueName":"search_term_string"}}],"inLanguage":"tr"},{"@type":"Organization","@id":"https:\/\/longchangchemical.com\/#organization","name":"Longchang Kimya","url":"https:\/\/longchangchemical.com\/","logo":{"@type":"ImageObject","inLanguage":"tr","@id":"https:\/\/longchangchemical.com\/#\/schema\/logo\/image\/","url":"https:\/\/longchangchemical.com\/wp-content\/uploads\/2020\/08\/cropped-longchang-logo.png","contentUrl":"https:\/\/longchangchemical.com\/wp-content\/uploads\/2020\/08\/cropped-longchang-logo.png","width":512,"height":512,"caption":"Longchang Chemical"},"image":{"@id":"https:\/\/longchangchemical.com\/#\/schema\/logo\/image\/"}}]}},"_links":{"self":[{"href":"https:\/\/longchangchemical.com\/tr\/wp-json\/wp\/v2\/product\/3472","targetHints":{"allow":["GET"]}}],"collection":[{"href":"https:\/\/longchangchemical.com\/tr\/wp-json\/wp\/v2\/product"}],"about":[{"href":"https:\/\/longchangchemical.com\/tr\/wp-json\/wp\/v2\/types\/product"}],"replies":[{"embeddable":true,"href":"https:\/\/longchangchemical.com\/tr\/wp-json\/wp\/v2\/comments?post=3472"}],"wp:featuredmedia":[{"embeddable":true,"href":"https:\/\/longchangchemical.com\/tr\/wp-json\/wp\/v2\/media\/3473"}],"wp:attachment":[{"href":"https:\/\/longchangchemical.com\/tr\/wp-json\/wp\/v2\/media?parent=3472"}],"wp:term":[{"taxonomy":"product_brand","embeddable":true,"href":"https:\/\/longchangchemical.com\/tr\/wp-json\/wp\/v2\/product_brand?post=3472"},{"taxonomy":"product_cat","embeddable":true,"href":"https:\/\/longchangchemical.com\/tr\/wp-json\/wp\/v2\/product_cat?post=3472"},{"taxonomy":"product_tag","embeddable":true,"href":"https:\/\/longchangchemical.com\/tr\/wp-json\/wp\/v2\/product_tag?post=3472"}],"curies":[{"name":"wp","href":"https:\/\/api.w.org\/{rel}","templated":true}]}}