{"id":3451,"date":"2020-12-08T03:36:02","date_gmt":"2020-12-08T03:36:02","guid":{"rendered":"https:\/\/longchangchemical.com\/?post_type=product&#038;p=3451"},"modified":"2025-12-23T04:09:57","modified_gmt":"2025-12-23T04:09:57","slug":"potassium-thioglycolate-cas-34452-51-2","status":"publish","type":"product","link":"https:\/\/longchangchemical.com\/tr\/product\/potassium-thioglycolate-cas-34452-51-2\/","title":{"rendered":"Potasyum tiyoglikolat CAS 34452-51-2"},"content":{"rendered":"<h1><strong>Potasyum tiyoglikolat CAS 34452-51-2<\/strong><\/h1>\n<table class=\"table-1\" cellspacing=\"0\">\n<tbody>\n<tr>\n<td>\n<h4><strong>\u00d6\u011fe<\/strong><\/h4>\n<\/td>\n<td>\n<h4><strong>Teknik \u00d6zellikler<\/strong><\/h4>\n<\/td>\n<td>\n<h4><strong>Sonu\u00e7lar<\/strong><\/h4>\n<\/td>\n<\/tr>\n<tr>\n<td>\n<h4>G\u00f6r\u00fcn\u00fc\u015f<\/h4>\n<\/td>\n<td>\n<h4>Renksiz veya k\u0131rm\u0131z\u0131ms\u0131 renkte berrak s\u0131v\u0131<\/h4>\n<\/td>\n<td>\n<h4>K\u0131rm\u0131z\u0131ms\u0131 renkte berrak s\u0131v\u0131<\/h4>\n<\/td>\n<\/tr>\n<tr>\n<td>\n<h4>Tahlil<\/h4>\n<\/td>\n<td>\n<h4>\u226543.0%<\/h4>\n<\/td>\n<td>\n<h4>43.4%<\/h4>\n<\/td>\n<\/tr>\n<tr>\n<td>\n<h4>Pb A\u011f\u0131r metal PPM(mg\/kg)<\/h4>\n<\/td>\n<td>\n<h4>\u22645.0%<\/h4>\n<\/td>\n<td>\n<h4>Uymak<\/h4>\n<\/td>\n<\/tr>\n<tr>\n<td>\n<h4>Fe PPM (mg\/kg)<\/h4>\n<\/td>\n<td>\n<h4>\u22640,5%<\/h4>\n<\/td>\n<td>\n<h4>Uymak<\/h4>\n<\/td>\n<\/tr>\n<tr>\n<td>\n<h4>PPM olarak (mg\/kg)<\/h4>\n<\/td>\n<td>\n<h4>\u22645.0%<\/h4>\n<\/td>\n<td>\n<h4>Uymak<\/h4>\n<\/td>\n<\/tr>\n<tr>\n<td>\n<h4>Ba\u011f\u0131l yo\u011funluk<\/h4>\n<\/td>\n<td>\n<h4>1.26~1.30<\/h4>\n<\/td>\n<td>\n<h4>1.27<\/h4>\n<\/td>\n<\/tr>\n<tr>\n<td>\n<h4>PH<\/h4>\n<\/td>\n<td>\n<h4>6.5~7.5<\/h4>\n<\/td>\n<td>\n<h4>6.9<\/h4>\n<\/td>\n<\/tr>\n<tr>\n<td>\n<h4>Sonu\u00e7<\/h4>\n<\/td>\n<td colspan=\"2\">\n<h4>Sonu\u00e7lar kurumsal standartlarla uyumludur<\/h4>\n<\/td>\n<\/tr>\n<\/tbody>\n<\/table>\n<p>&nbsp;<\/p>\n<h2><strong>Potasyum tiyoglikolat Kullan\u0131m\u0131<\/strong><\/h2>\n<h4>1. Potasyum tiyoglikolat, epilasyonda (deri, insan v\u00fccudu gibi), perma ve boyama i\u00e7in ana ajan ve kat\u0131 s\u0131v\u0131 ortam\u0131n haz\u0131rlanmas\u0131nda yayg\u0131n olarak kullan\u0131lmaktad\u0131r.<\/h4>\n<h4>2. Potasyum tiyoglikolat molibden zenginle\u015ftirmede bak\u0131r-s\u00fclf\u00fcr inhibit\u00f6r\u00fc olarak kullan\u0131labilir.<\/h4>\n<h4>3. Potasyum tiyoglikolat da olduk\u00e7a etkili bir indirgeyici madde olarak kullan\u0131labilir.<\/h4>\n<p>&nbsp;<\/p>\n<h2><strong>Kozmetikte potasyum tiyoglikolat<\/strong><\/h2>\n<p>&nbsp;<\/p>\n<h4>1. Avrupa Birli\u011fi Y\u00f6netmeli\u011fi (EC) No 1223\/2009, Direktif 88\/233\/EEC'ye g\u00f6re Ek III\/2a'da yer almaktad\u0131r.<\/h4>\n<h4>Uygulanabilir:<\/h4>\n<h4>(1) Perma \u00fcr\u00fcnleri<\/h4>\n<h4>(1a), genel kullan\u0131m: maksimum kullan\u0131m konsantrasyonu 8% (tiyoglikolik asit olarak hesaplanm\u0131\u015ft\u0131r) ve pH de\u011feri 7-9.5'tir.<\/h4>\n<h4>(1b) Profesyonel kullan\u0131m: Maksimum kullan\u0131m konsantrasyonu 11% (tiyoglikolik asit olarak hesaplanm\u0131\u015ft\u0131r) ve pH de\u011feri 7-9,5'tir.<\/h4>\n<h4>(2) Epilasyon \u00fcr\u00fcnleri<\/h4>\n<h4>Maksimum kullan\u0131m konsantrasyonu 5% (tiyoglikolik asit baz\u0131nda) ve pH de\u011feri 7-12.7'dir.<\/h4>\n<h4>(3) Y\u0131kanabilir sa\u00e7 \u00fcr\u00fcnleri<\/h4>\n<h4>Maksimum kullan\u0131m konsantrasyonu 2% (tiyoglikolik asit olarak hesaplanm\u0131\u015ft\u0131r) ve pH de\u011feri 7-9,5'tir.<\/h4>\n<h4>(4) Kirpik perma \u00fcr\u00fcnleri<\/h4>\n<h4>Maksimum kullan\u0131m konsantrasyonu 11% (tiyoglikolik asit olarak hesaplanm\u0131\u015ft\u0131r) ve pH de\u011feri 7-9,5'tir.<\/h4>\n<h4>2. \u00c7in Kozmetik G\u00fcvenli\u011fi Teknik \u015eartnamesine (2015 bask\u0131s\u0131) g\u00f6re, kozmetiklerin k\u0131s\u0131tlanm\u0131\u015f bile\u015fenlerine dahildir.<\/h4>\n<h4>Uygulanabilir:<\/h4>\n<h4>(1) Perma \u00fcr\u00fcnleri<\/h4>\n<h4>(1a), genel kullan\u0131m: maksimum kullan\u0131m konsantrasyonu 8% (tiyoglikolik asit olarak hesaplanm\u0131\u015ft\u0131r) ve pH de\u011feri 7-9.5'tir.<\/h4>\n<h4>(1b) Profesyonel kullan\u0131m: Maksimum kullan\u0131m konsantrasyonu 11% (tiyoglikolik asit olarak hesaplanm\u0131\u015ft\u0131r) ve pH de\u011feri 7-9,5'tir.<\/h4>\n<h4>(2) Epilasyon \u00fcr\u00fcnleri<\/h4>\n<h4>Maksimum kullan\u0131m konsantrasyonu 5% (tiyoglikolik asit baz\u0131nda) ve pH de\u011feri 7-12.7'dir.<\/h4>\n<h4>(3) Y\u0131kanabilir sa\u00e7 \u00fcr\u00fcnleri<\/h4>\n<h4>Maksimum kullan\u0131m konsantrasyonu 2% (tiyoglikolik asit olarak hesaplanm\u0131\u015ft\u0131r) ve pH de\u011feri 7-9,5'tir.<\/h4>\n<p>&nbsp;<\/p>\n<h2><strong>Potasyum tiyoglikolat Paket<\/strong><\/h2>\n<h4>Torbalar, 1g, 5g, 1kg, 25 kg<br \/>\nTambur, 25 kg, 180kg<\/h4>\n<p>&nbsp;<\/p>\n<h2><strong><b>\u015eimdi Bize Ula\u015f\u0131n!<\/b><\/strong><\/h2>\n<h4><strong><b>\u00d6zelle\u015ftirilmi\u015f hizmetler sunuyoruz, genellikle 24 saat i\u00e7inde sizinle ileti\u015fime ge\u00e7ece\u011fiz. Bana e-posta da g\u00f6nderebilirsiniz <a href=\"mailto:info@longchangchemical.com\"><span style=\"color: #00ccff;\">info@longchangchemical.com<\/span><\/a> \u00c7al\u0131\u015fma saatleri i\u00e7inde (8:30 - 6:00 UTC+8 Pzt.~Sat.) veya h\u0131zl\u0131 yan\u0131t almak i\u00e7in web sitesi canl\u0131 sohbetini kullan\u0131n.<\/b><\/strong><\/h4>","protected":false},"excerpt":{"rendered":"<h4>Kimyasal Ad\u0131: Potasyum tiyoglikolat<\/h4>\n<h4>CAS: 34452-51-2<\/h4>\n<h4>Molek\u00fcler Form\u00fcl: C2H3KO2S<\/h4>\n<h4>Molek\u00fcler A\u011f\u0131rl\u0131k: 130.21<\/h4>\n<h4>G\u00f6r\u00fcn\u00fc\u015f: Renksiz veya k\u0131rm\u0131z\u0131ms\u0131 s\u0131v\u0131<\/h4>\n<h4>Safl\u0131k: 43%<\/h4>","protected":false},"featured_media":3452,"comment_status":"open","ping_status":"closed","template":"","meta":[],"product_brand":[],"product_cat":[103],"product_tag":[],"class_list":{"0":"post-3451","1":"product","2":"type-product","3":"status-publish","4":"has-post-thumbnail","6":"product_cat-cosmetic-additives","8":"first","9":"instock","10":"shipping-taxable","11":"product-type-simple"},"yoast_head":"<!-- This site is optimized with the Yoast SEO plugin v25.3.1 - https:\/\/yoast.com\/wordpress\/plugins\/seo\/ -->\n<title>China Potassium thioglycolate CAS 34452-51-2 manufacturer and supplier - Longchang Chemical<\/title>\n<meta name=\"description\" content=\"Longchang Chemical is a leading manufacturer and supplier of Potassium thioglycolate in China. Buy Potassium thioglycolate in china. We can provide the best Potassium thioglycolate price. Other Name: Thioglycollic acid potassium salt; potassium 2-Mercaptoacetate; 2-sulfanylacetate; mercapto-aceticacimonopotassiumsalt; POTASSIUM THIOGLYCOLATE; POTASSIUM THIOGLYCOLLATE; potassium mercaptoacetate\" \/>\n<meta name=\"robots\" content=\"index, follow, max-snippet:-1, max-image-preview:large, max-video-preview:-1\" \/>\n<link rel=\"canonical\" href=\"https:\/\/longchangchemical.com\/tr\/product\/potassium-thioglycolate-cas-34452-51-2\/\" \/>\n<meta property=\"og:locale\" content=\"tr_TR\" \/>\n<meta property=\"og:type\" content=\"article\" \/>\n<meta property=\"og:title\" content=\"China Potassium thioglycolate CAS 34452-51-2 manufacturer and supplier - Longchang Chemical\" \/>\n<meta property=\"og:description\" content=\"Longchang Chemical is a leading manufacturer and supplier of Potassium thioglycolate in China. Buy Potassium thioglycolate in china. We can provide the best Potassium thioglycolate price. Other Name: Thioglycollic acid potassium salt; potassium 2-Mercaptoacetate; 2-sulfanylacetate; mercapto-aceticacimonopotassiumsalt; POTASSIUM THIOGLYCOLATE; POTASSIUM THIOGLYCOLLATE; potassium mercaptoacetate\" \/>\n<meta property=\"og:url\" content=\"https:\/\/longchangchemical.com\/tr\/product\/potassium-thioglycolate-cas-34452-51-2\/\" \/>\n<meta property=\"og:site_name\" content=\"Longchang Chemical\" \/>\n<meta property=\"article:modified_time\" content=\"2025-12-23T04:09:57+00:00\" \/>\n<meta property=\"og:image\" content=\"https:\/\/longchangchemical.com\/wp-content\/uploads\/2020\/12\/Potassium-thioglycolate-Appearance.jpg\" \/>\n\t<meta property=\"og:image:width\" content=\"600\" \/>\n\t<meta property=\"og:image:height\" content=\"800\" \/>\n\t<meta property=\"og:image:type\" content=\"image\/jpeg\" \/>\n<meta name=\"twitter:card\" content=\"summary_large_image\" \/>\n<script type=\"application\/ld+json\" class=\"yoast-schema-graph\">{\"@context\":\"https:\/\/schema.org\",\"@graph\":[{\"@type\":\"WebPage\",\"@id\":\"https:\/\/longchangchemical.com\/product\/potassium-thioglycolate-cas-34452-51-2\/\",\"url\":\"https:\/\/longchangchemical.com\/product\/potassium-thioglycolate-cas-34452-51-2\/\",\"name\":\"China Potassium thioglycolate CAS 34452-51-2 manufacturer and supplier - Longchang Chemical\",\"isPartOf\":{\"@id\":\"https:\/\/longchangchemical.com\/#website\"},\"primaryImageOfPage\":{\"@id\":\"https:\/\/longchangchemical.com\/product\/potassium-thioglycolate-cas-34452-51-2\/#primaryimage\"},\"image\":{\"@id\":\"https:\/\/longchangchemical.com\/product\/potassium-thioglycolate-cas-34452-51-2\/#primaryimage\"},\"thumbnailUrl\":\"https:\/\/longchangchemical.com\/wp-content\/uploads\/2020\/12\/Potassium-thioglycolate-Appearance.jpg\",\"datePublished\":\"2020-12-08T03:36:02+00:00\",\"dateModified\":\"2025-12-23T04:09:57+00:00\",\"description\":\"Longchang Chemical is a leading manufacturer and supplier of Potassium thioglycolate in China. Buy Potassium thioglycolate in china. We can provide the best Potassium thioglycolate price. Other Name: Thioglycollic acid potassium salt; potassium 2-Mercaptoacetate; 2-sulfanylacetate; mercapto-aceticacimonopotassiumsalt; POTASSIUM THIOGLYCOLATE; POTASSIUM THIOGLYCOLLATE; potassium mercaptoacetate\",\"breadcrumb\":{\"@id\":\"https:\/\/longchangchemical.com\/product\/potassium-thioglycolate-cas-34452-51-2\/#breadcrumb\"},\"inLanguage\":\"tr\",\"potentialAction\":[{\"@type\":\"ReadAction\",\"target\":[\"https:\/\/longchangchemical.com\/product\/potassium-thioglycolate-cas-34452-51-2\/\"]}]},{\"@type\":\"ImageObject\",\"inLanguage\":\"tr\",\"@id\":\"https:\/\/longchangchemical.com\/product\/potassium-thioglycolate-cas-34452-51-2\/#primaryimage\",\"url\":\"https:\/\/longchangchemical.com\/wp-content\/uploads\/2020\/12\/Potassium-thioglycolate-Appearance.jpg\",\"contentUrl\":\"https:\/\/longchangchemical.com\/wp-content\/uploads\/2020\/12\/Potassium-thioglycolate-Appearance.jpg\",\"width\":600,\"height\":800,\"caption\":\"Potassium thioglycolate Appearance\"},{\"@type\":\"BreadcrumbList\",\"@id\":\"https:\/\/longchangchemical.com\/product\/potassium-thioglycolate-cas-34452-51-2\/#breadcrumb\",\"itemListElement\":[{\"@type\":\"ListItem\",\"position\":1,\"name\":\"Home\",\"item\":\"https:\/\/longchangchemical.com\/\"},{\"@type\":\"ListItem\",\"position\":2,\"name\":\"Products Longchang\",\"item\":\"https:\/\/longchangchemical.com\/product\/\"},{\"@type\":\"ListItem\",\"position\":3,\"name\":\"Potassium thioglycolate CAS 34452-51-2\"}]},{\"@type\":\"WebSite\",\"@id\":\"https:\/\/longchangchemical.com\/#website\",\"url\":\"https:\/\/longchangchemical.com\/\",\"name\":\"Longchang Chemical\",\"description\":\"China chemical manufacturer \uff06 supplier\",\"publisher\":{\"@id\":\"https:\/\/longchangchemical.com\/#organization\"},\"potentialAction\":[{\"@type\":\"SearchAction\",\"target\":{\"@type\":\"EntryPoint\",\"urlTemplate\":\"https:\/\/longchangchemical.com\/?s={search_term_string}\"},\"query-input\":{\"@type\":\"PropertyValueSpecification\",\"valueRequired\":true,\"valueName\":\"search_term_string\"}}],\"inLanguage\":\"tr\"},{\"@type\":\"Organization\",\"@id\":\"https:\/\/longchangchemical.com\/#organization\",\"name\":\"Longchang Chemical\",\"url\":\"https:\/\/longchangchemical.com\/\",\"logo\":{\"@type\":\"ImageObject\",\"inLanguage\":\"tr\",\"@id\":\"https:\/\/longchangchemical.com\/#\/schema\/logo\/image\/\",\"url\":\"https:\/\/longchangchemical.com\/wp-content\/uploads\/2020\/08\/cropped-longchang-logo.png\",\"contentUrl\":\"https:\/\/longchangchemical.com\/wp-content\/uploads\/2020\/08\/cropped-longchang-logo.png\",\"width\":512,\"height\":512,\"caption\":\"Longchang Chemical\"},\"image\":{\"@id\":\"https:\/\/longchangchemical.com\/#\/schema\/logo\/image\/\"}}]}<\/script>\n<!-- \/ Yoast SEO plugin. -->","yoast_head_json":{"title":"\u00c7in Potasyum tiyoglikolat CAS 34452-51-2 \u00fcretici ve tedarik\u00e7i - Longchang Chemical","description":"Longchang Chemical, \u00c7in'in \u00f6nde gelen Potasyum tiyoglikolat \u00fcreticisi ve tedarik\u00e7isidir. \u00c7in'de Potasyum tiyoglikolat sat\u0131n al\u0131n. En iyi Potasyum tiyoglikolat fiyat\u0131n\u0131 sa\u011flayabiliriz. Di\u011fer Ad\u0131: Tiyoglikolik asit potasyum tuzu; potasyum 2-Merkaptoasetat; 2-s\u00fclfanilasetat; merkapto-asetikasimonopotasyumsalt; POTASYUM T\u0130YOGL\u0130KOLAT; POTASYUM T\u0130YOGL\u0130KOLLAT; potasyum merkaptoasetat","robots":{"index":"index","follow":"follow","max-snippet":"max-snippet:-1","max-image-preview":"max-image-preview:large","max-video-preview":"max-video-preview:-1"},"canonical":"https:\/\/longchangchemical.com\/tr\/product\/potassium-thioglycolate-cas-34452-51-2\/","og_locale":"tr_TR","og_type":"article","og_title":"China Potassium thioglycolate CAS 34452-51-2 manufacturer and supplier - Longchang Chemical","og_description":"Longchang Chemical is a leading manufacturer and supplier of Potassium thioglycolate in China. Buy Potassium thioglycolate in china. We can provide the best Potassium thioglycolate price. Other Name: Thioglycollic acid potassium salt; potassium 2-Mercaptoacetate; 2-sulfanylacetate; mercapto-aceticacimonopotassiumsalt; POTASSIUM THIOGLYCOLATE; POTASSIUM THIOGLYCOLLATE; potassium mercaptoacetate","og_url":"https:\/\/longchangchemical.com\/tr\/product\/potassium-thioglycolate-cas-34452-51-2\/","og_site_name":"Longchang Chemical","article_modified_time":"2025-12-23T04:09:57+00:00","og_image":[{"width":600,"height":800,"url":"https:\/\/longchangchemical.com\/wp-content\/uploads\/2020\/12\/Potassium-thioglycolate-Appearance.jpg","type":"image\/jpeg"}],"twitter_card":"summary_large_image","schema":{"@context":"https:\/\/schema.org","@graph":[{"@type":"WebPage","@id":"https:\/\/longchangchemical.com\/product\/potassium-thioglycolate-cas-34452-51-2\/","url":"https:\/\/longchangchemical.com\/product\/potassium-thioglycolate-cas-34452-51-2\/","name":"\u00c7in Potasyum tiyoglikolat CAS 34452-51-2 \u00fcretici ve tedarik\u00e7i - Longchang Chemical","isPartOf":{"@id":"https:\/\/longchangchemical.com\/#website"},"primaryImageOfPage":{"@id":"https:\/\/longchangchemical.com\/product\/potassium-thioglycolate-cas-34452-51-2\/#primaryimage"},"image":{"@id":"https:\/\/longchangchemical.com\/product\/potassium-thioglycolate-cas-34452-51-2\/#primaryimage"},"thumbnailUrl":"https:\/\/longchangchemical.com\/wp-content\/uploads\/2020\/12\/Potassium-thioglycolate-Appearance.jpg","datePublished":"2020-12-08T03:36:02+00:00","dateModified":"2025-12-23T04:09:57+00:00","description":"Longchang Chemical, \u00c7in'in \u00f6nde gelen Potasyum tiyoglikolat \u00fcreticisi ve tedarik\u00e7isidir. \u00c7in'de Potasyum tiyoglikolat sat\u0131n al\u0131n. En iyi Potasyum tiyoglikolat fiyat\u0131n\u0131 sa\u011flayabiliriz. Di\u011fer Ad\u0131: Tiyoglikolik asit potasyum tuzu; potasyum 2-Merkaptoasetat; 2-s\u00fclfanilasetat; merkapto-asetikasimonopotasyumsalt; POTASYUM T\u0130YOGL\u0130KOLAT; POTASYUM T\u0130YOGL\u0130KOLLAT; potasyum merkaptoasetat","breadcrumb":{"@id":"https:\/\/longchangchemical.com\/product\/potassium-thioglycolate-cas-34452-51-2\/#breadcrumb"},"inLanguage":"tr","potentialAction":[{"@type":"ReadAction","target":["https:\/\/longchangchemical.com\/product\/potassium-thioglycolate-cas-34452-51-2\/"]}]},{"@type":"ImageObject","inLanguage":"tr","@id":"https:\/\/longchangchemical.com\/product\/potassium-thioglycolate-cas-34452-51-2\/#primaryimage","url":"https:\/\/longchangchemical.com\/wp-content\/uploads\/2020\/12\/Potassium-thioglycolate-Appearance.jpg","contentUrl":"https:\/\/longchangchemical.com\/wp-content\/uploads\/2020\/12\/Potassium-thioglycolate-Appearance.jpg","width":600,"height":800,"caption":"Potassium thioglycolate Appearance"},{"@type":"BreadcrumbList","@id":"https:\/\/longchangchemical.com\/product\/potassium-thioglycolate-cas-34452-51-2\/#breadcrumb","itemListElement":[{"@type":"ListItem","position":1,"name":"Home","item":"https:\/\/longchangchemical.com\/"},{"@type":"ListItem","position":2,"name":"Products Longchang","item":"https:\/\/longchangchemical.com\/product\/"},{"@type":"ListItem","position":3,"name":"Potassium thioglycolate CAS 34452-51-2"}]},{"@type":"WebSite","@id":"https:\/\/longchangchemical.com\/#website","url":"https:\/\/longchangchemical.com\/","name":"Longchang Kimya","description":"\u00c7in kimyasal \u00fcreticisi \uff06 tedarik\u00e7isi","publisher":{"@id":"https:\/\/longchangchemical.com\/#organization"},"potentialAction":[{"@type":"SearchAction","target":{"@type":"EntryPoint","urlTemplate":"https:\/\/longchangchemical.com\/?s={search_term_string}"},"query-input":{"@type":"PropertyValueSpecification","valueRequired":true,"valueName":"search_term_string"}}],"inLanguage":"tr"},{"@type":"Organization","@id":"https:\/\/longchangchemical.com\/#organization","name":"Longchang Kimya","url":"https:\/\/longchangchemical.com\/","logo":{"@type":"ImageObject","inLanguage":"tr","@id":"https:\/\/longchangchemical.com\/#\/schema\/logo\/image\/","url":"https:\/\/longchangchemical.com\/wp-content\/uploads\/2020\/08\/cropped-longchang-logo.png","contentUrl":"https:\/\/longchangchemical.com\/wp-content\/uploads\/2020\/08\/cropped-longchang-logo.png","width":512,"height":512,"caption":"Longchang Chemical"},"image":{"@id":"https:\/\/longchangchemical.com\/#\/schema\/logo\/image\/"}}]}},"_links":{"self":[{"href":"https:\/\/longchangchemical.com\/tr\/wp-json\/wp\/v2\/product\/3451","targetHints":{"allow":["GET"]}}],"collection":[{"href":"https:\/\/longchangchemical.com\/tr\/wp-json\/wp\/v2\/product"}],"about":[{"href":"https:\/\/longchangchemical.com\/tr\/wp-json\/wp\/v2\/types\/product"}],"replies":[{"embeddable":true,"href":"https:\/\/longchangchemical.com\/tr\/wp-json\/wp\/v2\/comments?post=3451"}],"wp:featuredmedia":[{"embeddable":true,"href":"https:\/\/longchangchemical.com\/tr\/wp-json\/wp\/v2\/media\/3452"}],"wp:attachment":[{"href":"https:\/\/longchangchemical.com\/tr\/wp-json\/wp\/v2\/media?parent=3451"}],"wp:term":[{"taxonomy":"product_brand","embeddable":true,"href":"https:\/\/longchangchemical.com\/tr\/wp-json\/wp\/v2\/product_brand?post=3451"},{"taxonomy":"product_cat","embeddable":true,"href":"https:\/\/longchangchemical.com\/tr\/wp-json\/wp\/v2\/product_cat?post=3451"},{"taxonomy":"product_tag","embeddable":true,"href":"https:\/\/longchangchemical.com\/tr\/wp-json\/wp\/v2\/product_tag?post=3451"}],"curies":[{"name":"wp","href":"https:\/\/api.w.org\/{rel}","templated":true}]}}