{"id":3447,"date":"2020-12-07T13:00:32","date_gmt":"2020-12-07T13:00:32","guid":{"rendered":"https:\/\/longchangchemical.com\/?post_type=product&#038;p=3447"},"modified":"2025-12-23T04:02:30","modified_gmt":"2025-12-23T04:02:30","slug":"probenecid-cas-57-66-9","status":"publish","type":"product","link":"https:\/\/longchangchemical.com\/tr\/product\/probenecid-cas-57-66-9\/","title":{"rendered":"Probenesid CAS 57-66-9"},"content":{"rendered":"<h2><strong>Probenesid nedir?<\/strong><\/h2>\n<p>&nbsp;<\/p>\n<div>\n<h4>1. Probenesid, y\u00fcksek etkili penisilin ve sefalosporin antibiyotiklerin yeni bir t\u00fcr\u00fcd\u00fcr. \u00d6zellikle penisilinler, sefalosporin antibiyotikler sinerjisti i\u00e7in kullan\u0131l\u0131r, sefalosporinlerin, penisilinlerin etkinli\u011fini 8-10 kat art\u0131rabilir.<\/h4>\n<h4>2. Ayr\u0131ca, bu \u00fcr\u00fcn b\u00f6brek t\u00fcb\u00fcllerinde zay\u0131f organik asitlerin (penisilin, sefalosporin gibi) salg\u0131lanmas\u0131n\u0131 rekabet\u00e7i bir \u015fekilde inhibe edebilir, b\u00f6ylece bu antibiyotiklerin kan konsantrasyonunu art\u0131rabilir ve etki s\u00fcrelerini uzatabilir.<\/h4>\n<h4>3. Bu \u00fcr\u00fcn oral uygulama ile kolayca emilir ve plazma protein ba\u011flanma oran\u0131 85% ila 90% kadar y\u00fcksektir. Yeti\u015fkinler her seferinde 1 g al\u0131r, plazma konsantrasyonu 2 ila 4 saat i\u00e7inde zirveye ula\u015f\u0131r ve yar\u0131lanma \u00f6mr\u00fc 6 ila 12 saattir. Probenesid karaci\u011ferde h\u0131zla metabolize olur ve ana metaboliti probenesid asetoglukuronik asittir. Metabolitler esas olarak idrarla at\u0131l\u0131r. Bu \u00fcr\u00fcn\u00fcn anti-enflamatuar ve analjezik etkileri yoktur, bu nedenle akut gut hastal\u0131\u011f\u0131na kar\u015f\u0131 etkisizdir.<\/h4>\n<h2><strong>Probenesid Kullan\u0131m\u0131<\/strong><\/h2>\n<div><\/div>\n<h4>1. Gut, hiper\u00fcrisemi tedavisi, at ba\u015f\u0131na 1.25-2.5g, inek, koyun, domuz 0.5g, tavuk 40mg, kedi, k\u00f6pek 60mg, g\u00fcnde iki kez.<\/h4>\n<h4>2. Penisilin, sefalosporin etkinli\u011fini ve etki s\u00fcresini artt\u0131rmak i\u00e7in, 1 k\u0131s\u0131m probeneside g\u00f6re (saf \u00fcr\u00fcn olarak hesaplan\u0131r): 3.5 k\u0131s\u0131m penisilin, sefalosporin oran\u0131 uyumlulu\u011fu.<\/h4>\n<div><\/div>\n<div><\/div>\n<h2><strong>Probenecid Talimatlar\u0131<\/strong><\/h2>\n<div><\/div>\n<h4>\u00dcr\u00fcn su ilave edilerek \u00e7\u00f6z\u00fcld\u00fckten sonra (\u00e7\u00f6z\u00fcnme oran\u0131 fiili duruma g\u00f6re belirlenebilir), seyreltik sodyum hidroksit \u00e7\u00f6zeltisinde \u00e7\u00f6z\u00fcn\u00fcr ve seyreltik asitte neredeyse \u00e7\u00f6z\u00fcnmez.<\/h4>\n<div><\/div>\n<h2><strong>Probenesid Ambalajlama, depolama, ta\u015f\u0131ma ve son kullanma tarihi<\/strong><\/h2>\n<div><\/div>\n<h4>\u00dcr\u00fcn m\u00fc\u015fterinin ihtiyac\u0131na g\u00f6re 1kg, 5kg, 10kg, 20kg olarak paketlenebilir veya kullan\u0131c\u0131n\u0131n ihtiyac\u0131na g\u00f6re paketlenebilir; karanl\u0131k, kuru ve kapal\u0131 bir yerde saklanabilir ve ge\u00e7erlilik s\u00fcresi 24 ayd\u0131r.<\/h4>\n<p>&nbsp;<\/p>\n<\/div>\n<h2><strong><b>\u015eimdi Bize Ula\u015f\u0131n!<\/b><\/strong><\/h2>\n<h4><strong><b>COA, MSDS veya TDS'ye ihtiyac\u0131n\u0131z varsa, l\u00fctfen a\u015fa\u011f\u0131daki forma ileti\u015fim bilgilerinizi girin, genellikle 24 saat i\u00e7inde sizinle ileti\u015fime ge\u00e7ece\u011fiz. Bana e-posta da g\u00f6nderebilirsiniz <span style=\"color: #0000ff;\"><a style=\"color: #0000ff;\" href=\"mailto:info@longchangchemical.com\">info@longchangchemical.com<\/a><\/span> \u00c7al\u0131\u015fma saatleri i\u00e7inde (8:30 - 6:00 UTC+8 Pzt.~Sat.) veya h\u0131zl\u0131 yan\u0131t almak i\u00e7in web sitesi canl\u0131 sohbetini kullan\u0131n.<\/b><\/strong><\/h4>","protected":false},"excerpt":{"rendered":"<h1><strong>Probenesid CAS 57-66-9<\/strong><\/h1>\n<h4>Kimyasal Ad\u0131: Probenesid<\/h4>\n<h4>CAS numaras\u0131: 57-66-9<\/h4>\n<h4>Molek\u00fcler form\u00fcl: C13H19NO4S<\/h4>\n<h4>Molek\u00fcl a\u011f\u0131rl\u0131\u011f\u0131: 285,36<\/h4>\n<h4>G\u00f6r\u00fcn\u00fc\u015f: beyaz kristal toz<\/h4>\n<h4>Etkili i\u00e7erik (%): \u226595-99<\/h4>\n<h4><\/h4>","protected":false},"featured_media":3448,"comment_status":"open","ping_status":"closed","template":"","meta":[],"product_brand":[],"product_cat":[69],"product_tag":[],"class_list":{"0":"post-3447","1":"product","2":"type-product","3":"status-publish","4":"has-post-thumbnail","6":"product_cat-catalysts-chemical-auxiliary-agents","8":"first","9":"instock","10":"shipping-taxable","11":"product-type-simple"},"yoast_head":"<!-- This site is optimized with the Yoast SEO plugin v25.3.1 - https:\/\/yoast.com\/wordpress\/plugins\/seo\/ -->\n<title>China Probenecid CAS 57-66-9 manufacturer and supplier - Longchang chemical<\/title>\n<meta name=\"description\" content=\"Longchang Chemical is a leading manufacturer and supplier of Probenecid CAS 57-66-9 in China. Buy Probenecid in china. We can provide the best Probenecid CAS 57-66-9 price.\" \/>\n<meta name=\"robots\" content=\"index, follow, max-snippet:-1, max-image-preview:large, max-video-preview:-1\" \/>\n<link rel=\"canonical\" href=\"https:\/\/longchangchemical.com\/tr\/product\/probenecid-cas-57-66-9\/\" \/>\n<meta property=\"og:locale\" content=\"tr_TR\" \/>\n<meta property=\"og:type\" content=\"article\" \/>\n<meta property=\"og:title\" content=\"China Probenecid CAS 57-66-9 manufacturer and supplier - Longchang chemical\" \/>\n<meta property=\"og:description\" content=\"Longchang Chemical is a leading manufacturer and supplier of Probenecid CAS 57-66-9 in China. Buy Probenecid in china. We can provide the best Probenecid CAS 57-66-9 price.\" \/>\n<meta property=\"og:url\" content=\"https:\/\/longchangchemical.com\/tr\/product\/probenecid-cas-57-66-9\/\" \/>\n<meta property=\"og:site_name\" content=\"Longchang Chemical\" \/>\n<meta property=\"article:modified_time\" content=\"2025-12-23T04:02:30+00:00\" \/>\n<meta property=\"og:image\" content=\"https:\/\/longchangchemical.com\/wp-content\/uploads\/2020\/12\/Probenecid-Appearance.png\" \/>\n\t<meta property=\"og:image:width\" content=\"600\" \/>\n\t<meta property=\"og:image:height\" content=\"800\" \/>\n\t<meta property=\"og:image:type\" content=\"image\/png\" \/>\n<meta name=\"twitter:card\" content=\"summary_large_image\" \/>\n<script type=\"application\/ld+json\" class=\"yoast-schema-graph\">{\"@context\":\"https:\/\/schema.org\",\"@graph\":[{\"@type\":\"WebPage\",\"@id\":\"https:\/\/longchangchemical.com\/product\/probenecid-cas-57-66-9\/\",\"url\":\"https:\/\/longchangchemical.com\/product\/probenecid-cas-57-66-9\/\",\"name\":\"China Probenecid CAS 57-66-9 manufacturer and supplier - Longchang chemical\",\"isPartOf\":{\"@id\":\"https:\/\/longchangchemical.com\/#website\"},\"primaryImageOfPage\":{\"@id\":\"https:\/\/longchangchemical.com\/product\/probenecid-cas-57-66-9\/#primaryimage\"},\"image\":{\"@id\":\"https:\/\/longchangchemical.com\/product\/probenecid-cas-57-66-9\/#primaryimage\"},\"thumbnailUrl\":\"https:\/\/longchangchemical.com\/wp-content\/uploads\/2020\/12\/Probenecid-Appearance.png\",\"datePublished\":\"2020-12-07T13:00:32+00:00\",\"dateModified\":\"2025-12-23T04:02:30+00:00\",\"description\":\"Longchang Chemical is a leading manufacturer and supplier of Probenecid CAS 57-66-9 in China. Buy Probenecid in china. We can provide the best Probenecid CAS 57-66-9 price.\",\"breadcrumb\":{\"@id\":\"https:\/\/longchangchemical.com\/product\/probenecid-cas-57-66-9\/#breadcrumb\"},\"inLanguage\":\"tr\",\"potentialAction\":[{\"@type\":\"ReadAction\",\"target\":[\"https:\/\/longchangchemical.com\/product\/probenecid-cas-57-66-9\/\"]}]},{\"@type\":\"ImageObject\",\"inLanguage\":\"tr\",\"@id\":\"https:\/\/longchangchemical.com\/product\/probenecid-cas-57-66-9\/#primaryimage\",\"url\":\"https:\/\/longchangchemical.com\/wp-content\/uploads\/2020\/12\/Probenecid-Appearance.png\",\"contentUrl\":\"https:\/\/longchangchemical.com\/wp-content\/uploads\/2020\/12\/Probenecid-Appearance.png\",\"width\":600,\"height\":800,\"caption\":\"Probenecid Appearance\"},{\"@type\":\"BreadcrumbList\",\"@id\":\"https:\/\/longchangchemical.com\/product\/probenecid-cas-57-66-9\/#breadcrumb\",\"itemListElement\":[{\"@type\":\"ListItem\",\"position\":1,\"name\":\"Home\",\"item\":\"https:\/\/longchangchemical.com\/\"},{\"@type\":\"ListItem\",\"position\":2,\"name\":\"Products Longchang\",\"item\":\"https:\/\/longchangchemical.com\/product\/\"},{\"@type\":\"ListItem\",\"position\":3,\"name\":\"Probenecid CAS 57-66-9\"}]},{\"@type\":\"WebSite\",\"@id\":\"https:\/\/longchangchemical.com\/#website\",\"url\":\"https:\/\/longchangchemical.com\/\",\"name\":\"Longchang Chemical\",\"description\":\"China chemical manufacturer \uff06 supplier\",\"publisher\":{\"@id\":\"https:\/\/longchangchemical.com\/#organization\"},\"potentialAction\":[{\"@type\":\"SearchAction\",\"target\":{\"@type\":\"EntryPoint\",\"urlTemplate\":\"https:\/\/longchangchemical.com\/?s={search_term_string}\"},\"query-input\":{\"@type\":\"PropertyValueSpecification\",\"valueRequired\":true,\"valueName\":\"search_term_string\"}}],\"inLanguage\":\"tr\"},{\"@type\":\"Organization\",\"@id\":\"https:\/\/longchangchemical.com\/#organization\",\"name\":\"Longchang Chemical\",\"url\":\"https:\/\/longchangchemical.com\/\",\"logo\":{\"@type\":\"ImageObject\",\"inLanguage\":\"tr\",\"@id\":\"https:\/\/longchangchemical.com\/#\/schema\/logo\/image\/\",\"url\":\"https:\/\/longchangchemical.com\/wp-content\/uploads\/2020\/08\/cropped-longchang-logo.png\",\"contentUrl\":\"https:\/\/longchangchemical.com\/wp-content\/uploads\/2020\/08\/cropped-longchang-logo.png\",\"width\":512,\"height\":512,\"caption\":\"Longchang Chemical\"},\"image\":{\"@id\":\"https:\/\/longchangchemical.com\/#\/schema\/logo\/image\/\"}}]}<\/script>\n<!-- \/ Yoast SEO plugin. -->","yoast_head_json":{"title":"\u00c7in Probenesid CAS 57-66-9 \u00fcretici ve tedarik\u00e7i - Longchang chemical","description":"Longchang Chemical, \u00c7in'de Probenecid CAS 57-66-9'un lider \u00fcreticisi ve tedarik\u00e7isidir. \u00c7in'de Probenecid sat\u0131n al\u0131n. En iyi Probenecid CAS 57-66-9 fiyat\u0131n\u0131 sa\u011flayabiliriz.","robots":{"index":"index","follow":"follow","max-snippet":"max-snippet:-1","max-image-preview":"max-image-preview:large","max-video-preview":"max-video-preview:-1"},"canonical":"https:\/\/longchangchemical.com\/tr\/product\/probenecid-cas-57-66-9\/","og_locale":"tr_TR","og_type":"article","og_title":"China Probenecid CAS 57-66-9 manufacturer and supplier - Longchang chemical","og_description":"Longchang Chemical is a leading manufacturer and supplier of Probenecid CAS 57-66-9 in China. Buy Probenecid in china. We can provide the best Probenecid CAS 57-66-9 price.","og_url":"https:\/\/longchangchemical.com\/tr\/product\/probenecid-cas-57-66-9\/","og_site_name":"Longchang Chemical","article_modified_time":"2025-12-23T04:02:30+00:00","og_image":[{"width":600,"height":800,"url":"https:\/\/longchangchemical.com\/wp-content\/uploads\/2020\/12\/Probenecid-Appearance.png","type":"image\/png"}],"twitter_card":"summary_large_image","schema":{"@context":"https:\/\/schema.org","@graph":[{"@type":"WebPage","@id":"https:\/\/longchangchemical.com\/product\/probenecid-cas-57-66-9\/","url":"https:\/\/longchangchemical.com\/product\/probenecid-cas-57-66-9\/","name":"\u00c7in Probenesid CAS 57-66-9 \u00fcretici ve tedarik\u00e7i - Longchang chemical","isPartOf":{"@id":"https:\/\/longchangchemical.com\/#website"},"primaryImageOfPage":{"@id":"https:\/\/longchangchemical.com\/product\/probenecid-cas-57-66-9\/#primaryimage"},"image":{"@id":"https:\/\/longchangchemical.com\/product\/probenecid-cas-57-66-9\/#primaryimage"},"thumbnailUrl":"https:\/\/longchangchemical.com\/wp-content\/uploads\/2020\/12\/Probenecid-Appearance.png","datePublished":"2020-12-07T13:00:32+00:00","dateModified":"2025-12-23T04:02:30+00:00","description":"Longchang Chemical, \u00c7in'de Probenecid CAS 57-66-9'un lider \u00fcreticisi ve tedarik\u00e7isidir. \u00c7in'de Probenecid sat\u0131n al\u0131n. En iyi Probenecid CAS 57-66-9 fiyat\u0131n\u0131 sa\u011flayabiliriz.","breadcrumb":{"@id":"https:\/\/longchangchemical.com\/product\/probenecid-cas-57-66-9\/#breadcrumb"},"inLanguage":"tr","potentialAction":[{"@type":"ReadAction","target":["https:\/\/longchangchemical.com\/product\/probenecid-cas-57-66-9\/"]}]},{"@type":"ImageObject","inLanguage":"tr","@id":"https:\/\/longchangchemical.com\/product\/probenecid-cas-57-66-9\/#primaryimage","url":"https:\/\/longchangchemical.com\/wp-content\/uploads\/2020\/12\/Probenecid-Appearance.png","contentUrl":"https:\/\/longchangchemical.com\/wp-content\/uploads\/2020\/12\/Probenecid-Appearance.png","width":600,"height":800,"caption":"Probenecid Appearance"},{"@type":"BreadcrumbList","@id":"https:\/\/longchangchemical.com\/product\/probenecid-cas-57-66-9\/#breadcrumb","itemListElement":[{"@type":"ListItem","position":1,"name":"Home","item":"https:\/\/longchangchemical.com\/"},{"@type":"ListItem","position":2,"name":"Products Longchang","item":"https:\/\/longchangchemical.com\/product\/"},{"@type":"ListItem","position":3,"name":"Probenecid CAS 57-66-9"}]},{"@type":"WebSite","@id":"https:\/\/longchangchemical.com\/#website","url":"https:\/\/longchangchemical.com\/","name":"Longchang Kimya","description":"\u00c7in kimyasal \u00fcreticisi \uff06 tedarik\u00e7isi","publisher":{"@id":"https:\/\/longchangchemical.com\/#organization"},"potentialAction":[{"@type":"SearchAction","target":{"@type":"EntryPoint","urlTemplate":"https:\/\/longchangchemical.com\/?s={search_term_string}"},"query-input":{"@type":"PropertyValueSpecification","valueRequired":true,"valueName":"search_term_string"}}],"inLanguage":"tr"},{"@type":"Organization","@id":"https:\/\/longchangchemical.com\/#organization","name":"Longchang Kimya","url":"https:\/\/longchangchemical.com\/","logo":{"@type":"ImageObject","inLanguage":"tr","@id":"https:\/\/longchangchemical.com\/#\/schema\/logo\/image\/","url":"https:\/\/longchangchemical.com\/wp-content\/uploads\/2020\/08\/cropped-longchang-logo.png","contentUrl":"https:\/\/longchangchemical.com\/wp-content\/uploads\/2020\/08\/cropped-longchang-logo.png","width":512,"height":512,"caption":"Longchang Chemical"},"image":{"@id":"https:\/\/longchangchemical.com\/#\/schema\/logo\/image\/"}}]}},"_links":{"self":[{"href":"https:\/\/longchangchemical.com\/tr\/wp-json\/wp\/v2\/product\/3447","targetHints":{"allow":["GET"]}}],"collection":[{"href":"https:\/\/longchangchemical.com\/tr\/wp-json\/wp\/v2\/product"}],"about":[{"href":"https:\/\/longchangchemical.com\/tr\/wp-json\/wp\/v2\/types\/product"}],"replies":[{"embeddable":true,"href":"https:\/\/longchangchemical.com\/tr\/wp-json\/wp\/v2\/comments?post=3447"}],"wp:featuredmedia":[{"embeddable":true,"href":"https:\/\/longchangchemical.com\/tr\/wp-json\/wp\/v2\/media\/3448"}],"wp:attachment":[{"href":"https:\/\/longchangchemical.com\/tr\/wp-json\/wp\/v2\/media?parent=3447"}],"wp:term":[{"taxonomy":"product_brand","embeddable":true,"href":"https:\/\/longchangchemical.com\/tr\/wp-json\/wp\/v2\/product_brand?post=3447"},{"taxonomy":"product_cat","embeddable":true,"href":"https:\/\/longchangchemical.com\/tr\/wp-json\/wp\/v2\/product_cat?post=3447"},{"taxonomy":"product_tag","embeddable":true,"href":"https:\/\/longchangchemical.com\/tr\/wp-json\/wp\/v2\/product_tag?post=3447"}],"curies":[{"name":"wp","href":"https:\/\/api.w.org\/{rel}","templated":true}]}}