{"id":3417,"date":"2020-11-11T12:25:27","date_gmt":"2020-11-11T12:25:27","guid":{"rendered":"https:\/\/longchangchemical.com\/?post_type=product&#038;p=3417"},"modified":"2025-12-23T03:51:31","modified_gmt":"2025-12-23T03:51:31","slug":"decanoyl-octanoyl-glycerides-cas-65381-09-1","status":"publish","type":"product","link":"https:\/\/longchangchemical.com\/tr\/product\/decanoyl-octanoyl-glycerides-cas-65381-09-1\/","title":{"rendered":"Dekanoil\/oktanoil-gliseritler CAS 65381-09-1"},"content":{"rendered":"<h2><strong>Dekanoil\/oktanoil-gliseritlerin COA's\u0131\u00a0<\/strong><\/h2>\n<table class=\"table-1\" cellspacing=\"0\">\n<tbody>\n<tr>\n<td>\n<h4>\u00d6\u011fe<\/h4>\n<\/td>\n<td>\n<h4>Teknik \u00d6zellikler<\/h4>\n<\/td>\n<\/tr>\n<tr>\n<td>\n<h4>G\u00f6r\u00fcn\u00fc\u015f<\/h4>\n<\/td>\n<td>\n<h4>Renksiz veya hafif sar\u0131 ya\u011fl\u0131 bir s\u0131v\u0131<\/h4>\n<\/td>\n<\/tr>\n<tr>\n<td>\n<h4>Lodin de\u011feri (mgl2\/100g)<\/h4>\n<\/td>\n<td>\n<h4>\u22641.0<\/h4>\n<\/td>\n<\/tr>\n<tr>\n<td>\n<h4>Asit de\u011feri (mg KOH\/g)<\/h4>\n<\/td>\n<td>\n<h4>\u22640.5<\/h4>\n<\/td>\n<\/tr>\n<tr>\n<td>\n<h4>Sabunla\u015fma de\u011feri (mg KOH\/g)<\/h4>\n<\/td>\n<td>\n<h4>325~360<\/h4>\n<\/td>\n<\/tr>\n<tr>\n<td>\n<h4>\u00d6zg\u00fcl a\u011f\u0131rl\u0131k (20 \u2103)<\/h4>\n<\/td>\n<td>\n<h4>0.940~0.955<\/h4>\n<\/td>\n<\/tr>\n<tr>\n<td>\n<h4>A\u011f\u0131r metal (mg\/kg)<\/h4>\n<\/td>\n<td>\n<h4>\u226410<\/h4>\n<\/td>\n<\/tr>\n<tr>\n<td>\n<h4>Arsenik (mg\/kg)<\/h4>\n<\/td>\n<td>\n<h4>2<\/h4>\n<\/td>\n<\/tr>\n<tr>\n<td>\n<h4>Peroksit de\u011feri<\/h4>\n<\/td>\n<td>\n<h4>\u22641<\/h4>\n<\/td>\n<\/tr>\n<tr>\n<td>\n<h4>C8<\/h4>\n<\/td>\n<td>\n<h4>\u226553<\/h4>\n<\/td>\n<\/tr>\n<tr>\n<td>\n<h4>C10<\/h4>\n<\/td>\n<td>\n<h4>36-47<\/h4>\n<\/td>\n<\/tr>\n<\/tbody>\n<\/table>\n<h2>Nedir bu? <strong>Dekanoil\/oktanoil-gliseritler ?<\/strong><\/h2>\n<h4>Dekanoil\/oktanoil-gliseritler, bitkisel ya\u011flardaki gliserin ve orta karbonlu ya\u011f asitlerinin kar\u0131\u015f\u0131k bir triesteridir. Son derece y\u00fcksek antioksidan \u00f6zelliklere sahip renksiz, kokusuz, d\u00fc\u015f\u00fck viskoziteli lipofilik bir yumu\u015fat\u0131c\u0131d\u0131r. Kozmetikte, Decanoyl\/octanoyl-gliseridler yumu\u015fat\u0131c\u0131 ve ya\u011f zenginle\u015ftirici maddeler olarak \u00e7e\u015fitli ya\u011flar\u0131n yerini alabilir ve ayr\u0131ca aktif maddelere veya sterollere ve di\u011fer yumu\u015fat\u0131c\u0131 maddelere eklenecek ta\u015f\u0131y\u0131c\u0131lar ve seyrelticiler olarak da kullan\u0131labilir. Dekanoil\/oktanoil-gliseridlerin kullan\u0131ld\u0131\u011f\u0131 kozmetikler antioksidanlar\u0131n ve di\u011fer stabilizat\u00f6rlerin kullan\u0131m\u0131ndan ka\u00e7\u0131nabilir ve olumsuz yan etkilere neden olmaz.<\/h4>\n<p>&nbsp;<\/p>\n<h2><strong>Dekanoil\/oktanoil-gliserit Kullan\u0131m\u0131<\/strong><\/h2>\n<h4>1. G\u0131da s\u0131n\u0131f\u0131 Decanoyl\/octanoyl-gliseridler g\u0131da katk\u0131 maddesi olarak kullan\u0131labilir. \u015eeker kaplamada, ideal parlakl\u0131k ve yap\u0131\u015fmaz cam g\u00f6r\u00fcn\u00fcm\u00fc elde etmek i\u00e7in d\u00fc\u015f\u00fck viskoziteli gres gereklidir. G\u0131da s\u0131n\u0131f\u0131 Decanoyl\/octanoyl-gliseridler ideal bir hammaddedir. Daha iyi bir kaplama g\u00f6r\u00fcn\u00fcm\u00fc elde etmek i\u00e7in balmumu ile birlikte kullan\u0131labilir. Yumu\u015fak \u015fekerlemede kaplama maddesi olarak kullan\u0131ld\u0131\u011f\u0131nda, y\u00fcksek \u015feffafl\u0131k, tuhaf bir koku olmamas\u0131, parlak \u015feker rengi vb. avantajlara sahiptir. Metabolik ve besleyici fonksiyonlar\u0131 onu \u00e7ocuk \u015fekerlemelerinde iyi bir hammadde haline getirir.<\/h4>\n<h4>2. Kozmetik s\u0131n\u0131f\u0131 Dekanoil\/oktanoil-gliseritler g\u00fcne\u015f koruyucu \u00fcr\u00fcnlerde, kremlerde ve losyonlarda; g\u00fcne\u015f sonras\u0131 kremlerde ve losyonlarda; sa\u00e7 bak\u0131m ya\u011flar\u0131nda, kremlerde ve sa\u00e7 ya\u011flar\u0131nda; banyo ya\u011flar\u0131nda; cilt s\u0131k\u0131la\u015ft\u0131r\u0131c\u0131larda; temizleme kremlerinde, losyonlar\u0131nda ve s\u00fctlerinde; bebek ya\u011flar\u0131nda, kremlerinde ve losyonlar\u0131nda; nemlendirici ve cilt bak\u0131m \u00fcr\u00fcnlerinde; kozmetik kremlerde ve rujlarda; ila\u00e7 seyreltmelerinde vb. yayg\u0131n olarak kullan\u0131labilir.<\/h4>\n<h4>3. Kozmetik s\u0131n\u0131f Decanoyl\/octanoyl-gliseridler cilt taraf\u0131ndan h\u0131zla emilebilir ve cildin parlakl\u0131\u011f\u0131n\u0131 art\u0131rabilir. Nefes alabilen bir yumu\u015fat\u0131c\u0131d\u0131r. Ayn\u0131 zamanda iyi bir ara\u00e7, sa\u00e7 kremi ve incelticidir.<\/h4>\n<h4>4. Dekanoil\/oktanoil-gliseridler kozmetikte antioksidan \u00f6zelliklere sahiptir. Dekanoil\/oktanoil-gliserid i\u00e7eren kozmetiklerde antioksidanlar ve di\u011fer stabilize edici katk\u0131 maddeleri ihmal edilebilir.<\/h4>\n<h4>5. Bu \u00fcr\u00fcn ayr\u0131ca kozmetiklerin da\u011f\u0131l\u0131m\u0131n\u0131 ve parlakl\u0131\u011f\u0131n\u0131 de\u011fi\u015ftirmek i\u00e7in ruj, ruj ve t\u0131ra\u015f kreminde de kullan\u0131labilir. Genel olarak \u00f6nerilen dozaj: 1~15%<\/h4>\n<p>&nbsp;<\/p>\n<h2><strong>Dekanoil\/oktanoil-gliserit Depolama<\/strong><\/h2>\n<h4>d\u00fc\u015f\u00fck s\u0131cakl\u0131kta tutun ve kurutmaya devam edin<\/h4>\n<p>&nbsp;<\/p>\n<h2><strong>Dekanoil\/oktanoil-gliseritler Raf \u00f6mr\u00fc<\/strong><\/h2>\n<h4>12 ayl\u0131k paket ile<\/h4>\n<p>&nbsp;<\/p>\n<h2><strong>Dekanoil\/oktanoil-gliserit Paketi\u00a0<\/strong><\/h2>\n<h4>Bu \u00fcr\u00fcn, varil ba\u015f\u0131na net a\u011f\u0131rl\u0131\u011f\u0131 50 kilogram olan polietilen plastik varillerde ve varil ba\u015f\u0131na net a\u011f\u0131rl\u0131\u011f\u0131 200 kilogram olan demir varillerde paketlenmi\u015ftir.<\/h4>\n<h2><\/h2>\n<h2>Dekanoil\/oktanoil-gliserit depolanmas\u0131<\/h2>\n<h4>Bu \u00fcr\u00fcn karanl\u0131k, temiz, serin, kuru bir yerde saklanmal\u0131 ve a\u011fz\u0131 s\u0131k\u0131ca kapal\u0131 tutulmal\u0131d\u0131r.<\/h4>\n<h2><strong><b>\u015eimdi Bize Ula\u015f\u0131n!<\/b><\/strong><\/h2>\n<h4><strong><b>\u00d6zelle\u015ftirilmi\u015f hizmetleri kabul ediyoruz, genellikle 24 saat i\u00e7inde sizinle ileti\u015fime ge\u00e7ece\u011fiz. Ayr\u0131ca mesai saatleri i\u00e7inde (8:30 - 6:00 UTC+8 Pzt.~Sat.) info@longchangchemical.com adresine e-posta g\u00f6nderebilir veya h\u0131zl\u0131 yan\u0131t almak i\u00e7in web sitesi canl\u0131 sohbetini kullanabilirsiniz.<\/b><\/strong><\/h4>","protected":false},"excerpt":{"rendered":"<h2><strong>Dekanoil\/oktanoil-gliseritler CAS 65381-09-1<\/strong><\/h2>\n<h4>Kimyasal Ad\u0131: Dekanoil\/oktanoil-gliseritler<\/h4>\n<h4>CAS No: 65381-09-1<\/h4>\n<h4>Molek\u00fcler Fom\u00fcl: C13H26O4.C11H22O4<\/h4>\n<h4>Molek\u00fcler A\u011f\u0131rl\u0131k: 500<\/h4>\n<h4>Kimyasal Yap\u0131:<img decoding=\"async\" title=\"Dekanoil\/oktanoil-gliserit Yap\u0131s\u0131\" src=\"https:\/\/www.longchangchemical.com\/wp-content\/uploads\/product-details\/20200611355413.png\" alt=\"Dekanoil\/oktanoil-gliserit Yap\u0131s\u0131\" width=\"169\" height=\"132\" border=\"0\" vspace=\"0\" \/><\/h4>\n<h4>G\u00f6r\u00fcn\u00fc\u015f: Renksiz veya hafif sar\u0131 ya\u011fl\u0131 bir s\u0131v\u0131<\/h4>","protected":false},"featured_media":3418,"comment_status":"open","ping_status":"closed","template":"","meta":[],"product_brand":[],"product_cat":[103],"product_tag":[],"class_list":{"0":"post-3417","1":"product","2":"type-product","3":"status-publish","4":"has-post-thumbnail","6":"product_cat-cosmetic-additives","8":"first","9":"instock","10":"shipping-taxable","11":"product-type-simple"},"yoast_head":"<!-- This site is optimized with the Yoast SEO plugin v25.3.1 - https:\/\/yoast.com\/wordpress\/plugins\/seo\/ -->\n<title>China top Decanoyl\/octanoyl-glycerides CAS 65381-09-1 manufacturer and supplier - Longchang Chemical<\/title>\n<meta name=\"description\" content=\"Longchang Chemical is a leading manufacturer and supplier of Decanoyl\/octanoyl-glycerides CAS 65381-09-1 in China. Buy Decanoyl\/octanoyl-glycerides in china. We can provide the best Decanoyl\/octanoyl-glycerides price.\" \/>\n<meta name=\"robots\" content=\"index, follow, max-snippet:-1, max-image-preview:large, max-video-preview:-1\" \/>\n<link rel=\"canonical\" href=\"https:\/\/longchangchemical.com\/tr\/product\/decanoyl-octanoyl-glycerides-cas-65381-09-1\/\" \/>\n<meta property=\"og:locale\" content=\"tr_TR\" \/>\n<meta property=\"og:type\" content=\"article\" \/>\n<meta property=\"og:title\" content=\"China top Decanoyl\/octanoyl-glycerides CAS 65381-09-1 manufacturer and supplier - Longchang Chemical\" \/>\n<meta property=\"og:description\" content=\"Longchang Chemical is a leading manufacturer and supplier of Decanoyl\/octanoyl-glycerides CAS 65381-09-1 in China. Buy Decanoyl\/octanoyl-glycerides in china. We can provide the best Decanoyl\/octanoyl-glycerides price.\" \/>\n<meta property=\"og:url\" content=\"https:\/\/longchangchemical.com\/tr\/product\/decanoyl-octanoyl-glycerides-cas-65381-09-1\/\" \/>\n<meta property=\"og:site_name\" content=\"Longchang Chemical\" \/>\n<meta property=\"article:modified_time\" content=\"2025-12-23T03:51:31+00:00\" \/>\n<meta property=\"og:image\" content=\"https:\/\/longchangchemical.com\/wp-content\/uploads\/2020\/11\/Decanoyloctanoyl-glycerides-Appearance.jpg\" \/>\n\t<meta property=\"og:image:width\" content=\"600\" \/>\n\t<meta property=\"og:image:height\" content=\"800\" \/>\n\t<meta property=\"og:image:type\" content=\"image\/jpeg\" \/>\n<meta name=\"twitter:card\" content=\"summary_large_image\" \/>\n<script type=\"application\/ld+json\" class=\"yoast-schema-graph\">{\"@context\":\"https:\/\/schema.org\",\"@graph\":[{\"@type\":\"WebPage\",\"@id\":\"https:\/\/longchangchemical.com\/product\/decanoyl-octanoyl-glycerides-cas-65381-09-1\/\",\"url\":\"https:\/\/longchangchemical.com\/product\/decanoyl-octanoyl-glycerides-cas-65381-09-1\/\",\"name\":\"China top Decanoyl\/octanoyl-glycerides CAS 65381-09-1 manufacturer and supplier - Longchang Chemical\",\"isPartOf\":{\"@id\":\"https:\/\/longchangchemical.com\/#website\"},\"primaryImageOfPage\":{\"@id\":\"https:\/\/longchangchemical.com\/product\/decanoyl-octanoyl-glycerides-cas-65381-09-1\/#primaryimage\"},\"image\":{\"@id\":\"https:\/\/longchangchemical.com\/product\/decanoyl-octanoyl-glycerides-cas-65381-09-1\/#primaryimage\"},\"thumbnailUrl\":\"https:\/\/longchangchemical.com\/wp-content\/uploads\/2020\/11\/Decanoyloctanoyl-glycerides-Appearance.jpg\",\"datePublished\":\"2020-11-11T12:25:27+00:00\",\"dateModified\":\"2025-12-23T03:51:31+00:00\",\"description\":\"Longchang Chemical is a leading manufacturer and supplier of Decanoyl\/octanoyl-glycerides CAS 65381-09-1 in China. Buy Decanoyl\/octanoyl-glycerides in china. We can provide the best Decanoyl\/octanoyl-glycerides price.\",\"breadcrumb\":{\"@id\":\"https:\/\/longchangchemical.com\/product\/decanoyl-octanoyl-glycerides-cas-65381-09-1\/#breadcrumb\"},\"inLanguage\":\"tr\",\"potentialAction\":[{\"@type\":\"ReadAction\",\"target\":[\"https:\/\/longchangchemical.com\/product\/decanoyl-octanoyl-glycerides-cas-65381-09-1\/\"]}]},{\"@type\":\"ImageObject\",\"inLanguage\":\"tr\",\"@id\":\"https:\/\/longchangchemical.com\/product\/decanoyl-octanoyl-glycerides-cas-65381-09-1\/#primaryimage\",\"url\":\"https:\/\/longchangchemical.com\/wp-content\/uploads\/2020\/11\/Decanoyloctanoyl-glycerides-Appearance.jpg\",\"contentUrl\":\"https:\/\/longchangchemical.com\/wp-content\/uploads\/2020\/11\/Decanoyloctanoyl-glycerides-Appearance.jpg\",\"width\":600,\"height\":800,\"caption\":\"Decanoyloctanoyl-glycerides Appearance\"},{\"@type\":\"BreadcrumbList\",\"@id\":\"https:\/\/longchangchemical.com\/product\/decanoyl-octanoyl-glycerides-cas-65381-09-1\/#breadcrumb\",\"itemListElement\":[{\"@type\":\"ListItem\",\"position\":1,\"name\":\"Home\",\"item\":\"https:\/\/longchangchemical.com\/\"},{\"@type\":\"ListItem\",\"position\":2,\"name\":\"Products Longchang\",\"item\":\"https:\/\/longchangchemical.com\/product\/\"},{\"@type\":\"ListItem\",\"position\":3,\"name\":\"Decanoyl\/octanoyl-glycerides CAS 65381-09-1\"}]},{\"@type\":\"WebSite\",\"@id\":\"https:\/\/longchangchemical.com\/#website\",\"url\":\"https:\/\/longchangchemical.com\/\",\"name\":\"Longchang Chemical\",\"description\":\"China chemical manufacturer \uff06 supplier\",\"publisher\":{\"@id\":\"https:\/\/longchangchemical.com\/#organization\"},\"potentialAction\":[{\"@type\":\"SearchAction\",\"target\":{\"@type\":\"EntryPoint\",\"urlTemplate\":\"https:\/\/longchangchemical.com\/?s={search_term_string}\"},\"query-input\":{\"@type\":\"PropertyValueSpecification\",\"valueRequired\":true,\"valueName\":\"search_term_string\"}}],\"inLanguage\":\"tr\"},{\"@type\":\"Organization\",\"@id\":\"https:\/\/longchangchemical.com\/#organization\",\"name\":\"Longchang Chemical\",\"url\":\"https:\/\/longchangchemical.com\/\",\"logo\":{\"@type\":\"ImageObject\",\"inLanguage\":\"tr\",\"@id\":\"https:\/\/longchangchemical.com\/#\/schema\/logo\/image\/\",\"url\":\"https:\/\/longchangchemical.com\/wp-content\/uploads\/2020\/08\/cropped-longchang-logo.png\",\"contentUrl\":\"https:\/\/longchangchemical.com\/wp-content\/uploads\/2020\/08\/cropped-longchang-logo.png\",\"width\":512,\"height\":512,\"caption\":\"Longchang Chemical\"},\"image\":{\"@id\":\"https:\/\/longchangchemical.com\/#\/schema\/logo\/image\/\"}}]}<\/script>\n<!-- \/ Yoast SEO plugin. -->","yoast_head_json":{"title":"\u00c7in'in en iyi Decanoyl \/ oktanoil-gliseridleri CAS 65381-09-1 \u00fcretici ve tedarik\u00e7i - Longchang Chemical","description":"Longchang Chemical, \u00c7in'de Decanoyl \/ oktanoil-gliserid CAS 65381-09-1'in lider \u00fcreticisi ve tedarik\u00e7isidir. \u00c7in'de Decanoyl \/ oktanoil-gliserid sat\u0131n al\u0131n. En iyi Decanoyl \/ oktanoil-gliserid fiyat\u0131n\u0131 sa\u011flayabiliriz.","robots":{"index":"index","follow":"follow","max-snippet":"max-snippet:-1","max-image-preview":"max-image-preview:large","max-video-preview":"max-video-preview:-1"},"canonical":"https:\/\/longchangchemical.com\/tr\/product\/decanoyl-octanoyl-glycerides-cas-65381-09-1\/","og_locale":"tr_TR","og_type":"article","og_title":"China top Decanoyl\/octanoyl-glycerides CAS 65381-09-1 manufacturer and supplier - Longchang Chemical","og_description":"Longchang Chemical is a leading manufacturer and supplier of Decanoyl\/octanoyl-glycerides CAS 65381-09-1 in China. Buy Decanoyl\/octanoyl-glycerides in china. We can provide the best Decanoyl\/octanoyl-glycerides price.","og_url":"https:\/\/longchangchemical.com\/tr\/product\/decanoyl-octanoyl-glycerides-cas-65381-09-1\/","og_site_name":"Longchang Chemical","article_modified_time":"2025-12-23T03:51:31+00:00","og_image":[{"width":600,"height":800,"url":"https:\/\/longchangchemical.com\/wp-content\/uploads\/2020\/11\/Decanoyloctanoyl-glycerides-Appearance.jpg","type":"image\/jpeg"}],"twitter_card":"summary_large_image","schema":{"@context":"https:\/\/schema.org","@graph":[{"@type":"WebPage","@id":"https:\/\/longchangchemical.com\/product\/decanoyl-octanoyl-glycerides-cas-65381-09-1\/","url":"https:\/\/longchangchemical.com\/product\/decanoyl-octanoyl-glycerides-cas-65381-09-1\/","name":"\u00c7in'in en iyi Decanoyl \/ oktanoil-gliseridleri CAS 65381-09-1 \u00fcretici ve tedarik\u00e7i - Longchang Chemical","isPartOf":{"@id":"https:\/\/longchangchemical.com\/#website"},"primaryImageOfPage":{"@id":"https:\/\/longchangchemical.com\/product\/decanoyl-octanoyl-glycerides-cas-65381-09-1\/#primaryimage"},"image":{"@id":"https:\/\/longchangchemical.com\/product\/decanoyl-octanoyl-glycerides-cas-65381-09-1\/#primaryimage"},"thumbnailUrl":"https:\/\/longchangchemical.com\/wp-content\/uploads\/2020\/11\/Decanoyloctanoyl-glycerides-Appearance.jpg","datePublished":"2020-11-11T12:25:27+00:00","dateModified":"2025-12-23T03:51:31+00:00","description":"Longchang Chemical, \u00c7in'de Decanoyl \/ oktanoil-gliserid CAS 65381-09-1'in lider \u00fcreticisi ve tedarik\u00e7isidir. \u00c7in'de Decanoyl \/ oktanoil-gliserid sat\u0131n al\u0131n. En iyi Decanoyl \/ oktanoil-gliserid fiyat\u0131n\u0131 sa\u011flayabiliriz.","breadcrumb":{"@id":"https:\/\/longchangchemical.com\/product\/decanoyl-octanoyl-glycerides-cas-65381-09-1\/#breadcrumb"},"inLanguage":"tr","potentialAction":[{"@type":"ReadAction","target":["https:\/\/longchangchemical.com\/product\/decanoyl-octanoyl-glycerides-cas-65381-09-1\/"]}]},{"@type":"ImageObject","inLanguage":"tr","@id":"https:\/\/longchangchemical.com\/product\/decanoyl-octanoyl-glycerides-cas-65381-09-1\/#primaryimage","url":"https:\/\/longchangchemical.com\/wp-content\/uploads\/2020\/11\/Decanoyloctanoyl-glycerides-Appearance.jpg","contentUrl":"https:\/\/longchangchemical.com\/wp-content\/uploads\/2020\/11\/Decanoyloctanoyl-glycerides-Appearance.jpg","width":600,"height":800,"caption":"Decanoyloctanoyl-glycerides Appearance"},{"@type":"BreadcrumbList","@id":"https:\/\/longchangchemical.com\/product\/decanoyl-octanoyl-glycerides-cas-65381-09-1\/#breadcrumb","itemListElement":[{"@type":"ListItem","position":1,"name":"Home","item":"https:\/\/longchangchemical.com\/"},{"@type":"ListItem","position":2,"name":"Products Longchang","item":"https:\/\/longchangchemical.com\/product\/"},{"@type":"ListItem","position":3,"name":"Decanoyl\/octanoyl-glycerides CAS 65381-09-1"}]},{"@type":"WebSite","@id":"https:\/\/longchangchemical.com\/#website","url":"https:\/\/longchangchemical.com\/","name":"Longchang Kimya","description":"\u00c7in kimyasal \u00fcreticisi \uff06 tedarik\u00e7isi","publisher":{"@id":"https:\/\/longchangchemical.com\/#organization"},"potentialAction":[{"@type":"SearchAction","target":{"@type":"EntryPoint","urlTemplate":"https:\/\/longchangchemical.com\/?s={search_term_string}"},"query-input":{"@type":"PropertyValueSpecification","valueRequired":true,"valueName":"search_term_string"}}],"inLanguage":"tr"},{"@type":"Organization","@id":"https:\/\/longchangchemical.com\/#organization","name":"Longchang Kimya","url":"https:\/\/longchangchemical.com\/","logo":{"@type":"ImageObject","inLanguage":"tr","@id":"https:\/\/longchangchemical.com\/#\/schema\/logo\/image\/","url":"https:\/\/longchangchemical.com\/wp-content\/uploads\/2020\/08\/cropped-longchang-logo.png","contentUrl":"https:\/\/longchangchemical.com\/wp-content\/uploads\/2020\/08\/cropped-longchang-logo.png","width":512,"height":512,"caption":"Longchang Chemical"},"image":{"@id":"https:\/\/longchangchemical.com\/#\/schema\/logo\/image\/"}}]}},"_links":{"self":[{"href":"https:\/\/longchangchemical.com\/tr\/wp-json\/wp\/v2\/product\/3417","targetHints":{"allow":["GET"]}}],"collection":[{"href":"https:\/\/longchangchemical.com\/tr\/wp-json\/wp\/v2\/product"}],"about":[{"href":"https:\/\/longchangchemical.com\/tr\/wp-json\/wp\/v2\/types\/product"}],"replies":[{"embeddable":true,"href":"https:\/\/longchangchemical.com\/tr\/wp-json\/wp\/v2\/comments?post=3417"}],"wp:featuredmedia":[{"embeddable":true,"href":"https:\/\/longchangchemical.com\/tr\/wp-json\/wp\/v2\/media\/3418"}],"wp:attachment":[{"href":"https:\/\/longchangchemical.com\/tr\/wp-json\/wp\/v2\/media?parent=3417"}],"wp:term":[{"taxonomy":"product_brand","embeddable":true,"href":"https:\/\/longchangchemical.com\/tr\/wp-json\/wp\/v2\/product_brand?post=3417"},{"taxonomy":"product_cat","embeddable":true,"href":"https:\/\/longchangchemical.com\/tr\/wp-json\/wp\/v2\/product_cat?post=3417"},{"taxonomy":"product_tag","embeddable":true,"href":"https:\/\/longchangchemical.com\/tr\/wp-json\/wp\/v2\/product_tag?post=3417"}],"curies":[{"name":"wp","href":"https:\/\/api.w.org\/{rel}","templated":true}]}}