{"id":3397,"date":"2020-11-05T10:49:55","date_gmt":"2020-11-05T10:49:55","guid":{"rendered":"https:\/\/longchangchemical.com\/?post_type=product&#038;p=3397"},"modified":"2025-12-23T03:49:46","modified_gmt":"2025-12-23T03:49:46","slug":"isopropyl-myristate-cas-110-27-0","status":"publish","type":"product","link":"https:\/\/longchangchemical.com\/tr\/product\/isopropyl-myristate-cas-110-27-0\/","title":{"rendered":"IPM \/ \u0130zopropil miristat CAS 110-27-0"},"content":{"rendered":"<h1><strong>COA'n\u0131n <\/strong>\u0130zopropil miristat CAS 110-27-0<\/h1>\n<table class=\"table-1\">\n<tbody>\n<tr>\n<td>\n<h4>\u00d6\u011fe<\/h4>\n<\/td>\n<td>\n<h4>Teknik \u00d6zellikler<\/h4>\n<\/td>\n<\/tr>\n<tr>\n<td>\n<h4>G\u00f6r\u00fcn\u00fc\u015f<\/h4>\n<\/td>\n<td>\n<h4>Renksiz veya sar\u0131ms\u0131 ya\u011fl\u0131 s\u0131v\u0131.<\/h4>\n<\/td>\n<\/tr>\n<tr>\n<td>\n<h4>\u0130\u00e7erik<\/h4>\n<\/td>\n<td>\n<h4>99%Min<\/h4>\n<\/td>\n<\/tr>\n<tr>\n<td>\n<h4>Asit De\u011feri (MgKOH\/g)<\/h4>\n<\/td>\n<td>\n<h4>0,5%Max<\/h4>\n<\/td>\n<\/tr>\n<tr>\n<td>\n<h4>Donma noktas\u0131<\/h4>\n<\/td>\n<td>\n<h4>2 \u2103 Maksimum<\/h4>\n<\/td>\n<\/tr>\n<tr>\n<td>\n<h4>K\u0131r\u0131lma indisi<\/h4>\n<\/td>\n<td>\n<h4>1.434-1.438<\/h4>\n<\/td>\n<\/tr>\n<tr>\n<td>\n<h4>\u00d6zg\u00fcl A\u011f\u0131rl\u0131k<\/h4>\n<\/td>\n<td>\n<h4>0.850-0.860<\/h4>\n<\/td>\n<\/tr>\n<tr>\n<td>\n<h4>Arsenik<\/h4>\n<\/td>\n<td>\n<h4>2ppmMax<\/h4>\n<\/td>\n<\/tr>\n<tr>\n<td>\n<h4>A\u011f\u0131r Metaller<\/h4>\n<\/td>\n<td>\n<h4>5ppmMax<\/h4>\n<\/td>\n<\/tr>\n<\/tbody>\n<\/table>\n<p>&nbsp;<\/p>\n<h2>\u0130zopropil miristat nedir?<\/h2>\n<h4>\u0130zopropil miristat kozmetikte yayg\u0131n olarak kullan\u0131l\u0131r. Cildi nemlendirebilir ve nemlendirir. Cilt \u00fcr\u00fcn\u00fc iyi emer. Korteksteki sa\u00e7 k\u00f6klerine etkili bir \u015fekilde temas edebilir, cildin derinliklerine n\u00fcfuz edebilir ve kozmetiklerdeki aktif bile\u015fenleri entegre edebilir Etkili bile\u015fenlerin rol\u00fcn\u00fc getirin ve tam anlam\u0131yla oynay\u0131n.<\/h4>\n<h2><strong>\u0130zopropil miristat Kullan\u0131m\u0131<\/strong><\/h2>\n<h4>1. \u0130zopropil miristat ya\u011fs\u0131z bir yumu\u015fat\u0131c\u0131d\u0131r ve cilt taraf\u0131ndan kolayca emilir. Yar\u0131 kat\u0131 matrisin bile\u015fenlerinden biridir ve topikal uygulama preparatlar\u0131nda bir\u00e7ok madde i\u00e7in \u00e7\u00f6z\u00fcc\u00fc olarak da kullan\u0131labilir.<\/h4>\n<h4>2. \u0130zopropil miristat, banyo ya\u011flar\u0131, kozmetikler, sa\u00e7 bak\u0131m \u00fcr\u00fcnleri, y\u00fcz kremleri, losyonlar, dudak kremi, t\u0131ra\u015f kremi, yumu\u015fat\u0131c\u0131lar, deodorantlar, kulaklar K\u0131smi s\u00fcspansiyon, vajinal krem dahil olmak \u00fczere \u00e7e\u015fitli topikal preparatlarda ve kozmetiklerde kullan\u0131l\u0131r. \u00d6rne\u011fin, izopropil miristat so\u011fuk krem re\u00e7etesinde kendinden em\u00fclsifiye edici bir bile\u015fendir ve bu so\u011fuk krem re\u00e7etesi bir\u00e7ok ila\u00e7 ve cilt ilac\u0131 i\u00e7in bir baz olarak kullan\u0131labilir.<\/h4>\n<h4>3. Kozmetikte yap\u0131\u015ft\u0131r\u0131c\u0131, yumu\u015fat\u0131c\u0131 ve keratin yumu\u015fat\u0131c\u0131 olarak kullan\u0131l\u0131r. Bu bile\u015fene sahip \u00fcr\u00fcnlerin uygulanmas\u0131 daha kolayd\u0131r ve ferahlat\u0131c\u0131 bir dokuya sahiptir. Bile\u015fen k\u00fc\u00e7\u00fck molek\u00fcllere sahiptir, n\u00fcfuz etmesi kolayd\u0131r ve makyaj temizleyici i\u00e7in iyi bir temizleme etkisine sahiptir.<\/h4>\n<h4>4. \u0130zopropil miristat, transdermal emilim preparatlar\u0131nda penetrasyon artt\u0131r\u0131c\u0131 olarak kullan\u0131labilir ve terap\u00f6tik ultrason ve iyontoforez ile birlikte kullan\u0131labilir.<\/h4>\n<h4>5. \u0130zopropil miristat, su-ya\u011f jel uzun s\u00fcreli sal\u0131m em\u00fclsiyonunda ya\u011f faz\u0131n\u0131n ana bile\u015feni olarak kullan\u0131labilir.<\/h4>\n<p>&nbsp;<\/p>\n<h2><strong>\u0130zopropil miristat <\/strong><strong>Paketleme ve Nakliye<\/strong><\/h2>\n<h4>175kg\/Plastik Bidon<strong><br \/>\n<\/strong><\/h4>\n<p>&nbsp;<\/p>\n<h2><strong>\u0130zopropil miristat <\/strong><strong>Depolama<\/strong><strong><br \/>\n<\/strong><\/h2>\n<h4>\u0130zopropil miristat\u0131n oksitlenmesi ve hidrolize olmas\u0131 kolay de\u011fildir ve ek\u015fimesi kolay de\u011fildir. Kapal\u0131 bir kaba konulmal\u0131, karanl\u0131k, serin ve kuru bir yerde muhafaza edilmelidir.<\/h4>\n<h2>L\u00fctfen dikkat<\/h2>\n<h4>\u0130zopropil miristat kau\u00e7ukla temas etti\u011finde kau\u00e7uk \u015fi\u015fer, k\u0131smen \u00e7\u00f6z\u00fcl\u00fcr ve viskozitesi azal\u0131r; plastiklerle (naylon ve polietilen gibi) temas etti\u011finde bu malzemeler \u015fi\u015fer. \u0130zopropil miristat ve parafin mumu kontrendikasyonlara sahiptir ve gran\u00fcler bir kar\u0131\u015f\u0131m olu\u015ftururlar ve g\u00fc\u00e7l\u00fc oksidanlarla uyumlu de\u011fildirler.<\/h4>\n<p>&nbsp;<\/p>\n<h2>Ayn\u0131 seri \u00fcr\u00fcnler<\/h2>\n<table style=\"border-collapse: collapse; width: 318.02pt;\" border=\"0\" width=\"424\" cellspacing=\"0\" cellpadding=\"0\">\n<tbody>\n<tr style=\"height: 13.50pt;\">\n<td class=\"et2\" style=\"height: 13.50pt; width: 87.00pt;\" width=\"116\" height=\"18\">\u00dcr\u00fcn Ad\u0131<\/td>\n<td class=\"et2\" style=\"width: 129.75pt;\" width=\"173\">Kimyasal Ad\u0131<\/td>\n<td class=\"et2\" style=\"width: 101.25pt;\" width=\"135\">CAS numaras\u0131<\/td>\n<\/tr>\n<tr style=\"height: 13.50pt;\">\n<td class=\"et2\" style=\"height: 13.50pt;\" height=\"18\">IPP<\/td>\n<td class=\"et2\"><a href=\"https:\/\/longchangchemical.com\/tr\/product\/isopropyl-palmitate-cas-142-91-6\/\"><span style=\"color: #00ccff;\">\u0130zopropil palmitat<\/span><\/a><\/td>\n<td class=\"et2\">CAS 142-91-6<\/td>\n<\/tr>\n<tr style=\"height: 13.50pt;\">\n<td class=\"et2\" style=\"height: 13.50pt;\" height=\"18\">IPL<\/td>\n<td class=\"et2\"><a href=\"https:\/\/longchangchemical.com\/tr\/product\/isopropyl-laurate-cas-10233-13-3\/\"><span style=\"color: #00ccff;\">\u0130zopropil Laurat<\/span><\/a><\/td>\n<td class=\"et2\">CAS 10233-13-3<\/td>\n<\/tr>\n<tr style=\"height: 13.50pt;\">\n<td class=\"et2\" style=\"height: 13.50pt;\" height=\"18\">2-EHP<\/td>\n<td class=\"et2\"><a href=\"https:\/\/longchangchemical.com\/tr\/product\/isooctyl-palmitate-cas-1341-38-4\/\"><span style=\"color: #00ccff;\">\u0130zooktil palmitat<\/span><\/a><\/td>\n<td class=\"et2\">CAS 1341-38-4<\/td>\n<\/tr>\n<tr style=\"height: 13.50pt;\">\n<td class=\"et2\" style=\"height: 13.50pt;\" height=\"18\">IPM<\/td>\n<td class=\"et2\"><a href=\"https:\/\/longchangchemical.com\/tr\/product\/isopropyl-myristate-cas-110-27-0\/\"><span style=\"color: #00ccff;\">\u0130zopropil miristat<\/span><\/a><\/td>\n<td class=\"et2\">CAS 110-27-0<\/td>\n<\/tr>\n<\/tbody>\n<\/table>\n<h2><\/h2>\n<h2><strong><b>\u015eimdi Bize Ula\u015f\u0131n!<\/b><\/strong><\/h2>\n<h4><strong><b>COA, MSDS veya TDS'ye ihtiyac\u0131n\u0131z varsa, l\u00fctfen a\u015fa\u011f\u0131daki forma ileti\u015fim bilgilerinizi girin, genellikle 24 saat i\u00e7inde sizinle ileti\u015fime ge\u00e7ece\u011fiz. Bana e-posta da g\u00f6nderebilirsiniz <span style=\"color: #0000ff;\"><a style=\"color: #0000ff;\" href=\"mailto:info@longchangchemical.com\">info@longchangchemical.com<\/a><\/span> \u00c7al\u0131\u015fma saatleri i\u00e7inde (8:30 - 6:00 UTC+8 Pzt.~Sat.) veya h\u0131zl\u0131 yan\u0131t almak i\u00e7in web sitesi canl\u0131 sohbetini kullan\u0131n.<\/b><\/strong><\/h4>","protected":false},"excerpt":{"rendered":"<h4>Kimyasal Ad\u0131: \u0130zopropil miristat<\/h4>\n<h4>CAS No: 110-27-0<\/h4>\n<h4>Molek\u00fcler Form\u00fcl: C17H34O2<\/h4>\n<h4>Kimyasal Yap\u0131:<img decoding=\"async\" title=\"image.png\" src=\"https:\/\/www.longchangchemical.com\/wp-content\/uploads\/product-details\/20200617305486.png\" alt=\"image.png\" \/><\/h4>\n<h4>Molek\u00fcl a\u011f\u0131rl\u0131\u011f\u0131: 270,45<\/h4>\n<h4>G\u00f6r\u00fcn\u00fc\u015f: Renksiz veya sar\u0131ms\u0131 ya\u011fl\u0131 s\u0131v\u0131.<\/h4>\n<h4>Tahlil: 98%<\/h4>","protected":false},"featured_media":3398,"comment_status":"open","ping_status":"closed","template":"","meta":[],"product_brand":[],"product_cat":[103],"product_tag":[],"class_list":{"0":"post-3397","1":"product","2":"type-product","3":"status-publish","4":"has-post-thumbnail","6":"product_cat-cosmetic-additives","8":"first","9":"instock","10":"shipping-taxable","11":"product-type-simple"},"yoast_head":"<!-- This site is optimized with the Yoast SEO plugin v25.3.1 - https:\/\/yoast.com\/wordpress\/plugins\/seo\/ -->\n<title>China Isopropyl myristate CAS 110-27-0 manufacturer and supplier - Longchang Chemical<\/title>\n<meta name=\"description\" content=\"Longchang Chemical is a leading manufacturer and supplier of Isopropyl myristate CAS 110-27-0 in China. Buy Isopropyl myristate CAS 110-27-0 in china. We can provide the best Isopropyl myristate price.\" \/>\n<meta name=\"robots\" content=\"index, follow, max-snippet:-1, max-image-preview:large, max-video-preview:-1\" \/>\n<link rel=\"canonical\" href=\"https:\/\/longchangchemical.com\/tr\/product\/isopropyl-myristate-cas-110-27-0\/\" \/>\n<meta property=\"og:locale\" content=\"tr_TR\" \/>\n<meta property=\"og:type\" content=\"article\" \/>\n<meta property=\"og:title\" content=\"China Isopropyl myristate CAS 110-27-0 manufacturer and supplier - Longchang Chemical\" \/>\n<meta property=\"og:description\" content=\"Longchang Chemical is a leading manufacturer and supplier of Isopropyl myristate CAS 110-27-0 in China. Buy Isopropyl myristate CAS 110-27-0 in china. We can provide the best Isopropyl myristate price.\" \/>\n<meta property=\"og:url\" content=\"https:\/\/longchangchemical.com\/tr\/product\/isopropyl-myristate-cas-110-27-0\/\" \/>\n<meta property=\"og:site_name\" content=\"Longchang Chemical\" \/>\n<meta property=\"article:modified_time\" content=\"2025-12-23T03:49:46+00:00\" \/>\n<meta property=\"og:image\" content=\"https:\/\/longchangchemical.com\/wp-content\/uploads\/2020\/11\/Isopropyl-myristate-Appearance.jpg\" \/>\n\t<meta property=\"og:image:width\" content=\"600\" \/>\n\t<meta property=\"og:image:height\" content=\"800\" \/>\n\t<meta property=\"og:image:type\" content=\"image\/jpeg\" \/>\n<meta name=\"twitter:card\" content=\"summary_large_image\" \/>\n<script type=\"application\/ld+json\" class=\"yoast-schema-graph\">{\"@context\":\"https:\/\/schema.org\",\"@graph\":[{\"@type\":\"WebPage\",\"@id\":\"https:\/\/longchangchemical.com\/product\/isopropyl-myristate-cas-110-27-0\/\",\"url\":\"https:\/\/longchangchemical.com\/product\/isopropyl-myristate-cas-110-27-0\/\",\"name\":\"China Isopropyl myristate CAS 110-27-0 manufacturer and supplier - Longchang Chemical\",\"isPartOf\":{\"@id\":\"https:\/\/longchangchemical.com\/#website\"},\"primaryImageOfPage\":{\"@id\":\"https:\/\/longchangchemical.com\/product\/isopropyl-myristate-cas-110-27-0\/#primaryimage\"},\"image\":{\"@id\":\"https:\/\/longchangchemical.com\/product\/isopropyl-myristate-cas-110-27-0\/#primaryimage\"},\"thumbnailUrl\":\"https:\/\/longchangchemical.com\/wp-content\/uploads\/2020\/11\/Isopropyl-myristate-Appearance.jpg\",\"datePublished\":\"2020-11-05T10:49:55+00:00\",\"dateModified\":\"2025-12-23T03:49:46+00:00\",\"description\":\"Longchang Chemical is a leading manufacturer and supplier of Isopropyl myristate CAS 110-27-0 in China. Buy Isopropyl myristate CAS 110-27-0 in china. We can provide the best Isopropyl myristate price.\",\"breadcrumb\":{\"@id\":\"https:\/\/longchangchemical.com\/product\/isopropyl-myristate-cas-110-27-0\/#breadcrumb\"},\"inLanguage\":\"tr\",\"potentialAction\":[{\"@type\":\"ReadAction\",\"target\":[\"https:\/\/longchangchemical.com\/product\/isopropyl-myristate-cas-110-27-0\/\"]}]},{\"@type\":\"ImageObject\",\"inLanguage\":\"tr\",\"@id\":\"https:\/\/longchangchemical.com\/product\/isopropyl-myristate-cas-110-27-0\/#primaryimage\",\"url\":\"https:\/\/longchangchemical.com\/wp-content\/uploads\/2020\/11\/Isopropyl-myristate-Appearance.jpg\",\"contentUrl\":\"https:\/\/longchangchemical.com\/wp-content\/uploads\/2020\/11\/Isopropyl-myristate-Appearance.jpg\",\"width\":600,\"height\":800,\"caption\":\"Isopropyl myristate Appearance\"},{\"@type\":\"BreadcrumbList\",\"@id\":\"https:\/\/longchangchemical.com\/product\/isopropyl-myristate-cas-110-27-0\/#breadcrumb\",\"itemListElement\":[{\"@type\":\"ListItem\",\"position\":1,\"name\":\"Home\",\"item\":\"https:\/\/longchangchemical.com\/\"},{\"@type\":\"ListItem\",\"position\":2,\"name\":\"Products Longchang\",\"item\":\"https:\/\/longchangchemical.com\/product\/\"},{\"@type\":\"ListItem\",\"position\":3,\"name\":\"IPM \/ Isopropyl myristate CAS 110-27-0\"}]},{\"@type\":\"WebSite\",\"@id\":\"https:\/\/longchangchemical.com\/#website\",\"url\":\"https:\/\/longchangchemical.com\/\",\"name\":\"Longchang Chemical\",\"description\":\"China chemical manufacturer \uff06 supplier\",\"publisher\":{\"@id\":\"https:\/\/longchangchemical.com\/#organization\"},\"potentialAction\":[{\"@type\":\"SearchAction\",\"target\":{\"@type\":\"EntryPoint\",\"urlTemplate\":\"https:\/\/longchangchemical.com\/?s={search_term_string}\"},\"query-input\":{\"@type\":\"PropertyValueSpecification\",\"valueRequired\":true,\"valueName\":\"search_term_string\"}}],\"inLanguage\":\"tr\"},{\"@type\":\"Organization\",\"@id\":\"https:\/\/longchangchemical.com\/#organization\",\"name\":\"Longchang Chemical\",\"url\":\"https:\/\/longchangchemical.com\/\",\"logo\":{\"@type\":\"ImageObject\",\"inLanguage\":\"tr\",\"@id\":\"https:\/\/longchangchemical.com\/#\/schema\/logo\/image\/\",\"url\":\"https:\/\/longchangchemical.com\/wp-content\/uploads\/2020\/08\/cropped-longchang-logo.png\",\"contentUrl\":\"https:\/\/longchangchemical.com\/wp-content\/uploads\/2020\/08\/cropped-longchang-logo.png\",\"width\":512,\"height\":512,\"caption\":\"Longchang Chemical\"},\"image\":{\"@id\":\"https:\/\/longchangchemical.com\/#\/schema\/logo\/image\/\"}}]}<\/script>\n<!-- \/ Yoast SEO plugin. -->","yoast_head_json":{"title":"\u00c7in \u0130zopropil miristat CAS 110-27-0 \u00fcretici ve tedarik\u00e7i - Longchang Chemical","description":"Longchang Chemical, \u00c7in'de \u0130zopropil miristat CAS 110-27-0'\u0131n lider \u00fcreticisi ve tedarik\u00e7isidir. \u00c7in'de \u0130zopropil miristat CAS 110-27-0 sat\u0131n al\u0131n. En iyi \u0130zopropil miristat fiyat\u0131n\u0131 sa\u011flayabiliriz.","robots":{"index":"index","follow":"follow","max-snippet":"max-snippet:-1","max-image-preview":"max-image-preview:large","max-video-preview":"max-video-preview:-1"},"canonical":"https:\/\/longchangchemical.com\/tr\/product\/isopropyl-myristate-cas-110-27-0\/","og_locale":"tr_TR","og_type":"article","og_title":"China Isopropyl myristate CAS 110-27-0 manufacturer and supplier - Longchang Chemical","og_description":"Longchang Chemical is a leading manufacturer and supplier of Isopropyl myristate CAS 110-27-0 in China. Buy Isopropyl myristate CAS 110-27-0 in china. We can provide the best Isopropyl myristate price.","og_url":"https:\/\/longchangchemical.com\/tr\/product\/isopropyl-myristate-cas-110-27-0\/","og_site_name":"Longchang Chemical","article_modified_time":"2025-12-23T03:49:46+00:00","og_image":[{"width":600,"height":800,"url":"https:\/\/longchangchemical.com\/wp-content\/uploads\/2020\/11\/Isopropyl-myristate-Appearance.jpg","type":"image\/jpeg"}],"twitter_card":"summary_large_image","schema":{"@context":"https:\/\/schema.org","@graph":[{"@type":"WebPage","@id":"https:\/\/longchangchemical.com\/product\/isopropyl-myristate-cas-110-27-0\/","url":"https:\/\/longchangchemical.com\/product\/isopropyl-myristate-cas-110-27-0\/","name":"\u00c7in \u0130zopropil miristat CAS 110-27-0 \u00fcretici ve tedarik\u00e7i - Longchang Chemical","isPartOf":{"@id":"https:\/\/longchangchemical.com\/#website"},"primaryImageOfPage":{"@id":"https:\/\/longchangchemical.com\/product\/isopropyl-myristate-cas-110-27-0\/#primaryimage"},"image":{"@id":"https:\/\/longchangchemical.com\/product\/isopropyl-myristate-cas-110-27-0\/#primaryimage"},"thumbnailUrl":"https:\/\/longchangchemical.com\/wp-content\/uploads\/2020\/11\/Isopropyl-myristate-Appearance.jpg","datePublished":"2020-11-05T10:49:55+00:00","dateModified":"2025-12-23T03:49:46+00:00","description":"Longchang Chemical, \u00c7in'de \u0130zopropil miristat CAS 110-27-0'\u0131n lider \u00fcreticisi ve tedarik\u00e7isidir. \u00c7in'de \u0130zopropil miristat CAS 110-27-0 sat\u0131n al\u0131n. En iyi \u0130zopropil miristat fiyat\u0131n\u0131 sa\u011flayabiliriz.","breadcrumb":{"@id":"https:\/\/longchangchemical.com\/product\/isopropyl-myristate-cas-110-27-0\/#breadcrumb"},"inLanguage":"tr","potentialAction":[{"@type":"ReadAction","target":["https:\/\/longchangchemical.com\/product\/isopropyl-myristate-cas-110-27-0\/"]}]},{"@type":"ImageObject","inLanguage":"tr","@id":"https:\/\/longchangchemical.com\/product\/isopropyl-myristate-cas-110-27-0\/#primaryimage","url":"https:\/\/longchangchemical.com\/wp-content\/uploads\/2020\/11\/Isopropyl-myristate-Appearance.jpg","contentUrl":"https:\/\/longchangchemical.com\/wp-content\/uploads\/2020\/11\/Isopropyl-myristate-Appearance.jpg","width":600,"height":800,"caption":"Isopropyl myristate Appearance"},{"@type":"BreadcrumbList","@id":"https:\/\/longchangchemical.com\/product\/isopropyl-myristate-cas-110-27-0\/#breadcrumb","itemListElement":[{"@type":"ListItem","position":1,"name":"Home","item":"https:\/\/longchangchemical.com\/"},{"@type":"ListItem","position":2,"name":"Products Longchang","item":"https:\/\/longchangchemical.com\/product\/"},{"@type":"ListItem","position":3,"name":"IPM \/ Isopropyl myristate CAS 110-27-0"}]},{"@type":"WebSite","@id":"https:\/\/longchangchemical.com\/#website","url":"https:\/\/longchangchemical.com\/","name":"Longchang Kimya","description":"\u00c7in kimyasal \u00fcreticisi \uff06 tedarik\u00e7isi","publisher":{"@id":"https:\/\/longchangchemical.com\/#organization"},"potentialAction":[{"@type":"SearchAction","target":{"@type":"EntryPoint","urlTemplate":"https:\/\/longchangchemical.com\/?s={search_term_string}"},"query-input":{"@type":"PropertyValueSpecification","valueRequired":true,"valueName":"search_term_string"}}],"inLanguage":"tr"},{"@type":"Organization","@id":"https:\/\/longchangchemical.com\/#organization","name":"Longchang Kimya","url":"https:\/\/longchangchemical.com\/","logo":{"@type":"ImageObject","inLanguage":"tr","@id":"https:\/\/longchangchemical.com\/#\/schema\/logo\/image\/","url":"https:\/\/longchangchemical.com\/wp-content\/uploads\/2020\/08\/cropped-longchang-logo.png","contentUrl":"https:\/\/longchangchemical.com\/wp-content\/uploads\/2020\/08\/cropped-longchang-logo.png","width":512,"height":512,"caption":"Longchang Chemical"},"image":{"@id":"https:\/\/longchangchemical.com\/#\/schema\/logo\/image\/"}}]}},"_links":{"self":[{"href":"https:\/\/longchangchemical.com\/tr\/wp-json\/wp\/v2\/product\/3397","targetHints":{"allow":["GET"]}}],"collection":[{"href":"https:\/\/longchangchemical.com\/tr\/wp-json\/wp\/v2\/product"}],"about":[{"href":"https:\/\/longchangchemical.com\/tr\/wp-json\/wp\/v2\/types\/product"}],"replies":[{"embeddable":true,"href":"https:\/\/longchangchemical.com\/tr\/wp-json\/wp\/v2\/comments?post=3397"}],"wp:featuredmedia":[{"embeddable":true,"href":"https:\/\/longchangchemical.com\/tr\/wp-json\/wp\/v2\/media\/3398"}],"wp:attachment":[{"href":"https:\/\/longchangchemical.com\/tr\/wp-json\/wp\/v2\/media?parent=3397"}],"wp:term":[{"taxonomy":"product_brand","embeddable":true,"href":"https:\/\/longchangchemical.com\/tr\/wp-json\/wp\/v2\/product_brand?post=3397"},{"taxonomy":"product_cat","embeddable":true,"href":"https:\/\/longchangchemical.com\/tr\/wp-json\/wp\/v2\/product_cat?post=3397"},{"taxonomy":"product_tag","embeddable":true,"href":"https:\/\/longchangchemical.com\/tr\/wp-json\/wp\/v2\/product_tag?post=3397"}],"curies":[{"name":"wp","href":"https:\/\/api.w.org\/{rel}","templated":true}]}}