{"id":3384,"date":"2020-10-24T06:34:00","date_gmt":"2020-10-24T06:34:00","guid":{"rendered":"https:\/\/longchangchemical.com\/?post_type=product&#038;p=3384"},"modified":"2025-12-23T03:34:58","modified_gmt":"2025-12-23T03:34:58","slug":"allantoin-cas-97-59-6","status":"publish","type":"product","link":"https:\/\/longchangchemical.com\/tr\/product\/allantoin-cas-97-59-6\/","title":{"rendered":"Allantoin cas 97-59-6"},"content":{"rendered":"<h2><strong>Allantoin Tipik \u00d6zellikleri<\/strong><\/h2>\n<table class=\"table-1\">\n<tbody>\n<tr>\n<td>\n<h4>E\u015fyalar<\/h4>\n<\/td>\n<td>\n<h4>Teknik \u00d6zellikler<\/h4>\n<\/td>\n<\/tr>\n<tr>\n<td>\n<h4>G\u00f6r\u00fcn\u00fc\u015f<\/h4>\n<\/td>\n<td>\n<h4>Beyaz kristal toz<\/h4>\n<\/td>\n<\/tr>\n<tr>\n<td>\n<h4>Safl\u0131k<\/h4>\n<\/td>\n<td>\n<h4>98.5%-101%<\/h4>\n<\/td>\n<\/tr>\n<tr>\n<td>\n<h4>Erime noktas\u0131<\/h4>\n<\/td>\n<td>\n<h4>225.0 \u2103 dak<\/h4>\n<\/td>\n<\/tr>\n<tr>\n<td>\n<h4>DH (0,5% Su \u00e7\u00f6zeltisi)<\/h4>\n<\/td>\n<td>\n<h4>4.0-6.5<\/h4>\n<\/td>\n<\/tr>\n<tr>\n<td>\n<h4>Kay\u0131p \u00fczerine kurutma<\/h4>\n<\/td>\n<td>\n<h4>0.5max<\/h4>\n<\/td>\n<\/tr>\n<\/tbody>\n<\/table>\n<h2><strong>Allantoin uygulamas\u0131<\/strong><\/h2>\n<h3><strong>1. T\u0131bbi alanda uygulama<\/strong><\/h3>\n<h4>Allantoin \u00fcre hidantoindir ve \u00fcrenin cilt \u00fczerindeki etkisinin patolojik g\u00f6zlemi, ana de\u011fi\u015fikliklerin stratum korneumun dejenerasyonu, b\u00f6lgesel keratin \u015fi\u015fmesi ve kal\u0131nla\u015fmas\u0131, epidermal spin\u00f6z h\u00fccrelerde \u00f6dem ve \u00e7atlaklar ve hafif dermal kollajen lifleri oldu\u011funu g\u00f6stermektedir. Dejenerasyon derecesi, stratum corneum'u \u00e7\u00f6zme ve denat\u00fcre etme ve cilt nemini art\u0131rma etkisine sahip oldu\u011funu g\u00f6sterir. Epidermal stratum korneumun su alma kapasitesi esas olarak keratinositleri birbirine ba\u011flayan keratin olmayan elektron yo\u011fun \u00e7imento matrisine dayan\u0131r ve keratinin kendisinin cildin t\u00fcm nemi \u00fczerinde \u00e7ok az etkisi vard\u0131r.<\/h4>\n<h4>Allantoin cildi nemlendirir \u00e7\u00fcnk\u00fc ba\u011flay\u0131c\u0131 matrisin hidrasyon kapasitesini art\u0131rabilir ve te\u015fvik edebilir. Ayr\u0131ca keratin \u00fczerinde etki ederek su ba\u011flama kabiliyetini artt\u0131r\u0131r, cildi p\u00fcr\u00fczs\u00fcz, nemli ve esnek hale getirir. Allantoin ve al\u00fcminyum hidroksiallantoik asit klor\u00fcr\u00fc in vitro deneylerde incelemek i\u00e7in ka\u011f\u0131t tabakas\u0131 analiz y\u00f6nteminde, normal ve patolojik stratum corneum'u gev\u015fetebildikleri, kolayca \u00e7\u00f6z\u00fcnebilen keratin olmayan suyu ve daha fazla serbest amino asidi serbest b\u0131rakabildikleri bulunmu\u015ftur. Allantoinin \u00fcre k\u0131sm\u0131 da anti-fungal ve anti-bakteriyel etkilere sahiptir. Literat\u00fcrde 2%, 5% ve 10% \u00fcrenin t\u00fcpte al\u00e7\u0131 benzeri sa\u00e7k\u0131ran ve epidermophyton flocculent'i inhibe edebildi\u011fi bildirilmi\u015ftir; d\u00fcz disk y\u00f6nteminin deneysel g\u00f6zlemi, 10%-60% \u00fcrenin Staphylococcus aureus, E. coli, Pseudomonas aeruginosa b\u00fcy\u00fcmesini inhibe edebildi\u011fini g\u00f6stermektedir. Allantoinin hidantoin k\u0131sm\u0131 barbit\u00fcrata (barbituirit asit) benzer ve analjezik, anestezik ve anti-irritan etkilere sahiptir. Tahri\u015f edici maddeleri n\u00f6tralize ve detoksifiye ederek cildi yat\u0131\u015ft\u0131rabildi\u011finden, tahri\u015f \u00f6nleyici ve narkotik etkilere sahip oldu\u011fu d\u00fc\u015f\u00fcn\u00fclmektedir. Allantoin ayn\u0131 zamanda bir \u00fcrik asit t\u00fcrevidir. Deneyler ve klinik \u00e7al\u0131\u015fmalar keratoliz, hidrasyon, anestezi, analjezi, anti-irritan, epitel b\u00fcy\u00fcmesini te\u015fvik, anti-inflamatuar ve antibakteriyel etkilere sahip oldu\u011funu g\u00f6stermi\u015ftir. 1937 y\u0131l\u0131nda Kaplan, kronik cerrahi \u00fclserleri tedavi etmek i\u00e7in allantoin kullanm\u0131\u015f ve nekrotik doku \u00fczerinde \u00f6nemli etkileri oldu\u011funu, gran\u00fclasyon dokusunun b\u00fcy\u00fcmesini ve yara iyile\u015fmesini te\u015fvik etti\u011fini bulmu\u015ftur. 1962'de Cahen ve meslekta\u015flar\u0131 ilk olarak allantoin hidroksial\u00fcminyum tuzunu deney hayvanlar\u0131nda mide \u00fclserlerini tedavi etmek i\u00e7in kulland\u0131lar ve \u00f6nemli etkiler elde ettiler. Daha sonra, Avrupa ve Amerika'da, \u00f6zellikle Japonya'da tatmin edici klinik etkilere dair bir\u00e7ok rapor yay\u0131nland\u0131. 1976 y\u0131l\u0131nda \u00fclkemde yeni geli\u015ftirilen bile\u015fik allantoin tabletleri mide ve duodenal \u00fclserler i\u00e7in iyi iyile\u015ftirici etkilere sahipti.<\/h4>\n<h4>G\u00fcn\u00fcm\u00fczde allantoin, klinik dermatolojide topikal bir preparat olarak yayg\u0131n bir \u015fekilde kullan\u0131lmakta, el ve ayak \u00e7atla\u011f\u0131, iktiyoz, sedef hastal\u0131\u011f\u0131, \u00e7e\u015fitli keratotik cilt hastal\u0131klar\u0131, yaralar\u0131n geni\u015flemesi ve temizlenmesi ve peptik \u00fclserler i\u00e7in yeni tedaviler sa\u011flamaktad\u0131r. Etkili Yollar. 2% allantoin keratosis follicularis, palmoplantar keratoderma ve eksfoliyatif keratoliz tedavisinde kullan\u0131l\u0131rsa, iyile\u015ftirici etkisi 30% \u00fcreden daha iyidir. 1% allantoin krem ve 6101 krem (basit krem) kontrol olarak kullan\u0131larak 46 iktiyoz ve keratotik cilt hastal\u0131\u011f\u0131 vakas\u0131 tedavi edilmi\u015f ve 1% allantoin kremin 6101 kremden \u00f6nemli \u00f6l\u00e7\u00fcde daha iyi oldu\u011fu, 0.1% vitamin Formik asit krem veya merhemin ise iktiyoz i\u00e7in etkili olmad\u0131\u011f\u0131 bulunmu\u015ftur. Bir Japon patent raporuna g\u00f6re, allantoin diyabet, karaci\u011fer sirozu ve kanser tedavisinde \u00f6nemli bir bile\u015fen olarak kullan\u0131lmakta ve osteomiyelit tedavisinde de kullan\u0131labilmektedir.<\/h4>\n<h3><strong>2. Hafif kimya end\u00fcstrisinde uygulama<\/strong><\/h3>\n<h4>Allantoin toksik olmayan, kokusuz ve tahri\u015f edici olmayan beyaz bir kristaldir. Y\u00fcksek kaliteli bir kozmetik hammaddesidir. \u00dcst d\u00fczey kozmetikler ve di\u011fer g\u00fcnl\u00fck kimyasal katk\u0131 maddeleri (di\u015f macunu, \u015fampuan, sabun vb.) i\u00e7in do\u011frudan bir katk\u0131 maddesi olarak kullan\u0131labilir. Nemlendirici, doku koruyucu, hidrofilik, su emici ve su kayb\u0131n\u0131 \u00f6nleyicidir. Ayr\u0131ca sa\u00e7 \u00fczerinde koruyucu etkisi vard\u0131r, b\u00f6ylece sa\u00e7 u\u00e7lar\u0131 k\u0131r\u0131lmaz ve uzamaya devam eder. Cildi ve dudaklar\u0131 yumu\u015fak, elastik ve parlak hale getirebilir ve yurtd\u0131\u015f\u0131nda yayg\u0131n olarak kullan\u0131lmaktad\u0131r. Allantoinin kendisi amfoterik bir bile\u015fik oldu\u011fundan, metal tuzlar\u0131 ve ek bile\u015fikler olu\u015fturmak i\u00e7in \u00e7e\u015fitli maddelerle birle\u015febilir ve olu\u015fturdu\u011fu kimyasal kombinasyon ek \u00fcr\u00fcnleri, her bile\u015fenin orijinal i\u015flevlerini yok etmez. \u00d6rne\u011fin, allantoin 5% para-aminobenzoik asit (PABA) ile birle\u015ftirilir. PABA'n\u0131n kendisi stratum corneum ile sentezlenebildi\u011finden, etkisi banyo ve terleme ile zay\u0131flamayacakt\u0131r. Metil keton ile kar\u0131\u015ft\u0131r\u0131l\u0131rsa, PABA'y\u0131 da azaltabilir. G\u00fcne\u015f \u0131\u015f\u0131\u011f\u0131nda dalga boyu 2800~3200 olan eritem ultraviyole \u0131\u015f\u0131nlar\u0131n\u0131 absorbe etme ve filtreleme i\u015flevi vard\u0131r. Ultraviyole aral\u0131\u011f\u0131nda g\u00fcne\u015f yan\u0131\u011f\u0131 i\u00e7in en koruyucu ve yayg\u0131n olarak kullan\u0131lan g\u00fcne\u015f kremlerinden biridir. \u0130yi bir \u00f6nleme etkisine sahiptir. Ultraviyole \u0131\u015f\u0131nlar\u0131n\u0131n neden oldu\u011fu cilt kanserine etkisi.<\/h4>\n<h4>Allantoin t\u00fcrevleri, \u00e7ok pop\u00fcler olan \u00e7e\u015fitli losyonlar, tozlar, sulu \u00e7\u00f6zeltiler ve tent\u00fcrler halinde form\u00fcle edilebilir. Detoksifikasyon, p\u00fcr\u00fczs\u00fcz cilt, anti-inflamatuar ve antibakteriyel etkilere sahip alpolygal tozlama tozu gibi. \u015eampuan tahri\u015fe kar\u015f\u0131 koyabilir, kafa derisi pullanmas\u0131n\u0131 azaltabilir ve sa\u00e7\u0131 yumu\u015fak hale getirebilir. Ba\u015fka bir \u00f6rnek, b\u00fcz\u00fcc\u00fc parf\u00fcm, t\u0131ra\u015f losyonu, deodorant, temizleme losyonu vb. olarak form\u00fcle edilebilen 0.2% ila 0.5% tent\u00fcr haline getirilebilen al\u00fcminyum klorlu hidroksiallantoik asit olan alcloxa'd\u0131r. Yerli ve yabanc\u0131 uygulamalarda allantoin ve t\u00fcrevlerinin cilt tahri\u015fi, \u0131\u015f\u0131\u011fa duyarl\u0131l\u0131k, alerjik reaksiyonlar ve di\u011fer yan etkilerine dair herhangi bir rapor yoktur ve harici kullan\u0131m i\u00e7in g\u00fcvenlidir. G\u00fczellik kozmetiklerinin \u00f6nemli bir bile\u015feni olarak, giderek daha fazla ilgi g\u00f6rm\u00fc\u015ft\u00fcr ve geni\u015f beklentilere sahiptir.<\/h4>\n<h3><strong>3. Tar\u0131mda uygulama<\/strong><\/h3>\n<h4>Allantoin, bu\u011fday, portakal, pirin\u00e7, sebze ve soya fasulyesi \u00fcretimini art\u0131rabilen, s\u0131k\u0131la\u015ft\u0131rma ve olgunla\u015ft\u0131rma etkilerine sahip bir bitki b\u00fcy\u00fcme d\u00fczenleyicisidir. Ayn\u0131 zamanda, \u00e7e\u015fitli kompoze g\u00fcbrelerin, mikro g\u00fcbrelerin, yava\u015f sal\u0131n\u0131ml\u0131 g\u00fcbrelerin ve nadir toprak g\u00fcbreleri i\u00e7in \u00f6nemli bir hammaddenin geli\u015ftirilmesidir. \u00d6rne\u011fin, ilgili bilgilere g\u00f6re, soya fasulyesi b\u00fcy\u00fcme s\u00fcrecinde vejetatif b\u00fcy\u00fcme ve \u00fcreme b\u00fcy\u00fcmesi olarak ikiye ayr\u0131l\u0131r. Bitkisel b\u00fcy\u00fcme olarak adland\u0131r\u0131lan b\u00fcy\u00fcme, saplar\u0131n ve yapraklar\u0131n b\u00fcy\u00fcmesini te\u015fvik etmek i\u00e7in s\u0131radan azotlu g\u00fcbrelerden azot emmektir; \u00fcreme b\u00fcy\u00fcmesi olarak adland\u0131r\u0131lan b\u00fcy\u00fcme, nod\u00fcllerin azot fiksasyon sistemi ile havadaki azotu azaltmak ve y\u00fcksek verim elde etmek i\u00e7in \u00c7i\u00e7ek ve baklay\u0131 te\u015fvik etmek i\u00e7in mahsullere s\u0131radan azot formunda tedarik etmektir. Bununla birlikte, azalt\u0131lm\u0131\u015f azot a\u015f\u0131r\u0131 oldu\u011funda, soya fasulyesi azalt\u0131lm\u0131\u015f azotu etkili bir \u015fekilde depolamak i\u00e7in allantoin ad\u0131 verilen organik bir azot bile\u015fi\u011fi \u00fcretir.<\/h4>\n<h4>Allantoin, g\u00fcr sap ve yapraklar d\u00f6neminde nadiren kullan\u0131l\u0131r, ancak acilen \u00e7ok fazla nitrojene ihtiya\u00e7 duyan soya fasulyesi baklalar\u0131na aktar\u0131l\u0131r ve burada soya fasulyesi tohumlar\u0131ndaki proteini etkili bir \u015fekilde olu\u015fturmak i\u00e7in ayr\u0131\u015ft\u0131r\u0131l\u0131r ve kullan\u0131l\u0131r. Allantoin soya fasulyesi \u00fcretiminin art\u0131r\u0131lmas\u0131nda belirleyici bir rol oynamas\u0131na ra\u011fmen, mahsuldeki i\u00e7eri\u011fi \u00e7ok azd\u0131r. \u00dcr\u00fcn\u00fcn kendisi taraf\u0131ndan \u00fcretilen allantoin konsantrasyonunu yapay olarak kontrol etmek imkans\u0131zd\u0131r. Bu nedenle, soya fasulyesinin \u00e7i\u00e7eklenme d\u00f6neminde ula\u015f\u0131lacakt\u0131r. Soya fasulyesinin \u00fcreme b\u00fcy\u00fcmesinin ihtiya\u00e7lar\u0131n\u0131 kar\u015f\u0131lamak ve soya fasulyesi \u00fcretimini art\u0131rma amac\u0131na ula\u015fmak i\u00e7in \u00fcreme oksini rol\u00fcn\u00fc oynamak i\u00e7in olgunluk d\u00f6neminde allantoin p\u00fcsk\u00fcrt\u00fcn. \u00fclkem, on milyarlarca katrilyonluk toplam mahsul \u00fcretimi ile b\u00fcy\u00fck bir tar\u0131m \u00fclkesidir. \u00dcretimde art\u0131\u015f sa\u011flanabilirse, end\u00fcstriyel ve tar\u0131msal \u00fcretim, insanlar\u0131n ya\u015famlar\u0131 ve d\u0131\u015f ticaret i\u00e7in b\u00fcy\u00fck \u00f6nem ta\u015f\u0131yan makul bir say\u0131 olacakt\u0131r.<\/h4>\n<h2><strong>AllantoinPaketleme ve Nakliye<\/strong><\/h2>\n<h4>25kg\/davul<\/h4>\n<h2><strong>Allantoin Depolama<\/strong><\/h2>\n<h4>D\u00fc\u015f\u00fck s\u0131cakl\u0131kta, kuru, do\u011frudan g\u00fcne\u015f \u0131\u015f\u0131\u011f\u0131ndan ka\u00e7\u0131n\u0131n.<\/h4>\n<h2><strong>\u015eimdi Bize Ula\u015f\u0131n!<\/strong><\/h2>\n<h4>\u00d6zelle\u015ftirilmi\u015f hizmetleri kabul ediyoruz, genellikle 24 saat i\u00e7inde sizinle ileti\u015fime ge\u00e7ece\u011fiz. Ayr\u0131ca mesai saatleri i\u00e7inde (8:30 - 6:00 UTC+8 Pzt.~Sat.) info@longchangchemical.com adresine e-posta g\u00f6nderebilir veya h\u0131zl\u0131 yan\u0131t almak i\u00e7in web sitesi canl\u0131 sohbetini kullanabilirsiniz.<\/h4>","protected":false},"excerpt":{"rendered":"<h1><strong>Allantoin CAS 97-59-6<\/strong><\/h1>\n<h4>Kimyasal Ad\u0131: Allantoin<\/h4>\n<h4>CAS No: 97-59-6<\/h4>\n<h4>Molek\u00fcler Form\u00fcl: C4H6N4O3<\/h4>\n<h4>Kimyasal Yap\u0131:<img decoding=\"async\" title=\"image.png\" src=\"https:\/\/www.longchangchemical.com\/wp-content\/uploads\/product-details\/20200617233976.png\" alt=\"image.png\" \/><\/h4>\n<h4>Molek\u00fcl a\u011f\u0131rl\u0131\u011f\u0131:158.12<\/h4>\n<h4>G\u00f6r\u00fcn\u00fc\u015f: Beyaz kristal toz<\/h4>\n<h4>Assay\uff1a98.5%-101%<\/h4>","protected":false},"featured_media":3385,"comment_status":"open","ping_status":"closed","template":"","meta":[],"product_brand":[],"product_cat":[103],"product_tag":[],"class_list":{"0":"post-3384","1":"product","2":"type-product","3":"status-publish","4":"has-post-thumbnail","6":"product_cat-cosmetic-additives","8":"first","9":"instock","10":"shipping-taxable","11":"product-type-simple"},"yoast_head":"<!-- This site is optimized with the Yoast SEO plugin v25.3.1 - https:\/\/yoast.com\/wordpress\/plugins\/seo\/ -->\n<title>China Allantoin cas 97-59-6 manufacturer and supplier - Longchang Chemical<\/title>\n<meta name=\"description\" content=\"Longchang Chemical is a leading manufacturer and supplier of Allantoin cas 97-59-6 in China. Buy Allantoin cas 97-59-6 in china. We can provide the best Allantoin price.\" \/>\n<meta name=\"robots\" content=\"index, follow, max-snippet:-1, max-image-preview:large, max-video-preview:-1\" \/>\n<link rel=\"canonical\" href=\"https:\/\/longchangchemical.com\/tr\/product\/allantoin-cas-97-59-6\/\" \/>\n<meta property=\"og:locale\" content=\"tr_TR\" \/>\n<meta property=\"og:type\" content=\"article\" \/>\n<meta property=\"og:title\" content=\"China Allantoin cas 97-59-6 manufacturer and supplier - Longchang Chemical\" \/>\n<meta property=\"og:description\" content=\"Longchang Chemical is a leading manufacturer and supplier of Allantoin cas 97-59-6 in China. Buy Allantoin cas 97-59-6 in china. We can provide the best Allantoin price.\" \/>\n<meta property=\"og:url\" content=\"https:\/\/longchangchemical.com\/tr\/product\/allantoin-cas-97-59-6\/\" \/>\n<meta property=\"og:site_name\" content=\"Longchang Chemical\" \/>\n<meta property=\"article:modified_time\" content=\"2025-12-23T03:34:58+00:00\" \/>\n<meta property=\"og:image\" content=\"https:\/\/longchangchemical.com\/wp-content\/uploads\/2020\/10\/Appearnce.jpg\" \/>\n\t<meta property=\"og:image:width\" content=\"600\" \/>\n\t<meta property=\"og:image:height\" content=\"800\" \/>\n\t<meta property=\"og:image:type\" content=\"image\/jpeg\" \/>\n<meta name=\"twitter:card\" content=\"summary_large_image\" \/>\n<script type=\"application\/ld+json\" class=\"yoast-schema-graph\">{\"@context\":\"https:\/\/schema.org\",\"@graph\":[{\"@type\":\"WebPage\",\"@id\":\"https:\/\/longchangchemical.com\/product\/allantoin-cas-97-59-6\/\",\"url\":\"https:\/\/longchangchemical.com\/product\/allantoin-cas-97-59-6\/\",\"name\":\"China Allantoin cas 97-59-6 manufacturer and supplier - Longchang Chemical\",\"isPartOf\":{\"@id\":\"https:\/\/longchangchemical.com\/#website\"},\"primaryImageOfPage\":{\"@id\":\"https:\/\/longchangchemical.com\/product\/allantoin-cas-97-59-6\/#primaryimage\"},\"image\":{\"@id\":\"https:\/\/longchangchemical.com\/product\/allantoin-cas-97-59-6\/#primaryimage\"},\"thumbnailUrl\":\"https:\/\/longchangchemical.com\/wp-content\/uploads\/2020\/10\/Appearnce.jpg\",\"datePublished\":\"2020-10-24T06:34:00+00:00\",\"dateModified\":\"2025-12-23T03:34:58+00:00\",\"description\":\"Longchang Chemical is a leading manufacturer and supplier of Allantoin cas 97-59-6 in China. Buy Allantoin cas 97-59-6 in china. We can provide the best Allantoin price.\",\"breadcrumb\":{\"@id\":\"https:\/\/longchangchemical.com\/product\/allantoin-cas-97-59-6\/#breadcrumb\"},\"inLanguage\":\"tr\",\"potentialAction\":[{\"@type\":\"ReadAction\",\"target\":[\"https:\/\/longchangchemical.com\/product\/allantoin-cas-97-59-6\/\"]}]},{\"@type\":\"ImageObject\",\"inLanguage\":\"tr\",\"@id\":\"https:\/\/longchangchemical.com\/product\/allantoin-cas-97-59-6\/#primaryimage\",\"url\":\"https:\/\/longchangchemical.com\/wp-content\/uploads\/2020\/10\/Appearnce.jpg\",\"contentUrl\":\"https:\/\/longchangchemical.com\/wp-content\/uploads\/2020\/10\/Appearnce.jpg\",\"width\":600,\"height\":800,\"caption\":\"Allantoin Appearance\"},{\"@type\":\"BreadcrumbList\",\"@id\":\"https:\/\/longchangchemical.com\/product\/allantoin-cas-97-59-6\/#breadcrumb\",\"itemListElement\":[{\"@type\":\"ListItem\",\"position\":1,\"name\":\"Home\",\"item\":\"https:\/\/longchangchemical.com\/\"},{\"@type\":\"ListItem\",\"position\":2,\"name\":\"Products Longchang\",\"item\":\"https:\/\/longchangchemical.com\/product\/\"},{\"@type\":\"ListItem\",\"position\":3,\"name\":\"Allantoin cas 97-59-6\"}]},{\"@type\":\"WebSite\",\"@id\":\"https:\/\/longchangchemical.com\/#website\",\"url\":\"https:\/\/longchangchemical.com\/\",\"name\":\"Longchang Chemical\",\"description\":\"China chemical manufacturer \uff06 supplier\",\"publisher\":{\"@id\":\"https:\/\/longchangchemical.com\/#organization\"},\"potentialAction\":[{\"@type\":\"SearchAction\",\"target\":{\"@type\":\"EntryPoint\",\"urlTemplate\":\"https:\/\/longchangchemical.com\/?s={search_term_string}\"},\"query-input\":{\"@type\":\"PropertyValueSpecification\",\"valueRequired\":true,\"valueName\":\"search_term_string\"}}],\"inLanguage\":\"tr\"},{\"@type\":\"Organization\",\"@id\":\"https:\/\/longchangchemical.com\/#organization\",\"name\":\"Longchang Chemical\",\"url\":\"https:\/\/longchangchemical.com\/\",\"logo\":{\"@type\":\"ImageObject\",\"inLanguage\":\"tr\",\"@id\":\"https:\/\/longchangchemical.com\/#\/schema\/logo\/image\/\",\"url\":\"https:\/\/longchangchemical.com\/wp-content\/uploads\/2020\/08\/cropped-longchang-logo.png\",\"contentUrl\":\"https:\/\/longchangchemical.com\/wp-content\/uploads\/2020\/08\/cropped-longchang-logo.png\",\"width\":512,\"height\":512,\"caption\":\"Longchang Chemical\"},\"image\":{\"@id\":\"https:\/\/longchangchemical.com\/#\/schema\/logo\/image\/\"}}]}<\/script>\n<!-- \/ Yoast SEO plugin. -->","yoast_head_json":{"title":"\u00c7in Allantoin cas 97-59-6 \u00fcretici ve tedarik\u00e7i - Longchang Chemical","description":"Longchang Chemical, \u00c7in'de Allantoin cas 97-59-6'n\u0131n lider \u00fcreticisi ve tedarik\u00e7isidir. \u00c7in'de Allantoin cas 97-59-6 sat\u0131n al\u0131n. En iyi Allantoin fiyat\u0131n\u0131 sa\u011flayabiliriz.","robots":{"index":"index","follow":"follow","max-snippet":"max-snippet:-1","max-image-preview":"max-image-preview:large","max-video-preview":"max-video-preview:-1"},"canonical":"https:\/\/longchangchemical.com\/tr\/product\/allantoin-cas-97-59-6\/","og_locale":"tr_TR","og_type":"article","og_title":"China Allantoin cas 97-59-6 manufacturer and supplier - Longchang Chemical","og_description":"Longchang Chemical is a leading manufacturer and supplier of Allantoin cas 97-59-6 in China. Buy Allantoin cas 97-59-6 in china. We can provide the best Allantoin price.","og_url":"https:\/\/longchangchemical.com\/tr\/product\/allantoin-cas-97-59-6\/","og_site_name":"Longchang Chemical","article_modified_time":"2025-12-23T03:34:58+00:00","og_image":[{"width":600,"height":800,"url":"https:\/\/longchangchemical.com\/wp-content\/uploads\/2020\/10\/Appearnce.jpg","type":"image\/jpeg"}],"twitter_card":"summary_large_image","schema":{"@context":"https:\/\/schema.org","@graph":[{"@type":"WebPage","@id":"https:\/\/longchangchemical.com\/product\/allantoin-cas-97-59-6\/","url":"https:\/\/longchangchemical.com\/product\/allantoin-cas-97-59-6\/","name":"\u00c7in Allantoin cas 97-59-6 \u00fcretici ve tedarik\u00e7i - Longchang Chemical","isPartOf":{"@id":"https:\/\/longchangchemical.com\/#website"},"primaryImageOfPage":{"@id":"https:\/\/longchangchemical.com\/product\/allantoin-cas-97-59-6\/#primaryimage"},"image":{"@id":"https:\/\/longchangchemical.com\/product\/allantoin-cas-97-59-6\/#primaryimage"},"thumbnailUrl":"https:\/\/longchangchemical.com\/wp-content\/uploads\/2020\/10\/Appearnce.jpg","datePublished":"2020-10-24T06:34:00+00:00","dateModified":"2025-12-23T03:34:58+00:00","description":"Longchang Chemical, \u00c7in'de Allantoin cas 97-59-6'n\u0131n lider \u00fcreticisi ve tedarik\u00e7isidir. \u00c7in'de Allantoin cas 97-59-6 sat\u0131n al\u0131n. En iyi Allantoin fiyat\u0131n\u0131 sa\u011flayabiliriz.","breadcrumb":{"@id":"https:\/\/longchangchemical.com\/product\/allantoin-cas-97-59-6\/#breadcrumb"},"inLanguage":"tr","potentialAction":[{"@type":"ReadAction","target":["https:\/\/longchangchemical.com\/product\/allantoin-cas-97-59-6\/"]}]},{"@type":"ImageObject","inLanguage":"tr","@id":"https:\/\/longchangchemical.com\/product\/allantoin-cas-97-59-6\/#primaryimage","url":"https:\/\/longchangchemical.com\/wp-content\/uploads\/2020\/10\/Appearnce.jpg","contentUrl":"https:\/\/longchangchemical.com\/wp-content\/uploads\/2020\/10\/Appearnce.jpg","width":600,"height":800,"caption":"Allantoin Appearance"},{"@type":"BreadcrumbList","@id":"https:\/\/longchangchemical.com\/product\/allantoin-cas-97-59-6\/#breadcrumb","itemListElement":[{"@type":"ListItem","position":1,"name":"Home","item":"https:\/\/longchangchemical.com\/"},{"@type":"ListItem","position":2,"name":"Products Longchang","item":"https:\/\/longchangchemical.com\/product\/"},{"@type":"ListItem","position":3,"name":"Allantoin cas 97-59-6"}]},{"@type":"WebSite","@id":"https:\/\/longchangchemical.com\/#website","url":"https:\/\/longchangchemical.com\/","name":"Longchang Kimya","description":"\u00c7in kimyasal \u00fcreticisi \uff06 tedarik\u00e7isi","publisher":{"@id":"https:\/\/longchangchemical.com\/#organization"},"potentialAction":[{"@type":"SearchAction","target":{"@type":"EntryPoint","urlTemplate":"https:\/\/longchangchemical.com\/?s={search_term_string}"},"query-input":{"@type":"PropertyValueSpecification","valueRequired":true,"valueName":"search_term_string"}}],"inLanguage":"tr"},{"@type":"Organization","@id":"https:\/\/longchangchemical.com\/#organization","name":"Longchang Kimya","url":"https:\/\/longchangchemical.com\/","logo":{"@type":"ImageObject","inLanguage":"tr","@id":"https:\/\/longchangchemical.com\/#\/schema\/logo\/image\/","url":"https:\/\/longchangchemical.com\/wp-content\/uploads\/2020\/08\/cropped-longchang-logo.png","contentUrl":"https:\/\/longchangchemical.com\/wp-content\/uploads\/2020\/08\/cropped-longchang-logo.png","width":512,"height":512,"caption":"Longchang Chemical"},"image":{"@id":"https:\/\/longchangchemical.com\/#\/schema\/logo\/image\/"}}]}},"_links":{"self":[{"href":"https:\/\/longchangchemical.com\/tr\/wp-json\/wp\/v2\/product\/3384","targetHints":{"allow":["GET"]}}],"collection":[{"href":"https:\/\/longchangchemical.com\/tr\/wp-json\/wp\/v2\/product"}],"about":[{"href":"https:\/\/longchangchemical.com\/tr\/wp-json\/wp\/v2\/types\/product"}],"replies":[{"embeddable":true,"href":"https:\/\/longchangchemical.com\/tr\/wp-json\/wp\/v2\/comments?post=3384"}],"wp:featuredmedia":[{"embeddable":true,"href":"https:\/\/longchangchemical.com\/tr\/wp-json\/wp\/v2\/media\/3385"}],"wp:attachment":[{"href":"https:\/\/longchangchemical.com\/tr\/wp-json\/wp\/v2\/media?parent=3384"}],"wp:term":[{"taxonomy":"product_brand","embeddable":true,"href":"https:\/\/longchangchemical.com\/tr\/wp-json\/wp\/v2\/product_brand?post=3384"},{"taxonomy":"product_cat","embeddable":true,"href":"https:\/\/longchangchemical.com\/tr\/wp-json\/wp\/v2\/product_cat?post=3384"},{"taxonomy":"product_tag","embeddable":true,"href":"https:\/\/longchangchemical.com\/tr\/wp-json\/wp\/v2\/product_tag?post=3384"}],"curies":[{"name":"wp","href":"https:\/\/api.w.org\/{rel}","templated":true}]}}