{"id":3382,"date":"2020-10-23T12:00:12","date_gmt":"2020-10-23T12:00:12","guid":{"rendered":"https:\/\/longchangchemical.com\/?post_type=product&#038;p=3382"},"modified":"2026-05-08T02:59:26","modified_gmt":"2026-05-08T02:59:26","slug":"hals-119-light-stabilizer-119-chimassorb-119","status":"publish","type":"product","link":"https:\/\/longchangchemical.com\/tr\/product\/hals-119-light-stabilizer-119-chimassorb-119\/","title":{"rendered":"CHLUMILS\u00ae UV-119 \/ HALS 119 \/ I\u015f\u0131k Sabitleyici 119 \/ Chimassorb 119 CAS 106990-43-6"},"content":{"rendered":"<h2><strong>UV-119 Chimassorb 119 Tipik \u00d6zellikler<\/strong><\/h2>\n<table class=\"table-1\">\n<tbody>\n<tr>\n<td width=\"284\">\n<h4><strong><b>\u00d6\u011fe<\/b><\/strong><\/h4>\n<\/td>\n<td width=\"284\">\n<h4><strong><b>Teknik \u00d6zellikler<\/b><\/strong><\/h4>\n<\/td>\n<\/tr>\n<tr>\n<td width=\"284\">\n<h4>G\u00f6r\u00fcn\u00fc\u015f<\/h4>\n<\/td>\n<td width=\"284\">\n<h4>Beyaz veya a\u00e7\u0131k sar\u0131 gran\u00fcller<\/h4>\n<\/td>\n<\/tr>\n<tr>\n<td width=\"284\">\n<h4>U\u00e7ucu Maddeler<\/h4>\n<\/td>\n<td width=\"284\">\n<h4>\u22640,50%<\/h4>\n<\/td>\n<\/tr>\n<tr>\n<td width=\"284\">\n<h4>K\u00fcl<\/h4>\n<\/td>\n<td width=\"284\">\n<h4>\u22640,1%<\/h4>\n<\/td>\n<\/tr>\n<tr>\n<td width=\"284\">\n<h4>Yumu\u015fama Noktas\u0131<\/h4>\n<\/td>\n<td width=\"284\">\n<h4>120-135\u2103<\/h4>\n<\/td>\n<\/tr>\n<tr>\n<td width=\"284\">\n<h4>Chroma (Apah)<\/h4>\n<\/td>\n<td width=\"284\">\n<h4>\u2264100<\/h4>\n<\/td>\n<\/tr>\n<tr>\n<td width=\"284\">\n<h4>I\u015f\u0131k Ge\u00e7irgenli\u011fi<\/h4>\n<h4>\uff08425nm\uff09<\/h4>\n<\/td>\n<td width=\"284\">\n<h4><\/h4>\n<h4>\u226585%<\/h4>\n<\/td>\n<\/tr>\n<tr>\n<td width=\"284\">\n<h4>I\u015f\u0131k Ge\u00e7irgenli\u011fi<\/h4>\n<h4>\uff08450nm\uff09<\/h4>\n<\/td>\n<td width=\"284\">\n<h4><\/h4>\n<h4>\u226587%<\/h4>\n<\/td>\n<\/tr>\n<tr>\n<td width=\"284\">\n<h4>I\u015f\u0131k Ge\u00e7irgenli\u011fi<\/h4>\n<h4>\uff08500nm\uff09<\/h4>\n<\/td>\n<td width=\"284\">\n<h4><\/h4>\n<h4>\u226589%<\/h4>\n<\/td>\n<\/tr>\n<\/tbody>\n<\/table>\n<h2><\/h2>\n<h2><strong>Chimassorb 119 Kullan\u0131m\u0131<\/strong><\/h2>\n<h4>1. \u00dcr\u00fcn \u00f6zellikle PE tar\u0131msal sera filmi, PP elyaflar, talk pudras\u0131 ile doldurulmu\u015f PP ve TPO otomotiv par\u00e7alar\u0131n\u0131n kullan\u0131m\u0131 i\u00e7in uygundur.<br \/>\n2. Toz boyalar\u0131n yan\u0131 s\u0131ra EVA, EPDM, PA, PET, PMMA ve di\u011fer malzemelerde de kullan\u0131labilir.<\/h4>\n<p>&nbsp;<\/p>\n<h2><strong>Chimassorb 119 Ambalaj<\/strong><\/h2>\n<h4>25kg karton i\u00e7 plastik torba ile veya m\u00fc\u015fterinin ihtiyac\u0131na g\u00f6re.<\/h4>\n<p>&nbsp;<\/p>\n<h2><strong>Chimassorb 119 Depolama<\/strong><\/h2>\n<h4>Kab\u0131 kuru ve iyi havaland\u0131r\u0131lan bir yerde s\u0131k\u0131ca kapal\u0131 tutun.<\/h4>\n<p>&nbsp;<\/p>\n<h2><strong>Ayn\u0131 seri \u00fcr\u00fcnler<\/strong><\/h2>\n<table width=\"546\">\n<tbody>\n<tr>\n<td width=\"399\">\n<h4><a href=\"https:\/\/longchangchemical.com\/tr\/product\/hals-119-light-stabilizer-119-chimassorb-119\/\"><span style=\"color: #0000ff;\">HALS 119 \/ I\u015eIK DENGELEYICI 119 \/ CHIMASSORB 119<\/span><\/a><\/h4>\n<\/td>\n<td width=\"147\">\n<h4>106990-43-6<\/h4>\n<\/td>\n<\/tr>\n<tr>\n<td>\n<h4><a href=\"https:\/\/longchangchemical.com\/tr\/product\/light-stabilizer-123-tinuvin-123-cas-129757-67-1\/\"><span style=\"color: #0000ff;\">HALS 123 \/ I\u015eIK DENGELEYICI 123 \/ TINUVIN 123<\/span><\/a><\/h4>\n<\/td>\n<td>\n<h4>129757-67-1<\/h4>\n<\/td>\n<\/tr>\n<tr>\n<td>\n<h4><a href=\"https:\/\/longchangchemical.com\/tr\/product\/light-stabilizer-622-tinuvin-622-cas-65447-77-0\/\"><span style=\"color: #0000ff;\">HALS 622 \/ I\u015eIK DENGELEYICI 622 \/ TINUVIN 622<\/span><\/a><\/h4>\n<\/td>\n<td>\n<h4><span style=\"color: #000000;\">65447-77-0<\/span><\/h4>\n<\/td>\n<\/tr>\n<tr>\n<td>\n<h4><a href=\"https:\/\/longchangchemical.com\/tr\/product\/light-stabilizer-770-tinuvin-770-cas-52829-07-9\/\"><span style=\"color: #0000ff;\">HALS 770 \/ I\u015eIK DENGELEYICI 770 \/ TINUVIN 770<\/span><\/a><\/h4>\n<\/td>\n<td>\n<h4>52829-07-9<\/h4>\n<\/td>\n<\/tr>\n<tr>\n<td>\n<h4><a href=\"https:\/\/longchangchemical.com\/tr\/product\/uv-light-stabilizer-783-tinuvin-783\/\"><span style=\"color: #0000ff;\">HALS 783 \/ UV I\u015eIK DENGELEYICI 783 \/ TINUVIN 783<\/span><\/a><\/h4>\n<\/td>\n<td><\/td>\n<\/tr>\n<tr>\n<td>\n<h4><a href=\"https:\/\/longchangchemical.com\/tr\/product\/light-stabilizer-791-tinuvin-791\/\"><span style=\"color: #0000ff;\">HALS 791 \/ I\u015eIK DENGELEYICI 791 \/ TINUVIN 791<\/span><\/a><\/h4>\n<\/td>\n<td><\/td>\n<\/tr>\n<tr>\n<td>\n<h4><a href=\"https:\/\/longchangchemical.com\/tr\/product\/light-stabilizer-944-cas-70624-18-9\/\"><span style=\"color: #0000ff;\">HALS 944 I\u015eIK DENGELEYICI-944 CHIMASORB 944<\/span><\/a><\/h4>\n<\/td>\n<td>\n<h4>70624-18-9 \/ 71878-19-8<\/h4>\n<\/td>\n<\/tr>\n<\/tbody>\n<\/table>\n<p>&nbsp;<\/p>\n<h2><strong><b>\u015eimdi Bize Ula\u015f\u0131n!<\/b><\/strong><\/h2>\n<h4><strong><b>COA, MSDS veya TDS'ye ihtiyac\u0131n\u0131z varsa, l\u00fctfen a\u015fa\u011f\u0131daki forma ileti\u015fim bilgilerinizi girin, genellikle 24 saat i\u00e7inde sizinle ileti\u015fime ge\u00e7ece\u011fiz. Bana e-posta da g\u00f6nderebilirsiniz <span style=\"color: #0000ff;\"><a style=\"color: #0000ff;\" href=\"mailto:info@longchangchemical.com\">info@longchangchemical.com<\/a><\/span> \u00c7al\u0131\u015fma saatleri i\u00e7inde (8:30 - 6:00 UTC+8 Pzt.~Sat.) veya h\u0131zl\u0131 yan\u0131t almak i\u00e7in web sitesi canl\u0131 sohbetini kullan\u0131n.<\/b><\/strong><\/h4>","protected":false},"excerpt":{"rendered":"<p>Kimyasal Ad\u0131: Chimassorb 119<\/p>\n<p>Di\u011fer isimler: HALS 119; I\u015f\u0131k dengeleyici 119<\/p>\n<p>CAS No: 106990-43-6<\/p>\n<p>Molek\u00fcler Form\u00fcl: C132H250N32<\/p>\n<p>Molek\u00fcl a\u011f\u0131rl\u0131\u011f\u0131: 2285.61<\/p>\n<p>G\u00f6r\u00fcn\u00fc\u015f: Beyaz veya a\u00e7\u0131k sar\u0131 gran\u00fcller<\/p>","protected":false},"featured_media":3383,"comment_status":"open","ping_status":"closed","template":"","meta":[],"product_brand":[],"product_cat":[104],"product_tag":[],"class_list":{"0":"post-3382","1":"product","2":"type-product","3":"status-publish","4":"has-post-thumbnail","6":"product_cat-light-stabilizer","8":"first","9":"instock","10":"shipping-taxable","11":"product-type-simple"},"yoast_head":"<!-- This site is optimized with the Yoast SEO plugin v25.3.1 - https:\/\/yoast.com\/wordpress\/plugins\/seo\/ -->\n<title>China HALS 119 \/ Light Stabilizer 119 \/ Chimassorb 119 CAS 106990-43-6 manufacturer and supplier - Longchang Chemical<\/title>\n<meta name=\"description\" content=\"Longchang Chemical is a leading manufacturer and supplier of HALS 119 \/ Light Stabilizer 119 \/ Chimassorb 119 in China. Buy Chimassorb 119 in china. We can provide the best Chimassorb 119 price.\" \/>\n<meta name=\"robots\" content=\"index, follow, max-snippet:-1, max-image-preview:large, max-video-preview:-1\" \/>\n<link rel=\"canonical\" href=\"https:\/\/longchangchemical.com\/tr\/product\/hals-119-light-stabilizer-119-chimassorb-119\/\" \/>\n<meta property=\"og:locale\" content=\"tr_TR\" \/>\n<meta property=\"og:type\" content=\"article\" \/>\n<meta property=\"og:title\" content=\"China HALS 119 \/ Light Stabilizer 119 \/ Chimassorb 119 CAS 106990-43-6 manufacturer and supplier - Longchang Chemical\" \/>\n<meta property=\"og:description\" content=\"Longchang Chemical is a leading manufacturer and supplier of HALS 119 \/ Light Stabilizer 119 \/ Chimassorb 119 in China. Buy Chimassorb 119 in china. We can provide the best Chimassorb 119 price.\" \/>\n<meta property=\"og:url\" content=\"https:\/\/longchangchemical.com\/tr\/product\/hals-119-light-stabilizer-119-chimassorb-119\/\" \/>\n<meta property=\"og:site_name\" content=\"Longchang Chemical\" \/>\n<meta property=\"article:modified_time\" content=\"2026-05-08T02:59:26+00:00\" \/>\n<meta property=\"og:image\" content=\"https:\/\/longchangchemical.com\/wp-content\/uploads\/2020\/10\/Chimassorb-119-Appearance.jpg\" \/>\n\t<meta property=\"og:image:width\" content=\"600\" \/>\n\t<meta property=\"og:image:height\" content=\"800\" \/>\n\t<meta property=\"og:image:type\" content=\"image\/jpeg\" \/>\n<meta name=\"twitter:card\" content=\"summary_large_image\" \/>\n<script type=\"application\/ld+json\" class=\"yoast-schema-graph\">{\"@context\":\"https:\/\/schema.org\",\"@graph\":[{\"@type\":\"WebPage\",\"@id\":\"https:\/\/longchangchemical.com\/product\/hals-119-light-stabilizer-119-chimassorb-119\/\",\"url\":\"https:\/\/longchangchemical.com\/product\/hals-119-light-stabilizer-119-chimassorb-119\/\",\"name\":\"China HALS 119 \/ Light Stabilizer 119 \/ Chimassorb 119 CAS 106990-43-6 manufacturer and supplier - Longchang Chemical\",\"isPartOf\":{\"@id\":\"https:\/\/longchangchemical.com\/#website\"},\"primaryImageOfPage\":{\"@id\":\"https:\/\/longchangchemical.com\/product\/hals-119-light-stabilizer-119-chimassorb-119\/#primaryimage\"},\"image\":{\"@id\":\"https:\/\/longchangchemical.com\/product\/hals-119-light-stabilizer-119-chimassorb-119\/#primaryimage\"},\"thumbnailUrl\":\"https:\/\/longchangchemical.com\/wp-content\/uploads\/2020\/10\/Chimassorb-119-Appearance.jpg\",\"datePublished\":\"2020-10-23T12:00:12+00:00\",\"dateModified\":\"2026-05-08T02:59:26+00:00\",\"description\":\"Longchang Chemical is a leading manufacturer and supplier of HALS 119 \/ Light Stabilizer 119 \/ Chimassorb 119 in China. Buy Chimassorb 119 in china. We can provide the best Chimassorb 119 price.\",\"breadcrumb\":{\"@id\":\"https:\/\/longchangchemical.com\/product\/hals-119-light-stabilizer-119-chimassorb-119\/#breadcrumb\"},\"inLanguage\":\"tr\",\"potentialAction\":[{\"@type\":\"ReadAction\",\"target\":[\"https:\/\/longchangchemical.com\/product\/hals-119-light-stabilizer-119-chimassorb-119\/\"]}]},{\"@type\":\"ImageObject\",\"inLanguage\":\"tr\",\"@id\":\"https:\/\/longchangchemical.com\/product\/hals-119-light-stabilizer-119-chimassorb-119\/#primaryimage\",\"url\":\"https:\/\/longchangchemical.com\/wp-content\/uploads\/2020\/10\/Chimassorb-119-Appearance.jpg\",\"contentUrl\":\"https:\/\/longchangchemical.com\/wp-content\/uploads\/2020\/10\/Chimassorb-119-Appearance.jpg\",\"width\":600,\"height\":800,\"caption\":\"Chimassorb 119 Appearance\"},{\"@type\":\"BreadcrumbList\",\"@id\":\"https:\/\/longchangchemical.com\/product\/hals-119-light-stabilizer-119-chimassorb-119\/#breadcrumb\",\"itemListElement\":[{\"@type\":\"ListItem\",\"position\":1,\"name\":\"Home\",\"item\":\"https:\/\/longchangchemical.com\/\"},{\"@type\":\"ListItem\",\"position\":2,\"name\":\"Products Longchang\",\"item\":\"https:\/\/longchangchemical.com\/product\/\"},{\"@type\":\"ListItem\",\"position\":3,\"name\":\"CHLUMILS\u00ae UV-119 \/ HALS 119 \/ Light Stabilizer 119 \/ Chimassorb 119 CAS 106990-43-6\"}]},{\"@type\":\"WebSite\",\"@id\":\"https:\/\/longchangchemical.com\/#website\",\"url\":\"https:\/\/longchangchemical.com\/\",\"name\":\"Longchang Chemical\",\"description\":\"China chemical manufacturer \uff06 supplier\",\"publisher\":{\"@id\":\"https:\/\/longchangchemical.com\/#organization\"},\"potentialAction\":[{\"@type\":\"SearchAction\",\"target\":{\"@type\":\"EntryPoint\",\"urlTemplate\":\"https:\/\/longchangchemical.com\/?s={search_term_string}\"},\"query-input\":{\"@type\":\"PropertyValueSpecification\",\"valueRequired\":true,\"valueName\":\"search_term_string\"}}],\"inLanguage\":\"tr\"},{\"@type\":\"Organization\",\"@id\":\"https:\/\/longchangchemical.com\/#organization\",\"name\":\"Longchang Chemical\",\"url\":\"https:\/\/longchangchemical.com\/\",\"logo\":{\"@type\":\"ImageObject\",\"inLanguage\":\"tr\",\"@id\":\"https:\/\/longchangchemical.com\/#\/schema\/logo\/image\/\",\"url\":\"https:\/\/longchangchemical.com\/wp-content\/uploads\/2020\/08\/cropped-longchang-logo.png\",\"contentUrl\":\"https:\/\/longchangchemical.com\/wp-content\/uploads\/2020\/08\/cropped-longchang-logo.png\",\"width\":512,\"height\":512,\"caption\":\"Longchang Chemical\"},\"image\":{\"@id\":\"https:\/\/longchangchemical.com\/#\/schema\/logo\/image\/\"}}]}<\/script>\n<!-- \/ Yoast SEO plugin. -->","yoast_head_json":{"title":"\u00c7in HALS 119 \/ I\u015f\u0131k Sabitleyici 119 \/ Chimassorb 119 CAS 106990-43-6 \u00fcretici ve tedarik\u00e7i - Longchang Chemical","description":"Longchang Chemical, \u00c7in'de HALS 119 \/ Light Stabilizer 119 \/ Chimassorb 119'un lider \u00fcreticisi ve tedarik\u00e7isidir. \u00c7in'de Chimassorb 119 sat\u0131n al\u0131n. En iyi Chimassorb 119 fiyat\u0131n\u0131 sa\u011flayabiliriz.","robots":{"index":"index","follow":"follow","max-snippet":"max-snippet:-1","max-image-preview":"max-image-preview:large","max-video-preview":"max-video-preview:-1"},"canonical":"https:\/\/longchangchemical.com\/tr\/product\/hals-119-light-stabilizer-119-chimassorb-119\/","og_locale":"tr_TR","og_type":"article","og_title":"China HALS 119 \/ Light Stabilizer 119 \/ Chimassorb 119 CAS 106990-43-6 manufacturer and supplier - Longchang Chemical","og_description":"Longchang Chemical is a leading manufacturer and supplier of HALS 119 \/ Light Stabilizer 119 \/ Chimassorb 119 in China. Buy Chimassorb 119 in china. We can provide the best Chimassorb 119 price.","og_url":"https:\/\/longchangchemical.com\/tr\/product\/hals-119-light-stabilizer-119-chimassorb-119\/","og_site_name":"Longchang Chemical","article_modified_time":"2026-05-08T02:59:26+00:00","og_image":[{"width":600,"height":800,"url":"https:\/\/longchangchemical.com\/wp-content\/uploads\/2020\/10\/Chimassorb-119-Appearance.jpg","type":"image\/jpeg"}],"twitter_card":"summary_large_image","schema":{"@context":"https:\/\/schema.org","@graph":[{"@type":"WebPage","@id":"https:\/\/longchangchemical.com\/product\/hals-119-light-stabilizer-119-chimassorb-119\/","url":"https:\/\/longchangchemical.com\/product\/hals-119-light-stabilizer-119-chimassorb-119\/","name":"\u00c7in HALS 119 \/ I\u015f\u0131k Sabitleyici 119 \/ Chimassorb 119 CAS 106990-43-6 \u00fcretici ve tedarik\u00e7i - Longchang Chemical","isPartOf":{"@id":"https:\/\/longchangchemical.com\/#website"},"primaryImageOfPage":{"@id":"https:\/\/longchangchemical.com\/product\/hals-119-light-stabilizer-119-chimassorb-119\/#primaryimage"},"image":{"@id":"https:\/\/longchangchemical.com\/product\/hals-119-light-stabilizer-119-chimassorb-119\/#primaryimage"},"thumbnailUrl":"https:\/\/longchangchemical.com\/wp-content\/uploads\/2020\/10\/Chimassorb-119-Appearance.jpg","datePublished":"2020-10-23T12:00:12+00:00","dateModified":"2026-05-08T02:59:26+00:00","description":"Longchang Chemical, \u00c7in'de HALS 119 \/ Light Stabilizer 119 \/ Chimassorb 119'un lider \u00fcreticisi ve tedarik\u00e7isidir. \u00c7in'de Chimassorb 119 sat\u0131n al\u0131n. En iyi Chimassorb 119 fiyat\u0131n\u0131 sa\u011flayabiliriz.","breadcrumb":{"@id":"https:\/\/longchangchemical.com\/product\/hals-119-light-stabilizer-119-chimassorb-119\/#breadcrumb"},"inLanguage":"tr","potentialAction":[{"@type":"ReadAction","target":["https:\/\/longchangchemical.com\/product\/hals-119-light-stabilizer-119-chimassorb-119\/"]}]},{"@type":"ImageObject","inLanguage":"tr","@id":"https:\/\/longchangchemical.com\/product\/hals-119-light-stabilizer-119-chimassorb-119\/#primaryimage","url":"https:\/\/longchangchemical.com\/wp-content\/uploads\/2020\/10\/Chimassorb-119-Appearance.jpg","contentUrl":"https:\/\/longchangchemical.com\/wp-content\/uploads\/2020\/10\/Chimassorb-119-Appearance.jpg","width":600,"height":800,"caption":"Chimassorb 119 Appearance"},{"@type":"BreadcrumbList","@id":"https:\/\/longchangchemical.com\/product\/hals-119-light-stabilizer-119-chimassorb-119\/#breadcrumb","itemListElement":[{"@type":"ListItem","position":1,"name":"Home","item":"https:\/\/longchangchemical.com\/"},{"@type":"ListItem","position":2,"name":"Products Longchang","item":"https:\/\/longchangchemical.com\/product\/"},{"@type":"ListItem","position":3,"name":"CHLUMILS\u00ae UV-119 \/ HALS 119 \/ Light Stabilizer 119 \/ Chimassorb 119 CAS 106990-43-6"}]},{"@type":"WebSite","@id":"https:\/\/longchangchemical.com\/#website","url":"https:\/\/longchangchemical.com\/","name":"Longchang Kimya","description":"\u00c7in kimyasal \u00fcreticisi \uff06 tedarik\u00e7isi","publisher":{"@id":"https:\/\/longchangchemical.com\/#organization"},"potentialAction":[{"@type":"SearchAction","target":{"@type":"EntryPoint","urlTemplate":"https:\/\/longchangchemical.com\/?s={search_term_string}"},"query-input":{"@type":"PropertyValueSpecification","valueRequired":true,"valueName":"search_term_string"}}],"inLanguage":"tr"},{"@type":"Organization","@id":"https:\/\/longchangchemical.com\/#organization","name":"Longchang Kimya","url":"https:\/\/longchangchemical.com\/","logo":{"@type":"ImageObject","inLanguage":"tr","@id":"https:\/\/longchangchemical.com\/#\/schema\/logo\/image\/","url":"https:\/\/longchangchemical.com\/wp-content\/uploads\/2020\/08\/cropped-longchang-logo.png","contentUrl":"https:\/\/longchangchemical.com\/wp-content\/uploads\/2020\/08\/cropped-longchang-logo.png","width":512,"height":512,"caption":"Longchang Chemical"},"image":{"@id":"https:\/\/longchangchemical.com\/#\/schema\/logo\/image\/"}}]}},"_links":{"self":[{"href":"https:\/\/longchangchemical.com\/tr\/wp-json\/wp\/v2\/product\/3382","targetHints":{"allow":["GET"]}}],"collection":[{"href":"https:\/\/longchangchemical.com\/tr\/wp-json\/wp\/v2\/product"}],"about":[{"href":"https:\/\/longchangchemical.com\/tr\/wp-json\/wp\/v2\/types\/product"}],"replies":[{"embeddable":true,"href":"https:\/\/longchangchemical.com\/tr\/wp-json\/wp\/v2\/comments?post=3382"}],"wp:featuredmedia":[{"embeddable":true,"href":"https:\/\/longchangchemical.com\/tr\/wp-json\/wp\/v2\/media\/3383"}],"wp:attachment":[{"href":"https:\/\/longchangchemical.com\/tr\/wp-json\/wp\/v2\/media?parent=3382"}],"wp:term":[{"taxonomy":"product_brand","embeddable":true,"href":"https:\/\/longchangchemical.com\/tr\/wp-json\/wp\/v2\/product_brand?post=3382"},{"taxonomy":"product_cat","embeddable":true,"href":"https:\/\/longchangchemical.com\/tr\/wp-json\/wp\/v2\/product_cat?post=3382"},{"taxonomy":"product_tag","embeddable":true,"href":"https:\/\/longchangchemical.com\/tr\/wp-json\/wp\/v2\/product_tag?post=3382"}],"curies":[{"name":"wp","href":"https:\/\/api.w.org\/{rel}","templated":true}]}}