{"id":3375,"date":"2020-10-22T02:49:05","date_gmt":"2020-10-22T02:49:05","guid":{"rendered":"https:\/\/longchangchemical.com\/?post_type=product&#038;p=3375"},"modified":"2026-05-08T02:59:26","modified_gmt":"2026-05-08T02:59:26","slug":"light-stabilizer-791-tinuvin-791","status":"publish","type":"product","link":"https:\/\/longchangchemical.com\/tr\/product\/light-stabilizer-791-tinuvin-791\/","title":{"rendered":"CHLUMILS\u00ae UV-791 \/ HALS 791 \/ I\u015f\u0131k Sabitleyici 791 \/ Tinuvin 791"},"content":{"rendered":"<h2><strong><b>UV-791 \/ Tinuvin <\/b><\/strong><strong><b>791<\/b><\/strong><strong><b> \/ I\u015f\u0131k dengeleyici <\/b><\/strong><strong><b>791<\/b><\/strong><\/h2>\n<table>\n<tbody>\n<tr>\n<td colspan=\"2\" width=\"196\">\n<h4>\u00d6\u011fe<\/h4>\n<\/td>\n<td width=\"119\">\n<h4>Teknik \u00d6zellikler<\/h4>\n<\/td>\n<\/tr>\n<tr>\n<td colspan=\"2\" width=\"196\">\n<h4>G\u00f6r\u00fcn\u00fc\u015f<\/h4>\n<\/td>\n<td width=\"119\">\n<h4>A\u00e7\u0131k sar\u0131 gran\u00fcll\u00fc beyaz<\/h4>\n<\/td>\n<\/tr>\n<tr>\n<td colspan=\"2\" width=\"196\">\n<h4>Erime aral\u0131\u011f\u0131<\/h4>\n<\/td>\n<td width=\"119\">\n<h4>80-130\u2103<\/h4>\n<\/td>\n<\/tr>\n<tr>\n<td colspan=\"2\" width=\"196\">\n<h4>U\u00e7ucu hale getirme<\/h4>\n<\/td>\n<td width=\"119\">\n<h4>Maks.0.50%<\/h4>\n<\/td>\n<\/tr>\n<tr>\n<td rowspan=\"4\" width=\"106\">\n<h4>\u00c7\u00f6z\u00fcn\u00fcrl\u00fck @20 \u2103<\/h4>\n<\/td>\n<td width=\"90\">\n<h4>Su<\/h4>\n<\/td>\n<td width=\"119\">\n<h4>\u00c7\u00f6z\u00fcnmez<\/h4>\n<\/td>\n<\/tr>\n<tr>\n<td width=\"90\">\n<h4>Alkol<\/h4>\n<\/td>\n<td width=\"119\">\n<h4>\u00c7\u00f6z\u00fcnebilir<\/h4>\n<\/td>\n<\/tr>\n<tr>\n<td width=\"90\">\n<h4>Benzen<\/h4>\n<\/td>\n<td width=\"119\">\n<h4>\u00c7\u00f6z\u00fcnebilir<\/h4>\n<\/td>\n<\/tr>\n<tr>\n<td width=\"90\">\n<h4>Asetidin<\/h4>\n<\/td>\n<td width=\"119\">\n<h4>\u00c7\u00f6z\u00fcnebilir<\/h4>\n<\/td>\n<\/tr>\n<tr>\n<td rowspan=\"2\" width=\"106\">\n<h4>Ge\u00e7irgenlik<\/h4>\n<\/td>\n<td width=\"90\">\n<h4>425nm:<\/h4>\n<\/td>\n<td width=\"119\">\n<h4>\u226590.0%<\/h4>\n<\/td>\n<\/tr>\n<tr>\n<td width=\"90\">\n<h4>500nm:<\/h4>\n<\/td>\n<td width=\"119\">\n<h4>\u226595%<\/h4>\n<\/td>\n<\/tr>\n<tr>\n<td colspan=\"2\">\n<h4>K\u00fcl<\/h4>\n<\/td>\n<td>\n<h4>\u22640,1%<\/h4>\n<\/td>\n<\/tr>\n<tr>\n<td colspan=\"2\">\n<h4>Ba\u011f\u0131l yo\u011funluk<\/h4>\n<\/td>\n<td>\n<h4>1.11g\/cm3<\/h4>\n<\/td>\n<\/tr>\n<\/tbody>\n<\/table>\n<h2><strong><b>Tinuvin <\/b><\/strong><strong><b>791 Yap\u0131<\/b><\/strong><\/h2>\n<p><img decoding=\"async\" class=\"size-medium wp-image-3380\" src=\"https:\/\/longchangchemical.com\/wp-content\/uploads\/2020\/10\/Tinuvin-791-Structure-300x231.png\" alt=\"Tinuvin 791 Yap\u0131s\u0131\" width=\"300\" height=\"231\" srcset=\"https:\/\/longchangchemical.com\/wp-content\/uploads\/2020\/10\/Tinuvin-791-Structure-300x231.png 300w, https:\/\/longchangchemical.com\/wp-content\/uploads\/2020\/10\/Tinuvin-791-Structure.png 365w\" sizes=\"(max-width: 300px) 100vw, 300px\" \/><\/p>\n<h2><strong><b>Tinuvin nedir <\/b><\/strong><strong><b>791<\/b><\/strong><strong><b>\u00a0(I\u015f\u0131k dengeleyici <\/b><\/strong><strong><b>791<\/b><\/strong><strong><b>) ?<\/b><\/strong><\/h2>\n<h4>Tinuvin 791, Chimassorb 944 ve Tinuvin770'in sinerjik bir kar\u0131\u015f\u0131m\u0131d\u0131r.  I\u015f\u0131\u011fa ve \u0131s\u0131ya kar\u015f\u0131 m\u00fckemmel ve uzun s\u00fcreli stabilize edici etkiye sahip ko-polimerize HALS; d\u00fc\u015f\u00fck u\u00e7uculuk; zor ekstrakte edilebilir.<\/h4>\n<h2><\/h2>\n<h2><strong><b>Tinuvin <\/b><\/strong><strong><b>791<\/b><\/strong><strong><b>\u00a0(UV I\u015f\u0131k stabilizat\u00f6r\u00fc <\/b><\/strong><strong><b>791<\/b><\/strong><strong><b>) kullan\u0131m<\/b><\/strong><\/h2>\n<h4>1. I\u015f\u0131k stabilizat\u00f6r\u00fc 791 \u00f6zellikle PP, PP\/EPDM ve PP\/PE\/EPDM ko-polimerlerinin kal\u0131n \u00fcr\u00fcnleri ile PP ve HDPE bantlar i\u00e7in uygundur ve m\u00fckemmel y\u00fczey korumas\u0131 sa\u011flar.<\/h4>\n<h4>2. I\u015f\u0131k dengeleyici 791 konsantrasyonlar\u0131, alt tabakaya, i\u015fleme ko\u015fullar\u0131na ve uygulamaya ba\u011fl\u0131 olarak 0,1 % ile 1,0 % aras\u0131nda de\u011fi\u015fir.<\/h4>\n<h4>3. I\u015f\u0131k sabitleyici 791 ev aletleri, ya\u011fmur ge\u00e7irmez kuma\u015f, plastik dokuma \u00e7anta, konteyner \u00e7antas\u0131, jeotekstil, suni \u00e7im, b\u00f6cek ge\u00e7irmez a\u011f, otomobilde kullan\u0131labilir.<\/h4>\n<h2><strong><b>Tinuvin <\/b><\/strong><strong><b>791<\/b><\/strong><strong><b>\u00a0(UV I\u015f\u0131k stabilizat\u00f6r\u00fc <\/b><\/strong><strong><b>791<\/b><\/strong><strong><b>) Paketleme ve Nakliye<\/b><\/strong><\/h2>\n<h4>Paket: 25kg karton i\u00e7 plastik torba ile veya m\u00fc\u015fteri ihtiyac\u0131na g\u00f6re.<\/h4>\n<p>&nbsp;<\/p>\n<h2><strong><b>Tinuvin <\/b><\/strong><strong><b>791<\/b><\/strong><strong><b>\u00a0(UV I\u015f\u0131k stabilizat\u00f6r\u00fc <\/b><\/strong><strong><b>791<\/b><\/strong><strong><b>) Depolama<\/b><\/strong><\/h2>\n<h4>Depolama: Kab\u0131 kuru ve iyi havaland\u0131r\u0131lm\u0131\u015f bir yerde s\u0131k\u0131ca kapal\u0131 tutun.<\/h4>\n<p>&nbsp;<\/p>\n<h2><strong><b>Tinuvin <\/b><\/strong><strong><b>791<\/b><\/strong><strong><b>\u00a0(UV I\u015f\u0131k stabilizat\u00f6r\u00fc <\/b><\/strong><strong><b>791<\/b><\/strong><strong><b>) G\u00fcvenlik<\/b><\/strong><\/h2>\n<h4>\u0130yi end\u00fcstriyel uygulamalara uygun olarak, dikkatli kullan\u0131n ve gereksiz ki\u015fisel temastan ka\u00e7\u0131n\u0131n. S\u00fcrekli veya tekrarl\u0131 toz solumaktan ka\u00e7\u0131n\u0131n. Sadece yeterli havaland\u0131rma ile kullan\u0131n. Toz olu\u015fumundan ve tutu\u015fturucu kaynaklardan ka\u00e7\u0131n\u0131n.<\/h4>\n<h3><strong>Not: G\u00fcne\u015f \u0131\u015f\u0131\u011f\u0131, nem, y\u00fcksek s\u0131cakl\u0131ktan ka\u00e7\u0131n\u0131n, stabilizat\u00f6rler, alev geciktiriciler veya s\u00fclf\u00fcr veya halojen elementler i\u00e7eren pestisitler vb. ile temastan ka\u00e7\u0131n\u0131n, kullanmadan \u00f6nce test edin.<\/strong><\/h3>\n<p>&nbsp;<\/p>\n<h2><strong>Ayn\u0131 seri \u00fcr\u00fcnler<\/strong><\/h2>\n<table width=\"546\">\n<tbody>\n<tr>\n<td width=\"399\">\n<h4><a href=\"https:\/\/longchangchemical.com\/tr\/product\/hals-119-light-stabilizer-119-chimassorb-119\/\"><span style=\"color: #0000ff;\">HALS 119 \/ I\u015eIK DENGELEYICI 119 \/ CHIMASSORB 119<\/span><\/a><\/h4>\n<\/td>\n<td width=\"147\">\n<h4>106990-43-6<\/h4>\n<\/td>\n<\/tr>\n<tr>\n<td>\n<h4><a href=\"https:\/\/longchangchemical.com\/tr\/product\/light-stabilizer-123-tinuvin-123-cas-129757-67-1\/\"><span style=\"color: #0000ff;\">HALS 123 \/ I\u015eIK DENGELEYICI 123 \/ TINUVIN 123<\/span><\/a><\/h4>\n<\/td>\n<td>\n<h4>129757-67-1<\/h4>\n<\/td>\n<\/tr>\n<tr>\n<td>\n<h4><a href=\"https:\/\/longchangchemical.com\/tr\/product\/light-stabilizer-622-tinuvin-622-cas-65447-77-0\/\"><span style=\"color: #0000ff;\">HALS 622 \/ I\u015eIK DENGELEYICI 622 \/ TINUVIN 622<\/span><\/a><\/h4>\n<\/td>\n<td>\n<h4><span style=\"color: #000000;\">65447-77-0<\/span><\/h4>\n<\/td>\n<\/tr>\n<tr>\n<td>\n<h4><a href=\"https:\/\/longchangchemical.com\/tr\/product\/light-stabilizer-770-tinuvin-770-cas-52829-07-9\/\"><span style=\"color: #0000ff;\">HALS 770 \/ I\u015eIK DENGELEYICI 770 \/ TINUVIN 770<\/span><\/a><\/h4>\n<\/td>\n<td>\n<h4>52829-07-9<\/h4>\n<\/td>\n<\/tr>\n<tr>\n<td>\n<h4><a href=\"https:\/\/longchangchemical.com\/tr\/product\/uv-light-stabilizer-783-tinuvin-783\/\"><span style=\"color: #0000ff;\">HALS 783 \/ UV I\u015eIK DENGELEYICI 783 \/ TINUVIN 783<\/span><\/a><\/h4>\n<\/td>\n<td><\/td>\n<\/tr>\n<tr>\n<td>\n<h4><a href=\"https:\/\/longchangchemical.com\/tr\/product\/light-stabilizer-791-tinuvin-791\/\"><span style=\"color: #0000ff;\">HALS 791 \/ I\u015eIK DENGELEYICI 791 \/ TINUVIN 791<\/span><\/a><\/h4>\n<\/td>\n<td><\/td>\n<\/tr>\n<tr>\n<td>\n<h4><a href=\"https:\/\/longchangchemical.com\/tr\/product\/light-stabilizer-944-cas-70624-18-9\/\"><span style=\"color: #0000ff;\">HALS 944 I\u015eIK DENGELEYICI-944 CHIMASORB 944<\/span><\/a><\/h4>\n<\/td>\n<td>\n<h4>70624-18-9 \/ 71878-19-8<\/h4>\n<\/td>\n<\/tr>\n<\/tbody>\n<\/table>\n<h2><\/h2>\n<h2><strong><b>\u015eimdi Bize Ula\u015f\u0131n!<\/b><\/strong><\/h2>\n<h4><strong><b>COA, MSDS veya TDS'ye ihtiyac\u0131n\u0131z varsa, l\u00fctfen a\u015fa\u011f\u0131daki forma ileti\u015fim bilgilerinizi girin, genellikle 24 saat i\u00e7inde sizinle ileti\u015fime ge\u00e7ece\u011fiz. Bana e-posta da g\u00f6nderebilirsiniz <span style=\"color: #0000ff;\"><a style=\"color: #0000ff;\" href=\"mailto:info@longchangchemical.com\">info@longchangchemical.com<\/a><\/span> \u00c7al\u0131\u015fma saatleri i\u00e7inde (8:30 - 6:00 UTC+8 Pzt.~Sat.) veya h\u0131zl\u0131 yan\u0131t almak i\u00e7in web sitesi canl\u0131 sohbetini kullan\u0131n.<\/b><\/strong><\/h4>","protected":false},"excerpt":{"rendered":"<h4>Kimyasal Ad\u0131: Tinuvin 791<\/h4>\n<h4>Di\u011fer isimler: UV I\u015f\u0131k stabilizat\u00f6r\u00fc 783 (bile\u015fik \u0131\u015f\u0131k stabilizat\u00f6r\u00fc)<\/h4>\n<h4>CAS No: 70624-18-9 (944) + 52829-07-9 (770)<\/h4>\n<h4>G\u00f6r\u00fcn\u00fc\u015f: A\u00e7\u0131k sar\u0131 gran\u00fcll\u00fc beyaz<\/h4>\n<h4>Kimyasal form\u00fcl: [C<sub>35<\/sub>H<sub>66<\/sub>N<sub>8<\/sub>]<sub>n<\/sub>\u00a0(n=4-5); C<sub>28<\/sub>H<sub>52<\/sub>O<sub>4<\/sub>N<sub>2<\/sub><\/h4>\n<h4>\u00d6rnek: mevcut<\/h4>","protected":false},"featured_media":3381,"comment_status":"open","ping_status":"closed","template":"","meta":[],"product_brand":[],"product_cat":[104],"product_tag":[],"class_list":{"0":"post-3375","1":"product","2":"type-product","3":"status-publish","4":"has-post-thumbnail","6":"product_cat-light-stabilizer","8":"first","9":"instock","10":"shipping-taxable","11":"product-type-simple"},"yoast_head":"<!-- This site is optimized with the Yoast SEO plugin v25.3.1 - https:\/\/yoast.com\/wordpress\/plugins\/seo\/ -->\n<title>China HALS 791 \/ Light Stabilizer 791 \/ Tinuvin 791 manufacturer and supplier - Longchang Chemical<\/title>\n<meta name=\"description\" content=\"Longchang Chemical is a leading manufacturer and supplier of HALS 791 \/ UV Light Stabilizer 791 \/ Tinuvin 791 in China. Buy UV Light Stabilizer 791 \/ Tinuvin 791 in china. We can provide the best Tinuvin 791 price.\" \/>\n<meta name=\"robots\" content=\"index, follow, max-snippet:-1, max-image-preview:large, max-video-preview:-1\" \/>\n<link rel=\"canonical\" href=\"https:\/\/longchangchemical.com\/tr\/product\/light-stabilizer-791-tinuvin-791\/\" \/>\n<meta property=\"og:locale\" content=\"tr_TR\" \/>\n<meta property=\"og:type\" content=\"article\" \/>\n<meta property=\"og:title\" content=\"China HALS 791 \/ Light Stabilizer 791 \/ Tinuvin 791 manufacturer and supplier - Longchang Chemical\" \/>\n<meta property=\"og:description\" content=\"Longchang Chemical is a leading manufacturer and supplier of HALS 791 \/ UV Light Stabilizer 791 \/ Tinuvin 791 in China. Buy UV Light Stabilizer 791 \/ Tinuvin 791 in china. We can provide the best Tinuvin 791 price.\" \/>\n<meta property=\"og:url\" content=\"https:\/\/longchangchemical.com\/tr\/product\/light-stabilizer-791-tinuvin-791\/\" \/>\n<meta property=\"og:site_name\" content=\"Longchang Chemical\" \/>\n<meta property=\"article:modified_time\" content=\"2026-05-08T02:59:26+00:00\" \/>\n<meta property=\"og:image\" content=\"https:\/\/longchangchemical.com\/wp-content\/uploads\/2020\/10\/Tinuvin-791-Appearance.jpg\" \/>\n\t<meta property=\"og:image:width\" content=\"600\" \/>\n\t<meta property=\"og:image:height\" content=\"800\" \/>\n\t<meta property=\"og:image:type\" content=\"image\/jpeg\" \/>\n<meta name=\"twitter:card\" content=\"summary_large_image\" \/>\n<script type=\"application\/ld+json\" class=\"yoast-schema-graph\">{\"@context\":\"https:\/\/schema.org\",\"@graph\":[{\"@type\":\"WebPage\",\"@id\":\"https:\/\/longchangchemical.com\/product\/light-stabilizer-791-tinuvin-791\/\",\"url\":\"https:\/\/longchangchemical.com\/product\/light-stabilizer-791-tinuvin-791\/\",\"name\":\"China HALS 791 \/ Light Stabilizer 791 \/ Tinuvin 791 manufacturer and supplier - Longchang Chemical\",\"isPartOf\":{\"@id\":\"https:\/\/longchangchemical.com\/#website\"},\"primaryImageOfPage\":{\"@id\":\"https:\/\/longchangchemical.com\/product\/light-stabilizer-791-tinuvin-791\/#primaryimage\"},\"image\":{\"@id\":\"https:\/\/longchangchemical.com\/product\/light-stabilizer-791-tinuvin-791\/#primaryimage\"},\"thumbnailUrl\":\"https:\/\/longchangchemical.com\/wp-content\/uploads\/2020\/10\/Tinuvin-791-Appearance.jpg\",\"datePublished\":\"2020-10-22T02:49:05+00:00\",\"dateModified\":\"2026-05-08T02:59:26+00:00\",\"description\":\"Longchang Chemical is a leading manufacturer and supplier of HALS 791 \/ UV Light Stabilizer 791 \/ Tinuvin 791 in China. Buy UV Light Stabilizer 791 \/ Tinuvin 791 in china. We can provide the best Tinuvin 791 price.\",\"breadcrumb\":{\"@id\":\"https:\/\/longchangchemical.com\/product\/light-stabilizer-791-tinuvin-791\/#breadcrumb\"},\"inLanguage\":\"tr\",\"potentialAction\":[{\"@type\":\"ReadAction\",\"target\":[\"https:\/\/longchangchemical.com\/product\/light-stabilizer-791-tinuvin-791\/\"]}]},{\"@type\":\"ImageObject\",\"inLanguage\":\"tr\",\"@id\":\"https:\/\/longchangchemical.com\/product\/light-stabilizer-791-tinuvin-791\/#primaryimage\",\"url\":\"https:\/\/longchangchemical.com\/wp-content\/uploads\/2020\/10\/Tinuvin-791-Appearance.jpg\",\"contentUrl\":\"https:\/\/longchangchemical.com\/wp-content\/uploads\/2020\/10\/Tinuvin-791-Appearance.jpg\",\"width\":600,\"height\":800,\"caption\":\"Tinuvin 791 Appearance\"},{\"@type\":\"BreadcrumbList\",\"@id\":\"https:\/\/longchangchemical.com\/product\/light-stabilizer-791-tinuvin-791\/#breadcrumb\",\"itemListElement\":[{\"@type\":\"ListItem\",\"position\":1,\"name\":\"Home\",\"item\":\"https:\/\/longchangchemical.com\/\"},{\"@type\":\"ListItem\",\"position\":2,\"name\":\"Products Longchang\",\"item\":\"https:\/\/longchangchemical.com\/product\/\"},{\"@type\":\"ListItem\",\"position\":3,\"name\":\"CHLUMILS\u00ae UV-791 \/ HALS 791 \/ Light Stabilizer 791 \/ Tinuvin 791\"}]},{\"@type\":\"WebSite\",\"@id\":\"https:\/\/longchangchemical.com\/#website\",\"url\":\"https:\/\/longchangchemical.com\/\",\"name\":\"Longchang Chemical\",\"description\":\"China chemical manufacturer \uff06 supplier\",\"publisher\":{\"@id\":\"https:\/\/longchangchemical.com\/#organization\"},\"potentialAction\":[{\"@type\":\"SearchAction\",\"target\":{\"@type\":\"EntryPoint\",\"urlTemplate\":\"https:\/\/longchangchemical.com\/?s={search_term_string}\"},\"query-input\":{\"@type\":\"PropertyValueSpecification\",\"valueRequired\":true,\"valueName\":\"search_term_string\"}}],\"inLanguage\":\"tr\"},{\"@type\":\"Organization\",\"@id\":\"https:\/\/longchangchemical.com\/#organization\",\"name\":\"Longchang Chemical\",\"url\":\"https:\/\/longchangchemical.com\/\",\"logo\":{\"@type\":\"ImageObject\",\"inLanguage\":\"tr\",\"@id\":\"https:\/\/longchangchemical.com\/#\/schema\/logo\/image\/\",\"url\":\"https:\/\/longchangchemical.com\/wp-content\/uploads\/2020\/08\/cropped-longchang-logo.png\",\"contentUrl\":\"https:\/\/longchangchemical.com\/wp-content\/uploads\/2020\/08\/cropped-longchang-logo.png\",\"width\":512,\"height\":512,\"caption\":\"Longchang Chemical\"},\"image\":{\"@id\":\"https:\/\/longchangchemical.com\/#\/schema\/logo\/image\/\"}}]}<\/script>\n<!-- \/ Yoast SEO plugin. -->","yoast_head_json":{"title":"\u00c7in HALS 791 \/ I\u015f\u0131k Sabitleyici 791 \/ Tinuvin 791 \u00fcretici ve tedarik\u00e7i - Longchang Chemical","description":"Longchang Chemical, \u00c7in'de HALS 791 \/ UV I\u015f\u0131k Sabitleyici 791 \/ Tinuvin 791'in lider \u00fcreticisi ve tedarik\u00e7isidir. \u00c7in'de UV I\u015f\u0131k Sabitleyici 791 \/ Tinuvin 791 sat\u0131n al\u0131n. En iyi Tinuvin 791 fiyat\u0131n\u0131 sa\u011flayabiliriz.","robots":{"index":"index","follow":"follow","max-snippet":"max-snippet:-1","max-image-preview":"max-image-preview:large","max-video-preview":"max-video-preview:-1"},"canonical":"https:\/\/longchangchemical.com\/tr\/product\/light-stabilizer-791-tinuvin-791\/","og_locale":"tr_TR","og_type":"article","og_title":"China HALS 791 \/ Light Stabilizer 791 \/ Tinuvin 791 manufacturer and supplier - Longchang Chemical","og_description":"Longchang Chemical is a leading manufacturer and supplier of HALS 791 \/ UV Light Stabilizer 791 \/ Tinuvin 791 in China. Buy UV Light Stabilizer 791 \/ Tinuvin 791 in china. We can provide the best Tinuvin 791 price.","og_url":"https:\/\/longchangchemical.com\/tr\/product\/light-stabilizer-791-tinuvin-791\/","og_site_name":"Longchang Chemical","article_modified_time":"2026-05-08T02:59:26+00:00","og_image":[{"width":600,"height":800,"url":"https:\/\/longchangchemical.com\/wp-content\/uploads\/2020\/10\/Tinuvin-791-Appearance.jpg","type":"image\/jpeg"}],"twitter_card":"summary_large_image","schema":{"@context":"https:\/\/schema.org","@graph":[{"@type":"WebPage","@id":"https:\/\/longchangchemical.com\/product\/light-stabilizer-791-tinuvin-791\/","url":"https:\/\/longchangchemical.com\/product\/light-stabilizer-791-tinuvin-791\/","name":"\u00c7in HALS 791 \/ I\u015f\u0131k Sabitleyici 791 \/ Tinuvin 791 \u00fcretici ve tedarik\u00e7i - Longchang Chemical","isPartOf":{"@id":"https:\/\/longchangchemical.com\/#website"},"primaryImageOfPage":{"@id":"https:\/\/longchangchemical.com\/product\/light-stabilizer-791-tinuvin-791\/#primaryimage"},"image":{"@id":"https:\/\/longchangchemical.com\/product\/light-stabilizer-791-tinuvin-791\/#primaryimage"},"thumbnailUrl":"https:\/\/longchangchemical.com\/wp-content\/uploads\/2020\/10\/Tinuvin-791-Appearance.jpg","datePublished":"2020-10-22T02:49:05+00:00","dateModified":"2026-05-08T02:59:26+00:00","description":"Longchang Chemical, \u00c7in'de HALS 791 \/ UV I\u015f\u0131k Sabitleyici 791 \/ Tinuvin 791'in lider \u00fcreticisi ve tedarik\u00e7isidir. \u00c7in'de UV I\u015f\u0131k Sabitleyici 791 \/ Tinuvin 791 sat\u0131n al\u0131n. En iyi Tinuvin 791 fiyat\u0131n\u0131 sa\u011flayabiliriz.","breadcrumb":{"@id":"https:\/\/longchangchemical.com\/product\/light-stabilizer-791-tinuvin-791\/#breadcrumb"},"inLanguage":"tr","potentialAction":[{"@type":"ReadAction","target":["https:\/\/longchangchemical.com\/product\/light-stabilizer-791-tinuvin-791\/"]}]},{"@type":"ImageObject","inLanguage":"tr","@id":"https:\/\/longchangchemical.com\/product\/light-stabilizer-791-tinuvin-791\/#primaryimage","url":"https:\/\/longchangchemical.com\/wp-content\/uploads\/2020\/10\/Tinuvin-791-Appearance.jpg","contentUrl":"https:\/\/longchangchemical.com\/wp-content\/uploads\/2020\/10\/Tinuvin-791-Appearance.jpg","width":600,"height":800,"caption":"Tinuvin 791 Appearance"},{"@type":"BreadcrumbList","@id":"https:\/\/longchangchemical.com\/product\/light-stabilizer-791-tinuvin-791\/#breadcrumb","itemListElement":[{"@type":"ListItem","position":1,"name":"Home","item":"https:\/\/longchangchemical.com\/"},{"@type":"ListItem","position":2,"name":"Products Longchang","item":"https:\/\/longchangchemical.com\/product\/"},{"@type":"ListItem","position":3,"name":"CHLUMILS\u00ae UV-791 \/ HALS 791 \/ Light Stabilizer 791 \/ Tinuvin 791"}]},{"@type":"WebSite","@id":"https:\/\/longchangchemical.com\/#website","url":"https:\/\/longchangchemical.com\/","name":"Longchang Kimya","description":"\u00c7in kimyasal \u00fcreticisi \uff06 tedarik\u00e7isi","publisher":{"@id":"https:\/\/longchangchemical.com\/#organization"},"potentialAction":[{"@type":"SearchAction","target":{"@type":"EntryPoint","urlTemplate":"https:\/\/longchangchemical.com\/?s={search_term_string}"},"query-input":{"@type":"PropertyValueSpecification","valueRequired":true,"valueName":"search_term_string"}}],"inLanguage":"tr"},{"@type":"Organization","@id":"https:\/\/longchangchemical.com\/#organization","name":"Longchang Kimya","url":"https:\/\/longchangchemical.com\/","logo":{"@type":"ImageObject","inLanguage":"tr","@id":"https:\/\/longchangchemical.com\/#\/schema\/logo\/image\/","url":"https:\/\/longchangchemical.com\/wp-content\/uploads\/2020\/08\/cropped-longchang-logo.png","contentUrl":"https:\/\/longchangchemical.com\/wp-content\/uploads\/2020\/08\/cropped-longchang-logo.png","width":512,"height":512,"caption":"Longchang Chemical"},"image":{"@id":"https:\/\/longchangchemical.com\/#\/schema\/logo\/image\/"}}]}},"_links":{"self":[{"href":"https:\/\/longchangchemical.com\/tr\/wp-json\/wp\/v2\/product\/3375","targetHints":{"allow":["GET"]}}],"collection":[{"href":"https:\/\/longchangchemical.com\/tr\/wp-json\/wp\/v2\/product"}],"about":[{"href":"https:\/\/longchangchemical.com\/tr\/wp-json\/wp\/v2\/types\/product"}],"replies":[{"embeddable":true,"href":"https:\/\/longchangchemical.com\/tr\/wp-json\/wp\/v2\/comments?post=3375"}],"wp:featuredmedia":[{"embeddable":true,"href":"https:\/\/longchangchemical.com\/tr\/wp-json\/wp\/v2\/media\/3381"}],"wp:attachment":[{"href":"https:\/\/longchangchemical.com\/tr\/wp-json\/wp\/v2\/media?parent=3375"}],"wp:term":[{"taxonomy":"product_brand","embeddable":true,"href":"https:\/\/longchangchemical.com\/tr\/wp-json\/wp\/v2\/product_brand?post=3375"},{"taxonomy":"product_cat","embeddable":true,"href":"https:\/\/longchangchemical.com\/tr\/wp-json\/wp\/v2\/product_cat?post=3375"},{"taxonomy":"product_tag","embeddable":true,"href":"https:\/\/longchangchemical.com\/tr\/wp-json\/wp\/v2\/product_tag?post=3375"}],"curies":[{"name":"wp","href":"https:\/\/api.w.org\/{rel}","templated":true}]}}