{"id":3372,"date":"2020-10-21T07:36:33","date_gmt":"2020-10-21T07:36:33","guid":{"rendered":"https:\/\/longchangchemical.com\/?post_type=product&#038;p=3372"},"modified":"2025-04-01T05:53:53","modified_gmt":"2025-04-01T05:53:53","slug":"uv-light-stabilizer-783-tinuvin-783","status":"publish","type":"product","link":"https:\/\/longchangchemical.com\/tr\/product\/uv-light-stabilizer-783-tinuvin-783\/","title":{"rendered":"CHLUMILS\u00ae UV-783 \/ HALS 783 \/ UV I\u015f\u0131k Sabitleyici 783 \/ Tinuvin 783"},"content":{"rendered":"<h2><strong>Tinuvin 783 (I\u015f\u0131k dengeleyici 783) Tipik \u00d6zellikler<\/strong><\/h2>\n<table class=\"table-1\">\n<tbody>\n<tr>\n<td width=\"233\">\n<h4><strong><b>\u00d6\u011fe<\/b><\/strong><\/h4>\n<\/td>\n<td width=\"276\">\n<h4><strong><b>Teknik \u00d6zellikler<\/b><\/strong><\/h4>\n<\/td>\n<\/tr>\n<tr>\n<td width=\"233\">\n<h4>G\u00f6r\u00fcn\u00fc\u015f<\/h4>\n<\/td>\n<td width=\"276\">\n<h4>Beyaz veya a\u00e7\u0131k sar\u0131 kat\u0131<\/h4>\n<\/td>\n<\/tr>\n<tr>\n<td width=\"233\">\n<h4>I\u015f\u0131k ge\u00e7irgenli\u011fi<\/h4>\n<\/td>\n<td width=\"276\">\n<h4>\u226590% \uff08425nm\uff09 \u226591.5% \uff08450nm\uff09 \u226593% \uff08500nm\uff09<\/h4>\n<\/td>\n<\/tr>\n<tr>\n<td width=\"233\">\n<h4>Chroma (Apah)<\/h4>\n<\/td>\n<td width=\"276\">\n<h4>\u2264120<\/h4>\n<\/td>\n<\/tr>\n<tr>\n<td width=\"233\">\n<h4>Erime noktas\u0131<\/h4>\n<\/td>\n<td width=\"276\">\n<h4>50-130oC<\/h4>\n<\/td>\n<\/tr>\n<tr>\n<td width=\"233\">\n<h4>U\u00e7ucu Maddeler<\/h4>\n<\/td>\n<td width=\"276\">\n<h4>\u22640,5%<\/h4>\n<\/td>\n<\/tr>\n<tr>\n<td width=\"233\">\n<h4>K\u00fcl<\/h4>\n<\/td>\n<td width=\"276\">\n<h4>\u22640,1%<\/h4>\n<\/td>\n<\/tr>\n<\/tbody>\n<\/table>\n<h2><\/h2>\n<h2>Tinuvin 783 (UV I\u015f\u0131k stabilizat\u00f6r\u00fc 783) nedir?<\/h2>\n<h4>I\u015f\u0131k stabilizat\u00f6r\u00fc 783, bir t\u00fcr y\u00fcksek molek\u00fcler a\u011f\u0131rl\u0131kl\u0131 bile\u015fik engellenmi\u015f amindir<br \/>\nm\u00fckemmel \u0131\u015f\u0131k stabilitesi ve uzun s\u00fcreli \u0131\u015f\u0131k stabilitesi \u00f6zelliklerine sahip \u0131\u015f\u0131k stabilizat\u00f6r\u00fc<br \/>\nuzun s\u00fcreli termal kararl\u0131l\u0131k, d\u00fc\u015f\u00fck u\u00e7ucula\u015fma ve ekstraksiyon direnci ve iyi<br \/>\n\u00c7o\u011fu polimer ile uyumluluk.<\/h4>\n<p>&nbsp;<\/p>\n<h2><strong>Tinuvin 783 (UV I\u015f\u0131k stabilizat\u00f6r\u00fc 783) Tipik kullan\u0131m<\/strong><\/h2>\n<h4>1. UV I\u015eIK STAB\u0130L\u0130ZAT\u00d6R\u00dc 783 uygulama alanlar\u0131 aras\u0131nda poliolefin (PP, PE), poli\u00fcretan, poliformaldehit, poliamid ve polyester ve elastomerli polyester bulunur. ABS gibi m\u00fchendislik plastiklerinde de kullan\u0131labilir. D\u00fc\u015f\u00fck konsantrasyonlu tar\u0131msal film sisteminde (LDPE veya LLDPE) kullan\u0131ld\u0131\u011f\u0131nda, m\u00fckemmel maliyet \/ performans avantajlar\u0131 sa\u011flar.<\/h4>\n<h4>2. Ayr\u0131ca dolayl\u0131 g\u0131da temas\u0131 onay\u0131n\u0131n gerekli oldu\u011fu kal\u0131n kesitler i\u00e7in de tercih edilen \u00fcr\u00fcnd\u00fcr.<\/h4>\n<h4>3. <a href=\"https:\/\/longchangchemical.com\/tr\/product\/sinolistab-uv-783\/\" rel=\"nofollow\">UV 783<\/a> konsantrasyonlar\u0131, alt tabakaya, i\u015fleme ko\u015fullar\u0131na ve uygulamaya ba\u011fl\u0131 olarak 0,1 % ile 1,5 % aras\u0131nda de\u011fi\u015fmektedir.<\/h4>\n<p>&nbsp;<\/p>\n<h2><strong>Tinuvin 783 (UV I\u015f\u0131k stabilizat\u00f6r\u00fc 783) Paketleme ve Nakliye<\/strong><\/h2>\n<h4>Paket: 25kg karton i\u00e7 plastik torba ile veya m\u00fc\u015fteri ihtiyac\u0131na g\u00f6re.<\/h4>\n<p>&nbsp;<\/p>\n<h2><strong>Tinuvin 783 (UV I\u015f\u0131k stabilizat\u00f6r\u00fc 783) Depolama<\/strong><\/h2>\n<h4>Depolama: Kab\u0131 kuru ve iyi havaland\u0131r\u0131lm\u0131\u015f bir yerde s\u0131k\u0131ca kapal\u0131 tutun.<\/h4>\n<p>&nbsp;<\/p>\n<h2><strong>Tinuvin 783 (UV I\u015f\u0131k stabilizat\u00f6r\u00fc 783) G\u00fcvenlik<\/strong><\/h2>\n<h4>Uygun koruyucu ekipman kullan\u0131lmas\u0131 tavsiye edilir. A\u015f\u0131r\u0131 maruz kalma<br \/>\n\u00fcr\u00fcnden ka\u00e7\u0131n\u0131lmal\u0131d\u0131r. Kulland\u0131ktan sonra iyice y\u0131kay\u0131n. T\u00fcm g\u00fcvenlik bilgileri G\u00fcvenlik Bilgi Formunda verilmi\u015ftir.<\/h4>\n<p>&nbsp;<\/p>\n<h2><strong>Ayn\u0131 seri \u00fcr\u00fcnler<\/strong><\/h2>\n<table width=\"546\">\n<tbody>\n<tr>\n<td width=\"399\">\n<h4><a href=\"https:\/\/longchangchemical.com\/tr\/product\/hals-119-light-stabilizer-119-chimassorb-119\/\"><span style=\"color: #0000ff;\">HALS 119 \/ I\u015eIK DENGELEYICI 119 \/ CHIMASSORB 119<\/span><\/a><\/h4>\n<\/td>\n<td width=\"147\">\n<h4>106990-43-6<\/h4>\n<\/td>\n<\/tr>\n<tr>\n<td>\n<h4><a href=\"https:\/\/longchangchemical.com\/tr\/product\/light-stabilizer-123-tinuvin-123-cas-129757-67-1\/\"><span style=\"color: #0000ff;\">HALS 123 \/ I\u015eIK DENGELEYICI 123 \/ TINUVIN 123<\/span><\/a><\/h4>\n<\/td>\n<td>\n<h4>129757-67-1<\/h4>\n<\/td>\n<\/tr>\n<tr>\n<td>\n<h4><a href=\"https:\/\/longchangchemical.com\/tr\/product\/light-stabilizer-622-tinuvin-622-cas-65447-77-0\/\"><span style=\"color: #0000ff;\">HALS 622 \/ I\u015eIK DENGELEYICI 622 \/ TINUVIN 622<\/span><\/a><\/h4>\n<\/td>\n<td>\n<h4><span style=\"color: #000000;\">65447-77-0<\/span><\/h4>\n<\/td>\n<\/tr>\n<tr>\n<td>\n<h4><a href=\"https:\/\/longchangchemical.com\/tr\/product\/light-stabilizer-770-tinuvin-770-cas-52829-07-9\/\"><span style=\"color: #0000ff;\">HALS 770 \/ I\u015eIK DENGELEYICI 770 \/ TINUVIN 770<\/span><\/a><\/h4>\n<\/td>\n<td>\n<h4>52829-07-9<\/h4>\n<\/td>\n<\/tr>\n<tr>\n<td>\n<h4><a href=\"https:\/\/longchangchemical.com\/tr\/product\/uv-light-stabilizer-783-tinuvin-783\/\"><span style=\"color: #0000ff;\">HALS 783 \/ UV I\u015eIK DENGELEYICI 783 \/ TINUVIN 783<\/span><\/a><\/h4>\n<\/td>\n<td><\/td>\n<\/tr>\n<tr>\n<td>\n<h4><a href=\"https:\/\/longchangchemical.com\/tr\/product\/light-stabilizer-791-tinuvin-791\/\"><span style=\"color: #0000ff;\">HALS 791 \/ I\u015eIK DENGELEYICI 791 \/ TINUVIN 791<\/span><\/a><\/h4>\n<\/td>\n<td><\/td>\n<\/tr>\n<tr>\n<td>\n<h4><a href=\"https:\/\/longchangchemical.com\/tr\/product\/light-stabilizer-944-cas-70624-18-9\/\"><span style=\"color: #0000ff;\">HALS 944 I\u015eIK DENGELEYICI-944 CHIMASORB 944<\/span><\/a><\/h4>\n<\/td>\n<td>\n<h4>70624-18-9 \/ 71878-19-8<\/h4>\n<\/td>\n<\/tr>\n<\/tbody>\n<\/table>\n<h2><\/h2>\n<h2><strong><b>\u015eimdi Bize Ula\u015f\u0131n!<\/b><\/strong><\/h2>\n<h4><strong><b>COA, MSDS veya TDS'ye ihtiyac\u0131n\u0131z varsa, l\u00fctfen a\u015fa\u011f\u0131daki forma ileti\u015fim bilgilerinizi girin, genellikle 24 saat i\u00e7inde sizinle ileti\u015fime ge\u00e7ece\u011fiz. Bana e-posta da g\u00f6nderebilirsiniz <span style=\"color: #0000ff;\"><a style=\"color: #0000ff;\" href=\"mailto:info@longchangchemical.com\">info@longchangchemical.com<\/a><\/span> \u00c7al\u0131\u015fma saatleri i\u00e7inde (8:30 - 6:00 UTC+8 Pzt.~Sat.) veya h\u0131zl\u0131 yan\u0131t almak i\u00e7in web sitesi canl\u0131 sohbetini kullan\u0131n.<\/b><\/strong><\/h4>","protected":false},"excerpt":{"rendered":"<h4>Kimyasal Ad\u0131: Tinuvin 783<\/h4>\n<h4>Di\u011fer isimler: UV I\u015f\u0131k stabilizat\u00f6r\u00fc 783 (bile\u015fik \u0131\u015f\u0131k stabilizat\u00f6r\u00fc)<\/h4>\n<h4>CAS No: 70624-18-9 \uff08944\uff09 + 70198-29-7 \uff08622\uff09<\/h4>\n<h4>G\u00f6r\u00fcn\u00fc\u015f: Beyaz veya a\u00e7\u0131k sar\u0131 partik\u00fcller<\/h4>\n<h4>Paket: 25kg karton i\u00e7 plastik torba ile veya m\u00fc\u015fteri ihtiyac\u0131na g\u00f6re.<\/h4>\n<h4>\u00d6rnek: mevcut<\/h4>","protected":false},"featured_media":3373,"comment_status":"open","ping_status":"closed","template":"","meta":[],"product_brand":[],"product_cat":[104],"product_tag":[],"class_list":{"0":"post-3372","1":"product","2":"type-product","3":"status-publish","4":"has-post-thumbnail","6":"product_cat-light-stabilizer","8":"first","9":"instock","10":"shipping-taxable","11":"product-type-simple"},"yoast_head":"<!-- This site is optimized with the Yoast SEO plugin v25.3.1 - https:\/\/yoast.com\/wordpress\/plugins\/seo\/ -->\n<title>China HALS 783 \/ UV Light Stabilizer 783 \/ Tinuvin 783 manufacturer and supplier - Longchang Chemical<\/title>\n<meta name=\"description\" content=\"Longchang Chemical is a leading supplier and manufacturer of HALS 783 \/ UV Light Stabilizer 783 \/ Tinuvin 783 in China. Buy UV Light Stabilizer 783 \/ Tinuvin 783 in china. We can provide the best Tinuvin 783 price. UV-783.\" \/>\n<meta name=\"robots\" content=\"index, follow, max-snippet:-1, max-image-preview:large, max-video-preview:-1\" \/>\n<link rel=\"canonical\" href=\"https:\/\/longchangchemical.com\/tr\/product\/uv-light-stabilizer-783-tinuvin-783\/\" \/>\n<meta property=\"og:locale\" content=\"tr_TR\" \/>\n<meta property=\"og:type\" content=\"article\" \/>\n<meta property=\"og:title\" content=\"China HALS 783 \/ UV Light Stabilizer 783 \/ Tinuvin 783 manufacturer and supplier - Longchang Chemical\" \/>\n<meta property=\"og:description\" content=\"Longchang Chemical is a leading supplier and manufacturer of HALS 783 \/ UV Light Stabilizer 783 \/ Tinuvin 783 in China. Buy UV Light Stabilizer 783 \/ Tinuvin 783 in china. We can provide the best Tinuvin 783 price. UV-783.\" \/>\n<meta property=\"og:url\" content=\"https:\/\/longchangchemical.com\/tr\/product\/uv-light-stabilizer-783-tinuvin-783\/\" \/>\n<meta property=\"og:site_name\" content=\"Longchang Chemical\" \/>\n<meta property=\"article:modified_time\" content=\"2025-04-01T05:53:53+00:00\" \/>\n<meta property=\"og:image\" content=\"https:\/\/longchangchemical.com\/wp-content\/uploads\/2020\/10\/Tinuvin-783-UV-Light-stabilizer-783-appearance-2.jpg\" \/>\n\t<meta property=\"og:image:width\" content=\"600\" \/>\n\t<meta property=\"og:image:height\" content=\"800\" \/>\n\t<meta property=\"og:image:type\" content=\"image\/jpeg\" \/>\n<meta name=\"twitter:card\" content=\"summary_large_image\" \/>\n<script type=\"application\/ld+json\" class=\"yoast-schema-graph\">{\"@context\":\"https:\/\/schema.org\",\"@graph\":[{\"@type\":\"WebPage\",\"@id\":\"https:\/\/longchangchemical.com\/product\/uv-light-stabilizer-783-tinuvin-783\/\",\"url\":\"https:\/\/longchangchemical.com\/product\/uv-light-stabilizer-783-tinuvin-783\/\",\"name\":\"China HALS 783 \/ UV Light Stabilizer 783 \/ Tinuvin 783 manufacturer and supplier - Longchang Chemical\",\"isPartOf\":{\"@id\":\"https:\/\/longchangchemical.com\/#website\"},\"primaryImageOfPage\":{\"@id\":\"https:\/\/longchangchemical.com\/product\/uv-light-stabilizer-783-tinuvin-783\/#primaryimage\"},\"image\":{\"@id\":\"https:\/\/longchangchemical.com\/product\/uv-light-stabilizer-783-tinuvin-783\/#primaryimage\"},\"thumbnailUrl\":\"https:\/\/longchangchemical.com\/wp-content\/uploads\/2020\/10\/Tinuvin-783-UV-Light-stabilizer-783-appearance-2.jpg\",\"datePublished\":\"2020-10-21T07:36:33+00:00\",\"dateModified\":\"2025-04-01T05:53:53+00:00\",\"description\":\"Longchang Chemical is a leading supplier and manufacturer of HALS 783 \/ UV Light Stabilizer 783 \/ Tinuvin 783 in China. Buy UV Light Stabilizer 783 \/ Tinuvin 783 in china. We can provide the best Tinuvin 783 price. UV-783.\",\"breadcrumb\":{\"@id\":\"https:\/\/longchangchemical.com\/product\/uv-light-stabilizer-783-tinuvin-783\/#breadcrumb\"},\"inLanguage\":\"tr\",\"potentialAction\":[{\"@type\":\"ReadAction\",\"target\":[\"https:\/\/longchangchemical.com\/product\/uv-light-stabilizer-783-tinuvin-783\/\"]}]},{\"@type\":\"ImageObject\",\"inLanguage\":\"tr\",\"@id\":\"https:\/\/longchangchemical.com\/product\/uv-light-stabilizer-783-tinuvin-783\/#primaryimage\",\"url\":\"https:\/\/longchangchemical.com\/wp-content\/uploads\/2020\/10\/Tinuvin-783-UV-Light-stabilizer-783-appearance-2.jpg\",\"contentUrl\":\"https:\/\/longchangchemical.com\/wp-content\/uploads\/2020\/10\/Tinuvin-783-UV-Light-stabilizer-783-appearance-2.jpg\",\"width\":600,\"height\":800,\"caption\":\"Tinuvin 783 (UV Light stabilizer 783) appearance (2)\"},{\"@type\":\"BreadcrumbList\",\"@id\":\"https:\/\/longchangchemical.com\/product\/uv-light-stabilizer-783-tinuvin-783\/#breadcrumb\",\"itemListElement\":[{\"@type\":\"ListItem\",\"position\":1,\"name\":\"Home\",\"item\":\"https:\/\/longchangchemical.com\/\"},{\"@type\":\"ListItem\",\"position\":2,\"name\":\"Products Longchang\",\"item\":\"https:\/\/longchangchemical.com\/product\/\"},{\"@type\":\"ListItem\",\"position\":3,\"name\":\"CHLUMILS\u00ae UV-783 \/ HALS 783 \/ UV Light Stabilizer 783 \/ Tinuvin 783\"}]},{\"@type\":\"WebSite\",\"@id\":\"https:\/\/longchangchemical.com\/#website\",\"url\":\"https:\/\/longchangchemical.com\/\",\"name\":\"Longchang Chemical\",\"description\":\"China chemical manufacturer \uff06 supplier\",\"publisher\":{\"@id\":\"https:\/\/longchangchemical.com\/#organization\"},\"potentialAction\":[{\"@type\":\"SearchAction\",\"target\":{\"@type\":\"EntryPoint\",\"urlTemplate\":\"https:\/\/longchangchemical.com\/?s={search_term_string}\"},\"query-input\":{\"@type\":\"PropertyValueSpecification\",\"valueRequired\":true,\"valueName\":\"search_term_string\"}}],\"inLanguage\":\"tr\"},{\"@type\":\"Organization\",\"@id\":\"https:\/\/longchangchemical.com\/#organization\",\"name\":\"Longchang Chemical\",\"url\":\"https:\/\/longchangchemical.com\/\",\"logo\":{\"@type\":\"ImageObject\",\"inLanguage\":\"tr\",\"@id\":\"https:\/\/longchangchemical.com\/#\/schema\/logo\/image\/\",\"url\":\"https:\/\/longchangchemical.com\/wp-content\/uploads\/2020\/08\/cropped-longchang-logo.png\",\"contentUrl\":\"https:\/\/longchangchemical.com\/wp-content\/uploads\/2020\/08\/cropped-longchang-logo.png\",\"width\":512,\"height\":512,\"caption\":\"Longchang Chemical\"},\"image\":{\"@id\":\"https:\/\/longchangchemical.com\/#\/schema\/logo\/image\/\"}}]}<\/script>\n<!-- \/ Yoast SEO plugin. -->","yoast_head_json":{"title":"\u00c7in HALS 783 \/ UV I\u015f\u0131k Sabitleyici 783 \/ Tinuvin 783 \u00fcretici ve tedarik\u00e7i - Longchang Chemical","description":"Longchang Chemical, \u00c7in'de HALS 783 \/ UV I\u015f\u0131k Sabitleyici 783 \/ Tinuvin 783'\u00fcn lider tedarik\u00e7isi ve \u00fcreticisidir. \u00c7in'de UV I\u015f\u0131k Sabitleyici 783 \/ Tinuvin 783 sat\u0131n al\u0131n. En iyi Tinuvin 783 fiyat\u0131n\u0131 sa\u011flayabiliriz. UV-783.","robots":{"index":"index","follow":"follow","max-snippet":"max-snippet:-1","max-image-preview":"max-image-preview:large","max-video-preview":"max-video-preview:-1"},"canonical":"https:\/\/longchangchemical.com\/tr\/product\/uv-light-stabilizer-783-tinuvin-783\/","og_locale":"tr_TR","og_type":"article","og_title":"China HALS 783 \/ UV Light Stabilizer 783 \/ Tinuvin 783 manufacturer and supplier - Longchang Chemical","og_description":"Longchang Chemical is a leading supplier and manufacturer of HALS 783 \/ UV Light Stabilizer 783 \/ Tinuvin 783 in China. Buy UV Light Stabilizer 783 \/ Tinuvin 783 in china. We can provide the best Tinuvin 783 price. UV-783.","og_url":"https:\/\/longchangchemical.com\/tr\/product\/uv-light-stabilizer-783-tinuvin-783\/","og_site_name":"Longchang Chemical","article_modified_time":"2025-04-01T05:53:53+00:00","og_image":[{"width":600,"height":800,"url":"https:\/\/longchangchemical.com\/wp-content\/uploads\/2020\/10\/Tinuvin-783-UV-Light-stabilizer-783-appearance-2.jpg","type":"image\/jpeg"}],"twitter_card":"summary_large_image","schema":{"@context":"https:\/\/schema.org","@graph":[{"@type":"WebPage","@id":"https:\/\/longchangchemical.com\/product\/uv-light-stabilizer-783-tinuvin-783\/","url":"https:\/\/longchangchemical.com\/product\/uv-light-stabilizer-783-tinuvin-783\/","name":"\u00c7in HALS 783 \/ UV I\u015f\u0131k Sabitleyici 783 \/ Tinuvin 783 \u00fcretici ve tedarik\u00e7i - Longchang Chemical","isPartOf":{"@id":"https:\/\/longchangchemical.com\/#website"},"primaryImageOfPage":{"@id":"https:\/\/longchangchemical.com\/product\/uv-light-stabilizer-783-tinuvin-783\/#primaryimage"},"image":{"@id":"https:\/\/longchangchemical.com\/product\/uv-light-stabilizer-783-tinuvin-783\/#primaryimage"},"thumbnailUrl":"https:\/\/longchangchemical.com\/wp-content\/uploads\/2020\/10\/Tinuvin-783-UV-Light-stabilizer-783-appearance-2.jpg","datePublished":"2020-10-21T07:36:33+00:00","dateModified":"2025-04-01T05:53:53+00:00","description":"Longchang Chemical, \u00c7in'de HALS 783 \/ UV I\u015f\u0131k Sabitleyici 783 \/ Tinuvin 783'\u00fcn lider tedarik\u00e7isi ve \u00fcreticisidir. \u00c7in'de UV I\u015f\u0131k Sabitleyici 783 \/ Tinuvin 783 sat\u0131n al\u0131n. En iyi Tinuvin 783 fiyat\u0131n\u0131 sa\u011flayabiliriz. UV-783.","breadcrumb":{"@id":"https:\/\/longchangchemical.com\/product\/uv-light-stabilizer-783-tinuvin-783\/#breadcrumb"},"inLanguage":"tr","potentialAction":[{"@type":"ReadAction","target":["https:\/\/longchangchemical.com\/product\/uv-light-stabilizer-783-tinuvin-783\/"]}]},{"@type":"ImageObject","inLanguage":"tr","@id":"https:\/\/longchangchemical.com\/product\/uv-light-stabilizer-783-tinuvin-783\/#primaryimage","url":"https:\/\/longchangchemical.com\/wp-content\/uploads\/2020\/10\/Tinuvin-783-UV-Light-stabilizer-783-appearance-2.jpg","contentUrl":"https:\/\/longchangchemical.com\/wp-content\/uploads\/2020\/10\/Tinuvin-783-UV-Light-stabilizer-783-appearance-2.jpg","width":600,"height":800,"caption":"Tinuvin 783 (UV Light stabilizer 783) appearance (2)"},{"@type":"BreadcrumbList","@id":"https:\/\/longchangchemical.com\/product\/uv-light-stabilizer-783-tinuvin-783\/#breadcrumb","itemListElement":[{"@type":"ListItem","position":1,"name":"Home","item":"https:\/\/longchangchemical.com\/"},{"@type":"ListItem","position":2,"name":"Products Longchang","item":"https:\/\/longchangchemical.com\/product\/"},{"@type":"ListItem","position":3,"name":"CHLUMILS\u00ae UV-783 \/ HALS 783 \/ UV Light Stabilizer 783 \/ Tinuvin 783"}]},{"@type":"WebSite","@id":"https:\/\/longchangchemical.com\/#website","url":"https:\/\/longchangchemical.com\/","name":"Longchang Kimya","description":"\u00c7in kimyasal \u00fcreticisi \uff06 tedarik\u00e7isi","publisher":{"@id":"https:\/\/longchangchemical.com\/#organization"},"potentialAction":[{"@type":"SearchAction","target":{"@type":"EntryPoint","urlTemplate":"https:\/\/longchangchemical.com\/?s={search_term_string}"},"query-input":{"@type":"PropertyValueSpecification","valueRequired":true,"valueName":"search_term_string"}}],"inLanguage":"tr"},{"@type":"Organization","@id":"https:\/\/longchangchemical.com\/#organization","name":"Longchang Kimya","url":"https:\/\/longchangchemical.com\/","logo":{"@type":"ImageObject","inLanguage":"tr","@id":"https:\/\/longchangchemical.com\/#\/schema\/logo\/image\/","url":"https:\/\/longchangchemical.com\/wp-content\/uploads\/2020\/08\/cropped-longchang-logo.png","contentUrl":"https:\/\/longchangchemical.com\/wp-content\/uploads\/2020\/08\/cropped-longchang-logo.png","width":512,"height":512,"caption":"Longchang Chemical"},"image":{"@id":"https:\/\/longchangchemical.com\/#\/schema\/logo\/image\/"}}]}},"_links":{"self":[{"href":"https:\/\/longchangchemical.com\/tr\/wp-json\/wp\/v2\/product\/3372","targetHints":{"allow":["GET"]}}],"collection":[{"href":"https:\/\/longchangchemical.com\/tr\/wp-json\/wp\/v2\/product"}],"about":[{"href":"https:\/\/longchangchemical.com\/tr\/wp-json\/wp\/v2\/types\/product"}],"replies":[{"embeddable":true,"href":"https:\/\/longchangchemical.com\/tr\/wp-json\/wp\/v2\/comments?post=3372"}],"wp:featuredmedia":[{"embeddable":true,"href":"https:\/\/longchangchemical.com\/tr\/wp-json\/wp\/v2\/media\/3373"}],"wp:attachment":[{"href":"https:\/\/longchangchemical.com\/tr\/wp-json\/wp\/v2\/media?parent=3372"}],"wp:term":[{"taxonomy":"product_brand","embeddable":true,"href":"https:\/\/longchangchemical.com\/tr\/wp-json\/wp\/v2\/product_brand?post=3372"},{"taxonomy":"product_cat","embeddable":true,"href":"https:\/\/longchangchemical.com\/tr\/wp-json\/wp\/v2\/product_cat?post=3372"},{"taxonomy":"product_tag","embeddable":true,"href":"https:\/\/longchangchemical.com\/tr\/wp-json\/wp\/v2\/product_tag?post=3372"}],"curies":[{"name":"wp","href":"https:\/\/api.w.org\/{rel}","templated":true}]}}