{"id":3369,"date":"2020-10-14T07:42:41","date_gmt":"2020-10-14T07:42:41","guid":{"rendered":"https:\/\/longchangchemical.com\/?post_type=product&#038;p=3369"},"modified":"2026-05-08T02:59:26","modified_gmt":"2026-05-08T02:59:26","slug":"light-stabilizer-123-tinuvin-123-cas-129757-67-1","status":"publish","type":"product","link":"https:\/\/longchangchemical.com\/tr\/product\/light-stabilizer-123-tinuvin-123-cas-129757-67-1\/","title":{"rendered":"CHLUMILS\u00ae UV-123 \/ HALS 123 \/ I\u015f\u0131k Sabitleyici 123 \/ Tinuvin 123 CAS 129757-67-1"},"content":{"rendered":"<h2><strong>UV-123 \/ I\u015f\u0131k Sabitleyici 123 \/ Tinuvin 123<\/strong><\/h2>\n<p>&nbsp;<\/p>\n<table class=\"table-1\" cellspacing=\"0\">\n<tbody>\n<tr>\n<td>\n<h4>\u00d6\u011fe<\/h4>\n<\/td>\n<td>\n<h4>Dizin<\/h4>\n<\/td>\n<\/tr>\n<tr>\n<td>\n<h4>G\u00f6r\u00fcn\u00fc\u015f<\/h4>\n<\/td>\n<td>\n<h4>Soluk sar\u0131 s\u0131v\u0131<\/h4>\n<\/td>\n<\/tr>\n<tr>\n<td>\n<h4>Kaynama noktas\u0131<\/h4>\n<\/td>\n<td>\n<h4>760 mmHg'de 499,8\u00b0C<\/h4>\n<\/td>\n<\/tr>\n<tr>\n<td>\n<h4>Parlama noktas\u0131<\/h4>\n<\/td>\n<td>\n<h4>256\u00b0C<\/h4>\n<\/td>\n<\/tr>\n<tr>\n<td>\n<h4>Buhar Bas\u0131nc\u0131<\/h4>\n<\/td>\n<td>\n<h4>25\u00b0C'de 4,03E-10mmHg<\/h4>\n<\/td>\n<\/tr>\n<\/tbody>\n<\/table>\n<h2><\/h2>\n<h2><strong>I\u015f\u0131k Sabitleyici 123 (Tinuvin 123) nedir?<\/strong><\/h2>\n<h4>Light Stabilizer 123, aminoeter i\u015flevselli\u011fine dayanan Hindered Amine Light Stabilizers (HALS) stabilizat\u00f6r ailesine ait olduk\u00e7a etkili bir radikal tutucudur.<\/h4>\n<h2><strong>I\u015f\u0131k Sabitleyici 123 (Tinuvin 123) Kullan\u0131m\u0131<\/strong><\/h2>\n<h4>1. I\u015f\u0131k Sabitleyici 123 (Tinuvin 123), d\u00fc\u015f\u00fck bazikli\u011fe ve kaplamalar, bask\u0131 m\u00fcrekkebi ve poli\u00fcretan cila gibi uygulamalarda ola\u011fan\u00fcst\u00fc \u0131\u015f\u0131k stabilitelerine sahip s\u0131v\u0131 bir HALS'dir.<\/h4>\n<h4>2. Pigmentli boyalar i\u00e7in y\u00fczeyin patlamas\u0131n\u0131, soyulmas\u0131n\u0131 veya tebe\u015firlenmesini \u00f6nler ve \u00f6zellikle y\u00fcksek kat\u0131, asit atalizli otomotiv ve end\u00fcstriyel kaplamalar i\u00e7in y\u00fcksek verimlilikle uygundur.<\/h4>\n<h4>3. Suda \u00e7\u00f6z\u00fcnmemesine ra\u011fmen, s\u0131v\u0131 formu suda kolay em\u00fclsifikasyona izin verir. Ayr\u0131ca bir UV emici ile birlikte kullan\u0131ld\u0131\u011f\u0131nda g\u00fc\u00e7l\u00fc sinerjik etkiye sahiptir.<\/h4>\n<h4>Bu \u00fcr\u00fcn UV-123; UV 123; Tinuvin 123; THASORB UV-123; SUNSORB LS-123; Omnistab LS 123; Omnistab 123; Milestab 123; Eversorb 95; Chiguard 101'in yerini alabilir.<\/h4>\n<p>&nbsp;<\/p>\n<h2><strong>I\u015f\u0131k Sabitleyici 123 (Tinuvin 123) Paketleme ve Nakliye<\/strong><\/h2>\n<h4>Ambalaj: 25kg veya 200L\/davul.<\/h4>\n<h4>Teslimat: 5-7 i\u015f g\u00fcn\u00fc i\u00e7erisinde.<\/h4>\n<h4><\/h4>\n<h2><strong>I\u015f\u0131k Sabitleyici 123 (Tinuvin 123) Depolama<\/strong><\/h2>\n<h4>Do\u011frudan g\u00fcne\u015f \u0131\u015f\u0131\u011f\u0131 almayan serin ve kuru bir yerde saklan\u0131r.<\/h4>\n<p>&nbsp;<\/p>\n<h2><strong>Ayn\u0131 seri \u00fcr\u00fcnler<\/strong><\/h2>\n<table width=\"546\">\n<tbody>\n<tr>\n<td width=\"399\">\n<h4><a href=\"https:\/\/longchangchemical.com\/tr\/product\/hals-119-light-stabilizer-119-chimassorb-119\/\"><span style=\"color: #0000ff;\">HALS 119 \/ I\u015eIK DENGELEYICI 119 \/ CHIMASSORB 119<\/span><\/a><\/h4>\n<\/td>\n<td width=\"147\">\n<h4>106990-43-6<\/h4>\n<\/td>\n<\/tr>\n<tr>\n<td>\n<h4>HALS 123 \/ I\u015eIK DENGELEYICI 123 \/ TINUVIN 123<\/h4>\n<\/td>\n<td>\n<h4>129757-67-1<\/h4>\n<\/td>\n<\/tr>\n<tr>\n<td>\n<h4><a href=\"https:\/\/longchangchemical.com\/tr\/product\/light-stabilizer-622-tinuvin-622-cas-65447-77-0\/\"><span style=\"color: #0000ff;\">HALS 622 \/ I\u015eIK DENGELEYICI 622 \/ TINUVIN 622<\/span><\/a><\/h4>\n<\/td>\n<td>\n<h4><span style=\"color: #000000;\">65447-77-0<\/span><\/h4>\n<\/td>\n<\/tr>\n<tr>\n<td>\n<h4><a href=\"https:\/\/longchangchemical.com\/tr\/product\/light-stabilizer-770-tinuvin-770-cas-52829-07-9\/\"><span style=\"color: #0000ff;\">HALS 770 \/ I\u015eIK DENGELEYICI 770 \/ TINUVIN 770<\/span><\/a><\/h4>\n<\/td>\n<td>\n<h4>52829-07-9<\/h4>\n<\/td>\n<\/tr>\n<tr>\n<td>\n<h4><a href=\"https:\/\/longchangchemical.com\/tr\/product\/uv-light-stabilizer-783-tinuvin-783\/\"><span style=\"color: #0000ff;\">HALS 783 \/ UV I\u015eIK DENGELEYICI 783 \/ TINUVIN 783<\/span><\/a><\/h4>\n<\/td>\n<td><\/td>\n<\/tr>\n<tr>\n<td>\n<h4><a href=\"https:\/\/longchangchemical.com\/tr\/product\/light-stabilizer-791-tinuvin-791\/\"><span style=\"color: #0000ff;\">HALS 791 \/ I\u015eIK DENGELEYICI 791 \/ TINUVIN 791<\/span><\/a><\/h4>\n<\/td>\n<td><\/td>\n<\/tr>\n<tr>\n<td>\n<h4><a href=\"https:\/\/longchangchemical.com\/tr\/product\/light-stabilizer-944-cas-70624-18-9\/\"><span style=\"color: #0000ff;\">HALS 944 I\u015eIK DENGELEYICI-944 CHIMASORB 944<\/span><\/a><\/h4>\n<\/td>\n<td>\n<h4>70624-18-9 \/ 71878-19-8<\/h4>\n<\/td>\n<\/tr>\n<\/tbody>\n<\/table>\n<h2><strong><b>\u015eimdi Bize Ula\u015f\u0131n!<\/b><\/strong><\/h2>\n<h4><strong><b>COA, MSDS veya TDS'ye ihtiyac\u0131n\u0131z varsa, l\u00fctfen a\u015fa\u011f\u0131daki forma ileti\u015fim bilgilerinizi girin, genellikle 24 saat i\u00e7inde sizinle ileti\u015fime ge\u00e7ece\u011fiz. <\/b><\/strong> Bana e-posta da g\u00f6nderebilirsiniz <a href=\"\/tr\/info@longchangchemical.com\/\"><span style=\"color: #0000ff;\"><strong>info@longchangchemical<\/strong><\/span>.com<\/a> \u00c7al\u0131\u015fma saatleri i\u00e7inde (8:30 - 6:00 UTC+8 Pzt.~Sat.) veya h\u0131zl\u0131 yan\u0131t almak i\u00e7in web sitesi canl\u0131 sohbetini kullan\u0131n.<\/h4>","protected":false},"excerpt":{"rendered":"<h4>Kimyasal Ad\u0131: Bis-(1-oktiloksi-2,2,6,6-tetrametil-4-piperidinil) sebakat<\/h4>\n<h4>\u00dcr\u00fcn ad\u0131: I\u015f\u0131k Sabitleyici 123; HALS HS-112<\/h4>\n<h4>Ticari isimler: UV-123; UV 123; Tinuvin 123; THASORB UV-123; SUNSORB LS-123; Omnistab LS 123; Omnistab 123; Milestab 123; Eversorb 95; Chiguard 101<\/h4>\n<h4>CAS No: 129757-67-1<\/h4>\n<h4>Molek\u00fcler Form\u00fcl: C40H80N2O6<\/h4>\n<h4>Molek\u00fcler A\u011f\u0131rl\u0131k: 737.15<\/h4>\n<h4>Molek\u00fcler Yap\u0131:<img decoding=\"async\" title=\"TINUVIN 123 Yap\u0131\" src=\"https:\/\/www.longchangchemical.com\/wp-content\/uploads\/product-details\/20200612005835.png\" alt=\"TINUVIN 123 Yap\u0131\" width=\"273\" height=\"192\" border=\"0\" vspace=\"0\" \/><\/h4>","protected":false},"featured_media":3370,"comment_status":"open","ping_status":"closed","template":"","meta":[],"product_brand":[],"product_cat":[104],"product_tag":[],"class_list":{"0":"post-3369","1":"product","2":"type-product","3":"status-publish","4":"has-post-thumbnail","6":"product_cat-light-stabilizer","8":"first","9":"instock","10":"shipping-taxable","11":"product-type-simple"},"yoast_head":"<!-- This site is optimized with the Yoast SEO plugin v25.3.1 - https:\/\/yoast.com\/wordpress\/plugins\/seo\/ -->\n<title>China HALS 123 \/ Light stabilizer 123 \/ Tinuvin 123 CAS 129757-67-1 manufacturer - Longchang Chemical<\/title>\n<meta name=\"description\" content=\"Longchang Chemical is a leading supplier and manufacturer of HALS 123 \/ Light stabilizer 123 \/ Tinuvin 123 CAS 129757-67-1 in China. Buy Light stabilizer 123 \/ Tinuvin 123 in china. We can provide the best Tinuvin 123 price. This product can replace UV-123; UV 123; Tinuvin 123; THASORB UV-123; SUNSORB LS-123; Omnistab LS 123; Omnistab 123; Milestab 123; Eversorb 95; Chiguard 101.\" \/>\n<meta name=\"robots\" content=\"index, follow, max-snippet:-1, max-image-preview:large, max-video-preview:-1\" \/>\n<link rel=\"canonical\" href=\"https:\/\/longchangchemical.com\/tr\/product\/light-stabilizer-123-tinuvin-123-cas-129757-67-1\/\" \/>\n<meta property=\"og:locale\" content=\"tr_TR\" \/>\n<meta property=\"og:type\" content=\"article\" \/>\n<meta property=\"og:title\" content=\"China HALS 123 \/ Light stabilizer 123 \/ Tinuvin 123 CAS 129757-67-1 manufacturer - Longchang Chemical\" \/>\n<meta property=\"og:description\" content=\"Longchang Chemical is a leading supplier and manufacturer of HALS 123 \/ Light stabilizer 123 \/ Tinuvin 123 CAS 129757-67-1 in China. Buy Light stabilizer 123 \/ Tinuvin 123 in china. We can provide the best Tinuvin 123 price. This product can replace UV-123; UV 123; Tinuvin 123; THASORB UV-123; SUNSORB LS-123; Omnistab LS 123; Omnistab 123; Milestab 123; Eversorb 95; Chiguard 101.\" \/>\n<meta property=\"og:url\" content=\"https:\/\/longchangchemical.com\/tr\/product\/light-stabilizer-123-tinuvin-123-cas-129757-67-1\/\" \/>\n<meta property=\"og:site_name\" content=\"Longchang Chemical\" \/>\n<meta property=\"article:modified_time\" content=\"2026-05-08T02:59:26+00:00\" \/>\n<meta property=\"og:image\" content=\"https:\/\/longchangchemical.com\/wp-content\/uploads\/2020\/10\/Light-Stabilizer-123-appearance.jpg\" \/>\n\t<meta property=\"og:image:width\" content=\"600\" \/>\n\t<meta property=\"og:image:height\" content=\"800\" \/>\n\t<meta property=\"og:image:type\" content=\"image\/jpeg\" \/>\n<meta name=\"twitter:card\" content=\"summary_large_image\" \/>\n<script type=\"application\/ld+json\" class=\"yoast-schema-graph\">{\"@context\":\"https:\/\/schema.org\",\"@graph\":[{\"@type\":\"WebPage\",\"@id\":\"https:\/\/longchangchemical.com\/product\/light-stabilizer-123-tinuvin-123-cas-129757-67-1\/\",\"url\":\"https:\/\/longchangchemical.com\/product\/light-stabilizer-123-tinuvin-123-cas-129757-67-1\/\",\"name\":\"China HALS 123 \/ Light stabilizer 123 \/ Tinuvin 123 CAS 129757-67-1 manufacturer - Longchang Chemical\",\"isPartOf\":{\"@id\":\"https:\/\/longchangchemical.com\/#website\"},\"primaryImageOfPage\":{\"@id\":\"https:\/\/longchangchemical.com\/product\/light-stabilizer-123-tinuvin-123-cas-129757-67-1\/#primaryimage\"},\"image\":{\"@id\":\"https:\/\/longchangchemical.com\/product\/light-stabilizer-123-tinuvin-123-cas-129757-67-1\/#primaryimage\"},\"thumbnailUrl\":\"https:\/\/longchangchemical.com\/wp-content\/uploads\/2020\/10\/Light-Stabilizer-123-appearance.jpg\",\"datePublished\":\"2020-10-14T07:42:41+00:00\",\"dateModified\":\"2026-05-08T02:59:26+00:00\",\"description\":\"Longchang Chemical is a leading supplier and manufacturer of HALS 123 \/ Light stabilizer 123 \/ Tinuvin 123 CAS 129757-67-1 in China. Buy Light stabilizer 123 \/ Tinuvin 123 in china. We can provide the best Tinuvin 123 price. This product can replace UV-123; UV 123; Tinuvin 123; THASORB UV-123; SUNSORB LS-123; Omnistab LS 123; Omnistab 123; Milestab 123; Eversorb 95; Chiguard 101.\",\"breadcrumb\":{\"@id\":\"https:\/\/longchangchemical.com\/product\/light-stabilizer-123-tinuvin-123-cas-129757-67-1\/#breadcrumb\"},\"inLanguage\":\"tr\",\"potentialAction\":[{\"@type\":\"ReadAction\",\"target\":[\"https:\/\/longchangchemical.com\/product\/light-stabilizer-123-tinuvin-123-cas-129757-67-1\/\"]}]},{\"@type\":\"ImageObject\",\"inLanguage\":\"tr\",\"@id\":\"https:\/\/longchangchemical.com\/product\/light-stabilizer-123-tinuvin-123-cas-129757-67-1\/#primaryimage\",\"url\":\"https:\/\/longchangchemical.com\/wp-content\/uploads\/2020\/10\/Light-Stabilizer-123-appearance.jpg\",\"contentUrl\":\"https:\/\/longchangchemical.com\/wp-content\/uploads\/2020\/10\/Light-Stabilizer-123-appearance.jpg\",\"width\":600,\"height\":800,\"caption\":\"Light Stabilizer 123 appearance\"},{\"@type\":\"BreadcrumbList\",\"@id\":\"https:\/\/longchangchemical.com\/product\/light-stabilizer-123-tinuvin-123-cas-129757-67-1\/#breadcrumb\",\"itemListElement\":[{\"@type\":\"ListItem\",\"position\":1,\"name\":\"Home\",\"item\":\"https:\/\/longchangchemical.com\/\"},{\"@type\":\"ListItem\",\"position\":2,\"name\":\"Products Longchang\",\"item\":\"https:\/\/longchangchemical.com\/product\/\"},{\"@type\":\"ListItem\",\"position\":3,\"name\":\"CHLUMILS\u00ae UV-123 \/ HALS 123 \/ Light Stabilizer 123 \/ Tinuvin 123 CAS 129757-67-1\"}]},{\"@type\":\"WebSite\",\"@id\":\"https:\/\/longchangchemical.com\/#website\",\"url\":\"https:\/\/longchangchemical.com\/\",\"name\":\"Longchang Chemical\",\"description\":\"China chemical manufacturer \uff06 supplier\",\"publisher\":{\"@id\":\"https:\/\/longchangchemical.com\/#organization\"},\"potentialAction\":[{\"@type\":\"SearchAction\",\"target\":{\"@type\":\"EntryPoint\",\"urlTemplate\":\"https:\/\/longchangchemical.com\/?s={search_term_string}\"},\"query-input\":{\"@type\":\"PropertyValueSpecification\",\"valueRequired\":true,\"valueName\":\"search_term_string\"}}],\"inLanguage\":\"tr\"},{\"@type\":\"Organization\",\"@id\":\"https:\/\/longchangchemical.com\/#organization\",\"name\":\"Longchang Chemical\",\"url\":\"https:\/\/longchangchemical.com\/\",\"logo\":{\"@type\":\"ImageObject\",\"inLanguage\":\"tr\",\"@id\":\"https:\/\/longchangchemical.com\/#\/schema\/logo\/image\/\",\"url\":\"https:\/\/longchangchemical.com\/wp-content\/uploads\/2020\/08\/cropped-longchang-logo.png\",\"contentUrl\":\"https:\/\/longchangchemical.com\/wp-content\/uploads\/2020\/08\/cropped-longchang-logo.png\",\"width\":512,\"height\":512,\"caption\":\"Longchang Chemical\"},\"image\":{\"@id\":\"https:\/\/longchangchemical.com\/#\/schema\/logo\/image\/\"}}]}<\/script>\n<!-- \/ Yoast SEO plugin. -->","yoast_head_json":{"title":"\u00c7in HALS 123 \/ I\u015f\u0131k dengeleyici 123 \/ Tinuvin 123 CAS 129757-67-1 \u00fcretici - Longchang Chemical","description":"Longchang Chemical, \u00c7in'de HALS 123 \/ Light stabilizer 123 \/ Tinuvin 123 CAS 129757-67-1'in lider tedarik\u00e7isi ve \u00fcreticisidir. \u00c7in'de I\u015f\u0131k dengeleyici 123 \/ Tinuvin 123 sat\u0131n al\u0131n. En iyi Tinuvin 123 fiyat\u0131n\u0131 sa\u011flayabiliriz. Bu \u00fcr\u00fcn UV-123'\u00fcn yerini alabilir; UV 123; Tinuvin 123; THASORB UV-123; SUNSORB LS-123; Omnistab LS 123; Omnistab 123; Milestab 123; Eversorb 95; Chiguard 101.","robots":{"index":"index","follow":"follow","max-snippet":"max-snippet:-1","max-image-preview":"max-image-preview:large","max-video-preview":"max-video-preview:-1"},"canonical":"https:\/\/longchangchemical.com\/tr\/product\/light-stabilizer-123-tinuvin-123-cas-129757-67-1\/","og_locale":"tr_TR","og_type":"article","og_title":"China HALS 123 \/ Light stabilizer 123 \/ Tinuvin 123 CAS 129757-67-1 manufacturer - Longchang Chemical","og_description":"Longchang Chemical is a leading supplier and manufacturer of HALS 123 \/ Light stabilizer 123 \/ Tinuvin 123 CAS 129757-67-1 in China. Buy Light stabilizer 123 \/ Tinuvin 123 in china. We can provide the best Tinuvin 123 price. This product can replace UV-123; UV 123; Tinuvin 123; THASORB UV-123; SUNSORB LS-123; Omnistab LS 123; Omnistab 123; Milestab 123; Eversorb 95; Chiguard 101.","og_url":"https:\/\/longchangchemical.com\/tr\/product\/light-stabilizer-123-tinuvin-123-cas-129757-67-1\/","og_site_name":"Longchang Chemical","article_modified_time":"2026-05-08T02:59:26+00:00","og_image":[{"width":600,"height":800,"url":"https:\/\/longchangchemical.com\/wp-content\/uploads\/2020\/10\/Light-Stabilizer-123-appearance.jpg","type":"image\/jpeg"}],"twitter_card":"summary_large_image","schema":{"@context":"https:\/\/schema.org","@graph":[{"@type":"WebPage","@id":"https:\/\/longchangchemical.com\/product\/light-stabilizer-123-tinuvin-123-cas-129757-67-1\/","url":"https:\/\/longchangchemical.com\/product\/light-stabilizer-123-tinuvin-123-cas-129757-67-1\/","name":"\u00c7in HALS 123 \/ I\u015f\u0131k dengeleyici 123 \/ Tinuvin 123 CAS 129757-67-1 \u00fcretici - Longchang Chemical","isPartOf":{"@id":"https:\/\/longchangchemical.com\/#website"},"primaryImageOfPage":{"@id":"https:\/\/longchangchemical.com\/product\/light-stabilizer-123-tinuvin-123-cas-129757-67-1\/#primaryimage"},"image":{"@id":"https:\/\/longchangchemical.com\/product\/light-stabilizer-123-tinuvin-123-cas-129757-67-1\/#primaryimage"},"thumbnailUrl":"https:\/\/longchangchemical.com\/wp-content\/uploads\/2020\/10\/Light-Stabilizer-123-appearance.jpg","datePublished":"2020-10-14T07:42:41+00:00","dateModified":"2026-05-08T02:59:26+00:00","description":"Longchang Chemical, \u00c7in'de HALS 123 \/ Light stabilizer 123 \/ Tinuvin 123 CAS 129757-67-1'in lider tedarik\u00e7isi ve \u00fcreticisidir. \u00c7in'de I\u015f\u0131k dengeleyici 123 \/ Tinuvin 123 sat\u0131n al\u0131n. En iyi Tinuvin 123 fiyat\u0131n\u0131 sa\u011flayabiliriz. Bu \u00fcr\u00fcn UV-123'\u00fcn yerini alabilir; UV 123; Tinuvin 123; THASORB UV-123; SUNSORB LS-123; Omnistab LS 123; Omnistab 123; Milestab 123; Eversorb 95; Chiguard 101.","breadcrumb":{"@id":"https:\/\/longchangchemical.com\/product\/light-stabilizer-123-tinuvin-123-cas-129757-67-1\/#breadcrumb"},"inLanguage":"tr","potentialAction":[{"@type":"ReadAction","target":["https:\/\/longchangchemical.com\/product\/light-stabilizer-123-tinuvin-123-cas-129757-67-1\/"]}]},{"@type":"ImageObject","inLanguage":"tr","@id":"https:\/\/longchangchemical.com\/product\/light-stabilizer-123-tinuvin-123-cas-129757-67-1\/#primaryimage","url":"https:\/\/longchangchemical.com\/wp-content\/uploads\/2020\/10\/Light-Stabilizer-123-appearance.jpg","contentUrl":"https:\/\/longchangchemical.com\/wp-content\/uploads\/2020\/10\/Light-Stabilizer-123-appearance.jpg","width":600,"height":800,"caption":"Light Stabilizer 123 appearance"},{"@type":"BreadcrumbList","@id":"https:\/\/longchangchemical.com\/product\/light-stabilizer-123-tinuvin-123-cas-129757-67-1\/#breadcrumb","itemListElement":[{"@type":"ListItem","position":1,"name":"Home","item":"https:\/\/longchangchemical.com\/"},{"@type":"ListItem","position":2,"name":"Products Longchang","item":"https:\/\/longchangchemical.com\/product\/"},{"@type":"ListItem","position":3,"name":"CHLUMILS\u00ae UV-123 \/ HALS 123 \/ Light Stabilizer 123 \/ Tinuvin 123 CAS 129757-67-1"}]},{"@type":"WebSite","@id":"https:\/\/longchangchemical.com\/#website","url":"https:\/\/longchangchemical.com\/","name":"Longchang Kimya","description":"\u00c7in kimyasal \u00fcreticisi \uff06 tedarik\u00e7isi","publisher":{"@id":"https:\/\/longchangchemical.com\/#organization"},"potentialAction":[{"@type":"SearchAction","target":{"@type":"EntryPoint","urlTemplate":"https:\/\/longchangchemical.com\/?s={search_term_string}"},"query-input":{"@type":"PropertyValueSpecification","valueRequired":true,"valueName":"search_term_string"}}],"inLanguage":"tr"},{"@type":"Organization","@id":"https:\/\/longchangchemical.com\/#organization","name":"Longchang Kimya","url":"https:\/\/longchangchemical.com\/","logo":{"@type":"ImageObject","inLanguage":"tr","@id":"https:\/\/longchangchemical.com\/#\/schema\/logo\/image\/","url":"https:\/\/longchangchemical.com\/wp-content\/uploads\/2020\/08\/cropped-longchang-logo.png","contentUrl":"https:\/\/longchangchemical.com\/wp-content\/uploads\/2020\/08\/cropped-longchang-logo.png","width":512,"height":512,"caption":"Longchang Chemical"},"image":{"@id":"https:\/\/longchangchemical.com\/#\/schema\/logo\/image\/"}}]}},"_links":{"self":[{"href":"https:\/\/longchangchemical.com\/tr\/wp-json\/wp\/v2\/product\/3369","targetHints":{"allow":["GET"]}}],"collection":[{"href":"https:\/\/longchangchemical.com\/tr\/wp-json\/wp\/v2\/product"}],"about":[{"href":"https:\/\/longchangchemical.com\/tr\/wp-json\/wp\/v2\/types\/product"}],"replies":[{"embeddable":true,"href":"https:\/\/longchangchemical.com\/tr\/wp-json\/wp\/v2\/comments?post=3369"}],"wp:featuredmedia":[{"embeddable":true,"href":"https:\/\/longchangchemical.com\/tr\/wp-json\/wp\/v2\/media\/3370"}],"wp:attachment":[{"href":"https:\/\/longchangchemical.com\/tr\/wp-json\/wp\/v2\/media?parent=3369"}],"wp:term":[{"taxonomy":"product_brand","embeddable":true,"href":"https:\/\/longchangchemical.com\/tr\/wp-json\/wp\/v2\/product_brand?post=3369"},{"taxonomy":"product_cat","embeddable":true,"href":"https:\/\/longchangchemical.com\/tr\/wp-json\/wp\/v2\/product_cat?post=3369"},{"taxonomy":"product_tag","embeddable":true,"href":"https:\/\/longchangchemical.com\/tr\/wp-json\/wp\/v2\/product_tag?post=3369"}],"curies":[{"name":"wp","href":"https:\/\/api.w.org\/{rel}","templated":true}]}}