{"id":3298,"date":"2020-09-29T07:14:49","date_gmt":"2020-09-29T07:14:49","guid":{"rendered":"https:\/\/longchangchemical.com\/?post_type=product&#038;p=3298"},"modified":"2025-04-01T05:54:02","modified_gmt":"2025-04-01T05:54:02","slug":"light-stabilizer-770-tinuvin-770-cas-52829-07-9","status":"publish","type":"product","link":"https:\/\/longchangchemical.com\/tr\/product\/light-stabilizer-770-tinuvin-770-cas-52829-07-9\/","title":{"rendered":"CHLUMILS\u00ae UV-770 \/ HALS 770 \/ I\u015f\u0131k stabilizat\u00f6r\u00fc 770 \/ Tinuvin 770 CAS 52829-07-9"},"content":{"rendered":"<h1><strong><b>UV-770 \/ Tinuvin 770 CAS 52829-07-9<\/b><\/strong><\/h1>\n<table>\n<tbody>\n<tr>\n<td>\n<h4>\u00d6\u011fe<\/h4>\n<\/td>\n<td>\n<h4>Dizin<\/h4>\n<\/td>\n<\/tr>\n<tr>\n<td>\n<h4>G\u00f6r\u00fcn\u00fc\u015f<\/h4>\n<\/td>\n<td>\n<h4>hafif sar\u0131 kristal toz<\/h4>\n<\/td>\n<\/tr>\n<tr>\n<td rowspan=\"2\">\n<h4>Ge\u00e7irgenlik<\/h4>\n<\/td>\n<td>\n<h4>425nm \u226598%<\/h4>\n<\/td>\n<\/tr>\n<tr>\n<td>\n<h4>500nm \u226599%<\/h4>\n<\/td>\n<\/tr>\n<tr>\n<td>\n<h4>U\u00e7ucu madde<\/h4>\n<\/td>\n<td>\n<h4>\u22640,5%<\/h4>\n<\/td>\n<\/tr>\n<tr>\n<td>\n<h4>K\u00fcl<\/h4>\n<\/td>\n<td>\n<h4>\u22640,1%<\/h4>\n<\/td>\n<\/tr>\n<tr>\n<td>\n<h4>Erime noktas\u0131<\/h4>\n<\/td>\n<td>\n<h4>80 \u00b0 C - 85 \u00b0 C<\/h4>\n<\/td>\n<\/tr>\n<\/tbody>\n<\/table>\n<h2><strong><b>Tinuvin 770<\/b><\/strong><strong><b>\u00a0<\/b><\/strong><strong><b>Kullan\u0131m<\/b><\/strong><\/h2>\n<h4>1. Tinuvin 770, organik polimerleri ultraviyole radyasyona maruz kalman\u0131n neden oldu\u011fu bozulmaya kar\u015f\u0131 koruyan olduk\u00e7a etkili bir radikal tutucudur.<\/h4>\n<h4>2. Tinuvin 770, polipropilen, polistiren, poli\u00fcretanlar, SAN, ASA, poliamidler ve poliasetaller, y\u00fcksek yo\u011funluklu polietilen, poli\u00fcretan, polistiren, ABS re\u00e7inesi vb. dahil olmak \u00fczere \u00e7e\u015fitli uygulamalarda yayg\u0131n olarak kullan\u0131lmaktad\u0131r.<\/h4>\n<h4>3. Tinuvin 770'in \u0131\u015f\u0131k dengeleyici olarak y\u00fcksek etkinli\u011fi, onu \u00fcr\u00fcnlerin kal\u0131nl\u0131\u011f\u0131ndan ba\u011f\u0131ms\u0131z olarak hem kal\u0131n kesit hem de filmlerdeki uygulamalar i\u00e7in \u00e7ok uygun hale getirir. Di\u011fer HALS \u00fcr\u00fcnleri ile birlikte kullan\u0131ld\u0131\u011f\u0131nda, I\u015f\u0131k Sabitleyici 770 g\u00fc\u00e7l\u00fc sinerjik etkiler g\u00f6sterir.<\/h4>\n<h4>4. Tinuvin 770 \u0131\u015f\u0131k stabilitesi etkisi, yayg\u0131n olarak kullan\u0131lan \u0131\u015f\u0131k stabilizat\u00f6r\u00fcnden daha iyidir. Bir antioksidan ile birlikte kullan\u0131ld\u0131\u011f\u0131nda, \u0131s\u0131 direncini art\u0131rabilir ve ultraviyole \u0131\u015f\u0131k emici ile sinerjik etki, \u0131\u015f\u0131k stabilize edici etkiyi daha da art\u0131rabilir.<\/h4>\n<h4>Eklenen \u0131\u015f\u0131k dengeleyici Tinuvin 770 miktar\u0131:<br \/>\n\u0130lave miktar\u0131 0,1% ile 0,5% aras\u0131nda de\u011fi\u015fir ve spesifik ilave miktar\u0131 m\u00fc\u015fteri uygulama testlerine g\u00f6re belirlenir.<\/h4>\n<h2><strong><b>Tinuvin 770<\/b><\/strong><strong><b>\u00a0<\/b><\/strong><strong><b>Paketleme ve Nakliye<\/b><\/strong><\/h2>\n<h4>Ambalaj: 25kg bidon.<\/h4>\n<h4>Teslimat: 5-7 i\u015f g\u00fcn\u00fc i\u00e7inde.<\/h4>\n<h2><strong><b>Tinuvin 770<\/b><\/strong><strong><b>\u00a0<\/b><\/strong><strong><b>Depolama<\/b><\/strong><\/h2>\n<h4>Do\u011frudan g\u00fcne\u015f \u0131\u015f\u0131\u011f\u0131 almayan serin ve kuru bir yerde saklan\u0131r.<\/h4>\n<h2><strong>Ayn\u0131 seri \u00fcr\u00fcnler<\/strong><\/h2>\n<table width=\"546\">\n<tbody>\n<tr>\n<td width=\"399\">\n<h4><a href=\"https:\/\/longchangchemical.com\/tr\/product\/hals-119-light-stabilizer-119-chimassorb-119\/\"><span style=\"color: #0000ff;\">HALS 119 \/ I\u015eIK DENGELEYICI 119 \/ CHIMASSORB 119<\/span><\/a><\/h4>\n<\/td>\n<td width=\"147\">\n<h4>106990-43-6<\/h4>\n<\/td>\n<\/tr>\n<tr>\n<td>\n<h4><span style=\"color: #0000ff;\"><a style=\"color: #0000ff;\" href=\"https:\/\/longchangchemical.com\/tr\/product\/light-stabilizer-123-tinuvin-123-cas-129757-67-1\/\">HALS 123 \/ I\u015eIK DENGELEYICI 123 \/ TINUVIN 123<\/a><\/span><\/h4>\n<\/td>\n<td>\n<h4>129757-67-1<\/h4>\n<\/td>\n<\/tr>\n<tr>\n<td>\n<h4><a href=\"https:\/\/longchangchemical.com\/tr\/product\/light-stabilizer-622-tinuvin-622-cas-65447-77-0\/\"><span style=\"color: #0000ff;\">HALS 622 \/ I\u015eIK DENGELEYICI 622 \/ TINUVIN 622<\/span><\/a><\/h4>\n<\/td>\n<td>\n<h4><span style=\"color: #000000;\">65447-77-0<\/span><\/h4>\n<\/td>\n<\/tr>\n<tr>\n<td>\n<h4><span style=\"color: #000000;\">HALS 770 \/ I\u015eIK DENGELEYICI 770 \/ TINUVIN 770<\/span><\/h4>\n<\/td>\n<td>\n<h4>52829-07-9<\/h4>\n<\/td>\n<\/tr>\n<tr>\n<td>\n<h4><a href=\"https:\/\/longchangchemical.com\/tr\/product\/uv-light-stabilizer-783-tinuvin-783\/\"><span style=\"color: #0000ff;\">HALS 783 \/ UV I\u015eIK DENGELEYICI 783 \/ TINUVIN 783<\/span><\/a><\/h4>\n<\/td>\n<td><\/td>\n<\/tr>\n<tr>\n<td>\n<h4><a href=\"https:\/\/longchangchemical.com\/tr\/product\/light-stabilizer-791-tinuvin-791\/\"><span style=\"color: #0000ff;\">HALS 791 \/ I\u015eIK DENGELEYICI 791 \/ TINUVIN 791<\/span><\/a><\/h4>\n<\/td>\n<td><\/td>\n<\/tr>\n<tr>\n<td>\n<h4><a href=\"https:\/\/longchangchemical.com\/tr\/product\/light-stabilizer-944-cas-70624-18-9\/\"><span style=\"color: #0000ff;\">HALS 944 I\u015eIK DENGELEYICI-944 CHIMASORB 944<\/span><\/a><\/h4>\n<\/td>\n<td>\n<h4>70624-18-9 \/ 71878-19-8<\/h4>\n<\/td>\n<\/tr>\n<\/tbody>\n<\/table>\n<h2><strong><b>\u015eimdi Bize Ula\u015f\u0131n!<\/b><\/strong><\/h2>\n<h4><strong><b>COA, MSDS veya TDS'ye ihtiyac\u0131n\u0131z varsa, l\u00fctfen a\u015fa\u011f\u0131daki forma ileti\u015fim bilgilerinizi girin, genellikle 24 saat i\u00e7inde sizinle ileti\u015fime ge\u00e7ece\u011fiz.<\/b><\/strong> Bana e-posta da g\u00f6nderebilirsiniz <a href=\"mailto:info@longchangchemical.com\"><span style=\"color: #0000ff;\">info@longchangchemical.com<\/span><\/a> \u00c7al\u0131\u015fma saatleri i\u00e7inde (8:30 - 6:00 UTC+8 Pzt.~Sat.) veya h\u0131zl\u0131 yan\u0131t almak i\u00e7in web sitesi canl\u0131 sohbetini kullan\u0131n.<\/h4>","protected":false},"excerpt":{"rendered":"<p><strong><b>I\u015f\u0131k sabitleyici 770 h\u0131zl\u0131 Ayr\u0131nt\u0131lar<\/b><\/strong><\/p>\n<p>Kimyasal ad\u0131: Bis (2,2,6,6-Tetramethyl-4-Piperidinyl) sebacate<\/p>\n<p>E\u015fde\u011fer: Tinuvin 770 (Ciba), Uvinul 4077 H (BASF), Lowilite 77 (Great Lakes), vb.<\/p>\n<p>Di\u011fer ad\u0131: I\u015f\u0131k dengeleyici 770<\/p>\n<p>CAS No.:52829-07-9<\/p>\n<p>Molek\u00fcler Form\u00fcl: C28H52N2O4<\/p>\n<p>Molek\u00fcler A\u011f\u0131rl\u0131k: 480,73<\/p>\n<p>I\u015f\u0131k dengeleyici 770 Yap\u0131:<\/p>","protected":false},"featured_media":3299,"comment_status":"open","ping_status":"closed","template":"","meta":[],"product_brand":[],"product_cat":[104],"product_tag":[],"class_list":{"0":"post-3298","1":"product","2":"type-product","3":"status-publish","4":"has-post-thumbnail","6":"product_cat-light-stabilizer","8":"first","9":"instock","10":"shipping-taxable","11":"product-type-simple"},"yoast_head":"<!-- This site is optimized with the Yoast SEO plugin v25.3.1 - https:\/\/yoast.com\/wordpress\/plugins\/seo\/ -->\n<title>China HALS 770 \/ Light stabilizer 770 \/ Tinuvin 770 manufacturer - Longchang Chemical<\/title>\n<meta name=\"description\" content=\"China top HALS 770 \/ Light stabilizer 770 \/ Tinuvin 770 manufacturers and CAS 52829-07-9 suppliers. Longchang chemical can provide the best Tinuvin 770 price.\" \/>\n<meta name=\"robots\" content=\"index, follow, max-snippet:-1, max-image-preview:large, max-video-preview:-1\" \/>\n<link rel=\"canonical\" href=\"https:\/\/longchangchemical.com\/tr\/product\/light-stabilizer-770-tinuvin-770-cas-52829-07-9\/\" \/>\n<meta property=\"og:locale\" content=\"tr_TR\" \/>\n<meta property=\"og:type\" content=\"article\" \/>\n<meta property=\"og:title\" content=\"China HALS 770 \/ Light stabilizer 770 \/ Tinuvin 770 manufacturer - Longchang Chemical\" \/>\n<meta property=\"og:description\" content=\"China top HALS 770 \/ Light stabilizer 770 \/ Tinuvin 770 manufacturers and CAS 52829-07-9 suppliers. Longchang chemical can provide the best Tinuvin 770 price.\" \/>\n<meta property=\"og:url\" content=\"https:\/\/longchangchemical.com\/tr\/product\/light-stabilizer-770-tinuvin-770-cas-52829-07-9\/\" \/>\n<meta property=\"og:site_name\" content=\"Longchang Chemical\" \/>\n<meta property=\"article:modified_time\" content=\"2025-04-01T05:54:02+00:00\" \/>\n<meta property=\"og:image\" content=\"https:\/\/longchangchemical.com\/wp-content\/uploads\/2020\/09\/Tinuvin-770-appearance.jpg\" \/>\n\t<meta property=\"og:image:width\" content=\"600\" \/>\n\t<meta property=\"og:image:height\" content=\"800\" \/>\n\t<meta property=\"og:image:type\" content=\"image\/jpeg\" \/>\n<meta name=\"twitter:card\" content=\"summary_large_image\" \/>\n<script type=\"application\/ld+json\" class=\"yoast-schema-graph\">{\"@context\":\"https:\/\/schema.org\",\"@graph\":[{\"@type\":\"WebPage\",\"@id\":\"https:\/\/longchangchemical.com\/product\/light-stabilizer-770-tinuvin-770-cas-52829-07-9\/\",\"url\":\"https:\/\/longchangchemical.com\/product\/light-stabilizer-770-tinuvin-770-cas-52829-07-9\/\",\"name\":\"China HALS 770 \/ Light stabilizer 770 \/ Tinuvin 770 manufacturer - Longchang Chemical\",\"isPartOf\":{\"@id\":\"https:\/\/longchangchemical.com\/#website\"},\"primaryImageOfPage\":{\"@id\":\"https:\/\/longchangchemical.com\/product\/light-stabilizer-770-tinuvin-770-cas-52829-07-9\/#primaryimage\"},\"image\":{\"@id\":\"https:\/\/longchangchemical.com\/product\/light-stabilizer-770-tinuvin-770-cas-52829-07-9\/#primaryimage\"},\"thumbnailUrl\":\"https:\/\/longchangchemical.com\/wp-content\/uploads\/2020\/09\/Tinuvin-770-appearance.jpg\",\"datePublished\":\"2020-09-29T07:14:49+00:00\",\"dateModified\":\"2025-04-01T05:54:02+00:00\",\"description\":\"China top HALS 770 \/ Light stabilizer 770 \/ Tinuvin 770 manufacturers and CAS 52829-07-9 suppliers. Longchang chemical can provide the best Tinuvin 770 price.\",\"breadcrumb\":{\"@id\":\"https:\/\/longchangchemical.com\/product\/light-stabilizer-770-tinuvin-770-cas-52829-07-9\/#breadcrumb\"},\"inLanguage\":\"tr\",\"potentialAction\":[{\"@type\":\"ReadAction\",\"target\":[\"https:\/\/longchangchemical.com\/product\/light-stabilizer-770-tinuvin-770-cas-52829-07-9\/\"]}]},{\"@type\":\"ImageObject\",\"inLanguage\":\"tr\",\"@id\":\"https:\/\/longchangchemical.com\/product\/light-stabilizer-770-tinuvin-770-cas-52829-07-9\/#primaryimage\",\"url\":\"https:\/\/longchangchemical.com\/wp-content\/uploads\/2020\/09\/Tinuvin-770-appearance.jpg\",\"contentUrl\":\"https:\/\/longchangchemical.com\/wp-content\/uploads\/2020\/09\/Tinuvin-770-appearance.jpg\",\"width\":600,\"height\":800,\"caption\":\"Tinuvin 770 appearance\"},{\"@type\":\"BreadcrumbList\",\"@id\":\"https:\/\/longchangchemical.com\/product\/light-stabilizer-770-tinuvin-770-cas-52829-07-9\/#breadcrumb\",\"itemListElement\":[{\"@type\":\"ListItem\",\"position\":1,\"name\":\"Home\",\"item\":\"https:\/\/longchangchemical.com\/\"},{\"@type\":\"ListItem\",\"position\":2,\"name\":\"Products Longchang\",\"item\":\"https:\/\/longchangchemical.com\/product\/\"},{\"@type\":\"ListItem\",\"position\":3,\"name\":\"CHLUMILS\u00ae UV-770 \/ HALS 770 \/ Light stabilizer 770 \/ Tinuvin 770 CAS 52829-07-9\"}]},{\"@type\":\"WebSite\",\"@id\":\"https:\/\/longchangchemical.com\/#website\",\"url\":\"https:\/\/longchangchemical.com\/\",\"name\":\"Longchang Chemical\",\"description\":\"China chemical manufacturer \uff06 supplier\",\"publisher\":{\"@id\":\"https:\/\/longchangchemical.com\/#organization\"},\"potentialAction\":[{\"@type\":\"SearchAction\",\"target\":{\"@type\":\"EntryPoint\",\"urlTemplate\":\"https:\/\/longchangchemical.com\/?s={search_term_string}\"},\"query-input\":{\"@type\":\"PropertyValueSpecification\",\"valueRequired\":true,\"valueName\":\"search_term_string\"}}],\"inLanguage\":\"tr\"},{\"@type\":\"Organization\",\"@id\":\"https:\/\/longchangchemical.com\/#organization\",\"name\":\"Longchang Chemical\",\"url\":\"https:\/\/longchangchemical.com\/\",\"logo\":{\"@type\":\"ImageObject\",\"inLanguage\":\"tr\",\"@id\":\"https:\/\/longchangchemical.com\/#\/schema\/logo\/image\/\",\"url\":\"https:\/\/longchangchemical.com\/wp-content\/uploads\/2020\/08\/cropped-longchang-logo.png\",\"contentUrl\":\"https:\/\/longchangchemical.com\/wp-content\/uploads\/2020\/08\/cropped-longchang-logo.png\",\"width\":512,\"height\":512,\"caption\":\"Longchang Chemical\"},\"image\":{\"@id\":\"https:\/\/longchangchemical.com\/#\/schema\/logo\/image\/\"}}]}<\/script>\n<!-- \/ Yoast SEO plugin. -->","yoast_head_json":{"title":"\u00c7in HALS 770 \/ I\u015f\u0131k dengeleyici 770 \/ Tinuvin 770 \u00fcreticisi - Longchang Chemical","description":"\u00c7in'in en iyi HALS 770 \/ I\u015f\u0131k dengeleyici 770 \/ Tinuvin 770 \u00fcreticileri ve CAS 52829-07-9 tedarik\u00e7ileri. Longchang chemical en iyi Tinuvin 770 fiyat\u0131n\u0131 sa\u011flayabilir.","robots":{"index":"index","follow":"follow","max-snippet":"max-snippet:-1","max-image-preview":"max-image-preview:large","max-video-preview":"max-video-preview:-1"},"canonical":"https:\/\/longchangchemical.com\/tr\/product\/light-stabilizer-770-tinuvin-770-cas-52829-07-9\/","og_locale":"tr_TR","og_type":"article","og_title":"China HALS 770 \/ Light stabilizer 770 \/ Tinuvin 770 manufacturer - Longchang Chemical","og_description":"China top HALS 770 \/ Light stabilizer 770 \/ Tinuvin 770 manufacturers and CAS 52829-07-9 suppliers. Longchang chemical can provide the best Tinuvin 770 price.","og_url":"https:\/\/longchangchemical.com\/tr\/product\/light-stabilizer-770-tinuvin-770-cas-52829-07-9\/","og_site_name":"Longchang Chemical","article_modified_time":"2025-04-01T05:54:02+00:00","og_image":[{"width":600,"height":800,"url":"https:\/\/longchangchemical.com\/wp-content\/uploads\/2020\/09\/Tinuvin-770-appearance.jpg","type":"image\/jpeg"}],"twitter_card":"summary_large_image","schema":{"@context":"https:\/\/schema.org","@graph":[{"@type":"WebPage","@id":"https:\/\/longchangchemical.com\/product\/light-stabilizer-770-tinuvin-770-cas-52829-07-9\/","url":"https:\/\/longchangchemical.com\/product\/light-stabilizer-770-tinuvin-770-cas-52829-07-9\/","name":"\u00c7in HALS 770 \/ I\u015f\u0131k dengeleyici 770 \/ Tinuvin 770 \u00fcreticisi - Longchang Chemical","isPartOf":{"@id":"https:\/\/longchangchemical.com\/#website"},"primaryImageOfPage":{"@id":"https:\/\/longchangchemical.com\/product\/light-stabilizer-770-tinuvin-770-cas-52829-07-9\/#primaryimage"},"image":{"@id":"https:\/\/longchangchemical.com\/product\/light-stabilizer-770-tinuvin-770-cas-52829-07-9\/#primaryimage"},"thumbnailUrl":"https:\/\/longchangchemical.com\/wp-content\/uploads\/2020\/09\/Tinuvin-770-appearance.jpg","datePublished":"2020-09-29T07:14:49+00:00","dateModified":"2025-04-01T05:54:02+00:00","description":"\u00c7in'in en iyi HALS 770 \/ I\u015f\u0131k dengeleyici 770 \/ Tinuvin 770 \u00fcreticileri ve CAS 52829-07-9 tedarik\u00e7ileri. Longchang chemical en iyi Tinuvin 770 fiyat\u0131n\u0131 sa\u011flayabilir.","breadcrumb":{"@id":"https:\/\/longchangchemical.com\/product\/light-stabilizer-770-tinuvin-770-cas-52829-07-9\/#breadcrumb"},"inLanguage":"tr","potentialAction":[{"@type":"ReadAction","target":["https:\/\/longchangchemical.com\/product\/light-stabilizer-770-tinuvin-770-cas-52829-07-9\/"]}]},{"@type":"ImageObject","inLanguage":"tr","@id":"https:\/\/longchangchemical.com\/product\/light-stabilizer-770-tinuvin-770-cas-52829-07-9\/#primaryimage","url":"https:\/\/longchangchemical.com\/wp-content\/uploads\/2020\/09\/Tinuvin-770-appearance.jpg","contentUrl":"https:\/\/longchangchemical.com\/wp-content\/uploads\/2020\/09\/Tinuvin-770-appearance.jpg","width":600,"height":800,"caption":"Tinuvin 770 appearance"},{"@type":"BreadcrumbList","@id":"https:\/\/longchangchemical.com\/product\/light-stabilizer-770-tinuvin-770-cas-52829-07-9\/#breadcrumb","itemListElement":[{"@type":"ListItem","position":1,"name":"Home","item":"https:\/\/longchangchemical.com\/"},{"@type":"ListItem","position":2,"name":"Products Longchang","item":"https:\/\/longchangchemical.com\/product\/"},{"@type":"ListItem","position":3,"name":"CHLUMILS\u00ae UV-770 \/ HALS 770 \/ Light stabilizer 770 \/ Tinuvin 770 CAS 52829-07-9"}]},{"@type":"WebSite","@id":"https:\/\/longchangchemical.com\/#website","url":"https:\/\/longchangchemical.com\/","name":"Longchang Kimya","description":"\u00c7in kimyasal \u00fcreticisi \uff06 tedarik\u00e7isi","publisher":{"@id":"https:\/\/longchangchemical.com\/#organization"},"potentialAction":[{"@type":"SearchAction","target":{"@type":"EntryPoint","urlTemplate":"https:\/\/longchangchemical.com\/?s={search_term_string}"},"query-input":{"@type":"PropertyValueSpecification","valueRequired":true,"valueName":"search_term_string"}}],"inLanguage":"tr"},{"@type":"Organization","@id":"https:\/\/longchangchemical.com\/#organization","name":"Longchang Kimya","url":"https:\/\/longchangchemical.com\/","logo":{"@type":"ImageObject","inLanguage":"tr","@id":"https:\/\/longchangchemical.com\/#\/schema\/logo\/image\/","url":"https:\/\/longchangchemical.com\/wp-content\/uploads\/2020\/08\/cropped-longchang-logo.png","contentUrl":"https:\/\/longchangchemical.com\/wp-content\/uploads\/2020\/08\/cropped-longchang-logo.png","width":512,"height":512,"caption":"Longchang Chemical"},"image":{"@id":"https:\/\/longchangchemical.com\/#\/schema\/logo\/image\/"}}]}},"_links":{"self":[{"href":"https:\/\/longchangchemical.com\/tr\/wp-json\/wp\/v2\/product\/3298","targetHints":{"allow":["GET"]}}],"collection":[{"href":"https:\/\/longchangchemical.com\/tr\/wp-json\/wp\/v2\/product"}],"about":[{"href":"https:\/\/longchangchemical.com\/tr\/wp-json\/wp\/v2\/types\/product"}],"replies":[{"embeddable":true,"href":"https:\/\/longchangchemical.com\/tr\/wp-json\/wp\/v2\/comments?post=3298"}],"wp:featuredmedia":[{"embeddable":true,"href":"https:\/\/longchangchemical.com\/tr\/wp-json\/wp\/v2\/media\/3299"}],"wp:attachment":[{"href":"https:\/\/longchangchemical.com\/tr\/wp-json\/wp\/v2\/media?parent=3298"}],"wp:term":[{"taxonomy":"product_brand","embeddable":true,"href":"https:\/\/longchangchemical.com\/tr\/wp-json\/wp\/v2\/product_brand?post=3298"},{"taxonomy":"product_cat","embeddable":true,"href":"https:\/\/longchangchemical.com\/tr\/wp-json\/wp\/v2\/product_cat?post=3298"},{"taxonomy":"product_tag","embeddable":true,"href":"https:\/\/longchangchemical.com\/tr\/wp-json\/wp\/v2\/product_tag?post=3298"}],"curies":[{"name":"wp","href":"https:\/\/api.w.org\/{rel}","templated":true}]}}