{"id":3295,"date":"2020-09-29T03:49:26","date_gmt":"2020-09-29T03:49:26","guid":{"rendered":"https:\/\/longchangchemical.com\/?post_type=product&#038;p=3295"},"modified":"2025-12-30T09:03:08","modified_gmt":"2025-12-30T09:03:08","slug":"light-stabilizer-622-tinuvin-622-cas-65447-77-0","status":"publish","type":"product","link":"https:\/\/longchangchemical.com\/tr\/product\/light-stabilizer-622-tinuvin-622-cas-65447-77-0\/","title":{"rendered":"CHLUMILS\u00ae UV-622 \/ HALS 622 \/ I\u015f\u0131k Sabitleyici 622 \/ Tinuvin 622 CAS 65447-77-0"},"content":{"rendered":"<h1><strong>HALS 622 \/ I\u015f\u0131k Sabitleyici 622 \/ Tinuvin 622 CAS 65447-77-0<\/strong><\/h1>\n<table>\n<tbody>\n<tr>\n<td>\n<h4><strong><b>\u00d6\u011fe<\/b><\/strong><\/h4>\n<\/td>\n<td>\n<h4><strong><b>Standart<\/b><\/strong><\/h4>\n<\/td>\n<\/tr>\n<tr>\n<td>\n<h4>G\u00f6r\u00fcn\u00fc\u015f<\/h4>\n<\/td>\n<td>\n<h4>Beyaz kaba toz veya sar\u0131ms\u0131 gran\u00fcl<\/h4>\n<\/td>\n<\/tr>\n<tr>\n<td>\n<h4>U\u00e7ucu Maddeler<\/h4>\n<\/td>\n<td>\n<h4>\u22640,5%<\/h4>\n<\/td>\n<\/tr>\n<tr>\n<td>\n<h4>I\u015f\u0131k ge\u00e7irgenli\u011fi 425nm<\/h4>\n<\/td>\n<td>\n<h4>\u226597%<\/h4>\n<\/td>\n<\/tr>\n<tr>\n<td>\n<h4>I\u015f\u0131k ge\u00e7irgenli\u011fi 450nm<\/h4>\n<\/td>\n<td>\n<h4>\u226598% (10g\/100ml metil benzen)<\/h4>\n<\/td>\n<\/tr>\n<tr>\n<td>\n<h4>I\u015f\u0131k ge\u00e7irgenli\u011fi 500nm<\/h4>\n<\/td>\n<td>\n<h4>\u226599%<\/h4>\n<\/td>\n<\/tr>\n<tr>\n<td>\n<h4>K\u00fcl<\/h4>\n<\/td>\n<td>\n<h4>\u22640,05%<\/h4>\n<\/td>\n<\/tr>\n<tr>\n<td>\n<h4>Yumu\u015fatma aral\u0131\u011f\u0131<\/h4>\n<\/td>\n<td>\n<h4>50-70 \u2103<\/h4>\n<\/td>\n<\/tr>\n<\/tbody>\n<\/table>\n<h2><\/h2>\n<h2><strong><b>Tinuvin 622<\/b><\/strong><strong><b>\u00a0<\/b><\/strong><strong><b>Kullan\u0131m<\/b><\/strong><\/h2>\n<h4>1. Light Stabilizer 622, m\u00fckemmel s\u0131cak i\u015fleme stabilitesine sahip en yeni nesil polimerik Hindered Amine Light Stabilizer'a aittir. Re\u00e7ine ile m\u00fcthi\u015f uyumluluk, suya kar\u015f\u0131 tatmin edici izlenebilirlik ve a\u015f\u0131r\u0131 d\u00fc\u015f\u00fck u\u00e7uculuk ve g\u00f6\u00e7.<\/h4>\n<h4>2. I\u015f\u0131k stabilizat\u00f6r\u00fc 622 PE.PP'ye uygulanabilir. Polistiren, ABS, poli\u00fcretan ve poliamid vb. malzemelere uygulanabilir, antioksidanlar ve UV emiciler ile birlikte kullan\u0131ld\u0131\u011f\u0131nda optimum etki elde edilir.<\/h4>\n<h4>3. I\u015f\u0131k stabilizat\u00f6r\u00fc 622, FDA taraf\u0131ndan g\u0131da ambalajlar\u0131nda kullan\u0131lmas\u0131na izin verilen \u0131\u015f\u0131k stabilizat\u00f6rlerinden biridir. PE tar\u0131msal filmde referans dozaj: 0.3-0.6%.<\/h4>\n<h4>4. Y\u00fcksek molek\u00fcler a\u011f\u0131rl\u0131kl\u0131, d\u00fc\u015f\u00fck u\u00e7uculu\u011fa, d\u00fc\u015f\u00fck bozunmaya, zor \u00e7\u0131kar\u0131labilir (su ile) veya a\u011fart\u0131labilir (gaz ile) ve ince \u0131s\u0131 stabilitesine sahip polimerize HALS, \u00e7al\u0131\u015fma<\/h4>\n<p><strong><b>\u00a0<\/b><\/strong><\/p>\n<h2><strong><b>Tinuvin 622<\/b><\/strong><strong><b>\u00a0<\/b><\/strong><strong><b>Paketleme ve Nakliye<\/b><\/strong><\/h2>\n<h4>Ambalaj: 25 kg \/ kutu; 20 kutu \/ palet; 20 kg karton (plastik torba ile i\u00e7).<\/h4>\n<p>&nbsp;<\/p>\n<h2><strong><b>Tinuvin 622<\/b><\/strong><strong><b>\u00a0<\/b><\/strong><strong><b>Depolama<\/b><\/strong><\/h2>\n<h4>Nem ve \u0131\u015f\u0131ktan ka\u00e7\u0131narak 30\u2103 alt\u0131nda kuru yerlerde saklay\u0131n.<\/h4>\n<p>&nbsp;<\/p>\n<h2><strong>Ayn\u0131 seri \u00fcr\u00fcnler<\/strong><\/h2>\n<table width=\"546\">\n<tbody>\n<tr>\n<td width=\"399\">\n<h4><a href=\"https:\/\/longchangchemical.com\/tr\/product\/hals-119-light-stabilizer-119-chimassorb-119\/\"><span style=\"color: #0000ff;\">HALS 119 \/ I\u015eIK DENGELEYICI 119 \/ CHIMASSORB 119<\/span><\/a><\/h4>\n<\/td>\n<td width=\"147\">\n<h4>106990-43-6<\/h4>\n<\/td>\n<\/tr>\n<tr>\n<td>\n<h4><a href=\"https:\/\/longchangchemical.com\/tr\/product\/light-stabilizer-123-tinuvin-123-cas-129757-67-1\/\"><span style=\"color: #0000ff;\">HALS 123 \/ I\u015eIK DENGELEYICI 123 \/ TINUVIN 123<\/span><\/a><\/h4>\n<\/td>\n<td>\n<h4>129757-67-1<\/h4>\n<\/td>\n<\/tr>\n<tr>\n<td>\n<h4><a href=\"https:\/\/longchangchemical.com\/tr\/product\/light-stabilizer-622-tinuvin-622-cas-65447-77-0\/\"><span style=\"color: #0000ff;\">HALS 622 \/ I\u015eIK DENGELEYICI 622 \/ TINUVIN 622<\/span><\/a><\/h4>\n<\/td>\n<td>\n<h4><span style=\"color: #000000;\">65447-77-0<\/span><\/h4>\n<\/td>\n<\/tr>\n<tr>\n<td>\n<h4><a href=\"https:\/\/longchangchemical.com\/tr\/product\/light-stabilizer-770-tinuvin-770-cas-52829-07-9\/\"><span style=\"color: #0000ff;\">HALS 770 \/ I\u015eIK DENGELEYICI 770 \/ TINUVIN 770<\/span><\/a><\/h4>\n<\/td>\n<td>\n<h4>52829-07-9<\/h4>\n<\/td>\n<\/tr>\n<tr>\n<td>\n<h4><a href=\"https:\/\/longchangchemical.com\/tr\/product\/uv-light-stabilizer-783-tinuvin-783\/\"><span style=\"color: #0000ff;\">HALS 783 \/ UV I\u015eIK DENGELEYICI 783 \/ TINUVIN 783<\/span><\/a><\/h4>\n<\/td>\n<td><\/td>\n<\/tr>\n<tr>\n<td>\n<h4><a href=\"https:\/\/longchangchemical.com\/tr\/product\/light-stabilizer-791-tinuvin-791\/\"><span style=\"color: #0000ff;\">HALS 791 \/ I\u015eIK DENGELEYICI 791 \/ TINUVIN 791<\/span><\/a><\/h4>\n<\/td>\n<td><\/td>\n<\/tr>\n<tr>\n<td>\n<h4><a href=\"https:\/\/longchangchemical.com\/tr\/product\/light-stabilizer-944-cas-70624-18-9\/\"><span style=\"color: #0000ff;\">HALS 944 I\u015eIK DENGELEYICI-944 CHIMASORB 944<\/span><\/a><\/h4>\n<\/td>\n<td>\n<h4>70624-18-9 \/ 71878-19-8<\/h4>\n<\/td>\n<\/tr>\n<\/tbody>\n<\/table>\n<p>&nbsp;<\/p>\n<p>&nbsp;<\/p>\n<h2><strong><b>\u015eimdi Bize Ula\u015f\u0131n!<\/b><\/strong><\/h2>\n<h4><strong><b>COA, MSDS veya TDS'ye ihtiyac\u0131n\u0131z varsa, l\u00fctfen a\u015fa\u011f\u0131daki forma ileti\u015fim bilgilerinizi girin, genellikle 24 saat i\u00e7inde sizinle ileti\u015fime ge\u00e7ece\u011fiz. <\/b><\/strong> Bana e-posta da g\u00f6nderebilirsiniz <span style=\"color: #0000ff;\"><strong><a style=\"color: #0000ff;\" href=\"mailto:info@longchangchemical\">info@longchangchemical<\/a><\/strong><\/span>.com adresinden mesai saatleri i\u00e7inde (8:30 - 6:00 UTC+8 Pzt.~Sat.) veya web sitesi canl\u0131 sohbetini kullanarak h\u0131zl\u0131 yan\u0131t alabilirsiniz.<\/h4>","protected":false},"excerpt":{"rendered":"<h4>Kimyasal ad\u0131: Poly-(N-Beta-hydroxyethyl-2,2,6,6-tetramethyl-4-hydroxy-piperidyl succinate)<\/h4>\n<h4>\u00dcr\u00fcn ad\u0131: I\u015f\u0131k Sabitleyici 622<\/h4>\n<h4>Ticari ad\u0131: Tinuvin 622 (Ciba), Uvinul 5062 H (BASF), Lowilite 62 (Great Lakes), vb.<\/h4>\n<h4>CAS No.:65447-77-0<\/h4>\n<h4>Molek\u00fcler Form\u00fcl: C7H15NO<\/h4>\n<h4>Molek\u00fcler A\u011f\u0131rl\u0131k: &gt; 2500<\/h4>\n<h4>Tinuvin 622 Yap\u0131: <img decoding=\"async\" class=\"size-medium wp-image-3296\" src=\"https:\/\/longchangchemical.com\/wp-content\/uploads\/2020\/09\/Tinuvin-622-Structure-300x90.png\" alt=\"Tinuvin 622 Yap\u0131s\u0131\" width=\"300\" height=\"90\" srcset=\"https:\/\/longchangchemical.com\/wp-content\/uploads\/2020\/09\/Tinuvin-622-Structure-300x90.png 300w, https:\/\/longchangchemical.com\/wp-content\/uploads\/2020\/09\/Tinuvin-622-Structure.png 325w\" sizes=\"(max-width: 300px) 100vw, 300px\" \/><\/h4>\n<h4>G\u00f6r\u00fcn\u00fc\u015f: Beyaz kaba toz veya sar\u0131ms\u0131 gran\u00fcl<\/h4>\n<h4><strong><b>COA, MSDS veya TDS'ye ihtiyac\u0131n\u0131z varsa, l\u00fctfen a\u015fa\u011f\u0131daki forma ileti\u015fim bilgilerinizi girin, genellikle 24 saat i\u00e7inde sizinle ileti\u015fime ge\u00e7ece\u011fiz. <\/b><\/strong> Bana e-posta da g\u00f6nderebilirsiniz <a href=\"mailto:info@longchangchemical.com\"><span style=\"color: #0000ff;\"><strong>info@longchangchemical<\/strong><\/span>.com<\/a> \u00c7al\u0131\u015fma saatleri i\u00e7inde (8:30 - 6:00 UTC+8 Pzt.~Sat.) veya h\u0131zl\u0131 yan\u0131t almak i\u00e7in web sitesi canl\u0131 sohbetini kullan\u0131n.<\/h4>","protected":false},"featured_media":3297,"comment_status":"open","ping_status":"closed","template":"","meta":[],"product_brand":[],"product_cat":[104],"product_tag":[],"class_list":{"0":"post-3295","1":"product","2":"type-product","3":"status-publish","4":"has-post-thumbnail","6":"product_cat-light-stabilizer","8":"first","9":"instock","10":"shipping-taxable","11":"product-type-simple"},"yoast_head":"<!-- This site is optimized with the Yoast SEO plugin v25.3.1 - https:\/\/yoast.com\/wordpress\/plugins\/seo\/ -->\n<title>China Light Stabilizer 622 \/ Tinuvin 622 CAS 65447-77-0 manufacturer - Longchang Chemical<\/title>\n<meta name=\"description\" content=\"China top Light Stabilizer 622 \/ Tinuvin 622 manufacturers and CAS 65447-77-0 suppliers. Longchang chemical can provide the best Tinuvin 622 price.\" \/>\n<meta name=\"robots\" content=\"index, follow, max-snippet:-1, max-image-preview:large, max-video-preview:-1\" \/>\n<link rel=\"canonical\" href=\"https:\/\/longchangchemical.com\/tr\/product\/light-stabilizer-622-tinuvin-622-cas-65447-77-0\/\" \/>\n<meta property=\"og:locale\" content=\"tr_TR\" \/>\n<meta property=\"og:type\" content=\"article\" \/>\n<meta property=\"og:title\" content=\"China Light Stabilizer 622 \/ Tinuvin 622 CAS 65447-77-0 manufacturer - Longchang Chemical\" \/>\n<meta property=\"og:description\" content=\"China top Light Stabilizer 622 \/ Tinuvin 622 manufacturers and CAS 65447-77-0 suppliers. Longchang chemical can provide the best Tinuvin 622 price.\" \/>\n<meta property=\"og:url\" content=\"https:\/\/longchangchemical.com\/tr\/product\/light-stabilizer-622-tinuvin-622-cas-65447-77-0\/\" \/>\n<meta property=\"og:site_name\" content=\"Longchang Chemical\" \/>\n<meta property=\"article:modified_time\" content=\"2025-12-30T09:03:08+00:00\" \/>\n<meta property=\"og:image\" content=\"https:\/\/longchangchemical.com\/wp-content\/uploads\/2020\/09\/HALS-622-Light-Stabilizer-622-Tinuvin-622-appearance.jpg\" \/>\n\t<meta property=\"og:image:width\" content=\"600\" \/>\n\t<meta property=\"og:image:height\" content=\"800\" \/>\n\t<meta property=\"og:image:type\" content=\"image\/jpeg\" \/>\n<meta name=\"twitter:card\" content=\"summary_large_image\" \/>\n<script type=\"application\/ld+json\" class=\"yoast-schema-graph\">{\"@context\":\"https:\/\/schema.org\",\"@graph\":[{\"@type\":\"WebPage\",\"@id\":\"https:\/\/longchangchemical.com\/product\/light-stabilizer-622-tinuvin-622-cas-65447-77-0\/\",\"url\":\"https:\/\/longchangchemical.com\/product\/light-stabilizer-622-tinuvin-622-cas-65447-77-0\/\",\"name\":\"China Light Stabilizer 622 \/ Tinuvin 622 CAS 65447-77-0 manufacturer - Longchang Chemical\",\"isPartOf\":{\"@id\":\"https:\/\/longchangchemical.com\/#website\"},\"primaryImageOfPage\":{\"@id\":\"https:\/\/longchangchemical.com\/product\/light-stabilizer-622-tinuvin-622-cas-65447-77-0\/#primaryimage\"},\"image\":{\"@id\":\"https:\/\/longchangchemical.com\/product\/light-stabilizer-622-tinuvin-622-cas-65447-77-0\/#primaryimage\"},\"thumbnailUrl\":\"https:\/\/longchangchemical.com\/wp-content\/uploads\/2020\/09\/HALS-622-Light-Stabilizer-622-Tinuvin-622-appearance.jpg\",\"datePublished\":\"2020-09-29T03:49:26+00:00\",\"dateModified\":\"2025-12-30T09:03:08+00:00\",\"description\":\"China top Light Stabilizer 622 \/ Tinuvin 622 manufacturers and CAS 65447-77-0 suppliers. Longchang chemical can provide the best Tinuvin 622 price.\",\"breadcrumb\":{\"@id\":\"https:\/\/longchangchemical.com\/product\/light-stabilizer-622-tinuvin-622-cas-65447-77-0\/#breadcrumb\"},\"inLanguage\":\"tr\",\"potentialAction\":[{\"@type\":\"ReadAction\",\"target\":[\"https:\/\/longchangchemical.com\/product\/light-stabilizer-622-tinuvin-622-cas-65447-77-0\/\"]}]},{\"@type\":\"ImageObject\",\"inLanguage\":\"tr\",\"@id\":\"https:\/\/longchangchemical.com\/product\/light-stabilizer-622-tinuvin-622-cas-65447-77-0\/#primaryimage\",\"url\":\"https:\/\/longchangchemical.com\/wp-content\/uploads\/2020\/09\/HALS-622-Light-Stabilizer-622-Tinuvin-622-appearance.jpg\",\"contentUrl\":\"https:\/\/longchangchemical.com\/wp-content\/uploads\/2020\/09\/HALS-622-Light-Stabilizer-622-Tinuvin-622-appearance.jpg\",\"width\":600,\"height\":800,\"caption\":\"HALS 622 Light Stabilizer 622 Tinuvin 622 appearance\"},{\"@type\":\"BreadcrumbList\",\"@id\":\"https:\/\/longchangchemical.com\/product\/light-stabilizer-622-tinuvin-622-cas-65447-77-0\/#breadcrumb\",\"itemListElement\":[{\"@type\":\"ListItem\",\"position\":1,\"name\":\"Home\",\"item\":\"https:\/\/longchangchemical.com\/\"},{\"@type\":\"ListItem\",\"position\":2,\"name\":\"Products Longchang\",\"item\":\"https:\/\/longchangchemical.com\/product\/\"},{\"@type\":\"ListItem\",\"position\":3,\"name\":\"CHLUMILS\u00ae UV-622 \/ HALS 622 \/ Light Stabilizer 622 \/ Tinuvin 622 CAS 65447-77-0\"}]},{\"@type\":\"WebSite\",\"@id\":\"https:\/\/longchangchemical.com\/#website\",\"url\":\"https:\/\/longchangchemical.com\/\",\"name\":\"Longchang Chemical\",\"description\":\"China chemical manufacturer \uff06 supplier\",\"publisher\":{\"@id\":\"https:\/\/longchangchemical.com\/#organization\"},\"potentialAction\":[{\"@type\":\"SearchAction\",\"target\":{\"@type\":\"EntryPoint\",\"urlTemplate\":\"https:\/\/longchangchemical.com\/?s={search_term_string}\"},\"query-input\":{\"@type\":\"PropertyValueSpecification\",\"valueRequired\":true,\"valueName\":\"search_term_string\"}}],\"inLanguage\":\"tr\"},{\"@type\":\"Organization\",\"@id\":\"https:\/\/longchangchemical.com\/#organization\",\"name\":\"Longchang Chemical\",\"url\":\"https:\/\/longchangchemical.com\/\",\"logo\":{\"@type\":\"ImageObject\",\"inLanguage\":\"tr\",\"@id\":\"https:\/\/longchangchemical.com\/#\/schema\/logo\/image\/\",\"url\":\"https:\/\/longchangchemical.com\/wp-content\/uploads\/2020\/08\/cropped-longchang-logo.png\",\"contentUrl\":\"https:\/\/longchangchemical.com\/wp-content\/uploads\/2020\/08\/cropped-longchang-logo.png\",\"width\":512,\"height\":512,\"caption\":\"Longchang Chemical\"},\"image\":{\"@id\":\"https:\/\/longchangchemical.com\/#\/schema\/logo\/image\/\"}}]}<\/script>\n<!-- \/ Yoast SEO plugin. -->","yoast_head_json":{"title":"\u00c7in I\u015f\u0131k Sabitleyici 622 \/ Tinuvin 622 CAS 65447-77-0 \u00dcretici - Longchang Chemical","description":"\u00c7in'in en iyi I\u015f\u0131k Sabitleyici 622 \/ Tinuvin 622 \u00fcreticileri ve CAS 65447-77-0 tedarik\u00e7ileri. Longchang chemical en iyi Tinuvin 622 fiyat\u0131n\u0131 sa\u011flayabilir.","robots":{"index":"index","follow":"follow","max-snippet":"max-snippet:-1","max-image-preview":"max-image-preview:large","max-video-preview":"max-video-preview:-1"},"canonical":"https:\/\/longchangchemical.com\/tr\/product\/light-stabilizer-622-tinuvin-622-cas-65447-77-0\/","og_locale":"tr_TR","og_type":"article","og_title":"China Light Stabilizer 622 \/ Tinuvin 622 CAS 65447-77-0 manufacturer - Longchang Chemical","og_description":"China top Light Stabilizer 622 \/ Tinuvin 622 manufacturers and CAS 65447-77-0 suppliers. Longchang chemical can provide the best Tinuvin 622 price.","og_url":"https:\/\/longchangchemical.com\/tr\/product\/light-stabilizer-622-tinuvin-622-cas-65447-77-0\/","og_site_name":"Longchang Chemical","article_modified_time":"2025-12-30T09:03:08+00:00","og_image":[{"width":600,"height":800,"url":"https:\/\/longchangchemical.com\/wp-content\/uploads\/2020\/09\/HALS-622-Light-Stabilizer-622-Tinuvin-622-appearance.jpg","type":"image\/jpeg"}],"twitter_card":"summary_large_image","schema":{"@context":"https:\/\/schema.org","@graph":[{"@type":"WebPage","@id":"https:\/\/longchangchemical.com\/product\/light-stabilizer-622-tinuvin-622-cas-65447-77-0\/","url":"https:\/\/longchangchemical.com\/product\/light-stabilizer-622-tinuvin-622-cas-65447-77-0\/","name":"\u00c7in I\u015f\u0131k Sabitleyici 622 \/ Tinuvin 622 CAS 65447-77-0 \u00dcretici - Longchang Chemical","isPartOf":{"@id":"https:\/\/longchangchemical.com\/#website"},"primaryImageOfPage":{"@id":"https:\/\/longchangchemical.com\/product\/light-stabilizer-622-tinuvin-622-cas-65447-77-0\/#primaryimage"},"image":{"@id":"https:\/\/longchangchemical.com\/product\/light-stabilizer-622-tinuvin-622-cas-65447-77-0\/#primaryimage"},"thumbnailUrl":"https:\/\/longchangchemical.com\/wp-content\/uploads\/2020\/09\/HALS-622-Light-Stabilizer-622-Tinuvin-622-appearance.jpg","datePublished":"2020-09-29T03:49:26+00:00","dateModified":"2025-12-30T09:03:08+00:00","description":"\u00c7in'in en iyi I\u015f\u0131k Sabitleyici 622 \/ Tinuvin 622 \u00fcreticileri ve CAS 65447-77-0 tedarik\u00e7ileri. Longchang chemical en iyi Tinuvin 622 fiyat\u0131n\u0131 sa\u011flayabilir.","breadcrumb":{"@id":"https:\/\/longchangchemical.com\/product\/light-stabilizer-622-tinuvin-622-cas-65447-77-0\/#breadcrumb"},"inLanguage":"tr","potentialAction":[{"@type":"ReadAction","target":["https:\/\/longchangchemical.com\/product\/light-stabilizer-622-tinuvin-622-cas-65447-77-0\/"]}]},{"@type":"ImageObject","inLanguage":"tr","@id":"https:\/\/longchangchemical.com\/product\/light-stabilizer-622-tinuvin-622-cas-65447-77-0\/#primaryimage","url":"https:\/\/longchangchemical.com\/wp-content\/uploads\/2020\/09\/HALS-622-Light-Stabilizer-622-Tinuvin-622-appearance.jpg","contentUrl":"https:\/\/longchangchemical.com\/wp-content\/uploads\/2020\/09\/HALS-622-Light-Stabilizer-622-Tinuvin-622-appearance.jpg","width":600,"height":800,"caption":"HALS 622 Light Stabilizer 622 Tinuvin 622 appearance"},{"@type":"BreadcrumbList","@id":"https:\/\/longchangchemical.com\/product\/light-stabilizer-622-tinuvin-622-cas-65447-77-0\/#breadcrumb","itemListElement":[{"@type":"ListItem","position":1,"name":"Home","item":"https:\/\/longchangchemical.com\/"},{"@type":"ListItem","position":2,"name":"Products Longchang","item":"https:\/\/longchangchemical.com\/product\/"},{"@type":"ListItem","position":3,"name":"CHLUMILS\u00ae UV-622 \/ HALS 622 \/ Light Stabilizer 622 \/ Tinuvin 622 CAS 65447-77-0"}]},{"@type":"WebSite","@id":"https:\/\/longchangchemical.com\/#website","url":"https:\/\/longchangchemical.com\/","name":"Longchang Kimya","description":"\u00c7in kimyasal \u00fcreticisi \uff06 tedarik\u00e7isi","publisher":{"@id":"https:\/\/longchangchemical.com\/#organization"},"potentialAction":[{"@type":"SearchAction","target":{"@type":"EntryPoint","urlTemplate":"https:\/\/longchangchemical.com\/?s={search_term_string}"},"query-input":{"@type":"PropertyValueSpecification","valueRequired":true,"valueName":"search_term_string"}}],"inLanguage":"tr"},{"@type":"Organization","@id":"https:\/\/longchangchemical.com\/#organization","name":"Longchang Kimya","url":"https:\/\/longchangchemical.com\/","logo":{"@type":"ImageObject","inLanguage":"tr","@id":"https:\/\/longchangchemical.com\/#\/schema\/logo\/image\/","url":"https:\/\/longchangchemical.com\/wp-content\/uploads\/2020\/08\/cropped-longchang-logo.png","contentUrl":"https:\/\/longchangchemical.com\/wp-content\/uploads\/2020\/08\/cropped-longchang-logo.png","width":512,"height":512,"caption":"Longchang Chemical"},"image":{"@id":"https:\/\/longchangchemical.com\/#\/schema\/logo\/image\/"}}]}},"_links":{"self":[{"href":"https:\/\/longchangchemical.com\/tr\/wp-json\/wp\/v2\/product\/3295","targetHints":{"allow":["GET"]}}],"collection":[{"href":"https:\/\/longchangchemical.com\/tr\/wp-json\/wp\/v2\/product"}],"about":[{"href":"https:\/\/longchangchemical.com\/tr\/wp-json\/wp\/v2\/types\/product"}],"replies":[{"embeddable":true,"href":"https:\/\/longchangchemical.com\/tr\/wp-json\/wp\/v2\/comments?post=3295"}],"wp:featuredmedia":[{"embeddable":true,"href":"https:\/\/longchangchemical.com\/tr\/wp-json\/wp\/v2\/media\/3297"}],"wp:attachment":[{"href":"https:\/\/longchangchemical.com\/tr\/wp-json\/wp\/v2\/media?parent=3295"}],"wp:term":[{"taxonomy":"product_brand","embeddable":true,"href":"https:\/\/longchangchemical.com\/tr\/wp-json\/wp\/v2\/product_brand?post=3295"},{"taxonomy":"product_cat","embeddable":true,"href":"https:\/\/longchangchemical.com\/tr\/wp-json\/wp\/v2\/product_cat?post=3295"},{"taxonomy":"product_tag","embeddable":true,"href":"https:\/\/longchangchemical.com\/tr\/wp-json\/wp\/v2\/product_tag?post=3295"}],"curies":[{"name":"wp","href":"https:\/\/api.w.org\/{rel}","templated":true}]}}