{"id":3285,"date":"2020-09-25T06:40:12","date_gmt":"2020-09-25T06:40:12","guid":{"rendered":"https:\/\/longchangchemical.com\/?post_type=product&#038;p=3285"},"modified":"2026-05-08T02:59:25","modified_gmt":"2026-05-08T02:59:25","slug":"cellulase-cas-9012-54-8","status":"publish","type":"product","link":"https:\/\/longchangchemical.com\/tr\/product\/cellulase-cas-9012-54-8\/","title":{"rendered":"Longzyme\u00ae Sel\u00fclaz CAS 9012-54-8"},"content":{"rendered":"<h2>Longzyme\u00ae Sel\u00fclaz CAS 9012-54-8<\/h2>\n<p><strong><b>\u00a0<\/b><\/strong><\/p>\n<table>\n<tbody>\n<tr>\n<td colspan=\"2\" width=\"432\">\n<h4>\u00d6\u011eELER<\/h4>\n<\/td>\n<td width=\"159\">\n<h4>\u0130NDEKS<\/h4>\n<\/td>\n<\/tr>\n<tr>\n<td colspan=\"2\" width=\"432\">\n<h4>Partik\u00fcl boyutu (%&lt;40 mesh)<\/h4>\n<\/td>\n<td width=\"159\">\n<h4>\u226580<\/h4>\n<\/td>\n<\/tr>\n<tr>\n<td colspan=\"2\" width=\"432\">\n<h4>Kurutma kayb\u0131\/(%)<\/h4>\n<\/td>\n<td width=\"159\">\n<h4>\u22648.0<\/h4>\n<\/td>\n<\/tr>\n<tr>\n<td colspan=\"2\" width=\"432\">\n<h4>Kur\u015fun\/(mg\/kg)<\/h4>\n<\/td>\n<td width=\"159\">\n<h4>\u22645.0<\/h4>\n<\/td>\n<\/tr>\n<tr>\n<td colspan=\"2\" width=\"432\">\n<h4>Arsenik\/(mg\/kg)<\/h4>\n<\/td>\n<td width=\"159\">\n<h4>\u22643.0<\/h4>\n<\/td>\n<\/tr>\n<tr>\n<td colspan=\"2\" width=\"432\">\n<h4>Toplam canl\u0131 say\u0131s\u0131\/(CFU\/g)<\/h4>\n<\/td>\n<td width=\"159\">\n<h4>\u226450000<\/h4>\n<\/td>\n<\/tr>\n<tr>\n<td colspan=\"2\" width=\"432\">\n<h4>Koliform Bakteri\/(CFU\/g)<\/h4>\n<\/td>\n<td width=\"159\">\n<h4>\u226430<\/h4>\n<\/td>\n<\/tr>\n<tr>\n<td rowspan=\"2\" width=\"244\">\n<h4>Escherichia coli<\/h4>\n<\/td>\n<td width=\"188\">\n<h4>(CFU\/g)<\/h4>\n<\/td>\n<td width=\"159\">\n<h4>&lt;10<\/h4>\n<\/td>\n<\/tr>\n<tr>\n<td width=\"188\">\n<h4>(MPN\/g)<\/h4>\n<\/td>\n<td width=\"159\">\n<h4>\u22643.0<\/h4>\n<\/td>\n<\/tr>\n<tr>\n<td colspan=\"2\" width=\"432\">\n<h4>Salmonella\/(25g)<\/h4>\n<\/td>\n<td width=\"159\">\n<h4>Tespit Edilmedi<\/h4>\n<\/td>\n<\/tr>\n<\/tbody>\n<\/table>\n<p><strong><b>\u00a0<\/b><\/strong><\/p>\n<h2><strong><b>Ben ne<\/b><\/strong><strong><b>s <\/b><\/strong><strong><b>Sel\u00fclaz<\/b><\/strong><strong><b>?<\/b><\/strong><\/h2>\n<h4>Sel\u00fclaz, Trichoderma Reesi mutajenezi ile taranan, rafine edilen ve s\u0131v\u0131 derin tabaka havaland\u0131rma fermantasyonu ile ekstrakte edilen y\u00fcksek verimli bir su\u015ftur. \u00dcr\u00fcn yem, tekstil, yak\u0131t etanol\u00fc, alkol, \u00c7in t\u0131bb\u0131 ekstraksiyonu, g\u0131da, meyve suyu i\u015fleme ve di\u011fer end\u00fcstrilerde yayg\u0131n olarak kullan\u0131lmaktad\u0131r.<\/h4>\n<h2><strong><b>Sel\u00fclaz prensibi<\/b><\/strong><\/h2>\n<h4>Sel\u00fclaz, sel\u00fclozu k\u0131sa liflere, selobiyoza ve glikoza ay\u0131rmak i\u00e7in sel\u00fcloz \u03b2-1,4 glikozit ba\u011flar\u0131 \u00fczerinde sinerjik olarak hareket edebilen bir grup enzimi ifade eder. Sel\u00fcloz molek\u00fcllerindeki \u03b2-1,4 glikozidik ba\u011f\u0131 istedi\u011fi zaman kesebilen endo-\u03b2-glukanaz (EG); \u03b2-1,4 glikozidik ba\u011f\u0131 indirgeyici olmayan u\u00e7tan keserek selobiyozun ekzo-\u03b2's\u0131n\u0131 olu\u015fturan -Glukanaz (CBH); selobiyozu glikoza par\u00e7alayan \u03b2-glukozidaz (BG) i\u00e7erir.<\/h4>\n<h2><strong><b>Sel\u00fclaz\u0131n \u00fcr\u00fcn \u00f6zellikleri<\/b><\/strong><\/h2>\n<h4>1. S\u0131cakl\u0131k aral\u0131\u011f\u0131: Etkili s\u0131cakl\u0131k aral\u0131\u011f\u0131 30-75 \u2103 ve optimum s\u0131cakl\u0131k aral\u0131\u011f\u0131 55-60 \u2103'dir.<br \/>\n2. pH aral\u0131\u011f\u0131: etkili pH aral\u0131\u011f\u0131 4.3-6.0, optimum pH aral\u0131\u011f\u0131 4.5-5.0.<br \/>\n3. The effect of metal ions and non-ionic surfactants on enzyme activity: Na+, Cu&#8221;CdMn, Zn\u00b2 have an activating effect on cellulase; Fe&#8221; and Fe&#8221; have an obvious inhibitory effect on cellulase activity; Ionic surfactants (triethanolamine, AEO-3, NP(TX)-10, JFC, penetrant fast T, Ping Ping 0, etc.) promote the diffusion and penetration of enzyme molecules and increase enzyme activity.<\/h4>\n<h2><strong><b>Sel\u00fclaz\u0131n \u00fcr\u00fcn \u00f6zellikleri<\/b><\/strong><\/h2>\n<h4>1. \u00dcr\u00fcn \u00f6zellikleri: s\u0131v\u0131 enzim kahverengi s\u0131v\u0131, 100.000 ve 200.000 u \/ mL; kat\u0131 enzim kirli beyaz toz 40.000, 100.000, 200.000 u \/ g; g\u0131da s\u0131n\u0131f\u0131 kat\u0131 enzim aktivitesi 40.000 u \/ g'dir.<\/h4>\n<h4>2. S\u0131v\u0131 enzim pH'\u0131 (25\u00b0C): 4.0-7.0, y\u0131\u011f\u0131n yo\u011funlu\u011fu: \u22641.25g\/mL; kat\u0131 enzim inceli\u011fi (0.4mm standart elek ge\u00e7i\u015f oran\u0131): 280%.<\/h4>\n<h4>3. Enzim aktivitesinin tan\u0131m\u0131 (CMCA): Ig kat\u0131 enzim (veya 1 mL s\u0131v\u0131 enzim), 1 mg glikoza e\u015fde\u011fer indirgen \u015feker \u00fcretmek i\u00e7in sodyum metilsel\u00fcloz substrat\u0131n\u0131 50 \u2103 ve pH4.8'de 1 saat boyunca hidrolize eder, u\/g (veya u\/mL) cinsinden ifade edilen bir enzim aktivite birimidir.<br \/>\n\u00dcr\u00fcn standard\u0131: \u00c7in'in hafif end\u00fcstri standard\u0131 QB 2583-2003'\u00fc uygulay\u0131n.<\/h4>\n<h2><strong><b>Sel\u00fclaz Kullan\u0131m\u0131<\/b><\/strong><\/h2>\n<h4>1. Yem bile\u015fik enzimleri aras\u0131nda sel\u00fclaz, yemin sindirilebilirli\u011fini art\u0131rabilir, k\u00fcmes hayvanlar\u0131n\u0131n ve \u00e7iftlik hayvanlar\u0131n\u0131n kilo al\u0131m\u0131n\u0131, s\u00fct \u00fcretimini ve yumurta \u00fcretimini \u00f6nemli \u00f6l\u00e7\u00fcde art\u0131rabilir ve hastal\u0131k direncini ve \u00e7evreye uyumlulu\u011fu art\u0131rabilir. \u00d6nerilen dozaj 0,03-0,1kg\/t hammaddedir (100.000 birim olarak hesaplanm\u0131\u015ft\u0131r).<\/h4>\n<h4>2. Tekstil end\u00fcstrisinde, bu enzim, ipe\u011fe zarar vermeden kuma\u015f tahri\u015fini gidermek i\u00e7in y\u00fczey t\u00fcyl\u00fcl\u00fc\u011f\u00fcn\u00fc hidrolize edebilen ipek \/ keten \u00f6rme kuma\u015flar\u0131n terbiyesinde kullan\u0131l\u0131r; ayn\u0131 zamanda a\u00e7\u0131k renk, h\u0131zl\u0131 \u00e7i\u00e7eklenme ve geri boyama gereksinimleri i\u00e7in de uygundur D\u00fc\u015f\u00fck denim kuma\u015f, kuma\u015f\u0131n iyi yumu\u015fakl\u0131k ve \u00f6rt\u00fc, kal\u0131c\u0131 boncuklanma \u00f6nleyici ve boncuklanma \u00f6nleyici etkiye sahip olmas\u0131n\u0131 sa\u011flar. K\u00fc\u00e7\u00fck deneyin ba\u015flang\u0131\u00e7 noktas\u0131 olarak \u00f6nerilen ilave miktar\u0131 (100.000 birim olarak): 0.5-2.0% (owf), pH 4.5-5.5, s\u0131cakl\u0131k 45-55\u00b0C, banyo oran\u0131 1:10-25, 30-60 dakika i\u015flem.<\/h4>\n<h4>3. Kat\u0131 hal fermantasyonu ile \u00fcretilen lik\u00f6r veya manyok alkol\u00fc \u00fcretiminde, enzim sel\u00fclozu \u015feker olarak a\u00e7\u0131klayabilir, h\u00fccre i\u00e7eri\u011finin sal\u0131nmas\u0131n\u0131 te\u015fvik edebilir ve \u015farap \u00fcretim oran\u0131n\u0131 art\u0131rabilir. \u00d6nerilen miktar (enzim aktivitesi 100.000 birimdir) 0.15-0.25kg\/t hammaddedir. Fermantasyon veya sakarifikasyon s\u0131ras\u0131nda eklenir.<\/h4>\n<h4>4. Geleneksel \u00c7in t\u0131bb\u0131n\u0131n aktif bile\u015fenlerinin ekstraksiyonunda, enzim h\u00fccre duvar\u0131n\u0131n yo\u011fun yap\u0131s\u0131n\u0131 yok edebilir, aktif bile\u015fenlerin \u00e7\u00f6z\u00fcnmesini h\u0131zland\u0131rabilir ve aktif bile\u015fenlerin ekstraksiyon oran\u0131n\u0131 art\u0131rabilir. \u00d6nerilen ilave miktar\u0131 0,05-0,2kg\/t hammadde (enzim aktivitesi 100.000 birim olarak hesaplan\u0131r), pH 4,5-5,5, s\u0131cakl\u0131k 40-50\u00b0C, 60-120 dakika bekletmedir. En iyi sonu\u00e7 i\u00e7in pektinaz ile birlikte kullan\u0131lmas\u0131 tavsiye edilir.<\/h4>\n<h4>5. Sel\u00fclaz, meyve sular\u0131n\u0131n meyve suyu verimini art\u0131rabilir, \u015fi\u015fmi\u015f meyve ve sebzeler gibi bitki dokular\u0131n\u0131 yumu\u015fatabilir ve soya fasulyesinin soyulmas\u0131n\u0131 te\u015fvik edebilir, bu nedenle yukar\u0131daki end\u00fcstrilerde de kullan\u0131labilir. K\u00fc\u00e7\u00fck deneyin ba\u015flang\u0131\u00e7 noktas\u0131 olarak, \u00f6nerilen ilave miktar\u0131 0,05-0,4L\/t meyve posas\u0131d\u0131r (enzim aktivitesi 100.000 birimdir) ve uygun s\u0131cakl\u0131k ve pH ko\u015fullar\u0131 alt\u0131nda 1-5 saat boyunca muhafaza edilir.<\/h4>\n<h4><strong><b>Dozaj<\/b><\/strong>\u00d6nerilen dozaj 0.1-3kg \/t DS'dir. Dozaj, her uygulamaya, hammadde \u00f6zelliklerine, \u00fcr\u00fcn beklentisine ve i\u015fleme parametrelerine g\u00f6re optimize edilmelidir. Teste uygun hacimle ba\u015flamak daha iyidir.<\/h4>\n<h2><strong><b>Sel\u00fclaz Paketi<\/b><\/strong><\/h2>\n<h4><strong><b>Paket\uff1a<\/b><\/strong>\u00a025 kg\/ bidon.<\/h4>\n<h4><strong><b>Depolama<\/b><\/strong>\uff1a Kuru ve serin bir yerde kapal\u0131 olarak saklay\u0131n ve do\u011frudan g\u00fcne\u015f \u0131\u015f\u0131\u011f\u0131ndan ka\u00e7\u0131n\u0131n.<\/h4>\n<h4><strong><b>Raf \u00f6mr\u00fc<\/b><\/strong>: Kuru ve serin bir yerde 12 ay.<\/h4>\n<p>&nbsp;<\/p>\n<h2><strong><b>Dikkat dikkat!<\/b><\/strong><\/h2>\n<h4>Enzim preparatlar\u0131, duyarl\u0131 ki\u015filerde hassasla\u015fmaya ve alerjik tip semptomlara neden olabilecek proteinlerdir. Uzun s\u00fcreli temas cilt, g\u00f6zler veya burun mukozas\u0131nda hafif tahri\u015fe neden olabilir. \u0130nsan v\u00fccudu ile do\u011frudan temas\u0131ndan ka\u00e7\u0131n\u0131lmal\u0131d\u0131r. Cilt veya g\u00f6zlerde tahri\u015f veya alerjik reaksiyon geli\u015firse, l\u00fctfen bir doktora dan\u0131\u015f\u0131n.<\/h4>\n<h4>Bu \u00fcr\u00fcn biyolojik olarak aktif bir maddedir, y\u00fcksek s\u0131cakl\u0131k, g\u00fc\u00e7l\u00fc asit, g\u00fc\u00e7l\u00fc alkali enzim inaktivasyonuna neden olacakt\u0131r. Bu nedenle ta\u015f\u0131ma ve depolama s\u0131ras\u0131nda s\u0131v\u0131 enzimler g\u00fcne\u015f \u0131\u015f\u0131\u011f\u0131ndan, kat\u0131 enzimler ise g\u00fcne\u015f \u0131\u015f\u0131\u011f\u0131 ve ya\u011fmurdan korunmal\u0131d\u0131r. Depo temiz, serin ve kuru tutulmal\u0131d\u0131r.<\/h4>\n<h2><strong><b>\u015eimdi Bize Ula\u015f\u0131n!<\/b><\/strong><\/h2>\n<h4><strong><b>Fiyata ihtiyac\u0131n\u0131z varsa, l\u00fctfen a\u015fa\u011f\u0131daki forma ileti\u015fim bilgilerinizi doldurun, genellikle 24 saat i\u00e7inde sizinle ileti\u015fime ge\u00e7ece\u011fiz. Bana e-posta da g\u00f6nderebilirsiniz\u00a0<span style=\"color: #00ccff;\"><a style=\"color: #00ccff;\" href=\"mailto:info@longchangchemical.com\">info@longchangchemical.com<\/a><\/span>\u00a0\u00c7al\u0131\u015fma saatleri i\u00e7inde (8:30 - 6:00 UTC+8 Pzt.~Sat.) veya h\u0131zl\u0131 yan\u0131t almak i\u00e7in web sitesi canl\u0131 sohbetini kullan\u0131n.<\/b><\/strong><\/h4>\n<table style=\"border-collapse: collapse; width: 326.27pt;\" border=\"0\" width=\"435\" cellspacing=\"0\" cellpadding=\"0\">\n<tbody>\n<tr style=\"height: 13.50pt;\">\n<td class=\"et2\" style=\"height: 13.50pt; width: 164.25pt;\" width=\"219\" height=\"18\"><a href=\"https:\/\/longchangchemical.com\/tr\/product\/compound-glucoamylase-cas-9032-08-0\/\"><span style=\"color: #00ccff;\">Bile\u015fik Glukoamilaz<\/span><\/a><\/td>\n<td class=\"et2\" style=\"width: 162.00pt;\" width=\"216\">9032-08-0<\/td>\n<\/tr>\n<tr style=\"height: 13.50pt;\">\n<td class=\"et2\" style=\"height: 13.50pt;\" height=\"18\"><a href=\"https:\/\/longchangchemical.com\/tr\/product\/pullulanase-cas-9075-68-7\/\"><span style=\"color: #00ccff;\">Pullulanase<\/span><\/a><\/td>\n<td class=\"et2\">9075-68-7<\/td>\n<\/tr>\n<tr style=\"height: 13.50pt;\">\n<td class=\"et2\" style=\"height: 13.50pt;\" height=\"18\"><a href=\"https:\/\/longchangchemical.com\/tr\/product\/xylanase-cas-37278-89-0\/\"><span style=\"color: #00ccff;\">Ksilanaz<\/span><\/a><\/td>\n<td class=\"et2\">37278-89-0<\/td>\n<\/tr>\n<tr style=\"height: 13.50pt;\">\n<td class=\"et2\" style=\"height: 13.50pt;\" height=\"18\"><a href=\"https:\/\/longchangchemical.com\/tr\/product\/cellulase-cas-9012-54-8\/\"><span style=\"color: #00ccff;\">Sel\u00fclaz<\/span><\/a><\/td>\n<td class=\"et2\">9012-54-8<\/td>\n<\/tr>\n<tr style=\"height: 13.50pt;\">\n<td class=\"et2\" style=\"height: 13.50pt;\" height=\"18\"><a href=\"https:\/\/longchangchemical.com\/tr\/product\/naringinase-cas-9068-31-9\/\"><span style=\"color: #00ccff;\">Naringinaz<\/span><\/a><\/td>\n<td class=\"et2\">9068-31-9<\/td>\n<\/tr>\n<tr style=\"height: 13.50pt;\">\n<td class=\"et2\" style=\"height: 13.50pt;\" height=\"18\"><a href=\"https:\/\/longchangchemical.com\/tr\/product\/beta-amylase-cas-9000-91-3\/\"><span style=\"color: #00ccff;\">\u03b2-Amilaz<\/span><\/a><\/td>\n<td class=\"et2\">9000-91-3<\/td>\n<\/tr>\n<tr style=\"height: 13.50pt;\">\n<td class=\"et2\" style=\"height: 13.50pt;\" height=\"18\"><a href=\"https:\/\/longchangchemical.com\/tr\/product\/glucose-oxidase-cas-9001-37-0\/\"><span style=\"color: #00ccff;\">Glikoz oksidaz<\/span><\/a><\/td>\n<td class=\"et2\">9001-37-0<\/td>\n<\/tr>\n<tr style=\"height: 13.50pt;\">\n<td class=\"et2\" style=\"height: 13.50pt;\" height=\"18\">Alfa-Amilaz<\/td>\n<td class=\"et2\">9000-90-2<\/td>\n<\/tr>\n<tr style=\"height: 13.50pt;\">\n<td class=\"et2\" style=\"height: 13.50pt;\" height=\"18\"><a href=\"https:\/\/longchangchemical.com\/tr\/product\/longzyme-acid-pectinase-cas-9032-75-1\/\"><span style=\"color: #00ccff;\">Pektinaz<\/span><\/a><\/td>\n<td class=\"et2\">9032-75-1<\/td>\n<\/tr>\n<tr style=\"height: 13.50pt;\">\n<td class=\"et2\" style=\"height: 13.50pt;\" height=\"18\">Peroksidaz<\/td>\n<td class=\"et2\">9003-99-0<\/td>\n<\/tr>\n<tr style=\"height: 13.50pt;\">\n<td class=\"et2\" style=\"height: 13.50pt;\" height=\"18\"><a href=\"https:\/\/longchangchemical.com\/tr\/product\/lipase-cas-9001-62-1\/\"><span style=\"color: #00ccff;\">Lipaz<\/span><\/a><\/td>\n<td class=\"et2\">9001-62-1<\/td>\n<\/tr>\n<tr style=\"height: 13.50pt;\">\n<td class=\"et2\" style=\"height: 13.50pt;\" height=\"18\"><a href=\"https:\/\/longchangchemical.com\/tr\/product\/catalase-cas-9001-05-2\/\"><span style=\"color: #00ccff;\">Katalaz<\/span><\/a><\/td>\n<td class=\"et4\">9001-05-2<\/td>\n<\/tr>\n<tr style=\"height: 13.50pt;\">\n<td class=\"et2\" style=\"height: 13.50pt;\" height=\"18\"><a href=\"https:\/\/longchangchemical.com\/tr\/product\/tannase-cas-9025-71-2\/\"><span style=\"color: #00ccff;\">TANNASE<\/span><\/a><\/td>\n<td class=\"et2\">9025-71-2<\/td>\n<\/tr>\n<tr style=\"height: 13.50pt;\">\n<td class=\"et2\" style=\"height: 13.50pt;\" height=\"18\"><a href=\"https:\/\/longchangchemical.com\/tr\/product\/elastase-cas-39445-21-1\/\"><span style=\"color: #00ccff;\">Elastaz<\/span><\/a><\/td>\n<td class=\"et2\">39445-21-1<\/td>\n<\/tr>\n<tr style=\"height: 13.50pt;\">\n<td class=\"et2\" style=\"height: 13.50pt;\" height=\"18\"><a href=\"https:\/\/longchangchemical.com\/tr\/product\/urease-cas-9002-13-5\/\"><span style=\"color: #00ccff;\">Urease<\/span><\/a><\/td>\n<td class=\"et2\">9002-13-5<\/td>\n<\/tr>\n<tr style=\"height: 13.50pt;\">\n<td class=\"et2\" style=\"height: 13.50pt;\" height=\"18\"><a href=\"https:\/\/longchangchemical.com\/tr\/product\/dextranase-cas-9025-70-1\/\"><span style=\"color: #00ccff;\">DEXTRANASE<\/span><\/a><\/td>\n<td class=\"et2\">9025-70-1<\/td>\n<\/tr>\n<tr style=\"height: 13.50pt;\">\n<td class=\"et2\" style=\"height: 13.5pt; text-align: left;\" height=\"18\"><a href=\"https:\/\/longchangchemical.com\/tr\/product\/l-lactic-dehydrogenase-cas-9001-60-9\/\"><span style=\"color: #00ccff;\">L-Laktik dehidrojenaz<\/span><\/a><\/td>\n<td class=\"et2\">9001-60-9<\/td>\n<\/tr>\n<tr style=\"height: 13.50pt;\">\n<td class=\"et2\" style=\"height: 13.50pt;\" height=\"18\"><a href=\"https:\/\/longchangchemical.com\/tr\/product\/dehydrogenase-malate-cas-9001-64-3\/\"><span style=\"color: #00ccff;\">Dehidrojenaz malat<\/span><\/a><\/td>\n<td class=\"et2\">9001-64-3<\/td>\n<\/tr>\n<tr style=\"height: 13.50pt;\">\n<td class=\"et2\" style=\"height: 13.50pt;\" height=\"18\"><a href=\"https:\/\/longchangchemical.com\/tr\/product\/cholesterol-oxidase-cas-9028-76-6\/\"><span style=\"color: #00ccff;\">Kolesterol oksidaz<\/span><\/a><\/td>\n<td class=\"et2\">9028-76-6<\/td>\n<\/tr>\n<\/tbody>\n<\/table>","protected":false},"excerpt":{"rendered":"<h2><strong><b>Sel\u00fclaz H\u0131zl\u0131 Ayr\u0131nt\u0131lar<\/b><\/strong><\/h2>\n<p>\u00dcr\u00fcn Ad\u0131: sel\u00fclaz<\/p>\n<p>CAS No: 9012-54-8<\/p>\n<p>G\u00f6r\u00fcn\u00fc\u015f: A\u00e7\u0131k sar\u0131 ila kahverengi sar\u0131 kat\u0131 toz<\/p>\n<p>Enzim aktivitesi: 50000 Veya di\u011fer seviyeleri \u00f6zelle\u015ftirin<\/p>","protected":false},"featured_media":3286,"comment_status":"open","ping_status":"closed","template":"","meta":[],"product_brand":[],"product_cat":[172],"product_tag":[],"class_list":{"0":"post-3285","1":"product","2":"type-product","3":"status-publish","4":"has-post-thumbnail","6":"product_cat-longzyme-enzyme","8":"first","9":"instock","10":"shipping-taxable","11":"product-type-simple"},"yoast_head":"<!-- This site is optimized with the Yoast SEO plugin v25.3.1 - https:\/\/yoast.com\/wordpress\/plugins\/seo\/ -->\n<title>China cellulase cas 9012-54-8 manufacturer - Longchang chemical<\/title>\n<meta name=\"description\" content=\"Longchang chemical is a chinese cellulase cas 9012-54-8 supplier and manufacturer. We can provide the best cellulase price. Buy cellulase from china, Longchang chemical is your best choice.\" \/>\n<meta name=\"robots\" content=\"index, follow, max-snippet:-1, max-image-preview:large, max-video-preview:-1\" \/>\n<link rel=\"canonical\" href=\"https:\/\/longchangchemical.com\/tr\/product\/cellulase-cas-9012-54-8\/\" \/>\n<meta property=\"og:locale\" content=\"tr_TR\" \/>\n<meta property=\"og:type\" content=\"article\" \/>\n<meta property=\"og:title\" content=\"China cellulase cas 9012-54-8 manufacturer - Longchang chemical\" \/>\n<meta property=\"og:description\" content=\"Longchang chemical is a chinese cellulase cas 9012-54-8 supplier and manufacturer. We can provide the best cellulase price. Buy cellulase from china, Longchang chemical is your best choice.\" \/>\n<meta property=\"og:url\" content=\"https:\/\/longchangchemical.com\/tr\/product\/cellulase-cas-9012-54-8\/\" \/>\n<meta property=\"og:site_name\" content=\"Longchang Chemical\" \/>\n<meta property=\"article:modified_time\" content=\"2026-05-08T02:59:25+00:00\" \/>\n<meta property=\"og:image\" content=\"https:\/\/longchangchemical.com\/wp-content\/uploads\/2020\/09\/appearance-1.jpg\" \/>\n\t<meta property=\"og:image:width\" content=\"600\" \/>\n\t<meta property=\"og:image:height\" content=\"800\" \/>\n\t<meta property=\"og:image:type\" content=\"image\/jpeg\" \/>\n<meta name=\"twitter:card\" content=\"summary_large_image\" \/>\n<script type=\"application\/ld+json\" class=\"yoast-schema-graph\">{\"@context\":\"https:\/\/schema.org\",\"@graph\":[{\"@type\":\"WebPage\",\"@id\":\"https:\/\/longchangchemical.com\/product\/cellulase-cas-9012-54-8\/\",\"url\":\"https:\/\/longchangchemical.com\/product\/cellulase-cas-9012-54-8\/\",\"name\":\"China cellulase cas 9012-54-8 manufacturer - Longchang chemical\",\"isPartOf\":{\"@id\":\"https:\/\/longchangchemical.com\/#website\"},\"primaryImageOfPage\":{\"@id\":\"https:\/\/longchangchemical.com\/product\/cellulase-cas-9012-54-8\/#primaryimage\"},\"image\":{\"@id\":\"https:\/\/longchangchemical.com\/product\/cellulase-cas-9012-54-8\/#primaryimage\"},\"thumbnailUrl\":\"https:\/\/longchangchemical.com\/wp-content\/uploads\/2020\/09\/appearance-1.jpg\",\"datePublished\":\"2020-09-25T06:40:12+00:00\",\"dateModified\":\"2026-05-08T02:59:25+00:00\",\"description\":\"Longchang chemical is a chinese cellulase cas 9012-54-8 supplier and manufacturer. We can provide the best cellulase price. Buy cellulase from china, Longchang chemical is your best choice.\",\"breadcrumb\":{\"@id\":\"https:\/\/longchangchemical.com\/product\/cellulase-cas-9012-54-8\/#breadcrumb\"},\"inLanguage\":\"tr\",\"potentialAction\":[{\"@type\":\"ReadAction\",\"target\":[\"https:\/\/longchangchemical.com\/product\/cellulase-cas-9012-54-8\/\"]}]},{\"@type\":\"ImageObject\",\"inLanguage\":\"tr\",\"@id\":\"https:\/\/longchangchemical.com\/product\/cellulase-cas-9012-54-8\/#primaryimage\",\"url\":\"https:\/\/longchangchemical.com\/wp-content\/uploads\/2020\/09\/appearance-1.jpg\",\"contentUrl\":\"https:\/\/longchangchemical.com\/wp-content\/uploads\/2020\/09\/appearance-1.jpg\",\"width\":600,\"height\":800,\"caption\":\"Cellulase appearance\"},{\"@type\":\"BreadcrumbList\",\"@id\":\"https:\/\/longchangchemical.com\/product\/cellulase-cas-9012-54-8\/#breadcrumb\",\"itemListElement\":[{\"@type\":\"ListItem\",\"position\":1,\"name\":\"Home\",\"item\":\"https:\/\/longchangchemical.com\/\"},{\"@type\":\"ListItem\",\"position\":2,\"name\":\"Products Longchang\",\"item\":\"https:\/\/longchangchemical.com\/product\/\"},{\"@type\":\"ListItem\",\"position\":3,\"name\":\"Longzyme\u00ae Cellulase CAS 9012-54-8\"}]},{\"@type\":\"WebSite\",\"@id\":\"https:\/\/longchangchemical.com\/#website\",\"url\":\"https:\/\/longchangchemical.com\/\",\"name\":\"Longchang Chemical\",\"description\":\"China chemical manufacturer \uff06 supplier\",\"publisher\":{\"@id\":\"https:\/\/longchangchemical.com\/#organization\"},\"potentialAction\":[{\"@type\":\"SearchAction\",\"target\":{\"@type\":\"EntryPoint\",\"urlTemplate\":\"https:\/\/longchangchemical.com\/?s={search_term_string}\"},\"query-input\":{\"@type\":\"PropertyValueSpecification\",\"valueRequired\":true,\"valueName\":\"search_term_string\"}}],\"inLanguage\":\"tr\"},{\"@type\":\"Organization\",\"@id\":\"https:\/\/longchangchemical.com\/#organization\",\"name\":\"Longchang Chemical\",\"url\":\"https:\/\/longchangchemical.com\/\",\"logo\":{\"@type\":\"ImageObject\",\"inLanguage\":\"tr\",\"@id\":\"https:\/\/longchangchemical.com\/#\/schema\/logo\/image\/\",\"url\":\"https:\/\/longchangchemical.com\/wp-content\/uploads\/2020\/08\/cropped-longchang-logo.png\",\"contentUrl\":\"https:\/\/longchangchemical.com\/wp-content\/uploads\/2020\/08\/cropped-longchang-logo.png\",\"width\":512,\"height\":512,\"caption\":\"Longchang Chemical\"},\"image\":{\"@id\":\"https:\/\/longchangchemical.com\/#\/schema\/logo\/image\/\"}}]}<\/script>\n<!-- \/ Yoast SEO plugin. -->","yoast_head_json":{"title":"\u00c7in sel\u00fclaz cas 9012-54-8 \u00fcreticisi - Longchang chemical","description":"Longchang chemical, \u00c7inli bir sel\u00fclaz cas 9012-54-8 tedarik\u00e7isi ve \u00fcreticisidir. En iyi sel\u00fclaz fiyat\u0131n\u0131 sa\u011flayabiliriz. \u00c7in'den sel\u00fclaz sat\u0131n al\u0131n, Longchang chemical en iyi se\u00e7iminizdir.","robots":{"index":"index","follow":"follow","max-snippet":"max-snippet:-1","max-image-preview":"max-image-preview:large","max-video-preview":"max-video-preview:-1"},"canonical":"https:\/\/longchangchemical.com\/tr\/product\/cellulase-cas-9012-54-8\/","og_locale":"tr_TR","og_type":"article","og_title":"China cellulase cas 9012-54-8 manufacturer - Longchang chemical","og_description":"Longchang chemical is a chinese cellulase cas 9012-54-8 supplier and manufacturer. We can provide the best cellulase price. Buy cellulase from china, Longchang chemical is your best choice.","og_url":"https:\/\/longchangchemical.com\/tr\/product\/cellulase-cas-9012-54-8\/","og_site_name":"Longchang Chemical","article_modified_time":"2026-05-08T02:59:25+00:00","og_image":[{"width":600,"height":800,"url":"https:\/\/longchangchemical.com\/wp-content\/uploads\/2020\/09\/appearance-1.jpg","type":"image\/jpeg"}],"twitter_card":"summary_large_image","schema":{"@context":"https:\/\/schema.org","@graph":[{"@type":"WebPage","@id":"https:\/\/longchangchemical.com\/product\/cellulase-cas-9012-54-8\/","url":"https:\/\/longchangchemical.com\/product\/cellulase-cas-9012-54-8\/","name":"\u00c7in sel\u00fclaz cas 9012-54-8 \u00fcreticisi - Longchang chemical","isPartOf":{"@id":"https:\/\/longchangchemical.com\/#website"},"primaryImageOfPage":{"@id":"https:\/\/longchangchemical.com\/product\/cellulase-cas-9012-54-8\/#primaryimage"},"image":{"@id":"https:\/\/longchangchemical.com\/product\/cellulase-cas-9012-54-8\/#primaryimage"},"thumbnailUrl":"https:\/\/longchangchemical.com\/wp-content\/uploads\/2020\/09\/appearance-1.jpg","datePublished":"2020-09-25T06:40:12+00:00","dateModified":"2026-05-08T02:59:25+00:00","description":"Longchang chemical, \u00c7inli bir sel\u00fclaz cas 9012-54-8 tedarik\u00e7isi ve \u00fcreticisidir. En iyi sel\u00fclaz fiyat\u0131n\u0131 sa\u011flayabiliriz. \u00c7in'den sel\u00fclaz sat\u0131n al\u0131n, Longchang chemical en iyi se\u00e7iminizdir.","breadcrumb":{"@id":"https:\/\/longchangchemical.com\/product\/cellulase-cas-9012-54-8\/#breadcrumb"},"inLanguage":"tr","potentialAction":[{"@type":"ReadAction","target":["https:\/\/longchangchemical.com\/product\/cellulase-cas-9012-54-8\/"]}]},{"@type":"ImageObject","inLanguage":"tr","@id":"https:\/\/longchangchemical.com\/product\/cellulase-cas-9012-54-8\/#primaryimage","url":"https:\/\/longchangchemical.com\/wp-content\/uploads\/2020\/09\/appearance-1.jpg","contentUrl":"https:\/\/longchangchemical.com\/wp-content\/uploads\/2020\/09\/appearance-1.jpg","width":600,"height":800,"caption":"Cellulase appearance"},{"@type":"BreadcrumbList","@id":"https:\/\/longchangchemical.com\/product\/cellulase-cas-9012-54-8\/#breadcrumb","itemListElement":[{"@type":"ListItem","position":1,"name":"Home","item":"https:\/\/longchangchemical.com\/"},{"@type":"ListItem","position":2,"name":"Products Longchang","item":"https:\/\/longchangchemical.com\/product\/"},{"@type":"ListItem","position":3,"name":"Longzyme\u00ae Cellulase CAS 9012-54-8"}]},{"@type":"WebSite","@id":"https:\/\/longchangchemical.com\/#website","url":"https:\/\/longchangchemical.com\/","name":"Longchang Kimya","description":"\u00c7in kimyasal \u00fcreticisi \uff06 tedarik\u00e7isi","publisher":{"@id":"https:\/\/longchangchemical.com\/#organization"},"potentialAction":[{"@type":"SearchAction","target":{"@type":"EntryPoint","urlTemplate":"https:\/\/longchangchemical.com\/?s={search_term_string}"},"query-input":{"@type":"PropertyValueSpecification","valueRequired":true,"valueName":"search_term_string"}}],"inLanguage":"tr"},{"@type":"Organization","@id":"https:\/\/longchangchemical.com\/#organization","name":"Longchang Kimya","url":"https:\/\/longchangchemical.com\/","logo":{"@type":"ImageObject","inLanguage":"tr","@id":"https:\/\/longchangchemical.com\/#\/schema\/logo\/image\/","url":"https:\/\/longchangchemical.com\/wp-content\/uploads\/2020\/08\/cropped-longchang-logo.png","contentUrl":"https:\/\/longchangchemical.com\/wp-content\/uploads\/2020\/08\/cropped-longchang-logo.png","width":512,"height":512,"caption":"Longchang Chemical"},"image":{"@id":"https:\/\/longchangchemical.com\/#\/schema\/logo\/image\/"}}]}},"_links":{"self":[{"href":"https:\/\/longchangchemical.com\/tr\/wp-json\/wp\/v2\/product\/3285","targetHints":{"allow":["GET"]}}],"collection":[{"href":"https:\/\/longchangchemical.com\/tr\/wp-json\/wp\/v2\/product"}],"about":[{"href":"https:\/\/longchangchemical.com\/tr\/wp-json\/wp\/v2\/types\/product"}],"replies":[{"embeddable":true,"href":"https:\/\/longchangchemical.com\/tr\/wp-json\/wp\/v2\/comments?post=3285"}],"wp:featuredmedia":[{"embeddable":true,"href":"https:\/\/longchangchemical.com\/tr\/wp-json\/wp\/v2\/media\/3286"}],"wp:attachment":[{"href":"https:\/\/longchangchemical.com\/tr\/wp-json\/wp\/v2\/media?parent=3285"}],"wp:term":[{"taxonomy":"product_brand","embeddable":true,"href":"https:\/\/longchangchemical.com\/tr\/wp-json\/wp\/v2\/product_brand?post=3285"},{"taxonomy":"product_cat","embeddable":true,"href":"https:\/\/longchangchemical.com\/tr\/wp-json\/wp\/v2\/product_cat?post=3285"},{"taxonomy":"product_tag","embeddable":true,"href":"https:\/\/longchangchemical.com\/tr\/wp-json\/wp\/v2\/product_tag?post=3285"}],"curies":[{"name":"wp","href":"https:\/\/api.w.org\/{rel}","templated":true}]}}