{"id":3267,"date":"2020-09-24T06:04:20","date_gmt":"2020-09-24T06:04:20","guid":{"rendered":"https:\/\/longchangchemical.com\/?post_type=product&#038;p=3267"},"modified":"2025-12-23T03:31:52","modified_gmt":"2025-12-23T03:31:52","slug":"shellac-flakes-cas-9000-59-3","status":"publish","type":"product","link":"https:\/\/longchangchemical.com\/tr\/product\/shellac-flakes-cas-9000-59-3\/","title":{"rendered":"gomalak pullari cas 9000-59-3"},"content":{"rendered":"<h2><strong><b>Gomalak Pullar\u0131n\u0131n Tipik \u00d6zellikleri<\/b><\/strong><\/h2>\n<table>\n<tbody>\n<tr>\n<td width=\"183\">\n<h4><strong><b>TEST<\/b><\/strong><\/h4>\n<\/td>\n<td width=\"207\">\n<h4><strong><b>S<\/b><\/strong><strong><b>\u00d6ZELL\u0130KLER<\/b><\/strong><\/h4>\n<\/td>\n<td width=\"217\">\n<h4><strong><b>Test Sonu\u00e7lar\u0131<\/b><\/strong><\/h4>\n<\/td>\n<\/tr>\n<tr>\n<td width=\"183\">\n<h4>Renk indeksi<\/h4>\n<\/td>\n<td width=\"207\">\n<h4>\u226418numara<\/h4>\n<\/td>\n<td width=\"217\">\n<h4>\u226418numara<\/h4>\n<\/td>\n<\/tr>\n<tr>\n<td width=\"183\">\n<h4>S\u0131cak etanolde \u00e7\u00f6z\u00fcnmeyen madde (%)<\/h4>\n<\/td>\n<td width=\"207\">\n<h4>\u22641%<\/h4>\n<\/td>\n<td width=\"217\">\n<h4>0.75%<\/h4>\n<\/td>\n<\/tr>\n<tr>\n<td width=\"183\">\n<h4>Is\u0131l sertle\u015fme s\u00fcresi (dak)<\/h4>\n<\/td>\n<td width=\"207\">\n<h4>\u22653 dakika<\/h4>\n<\/td>\n<td width=\"217\">\n<h4>5.7dk<\/h4>\n<\/td>\n<\/tr>\n<tr>\n<td width=\"183\">\n<h4>Yumu\u015fama noktas\u0131 (\u2103)<\/h4>\n<\/td>\n<td width=\"207\">\n<h4>\u226572\u2103<\/h4>\n<\/td>\n<td width=\"217\">\n<h4>73\u2103<\/h4>\n<\/td>\n<\/tr>\n<tr>\n<td width=\"183\">\n<h4>Nem (%)<\/h4>\n<\/td>\n<td width=\"207\">\n<h4>\u22642.0%<\/h4>\n<\/td>\n<td width=\"217\">\n<h4>1.8%<\/h4>\n<\/td>\n<\/tr>\n<tr>\n<td width=\"183\">\n<h4>Suda \u00e7\u00f6z\u00fcn\u00fcr (%)<\/h4>\n<\/td>\n<td width=\"207\">\n<h4>\u22640,5%<\/h4>\n<\/td>\n<td width=\"217\">\n<h4>0.48%<\/h4>\n<\/td>\n<\/tr>\n<tr>\n<td width=\"183\">\n<h4>K\u00fcl (%)<\/h4>\n<\/td>\n<td width=\"207\">\n<h4>\u22640,4%<\/h4>\n<\/td>\n<td width=\"217\">\n<h4>0.36%<\/h4>\n<\/td>\n<\/tr>\n<tr>\n<td width=\"183\">\n<h4>Balmumu (%)<\/h4>\n<\/td>\n<td width=\"207\">\n<h4>\u22645.5%<\/h4>\n<\/td>\n<td width=\"217\">\n<h4>5%<\/h4>\n<\/td>\n<\/tr>\n<tr>\n<td width=\"183\">\n<h4><\/h4>\n<\/td>\n<td width=\"207\">\n<h4><\/h4>\n<\/td>\n<td width=\"217\">\n<h4><\/h4>\n<\/td>\n<\/tr>\n<tr>\n<td width=\"183\">\n<h4>Asit (mg\/g)<\/h4>\n<\/td>\n<td width=\"207\">\n<h4>\u226473KoHmg\/g<\/h4>\n<\/td>\n<td width=\"217\">\n<h4>73KoHmg\/g<\/h4>\n<\/td>\n<\/tr>\n<tr>\n<td width=\"183\">\n<h4>Rosin<\/h4>\n<\/td>\n<td width=\"207\">\n<h4>0<\/h4>\n<\/td>\n<td width=\"217\">\n<h4>0<\/h4>\n<\/td>\n<\/tr>\n<tr>\n<td width=\"183\">\n<h4>Orpiment<\/h4>\n<\/td>\n<td width=\"207\">\n<h4>0<\/h4>\n<\/td>\n<td width=\"217\">\n<h4>0<\/h4>\n<\/td>\n<\/tr>\n<\/tbody>\n<\/table>\n<p><strong><b>\u00a0<\/b><\/strong><\/p>\n<h2><strong><b>Gomalak Pul Kullan\u0131m\u0131<\/b><\/strong><\/h2>\n<p>&nbsp;<\/p>\n<h4>1. G\u0131da, ila\u00e7, askeri, elektrik, m\u00fcrekkep, deri, metalurji, makine, ah\u015fap, kau\u00e7uk ve di\u011fer end\u00fcstrilerde yayg\u0131n olarak kullan\u0131labilir.<\/h4>\n<h4>2. Gomalak boya g\u00fc\u00e7l\u00fc bir yap\u0131\u015fma \u00f6zelli\u011fine sahiptir ve bir\u00e7ok y\u00fcksek kaliteli ah\u015fap e\u015fya ve dekorasyonda kullan\u0131l\u0131r.<\/h4>\n<h4>3. G\u0131da end\u00fcstrisinde gomalak, parlak filmler olu\u015fturmak, meyvelerin raf \u00f6mr\u00fcn\u00fc uzatmak ve ticari de\u011ferlerini art\u0131rmak i\u00e7in meyve taze tutma kaplamalar\u0131nda da kullan\u0131l\u0131r. \u015eekerleme ve pasta kaplamalar\u0131nda parlakl\u0131\u011f\u0131 art\u0131rmak, nemin geri kazan\u0131lmas\u0131n\u0131 \u00f6nlemek ve g\u0131dalar\u0131n metalle temas etmesini \u00f6nlemek i\u00e7in metal kutular\u0131n i\u00e7 duvarlar\u0131n\u0131 lekelemek i\u00e7in kullan\u0131l\u0131r.<\/h4>\n<h4>4. Deri end\u00fcstrisinde parlak ve koruyucu bir kaplama olarak kullan\u0131l\u0131r, h\u0131zl\u0131 kuruma, g\u00fc\u00e7l\u00fc dolgu ve deriye g\u00fc\u00e7l\u00fc yap\u0131\u015fma \u00f6zelli\u011fi ile karakterize edilir, daha yumu\u015fak ve daha elastik hale getirir.<\/h4>\n<h4>5. Askeri end\u00fcstride, esas olarak kaplama maddeleri, yal\u0131t\u0131m malzemeleri ve barut ila\u00e7lar\u0131 i\u00e7in geciktirici olarak kullan\u0131l\u0131r. Ayr\u0131ca UV ve radyasyon ge\u00e7irmez askeri te\u00e7hizat \u00fcretiminde de kullan\u0131l\u0131r.<\/h4>\n<h4>6. Elektrik end\u00fcstrisinde, gomalak ayr\u0131ca yal\u0131tkan karton, lamine mika levhalar, zemin elektrik izolat\u00f6rleri, yal\u0131tkan vernikler, ampuller, floresan lambalar ve elektronik t\u00fcpler i\u00e7in lehim pastalar\u0131 \u00fcretiminde de kullan\u0131l\u0131r.<\/h4>\n<h4>7. Esas olarak kau\u00e7uk end\u00fcstrisinde kau\u00e7uk \u00fcr\u00fcnler i\u00e7in bir y\u00fczey kaplamas\u0131 veya dolgu maddesi olarak kullan\u0131l\u0131r. A\u015f\u0131nma, ya\u011f, asit, su ve yal\u0131t\u0131m\u0131 iyile\u015ftirir. Ya\u015flanma s\u00fcrecini yava\u015flat\u0131r ve kullan\u0131m \u00f6mr\u00fcn\u00fc uzat\u0131r.<\/h4>\n<h2><strong>Boya ve kaplamalarda gomalak uygulamas\u0131<\/strong><\/h2>\n<h3>1) Boyalarda gomalak uygulamas\u0131<\/h3>\n<h4>G\u00fcn\u00fcm\u00fczde, hem tekstil malzemeleri hem de bunlar\u0131n \u00fcretim teknolojisi g\u00fcvenlik konusuna \u00f6zel bir \u00f6nem vermektedir. Temmuz 1994'te Alman Yasama Meclisi, tekstil \u00fcr\u00fcnlerinin azo boyalar veya di\u011fer boyalarla boyanmas\u0131n\u0131n kanserojen sonu\u00e7lara neden olaca\u011f\u0131n\u0131 d\u00fc\u015f\u00fcnm\u00fc\u015f ve Hindistan h\u00fck\u00fcmeti de azo gruplu boyalar\u0131n kullan\u0131m\u0131n\u0131 yasaklam\u0131\u015ft\u0131r. Yasaklanan boyalar\u0131n \u00e7o\u011fu direkt boyalar, asit boyalar, azo boyalar, dispers boyalar ve bazik boyalard\u0131r. Bu durumda, bunun yerine iyi renk, hasl\u0131k ve kirlilik i\u00e7ermeyen kaliteye sahip di\u011fer boyalar d\u00fc\u015f\u00fcn\u00fclmelidir. . Shellac g\u00fc\u00e7l\u00fc viskoziteye sahiptir, tekstil boyalar\u0131 i\u00e7in kullan\u0131labilen shellac asit boyalar\u0131, suda \u00e7\u00f6z\u00fcn\u00fcr k\u0131rm\u0131z\u0131 boyalar, sar\u0131 boyalar ve k\u0131rm\u0131z\u0131 shellac i\u00e7erir. Gomalak boya do\u011fada asidiktir, tuz formunda bulunur ve so\u011fuk suda tamamen \u00e7\u00f6z\u00fclebilir. Renk asidik \u00e7\u00f6zeltide turuncu-k\u0131rm\u0131z\u0131dan k\u0131rm\u0131z\u0131ya de\u011fi\u015fir ve belirli bir konsantrasyonda s\u00fclf\u00fcrik asit \u00e7\u00f6zeltisinde \u00e7\u00f6z\u00fcnd\u00fc\u011f\u00fcnde g\u00fczel bir k\u0131rm\u0131z\u0131 sunar; alkali \u00e7\u00f6zeltide k\u0131rm\u0131z\u0131ms\u0131dan mora de\u011fi\u015fir, ancak \u00e7ok karars\u0131zd\u0131r ve h\u0131zla ayr\u0131\u015f\u0131r. \u0130yi y\u0131kama ve \u0131\u015f\u0131k hasl\u0131\u011f\u0131 elde etmek i\u00e7in ipek ve y\u00fcn gibi hayvansal liflerin farkl\u0131 mordanlar\u0131n\u0131 (2% ila 5%) kullan\u0131n \u00a8.<\/h4>\n<h3>2) Gomalak kaplama koruyucusu olarak kullan\u0131l\u0131r<\/h3>\n<h4>Kaplama koruma, bir t\u00fcr kimyasal koruma y\u00f6ntemine ait olan meyve ve sebzelerin \u00f6nemli koruma y\u00f6ntemlerinden biridir. \u015eu anda, film i\u015fleme ve koruma olduk\u00e7a kapsaml\u0131 olmu\u015ftur. Gomalak renksiz, tats\u0131z ve toksik de\u011fildir ve iyi film olu\u015fturma \u00f6zelliklerine sahiptir. Film olu\u015fturma \u00f6zellikleri iyi su ge\u00e7irmezlik, nem ge\u00e7irmezlik, asit ge\u00e7irmezlik ve ya\u011f ge\u00e7irmezlik \u00f6zelliklerine sahiptir. Meyveler, sebzeler ve tohumlar i\u00e7in film olu\u015fturucu bir koruyucu olarak kullan\u0131labilir. Meyve gomalak boya ile kapland\u0131ktan sonra, belirli bir s\u00fcre i\u00e7inde suyun buharla\u015fmas\u0131n\u0131 engelleyebilir, taze tutabilir, \u00e7\u00fcr\u00fcmeyi azaltabilir, g\u00f6r\u00fcn\u00fcm\u00fc iyile\u015ftirebilir, bu da depolama ve nakliye i\u00e7in elveri\u015flidir ve tedarik s\u00fcresini uzat\u0131r.<\/h4>\n<h3>3) Kaplamalarda gomalak\u0131n di\u011fer uygulamalar\u0131<\/h3>\n<h4>Gomalak ayr\u0131ca etanol, realgar re\u00e7inesi, n-pentil asetat, benzaldehit ve asfalt i\u00e7eren aside dayan\u0131kl\u0131 m\u00fcrekkep ile birle\u015ftirilerek harf d\u00fczeltme s\u0131v\u0131s\u0131 yap\u0131labilir; gomalak ve gomalak polimerleri ve hidroksi asit esterleri, hidroksi asit esterleri, hidroksi ketonlar, Fosfat esterleri ve asidik fosfat esterleri cam kaplar i\u00e7in \u00e7izilmeye kar\u015f\u0131 s\u0131zd\u0131rmazl\u0131k maddesi haline getirilebilir. Bu dolgu macunu, i\u015flenmi\u015f cam \u015fi\u015feleri yeniden kullan\u0131labilir hale getirir. Renklendiriciler, yap\u0131\u015ft\u0131r\u0131c\u0131lar, de\u011ferli toplar, y\u00fczey aktif maddeler ve \u0131slat\u0131c\u0131 maddelerle birlikte kullan\u0131labilir. Ajanlar vb. ile p\u00fcr\u00fczs\u00fcz, parlak ve homojen bir y\u00fczeye sahip bir t\u0131rnak kaplamas\u0131 haline getirilebilir.<\/h4>\n<h3>3. Di\u011fer uygulamalarda gomalak<\/h3>\n<h4>Yukar\u0131da belirtilen uygulamalara ek olarak, gomalak yem katk\u0131 maddesi olarak turmalin, do\u011fal al\u00fcminyum silikat ve do\u011fal mineral tozu ile kar\u0131\u015ft\u0131r\u0131l\u0131r; fenolik epoksi re\u00e7ine anhidrit ile hassas par\u00e7alar\u0131n i\u015flenmesi i\u00e7in ge\u00e7ici bir yap\u0131\u015ft\u0131r\u0131c\u0131 olarak kullan\u0131l\u0131r; ve benzen \u0130yi mekanik \u00f6zelliklere, kararl\u0131 depolama performans\u0131na ve etilenden yap\u0131lm\u0131\u015f d\u00fc\u015f\u00fck k\u00f6p\u00fcklenmeye sahip m\u00fcrekkep p\u00fcsk\u00fcrtmeli bask\u0131 ka\u011f\u0131d\u0131 i\u00e7in y\u00fczey boyutland\u0131rma maddesi; elyaf terbiye maddesi \u00fcretmek i\u00e7in hidroksilauril eter ile kullan\u0131labilir; karnauba mumu vb. ile haz\u0131rlanabilir. \u0130yi ya\u011flama \u00f6zelliklerine sahip yal\u0131t\u0131lm\u0131\u015f teller; rengi pH ile de\u011fi\u015fen boyama m\u00fcrekkepleri \u00fcretmek i\u00e7in kullan\u0131labilir; sel\u00fcloz t\u00fcrevleri ile kar\u0131\u015ft\u0131r\u0131ld\u0131\u011f\u0131nda, s\u00fcrekli sal\u0131m \u00f6zelliklerine sahip \u00fcre haz\u0131rlamak i\u00e7in bir kaplama malzemesi olarak kullan\u0131labilir.<\/h4>\n<h2><strong><b>Shellac Flakes Paketleme ve Nakliye<\/b><\/strong><\/h2>\n<h4>20 kg\/karton<\/h4>\n<h4>50 kg\/torba.<\/h4>\n<p>&nbsp;<\/p>\n<h2><strong><b>Gomalak Pullar\u0131n\u0131n Saklanmas\u0131<\/b><\/strong><\/h2>\n<h4>Ya\u015flanma ve aglomerasyon, gomalak re\u00e7ine \u00fcr\u00fcnlerinin depolanmas\u0131nda \u00f6ne \u00e7\u0131kan sorunlard\u0131r. Gomalak re\u00e7inesinin uzun s\u00fcreli depolanmas\u0131 s\u0131ras\u0131nda, \u00e7e\u015fitli serbest genlerin polimerizasyonu nedeniyle, re\u00e7ine \u00fcr\u00fcn\u00fcn\u00fcn termal \u00f6mr\u00fc k\u0131sal\u0131r, erime noktas\u0131 artar, renk derinle\u015fir ve s\u0131cak etanolde \u00e7\u00f6z\u00fcnmeyen madde kademeli olarak artar, bu gomalak re\u00e7inesinin \"ya\u015flanmas\u0131d\u0131r\". Bu i\u015flem s\u0131ras\u0131nda, gomalak re\u00e7inesi \"aglomerasyon\" ad\u0131 verilen ezilmesi zor sert topaklar halinde birle\u015fir. Ya\u015flanan ve aglomere olan re\u00e7ine \u00fcr\u00fcnlerinin kalitesi belirli bir \u00f6l\u00e7\u00fcde d\u00fc\u015fecektir.<\/h4>\n<h4>Gomalak \u00fcr\u00fcnlerinin ya\u015flanmas\u0131 ve topaklanmas\u0131 depolama ko\u015fullar\u0131 ile ilgilidir. S\u0131cakl\u0131k, nem art\u0131\u015f\u0131 veya kataliz\u00f6rler mevcut oldu\u011funda, ya\u015flanmay\u0131 ve topaklanmay\u0131 h\u0131zland\u0131racakt\u0131r.<\/h4>\n<h4>B\u00f6cek filminin kimyasal ve fiziksel \u00f6zellikleri g\u00f6z \u00f6n\u00fcne al\u0131nd\u0131\u011f\u0131nda, b\u00f6cek filmi kuru, havaland\u0131r\u0131lm\u0131\u015f ve serin bir yerde saklanmal\u0131 ve g\u00fcne\u015ften, ya\u011fmurdan, \u0131s\u0131 ve neme yak\u0131n olmaktan ka\u00e7\u0131n\u0131lmal\u0131d\u0131r. Bu depolama ortam\u0131nda, gomalak \u00fc\u00e7 y\u0131l boyunca saklanabilir ve \u00fc\u00e7 y\u0131l\u0131 a\u015fan \u00fcr\u00fcnler kullan\u0131lmadan \u00f6nce standartlar\u0131 kar\u015f\u0131lad\u0131klar\u0131n\u0131 teyit etmek i\u00e7in yeniden incelenmelidir.<\/h4>\n<p>&nbsp;<\/p>\n<h2><strong>\u015eimdi Bize Ula\u015f\u0131n!<\/strong><\/h2>\n<h4>\u00d6zelle\u015ftirilmi\u015f hizmetleri kabul ediyoruz, genellikle 24 saat i\u00e7inde sizinle ileti\u015fime ge\u00e7ece\u011fiz. Ayr\u0131ca mesai saatleri i\u00e7inde (8:30 - 6:00 UTC+8 Pzt.~Sat.) info@longchangchemical.com adresine e-posta g\u00f6nderebilir veya h\u0131zl\u0131 yan\u0131t almak i\u00e7in web sitesi canl\u0131 sohbetini kullanabilirsiniz.<\/h4>","protected":false},"excerpt":{"rendered":"<h1><strong><b>Gomalak Pullar\u0131\u00a0<\/b><\/strong><\/h1>\n<p>Kimyasal Ad\u0131: Gomalak<\/p>\n<p>CAS No.:9000-59-3<\/p>\n<p>Molek\u00fcler Form\u00fcl: C15H20O6.C15H30O5<\/p>\n<p>Molek\u00fcler A\u011f\u0131rl\u0131k: 586.7114<\/p>\n<p>G\u00f6r\u00fcn\u00fc\u015f: Kahverengi ila turuncu-sar\u0131 gran\u00fcller veya pullar, gevrek ve sert, hafif \u015feffaf, kokusuz ve tats\u0131z<\/p>","protected":false},"featured_media":3268,"comment_status":"open","ping_status":"closed","template":"","meta":[],"product_brand":[],"product_cat":[69],"product_tag":[],"class_list":{"0":"post-3267","1":"product","2":"type-product","3":"status-publish","4":"has-post-thumbnail","6":"product_cat-catalysts-chemical-auxiliary-agents","8":"first","9":"instock","10":"shipping-taxable","11":"product-type-simple"},"yoast_head":"<!-- This site is optimized with the Yoast SEO plugin v25.3.1 - https:\/\/yoast.com\/wordpress\/plugins\/seo\/ -->\n<title>China top shellac flakes cas 9000-59-3 manufacturer - longchang chemical<\/title>\n<meta name=\"description\" content=\"Longchang chemical is china top shellac flakes cas 9000-59-3 manufacturer and shellac flakes cas 9000-59-3 supplier. Since shellac is derived from natural products, it can form a film, can be polymerized, and has good water vapor barrier properties, making it widely used in many fields.\" \/>\n<meta name=\"robots\" content=\"index, follow, max-snippet:-1, max-image-preview:large, max-video-preview:-1\" \/>\n<link rel=\"canonical\" href=\"https:\/\/longchangchemical.com\/tr\/product\/shellac-flakes-cas-9000-59-3\/\" \/>\n<meta property=\"og:locale\" content=\"tr_TR\" \/>\n<meta property=\"og:type\" content=\"article\" \/>\n<meta property=\"og:title\" content=\"China top shellac flakes cas 9000-59-3 manufacturer - longchang chemical\" \/>\n<meta property=\"og:description\" content=\"Longchang chemical is china top shellac flakes cas 9000-59-3 manufacturer and shellac flakes cas 9000-59-3 supplier. Since shellac is derived from natural products, it can form a film, can be polymerized, and has good water vapor barrier properties, making it widely used in many fields.\" \/>\n<meta property=\"og:url\" content=\"https:\/\/longchangchemical.com\/tr\/product\/shellac-flakes-cas-9000-59-3\/\" \/>\n<meta property=\"og:site_name\" content=\"Longchang Chemical\" \/>\n<meta property=\"article:modified_time\" content=\"2025-12-23T03:31:52+00:00\" \/>\n<meta property=\"og:image\" content=\"https:\/\/longchangchemical.com\/wp-content\/uploads\/2020\/09\/appearance.jpg\" \/>\n\t<meta property=\"og:image:width\" content=\"600\" \/>\n\t<meta property=\"og:image:height\" content=\"800\" \/>\n\t<meta property=\"og:image:type\" content=\"image\/jpeg\" \/>\n<meta name=\"twitter:card\" content=\"summary_large_image\" \/>\n<script type=\"application\/ld+json\" class=\"yoast-schema-graph\">{\"@context\":\"https:\/\/schema.org\",\"@graph\":[{\"@type\":\"WebPage\",\"@id\":\"https:\/\/longchangchemical.com\/product\/shellac-flakes-cas-9000-59-3\/\",\"url\":\"https:\/\/longchangchemical.com\/product\/shellac-flakes-cas-9000-59-3\/\",\"name\":\"China top shellac flakes cas 9000-59-3 manufacturer - longchang chemical\",\"isPartOf\":{\"@id\":\"https:\/\/longchangchemical.com\/#website\"},\"primaryImageOfPage\":{\"@id\":\"https:\/\/longchangchemical.com\/product\/shellac-flakes-cas-9000-59-3\/#primaryimage\"},\"image\":{\"@id\":\"https:\/\/longchangchemical.com\/product\/shellac-flakes-cas-9000-59-3\/#primaryimage\"},\"thumbnailUrl\":\"https:\/\/longchangchemical.com\/wp-content\/uploads\/2020\/09\/appearance.jpg\",\"datePublished\":\"2020-09-24T06:04:20+00:00\",\"dateModified\":\"2025-12-23T03:31:52+00:00\",\"description\":\"Longchang chemical is china top shellac flakes cas 9000-59-3 manufacturer and shellac flakes cas 9000-59-3 supplier. Since shellac is derived from natural products, it can form a film, can be polymerized, and has good water vapor barrier properties, making it widely used in many fields.\",\"breadcrumb\":{\"@id\":\"https:\/\/longchangchemical.com\/product\/shellac-flakes-cas-9000-59-3\/#breadcrumb\"},\"inLanguage\":\"tr\",\"potentialAction\":[{\"@type\":\"ReadAction\",\"target\":[\"https:\/\/longchangchemical.com\/product\/shellac-flakes-cas-9000-59-3\/\"]}]},{\"@type\":\"ImageObject\",\"inLanguage\":\"tr\",\"@id\":\"https:\/\/longchangchemical.com\/product\/shellac-flakes-cas-9000-59-3\/#primaryimage\",\"url\":\"https:\/\/longchangchemical.com\/wp-content\/uploads\/2020\/09\/appearance.jpg\",\"contentUrl\":\"https:\/\/longchangchemical.com\/wp-content\/uploads\/2020\/09\/appearance.jpg\",\"width\":600,\"height\":800,\"caption\":\"Shellac Flakes appearance\"},{\"@type\":\"BreadcrumbList\",\"@id\":\"https:\/\/longchangchemical.com\/product\/shellac-flakes-cas-9000-59-3\/#breadcrumb\",\"itemListElement\":[{\"@type\":\"ListItem\",\"position\":1,\"name\":\"Home\",\"item\":\"https:\/\/longchangchemical.com\/\"},{\"@type\":\"ListItem\",\"position\":2,\"name\":\"Products Longchang\",\"item\":\"https:\/\/longchangchemical.com\/product\/\"},{\"@type\":\"ListItem\",\"position\":3,\"name\":\"shellac flakes cas 9000-59-3\"}]},{\"@type\":\"WebSite\",\"@id\":\"https:\/\/longchangchemical.com\/#website\",\"url\":\"https:\/\/longchangchemical.com\/\",\"name\":\"Longchang Chemical\",\"description\":\"China chemical manufacturer \uff06 supplier\",\"publisher\":{\"@id\":\"https:\/\/longchangchemical.com\/#organization\"},\"potentialAction\":[{\"@type\":\"SearchAction\",\"target\":{\"@type\":\"EntryPoint\",\"urlTemplate\":\"https:\/\/longchangchemical.com\/?s={search_term_string}\"},\"query-input\":{\"@type\":\"PropertyValueSpecification\",\"valueRequired\":true,\"valueName\":\"search_term_string\"}}],\"inLanguage\":\"tr\"},{\"@type\":\"Organization\",\"@id\":\"https:\/\/longchangchemical.com\/#organization\",\"name\":\"Longchang Chemical\",\"url\":\"https:\/\/longchangchemical.com\/\",\"logo\":{\"@type\":\"ImageObject\",\"inLanguage\":\"tr\",\"@id\":\"https:\/\/longchangchemical.com\/#\/schema\/logo\/image\/\",\"url\":\"https:\/\/longchangchemical.com\/wp-content\/uploads\/2020\/08\/cropped-longchang-logo.png\",\"contentUrl\":\"https:\/\/longchangchemical.com\/wp-content\/uploads\/2020\/08\/cropped-longchang-logo.png\",\"width\":512,\"height\":512,\"caption\":\"Longchang Chemical\"},\"image\":{\"@id\":\"https:\/\/longchangchemical.com\/#\/schema\/logo\/image\/\"}}]}<\/script>\n<!-- \/ Yoast SEO plugin. -->","yoast_head_json":{"title":"\u00c7in \u00fcst gomalak pullar\u0131 cas 9000-59-3 \u00fcreticisi - longchang chemical","description":"Longchang chemical, \u00c7in'in en iyi gomalak pullar\u0131 cas 9000-59-3 \u00fcreticisi ve gomalak pullar\u0131 cas 9000-59-3 tedarik\u00e7isidir. Gomalak do\u011fal \u00fcr\u00fcnlerden elde edildi\u011finden, bir film olu\u015fturabilir, polimerize edilebilir ve iyi su buhar\u0131 bariyeri \u00f6zelliklerine sahiptir, bu da onu bir\u00e7ok alanda yayg\u0131n olarak kullan\u0131l\u0131r hale getirir.","robots":{"index":"index","follow":"follow","max-snippet":"max-snippet:-1","max-image-preview":"max-image-preview:large","max-video-preview":"max-video-preview:-1"},"canonical":"https:\/\/longchangchemical.com\/tr\/product\/shellac-flakes-cas-9000-59-3\/","og_locale":"tr_TR","og_type":"article","og_title":"China top shellac flakes cas 9000-59-3 manufacturer - longchang chemical","og_description":"Longchang chemical is china top shellac flakes cas 9000-59-3 manufacturer and shellac flakes cas 9000-59-3 supplier. Since shellac is derived from natural products, it can form a film, can be polymerized, and has good water vapor barrier properties, making it widely used in many fields.","og_url":"https:\/\/longchangchemical.com\/tr\/product\/shellac-flakes-cas-9000-59-3\/","og_site_name":"Longchang Chemical","article_modified_time":"2025-12-23T03:31:52+00:00","og_image":[{"width":600,"height":800,"url":"https:\/\/longchangchemical.com\/wp-content\/uploads\/2020\/09\/appearance.jpg","type":"image\/jpeg"}],"twitter_card":"summary_large_image","schema":{"@context":"https:\/\/schema.org","@graph":[{"@type":"WebPage","@id":"https:\/\/longchangchemical.com\/product\/shellac-flakes-cas-9000-59-3\/","url":"https:\/\/longchangchemical.com\/product\/shellac-flakes-cas-9000-59-3\/","name":"\u00c7in \u00fcst gomalak pullar\u0131 cas 9000-59-3 \u00fcreticisi - longchang chemical","isPartOf":{"@id":"https:\/\/longchangchemical.com\/#website"},"primaryImageOfPage":{"@id":"https:\/\/longchangchemical.com\/product\/shellac-flakes-cas-9000-59-3\/#primaryimage"},"image":{"@id":"https:\/\/longchangchemical.com\/product\/shellac-flakes-cas-9000-59-3\/#primaryimage"},"thumbnailUrl":"https:\/\/longchangchemical.com\/wp-content\/uploads\/2020\/09\/appearance.jpg","datePublished":"2020-09-24T06:04:20+00:00","dateModified":"2025-12-23T03:31:52+00:00","description":"Longchang chemical, \u00c7in'in en iyi gomalak pullar\u0131 cas 9000-59-3 \u00fcreticisi ve gomalak pullar\u0131 cas 9000-59-3 tedarik\u00e7isidir. Gomalak do\u011fal \u00fcr\u00fcnlerden elde edildi\u011finden, bir film olu\u015fturabilir, polimerize edilebilir ve iyi su buhar\u0131 bariyeri \u00f6zelliklerine sahiptir, bu da onu bir\u00e7ok alanda yayg\u0131n olarak kullan\u0131l\u0131r hale getirir.","breadcrumb":{"@id":"https:\/\/longchangchemical.com\/product\/shellac-flakes-cas-9000-59-3\/#breadcrumb"},"inLanguage":"tr","potentialAction":[{"@type":"ReadAction","target":["https:\/\/longchangchemical.com\/product\/shellac-flakes-cas-9000-59-3\/"]}]},{"@type":"ImageObject","inLanguage":"tr","@id":"https:\/\/longchangchemical.com\/product\/shellac-flakes-cas-9000-59-3\/#primaryimage","url":"https:\/\/longchangchemical.com\/wp-content\/uploads\/2020\/09\/appearance.jpg","contentUrl":"https:\/\/longchangchemical.com\/wp-content\/uploads\/2020\/09\/appearance.jpg","width":600,"height":800,"caption":"Shellac Flakes appearance"},{"@type":"BreadcrumbList","@id":"https:\/\/longchangchemical.com\/product\/shellac-flakes-cas-9000-59-3\/#breadcrumb","itemListElement":[{"@type":"ListItem","position":1,"name":"Home","item":"https:\/\/longchangchemical.com\/"},{"@type":"ListItem","position":2,"name":"Products Longchang","item":"https:\/\/longchangchemical.com\/product\/"},{"@type":"ListItem","position":3,"name":"shellac flakes cas 9000-59-3"}]},{"@type":"WebSite","@id":"https:\/\/longchangchemical.com\/#website","url":"https:\/\/longchangchemical.com\/","name":"Longchang Kimya","description":"\u00c7in kimyasal \u00fcreticisi \uff06 tedarik\u00e7isi","publisher":{"@id":"https:\/\/longchangchemical.com\/#organization"},"potentialAction":[{"@type":"SearchAction","target":{"@type":"EntryPoint","urlTemplate":"https:\/\/longchangchemical.com\/?s={search_term_string}"},"query-input":{"@type":"PropertyValueSpecification","valueRequired":true,"valueName":"search_term_string"}}],"inLanguage":"tr"},{"@type":"Organization","@id":"https:\/\/longchangchemical.com\/#organization","name":"Longchang Kimya","url":"https:\/\/longchangchemical.com\/","logo":{"@type":"ImageObject","inLanguage":"tr","@id":"https:\/\/longchangchemical.com\/#\/schema\/logo\/image\/","url":"https:\/\/longchangchemical.com\/wp-content\/uploads\/2020\/08\/cropped-longchang-logo.png","contentUrl":"https:\/\/longchangchemical.com\/wp-content\/uploads\/2020\/08\/cropped-longchang-logo.png","width":512,"height":512,"caption":"Longchang Chemical"},"image":{"@id":"https:\/\/longchangchemical.com\/#\/schema\/logo\/image\/"}}]}},"_links":{"self":[{"href":"https:\/\/longchangchemical.com\/tr\/wp-json\/wp\/v2\/product\/3267","targetHints":{"allow":["GET"]}}],"collection":[{"href":"https:\/\/longchangchemical.com\/tr\/wp-json\/wp\/v2\/product"}],"about":[{"href":"https:\/\/longchangchemical.com\/tr\/wp-json\/wp\/v2\/types\/product"}],"replies":[{"embeddable":true,"href":"https:\/\/longchangchemical.com\/tr\/wp-json\/wp\/v2\/comments?post=3267"}],"wp:featuredmedia":[{"embeddable":true,"href":"https:\/\/longchangchemical.com\/tr\/wp-json\/wp\/v2\/media\/3268"}],"wp:attachment":[{"href":"https:\/\/longchangchemical.com\/tr\/wp-json\/wp\/v2\/media?parent=3267"}],"wp:term":[{"taxonomy":"product_brand","embeddable":true,"href":"https:\/\/longchangchemical.com\/tr\/wp-json\/wp\/v2\/product_brand?post=3267"},{"taxonomy":"product_cat","embeddable":true,"href":"https:\/\/longchangchemical.com\/tr\/wp-json\/wp\/v2\/product_cat?post=3267"},{"taxonomy":"product_tag","embeddable":true,"href":"https:\/\/longchangchemical.com\/tr\/wp-json\/wp\/v2\/product_tag?post=3267"}],"curies":[{"name":"wp","href":"https:\/\/api.w.org\/{rel}","templated":true}]}}