{"id":3264,"date":"2020-09-24T02:25:30","date_gmt":"2020-09-24T02:25:30","guid":{"rendered":"https:\/\/longchangchemical.com\/?post_type=product&#038;p=3264"},"modified":"2025-04-01T05:54:11","modified_gmt":"2025-04-01T05:54:11","slug":"light-stabilizer-944-cas-70624-18-9","status":"publish","type":"product","link":"https:\/\/longchangchemical.com\/tr\/product\/light-stabilizer-944-cas-70624-18-9\/","title":{"rendered":"CHLUMILS\u00ae UV-944 \/ HALS 944 I\u015f\u0131k Sabitleyici-944 Chimasorb 944 CAS 70624-18-9 \/ 71878-19-8"},"content":{"rendered":"<h2><strong><b>I\u015f\u0131k Sabitleyici-944 Tipik \u00d6zellikler<\/b><\/strong><\/h2>\n<table>\n<tbody>\n<tr>\n<td>\u00d6\u011fe<\/td>\n<td colspan=\"2\">Teknik \u00d6zellikler<\/td>\n<\/tr>\n<tr>\n<td>G\u00f6r\u00fcn\u00fc\u015f<\/td>\n<td colspan=\"2\">Beyaz toz veya a\u00e7\u0131k sar\u0131 gran\u00fcller<\/td>\n<\/tr>\n<tr>\n<td>Erime noktas\u0131, \u2103<\/td>\n<td colspan=\"2\">110-130<\/td>\n<\/tr>\n<tr>\n<td>K\u00fcl<\/td>\n<td colspan=\"2\">\u22640,1%<\/td>\n<\/tr>\n<tr>\n<td>U\u00e7ucu madde<\/td>\n<td colspan=\"2\">\u22641.0%<\/td>\n<\/tr>\n<tr>\n<td>Ge\u00e7irgenlik<\/td>\n<td colspan=\"2\">425 nm\u226593% 450 nm\u226595%<\/td>\n<\/tr>\n<tr>\n<td rowspan=\"5\">\u00c7\u00f6z\u00fcn\u00fcrl\u00fck<\/td>\n<td>su<\/td>\n<td>&lt;0.01<\/td>\n<\/tr>\n<tr>\n<td>Etil asetat<\/td>\n<td>&gt;50<\/td>\n<\/tr>\n<tr>\n<td>Hekzan<\/td>\n<td>41<\/td>\n<\/tr>\n<tr>\n<td>Metanol<\/td>\n<td>3<\/td>\n<\/tr>\n<tr>\n<td>aseton<\/td>\n<td>&gt;50<\/td>\n<\/tr>\n<\/tbody>\n<\/table>\n<h2><\/h2>\n<h2><strong><b>I\u015f\u0131k Sabitleyici-944 Nedir?<\/b><\/strong><\/h2>\n<h4>UV-944, m\u00fckemmel uyumluluk, ekstraksiyon direnci ve d\u00fc\u015f\u00fck u\u00e7uculu\u011fa sahip y\u00fcksek molek\u00fcler a\u011f\u0131rl\u0131kl\u0131 bir engellenmi\u015f amin \u0131\u015f\u0131k stabilizat\u00f6r\u00fcd\u00fcr. I\u015f\u0131k stabilizat\u00f6r\u00fc 944'\u00fcn \u00f6zelli\u011fi, y\u00fcksek molek\u00fcler a\u011f\u0131rl\u0131kl\u0131 engellenmi\u015f amin \u0131\u015f\u0131k stabilizat\u00f6r\u00fc, m\u00fckemmel uyumluluk, ekstraksiyona kar\u015f\u0131 iyi diren\u00e7 ve d\u00fc\u015f\u00fck u\u00e7uculuktur.<\/h4>\n<p>&nbsp;<\/p>\n<h2><strong><b>I\u015f\u0131k Sabitleyici-944 Kullan\u0131m\u0131<\/b><\/strong><\/h2>\n<h4>1.HALS 944 uygulamalar\u0131 aras\u0131nda poliolefinler (PP, PE), EVA gibi olefin kopolimerleri ve elastomerlerle polipropilen kar\u0131\u015f\u0131mlar\u0131 bulunur. \u0130nce \u00fcr\u00fcnlere, \u00f6zellikle elyaf ve filmlere m\u00fckemmel \u0131\u015f\u0131k stabilitesi kazand\u0131r\u0131r. Kal\u0131n kesitlerde \u00f6zellikle polietilen \u00fcr\u00fcnler i\u00e7in uygundur.<\/h4>\n<h4>2. HALS 944 Polioksimetilen (POM), poliamid (PA), poli\u00fcretan (PU), yumu\u015fak ve sert PVC ve PVC kar\u0131\u015f\u0131mlar\u0131nda kullan\u0131l\u0131r.<\/h4>\n<h4>3. HALS 944 Stiren elastomerler ve yap\u0131\u015fkanlar \u00fczerinde kullan\u0131l\u0131r<\/h4>\n<h4>4. K\u00fck\u00fcrt veya halojen tipi mevcut oldu\u011funda UV-944 etkisini etkileyebilir.<\/h4>\n<h4>5. Konsantrasyonlar\u0131 substrata, i\u015fleme ko\u015fullar\u0131na ve uygulamaya ba\u011fl\u0131 olarak 0,1 % ile 2,0 % aras\u0131nda de\u011fi\u015fir.<\/h4>\n<p>&nbsp;<\/p>\n<h2><strong><b>I\u015f\u0131k Sabitleyici-944 Paketleme ve Nakliye<\/b><\/strong><\/h2>\n<h4>Ambalaj: 25kg\/ Tambur<\/h4>\n<h4>Teslimat Deniz veya Hava Yoluyla<\/h4>\n<p>&nbsp;<\/p>\n<h2><strong><b>I\u015f\u0131k Sabitleyici-944 Depolama<\/b><\/strong><\/h2>\n<h4>Serin ve kuru yerde \u0131\u015f\u0131ktan uzakta saklan\u0131r.<\/h4>\n<h4><\/h4>\n<h2><strong><b>\u015eimdi Bize Ula\u015f\u0131n!<\/b><\/strong><\/h2>\n<h4><strong><b>COA, MSDS veya TDS'ye ihtiyac\u0131n\u0131z varsa, l\u00fctfen a\u015fa\u011f\u0131daki forma ileti\u015fim bilgilerinizi girin, genellikle 24 saat i\u00e7inde sizinle ileti\u015fime ge\u00e7ece\u011fiz. Bana e-posta da g\u00f6nderebilirsiniz <span style=\"color: #0000ff;\"><a style=\"color: #0000ff;\" href=\"mailto:info@longchangchemical.com\">info@longchangchemical.com<\/a><\/span> \u00c7al\u0131\u015fma saatleri i\u00e7inde (8:30 - 6:00 UTC+8 Pzt.~Sat.) veya h\u0131zl\u0131 yan\u0131t almak i\u00e7in web sitesi canl\u0131 sohbetini kullan\u0131n.<\/b><\/strong><\/h4>","protected":false},"excerpt":{"rendered":"<h2><strong><b>I\u015f\u0131k Sabitleyici-944 Detaylar<\/b><\/strong><\/h2>\n<p>Kimyasal Ad\u0131: I\u015f\u0131k Sabitleyici-944<\/p>\n<p>Di\u011fer Ad\u0131: HALS 944; Chimasorb 944<\/p>\n<p>CAS No: 70624-18-9; 71878-19-8<\/p>\n<p>Molek\u00fcler Form\u00fcl: C35H69Cl3N8<\/p>\n<p>Molek\u00fcler A\u011f\u0131rl\u0131k:708,3<\/p>\n<p>I\u015f\u0131k Sabitleyici-944 Yap\u0131:<\/p>\n<p><img decoding=\"async\" class=\"size-full wp-image-3265\" src=\"https:\/\/longchangchemical.com\/wp-content\/uploads\/2020\/09\/Light-Stabilizer-944-Structure.png\" alt=\"I\u015f\u0131k Sabitleyici-944 Yap\u0131s\u0131\" width=\"221\" height=\"170\" \/><\/p>\n<p>G\u00f6r\u00fcn\u00fc\u015f: Beyaz toz veya a\u00e7\u0131k sar\u0131 gran\u00fcller<\/p>","protected":false},"featured_media":3266,"comment_status":"open","ping_status":"closed","template":"","meta":[],"product_brand":[],"product_cat":[104],"product_tag":[],"class_list":{"0":"post-3264","1":"product","2":"type-product","3":"status-publish","4":"has-post-thumbnail","6":"product_cat-light-stabilizer","8":"first","9":"instock","10":"shipping-taxable","11":"product-type-simple"},"yoast_head":"<!-- This site is optimized with the Yoast SEO plugin v25.3.1 - https:\/\/yoast.com\/wordpress\/plugins\/seo\/ -->\n<title>China Light Stabilizer-944 Chimasorb 944 CAS 70624-18-9 \/ 71878-19-8 manufacturer - longchang chemical<\/title>\n<meta name=\"description\" content=\"China top Light Stabilizer-944 manufacturers and CAS 70624-18-9 suppliers. Buy Chimasorb 944 in china. Longchang chemical can provide the best Light Stabilizer-944 price. other name: HALS 944; Tinuvin 944\" \/>\n<meta name=\"robots\" content=\"index, follow, max-snippet:-1, max-image-preview:large, max-video-preview:-1\" \/>\n<link rel=\"canonical\" href=\"https:\/\/longchangchemical.com\/tr\/product\/light-stabilizer-944-cas-70624-18-9\/\" \/>\n<meta property=\"og:locale\" content=\"tr_TR\" \/>\n<meta property=\"og:type\" content=\"article\" \/>\n<meta property=\"og:title\" content=\"China Light Stabilizer-944 Chimasorb 944 CAS 70624-18-9 \/ 71878-19-8 manufacturer - longchang chemical\" \/>\n<meta property=\"og:description\" content=\"China top Light Stabilizer-944 manufacturers and CAS 70624-18-9 suppliers. Buy Chimasorb 944 in china. Longchang chemical can provide the best Light Stabilizer-944 price. other name: HALS 944; Tinuvin 944\" \/>\n<meta property=\"og:url\" content=\"https:\/\/longchangchemical.com\/tr\/product\/light-stabilizer-944-cas-70624-18-9\/\" \/>\n<meta property=\"og:site_name\" content=\"Longchang Chemical\" \/>\n<meta property=\"article:modified_time\" content=\"2025-04-01T05:54:11+00:00\" \/>\n<meta property=\"og:image\" content=\"https:\/\/longchangchemical.com\/wp-content\/uploads\/2020\/09\/Light-Stabilizer-944-appearance.jpg\" \/>\n\t<meta property=\"og:image:width\" content=\"600\" \/>\n\t<meta property=\"og:image:height\" content=\"800\" \/>\n\t<meta property=\"og:image:type\" content=\"image\/jpeg\" \/>\n<meta name=\"twitter:card\" content=\"summary_large_image\" \/>\n<script type=\"application\/ld+json\" class=\"yoast-schema-graph\">{\"@context\":\"https:\/\/schema.org\",\"@graph\":[{\"@type\":\"WebPage\",\"@id\":\"https:\/\/longchangchemical.com\/product\/light-stabilizer-944-cas-70624-18-9\/\",\"url\":\"https:\/\/longchangchemical.com\/product\/light-stabilizer-944-cas-70624-18-9\/\",\"name\":\"China Light Stabilizer-944 Chimasorb 944 CAS 70624-18-9 \/ 71878-19-8 manufacturer - longchang chemical\",\"isPartOf\":{\"@id\":\"https:\/\/longchangchemical.com\/#website\"},\"primaryImageOfPage\":{\"@id\":\"https:\/\/longchangchemical.com\/product\/light-stabilizer-944-cas-70624-18-9\/#primaryimage\"},\"image\":{\"@id\":\"https:\/\/longchangchemical.com\/product\/light-stabilizer-944-cas-70624-18-9\/#primaryimage\"},\"thumbnailUrl\":\"https:\/\/longchangchemical.com\/wp-content\/uploads\/2020\/09\/Light-Stabilizer-944-appearance.jpg\",\"datePublished\":\"2020-09-24T02:25:30+00:00\",\"dateModified\":\"2025-04-01T05:54:11+00:00\",\"description\":\"China top Light Stabilizer-944 manufacturers and CAS 70624-18-9 suppliers. Buy Chimasorb 944 in china. Longchang chemical can provide the best Light Stabilizer-944 price. other name: HALS 944; Tinuvin 944\",\"breadcrumb\":{\"@id\":\"https:\/\/longchangchemical.com\/product\/light-stabilizer-944-cas-70624-18-9\/#breadcrumb\"},\"inLanguage\":\"tr\",\"potentialAction\":[{\"@type\":\"ReadAction\",\"target\":[\"https:\/\/longchangchemical.com\/product\/light-stabilizer-944-cas-70624-18-9\/\"]}]},{\"@type\":\"ImageObject\",\"inLanguage\":\"tr\",\"@id\":\"https:\/\/longchangchemical.com\/product\/light-stabilizer-944-cas-70624-18-9\/#primaryimage\",\"url\":\"https:\/\/longchangchemical.com\/wp-content\/uploads\/2020\/09\/Light-Stabilizer-944-appearance.jpg\",\"contentUrl\":\"https:\/\/longchangchemical.com\/wp-content\/uploads\/2020\/09\/Light-Stabilizer-944-appearance.jpg\",\"width\":600,\"height\":800,\"caption\":\"Light-Stabilizer-944-appearance\"},{\"@type\":\"BreadcrumbList\",\"@id\":\"https:\/\/longchangchemical.com\/product\/light-stabilizer-944-cas-70624-18-9\/#breadcrumb\",\"itemListElement\":[{\"@type\":\"ListItem\",\"position\":1,\"name\":\"Home\",\"item\":\"https:\/\/longchangchemical.com\/\"},{\"@type\":\"ListItem\",\"position\":2,\"name\":\"Products Longchang\",\"item\":\"https:\/\/longchangchemical.com\/product\/\"},{\"@type\":\"ListItem\",\"position\":3,\"name\":\"CHLUMILS\u00ae UV-944 \/ HALS 944 Light Stabilizer-944 Chimasorb 944 CAS 70624-18-9 \/ 71878-19-8\"}]},{\"@type\":\"WebSite\",\"@id\":\"https:\/\/longchangchemical.com\/#website\",\"url\":\"https:\/\/longchangchemical.com\/\",\"name\":\"Longchang Chemical\",\"description\":\"China chemical manufacturer \uff06 supplier\",\"publisher\":{\"@id\":\"https:\/\/longchangchemical.com\/#organization\"},\"potentialAction\":[{\"@type\":\"SearchAction\",\"target\":{\"@type\":\"EntryPoint\",\"urlTemplate\":\"https:\/\/longchangchemical.com\/?s={search_term_string}\"},\"query-input\":{\"@type\":\"PropertyValueSpecification\",\"valueRequired\":true,\"valueName\":\"search_term_string\"}}],\"inLanguage\":\"tr\"},{\"@type\":\"Organization\",\"@id\":\"https:\/\/longchangchemical.com\/#organization\",\"name\":\"Longchang Chemical\",\"url\":\"https:\/\/longchangchemical.com\/\",\"logo\":{\"@type\":\"ImageObject\",\"inLanguage\":\"tr\",\"@id\":\"https:\/\/longchangchemical.com\/#\/schema\/logo\/image\/\",\"url\":\"https:\/\/longchangchemical.com\/wp-content\/uploads\/2020\/08\/cropped-longchang-logo.png\",\"contentUrl\":\"https:\/\/longchangchemical.com\/wp-content\/uploads\/2020\/08\/cropped-longchang-logo.png\",\"width\":512,\"height\":512,\"caption\":\"Longchang Chemical\"},\"image\":{\"@id\":\"https:\/\/longchangchemical.com\/#\/schema\/logo\/image\/\"}}]}<\/script>\n<!-- \/ Yoast SEO plugin. -->","yoast_head_json":{"title":"\u00c7in I\u015f\u0131k Sabitleyici-944 Chimasorb 944 CAS 70624-18-9 \/ 71878-19-8 \u00dcretici - Longchang chemical","description":"\u00c7in'in en iyi I\u015f\u0131k Sabitleyici-944 \u00fcreticileri ve CAS 70624-18-9 tedarik\u00e7ileri. \u00c7in'de Chimasorb 944 sat\u0131n al\u0131n. Longchang chemical en iyi I\u015f\u0131k Sabitleyici-944 fiyat\u0131n\u0131 sa\u011flayabilir. di\u011fer ad\u0131: HALS 944; Tinuvin 944","robots":{"index":"index","follow":"follow","max-snippet":"max-snippet:-1","max-image-preview":"max-image-preview:large","max-video-preview":"max-video-preview:-1"},"canonical":"https:\/\/longchangchemical.com\/tr\/product\/light-stabilizer-944-cas-70624-18-9\/","og_locale":"tr_TR","og_type":"article","og_title":"China Light Stabilizer-944 Chimasorb 944 CAS 70624-18-9 \/ 71878-19-8 manufacturer - longchang chemical","og_description":"China top Light Stabilizer-944 manufacturers and CAS 70624-18-9 suppliers. Buy Chimasorb 944 in china. Longchang chemical can provide the best Light Stabilizer-944 price. other name: HALS 944; Tinuvin 944","og_url":"https:\/\/longchangchemical.com\/tr\/product\/light-stabilizer-944-cas-70624-18-9\/","og_site_name":"Longchang Chemical","article_modified_time":"2025-04-01T05:54:11+00:00","og_image":[{"width":600,"height":800,"url":"https:\/\/longchangchemical.com\/wp-content\/uploads\/2020\/09\/Light-Stabilizer-944-appearance.jpg","type":"image\/jpeg"}],"twitter_card":"summary_large_image","schema":{"@context":"https:\/\/schema.org","@graph":[{"@type":"WebPage","@id":"https:\/\/longchangchemical.com\/product\/light-stabilizer-944-cas-70624-18-9\/","url":"https:\/\/longchangchemical.com\/product\/light-stabilizer-944-cas-70624-18-9\/","name":"\u00c7in I\u015f\u0131k Sabitleyici-944 Chimasorb 944 CAS 70624-18-9 \/ 71878-19-8 \u00dcretici - Longchang chemical","isPartOf":{"@id":"https:\/\/longchangchemical.com\/#website"},"primaryImageOfPage":{"@id":"https:\/\/longchangchemical.com\/product\/light-stabilizer-944-cas-70624-18-9\/#primaryimage"},"image":{"@id":"https:\/\/longchangchemical.com\/product\/light-stabilizer-944-cas-70624-18-9\/#primaryimage"},"thumbnailUrl":"https:\/\/longchangchemical.com\/wp-content\/uploads\/2020\/09\/Light-Stabilizer-944-appearance.jpg","datePublished":"2020-09-24T02:25:30+00:00","dateModified":"2025-04-01T05:54:11+00:00","description":"\u00c7in'in en iyi I\u015f\u0131k Sabitleyici-944 \u00fcreticileri ve CAS 70624-18-9 tedarik\u00e7ileri. \u00c7in'de Chimasorb 944 sat\u0131n al\u0131n. Longchang chemical en iyi I\u015f\u0131k Sabitleyici-944 fiyat\u0131n\u0131 sa\u011flayabilir. di\u011fer ad\u0131: HALS 944; Tinuvin 944","breadcrumb":{"@id":"https:\/\/longchangchemical.com\/product\/light-stabilizer-944-cas-70624-18-9\/#breadcrumb"},"inLanguage":"tr","potentialAction":[{"@type":"ReadAction","target":["https:\/\/longchangchemical.com\/product\/light-stabilizer-944-cas-70624-18-9\/"]}]},{"@type":"ImageObject","inLanguage":"tr","@id":"https:\/\/longchangchemical.com\/product\/light-stabilizer-944-cas-70624-18-9\/#primaryimage","url":"https:\/\/longchangchemical.com\/wp-content\/uploads\/2020\/09\/Light-Stabilizer-944-appearance.jpg","contentUrl":"https:\/\/longchangchemical.com\/wp-content\/uploads\/2020\/09\/Light-Stabilizer-944-appearance.jpg","width":600,"height":800,"caption":"Light-Stabilizer-944-appearance"},{"@type":"BreadcrumbList","@id":"https:\/\/longchangchemical.com\/product\/light-stabilizer-944-cas-70624-18-9\/#breadcrumb","itemListElement":[{"@type":"ListItem","position":1,"name":"Home","item":"https:\/\/longchangchemical.com\/"},{"@type":"ListItem","position":2,"name":"Products Longchang","item":"https:\/\/longchangchemical.com\/product\/"},{"@type":"ListItem","position":3,"name":"CHLUMILS\u00ae UV-944 \/ HALS 944 Light Stabilizer-944 Chimasorb 944 CAS 70624-18-9 \/ 71878-19-8"}]},{"@type":"WebSite","@id":"https:\/\/longchangchemical.com\/#website","url":"https:\/\/longchangchemical.com\/","name":"Longchang Kimya","description":"\u00c7in kimyasal \u00fcreticisi \uff06 tedarik\u00e7isi","publisher":{"@id":"https:\/\/longchangchemical.com\/#organization"},"potentialAction":[{"@type":"SearchAction","target":{"@type":"EntryPoint","urlTemplate":"https:\/\/longchangchemical.com\/?s={search_term_string}"},"query-input":{"@type":"PropertyValueSpecification","valueRequired":true,"valueName":"search_term_string"}}],"inLanguage":"tr"},{"@type":"Organization","@id":"https:\/\/longchangchemical.com\/#organization","name":"Longchang Kimya","url":"https:\/\/longchangchemical.com\/","logo":{"@type":"ImageObject","inLanguage":"tr","@id":"https:\/\/longchangchemical.com\/#\/schema\/logo\/image\/","url":"https:\/\/longchangchemical.com\/wp-content\/uploads\/2020\/08\/cropped-longchang-logo.png","contentUrl":"https:\/\/longchangchemical.com\/wp-content\/uploads\/2020\/08\/cropped-longchang-logo.png","width":512,"height":512,"caption":"Longchang Chemical"},"image":{"@id":"https:\/\/longchangchemical.com\/#\/schema\/logo\/image\/"}}]}},"_links":{"self":[{"href":"https:\/\/longchangchemical.com\/tr\/wp-json\/wp\/v2\/product\/3264","targetHints":{"allow":["GET"]}}],"collection":[{"href":"https:\/\/longchangchemical.com\/tr\/wp-json\/wp\/v2\/product"}],"about":[{"href":"https:\/\/longchangchemical.com\/tr\/wp-json\/wp\/v2\/types\/product"}],"replies":[{"embeddable":true,"href":"https:\/\/longchangchemical.com\/tr\/wp-json\/wp\/v2\/comments?post=3264"}],"wp:featuredmedia":[{"embeddable":true,"href":"https:\/\/longchangchemical.com\/tr\/wp-json\/wp\/v2\/media\/3266"}],"wp:attachment":[{"href":"https:\/\/longchangchemical.com\/tr\/wp-json\/wp\/v2\/media?parent=3264"}],"wp:term":[{"taxonomy":"product_brand","embeddable":true,"href":"https:\/\/longchangchemical.com\/tr\/wp-json\/wp\/v2\/product_brand?post=3264"},{"taxonomy":"product_cat","embeddable":true,"href":"https:\/\/longchangchemical.com\/tr\/wp-json\/wp\/v2\/product_cat?post=3264"},{"taxonomy":"product_tag","embeddable":true,"href":"https:\/\/longchangchemical.com\/tr\/wp-json\/wp\/v2\/product_tag?post=3264"}],"curies":[{"name":"wp","href":"https:\/\/api.w.org\/{rel}","templated":true}]}}