{"id":3253,"date":"2020-09-18T03:54:00","date_gmt":"2020-09-18T03:54:00","guid":{"rendered":"https:\/\/longchangchemical.com\/?post_type=product&#038;p=3253"},"modified":"2022-05-29T12:19:56","modified_gmt":"2022-05-29T12:19:56","slug":"methyl-perfluorobutyl-ether-cas-163702-07-6","status":"publish","type":"product","link":"https:\/\/longchangchemical.com\/tr\/product\/methyl-perfluorobutyl-ether-cas-163702-07-6\/","title":{"rendered":"Metil perflorob\u00fctil eter cas 163702-07-6"},"content":{"rendered":"<h2><strong><b>Metil perflorob\u00fctil eter Tipik \u00d6zellikler<\/b><\/strong><\/h2>\n<table>\n<tbody>\n<tr>\n<td width=\"90\"><strong><b>TEST<\/b><\/strong><\/td>\n<td width=\"41\"><strong><b>U<\/b><\/strong><strong><b>nit<\/b><\/strong><\/td>\n<td width=\"113\"><strong><b>Tespit y\u00f6ntemi<\/b><\/strong><\/td>\n<td width=\"192\"><strong><b>Tasar\u0131m \u00f6zellikleri<\/b><\/strong><\/td>\n<td width=\"185\"><strong><b>\u00d6l\u00e7\u00fclen de\u011fer<\/b><\/strong><\/td>\n<\/tr>\n<tr>\n<td width=\"90\">G\u00f6r\u00fcn\u00fc\u015f<\/td>\n<td width=\"41\">&#8211;<\/td>\n<td width=\"113\">G\u00f6rsel inceleme<\/td>\n<td width=\"192\">Renksiz \u015feffaf s\u0131v\u0131<\/td>\n<td width=\"185\">Renksiz \u015feffaf s\u0131v\u0131<\/td>\n<\/tr>\n<tr>\n<td width=\"90\">Asitlik<\/td>\n<td width=\"41\">PPM<\/td>\n<td width=\"113\">Q\/SHKZ 12-2016<\/td>\n<td width=\"192\">&lt;10<\/td>\n<td width=\"185\">tespit edilmedi<\/td>\n<\/tr>\n<tr>\n<td width=\"90\">Buharla\u015fma kal\u0131nt\u0131s\u0131<\/td>\n<td width=\"41\">&#8211;<\/td>\n<td width=\"113\">Q\/SHKZ 12-2016<\/td>\n<td width=\"192\">Belirgin bir kal\u0131nt\u0131 yok<\/td>\n<td width=\"185\">Belirgin bir kal\u0131nt\u0131 yok<\/td>\n<\/tr>\n<tr>\n<td width=\"90\">Flor iyonu<\/td>\n<td width=\"41\">PPM<\/td>\n<td width=\"113\">Q\/SHKZ 12-2016<\/td>\n<td width=\"192\">&lt;10<\/td>\n<td width=\"185\">tespit edilmedi<\/td>\n<\/tr>\n<tr>\n<td width=\"90\">Su i\u00e7eri\u011fi<\/td>\n<td width=\"41\">PPM<\/td>\n<td width=\"113\">Q\/SHKZ 12-2016<\/td>\n<td width=\"192\">&lt;50<\/td>\n<td width=\"185\">28.5<\/td>\n<\/tr>\n<tr>\n<td width=\"90\">Kat\u0131 i\u00e7erik<\/td>\n<td width=\"41\">%<\/td>\n<td width=\"113\">Q\/SHKZ 12-2016<\/td>\n<td width=\"192\">\u226599.0<\/td>\n<td width=\"185\">99.991<\/td>\n<\/tr>\n<tr>\n<td width=\"90\">Test Sonu\u00e7lar\u0131<\/td>\n<td colspan=\"4\" width=\"532\">Ge\u00e7mek<\/td>\n<\/tr>\n<\/tbody>\n<\/table>\n<h2><strong><b>Metil perflorob\u00fctil eter nedir?<\/b><\/strong><\/h2>\n<p>&nbsp;<\/p>\n<p>1. HFE-7100 ve PERFLUOROBUTYL METHYL ETHER olarak da bilinen renksiz \u015feffaf s\u0131v\u0131d\u0131r.<\/p>\n<p>2. Perflorobutil metil eter, ferahlat\u0131c\u0131 kozmetik form\u00fclasyonlarda kullan\u0131lan hafif bir \u00e7\u00f6z\u00fcc\u00fcd\u00fcr. Bir\u00e7ok bile\u015fenle kar\u0131\u015fabilen florlu bir eter \u00e7\u00f6z\u00fcc\u00fcd\u00fcr ve iyi kayganl\u0131\u011fa sahip oldu\u011fu ve ya\u011fl\u0131 form\u00fclasyonlara sahip \u00e7\u00f6z\u00fcc\u00fcler i\u00e7in \u00e7ok uygun oldu\u011fu d\u00fc\u015f\u00fcn\u00fclmektedir.<\/p>\n<p>&nbsp;<\/p>\n<h2><strong><b>Metil perflorob\u00fctil eter Kullan\u0131m<\/b><\/strong><\/h2>\n<p>1. Metil nonaflorob\u00fctil eter esas olarak hassas elektronik aletler ve t\u0131bbi ekipman i\u00e7in temizlik maddesi ve \u00e7\u00f6z\u00fcc\u00fc olarak kullan\u0131l\u0131r ve CFC-113, trikloroetan, karbon tetraklor\u00fcr vb. yerine kullan\u0131l\u0131r.<\/p>\n<p>2. Metil perflorob\u00fctil eter kabarc\u0131k maskesi yapmak i\u00e7in kullan\u0131labilir.<\/p>\n<p>&nbsp;<\/p>\n<h2><strong><b>Metil perflorob\u00fctil eter Paketleme ve Nakliye<\/b><\/strong><\/h2>\n<p>Ambalaj: 25kg\/varil, 10kg\/varil, 5kg\/varil, 2kg\/\u015fi\u015fe<\/p>\n<p>Bu \u00fcr\u00fcn 1L=1,5kg.<\/p>\n<p>&nbsp;<\/p>\n<h2><strong><b>Metil perflorob\u00fctil eter Depolama<\/b><\/strong><\/h2>\n<p>Serin, kuru ve havaland\u0131r\u0131lm\u0131\u015f bir yerde, ate\u015ften ve asitlerden uzakta depolanmal\u0131d\u0131r.<\/p>\n<p>&nbsp;<\/p>\n<h2><strong><b>\u015eimdi Bize Ula\u015f\u0131n!<\/b><\/strong><\/h2>\n<h4><strong><b>COA, MSDS veya TDS'ye ihtiyac\u0131n\u0131z varsa, l\u00fctfen a\u015fa\u011f\u0131daki forma ileti\u015fim bilgilerinizi girin, genellikle 24 saat i\u00e7inde sizinle ileti\u015fime ge\u00e7ece\u011fiz. Bana e-posta da g\u00f6nderebilirsiniz <span style=\"color: #0000ff;\"><a style=\"color: #0000ff;\" href=\"mailto:info@longchangchemical.com\">info@longchangchemical.com<\/a><\/span> \u00c7al\u0131\u015fma saatleri i\u00e7inde (8:30 - 6:00 UTC+8 Pzt.~Sat.) veya h\u0131zl\u0131 yan\u0131t almak i\u00e7in web sitesi canl\u0131 sohbetini kullan\u0131n.<\/b><\/strong><\/h4>","protected":false},"excerpt":{"rendered":"<h2><strong><b>Metil perflorob\u00fctil eter Ayr\u0131nt\u0131lar<\/b><\/strong><\/h2>\n<p>Kimyasal Ad\u0131: Metil perflorob\u00fctil eter<\/p>\n<p>CAS No: 163702-07-6<\/p>\n<p>Molek\u00fcler Form\u00fcl: C5H3F9O<\/p>\n<p>Molek\u00fcler A\u011f\u0131rl\u0131k: 250,06<\/p>\n<p>G\u00f6r\u00fcn\u00fc\u015f: Renksiz \u015feffaf s\u0131v\u0131<\/p>\n<p>Tahlil: 99.00%MIN<\/p>","protected":false},"featured_media":3255,"comment_status":"open","ping_status":"closed","template":"","meta":[],"product_brand":[],"product_cat":[103],"product_tag":[],"class_list":{"0":"post-3253","1":"product","2":"type-product","3":"status-publish","4":"has-post-thumbnail","6":"product_cat-cosmetic-additives","8":"first","9":"instock","10":"shipping-taxable","11":"product-type-simple"},"yoast_head":"<!-- This site is optimized with the Yoast SEO plugin v25.3.1 - https:\/\/yoast.com\/wordpress\/plugins\/seo\/ -->\n<title>China top Methyl perfluorobutyl ether manufacturer - Longchang chemical<\/title>\n<meta name=\"description\" content=\"Longchang chemical is a China Methyl perfluorobutyl ether CAS 163702-07-6 manufacturer and supplier, we can provide the best Methyl perfluorobutyl ether price. Our MOQ is 1kg. We will quote within 24 hours.\" \/>\n<meta name=\"robots\" content=\"index, follow, max-snippet:-1, max-image-preview:large, max-video-preview:-1\" \/>\n<link rel=\"canonical\" href=\"https:\/\/longchangchemical.com\/tr\/product\/methyl-perfluorobutyl-ether-cas-163702-07-6\/\" \/>\n<meta property=\"og:locale\" content=\"tr_TR\" \/>\n<meta property=\"og:type\" content=\"article\" \/>\n<meta property=\"og:title\" content=\"China top Methyl perfluorobutyl ether manufacturer - Longchang chemical\" \/>\n<meta property=\"og:description\" content=\"Longchang chemical is a China Methyl perfluorobutyl ether CAS 163702-07-6 manufacturer and supplier, we can provide the best Methyl perfluorobutyl ether price. Our MOQ is 1kg. We will quote within 24 hours.\" \/>\n<meta property=\"og:url\" content=\"https:\/\/longchangchemical.com\/tr\/product\/methyl-perfluorobutyl-ether-cas-163702-07-6\/\" \/>\n<meta property=\"og:site_name\" content=\"Longchang Chemical\" \/>\n<meta property=\"article:modified_time\" content=\"2022-05-29T12:19:56+00:00\" \/>\n<meta property=\"og:image\" content=\"https:\/\/longchangchemical.com\/wp-content\/uploads\/2020\/09\/Methyl-Perfluorobutyl-Ether-appearance.jpg\" \/>\n\t<meta property=\"og:image:width\" content=\"600\" \/>\n\t<meta property=\"og:image:height\" content=\"800\" \/>\n\t<meta property=\"og:image:type\" content=\"image\/jpeg\" \/>\n<meta name=\"twitter:card\" content=\"summary_large_image\" \/>\n<script type=\"application\/ld+json\" class=\"yoast-schema-graph\">{\"@context\":\"https:\/\/schema.org\",\"@graph\":[{\"@type\":\"WebPage\",\"@id\":\"https:\/\/longchangchemical.com\/product\/methyl-perfluorobutyl-ether-cas-163702-07-6\/\",\"url\":\"https:\/\/longchangchemical.com\/product\/methyl-perfluorobutyl-ether-cas-163702-07-6\/\",\"name\":\"China top Methyl perfluorobutyl ether manufacturer - Longchang chemical\",\"isPartOf\":{\"@id\":\"https:\/\/longchangchemical.com\/#website\"},\"primaryImageOfPage\":{\"@id\":\"https:\/\/longchangchemical.com\/product\/methyl-perfluorobutyl-ether-cas-163702-07-6\/#primaryimage\"},\"image\":{\"@id\":\"https:\/\/longchangchemical.com\/product\/methyl-perfluorobutyl-ether-cas-163702-07-6\/#primaryimage\"},\"thumbnailUrl\":\"https:\/\/longchangchemical.com\/wp-content\/uploads\/2020\/09\/Methyl-Perfluorobutyl-Ether-appearance.jpg\",\"datePublished\":\"2020-09-18T03:54:00+00:00\",\"dateModified\":\"2022-05-29T12:19:56+00:00\",\"description\":\"Longchang chemical is a China Methyl perfluorobutyl ether CAS 163702-07-6 manufacturer and supplier, we can provide the best Methyl perfluorobutyl ether price. Our MOQ is 1kg. We will quote within 24 hours.\",\"breadcrumb\":{\"@id\":\"https:\/\/longchangchemical.com\/product\/methyl-perfluorobutyl-ether-cas-163702-07-6\/#breadcrumb\"},\"inLanguage\":\"tr\",\"potentialAction\":[{\"@type\":\"ReadAction\",\"target\":[\"https:\/\/longchangchemical.com\/product\/methyl-perfluorobutyl-ether-cas-163702-07-6\/\"]}]},{\"@type\":\"ImageObject\",\"inLanguage\":\"tr\",\"@id\":\"https:\/\/longchangchemical.com\/product\/methyl-perfluorobutyl-ether-cas-163702-07-6\/#primaryimage\",\"url\":\"https:\/\/longchangchemical.com\/wp-content\/uploads\/2020\/09\/Methyl-Perfluorobutyl-Ether-appearance.jpg\",\"contentUrl\":\"https:\/\/longchangchemical.com\/wp-content\/uploads\/2020\/09\/Methyl-Perfluorobutyl-Ether-appearance.jpg\",\"width\":600,\"height\":800,\"caption\":\"Methyl Perfluorobutyl Ether appearance\"},{\"@type\":\"BreadcrumbList\",\"@id\":\"https:\/\/longchangchemical.com\/product\/methyl-perfluorobutyl-ether-cas-163702-07-6\/#breadcrumb\",\"itemListElement\":[{\"@type\":\"ListItem\",\"position\":1,\"name\":\"Home\",\"item\":\"https:\/\/longchangchemical.com\/\"},{\"@type\":\"ListItem\",\"position\":2,\"name\":\"Products Longchang\",\"item\":\"https:\/\/longchangchemical.com\/product\/\"},{\"@type\":\"ListItem\",\"position\":3,\"name\":\"Methyl perfluorobutyl ether cas 163702-07-6\"}]},{\"@type\":\"WebSite\",\"@id\":\"https:\/\/longchangchemical.com\/#website\",\"url\":\"https:\/\/longchangchemical.com\/\",\"name\":\"Longchang Chemical\",\"description\":\"China chemical manufacturer \uff06 supplier\",\"publisher\":{\"@id\":\"https:\/\/longchangchemical.com\/#organization\"},\"potentialAction\":[{\"@type\":\"SearchAction\",\"target\":{\"@type\":\"EntryPoint\",\"urlTemplate\":\"https:\/\/longchangchemical.com\/?s={search_term_string}\"},\"query-input\":{\"@type\":\"PropertyValueSpecification\",\"valueRequired\":true,\"valueName\":\"search_term_string\"}}],\"inLanguage\":\"tr\"},{\"@type\":\"Organization\",\"@id\":\"https:\/\/longchangchemical.com\/#organization\",\"name\":\"Longchang Chemical\",\"url\":\"https:\/\/longchangchemical.com\/\",\"logo\":{\"@type\":\"ImageObject\",\"inLanguage\":\"tr\",\"@id\":\"https:\/\/longchangchemical.com\/#\/schema\/logo\/image\/\",\"url\":\"https:\/\/longchangchemical.com\/wp-content\/uploads\/2020\/08\/cropped-longchang-logo.png\",\"contentUrl\":\"https:\/\/longchangchemical.com\/wp-content\/uploads\/2020\/08\/cropped-longchang-logo.png\",\"width\":512,\"height\":512,\"caption\":\"Longchang Chemical\"},\"image\":{\"@id\":\"https:\/\/longchangchemical.com\/#\/schema\/logo\/image\/\"}}]}<\/script>\n<!-- \/ Yoast SEO plugin. -->","yoast_head_json":{"title":"\u00c7in'in en iyi Metil perflorob\u00fctil eter \u00fcreticisi - Longchang chemical","description":"Longchang kimyasal bir \u00c7in Metil perflorobutil eter CAS 163702-07-6 \u00fcreticisi ve tedarik\u00e7isidir, en iyi Metil perflorobutil eter fiyat\u0131n\u0131 sa\u011flayabiliriz. Bizim ADEDI 1kg oldu\u011funu. 24 saat i\u00e7inde teklif verece\u011fiz.","robots":{"index":"index","follow":"follow","max-snippet":"max-snippet:-1","max-image-preview":"max-image-preview:large","max-video-preview":"max-video-preview:-1"},"canonical":"https:\/\/longchangchemical.com\/tr\/product\/methyl-perfluorobutyl-ether-cas-163702-07-6\/","og_locale":"tr_TR","og_type":"article","og_title":"China top Methyl perfluorobutyl ether manufacturer - Longchang chemical","og_description":"Longchang chemical is a China Methyl perfluorobutyl ether CAS 163702-07-6 manufacturer and supplier, we can provide the best Methyl perfluorobutyl ether price. Our MOQ is 1kg. We will quote within 24 hours.","og_url":"https:\/\/longchangchemical.com\/tr\/product\/methyl-perfluorobutyl-ether-cas-163702-07-6\/","og_site_name":"Longchang Chemical","article_modified_time":"2022-05-29T12:19:56+00:00","og_image":[{"width":600,"height":800,"url":"https:\/\/longchangchemical.com\/wp-content\/uploads\/2020\/09\/Methyl-Perfluorobutyl-Ether-appearance.jpg","type":"image\/jpeg"}],"twitter_card":"summary_large_image","schema":{"@context":"https:\/\/schema.org","@graph":[{"@type":"WebPage","@id":"https:\/\/longchangchemical.com\/product\/methyl-perfluorobutyl-ether-cas-163702-07-6\/","url":"https:\/\/longchangchemical.com\/product\/methyl-perfluorobutyl-ether-cas-163702-07-6\/","name":"\u00c7in'in en iyi Metil perflorob\u00fctil eter \u00fcreticisi - Longchang chemical","isPartOf":{"@id":"https:\/\/longchangchemical.com\/#website"},"primaryImageOfPage":{"@id":"https:\/\/longchangchemical.com\/product\/methyl-perfluorobutyl-ether-cas-163702-07-6\/#primaryimage"},"image":{"@id":"https:\/\/longchangchemical.com\/product\/methyl-perfluorobutyl-ether-cas-163702-07-6\/#primaryimage"},"thumbnailUrl":"https:\/\/longchangchemical.com\/wp-content\/uploads\/2020\/09\/Methyl-Perfluorobutyl-Ether-appearance.jpg","datePublished":"2020-09-18T03:54:00+00:00","dateModified":"2022-05-29T12:19:56+00:00","description":"Longchang kimyasal bir \u00c7in Metil perflorobutil eter CAS 163702-07-6 \u00fcreticisi ve tedarik\u00e7isidir, en iyi Metil perflorobutil eter fiyat\u0131n\u0131 sa\u011flayabiliriz. Bizim ADEDI 1kg oldu\u011funu. 24 saat i\u00e7inde teklif verece\u011fiz.","breadcrumb":{"@id":"https:\/\/longchangchemical.com\/product\/methyl-perfluorobutyl-ether-cas-163702-07-6\/#breadcrumb"},"inLanguage":"tr","potentialAction":[{"@type":"ReadAction","target":["https:\/\/longchangchemical.com\/product\/methyl-perfluorobutyl-ether-cas-163702-07-6\/"]}]},{"@type":"ImageObject","inLanguage":"tr","@id":"https:\/\/longchangchemical.com\/product\/methyl-perfluorobutyl-ether-cas-163702-07-6\/#primaryimage","url":"https:\/\/longchangchemical.com\/wp-content\/uploads\/2020\/09\/Methyl-Perfluorobutyl-Ether-appearance.jpg","contentUrl":"https:\/\/longchangchemical.com\/wp-content\/uploads\/2020\/09\/Methyl-Perfluorobutyl-Ether-appearance.jpg","width":600,"height":800,"caption":"Methyl Perfluorobutyl Ether appearance"},{"@type":"BreadcrumbList","@id":"https:\/\/longchangchemical.com\/product\/methyl-perfluorobutyl-ether-cas-163702-07-6\/#breadcrumb","itemListElement":[{"@type":"ListItem","position":1,"name":"Home","item":"https:\/\/longchangchemical.com\/"},{"@type":"ListItem","position":2,"name":"Products Longchang","item":"https:\/\/longchangchemical.com\/product\/"},{"@type":"ListItem","position":3,"name":"Methyl perfluorobutyl ether cas 163702-07-6"}]},{"@type":"WebSite","@id":"https:\/\/longchangchemical.com\/#website","url":"https:\/\/longchangchemical.com\/","name":"Longchang Kimya","description":"\u00c7in kimyasal \u00fcreticisi \uff06 tedarik\u00e7isi","publisher":{"@id":"https:\/\/longchangchemical.com\/#organization"},"potentialAction":[{"@type":"SearchAction","target":{"@type":"EntryPoint","urlTemplate":"https:\/\/longchangchemical.com\/?s={search_term_string}"},"query-input":{"@type":"PropertyValueSpecification","valueRequired":true,"valueName":"search_term_string"}}],"inLanguage":"tr"},{"@type":"Organization","@id":"https:\/\/longchangchemical.com\/#organization","name":"Longchang Kimya","url":"https:\/\/longchangchemical.com\/","logo":{"@type":"ImageObject","inLanguage":"tr","@id":"https:\/\/longchangchemical.com\/#\/schema\/logo\/image\/","url":"https:\/\/longchangchemical.com\/wp-content\/uploads\/2020\/08\/cropped-longchang-logo.png","contentUrl":"https:\/\/longchangchemical.com\/wp-content\/uploads\/2020\/08\/cropped-longchang-logo.png","width":512,"height":512,"caption":"Longchang Chemical"},"image":{"@id":"https:\/\/longchangchemical.com\/#\/schema\/logo\/image\/"}}]}},"_links":{"self":[{"href":"https:\/\/longchangchemical.com\/tr\/wp-json\/wp\/v2\/product\/3253","targetHints":{"allow":["GET"]}}],"collection":[{"href":"https:\/\/longchangchemical.com\/tr\/wp-json\/wp\/v2\/product"}],"about":[{"href":"https:\/\/longchangchemical.com\/tr\/wp-json\/wp\/v2\/types\/product"}],"replies":[{"embeddable":true,"href":"https:\/\/longchangchemical.com\/tr\/wp-json\/wp\/v2\/comments?post=3253"}],"wp:featuredmedia":[{"embeddable":true,"href":"https:\/\/longchangchemical.com\/tr\/wp-json\/wp\/v2\/media\/3255"}],"wp:attachment":[{"href":"https:\/\/longchangchemical.com\/tr\/wp-json\/wp\/v2\/media?parent=3253"}],"wp:term":[{"taxonomy":"product_brand","embeddable":true,"href":"https:\/\/longchangchemical.com\/tr\/wp-json\/wp\/v2\/product_brand?post=3253"},{"taxonomy":"product_cat","embeddable":true,"href":"https:\/\/longchangchemical.com\/tr\/wp-json\/wp\/v2\/product_cat?post=3253"},{"taxonomy":"product_tag","embeddable":true,"href":"https:\/\/longchangchemical.com\/tr\/wp-json\/wp\/v2\/product_tag?post=3253"}],"curies":[{"name":"wp","href":"https:\/\/api.w.org\/{rel}","templated":true}]}}