{"id":3248,"date":"2020-09-17T02:11:54","date_gmt":"2020-09-17T02:11:54","guid":{"rendered":"https:\/\/longchangchemical.com\/?post_type=product&#038;p=3248"},"modified":"2025-12-16T08:53:23","modified_gmt":"2025-12-16T08:53:23","slug":"naringinase-cas-9068-31-9","status":"publish","type":"product","link":"https:\/\/longchangchemical.com\/tr\/product\/naringinase-cas-9068-31-9\/","title":{"rendered":"Longzyme\u00ae Naringinase CAS 9068-31-9"},"content":{"rendered":"<h2><strong><b>Naringinaz Tipik \u00d6zellikleri<\/b><\/strong><\/h2>\n<p><strong><b>\u00a0<\/b><\/strong><\/p>\n<table>\n<tbody>\n<tr>\n<td width=\"186\"><strong><b>TEST<\/b><\/strong><\/td>\n<td width=\"125\"><strong><b>S<\/b><\/strong><strong><b>\u00d6ZELL\u0130KLER<\/b><\/strong><\/td>\n<td width=\"191\"><strong><b>Test Sonu\u00e7lar\u0131<\/b><\/strong><\/td>\n<td width=\"134\"><strong><b>Sonu\u00e7lar<\/b><\/strong><\/td>\n<\/tr>\n<tr>\n<td width=\"186\">G\u00f6r\u00fcn\u00fc\u015f<\/td>\n<td width=\"125\">Beyaz ila a\u00e7\u0131k sar\u0131 toz<\/td>\n<td width=\"191\">Beyaz ila a\u00e7\u0131k sar\u0131 toz<\/td>\n<td width=\"134\">Uygun<\/td>\n<\/tr>\n<tr>\n<td width=\"186\">Enzim aktivitesi (bin u\/g)<\/td>\n<td width=\"125\">\u2265100<\/td>\n<td width=\"191\">100<\/td>\n<td width=\"134\">Uygun<\/td>\n<\/tr>\n<tr>\n<td width=\"186\">Toplam arsenik (mg\/kg)<\/td>\n<td width=\"125\">\u22643<\/td>\n<td width=\"191\">&lt;3<\/td>\n<td width=\"134\">Uygun<\/td>\n<\/tr>\n<tr>\n<td width=\"186\">Pb (mg\/kg)<\/td>\n<td width=\"125\">\u22645<\/td>\n<td width=\"191\">&lt;5<\/td>\n<td width=\"134\">Uygun<\/td>\n<\/tr>\n<tr>\n<td width=\"186\">Toplam koloni say\u0131s\u0131 (cfu\/g)<\/td>\n<td width=\"125\">\u226450000<\/td>\n<td width=\"191\">22000<\/td>\n<td width=\"134\">Uygun<\/td>\n<\/tr>\n<tr>\n<td width=\"186\">Koliform (cfu\/g)<\/td>\n<td width=\"125\">\u226430<\/td>\n<td width=\"191\">18<\/td>\n<td width=\"134\">Uygun<\/td>\n<\/tr>\n<tr>\n<td width=\"186\">K\u00fcfler ve mayalar (cfu\/g)<\/td>\n<td width=\"125\">\u226430<\/td>\n<td width=\"191\">16<\/td>\n<td width=\"134\">Uygun<\/td>\n<\/tr>\n<tr>\n<td width=\"186\">Escherichia coli (mpn\/g)<\/td>\n<td width=\"125\">\u22643<\/td>\n<td width=\"191\">&lt;3<\/td>\n<td width=\"134\">Uygun<\/td>\n<\/tr>\n<tr>\n<td width=\"186\">Salmonella (25g)<\/td>\n<td width=\"125\">Tespit edilemiyor<\/td>\n<td width=\"191\">Tespit edilmedi<\/td>\n<td width=\"134\">Uygun<\/td>\n<\/tr>\n<tr>\n<td width=\"186\">Marka ad\u0131<\/td>\n<td width=\"125\">Fousi kimyasal<\/td>\n<td width=\"191\"><\/td>\n<td width=\"134\"><\/td>\n<\/tr>\n<\/tbody>\n<\/table>\n<p><strong><b>\u00a0<\/b><\/strong><\/p>\n<p><strong><b>Enzim aktivitesi 20.000 olan NARINGINASE \u00fcretiyoruz<\/b><\/strong><strong><b>. 50,000.<\/b><\/strong><strong><b>\u00a0100.000 ve 200.000, ba\u015fka seviyelere ihtiyac\u0131n\u0131z varsa, biz de \u00f6zelle\u015ftirebiliriz.\u00a0<\/b><\/strong><\/p>\n<h2><strong><b>Naringinaz Kimyasal \u00f6zellikleri<\/b><\/strong><\/h2>\n<p>1. Bu \u00fcr\u00fcn bir enzim preparat\u0131d\u0131r. Esas olarak meyve suyu, posa ve greyfurt ve ac\u0131 portakal kabu\u011funun \u00e7\u00fcr\u00fct\u00fclmesi i\u00e7in kullan\u0131l\u0131r.<\/p>\n<p>2. Bu \u00fcr\u00fcn esas olarak iki enzim i\u00e7erir, biri ac\u0131 naringini (pummeloside-7-rhamnoside) ramnoz ve nosuline hidrolize edebilen ramnosidaz, ikincisi sakurarini kokusuz pomelo maddesine ve glikoza hidrolize edebilen \u03b2 -Glukosidazd\u0131r, i\u015flem: naringinaz\u0131n optimal pH de\u011feri 3.5 \uff5e 0 ve optimal s\u0131cakl\u0131k 50 \uff5e 60 \u2103'dir.<\/p>\n<h2><strong><b>Naringinaz Kullan\u0131m\u0131<\/b><\/strong><\/h2>\n<p>&nbsp;<\/p>\n<h3>1. Antibiyotik \u00fcretimi<\/h3>\n<p>Naringinazdaki ramnosidaz\u0131n biyolojik aktivitesi kullan\u0131larak, bir deglikosile glikopeptid antibiyotik s\u0131n\u0131f\u0131 olan antibiyotik kloropolysporin \u00fcretilebilir. Kloropolysporin A, B ve C enzimatik hidroliz ile deglikozile \u00fcr\u00fcnlere d\u00f6n\u00fc\u015ft\u00fcr\u00fclebilir. KloropolysporinC antibiyotikleri ve laktam antibiyotiklerin birlikte kullan\u0131m\u0131 mete diren\u00e7li Staphylococcus \u00fczerindeki etkiyi art\u0131rabilir. Kloropolysporinler, metisiline diren\u00e7li Staphylococcus ve anaerobik Gram-pozitif ba\u011f\u0131rsak bakterileri dahil olmak \u00fczere Gram-pozitif bakteriler \u00fczerinde g\u00fc\u00e7l\u00fc bir inhibit\u00f6r etkiye sahiptir. Genel olarak, kloropolysporinC, kloropolysporin bile\u015fiklerinin en aktif bile\u015fenidir ve aktivitesi \u03b2-avoparsinlerden daha y\u00fcksektir.<\/p>\n<p>&nbsp;<\/p>\n<h3>2. Ramnoz \u00fcretimi<\/h3>\n<p>Ramnoz, y\u00fcksek aktiviteli ramnosidaz ve d\u00fc\u015f\u00fck aktiviteli glukozidazdan olu\u015fan kar\u0131\u015f\u0131k bir sistemden olu\u015fan naringinaz ile naringinin hidrolize edilmesiyle \u00fcretilebilir. Ramnoz, ila\u00e7lar\u0131n ve bitki koruma maddelerinin haz\u0131rlanmas\u0131nda kullan\u0131labilir.<\/p>\n<p>&nbsp;<\/p>\n<h3>3. Prunin \u00dcretimi<\/h3>\n<p>\u0130mmobilize naringinaz alkalin tampon ile muamele edildikten sonra, naringin purunin \u00fcretmek i\u00e7in hidrolize edilebilir. \u00dcr\u00fcn\u00fcn verimi daha y\u00fcksektir. Prunin, DNA\/RNA vir\u00fcslerine kar\u015f\u0131 aktiviteye sahiptir. Flavonoidler anti-enflamatuar aktiviteye sahiptir ve \u015feker hastalar\u0131 i\u00e7in tatl\u0131lar\u0131n yerine kullan\u0131labilir. Bir\u00e7ok do\u011fal flavonoidin DNA veya RNA vir\u00fcslerine kar\u015f\u0131 de\u011fi\u015fken spektral \u00f6zelliklere sahip oldu\u011fu bulunmu\u015ftur. In vitro h\u00fccre k\u00fclt\u00fcr\u00fc yoluyla, flavonoidler naringin, hesperitin ve puruninin HSV-1 (poliovirustype-1), Pf-3 (parainfluenzavirustype-3) ve RSV (respiratorysyncytialvirus) vir\u00fcslerine kar\u015f\u0131 enfeksiyon ve replikasyonu incelenmektedir. Raporlara g\u00f6re, hayvan sim\u00fclasyon deneyleri yoluyla, dihidroflavonoid glikozit naringenin mide \u00fclserlerini \u00f6nleyebilir. Naringenin'in alkol\u00fcn neden oldu\u011fu mide problemleri \u00fczerinde etkisi vard\u0131r.<\/p>\n<p>&nbsp;<\/p>\n<h3>4. D\u00f6n\u00fc\u015ft\u00fcr\u00fcc\u00fc Steroidler<\/h3>\n<p>\u00c7emen otu tohumlar\u0131, saponin ve dioscin (klinik olarak yararl\u0131 bir steroid) \u00fcretmek i\u00e7in naringinaz taraf\u0131ndan enzimatik olarak hidrolize edilebilir. Bu s\u00fcre\u00e7te, immobilize naringinaz ve pektinaz, dioscin kayb\u0131 olmadan iki kez tekrar kullan\u0131labilir.<\/p>\n<p>&nbsp;<\/p>\n<h3>5. Di\u011fer<\/h3>\n<p>Ramnosidaz, \u03b2-glukozidaz ve arabinosidaz\u0131n etkile\u015fimi, esas olarak naringinazdaki ramnosidaz\u0131n biyolojik aktivitesini kullanan \u015farab\u0131n lezzetini art\u0131rabilir. Mantar glukozidaz\u0131n kat\u0131 bir ta\u015f\u0131y\u0131c\u0131 \u00fczerinde immobilize edilmesinin amac\u0131, \u015farap \u00fczerinde s\u00fcrekli olarak hareket etmek, lezzetin iyile\u015ftirilmesini te\u015fvik etmek ve \u015farab\u0131n lezzetini artt\u0131rmakt\u0131r. Ayn\u0131 zamanda, sistemin dinamik davran\u0131\u015f\u0131 ve immobilizasyonu da incelenmi\u015ftir. Meyve ve sebze suyundaki ni\u015fasta ve pektinin hidrolizi i\u00e7in amilaz, poligalakturonaz ve naringinaz\u0131n birlikte immobilizasyonu, amilaz ve pektinaz\u0131n tek ba\u015f\u0131na immobilize edilmesinden daha iyidir. Naringinaz s\u0131ras\u0131yla kitin, kitosan ve DE-kitosan \u00fczerine immobilize edilmi\u015f ve sonu\u00e7lar hepsinin \u015farab\u0131n lezzetini artt\u0131rabilece\u011fini g\u00f6stermi\u015ftir.<\/p>\n<h2><strong><b>Naringinaz Paketleme<\/b><\/strong><\/h2>\n<p>25kg\/davul<\/p>\n<h2><strong><b>\u015eimdi Bize Ula\u015f\u0131n!<\/b><\/strong><\/h2>\n<h4><strong><b>Fiyata ihtiyac\u0131n\u0131z varsa, l\u00fctfen a\u015fa\u011f\u0131daki forma ileti\u015fim bilgilerinizi doldurun, genellikle 24 saat i\u00e7inde sizinle ileti\u015fime ge\u00e7ece\u011fiz. Bana e-posta da g\u00f6nderebilirsiniz\u00a0<span style=\"color: #00ccff;\"><a style=\"color: #00ccff;\" href=\"mailto:info@longchangchemical.com\">info@longchangchemical.com<\/a><\/span>\u00a0\u00c7al\u0131\u015fma saatleri i\u00e7inde (8:30 - 6:00 UTC+8 Pzt.~Sat.) veya h\u0131zl\u0131 yan\u0131t almak i\u00e7in web sitesi canl\u0131 sohbetini kullan\u0131n.<\/b><\/strong><\/h4>\n<table style=\"border-collapse: collapse; width: 326.27pt;\" border=\"0\" width=\"435\" cellspacing=\"0\" cellpadding=\"0\">\n<tbody>\n<tr style=\"height: 13.50pt;\">\n<td class=\"et2\" style=\"height: 13.50pt; width: 164.25pt;\" width=\"219\" height=\"18\"><a href=\"https:\/\/longchangchemical.com\/tr\/product\/compound-glucoamylase-cas-9032-08-0\/\"><span style=\"color: #00ccff;\">Bile\u015fik Glukoamilaz<\/span><\/a><\/td>\n<td class=\"et2\" style=\"width: 162.00pt;\" width=\"216\">9032-08-0<\/td>\n<\/tr>\n<tr style=\"height: 13.50pt;\">\n<td class=\"et2\" style=\"height: 13.50pt;\" height=\"18\"><a href=\"https:\/\/longchangchemical.com\/tr\/product\/pullulanase-cas-9075-68-7\/\"><span style=\"color: #00ccff;\">Pullulanase<\/span><\/a><\/td>\n<td class=\"et2\">9075-68-7<\/td>\n<\/tr>\n<tr style=\"height: 13.50pt;\">\n<td class=\"et2\" style=\"height: 13.50pt;\" height=\"18\"><a href=\"https:\/\/longchangchemical.com\/tr\/product\/xylanase-cas-37278-89-0\/\"><span style=\"color: #00ccff;\">Ksilanaz<\/span><\/a><\/td>\n<td class=\"et2\">37278-89-0<\/td>\n<\/tr>\n<tr style=\"height: 13.50pt;\">\n<td class=\"et2\" style=\"height: 13.50pt;\" height=\"18\"><a href=\"https:\/\/longchangchemical.com\/tr\/product\/cellulase-cas-9012-54-8\/\"><span style=\"color: #00ccff;\">Sel\u00fclaz<\/span><\/a><\/td>\n<td class=\"et2\">9012-54-8<\/td>\n<\/tr>\n<tr style=\"height: 13.50pt;\">\n<td class=\"et2\" style=\"height: 13.50pt;\" height=\"18\"><a href=\"https:\/\/longchangchemical.com\/tr\/product\/naringinase-cas-9068-31-9\/\"><span style=\"color: #00ccff;\">Naringinaz<\/span><\/a><\/td>\n<td class=\"et2\">9068-31-9<\/td>\n<\/tr>\n<tr style=\"height: 13.50pt;\">\n<td class=\"et2\" style=\"height: 13.50pt;\" height=\"18\"><a href=\"https:\/\/longchangchemical.com\/tr\/product\/beta-amylase-cas-9000-91-3\/\"><span style=\"color: #00ccff;\">\u03b2-Amilaz<\/span><\/a><\/td>\n<td class=\"et2\">9000-91-3<\/td>\n<\/tr>\n<tr style=\"height: 13.50pt;\">\n<td class=\"et2\" style=\"height: 13.50pt;\" height=\"18\"><a href=\"https:\/\/longchangchemical.com\/tr\/product\/glucose-oxidase-cas-9001-37-0\/\"><span style=\"color: #00ccff;\">Glikoz oksidaz<\/span><\/a><\/td>\n<td class=\"et2\">9001-37-0<\/td>\n<\/tr>\n<tr style=\"height: 13.50pt;\">\n<td class=\"et2\" style=\"height: 13.50pt;\" height=\"18\">Alfa-Amilaz<\/td>\n<td class=\"et2\">9000-90-2<\/td>\n<\/tr>\n<tr style=\"height: 13.50pt;\">\n<td class=\"et2\" style=\"height: 13.50pt;\" height=\"18\"><a href=\"https:\/\/longchangchemical.com\/tr\/product\/longzyme-acid-pectinase-cas-9032-75-1\/\"><span style=\"color: #00ccff;\">Pektinaz<\/span><\/a><\/td>\n<td class=\"et2\">9032-75-1<\/td>\n<\/tr>\n<tr style=\"height: 13.50pt;\">\n<td class=\"et2\" style=\"height: 13.50pt;\" height=\"18\">Peroksidaz<\/td>\n<td class=\"et2\">9003-99-0<\/td>\n<\/tr>\n<tr style=\"height: 13.50pt;\">\n<td class=\"et2\" style=\"height: 13.50pt;\" height=\"18\"><a href=\"https:\/\/longchangchemical.com\/tr\/product\/lipase-cas-9001-62-1\/\"><span style=\"color: #00ccff;\">Lipaz<\/span><\/a><\/td>\n<td class=\"et2\">9001-62-1<\/td>\n<\/tr>\n<tr style=\"height: 13.50pt;\">\n<td class=\"et2\" style=\"height: 13.50pt;\" height=\"18\"><a href=\"https:\/\/longchangchemical.com\/tr\/product\/catalase-cas-9001-05-2\/\"><span style=\"color: #00ccff;\">Katalaz<\/span><\/a><\/td>\n<td class=\"et4\">9001-05-2<\/td>\n<\/tr>\n<tr style=\"height: 13.50pt;\">\n<td class=\"et2\" style=\"height: 13.50pt;\" height=\"18\"><a href=\"https:\/\/longchangchemical.com\/tr\/product\/tannase-cas-9025-71-2\/\"><span style=\"color: #00ccff;\">TANNASE<\/span><\/a><\/td>\n<td class=\"et2\">9025-71-2<\/td>\n<\/tr>\n<tr style=\"height: 13.50pt;\">\n<td class=\"et2\" style=\"height: 13.50pt;\" height=\"18\"><a href=\"https:\/\/longchangchemical.com\/tr\/product\/elastase-cas-39445-21-1\/\"><span style=\"color: #00ccff;\">Elastaz<\/span><\/a><\/td>\n<td class=\"et2\">39445-21-1<\/td>\n<\/tr>\n<tr style=\"height: 13.50pt;\">\n<td class=\"et2\" style=\"height: 13.50pt;\" height=\"18\"><a href=\"https:\/\/longchangchemical.com\/tr\/product\/urease-cas-9002-13-5\/\"><span style=\"color: #00ccff;\">Urease<\/span><\/a><\/td>\n<td class=\"et2\">9002-13-5<\/td>\n<\/tr>\n<tr style=\"height: 13.50pt;\">\n<td class=\"et2\" style=\"height: 13.50pt;\" height=\"18\"><a href=\"https:\/\/longchangchemical.com\/tr\/product\/dextranase-cas-9025-70-1\/\"><span style=\"color: #00ccff;\">DEXTRANASE<\/span><\/a><\/td>\n<td class=\"et2\">9025-70-1<\/td>\n<\/tr>\n<tr style=\"height: 13.50pt;\">\n<td class=\"et2\" style=\"height: 13.5pt; text-align: left;\" height=\"18\"><a href=\"https:\/\/longchangchemical.com\/tr\/product\/l-lactic-dehydrogenase-cas-9001-60-9\/\"><span style=\"color: #00ccff;\">L-Laktik dehidrojenaz<\/span><\/a><\/td>\n<td class=\"et2\">9001-60-9<\/td>\n<\/tr>\n<tr style=\"height: 13.50pt;\">\n<td class=\"et2\" style=\"height: 13.50pt;\" height=\"18\"><a href=\"https:\/\/longchangchemical.com\/tr\/product\/dehydrogenase-malate-cas-9001-64-3\/\"><span style=\"color: #00ccff;\">Dehidrojenaz malat<\/span><\/a><\/td>\n<td class=\"et2\">9001-64-3<\/td>\n<\/tr>\n<tr style=\"height: 13.50pt;\">\n<td class=\"et2\" style=\"height: 13.50pt;\" height=\"18\"><a href=\"https:\/\/longchangchemical.com\/tr\/product\/cholesterol-oxidase-cas-9028-76-6\/\"><span style=\"color: #00ccff;\">Kolesterol oksidaz<\/span><\/a><\/td>\n<td class=\"et2\">9028-76-6<\/td>\n<\/tr>\n<\/tbody>\n<\/table>","protected":false},"excerpt":{"rendered":"<h2><strong><b>Naringinaz H\u0131zl\u0131 Ayr\u0131nt\u0131lar<\/b><\/strong><\/h2>\n<p>Kimyasal Ad\u0131: Naringinaz<\/p>\n<p>CAS: 9068-31-9<\/p>\n<p>G\u00f6r\u00fcn\u00fc\u015f: Beyaz ila a\u00e7\u0131k sar\u0131 toz<\/p>","protected":false},"featured_media":3249,"comment_status":"open","ping_status":"closed","template":"","meta":[],"product_brand":[],"product_cat":[172],"product_tag":[],"class_list":{"0":"post-3248","1":"product","2":"type-product","3":"status-publish","4":"has-post-thumbnail","6":"product_cat-longzyme-enzyme","8":"first","9":"instock","10":"shipping-taxable","11":"product-type-simple"},"yoast_head":"<!-- This site is optimized with the Yoast SEO plugin v25.3.1 - https:\/\/yoast.com\/wordpress\/plugins\/seo\/ -->\n<title>China Naringinase manufacturer and supplier - Longchang chemical<\/title>\n<meta name=\"description\" content=\"Longchang chemical is China top Naringinase suppliers \uff06 CAS 9068-31-9 manufacturers, Our MOQ is 1kg, we can provide the best Naringinase price. We provide customized services\" \/>\n<meta name=\"robots\" content=\"index, follow, max-snippet:-1, max-image-preview:large, max-video-preview:-1\" \/>\n<link rel=\"canonical\" href=\"https:\/\/longchangchemical.com\/tr\/product\/naringinase-cas-9068-31-9\/\" \/>\n<meta property=\"og:locale\" content=\"tr_TR\" \/>\n<meta property=\"og:type\" content=\"article\" \/>\n<meta property=\"og:title\" content=\"China Naringinase manufacturer and supplier - Longchang chemical\" \/>\n<meta property=\"og:description\" content=\"Longchang chemical is China top Naringinase suppliers \uff06 CAS 9068-31-9 manufacturers, Our MOQ is 1kg, we can provide the best Naringinase price. We provide customized services\" \/>\n<meta property=\"og:url\" content=\"https:\/\/longchangchemical.com\/tr\/product\/naringinase-cas-9068-31-9\/\" \/>\n<meta property=\"og:site_name\" content=\"Longchang Chemical\" \/>\n<meta property=\"article:modified_time\" content=\"2025-12-16T08:53:23+00:00\" \/>\n<meta property=\"og:image\" content=\"https:\/\/longchangchemical.com\/wp-content\/uploads\/2020\/09\/Naringinase-package1.jpg\" \/>\n\t<meta property=\"og:image:width\" content=\"600\" \/>\n\t<meta property=\"og:image:height\" content=\"800\" \/>\n\t<meta property=\"og:image:type\" content=\"image\/jpeg\" \/>\n<meta name=\"twitter:card\" content=\"summary_large_image\" \/>\n<script type=\"application\/ld+json\" class=\"yoast-schema-graph\">{\"@context\":\"https:\/\/schema.org\",\"@graph\":[{\"@type\":\"WebPage\",\"@id\":\"https:\/\/longchangchemical.com\/product\/naringinase-cas-9068-31-9\/\",\"url\":\"https:\/\/longchangchemical.com\/product\/naringinase-cas-9068-31-9\/\",\"name\":\"China Naringinase manufacturer and supplier - Longchang chemical\",\"isPartOf\":{\"@id\":\"https:\/\/longchangchemical.com\/#website\"},\"primaryImageOfPage\":{\"@id\":\"https:\/\/longchangchemical.com\/product\/naringinase-cas-9068-31-9\/#primaryimage\"},\"image\":{\"@id\":\"https:\/\/longchangchemical.com\/product\/naringinase-cas-9068-31-9\/#primaryimage\"},\"thumbnailUrl\":\"https:\/\/longchangchemical.com\/wp-content\/uploads\/2020\/09\/Naringinase-package1.jpg\",\"datePublished\":\"2020-09-17T02:11:54+00:00\",\"dateModified\":\"2025-12-16T08:53:23+00:00\",\"description\":\"Longchang chemical is China top Naringinase suppliers \uff06 CAS 9068-31-9 manufacturers, Our MOQ is 1kg, we can provide the best Naringinase price. We provide customized services\",\"breadcrumb\":{\"@id\":\"https:\/\/longchangchemical.com\/product\/naringinase-cas-9068-31-9\/#breadcrumb\"},\"inLanguage\":\"tr\",\"potentialAction\":[{\"@type\":\"ReadAction\",\"target\":[\"https:\/\/longchangchemical.com\/product\/naringinase-cas-9068-31-9\/\"]}]},{\"@type\":\"ImageObject\",\"inLanguage\":\"tr\",\"@id\":\"https:\/\/longchangchemical.com\/product\/naringinase-cas-9068-31-9\/#primaryimage\",\"url\":\"https:\/\/longchangchemical.com\/wp-content\/uploads\/2020\/09\/Naringinase-package1.jpg\",\"contentUrl\":\"https:\/\/longchangchemical.com\/wp-content\/uploads\/2020\/09\/Naringinase-package1.jpg\",\"width\":600,\"height\":800,\"caption\":\"Naringinase package1\"},{\"@type\":\"BreadcrumbList\",\"@id\":\"https:\/\/longchangchemical.com\/product\/naringinase-cas-9068-31-9\/#breadcrumb\",\"itemListElement\":[{\"@type\":\"ListItem\",\"position\":1,\"name\":\"Home\",\"item\":\"https:\/\/longchangchemical.com\/\"},{\"@type\":\"ListItem\",\"position\":2,\"name\":\"Products Longchang\",\"item\":\"https:\/\/longchangchemical.com\/product\/\"},{\"@type\":\"ListItem\",\"position\":3,\"name\":\"Longzyme\u00ae Naringinase CAS 9068-31-9\"}]},{\"@type\":\"WebSite\",\"@id\":\"https:\/\/longchangchemical.com\/#website\",\"url\":\"https:\/\/longchangchemical.com\/\",\"name\":\"Longchang Chemical\",\"description\":\"China chemical manufacturer \uff06 supplier\",\"publisher\":{\"@id\":\"https:\/\/longchangchemical.com\/#organization\"},\"potentialAction\":[{\"@type\":\"SearchAction\",\"target\":{\"@type\":\"EntryPoint\",\"urlTemplate\":\"https:\/\/longchangchemical.com\/?s={search_term_string}\"},\"query-input\":{\"@type\":\"PropertyValueSpecification\",\"valueRequired\":true,\"valueName\":\"search_term_string\"}}],\"inLanguage\":\"tr\"},{\"@type\":\"Organization\",\"@id\":\"https:\/\/longchangchemical.com\/#organization\",\"name\":\"Longchang Chemical\",\"url\":\"https:\/\/longchangchemical.com\/\",\"logo\":{\"@type\":\"ImageObject\",\"inLanguage\":\"tr\",\"@id\":\"https:\/\/longchangchemical.com\/#\/schema\/logo\/image\/\",\"url\":\"https:\/\/longchangchemical.com\/wp-content\/uploads\/2020\/08\/cropped-longchang-logo.png\",\"contentUrl\":\"https:\/\/longchangchemical.com\/wp-content\/uploads\/2020\/08\/cropped-longchang-logo.png\",\"width\":512,\"height\":512,\"caption\":\"Longchang Chemical\"},\"image\":{\"@id\":\"https:\/\/longchangchemical.com\/#\/schema\/logo\/image\/\"}}]}<\/script>\n<!-- \/ Yoast SEO plugin. -->","yoast_head_json":{"title":"\u00c7in Naringinaz \u00fcreticisi ve tedarik\u00e7isi - Longchang chemical","description":"Longchang kimyasal \u00c7in \u00fcst Naringinase tedarik\u00e7ileri \uff06 CAS 9068-31-9 \u00fcreticileri, Bizim ADEDI 1 kg, biz en iyi Naringinase fiyat sa\u011flayabilir. \u00d6zelle\u015ftirilmi\u015f hizmetler sunuyoruz","robots":{"index":"index","follow":"follow","max-snippet":"max-snippet:-1","max-image-preview":"max-image-preview:large","max-video-preview":"max-video-preview:-1"},"canonical":"https:\/\/longchangchemical.com\/tr\/product\/naringinase-cas-9068-31-9\/","og_locale":"tr_TR","og_type":"article","og_title":"China Naringinase manufacturer and supplier - Longchang chemical","og_description":"Longchang chemical is China top Naringinase suppliers \uff06 CAS 9068-31-9 manufacturers, Our MOQ is 1kg, we can provide the best Naringinase price. We provide customized services","og_url":"https:\/\/longchangchemical.com\/tr\/product\/naringinase-cas-9068-31-9\/","og_site_name":"Longchang Chemical","article_modified_time":"2025-12-16T08:53:23+00:00","og_image":[{"width":600,"height":800,"url":"https:\/\/longchangchemical.com\/wp-content\/uploads\/2020\/09\/Naringinase-package1.jpg","type":"image\/jpeg"}],"twitter_card":"summary_large_image","schema":{"@context":"https:\/\/schema.org","@graph":[{"@type":"WebPage","@id":"https:\/\/longchangchemical.com\/product\/naringinase-cas-9068-31-9\/","url":"https:\/\/longchangchemical.com\/product\/naringinase-cas-9068-31-9\/","name":"\u00c7in Naringinaz \u00fcreticisi ve tedarik\u00e7isi - Longchang chemical","isPartOf":{"@id":"https:\/\/longchangchemical.com\/#website"},"primaryImageOfPage":{"@id":"https:\/\/longchangchemical.com\/product\/naringinase-cas-9068-31-9\/#primaryimage"},"image":{"@id":"https:\/\/longchangchemical.com\/product\/naringinase-cas-9068-31-9\/#primaryimage"},"thumbnailUrl":"https:\/\/longchangchemical.com\/wp-content\/uploads\/2020\/09\/Naringinase-package1.jpg","datePublished":"2020-09-17T02:11:54+00:00","dateModified":"2025-12-16T08:53:23+00:00","description":"Longchang kimyasal \u00c7in \u00fcst Naringinase tedarik\u00e7ileri \uff06 CAS 9068-31-9 \u00fcreticileri, Bizim ADEDI 1 kg, biz en iyi Naringinase fiyat sa\u011flayabilir. \u00d6zelle\u015ftirilmi\u015f hizmetler sunuyoruz","breadcrumb":{"@id":"https:\/\/longchangchemical.com\/product\/naringinase-cas-9068-31-9\/#breadcrumb"},"inLanguage":"tr","potentialAction":[{"@type":"ReadAction","target":["https:\/\/longchangchemical.com\/product\/naringinase-cas-9068-31-9\/"]}]},{"@type":"ImageObject","inLanguage":"tr","@id":"https:\/\/longchangchemical.com\/product\/naringinase-cas-9068-31-9\/#primaryimage","url":"https:\/\/longchangchemical.com\/wp-content\/uploads\/2020\/09\/Naringinase-package1.jpg","contentUrl":"https:\/\/longchangchemical.com\/wp-content\/uploads\/2020\/09\/Naringinase-package1.jpg","width":600,"height":800,"caption":"Naringinase package1"},{"@type":"BreadcrumbList","@id":"https:\/\/longchangchemical.com\/product\/naringinase-cas-9068-31-9\/#breadcrumb","itemListElement":[{"@type":"ListItem","position":1,"name":"Home","item":"https:\/\/longchangchemical.com\/"},{"@type":"ListItem","position":2,"name":"Products Longchang","item":"https:\/\/longchangchemical.com\/product\/"},{"@type":"ListItem","position":3,"name":"Longzyme\u00ae Naringinase CAS 9068-31-9"}]},{"@type":"WebSite","@id":"https:\/\/longchangchemical.com\/#website","url":"https:\/\/longchangchemical.com\/","name":"Longchang Kimya","description":"\u00c7in kimyasal \u00fcreticisi \uff06 tedarik\u00e7isi","publisher":{"@id":"https:\/\/longchangchemical.com\/#organization"},"potentialAction":[{"@type":"SearchAction","target":{"@type":"EntryPoint","urlTemplate":"https:\/\/longchangchemical.com\/?s={search_term_string}"},"query-input":{"@type":"PropertyValueSpecification","valueRequired":true,"valueName":"search_term_string"}}],"inLanguage":"tr"},{"@type":"Organization","@id":"https:\/\/longchangchemical.com\/#organization","name":"Longchang Kimya","url":"https:\/\/longchangchemical.com\/","logo":{"@type":"ImageObject","inLanguage":"tr","@id":"https:\/\/longchangchemical.com\/#\/schema\/logo\/image\/","url":"https:\/\/longchangchemical.com\/wp-content\/uploads\/2020\/08\/cropped-longchang-logo.png","contentUrl":"https:\/\/longchangchemical.com\/wp-content\/uploads\/2020\/08\/cropped-longchang-logo.png","width":512,"height":512,"caption":"Longchang Chemical"},"image":{"@id":"https:\/\/longchangchemical.com\/#\/schema\/logo\/image\/"}}]}},"_links":{"self":[{"href":"https:\/\/longchangchemical.com\/tr\/wp-json\/wp\/v2\/product\/3248","targetHints":{"allow":["GET"]}}],"collection":[{"href":"https:\/\/longchangchemical.com\/tr\/wp-json\/wp\/v2\/product"}],"about":[{"href":"https:\/\/longchangchemical.com\/tr\/wp-json\/wp\/v2\/types\/product"}],"replies":[{"embeddable":true,"href":"https:\/\/longchangchemical.com\/tr\/wp-json\/wp\/v2\/comments?post=3248"}],"wp:featuredmedia":[{"embeddable":true,"href":"https:\/\/longchangchemical.com\/tr\/wp-json\/wp\/v2\/media\/3249"}],"wp:attachment":[{"href":"https:\/\/longchangchemical.com\/tr\/wp-json\/wp\/v2\/media?parent=3248"}],"wp:term":[{"taxonomy":"product_brand","embeddable":true,"href":"https:\/\/longchangchemical.com\/tr\/wp-json\/wp\/v2\/product_brand?post=3248"},{"taxonomy":"product_cat","embeddable":true,"href":"https:\/\/longchangchemical.com\/tr\/wp-json\/wp\/v2\/product_cat?post=3248"},{"taxonomy":"product_tag","embeddable":true,"href":"https:\/\/longchangchemical.com\/tr\/wp-json\/wp\/v2\/product_tag?post=3248"}],"curies":[{"name":"wp","href":"https:\/\/api.w.org\/{rel}","templated":true}]}}