{"id":3245,"date":"2020-09-17T01:37:23","date_gmt":"2020-09-17T01:37:23","guid":{"rendered":"https:\/\/longchangchemical.com\/?post_type=product&#038;p=3245"},"modified":"2025-04-01T07:41:55","modified_gmt":"2025-04-01T07:41:55","slug":"fluorescent-brightener-378-cas-40470-68-6","status":"publish","type":"product","link":"https:\/\/longchangchemical.com\/tr\/product\/fluorescent-brightener-378-cas-40470-68-6\/","title":{"rendered":"CHLUMIPHOR\u00ae FP-127 \/ floresan Parlat\u0131c\u0131 378 CAS 40470-68-6"},"content":{"rendered":"<p>&nbsp;<\/p>\n<h2><strong><b>Floresan Parlat\u0131c\u0131 378 <\/b><\/strong><strong><b>TypicalProperties<\/b><\/strong><\/h2>\n<table>\n<tbody>\n<tr>\n<td>\u00d6\u011fe<\/td>\n<td>Teknik \u00d6zellikler<\/td>\n<\/tr>\n<tr>\n<td>G\u00f6r\u00fcn\u00fc\u015f<\/td>\n<td>soluk sar\u0131 toz<\/td>\n<\/tr>\n<tr>\n<td>Su<\/td>\n<td>\u22640,5%<\/td>\n<\/tr>\n<tr>\n<td>K\u00fcl<\/td>\n<td>\u22640,5%<\/td>\n<\/tr>\n<tr>\n<td>Erime noktas\u0131<\/td>\n<td>219-221\u2103<\/td>\n<\/tr>\n<tr>\n<td>Tahlil<\/td>\n<td>\u226599%<\/td>\n<\/tr>\n<\/tbody>\n<\/table>\n<h2><strong><b>Floresan Parlat\u0131c\u0131 378 <\/b><\/strong><strong><b>Kullan\u0131m<\/b><\/strong><\/h2>\n<ol>\n<li>PVC ve polistiren \u00fcr\u00fcnlerin ve di\u011fer termoplastiklerin beyazlat\u0131lmas\u0131 i\u00e7in kullan\u0131l\u0131r<\/li>\n<li>Suni deri, sentetik deri beyazlatma ve matbaa m\u00fcrekkebi kaplamalar\u0131nda kullan\u0131l\u0131r.<\/li>\n<\/ol>\n<h2><strong><b>\u00d6zellikleri <\/b><\/strong><strong><b>Floresan Parlat\u0131c\u0131 378<\/b><\/strong><\/h2>\n<p>Optik Parlat\u0131c\u0131 FP-127 suda \u00e7\u00f6z\u00fcnmez, ancak yayg\u0131n organik \u00e7\u00f6z\u00fcc\u00fclerde \u00e7\u00f6z\u00fcn\u00fcr, maksimum absorpsiyon dalga boyu 368 nm ve maksimum emisyon dalga boyu 436 nm'dir. G\u00fc\u00e7l\u00fc asit ve alkali direncine, y\u00fcksek beyazl\u0131\u011fa ve k\u00fc\u00e7\u00fck dozajda \u00e7ok iyi beyazlatma etkisine sahiptir. Parlat\u0131c\u0131 FP-127, plastiklerle iyi uyumlulu\u011fa, y\u00fcksek s\u0131cakl\u0131k direncine ve m\u00fckemmel hava ko\u015fullar\u0131na dayan\u0131kl\u0131l\u0131\u011fa sahiptir.<\/p>\n<h2><strong><b>Uygulamalar\u0131 <\/b><\/strong><strong><b>Floresan Parlat\u0131c\u0131 378<\/b><\/strong><\/h2>\n<p>Optik Parlat\u0131c\u0131 FP-127, \u00f6zellikle PVC, polipropilen ve di\u011fer plastik \u00fcr\u00fcnler i\u00e7in her t\u00fcrl\u00fc plastik ve plastik \u00fcr\u00fcn \u00fczerinde iyi bir beyazlatma etkisine sahiptir. Suni deri \u00fcr\u00fcnlerinin beyazlatma ve parlatma etkisi i\u00e7in idealdir ve ayr\u0131ca di\u011fer termoplastik plastiklerin, kaplamalar\u0131n, m\u00fcrekkeplerin, sentetik elyaflar\u0131n vb. beyazlat\u0131lmas\u0131 ve parlat\u0131lmas\u0131 i\u00e7in de kullan\u0131labilir. Parlat\u0131c\u0131 FP-127, sararma ve solma olmadan uzun s\u00fcreli depolama avantajlar\u0131na sahiptir. Benzer \u00fcr\u00fcnler uvitex FP'dir.<\/p>\n<p>&nbsp;<\/p>\n<h2><strong><b>Floresan Parlat\u0131c\u0131 378 <\/b><\/strong><strong><b>Paket<\/b><\/strong><\/h2>\n<p>25kg\/elyaf tamburu<\/p>\n<h2><strong><b>Floresan Parlat\u0131c\u0131 378 <\/b><\/strong><strong><b>Depolama<\/b><\/strong><\/h2>\n<p>Serin ve kuru havaland\u0131rmal\u0131 depoda saklan\u0131r<\/p>\n<h2><\/h2>\n<h2><strong><b>\u015eimdi Bize Ula\u015f\u0131n!<\/b><\/strong><\/h2>\n<h4><strong><b>COA, MSDS veya TDS'ye ihtiyac\u0131n\u0131z varsa, l\u00fctfen a\u015fa\u011f\u0131daki forma ileti\u015fim bilgilerinizi girin, genellikle 24 saat i\u00e7inde sizinle ileti\u015fime ge\u00e7ece\u011fiz. Bana e-posta da g\u00f6nderebilirsiniz <span style=\"color: #0000ff;\"><a style=\"color: #0000ff;\" href=\"mailto:info@longchangchemical.com\">info@longchangchemical.com<\/a><\/span> \u00c7al\u0131\u015fma saatleri i\u00e7inde (8:30 - 6:00 UTC+8 Pzt.~Sat.) veya h\u0131zl\u0131 yan\u0131t almak i\u00e7in web sitesi canl\u0131 sohbetini kullan\u0131n.<\/b><\/strong><\/h4>","protected":false},"excerpt":{"rendered":"<h2><strong><b>Floresan Parlat\u0131c\u0131 378 <\/b><\/strong><strong><b>H\u0131zl\u0131 Ayr\u0131nt\u0131lar<\/b><\/strong><\/h2>\n<p>\u00dcr\u00fcn Ad\u0131: 4,4\u2032-Bis(2-Metoksistiril)bifenil \/ Floresan Parlat\u0131c\u0131 CBS-127\/ floresan Parlat\u0131c\u0131 378<\/p>\n<p>CAS No: 40470-68-6<\/p>\n<p>Molek\u00fcler Form\u00fcl: C30H26O2<\/p>\n<p>Molek\u00fcler A\u011f\u0131rl\u0131k: 418,53<\/p>\n<p>Floresan Parlat\u0131c\u0131 378 Yap\u0131:<\/p>\n<p><img decoding=\"async\" class=\"size-full wp-image-3246\" src=\"https:\/\/longchangchemical.com\/wp-content\/uploads\/2020\/09\/fluorescent-Brightener-378-Structure.png\" alt=\"Floresan Parlat\u0131c\u0131 378 Yap\u0131\" width=\"256\" height=\"141\" \/><\/p>\n<p>G\u00f6r\u00fcn\u00fc\u015f: soluk sar\u0131 toz<\/p>\n<p>Safl\u0131k: 99%<\/p>","protected":false},"featured_media":3247,"comment_status":"open","ping_status":"closed","template":"","meta":[],"product_brand":[],"product_cat":[140],"product_tag":[],"class_list":{"0":"post-3245","1":"product","2":"type-product","3":"status-publish","4":"has-post-thumbnail","6":"product_cat-chlumiphor-fluorescent-brightener","8":"first","9":"instock","10":"shipping-taxable","11":"product-type-simple"},"yoast_head":"<!-- This site is optimized with the Yoast SEO plugin v25.3.1 - https:\/\/yoast.com\/wordpress\/plugins\/seo\/ -->\n<title>China fluorescent Brightener 378 manufacturer and supplier - Longchang chemical<\/title>\n<meta name=\"description\" content=\"Longchang chemical is a China fluorescent Brightener 378 CAS 40470-68-6 manufacturer and supplier, we can provide the best fluorescent Brightener 378 price. Other Name: 4,4\u2032-Bis(2-Methoxystyryl)biphenyl \/ Fluorescent Brightener CBS-127\" \/>\n<meta name=\"robots\" content=\"index, follow, max-snippet:-1, max-image-preview:large, max-video-preview:-1\" \/>\n<link rel=\"canonical\" href=\"https:\/\/longchangchemical.com\/tr\/product\/fluorescent-brightener-378-cas-40470-68-6\/\" \/>\n<meta property=\"og:locale\" content=\"tr_TR\" \/>\n<meta property=\"og:type\" content=\"article\" \/>\n<meta property=\"og:title\" content=\"China fluorescent Brightener 378 manufacturer and supplier - Longchang chemical\" \/>\n<meta property=\"og:description\" content=\"Longchang chemical is a China fluorescent Brightener 378 CAS 40470-68-6 manufacturer and supplier, we can provide the best fluorescent Brightener 378 price. Other Name: 4,4\u2032-Bis(2-Methoxystyryl)biphenyl \/ Fluorescent Brightener CBS-127\" \/>\n<meta property=\"og:url\" content=\"https:\/\/longchangchemical.com\/tr\/product\/fluorescent-brightener-378-cas-40470-68-6\/\" \/>\n<meta property=\"og:site_name\" content=\"Longchang Chemical\" \/>\n<meta property=\"article:modified_time\" content=\"2025-04-01T07:41:55+00:00\" \/>\n<meta property=\"og:image\" content=\"https:\/\/longchangchemical.com\/wp-content\/uploads\/2020\/09\/fluorescent-Brightener-378-Appearance.jpg\" \/>\n\t<meta property=\"og:image:width\" content=\"600\" \/>\n\t<meta property=\"og:image:height\" content=\"800\" \/>\n\t<meta property=\"og:image:type\" content=\"image\/jpeg\" \/>\n<meta name=\"twitter:card\" content=\"summary_large_image\" \/>\n<script type=\"application\/ld+json\" class=\"yoast-schema-graph\">{\"@context\":\"https:\/\/schema.org\",\"@graph\":[{\"@type\":\"WebPage\",\"@id\":\"https:\/\/longchangchemical.com\/product\/fluorescent-brightener-378-cas-40470-68-6\/\",\"url\":\"https:\/\/longchangchemical.com\/product\/fluorescent-brightener-378-cas-40470-68-6\/\",\"name\":\"China fluorescent Brightener 378 manufacturer and supplier - Longchang chemical\",\"isPartOf\":{\"@id\":\"https:\/\/longchangchemical.com\/#website\"},\"primaryImageOfPage\":{\"@id\":\"https:\/\/longchangchemical.com\/product\/fluorescent-brightener-378-cas-40470-68-6\/#primaryimage\"},\"image\":{\"@id\":\"https:\/\/longchangchemical.com\/product\/fluorescent-brightener-378-cas-40470-68-6\/#primaryimage\"},\"thumbnailUrl\":\"https:\/\/longchangchemical.com\/wp-content\/uploads\/2020\/09\/fluorescent-Brightener-378-Appearance.jpg\",\"datePublished\":\"2020-09-17T01:37:23+00:00\",\"dateModified\":\"2025-04-01T07:41:55+00:00\",\"description\":\"Longchang chemical is a China fluorescent Brightener 378 CAS 40470-68-6 manufacturer and supplier, we can provide the best fluorescent Brightener 378 price. Other Name: 4,4\u2032-Bis(2-Methoxystyryl)biphenyl \/ Fluorescent Brightener CBS-127\",\"breadcrumb\":{\"@id\":\"https:\/\/longchangchemical.com\/product\/fluorescent-brightener-378-cas-40470-68-6\/#breadcrumb\"},\"inLanguage\":\"tr\",\"potentialAction\":[{\"@type\":\"ReadAction\",\"target\":[\"https:\/\/longchangchemical.com\/product\/fluorescent-brightener-378-cas-40470-68-6\/\"]}]},{\"@type\":\"ImageObject\",\"inLanguage\":\"tr\",\"@id\":\"https:\/\/longchangchemical.com\/product\/fluorescent-brightener-378-cas-40470-68-6\/#primaryimage\",\"url\":\"https:\/\/longchangchemical.com\/wp-content\/uploads\/2020\/09\/fluorescent-Brightener-378-Appearance.jpg\",\"contentUrl\":\"https:\/\/longchangchemical.com\/wp-content\/uploads\/2020\/09\/fluorescent-Brightener-378-Appearance.jpg\",\"width\":600,\"height\":800,\"caption\":\"fluorescent Brightener 378 Appearance\"},{\"@type\":\"BreadcrumbList\",\"@id\":\"https:\/\/longchangchemical.com\/product\/fluorescent-brightener-378-cas-40470-68-6\/#breadcrumb\",\"itemListElement\":[{\"@type\":\"ListItem\",\"position\":1,\"name\":\"Home\",\"item\":\"https:\/\/longchangchemical.com\/\"},{\"@type\":\"ListItem\",\"position\":2,\"name\":\"Products Longchang\",\"item\":\"https:\/\/longchangchemical.com\/product\/\"},{\"@type\":\"ListItem\",\"position\":3,\"name\":\"CHLUMIPHOR\u00ae FP-127 \/ fluorescent Brightener 378 CAS 40470-68-6\"}]},{\"@type\":\"WebSite\",\"@id\":\"https:\/\/longchangchemical.com\/#website\",\"url\":\"https:\/\/longchangchemical.com\/\",\"name\":\"Longchang Chemical\",\"description\":\"China chemical manufacturer \uff06 supplier\",\"publisher\":{\"@id\":\"https:\/\/longchangchemical.com\/#organization\"},\"potentialAction\":[{\"@type\":\"SearchAction\",\"target\":{\"@type\":\"EntryPoint\",\"urlTemplate\":\"https:\/\/longchangchemical.com\/?s={search_term_string}\"},\"query-input\":{\"@type\":\"PropertyValueSpecification\",\"valueRequired\":true,\"valueName\":\"search_term_string\"}}],\"inLanguage\":\"tr\"},{\"@type\":\"Organization\",\"@id\":\"https:\/\/longchangchemical.com\/#organization\",\"name\":\"Longchang Chemical\",\"url\":\"https:\/\/longchangchemical.com\/\",\"logo\":{\"@type\":\"ImageObject\",\"inLanguage\":\"tr\",\"@id\":\"https:\/\/longchangchemical.com\/#\/schema\/logo\/image\/\",\"url\":\"https:\/\/longchangchemical.com\/wp-content\/uploads\/2020\/08\/cropped-longchang-logo.png\",\"contentUrl\":\"https:\/\/longchangchemical.com\/wp-content\/uploads\/2020\/08\/cropped-longchang-logo.png\",\"width\":512,\"height\":512,\"caption\":\"Longchang Chemical\"},\"image\":{\"@id\":\"https:\/\/longchangchemical.com\/#\/schema\/logo\/image\/\"}}]}<\/script>\n<!-- \/ Yoast SEO plugin. -->","yoast_head_json":{"title":"\u00c7in Floresan Parlat\u0131c\u0131 378 \u00fcretici ve tedarik\u00e7i - Longchang chemical","description":"Longchang kimyasal bir \u00c7in floresan Parlat\u0131c\u0131 378 CAS 40470-68-6 \u00fcretici ve tedarik\u00e7i, biz en iyi floresan Parlat\u0131c\u0131 378 fiyat sa\u011flayabilir. Di\u011fer Ad\u0131: 4,4\u2032-Bis (2-Metoksistiril) bifenil \/ Floresan Parlat\u0131c\u0131 CBS-127","robots":{"index":"index","follow":"follow","max-snippet":"max-snippet:-1","max-image-preview":"max-image-preview:large","max-video-preview":"max-video-preview:-1"},"canonical":"https:\/\/longchangchemical.com\/tr\/product\/fluorescent-brightener-378-cas-40470-68-6\/","og_locale":"tr_TR","og_type":"article","og_title":"China fluorescent Brightener 378 manufacturer and supplier - Longchang chemical","og_description":"Longchang chemical is a China fluorescent Brightener 378 CAS 40470-68-6 manufacturer and supplier, we can provide the best fluorescent Brightener 378 price. Other Name: 4,4\u2032-Bis(2-Methoxystyryl)biphenyl \/ Fluorescent Brightener CBS-127","og_url":"https:\/\/longchangchemical.com\/tr\/product\/fluorescent-brightener-378-cas-40470-68-6\/","og_site_name":"Longchang Chemical","article_modified_time":"2025-04-01T07:41:55+00:00","og_image":[{"width":600,"height":800,"url":"https:\/\/longchangchemical.com\/wp-content\/uploads\/2020\/09\/fluorescent-Brightener-378-Appearance.jpg","type":"image\/jpeg"}],"twitter_card":"summary_large_image","schema":{"@context":"https:\/\/schema.org","@graph":[{"@type":"WebPage","@id":"https:\/\/longchangchemical.com\/product\/fluorescent-brightener-378-cas-40470-68-6\/","url":"https:\/\/longchangchemical.com\/product\/fluorescent-brightener-378-cas-40470-68-6\/","name":"\u00c7in Floresan Parlat\u0131c\u0131 378 \u00fcretici ve tedarik\u00e7i - Longchang chemical","isPartOf":{"@id":"https:\/\/longchangchemical.com\/#website"},"primaryImageOfPage":{"@id":"https:\/\/longchangchemical.com\/product\/fluorescent-brightener-378-cas-40470-68-6\/#primaryimage"},"image":{"@id":"https:\/\/longchangchemical.com\/product\/fluorescent-brightener-378-cas-40470-68-6\/#primaryimage"},"thumbnailUrl":"https:\/\/longchangchemical.com\/wp-content\/uploads\/2020\/09\/fluorescent-Brightener-378-Appearance.jpg","datePublished":"2020-09-17T01:37:23+00:00","dateModified":"2025-04-01T07:41:55+00:00","description":"Longchang kimyasal bir \u00c7in floresan Parlat\u0131c\u0131 378 CAS 40470-68-6 \u00fcretici ve tedarik\u00e7i, biz en iyi floresan Parlat\u0131c\u0131 378 fiyat sa\u011flayabilir. Di\u011fer Ad\u0131: 4,4\u2032-Bis (2-Metoksistiril) bifenil \/ Floresan Parlat\u0131c\u0131 CBS-127","breadcrumb":{"@id":"https:\/\/longchangchemical.com\/product\/fluorescent-brightener-378-cas-40470-68-6\/#breadcrumb"},"inLanguage":"tr","potentialAction":[{"@type":"ReadAction","target":["https:\/\/longchangchemical.com\/product\/fluorescent-brightener-378-cas-40470-68-6\/"]}]},{"@type":"ImageObject","inLanguage":"tr","@id":"https:\/\/longchangchemical.com\/product\/fluorescent-brightener-378-cas-40470-68-6\/#primaryimage","url":"https:\/\/longchangchemical.com\/wp-content\/uploads\/2020\/09\/fluorescent-Brightener-378-Appearance.jpg","contentUrl":"https:\/\/longchangchemical.com\/wp-content\/uploads\/2020\/09\/fluorescent-Brightener-378-Appearance.jpg","width":600,"height":800,"caption":"fluorescent Brightener 378 Appearance"},{"@type":"BreadcrumbList","@id":"https:\/\/longchangchemical.com\/product\/fluorescent-brightener-378-cas-40470-68-6\/#breadcrumb","itemListElement":[{"@type":"ListItem","position":1,"name":"Home","item":"https:\/\/longchangchemical.com\/"},{"@type":"ListItem","position":2,"name":"Products Longchang","item":"https:\/\/longchangchemical.com\/product\/"},{"@type":"ListItem","position":3,"name":"CHLUMIPHOR\u00ae FP-127 \/ fluorescent Brightener 378 CAS 40470-68-6"}]},{"@type":"WebSite","@id":"https:\/\/longchangchemical.com\/#website","url":"https:\/\/longchangchemical.com\/","name":"Longchang Kimya","description":"\u00c7in kimyasal \u00fcreticisi \uff06 tedarik\u00e7isi","publisher":{"@id":"https:\/\/longchangchemical.com\/#organization"},"potentialAction":[{"@type":"SearchAction","target":{"@type":"EntryPoint","urlTemplate":"https:\/\/longchangchemical.com\/?s={search_term_string}"},"query-input":{"@type":"PropertyValueSpecification","valueRequired":true,"valueName":"search_term_string"}}],"inLanguage":"tr"},{"@type":"Organization","@id":"https:\/\/longchangchemical.com\/#organization","name":"Longchang Kimya","url":"https:\/\/longchangchemical.com\/","logo":{"@type":"ImageObject","inLanguage":"tr","@id":"https:\/\/longchangchemical.com\/#\/schema\/logo\/image\/","url":"https:\/\/longchangchemical.com\/wp-content\/uploads\/2020\/08\/cropped-longchang-logo.png","contentUrl":"https:\/\/longchangchemical.com\/wp-content\/uploads\/2020\/08\/cropped-longchang-logo.png","width":512,"height":512,"caption":"Longchang Chemical"},"image":{"@id":"https:\/\/longchangchemical.com\/#\/schema\/logo\/image\/"}}]}},"_links":{"self":[{"href":"https:\/\/longchangchemical.com\/tr\/wp-json\/wp\/v2\/product\/3245","targetHints":{"allow":["GET"]}}],"collection":[{"href":"https:\/\/longchangchemical.com\/tr\/wp-json\/wp\/v2\/product"}],"about":[{"href":"https:\/\/longchangchemical.com\/tr\/wp-json\/wp\/v2\/types\/product"}],"replies":[{"embeddable":true,"href":"https:\/\/longchangchemical.com\/tr\/wp-json\/wp\/v2\/comments?post=3245"}],"wp:featuredmedia":[{"embeddable":true,"href":"https:\/\/longchangchemical.com\/tr\/wp-json\/wp\/v2\/media\/3247"}],"wp:attachment":[{"href":"https:\/\/longchangchemical.com\/tr\/wp-json\/wp\/v2\/media?parent=3245"}],"wp:term":[{"taxonomy":"product_brand","embeddable":true,"href":"https:\/\/longchangchemical.com\/tr\/wp-json\/wp\/v2\/product_brand?post=3245"},{"taxonomy":"product_cat","embeddable":true,"href":"https:\/\/longchangchemical.com\/tr\/wp-json\/wp\/v2\/product_cat?post=3245"},{"taxonomy":"product_tag","embeddable":true,"href":"https:\/\/longchangchemical.com\/tr\/wp-json\/wp\/v2\/product_tag?post=3245"}],"curies":[{"name":"wp","href":"https:\/\/api.w.org\/{rel}","templated":true}]}}