{"id":3109,"date":"2020-09-05T06:04:18","date_gmt":"2020-09-05T06:04:18","guid":{"rendered":"https:\/\/longchangchemical.com\/?post_type=product&#038;p=3109"},"modified":"2025-04-01T07:42:12","modified_gmt":"2025-04-01T07:42:12","slug":"optical-brightener-ob-1-cas-1533-45-5","status":"publish","type":"product","link":"https:\/\/longchangchemical.com\/tr\/product\/optical-brightener-ob-1-cas-1533-45-5\/","title":{"rendered":"CHLUMIPHOR\u00ae OB-1 \/ Optik parlat\u0131c\u0131 OB-1 CAS 1533-45-5"},"content":{"rendered":"<h2><strong><b>Optik parlat\u0131c\u0131 OB-1 Tipik \u00d6zellikler<\/b><\/strong><\/h2>\n<table>\n<tbody>\n<tr>\n<td>\u00d6\u011fe<\/td>\n<td>Teknik \u00d6zellikler<\/td>\n<\/tr>\n<tr>\n<td>G\u00f6r\u00fcn\u00fc\u015f<\/td>\n<td>Hafif ye\u015filimsi sar\u0131 toz<\/td>\n<\/tr>\n<tr>\n<td>\u0130\u00e7erik (HPLC)<\/td>\n<td>98~98.5%<\/td>\n<\/tr>\n<tr>\n<td>Erime noktas\u0131<\/td>\n<td>352~358\u2103<\/td>\n<\/tr>\n<tr>\n<td>K\u00fcl i\u00e7eri\u011fi<\/td>\n<td>\u22660,5%<\/td>\n<\/tr>\n<tr>\n<td>U\u00e7ucu madde<\/td>\n<td>\u22660,5%<\/td>\n<\/tr>\n<\/tbody>\n<\/table>\n<h2 class=\"blog-entry-title text-center\" style=\"text-align: left;\"><span style=\"color: #00ffff;\"><a style=\"color: #00ffff;\" href=\"https:\/\/longchangchemical.com\/tr\/what-is-the-difference-between-optical-brightener-ob-and-optical-brightener-ob-1\/\">Optik parlat\u0131c\u0131 OB ile Optik parlat\u0131c\u0131 OB-1 aras\u0131ndaki fark nedir?<\/a><\/span><\/h2>\n<p><strong>Optik parlat\u0131c\u0131 OB ve Optik parlat\u0131c\u0131 OB-1 tamamen farkl\u0131 kimyasallard\u0131r, farklar\u0131n\u0131 g\u00f6rmek i\u00e7in yukar\u0131daki linke t\u0131klayabilirsiniz.<\/strong><\/p>\n<h2><strong><b>Optik parlat\u0131c\u0131 OB-1 Kullan\u0131m\u0131<\/b><\/strong><\/h2>\n<p>1. Optik Parlat\u0131c\u0131 OB-1 polyester elyaf, naylon elyaf ve polipropilen elyaf\u0131 beyazlatmak i\u00e7in kullan\u0131labilir.<\/p>\n<p>2. Optik Parlat\u0131c\u0131 OB-1, polipropilen plastik, sert PVC, ABS, EVA, polistiren ve Makrolon'u beyazlatmak i\u00e7in kullan\u0131labilir.<\/p>\n<p>3. Optik Parlat\u0131c\u0131 OB-1 polyester ve naylon i\u00e7in kullan\u0131labilir.<\/p>\n<p>4. Optik parlat\u0131c\u0131 OB-1 ayr\u0131ca ABS, PS, HIPS, PA, PC, PP, EVA ve sert PVC gibi plastikleri beyazlatmak i\u00e7in de kullan\u0131labilir. OB-1'in naylon elyaf, naylon ve polyestere eklenmesi de beyazlatma derecesini \u00f6nemli \u00f6l\u00e7\u00fcde art\u0131racakt\u0131r.<\/p>\n<p>5. Optik parlat\u0131c\u0131 OB-1, geri d\u00f6n\u00fc\u015ft\u00fcr\u00fclm\u00fc\u015f polyester elyaf at\u0131klar\u0131na, \u015fi\u015fe malzemesine ve tala\u015flara OB-1 ekler, geri d\u00f6n\u00fc\u015ft\u00fcr\u00fclm\u00fc\u015f malzeme daha beyaz g\u00f6r\u00fcnecek ve farkl\u0131 geri d\u00f6n\u00fc\u015ft\u00fcr\u00fclm\u00fc\u015f malzemelerin kromatikli\u011fi daha tutarl\u0131 hale gelecektir.<\/p>\n<h2><strong><b>Optik parlat\u0131c\u0131 OB-1 \u00d6zellikleri<\/b><\/strong><\/h2>\n<p>1. Y\u00fcksek beyazlatma g\u00fcc\u00fc ve g\u00fc\u00e7l\u00fc floresan.<\/p>\n<p>2. Geni\u015f uygulama alan\u0131: polyester, naylon elyaf ve \u00e7e\u015fitli plastikler.<\/p>\n<p>3. Optik parlat\u0131c\u0131 OB-1 \u00f6zellikle y\u00fcksek s\u0131cakl\u0131klara dayan\u0131kl\u0131d\u0131r ve esas olarak s\u0131cak eriyik tampon boyama ile beyazlatma i\u00e7in kullan\u0131l\u0131r, polyester elyaflar\u0131n beyazlat\u0131lmas\u0131 ve polyester, pamuk ve di\u011fer elyaf kar\u0131\u015f\u0131ml\u0131 kuma\u015flar\u0131n beyazlat\u0131lmas\u0131 i\u00e7in uygundur.<\/p>\n<p>4. Optik parlat\u0131c\u0131 OB-1 m\u00fckemmel bir oksazol parlat\u0131c\u0131d\u0131r, suda \u00e7\u00f6z\u00fcnmez, performans\u0131 stabildir ve g\u00fcne\u015f \u0131\u015f\u0131\u011f\u0131na, klor a\u011fartmaya ve migrasyona kar\u015f\u0131 iyi bir dirence sahiptir.<\/p>\n<h2><strong><b>Optik parlat\u0131c\u0131 OB-1 Uygulama y\u00f6ntemi<\/b><\/strong><\/h2>\n<p>\u00d6nerilen dozaj: her 1000 kg malzeme i\u00e7in<br \/>\n1.EVA, polipropilen elyaf, naylon ve Makrolon: 75\uff5e200g<br \/>\n2. polyester elyaf: 75\uff5e300g<\/p>\n<h2><strong><b>Optik parlat\u0131c\u0131 OB-1 Paketleme ve Nakliye<\/b><\/strong><\/h2>\n<p>M\u00fc\u015fteri isteklerine g\u00f6re paketleme (25 kg) karton, ka\u011f\u0131t kova, ka\u011f\u0131t torbalar. M\u00fc\u015fteri isteklerine g\u00f6re paketleme. Kuru, karanl\u0131kta saklay\u0131n.<\/p>\n<p>&nbsp;<\/p>\n<h2><strong><b>\u015eimdi Bize Ula\u015f\u0131n!<\/b><\/strong><\/h2>\n<h4><strong><b>Fiyata ihtiyac\u0131n\u0131z varsa, l\u00fctfen a\u015fa\u011f\u0131daki forma ileti\u015fim bilgilerinizi doldurun, genellikle 24 saat i\u00e7inde sizinle ileti\u015fime ge\u00e7ece\u011fiz. Bana e-posta da g\u00f6nderebilirsiniz <span style=\"color: #0000ff;\"><a style=\"color: #0000ff;\" href=\"mailto:info@longchangchemical.com\">info@longchangchemical.com<\/a><\/span> \u00c7al\u0131\u015fma saatleri i\u00e7inde (8:30 - 6:00 UTC+8 Pzt.~Sat.) veya h\u0131zl\u0131 yan\u0131t almak i\u00e7in web sitesi canl\u0131 sohbetini kullan\u0131n.<\/b><\/strong><\/h4>\n<p><!--more--><\/p>\n<p>S\u00fcnger \u00fcr\u00fcnler neden sarar\u0131r? \u00c7\u00f6z\u00fcm nedir?<br \/>\nS\u00fcnger \u00fcr\u00fcnleri kullan\u0131m s\u0131ras\u0131nda \u00e7e\u015fitli nedenlerle sararabilir. \u0130\u015fte birka\u00e7 olas\u0131 neden:<\/p>\n<p>1, Oksidasyon: S\u00fcnger \u00fcr\u00fcnlerindeki malzemeler oksijenle temas etti\u011finde, s\u00fcngerin sararmas\u0131na neden olan bir oksidasyon reaksiyonu meydana gelebilir. Bu genellikle s\u00fcngerdeki polimer malzemenin havadaki oksijenle reaksiyona girerek renk de\u011fi\u015fimine yol a\u00e7mas\u0131ndan kaynaklan\u0131r.<\/p>\n<p>2, Kir ve kirleticiler: S\u00fcnger \u00fcr\u00fcnleri genellikle y\u00fczeyleri temizlemek ve silmek i\u00e7in kullan\u0131l\u0131r ve bu nedenle \u00e7e\u015fitli kir ve kirleticilerle temas eder. Bu kirler s\u00fcngerin liflerine n\u00fcfuz edebilir ve tamamen temizlenmesi zordur. Zamanla kir birikebilir ve s\u00fcngerin sararmas\u0131na neden olabilir.<\/p>\n<p>3, g\u00fcne\u015f \u0131\u015f\u0131\u011f\u0131 ve UV maruziyeti: s\u00fcnger \u00fcr\u00fcnleri uzun s\u00fcre g\u00fcne\u015f \u0131\u015f\u0131\u011f\u0131na veya UV radyasyonuna maruz kald\u0131\u011f\u0131nda, malzemedeki baz\u0131 bile\u015fenler fotokimyasal bir reaksiyona girebilir. Bu reaksiyon molek\u00fcler yap\u0131da de\u011fi\u015fikliklere yol a\u00e7arak s\u00fcngeri sar\u0131 hale getirebilir.<\/p>\n<p>4, kimyasal reaksiyon: baz\u0131 s\u00fcnger \u00fcr\u00fcnleri belirli kimyasallara kar\u015f\u0131 hassas olabilir ve temas\u0131 sararmaya neden olacak \u015fekilde reaksiyona girebilir. Bu kimyasallar deterjan, \u00e7ama\u015f\u0131r suyu, boya veya di\u011fer kimyasallar\u0131 i\u00e7erebilir.<\/p>\n<p>5, uygunsuz depolama ve bak\u0131m: S\u00fcnger \u00fcr\u00fcnleri uygun \u015fekilde saklanmaz ve bak\u0131m\u0131 yap\u0131lmazsa, \u00f6rne\u011fin uzun s\u00fcre neme maruz kal\u0131rsa veya di\u011fer renkli maddelerle birlikte saklan\u0131rsa, s\u00fcngerin sararmas\u0131na neden olabilir.<\/p>\n<p>S\u00fcnger \u00fcr\u00fcnlerinin sararmas\u0131n\u0131n performanslar\u0131n\u0131n veya i\u015flevlerinin bozuldu\u011fu anlam\u0131na gelmedi\u011fi, ancak g\u00f6r\u00fcn\u00fcm\u00fc etkileyebilece\u011fi unutulmamal\u0131d\u0131r. S\u00fcnger \u00fcr\u00fcnlerinin orijinal rengini korumak istiyorsan\u0131z, d\u00fczenli olarak temizlemeli ve bak\u0131m\u0131n\u0131 yapmal\u0131 ve sararmaya neden olabilecek maddelerle temastan ka\u00e7\u0131nmal\u0131s\u0131n\u0131z.<\/p>\n<p>&nbsp;<\/p>\n<p>\u00c7\u00f6z\u00fcm: S\u00fcngerin rengini korumaya yard\u0131mc\u0131 olabilecek bir \u00fcr\u00fcn olan s\u00fcnger sararma \u00f6nleyici kullanarak s\u00fcngerlerin sararmas\u0131n\u0131 \u00f6nleyebilirsiniz:<\/p>\n<p>1, do\u011fru s\u00fcnger sararma \u00f6nleyici maddeyi se\u00e7in: piyasada farkl\u0131 s\u00fcnger sararma \u00f6nleyici madde t\u00fcrleri mevcuttur. S\u00fcnger tipiniz ve uygulaman\u0131z i\u00e7in uygun \u00fcr\u00fcn\u00fc se\u00e7ti\u011finizden emin olun. Uygulanabilir ko\u015fullar ve kullan\u0131m i\u00e7in \u00fcr\u00fcn a\u00e7\u0131klamalar\u0131n\u0131 ve k\u0131lavuzlar\u0131n\u0131 okuyun.<\/p>\n<p>2, S\u00fcngerlerin \u00f6n i\u015flemi: S\u00fcngerler kullan\u0131lmadan \u00f6nce \u00f6n i\u015fleme tabi tutulabilir. S\u00fcngeri, \u00fcr\u00fcn talimatlar\u0131nda belirtilen s\u00fcre boyunca uygun miktarda s\u00fcnger sararma \u00f6nleyici madde ile kar\u0131\u015ft\u0131r\u0131lm\u0131\u015f \u0131l\u0131k suda bekletin. \u00d6n i\u015flem, s\u00fcngerin \u00f6nceden sararmas\u0131n\u0131 \u00f6nlemeye yard\u0131mc\u0131 olabilir.<\/p>\n<p>3, D\u00fczenli Temizlik ve Bak\u0131m: S\u00fcngerin d\u00fczenli olarak temizlenmesi sararman\u0131n \u00f6nlenmesinde \u00f6nemli bir ad\u0131md\u0131r. S\u00fcngerin y\u00fczeyini ve liflerini iyice temizlemek i\u00e7in \u0131l\u0131k su ve yumu\u015fak bir deterjan kullan\u0131n. S\u00fcngerin rengine ve dokusuna zarar verebilecek a\u011fart\u0131c\u0131 veya g\u00fc\u00e7l\u00fc asitler ve alkaliler i\u00e7eren temizlik maddelerinden ka\u00e7\u0131n\u0131n.<\/p>\n<p>4, kirleticilerden ve kimyasallardan ka\u00e7\u0131n\u0131n: S\u00fcngerlerin sararmaya neden olabilecek kirletici maddeler ve kimyasallarla temas etmesini \u00f6nlemeye \u00e7al\u0131\u015f\u0131n. S\u00fcngeri g\u00fc\u00e7l\u00fc pigmentler veya boyalar i\u00e7eren e\u015fyalar\u0131 temizlemek i\u00e7in kullanmaktan ka\u00e7\u0131n\u0131n. Ayr\u0131ca, s\u00fcnger ile \u00e7ama\u015f\u0131r suyu veya di\u011fer zararl\u0131 kimyasallar i\u00e7eren e\u015fyalar aras\u0131nda temastan ka\u00e7\u0131n\u0131n.<\/p>\n<p>5, Uygun Depolama: S\u00fcngerleri kuru, iyi havaland\u0131r\u0131lan ve do\u011frudan g\u00fcne\u015f \u0131\u015f\u0131\u011f\u0131ndan uzak bir yerde saklay\u0131n. K\u00fcflenmeyi ve sararmay\u0131 \u00f6nlemek i\u00e7in s\u00fcngeri neme maruz b\u0131rakmaktan ka\u00e7\u0131n\u0131n.<\/p>\n<p>6, S\u00fcngeri d\u00fczenli olarak de\u011fi\u015ftirin: Ne kadar dikkatli bak\u0131m \u00f6nlemleri al\u0131n\u0131rsa al\u0131ns\u0131n, s\u00fcnger zamanla y\u0131pranacak ve eskiyecektir. S\u00fcngerlerinizin durumunu d\u00fczenli olarak kontrol edin ve temiz kalmalar\u0131n\u0131 ve iyi g\u00f6r\u00fcnmelerini sa\u011flamak i\u00e7in de\u011fi\u015ftirilmesi gerekenleri zaman\u0131nda de\u011fi\u015ftirin.<\/p>\n<p>S\u00fcnger sararmas\u0131n\u0131 \u00f6nleyici maddelerin kullan\u0131m\u0131n\u0131n s\u00fcnger sararmas\u0131 olas\u0131l\u0131\u011f\u0131n\u0131 tamamen ortadan kald\u0131rmad\u0131\u011f\u0131n\u0131, ancak sararman\u0131n ba\u015flamas\u0131n\u0131 etkili bir \u015fekilde geciktirebilece\u011fini l\u00fctfen unutmay\u0131n. Ayr\u0131ca, s\u00fcnger sararma \u00f6nleyici maddeyi do\u011fru se\u00e7ip kulland\u0131\u011f\u0131n\u0131zdan ve \u00fcr\u00fcn talimatlar\u0131na uydu\u011funuzdan emin olun.<\/p>","protected":false},"excerpt":{"rendered":"<h1><strong><b>Optik parlat\u0131c\u0131 OB-1\u00a0<\/b><\/strong><\/h1>\n<p>Kimyasal Ad\u0131: Optik parlat\u0131c\u0131 OB-1<\/p>\n<p>Di\u011fer Ad\u0131: Floresan Parlat\u0131c\u0131 393; 4,4\u2032-Bis(2-benzoksazolil)stilben; Floresan parlat\u0131c\u0131 OB-1<\/p>\n<p>CAS No: 1533-45-5<\/p>\n<p>Molek\u00fcler Form\u00fcl: C28H18N2O2<\/p>\n<p>Molek\u00fcl a\u011f\u0131rl\u0131\u011f\u0131: 414,45<\/p>\n<p>Optik parlat\u0131c\u0131 OB-1 Yap\u0131s\u0131:<\/p>\n<p><img decoding=\"async\" class=\"size-medium wp-image-3111\" src=\"https:\/\/longchangchemical.com\/wp-content\/uploads\/2020\/09\/Optical-brightener-OB-1-Structure-300x50.png\" alt=\"Optik parlat\u0131c\u0131 OB-1 Yap\u0131s\u0131\" width=\"300\" height=\"50\" srcset=\"https:\/\/longchangchemical.com\/wp-content\/uploads\/2020\/09\/Optical-brightener-OB-1-Structure-300x50.png 300w, https:\/\/longchangchemical.com\/wp-content\/uploads\/2020\/09\/Optical-brightener-OB-1-Structure.png 365w\" sizes=\"(max-width: 300px) 100vw, 300px\" \/><\/p>\n<p>G\u00f6r\u00fcn\u00fc\u015f: Sar\u0131 ye\u015filimsi toz<\/p>\n<p>Tahlil: 99%<\/p>","protected":false},"featured_media":3110,"comment_status":"open","ping_status":"closed","template":"","meta":[],"product_brand":[],"product_cat":[140],"product_tag":[],"class_list":{"0":"post-3109","1":"product","2":"type-product","3":"status-publish","4":"has-post-thumbnail","6":"product_cat-chlumiphor-fluorescent-brightener","8":"first","9":"instock","10":"shipping-taxable","11":"product-type-simple"},"yoast_head":"<!-- This site is optimized with the Yoast SEO plugin v25.3.1 - https:\/\/yoast.com\/wordpress\/plugins\/seo\/ -->\n<title>China Optical brightener OB-1 manufacturer and supplier - Longchang chemical<\/title>\n<meta name=\"description\" content=\"Longchang chemical is a China Optical brightener OB-1 CAS 1533-45-5 manufacturer and supplier, we can provide the best Optical brightener OB-1 price. Other Name: Fluorescent Brightener 393 ; 4,4\u2032-Bis(2-benzoxazolyl)stilbene\" \/>\n<meta name=\"robots\" content=\"index, follow, max-snippet:-1, max-image-preview:large, max-video-preview:-1\" \/>\n<link rel=\"canonical\" href=\"https:\/\/longchangchemical.com\/tr\/product\/optical-brightener-ob-1-cas-1533-45-5\/\" \/>\n<meta property=\"og:locale\" content=\"tr_TR\" \/>\n<meta property=\"og:type\" content=\"article\" \/>\n<meta property=\"og:title\" content=\"China Optical brightener OB-1 manufacturer and supplier - Longchang chemical\" \/>\n<meta property=\"og:description\" content=\"Longchang chemical is a China Optical brightener OB-1 CAS 1533-45-5 manufacturer and supplier, we can provide the best Optical brightener OB-1 price. Other Name: Fluorescent Brightener 393 ; 4,4\u2032-Bis(2-benzoxazolyl)stilbene\" \/>\n<meta property=\"og:url\" content=\"https:\/\/longchangchemical.com\/tr\/product\/optical-brightener-ob-1-cas-1533-45-5\/\" \/>\n<meta property=\"og:site_name\" content=\"Longchang Chemical\" \/>\n<meta property=\"article:modified_time\" content=\"2025-04-01T07:42:12+00:00\" \/>\n<meta property=\"og:image\" content=\"https:\/\/longchangchemical.com\/wp-content\/uploads\/2020\/09\/Optical-brightener-OB-1-appearance.jpg\" \/>\n\t<meta property=\"og:image:width\" content=\"900\" \/>\n\t<meta property=\"og:image:height\" content=\"1200\" \/>\n\t<meta property=\"og:image:type\" content=\"image\/jpeg\" \/>\n<meta name=\"twitter:card\" content=\"summary_large_image\" \/>\n<script type=\"application\/ld+json\" class=\"yoast-schema-graph\">{\"@context\":\"https:\/\/schema.org\",\"@graph\":[{\"@type\":\"WebPage\",\"@id\":\"https:\/\/longchangchemical.com\/product\/optical-brightener-ob-1-cas-1533-45-5\/\",\"url\":\"https:\/\/longchangchemical.com\/product\/optical-brightener-ob-1-cas-1533-45-5\/\",\"name\":\"China Optical brightener OB-1 manufacturer and supplier - Longchang chemical\",\"isPartOf\":{\"@id\":\"https:\/\/longchangchemical.com\/#website\"},\"primaryImageOfPage\":{\"@id\":\"https:\/\/longchangchemical.com\/product\/optical-brightener-ob-1-cas-1533-45-5\/#primaryimage\"},\"image\":{\"@id\":\"https:\/\/longchangchemical.com\/product\/optical-brightener-ob-1-cas-1533-45-5\/#primaryimage\"},\"thumbnailUrl\":\"https:\/\/longchangchemical.com\/wp-content\/uploads\/2020\/09\/Optical-brightener-OB-1-appearance.jpg\",\"datePublished\":\"2020-09-05T06:04:18+00:00\",\"dateModified\":\"2025-04-01T07:42:12+00:00\",\"description\":\"Longchang chemical is a China Optical brightener OB-1 CAS 1533-45-5 manufacturer and supplier, we can provide the best Optical brightener OB-1 price. Other Name: Fluorescent Brightener 393 ; 4,4\u2032-Bis(2-benzoxazolyl)stilbene\",\"breadcrumb\":{\"@id\":\"https:\/\/longchangchemical.com\/product\/optical-brightener-ob-1-cas-1533-45-5\/#breadcrumb\"},\"inLanguage\":\"tr\",\"potentialAction\":[{\"@type\":\"ReadAction\",\"target\":[\"https:\/\/longchangchemical.com\/product\/optical-brightener-ob-1-cas-1533-45-5\/\"]}]},{\"@type\":\"ImageObject\",\"inLanguage\":\"tr\",\"@id\":\"https:\/\/longchangchemical.com\/product\/optical-brightener-ob-1-cas-1533-45-5\/#primaryimage\",\"url\":\"https:\/\/longchangchemical.com\/wp-content\/uploads\/2020\/09\/Optical-brightener-OB-1-appearance.jpg\",\"contentUrl\":\"https:\/\/longchangchemical.com\/wp-content\/uploads\/2020\/09\/Optical-brightener-OB-1-appearance.jpg\",\"width\":900,\"height\":1200,\"caption\":\"Optical brightener OB-1 appearance\"},{\"@type\":\"BreadcrumbList\",\"@id\":\"https:\/\/longchangchemical.com\/product\/optical-brightener-ob-1-cas-1533-45-5\/#breadcrumb\",\"itemListElement\":[{\"@type\":\"ListItem\",\"position\":1,\"name\":\"Home\",\"item\":\"https:\/\/longchangchemical.com\/\"},{\"@type\":\"ListItem\",\"position\":2,\"name\":\"Products Longchang\",\"item\":\"https:\/\/longchangchemical.com\/product\/\"},{\"@type\":\"ListItem\",\"position\":3,\"name\":\"CHLUMIPHOR\u00ae OB-1 \/ Optical brightener OB-1 CAS 1533-45-5\"}]},{\"@type\":\"WebSite\",\"@id\":\"https:\/\/longchangchemical.com\/#website\",\"url\":\"https:\/\/longchangchemical.com\/\",\"name\":\"Longchang Chemical\",\"description\":\"China chemical manufacturer \uff06 supplier\",\"publisher\":{\"@id\":\"https:\/\/longchangchemical.com\/#organization\"},\"potentialAction\":[{\"@type\":\"SearchAction\",\"target\":{\"@type\":\"EntryPoint\",\"urlTemplate\":\"https:\/\/longchangchemical.com\/?s={search_term_string}\"},\"query-input\":{\"@type\":\"PropertyValueSpecification\",\"valueRequired\":true,\"valueName\":\"search_term_string\"}}],\"inLanguage\":\"tr\"},{\"@type\":\"Organization\",\"@id\":\"https:\/\/longchangchemical.com\/#organization\",\"name\":\"Longchang Chemical\",\"url\":\"https:\/\/longchangchemical.com\/\",\"logo\":{\"@type\":\"ImageObject\",\"inLanguage\":\"tr\",\"@id\":\"https:\/\/longchangchemical.com\/#\/schema\/logo\/image\/\",\"url\":\"https:\/\/longchangchemical.com\/wp-content\/uploads\/2020\/08\/cropped-longchang-logo.png\",\"contentUrl\":\"https:\/\/longchangchemical.com\/wp-content\/uploads\/2020\/08\/cropped-longchang-logo.png\",\"width\":512,\"height\":512,\"caption\":\"Longchang Chemical\"},\"image\":{\"@id\":\"https:\/\/longchangchemical.com\/#\/schema\/logo\/image\/\"}}]}<\/script>\n<!-- \/ Yoast SEO plugin. -->","yoast_head_json":{"title":"\u00c7in Optik parlat\u0131c\u0131 OB-1 \u00fcretici ve tedarik\u00e7i - Longchang chemical","description":"Longchang kimyasal bir \u00c7in Optik parlat\u0131c\u0131 OB-1 CAS 1533-45-5 \u00fcretici ve tedarik\u00e7i, biz en iyi Optik parlat\u0131c\u0131 OB-1 fiyat sa\u011flayabilir. Di\u011fer Ad\u0131: Floresan Parlat\u0131c\u0131 393; 4,4\u2032-Bis (2-benzoksazolil) stilben","robots":{"index":"index","follow":"follow","max-snippet":"max-snippet:-1","max-image-preview":"max-image-preview:large","max-video-preview":"max-video-preview:-1"},"canonical":"https:\/\/longchangchemical.com\/tr\/product\/optical-brightener-ob-1-cas-1533-45-5\/","og_locale":"tr_TR","og_type":"article","og_title":"China Optical brightener OB-1 manufacturer and supplier - Longchang chemical","og_description":"Longchang chemical is a China Optical brightener OB-1 CAS 1533-45-5 manufacturer and supplier, we can provide the best Optical brightener OB-1 price. Other Name: Fluorescent Brightener 393 ; 4,4\u2032-Bis(2-benzoxazolyl)stilbene","og_url":"https:\/\/longchangchemical.com\/tr\/product\/optical-brightener-ob-1-cas-1533-45-5\/","og_site_name":"Longchang Chemical","article_modified_time":"2025-04-01T07:42:12+00:00","og_image":[{"width":900,"height":1200,"url":"https:\/\/longchangchemical.com\/wp-content\/uploads\/2020\/09\/Optical-brightener-OB-1-appearance.jpg","type":"image\/jpeg"}],"twitter_card":"summary_large_image","schema":{"@context":"https:\/\/schema.org","@graph":[{"@type":"WebPage","@id":"https:\/\/longchangchemical.com\/product\/optical-brightener-ob-1-cas-1533-45-5\/","url":"https:\/\/longchangchemical.com\/product\/optical-brightener-ob-1-cas-1533-45-5\/","name":"\u00c7in Optik parlat\u0131c\u0131 OB-1 \u00fcretici ve tedarik\u00e7i - Longchang chemical","isPartOf":{"@id":"https:\/\/longchangchemical.com\/#website"},"primaryImageOfPage":{"@id":"https:\/\/longchangchemical.com\/product\/optical-brightener-ob-1-cas-1533-45-5\/#primaryimage"},"image":{"@id":"https:\/\/longchangchemical.com\/product\/optical-brightener-ob-1-cas-1533-45-5\/#primaryimage"},"thumbnailUrl":"https:\/\/longchangchemical.com\/wp-content\/uploads\/2020\/09\/Optical-brightener-OB-1-appearance.jpg","datePublished":"2020-09-05T06:04:18+00:00","dateModified":"2025-04-01T07:42:12+00:00","description":"Longchang kimyasal bir \u00c7in Optik parlat\u0131c\u0131 OB-1 CAS 1533-45-5 \u00fcretici ve tedarik\u00e7i, biz en iyi Optik parlat\u0131c\u0131 OB-1 fiyat sa\u011flayabilir. Di\u011fer Ad\u0131: Floresan Parlat\u0131c\u0131 393; 4,4\u2032-Bis (2-benzoksazolil) stilben","breadcrumb":{"@id":"https:\/\/longchangchemical.com\/product\/optical-brightener-ob-1-cas-1533-45-5\/#breadcrumb"},"inLanguage":"tr","potentialAction":[{"@type":"ReadAction","target":["https:\/\/longchangchemical.com\/product\/optical-brightener-ob-1-cas-1533-45-5\/"]}]},{"@type":"ImageObject","inLanguage":"tr","@id":"https:\/\/longchangchemical.com\/product\/optical-brightener-ob-1-cas-1533-45-5\/#primaryimage","url":"https:\/\/longchangchemical.com\/wp-content\/uploads\/2020\/09\/Optical-brightener-OB-1-appearance.jpg","contentUrl":"https:\/\/longchangchemical.com\/wp-content\/uploads\/2020\/09\/Optical-brightener-OB-1-appearance.jpg","width":900,"height":1200,"caption":"Optical brightener OB-1 appearance"},{"@type":"BreadcrumbList","@id":"https:\/\/longchangchemical.com\/product\/optical-brightener-ob-1-cas-1533-45-5\/#breadcrumb","itemListElement":[{"@type":"ListItem","position":1,"name":"Home","item":"https:\/\/longchangchemical.com\/"},{"@type":"ListItem","position":2,"name":"Products Longchang","item":"https:\/\/longchangchemical.com\/product\/"},{"@type":"ListItem","position":3,"name":"CHLUMIPHOR\u00ae OB-1 \/ Optical brightener OB-1 CAS 1533-45-5"}]},{"@type":"WebSite","@id":"https:\/\/longchangchemical.com\/#website","url":"https:\/\/longchangchemical.com\/","name":"Longchang Kimya","description":"\u00c7in kimyasal \u00fcreticisi \uff06 tedarik\u00e7isi","publisher":{"@id":"https:\/\/longchangchemical.com\/#organization"},"potentialAction":[{"@type":"SearchAction","target":{"@type":"EntryPoint","urlTemplate":"https:\/\/longchangchemical.com\/?s={search_term_string}"},"query-input":{"@type":"PropertyValueSpecification","valueRequired":true,"valueName":"search_term_string"}}],"inLanguage":"tr"},{"@type":"Organization","@id":"https:\/\/longchangchemical.com\/#organization","name":"Longchang Kimya","url":"https:\/\/longchangchemical.com\/","logo":{"@type":"ImageObject","inLanguage":"tr","@id":"https:\/\/longchangchemical.com\/#\/schema\/logo\/image\/","url":"https:\/\/longchangchemical.com\/wp-content\/uploads\/2020\/08\/cropped-longchang-logo.png","contentUrl":"https:\/\/longchangchemical.com\/wp-content\/uploads\/2020\/08\/cropped-longchang-logo.png","width":512,"height":512,"caption":"Longchang Chemical"},"image":{"@id":"https:\/\/longchangchemical.com\/#\/schema\/logo\/image\/"}}]}},"_links":{"self":[{"href":"https:\/\/longchangchemical.com\/tr\/wp-json\/wp\/v2\/product\/3109","targetHints":{"allow":["GET"]}}],"collection":[{"href":"https:\/\/longchangchemical.com\/tr\/wp-json\/wp\/v2\/product"}],"about":[{"href":"https:\/\/longchangchemical.com\/tr\/wp-json\/wp\/v2\/types\/product"}],"replies":[{"embeddable":true,"href":"https:\/\/longchangchemical.com\/tr\/wp-json\/wp\/v2\/comments?post=3109"}],"wp:featuredmedia":[{"embeddable":true,"href":"https:\/\/longchangchemical.com\/tr\/wp-json\/wp\/v2\/media\/3110"}],"wp:attachment":[{"href":"https:\/\/longchangchemical.com\/tr\/wp-json\/wp\/v2\/media?parent=3109"}],"wp:term":[{"taxonomy":"product_brand","embeddable":true,"href":"https:\/\/longchangchemical.com\/tr\/wp-json\/wp\/v2\/product_brand?post=3109"},{"taxonomy":"product_cat","embeddable":true,"href":"https:\/\/longchangchemical.com\/tr\/wp-json\/wp\/v2\/product_cat?post=3109"},{"taxonomy":"product_tag","embeddable":true,"href":"https:\/\/longchangchemical.com\/tr\/wp-json\/wp\/v2\/product_tag?post=3109"}],"curies":[{"name":"wp","href":"https:\/\/api.w.org\/{rel}","templated":true}]}}