{"id":8265,"date":"2025-09-03T10:35:12","date_gmt":"2025-09-03T10:35:12","guid":{"rendered":"https:\/\/longchangchemical.com\/?post_type=product&#038;p=8265"},"modified":"2025-12-15T09:24:15","modified_gmt":"2025-12-15T09:24:15","slug":"chluminit-262-cas-100011-37-8","status":"publish","type":"product","link":"https:\/\/longchangchemical.com\/pt\/product\/chluminit-262-cas-100011-37-8\/","title":{"rendered":"CHLUMINIT\u00ae 262 \/ Fotoiniciador 262 CAS 100011-37-8"},"content":{"rendered":"<table width=\"548\">\n<tbody>\n<tr>\n<td width=\"112\">Nome qu\u00edmico<\/td>\n<td width=\"436\">h-cumeno)-(h-ciclopentadienil)ferro(II) hexafluoroantimonato<\/td>\n<\/tr>\n<tr>\n<td width=\"112\">CAS NO.<\/td>\n<td width=\"436\">100011-37-8<\/td>\n<\/tr>\n<tr>\n<td width=\"112\">Apar\u00eancia<\/td>\n<td width=\"436\">P\u00f3 amarelo<\/td>\n<\/tr>\n<tr>\n<td width=\"112\">Pureza<\/td>\n<td width=\"436\">\u226598%<\/td>\n<\/tr>\n<tr>\n<td width=\"112\">Ponto de fus\u00e3o<\/td>\n<td width=\"436\">83-85*0<\/td>\n<\/tr>\n<tr>\n<td width=\"112\">Pico de absor\u00e7\u00e3o<\/td>\n<td width=\"436\">300nm 390nm 450nm<\/td>\n<\/tr>\n<tr>\n<td rowspan=\"3\" width=\"112\">Vantagens<\/td>\n<td width=\"436\">1) Ampla faixa de absor\u00e7\u00e3o, pode curar sob luz vis\u00edvel<\/td>\n<\/tr>\n<tr>\n<td width=\"436\">2) Boa estabilidade t\u00e9rmica. Alta solubilidade<\/td>\n<\/tr>\n<tr>\n<td width=\"436\">3) Baixa volatilidade, odor suave e ecologicamente correto<\/td>\n<\/tr>\n<tr>\n<td width=\"112\">Aplicativo<\/td>\n<td width=\"436\">O fotoiniciador 262 pode curar sob luz vis\u00edvel e \u00e9 muito adequado para cura com LED, luz UV, raios X e laser. Usado principalmente em revestimento UV, tinta UV, fotorresiste, resist\u00eancia \u00e0 corros\u00e3o para PCB e assim por diante. Tamb\u00e9m \u00e9 adequado para fotopol\u00edmeros sol\u00faveis em \u00e1gua.<\/td>\n<\/tr>\n<\/tbody>\n<\/table>\n<h2><strong><b>Entre em contato conosco agora!<\/b><\/strong><\/h2>\n<h4><strong><b>Se precisar de pre\u00e7o ou teste de amostra, preencha suas informa\u00e7\u00f5es de contato no formul\u00e1rio abaixo. Normalmente, entraremos em contato dentro de 24 horas. Voc\u00ea tamb\u00e9m pode me enviar um e-mail <span style=\"color: #00ccff;\"><a style=\"color: #00ccff;\" href=\"mailto:info@longchangchemical.com\">info@longchangchemical.com<\/a><\/span>\u00a0durante o hor\u00e1rio comercial (das 8h30 \u00e0s 18h UTC+8 de segunda a s\u00e1bado) ou use o bate-papo ao vivo do site para obter uma resposta imediata.<\/b><\/strong><\/h4>","protected":false},"excerpt":{"rendered":"<p>Nome qu\u00edmico h-cumene)-(h-cyclopentadienyl)iron(II) hexafluoroantimonat CAS NO. 100011-37-8 Apar\u00eancia P\u00f3 amarelo Pureza \u226598% Ponto de fus\u00e3o 83-85*0 Pico de absor\u00e7\u00e3o 300nm 390nm 450nm Vantagens 1) Ampla faixa de absor\u00e7\u00e3o, pode curar sob luz vis\u00edvel 2) Boa estabilidade t\u00e9rmica. Alta solubilidade 3) Baixa volatilidade, odor suave e ecologicamente correto Aplica\u00e7\u00e3o O fotoiniciador 262 pode curar sob luz vis\u00edvel e \u00e9 muito adequado [...]<\/p>","protected":false},"featured_media":0,"comment_status":"closed","ping_status":"closed","template":"","meta":[],"product_brand":[],"product_cat":[175,174],"product_tag":[],"class_list":{"0":"post-8265","1":"product","2":"type-product","3":"status-publish","5":"product_cat-cationic-photoinitiator","6":"product_cat-photoinitiator","8":"first","9":"instock","10":"shipping-taxable","11":"product-type-simple"},"yoast_head":"<!-- This site is optimized with the Yoast SEO plugin v25.3.1 - https:\/\/yoast.com\/wordpress\/plugins\/seo\/ -->\n<title>China CHLUMINIT\u00ae 262 \/ Photoinitiator 262 CAS 100011-37-8 Manufacturer - Longchang Chemical<\/title>\n<meta name=\"description\" content=\"CHLUMINIT\u00ae 262 is a key product of Longchang Chemical. We provide the best price. We are the leading manufacturer in China with the best quality and competitive price.\" \/>\n<meta name=\"robots\" content=\"index, follow, max-snippet:-1, max-image-preview:large, max-video-preview:-1\" \/>\n<link rel=\"canonical\" href=\"https:\/\/longchangchemical.com\/pt\/product\/chluminit-262-cas-100011-37-8\/\" \/>\n<meta property=\"og:locale\" content=\"pt_BR\" \/>\n<meta property=\"og:type\" content=\"article\" \/>\n<meta property=\"og:title\" content=\"China CHLUMINIT\u00ae 262 \/ Photoinitiator 262 CAS 100011-37-8 Manufacturer - Longchang Chemical\" \/>\n<meta property=\"og:description\" content=\"CHLUMINIT\u00ae 262 is a key product of Longchang Chemical. We provide the best price. We are the leading manufacturer in China with the best quality and competitive price.\" \/>\n<meta property=\"og:url\" content=\"https:\/\/longchangchemical.com\/pt\/product\/chluminit-262-cas-100011-37-8\/\" \/>\n<meta property=\"og:site_name\" content=\"Longchang Chemical\" \/>\n<meta property=\"article:modified_time\" content=\"2025-12-15T09:24:15+00:00\" \/>\n<meta property=\"og:image\" content=\"https:\/\/longchangchemical.com\/wp-content\/uploads\/2024\/02\/logo-jpeg.jpg\" \/>\n\t<meta property=\"og:image:width\" content=\"1000\" \/>\n\t<meta property=\"og:image:height\" content=\"1000\" \/>\n\t<meta property=\"og:image:type\" content=\"image\/jpeg\" \/>\n<meta name=\"twitter:card\" content=\"summary_large_image\" \/>\n<script type=\"application\/ld+json\" class=\"yoast-schema-graph\">{\"@context\":\"https:\/\/schema.org\",\"@graph\":[{\"@type\":\"WebPage\",\"@id\":\"https:\/\/longchangchemical.com\/product\/chluminit-262-cas-100011-37-8\/\",\"url\":\"https:\/\/longchangchemical.com\/product\/chluminit-262-cas-100011-37-8\/\",\"name\":\"China CHLUMINIT\u00ae 262 \/ Photoinitiator 262 CAS 100011-37-8 Manufacturer - Longchang Chemical\",\"isPartOf\":{\"@id\":\"https:\/\/longchangchemical.com\/#website\"},\"datePublished\":\"2025-09-03T10:35:12+00:00\",\"dateModified\":\"2025-12-15T09:24:15+00:00\",\"description\":\"CHLUMINIT\u00ae 262 is a key product of Longchang Chemical. We provide the best price. We are the leading manufacturer in China with the best quality and competitive price.\",\"breadcrumb\":{\"@id\":\"https:\/\/longchangchemical.com\/product\/chluminit-262-cas-100011-37-8\/#breadcrumb\"},\"inLanguage\":\"pt-BR\",\"potentialAction\":[{\"@type\":\"ReadAction\",\"target\":[\"https:\/\/longchangchemical.com\/product\/chluminit-262-cas-100011-37-8\/\"]}]},{\"@type\":\"BreadcrumbList\",\"@id\":\"https:\/\/longchangchemical.com\/product\/chluminit-262-cas-100011-37-8\/#breadcrumb\",\"itemListElement\":[{\"@type\":\"ListItem\",\"position\":1,\"name\":\"Home\",\"item\":\"https:\/\/longchangchemical.com\/\"},{\"@type\":\"ListItem\",\"position\":2,\"name\":\"Products Longchang\",\"item\":\"https:\/\/longchangchemical.com\/product\/\"},{\"@type\":\"ListItem\",\"position\":3,\"name\":\"CHLUMINIT\u00ae 262 \/ Photoinitiator 262 CAS 100011-37-8\"}]},{\"@type\":\"WebSite\",\"@id\":\"https:\/\/longchangchemical.com\/#website\",\"url\":\"https:\/\/longchangchemical.com\/\",\"name\":\"Longchang Chemical\",\"description\":\"China chemical manufacturer \uff06 supplier\",\"publisher\":{\"@id\":\"https:\/\/longchangchemical.com\/#organization\"},\"potentialAction\":[{\"@type\":\"SearchAction\",\"target\":{\"@type\":\"EntryPoint\",\"urlTemplate\":\"https:\/\/longchangchemical.com\/?s={search_term_string}\"},\"query-input\":{\"@type\":\"PropertyValueSpecification\",\"valueRequired\":true,\"valueName\":\"search_term_string\"}}],\"inLanguage\":\"pt-BR\"},{\"@type\":\"Organization\",\"@id\":\"https:\/\/longchangchemical.com\/#organization\",\"name\":\"Longchang Chemical\",\"url\":\"https:\/\/longchangchemical.com\/\",\"logo\":{\"@type\":\"ImageObject\",\"inLanguage\":\"pt-BR\",\"@id\":\"https:\/\/longchangchemical.com\/#\/schema\/logo\/image\/\",\"url\":\"https:\/\/longchangchemical.com\/wp-content\/uploads\/2020\/08\/cropped-longchang-logo.png\",\"contentUrl\":\"https:\/\/longchangchemical.com\/wp-content\/uploads\/2020\/08\/cropped-longchang-logo.png\",\"width\":512,\"height\":512,\"caption\":\"Longchang Chemical\"},\"image\":{\"@id\":\"https:\/\/longchangchemical.com\/#\/schema\/logo\/image\/\"}}]}<\/script>\n<!-- \/ Yoast SEO plugin. -->","yoast_head_json":{"title":"China CHLUMINIT\u00ae 262 \/ Fotoiniciador 262 CAS 100011-37-8 Fabricante - Longchang Chemical","description":"O CHLUMINIT\u00ae 262 \u00e9 um produto-chave da Longchang Chemical. Oferecemos o melhor pre\u00e7o. Somos o fabricante l\u00edder na China, com a melhor qualidade e pre\u00e7o competitivo.","robots":{"index":"index","follow":"follow","max-snippet":"max-snippet:-1","max-image-preview":"max-image-preview:large","max-video-preview":"max-video-preview:-1"},"canonical":"https:\/\/longchangchemical.com\/pt\/product\/chluminit-262-cas-100011-37-8\/","og_locale":"pt_BR","og_type":"article","og_title":"China CHLUMINIT\u00ae 262 \/ Photoinitiator 262 CAS 100011-37-8 Manufacturer - Longchang Chemical","og_description":"CHLUMINIT\u00ae 262 is a key product of Longchang Chemical. We provide the best price. We are the leading manufacturer in China with the best quality and competitive price.","og_url":"https:\/\/longchangchemical.com\/pt\/product\/chluminit-262-cas-100011-37-8\/","og_site_name":"Longchang Chemical","article_modified_time":"2025-12-15T09:24:15+00:00","og_image":[{"width":1000,"height":1000,"url":"https:\/\/longchangchemical.com\/wp-content\/uploads\/2024\/02\/logo-jpeg.jpg","type":"image\/jpeg"}],"twitter_card":"summary_large_image","schema":{"@context":"https:\/\/schema.org","@graph":[{"@type":"WebPage","@id":"https:\/\/longchangchemical.com\/product\/chluminit-262-cas-100011-37-8\/","url":"https:\/\/longchangchemical.com\/product\/chluminit-262-cas-100011-37-8\/","name":"China CHLUMINIT\u00ae 262 \/ Fotoiniciador 262 CAS 100011-37-8 Fabricante - Longchang Chemical","isPartOf":{"@id":"https:\/\/longchangchemical.com\/#website"},"datePublished":"2025-09-03T10:35:12+00:00","dateModified":"2025-12-15T09:24:15+00:00","description":"O CHLUMINIT\u00ae 262 \u00e9 um produto-chave da Longchang Chemical. Oferecemos o melhor pre\u00e7o. Somos o fabricante l\u00edder na China, com a melhor qualidade e pre\u00e7o competitivo.","breadcrumb":{"@id":"https:\/\/longchangchemical.com\/product\/chluminit-262-cas-100011-37-8\/#breadcrumb"},"inLanguage":"pt-BR","potentialAction":[{"@type":"ReadAction","target":["https:\/\/longchangchemical.com\/product\/chluminit-262-cas-100011-37-8\/"]}]},{"@type":"BreadcrumbList","@id":"https:\/\/longchangchemical.com\/product\/chluminit-262-cas-100011-37-8\/#breadcrumb","itemListElement":[{"@type":"ListItem","position":1,"name":"Home","item":"https:\/\/longchangchemical.com\/"},{"@type":"ListItem","position":2,"name":"Products Longchang","item":"https:\/\/longchangchemical.com\/product\/"},{"@type":"ListItem","position":3,"name":"CHLUMINIT\u00ae 262 \/ Photoinitiator 262 CAS 100011-37-8"}]},{"@type":"WebSite","@id":"https:\/\/longchangchemical.com\/#website","url":"https:\/\/longchangchemical.com\/","name":"Qu\u00edmica Longchang","description":"Fabricante de produtos qu\u00edmicos na China \uff06 fornecedor","publisher":{"@id":"https:\/\/longchangchemical.com\/#organization"},"potentialAction":[{"@type":"SearchAction","target":{"@type":"EntryPoint","urlTemplate":"https:\/\/longchangchemical.com\/?s={search_term_string}"},"query-input":{"@type":"PropertyValueSpecification","valueRequired":true,"valueName":"search_term_string"}}],"inLanguage":"pt-BR"},{"@type":"Organization","@id":"https:\/\/longchangchemical.com\/#organization","name":"Qu\u00edmica Longchang","url":"https:\/\/longchangchemical.com\/","logo":{"@type":"ImageObject","inLanguage":"pt-BR","@id":"https:\/\/longchangchemical.com\/#\/schema\/logo\/image\/","url":"https:\/\/longchangchemical.com\/wp-content\/uploads\/2020\/08\/cropped-longchang-logo.png","contentUrl":"https:\/\/longchangchemical.com\/wp-content\/uploads\/2020\/08\/cropped-longchang-logo.png","width":512,"height":512,"caption":"Longchang Chemical"},"image":{"@id":"https:\/\/longchangchemical.com\/#\/schema\/logo\/image\/"}}]}},"_links":{"self":[{"href":"https:\/\/longchangchemical.com\/pt\/wp-json\/wp\/v2\/product\/8265","targetHints":{"allow":["GET"]}}],"collection":[{"href":"https:\/\/longchangchemical.com\/pt\/wp-json\/wp\/v2\/product"}],"about":[{"href":"https:\/\/longchangchemical.com\/pt\/wp-json\/wp\/v2\/types\/product"}],"replies":[{"embeddable":true,"href":"https:\/\/longchangchemical.com\/pt\/wp-json\/wp\/v2\/comments?post=8265"}],"wp:attachment":[{"href":"https:\/\/longchangchemical.com\/pt\/wp-json\/wp\/v2\/media?parent=8265"}],"wp:term":[{"taxonomy":"product_brand","embeddable":true,"href":"https:\/\/longchangchemical.com\/pt\/wp-json\/wp\/v2\/product_brand?post=8265"},{"taxonomy":"product_cat","embeddable":true,"href":"https:\/\/longchangchemical.com\/pt\/wp-json\/wp\/v2\/product_cat?post=8265"},{"taxonomy":"product_tag","embeddable":true,"href":"https:\/\/longchangchemical.com\/pt\/wp-json\/wp\/v2\/product_tag?post=8265"}],"curies":[{"name":"wp","href":"https:\/\/api.w.org\/{rel}","templated":true}]}}