{"id":8236,"date":"2025-07-11T02:42:10","date_gmt":"2025-07-11T02:42:10","guid":{"rendered":"https:\/\/longchangchemical.com\/?post_type=product&#038;p=8236"},"modified":"2025-12-15T09:30:12","modified_gmt":"2025-12-15T09:30:12","slug":"chluminit-m-cdea-cas-106246-33-7","status":"publish","type":"product","link":"https:\/\/longchangchemical.com\/pt\/product\/chluminit-m-cdea-cas-106246-33-7\/","title":{"rendered":"CHLUMINIT\u00ae M-CDEA CAS 106246-33-7"},"content":{"rendered":"<h1><strong>CHLUMINIT\u00ae M-CDEA CAS 106246-33-7<\/strong><\/h1>\n<table width=\"551\">\n<tbody>\n<tr>\n<td width=\"213\">Item de teste<\/td>\n<td width=\"196\">Especifica\u00e7\u00e3o<\/td>\n<td width=\"142\">Resultado do teste<\/td>\n<\/tr>\n<tr>\n<td width=\"213\">1.Apar\u00eancia<\/td>\n<td width=\"196\">Part\u00edculas esbranqui\u00e7adas<\/td>\n<td width=\"142\">Passe<\/td>\n<\/tr>\n<tr>\n<td width=\"213\">2. ensaio<\/td>\n<td width=\"196\">\u226598%<\/td>\n<td width=\"142\">98.50%<\/td>\n<\/tr>\n<tr>\n<td width=\"213\">3. ponto de fus\u00e3o<\/td>\n<td width=\"196\">87-90\u2103<\/td>\n<td width=\"142\">87.4-88.6\u2103<\/td>\n<\/tr>\n<tr>\n<td width=\"213\">4.\u00c1gua(KF)<\/td>\n<td width=\"196\">\u22640,1%<\/td>\n<td width=\"142\">0.028%<\/td>\n<\/tr>\n<tr>\n<td width=\"213\">5. croma(Gardner)<\/td>\n<td width=\"196\">\u22644.0<\/td>\n<td width=\"142\">4<\/td>\n<\/tr>\n<\/tbody>\n<\/table>\n<h2><strong><b>Entre em contato conosco agora!<\/b><\/strong><\/h2>\n<h4><strong><b>Se precisar de testes de pre\u00e7os e amostras, preencha suas informa\u00e7\u00f5es de contato no formul\u00e1rio abaixo. Em geral, entraremos em contato em 24 horas. Voc\u00ea tamb\u00e9m pode me enviar um e-mail <span style=\"color: #00ccff;\"><a style=\"color: #00ccff;\" href=\"mailto:info@longchangchemical.com\">info@longchangchemical.com<\/a><\/span> durante o hor\u00e1rio comercial (das 8h30 \u00e0s 18h UTC+8 de segunda a s\u00e1bado) ou use o bate-papo ao vivo do site para obter uma resposta imediata.<\/b><\/strong><\/h4>","protected":false},"excerpt":{"rendered":"<p>CHLUMINIT\u00ae M-CDEA CAS 106246-33-7 Item de teste Especifica\u00e7\u00e3o Resultado do teste 1.Apar\u00eancia Part\u00edculas esbranqui\u00e7adas Aprovado 2.Ensaio \u226598% 98.50% 3.Ponto de fus\u00e3o 87-90\u2103 87.4-88.6\u2103 4.\u00c1gua(KF) \u22640.1% 0.028% 5.Croma(Gardner) \u22644.0 4 Entre em contato conosco agora! Se precisar de testes de pre\u00e7os e amostras, preencha suas informa\u00e7\u00f5es de contato no formul\u00e1rio abaixo. Em geral, entraremos em contato em 24 horas. Voc\u00ea [...]<\/p>","protected":false},"featured_media":8237,"comment_status":"closed","ping_status":"closed","template":"","meta":[],"product_brand":[],"product_cat":[174],"product_tag":[],"class_list":{"0":"post-8236","1":"product","2":"type-product","3":"status-publish","4":"has-post-thumbnail","6":"product_cat-photoinitiator","8":"first","9":"instock","10":"shipping-taxable","11":"product-type-simple"},"yoast_head":"<!-- This site is optimized with the Yoast SEO plugin v25.3.1 - https:\/\/yoast.com\/wordpress\/plugins\/seo\/ -->\n<title>China CHLUMINIT\u00ae M-CDEA CAS 106246-33-7 Manufacturer - Longchang Chemical<\/title>\n<meta name=\"description\" content=\"CHLUMINIT\u00ae M-CDEA CAS 106246-33-7 is a key product of Longchang Chemical. We provide the best price. We are the leading manufacturer in China with the best quality and competitive price.\" \/>\n<meta name=\"robots\" content=\"index, follow, max-snippet:-1, max-image-preview:large, max-video-preview:-1\" \/>\n<link rel=\"canonical\" href=\"https:\/\/longchangchemical.com\/pt\/product\/chluminit-m-cdea-cas-106246-33-7\/\" \/>\n<meta property=\"og:locale\" content=\"pt_BR\" \/>\n<meta property=\"og:type\" content=\"article\" \/>\n<meta property=\"og:title\" content=\"China CHLUMINIT\u00ae M-CDEA CAS 106246-33-7 Manufacturer - Longchang Chemical\" \/>\n<meta property=\"og:description\" content=\"CHLUMINIT\u00ae M-CDEA CAS 106246-33-7 is a key product of Longchang Chemical. We provide the best price. We are the leading manufacturer in China with the best quality and competitive price.\" \/>\n<meta property=\"og:url\" content=\"https:\/\/longchangchemical.com\/pt\/product\/chluminit-m-cdea-cas-106246-33-7\/\" \/>\n<meta property=\"og:site_name\" content=\"Longchang Chemical\" \/>\n<meta property=\"article:modified_time\" content=\"2025-12-15T09:30:12+00:00\" \/>\n<meta property=\"og:image\" content=\"https:\/\/longchangchemical.com\/wp-content\/uploads\/2025\/07\/CHLUMINIT\u00ae-M-CDEA-CAS-106246-33-7.png\" \/>\n\t<meta property=\"og:image:width\" content=\"600\" \/>\n\t<meta property=\"og:image:height\" content=\"600\" \/>\n\t<meta property=\"og:image:type\" content=\"image\/png\" \/>\n<meta name=\"twitter:card\" content=\"summary_large_image\" \/>\n<script type=\"application\/ld+json\" class=\"yoast-schema-graph\">{\"@context\":\"https:\/\/schema.org\",\"@graph\":[{\"@type\":\"WebPage\",\"@id\":\"https:\/\/longchangchemical.com\/product\/chluminit-m-cdea-cas-106246-33-7\/\",\"url\":\"https:\/\/longchangchemical.com\/product\/chluminit-m-cdea-cas-106246-33-7\/\",\"name\":\"China CHLUMINIT\u00ae M-CDEA CAS 106246-33-7 Manufacturer - Longchang Chemical\",\"isPartOf\":{\"@id\":\"https:\/\/longchangchemical.com\/#website\"},\"primaryImageOfPage\":{\"@id\":\"https:\/\/longchangchemical.com\/product\/chluminit-m-cdea-cas-106246-33-7\/#primaryimage\"},\"image\":{\"@id\":\"https:\/\/longchangchemical.com\/product\/chluminit-m-cdea-cas-106246-33-7\/#primaryimage\"},\"thumbnailUrl\":\"https:\/\/longchangchemical.com\/wp-content\/uploads\/2025\/07\/CHLUMINIT\u00ae-M-CDEA-CAS-106246-33-7.png\",\"datePublished\":\"2025-07-11T02:42:10+00:00\",\"dateModified\":\"2025-12-15T09:30:12+00:00\",\"description\":\"CHLUMINIT\u00ae M-CDEA CAS 106246-33-7 is a key product of Longchang Chemical. We provide the best price. We are the leading manufacturer in China with the best quality and competitive price.\",\"breadcrumb\":{\"@id\":\"https:\/\/longchangchemical.com\/product\/chluminit-m-cdea-cas-106246-33-7\/#breadcrumb\"},\"inLanguage\":\"pt-BR\",\"potentialAction\":[{\"@type\":\"ReadAction\",\"target\":[\"https:\/\/longchangchemical.com\/product\/chluminit-m-cdea-cas-106246-33-7\/\"]}]},{\"@type\":\"ImageObject\",\"inLanguage\":\"pt-BR\",\"@id\":\"https:\/\/longchangchemical.com\/product\/chluminit-m-cdea-cas-106246-33-7\/#primaryimage\",\"url\":\"https:\/\/longchangchemical.com\/wp-content\/uploads\/2025\/07\/CHLUMINIT\u00ae-M-CDEA-CAS-106246-33-7.png\",\"contentUrl\":\"https:\/\/longchangchemical.com\/wp-content\/uploads\/2025\/07\/CHLUMINIT\u00ae-M-CDEA-CAS-106246-33-7.png\",\"width\":600,\"height\":600,\"caption\":\"CHLUMINIT\u00ae M-CDEA CAS 106246-33-7\"},{\"@type\":\"BreadcrumbList\",\"@id\":\"https:\/\/longchangchemical.com\/product\/chluminit-m-cdea-cas-106246-33-7\/#breadcrumb\",\"itemListElement\":[{\"@type\":\"ListItem\",\"position\":1,\"name\":\"Home\",\"item\":\"https:\/\/longchangchemical.com\/\"},{\"@type\":\"ListItem\",\"position\":2,\"name\":\"Products Longchang\",\"item\":\"https:\/\/longchangchemical.com\/product\/\"},{\"@type\":\"ListItem\",\"position\":3,\"name\":\"CHLUMINIT\u00ae M-CDEA CAS 106246-33-7\"}]},{\"@type\":\"WebSite\",\"@id\":\"https:\/\/longchangchemical.com\/#website\",\"url\":\"https:\/\/longchangchemical.com\/\",\"name\":\"Longchang Chemical\",\"description\":\"China chemical manufacturer \uff06 supplier\",\"publisher\":{\"@id\":\"https:\/\/longchangchemical.com\/#organization\"},\"potentialAction\":[{\"@type\":\"SearchAction\",\"target\":{\"@type\":\"EntryPoint\",\"urlTemplate\":\"https:\/\/longchangchemical.com\/?s={search_term_string}\"},\"query-input\":{\"@type\":\"PropertyValueSpecification\",\"valueRequired\":true,\"valueName\":\"search_term_string\"}}],\"inLanguage\":\"pt-BR\"},{\"@type\":\"Organization\",\"@id\":\"https:\/\/longchangchemical.com\/#organization\",\"name\":\"Longchang Chemical\",\"url\":\"https:\/\/longchangchemical.com\/\",\"logo\":{\"@type\":\"ImageObject\",\"inLanguage\":\"pt-BR\",\"@id\":\"https:\/\/longchangchemical.com\/#\/schema\/logo\/image\/\",\"url\":\"https:\/\/longchangchemical.com\/wp-content\/uploads\/2020\/08\/cropped-longchang-logo.png\",\"contentUrl\":\"https:\/\/longchangchemical.com\/wp-content\/uploads\/2020\/08\/cropped-longchang-logo.png\",\"width\":512,\"height\":512,\"caption\":\"Longchang Chemical\"},\"image\":{\"@id\":\"https:\/\/longchangchemical.com\/#\/schema\/logo\/image\/\"}}]}<\/script>\n<!-- \/ Yoast SEO plugin. -->","yoast_head_json":{"title":"Fabricante de CHLUMINIT\u00ae M-CDEA CAS 106246-33-7 na China - Longchang Chemical","description":"CHLUMINIT\u00ae M-CDEA CAS 106246-33-7 \u00e9 um produto-chave da Longchang Chemical. Oferecemos o melhor pre\u00e7o. Somos o fabricante l\u00edder na China, com a melhor qualidade e pre\u00e7o competitivo.","robots":{"index":"index","follow":"follow","max-snippet":"max-snippet:-1","max-image-preview":"max-image-preview:large","max-video-preview":"max-video-preview:-1"},"canonical":"https:\/\/longchangchemical.com\/pt\/product\/chluminit-m-cdea-cas-106246-33-7\/","og_locale":"pt_BR","og_type":"article","og_title":"China CHLUMINIT\u00ae M-CDEA CAS 106246-33-7 Manufacturer - Longchang Chemical","og_description":"CHLUMINIT\u00ae M-CDEA CAS 106246-33-7 is a key product of Longchang Chemical. We provide the best price. We are the leading manufacturer in China with the best quality and competitive price.","og_url":"https:\/\/longchangchemical.com\/pt\/product\/chluminit-m-cdea-cas-106246-33-7\/","og_site_name":"Longchang Chemical","article_modified_time":"2025-12-15T09:30:12+00:00","og_image":[{"width":600,"height":600,"url":"https:\/\/longchangchemical.com\/wp-content\/uploads\/2025\/07\/CHLUMINIT\u00ae-M-CDEA-CAS-106246-33-7.png","type":"image\/png"}],"twitter_card":"summary_large_image","schema":{"@context":"https:\/\/schema.org","@graph":[{"@type":"WebPage","@id":"https:\/\/longchangchemical.com\/product\/chluminit-m-cdea-cas-106246-33-7\/","url":"https:\/\/longchangchemical.com\/product\/chluminit-m-cdea-cas-106246-33-7\/","name":"Fabricante de CHLUMINIT\u00ae M-CDEA CAS 106246-33-7 na China - Longchang Chemical","isPartOf":{"@id":"https:\/\/longchangchemical.com\/#website"},"primaryImageOfPage":{"@id":"https:\/\/longchangchemical.com\/product\/chluminit-m-cdea-cas-106246-33-7\/#primaryimage"},"image":{"@id":"https:\/\/longchangchemical.com\/product\/chluminit-m-cdea-cas-106246-33-7\/#primaryimage"},"thumbnailUrl":"https:\/\/longchangchemical.com\/wp-content\/uploads\/2025\/07\/CHLUMINIT\u00ae-M-CDEA-CAS-106246-33-7.png","datePublished":"2025-07-11T02:42:10+00:00","dateModified":"2025-12-15T09:30:12+00:00","description":"CHLUMINIT\u00ae M-CDEA CAS 106246-33-7 \u00e9 um produto-chave da Longchang Chemical. Oferecemos o melhor pre\u00e7o. Somos o fabricante l\u00edder na China, com a melhor qualidade e pre\u00e7o competitivo.","breadcrumb":{"@id":"https:\/\/longchangchemical.com\/product\/chluminit-m-cdea-cas-106246-33-7\/#breadcrumb"},"inLanguage":"pt-BR","potentialAction":[{"@type":"ReadAction","target":["https:\/\/longchangchemical.com\/product\/chluminit-m-cdea-cas-106246-33-7\/"]}]},{"@type":"ImageObject","inLanguage":"pt-BR","@id":"https:\/\/longchangchemical.com\/product\/chluminit-m-cdea-cas-106246-33-7\/#primaryimage","url":"https:\/\/longchangchemical.com\/wp-content\/uploads\/2025\/07\/CHLUMINIT\u00ae-M-CDEA-CAS-106246-33-7.png","contentUrl":"https:\/\/longchangchemical.com\/wp-content\/uploads\/2025\/07\/CHLUMINIT\u00ae-M-CDEA-CAS-106246-33-7.png","width":600,"height":600,"caption":"CHLUMINIT\u00ae M-CDEA CAS 106246-33-7"},{"@type":"BreadcrumbList","@id":"https:\/\/longchangchemical.com\/product\/chluminit-m-cdea-cas-106246-33-7\/#breadcrumb","itemListElement":[{"@type":"ListItem","position":1,"name":"Home","item":"https:\/\/longchangchemical.com\/"},{"@type":"ListItem","position":2,"name":"Products Longchang","item":"https:\/\/longchangchemical.com\/product\/"},{"@type":"ListItem","position":3,"name":"CHLUMINIT\u00ae M-CDEA CAS 106246-33-7"}]},{"@type":"WebSite","@id":"https:\/\/longchangchemical.com\/#website","url":"https:\/\/longchangchemical.com\/","name":"Qu\u00edmica Longchang","description":"Fabricante de produtos qu\u00edmicos na China \uff06 fornecedor","publisher":{"@id":"https:\/\/longchangchemical.com\/#organization"},"potentialAction":[{"@type":"SearchAction","target":{"@type":"EntryPoint","urlTemplate":"https:\/\/longchangchemical.com\/?s={search_term_string}"},"query-input":{"@type":"PropertyValueSpecification","valueRequired":true,"valueName":"search_term_string"}}],"inLanguage":"pt-BR"},{"@type":"Organization","@id":"https:\/\/longchangchemical.com\/#organization","name":"Qu\u00edmica Longchang","url":"https:\/\/longchangchemical.com\/","logo":{"@type":"ImageObject","inLanguage":"pt-BR","@id":"https:\/\/longchangchemical.com\/#\/schema\/logo\/image\/","url":"https:\/\/longchangchemical.com\/wp-content\/uploads\/2020\/08\/cropped-longchang-logo.png","contentUrl":"https:\/\/longchangchemical.com\/wp-content\/uploads\/2020\/08\/cropped-longchang-logo.png","width":512,"height":512,"caption":"Longchang Chemical"},"image":{"@id":"https:\/\/longchangchemical.com\/#\/schema\/logo\/image\/"}}]}},"_links":{"self":[{"href":"https:\/\/longchangchemical.com\/pt\/wp-json\/wp\/v2\/product\/8236","targetHints":{"allow":["GET"]}}],"collection":[{"href":"https:\/\/longchangchemical.com\/pt\/wp-json\/wp\/v2\/product"}],"about":[{"href":"https:\/\/longchangchemical.com\/pt\/wp-json\/wp\/v2\/types\/product"}],"replies":[{"embeddable":true,"href":"https:\/\/longchangchemical.com\/pt\/wp-json\/wp\/v2\/comments?post=8236"}],"wp:featuredmedia":[{"embeddable":true,"href":"https:\/\/longchangchemical.com\/pt\/wp-json\/wp\/v2\/media\/8237"}],"wp:attachment":[{"href":"https:\/\/longchangchemical.com\/pt\/wp-json\/wp\/v2\/media?parent=8236"}],"wp:term":[{"taxonomy":"product_brand","embeddable":true,"href":"https:\/\/longchangchemical.com\/pt\/wp-json\/wp\/v2\/product_brand?post=8236"},{"taxonomy":"product_cat","embeddable":true,"href":"https:\/\/longchangchemical.com\/pt\/wp-json\/wp\/v2\/product_cat?post=8236"},{"taxonomy":"product_tag","embeddable":true,"href":"https:\/\/longchangchemical.com\/pt\/wp-json\/wp\/v2\/product_tag?post=8236"}],"curies":[{"name":"wp","href":"https:\/\/api.w.org\/{rel}","templated":true}]}}