{"id":8221,"date":"2025-06-30T08:54:59","date_gmt":"2025-06-30T08:54:59","guid":{"rendered":"https:\/\/longchangchemical.com\/?post_type=product&#038;p=8221"},"modified":"2025-08-22T11:20:13","modified_gmt":"2025-08-22T11:20:13","slug":"chromeclair-hema-free-gel-polish","status":"publish","type":"product","link":"https:\/\/longchangchemical.com\/pt\/product\/chromeclair-hema-free-gel-polish\/","title":{"rendered":"CHROM\u00c9CLAIR\u00ae sem HEMA \uff06 sem TPO \uff06 sem Di-HEMA \uff06 polon\u00eas em gel sem TMHDC"},"content":{"rendered":"<h1><strong>CHROM\u00c9CLAIR\u00ae sem HEMA \uff06 sem TPO \uff06 sem Di-HEMA \uff06 polon\u00eas em gel sem TMHDC<\/strong><\/h1>\n<p>Ingredientes atualizados: Sem HEMA \uff06 Sem TPO \uff06 Sem Di-HEMA \uff06 Sem TMHDC, que atende aos padr\u00f5es da UE.<\/p>\n<p>Design do frasco que muda o jogo: As cores exibidas na parte inferior e nas laterais do frasco s\u00e3o consistentes com a cor do esmalte de unha no frasco.<\/p>\n<p>Capacidade atualizada: grande capacidade de 17 ml, \u00e9 adequada para uso em v\u00e1rias ocasi\u00f5es e durante todo o ano.<\/p>\n<p>Longa dura\u00e7\u00e3o: O polimento em gel CHROM\u00c9CLAIR pode durar mais de 20 dias.<\/p>\n<p>Secagem r\u00e1pida: cura de 30 segundos a 60 segundos sob l\u00e2mpadas UV ou LED para unhas.<\/p>\n<p>&nbsp;<\/p>\n<p>&nbsp;<\/p>\n<p>Instru\u00e7\u00f5es de inscri\u00e7\u00e3o:<\/p>\n<p>Etapa 1. Limpe as unhas e apare a superf\u00edcie da unha como no processo normal de manicure.<\/p>\n<p>Etapa 2. Agite totalmente o esmalte em gel para equilibrar a cor do esmalte em gel. (Importante)<\/p>\n<p>Etapa 3. Aplique a camada de base primeiro, o que pode fazer com que o esmalte dure mais, cure com l\u00e2mpada UV ou LED por cerca de 60 segundos. (Necess\u00e1rio)<\/p>\n<p>Etapa 4. Aplique a primeira camada fina de gel colorido diretamente e cure com uma l\u00e2mpada LED ou UV por 60 segundos.<\/p>\n<p>Etapa 5. Aplique uma segunda camada fina de gel colorido e, em seguida, cure imediatamente com uma l\u00e2mpada UV ou LED por cerca de 60 segundos.<\/p>\n<p>Etapa 6. Aplique a camada superior, curada com l\u00e2mpada UV ou LED.<\/p>\n<h1><strong><b>Entre em contato conosco agora!<\/b><\/strong><\/h1>\n<h4><strong><b>Se precisar do Price, preencha suas informa\u00e7\u00f5es de contato no formul\u00e1rio abaixo. Normalmente, entraremos em contato dentro de 24 horas. Voc\u00ea tamb\u00e9m pode me enviar um e-mail <a href=\"mailto:sales@chromeclair.com\"><span style=\"color: #00ccff;\">sales@chromeclair.com<\/span><\/a>\u00a0durante o hor\u00e1rio comercial (das 8h30 \u00e0s 18h UTC+8 de segunda a s\u00e1bado) ou use o bate-papo ao vivo do site para obter uma resposta imediata.<\/b><\/strong><\/h4>","protected":false},"excerpt":{"rendered":"<p>Obtenha polon\u00eas em gel sem HEMA \uff06 sem TPO \uff06 sem Di-HEMA \uff06 sem TMHDC Pre\u00e7o. MEHQ\uff1c10PPM \uff01<\/p>\n<p><a href=\"https:\/\/longchangchemical.com\/pt\/product-category\/photoinitiator\/\"><span style=\"color: #00ccff;\">Fotoiniciador CHLUMINIT\u00ae UV<\/span><\/a> + <a href=\"https:\/\/longchangchemical.com\/pt\/product-category\/functional-monomers\/\"><span style=\"color: #00ccff;\">Mon\u00f4meros CHLUMICRYL\u00ae UV<\/span><\/a> + <a href=\"https:\/\/longchangchemical.com\/pt\/product-category\/uv-oligomer\/\"><span style=\"color: #00ccff;\">Olig\u00f4mero CHLUMICRYL\u00ae UV<\/span><\/a> + Cor = polon\u00eas em gel UV<\/p>\n<p>Embalagem: 17ml \/ frasco; 1KG \/ frasco<\/p>\n<p>Obter pre\u00e7o: <strong><b><a href=\"mailto:sales@chromeclair.com\"><span style=\"color: #00ccff;\">sales@chromeclair.com<\/span><\/a><\/b><\/strong><\/p>\n<p>MOQ: 1 frasco KG \/ 7 frascos de 17 ml<\/p>","protected":false},"featured_media":8246,"comment_status":"closed","ping_status":"closed","template":"","meta":[],"product_brand":[],"product_cat":[187],"product_tag":[],"class_list":{"0":"post-8221","1":"product","2":"type-product","3":"status-publish","4":"has-post-thumbnail","6":"product_cat-chromeclair-gel-polish","8":"first","9":"instock","10":"shipping-taxable","11":"product-type-simple"},"yoast_head":"<!-- This site is optimized with the Yoast SEO plugin v25.3.1 - https:\/\/yoast.com\/wordpress\/plugins\/seo\/ -->\n<title>Wholesale CHROM\u00c9CLAIR\u00ae HEMA free \uff06 TPO free \uff06 Di-HEMA-Free \uff06 TMHDC-Free Gel Polish price Manufacturer - Longchang Chemical<\/title>\n<meta name=\"description\" content=\"CHROM\u00c9CLAIR\u00ae HEMA free \uff06 TPO free \uff06 Di-HEMA-Free \uff06 TMHDC-Free Gel Polish is a key product of Longchang Chemical. We provide the best price. We are the leading manufacturer in China with the best quality and competitive price.\" \/>\n<meta name=\"robots\" content=\"index, follow, max-snippet:-1, max-image-preview:large, max-video-preview:-1\" \/>\n<link rel=\"canonical\" href=\"https:\/\/longchangchemical.com\/pt\/product\/chromeclair-hema-free-gel-polish\/\" \/>\n<meta property=\"og:locale\" content=\"pt_BR\" \/>\n<meta property=\"og:type\" content=\"article\" \/>\n<meta property=\"og:title\" content=\"Wholesale CHROM\u00c9CLAIR\u00ae HEMA free \uff06 TPO free \uff06 Di-HEMA-Free \uff06 TMHDC-Free Gel Polish price Manufacturer - Longchang Chemical\" \/>\n<meta property=\"og:description\" content=\"CHROM\u00c9CLAIR\u00ae HEMA free \uff06 TPO free \uff06 Di-HEMA-Free \uff06 TMHDC-Free Gel Polish is a key product of Longchang Chemical. We provide the best price. We are the leading manufacturer in China with the best quality and competitive price.\" \/>\n<meta property=\"og:url\" content=\"https:\/\/longchangchemical.com\/pt\/product\/chromeclair-hema-free-gel-polish\/\" \/>\n<meta property=\"og:site_name\" content=\"Longchang Chemical\" \/>\n<meta property=\"article:modified_time\" content=\"2025-08-22T11:20:13+00:00\" \/>\n<meta property=\"og:image\" content=\"https:\/\/longchangchemical.com\/wp-content\/uploads\/2025\/06\/CHROMECLAIR-SR-CL-CE-Color.jpg\" \/>\n\t<meta property=\"og:image:width\" content=\"1670\" \/>\n\t<meta property=\"og:image:height\" content=\"1546\" \/>\n\t<meta property=\"og:image:type\" content=\"image\/jpeg\" \/>\n<meta name=\"twitter:card\" content=\"summary_large_image\" \/>\n<script type=\"application\/ld+json\" class=\"yoast-schema-graph\">{\"@context\":\"https:\/\/schema.org\",\"@graph\":[{\"@type\":\"WebPage\",\"@id\":\"https:\/\/longchangchemical.com\/product\/chromeclair-hema-free-gel-polish\/\",\"url\":\"https:\/\/longchangchemical.com\/product\/chromeclair-hema-free-gel-polish\/\",\"name\":\"Wholesale CHROM\u00c9CLAIR\u00ae HEMA free \uff06 TPO free \uff06 Di-HEMA-Free \uff06 TMHDC-Free Gel Polish price Manufacturer - Longchang Chemical\",\"isPartOf\":{\"@id\":\"https:\/\/longchangchemical.com\/#website\"},\"primaryImageOfPage\":{\"@id\":\"https:\/\/longchangchemical.com\/product\/chromeclair-hema-free-gel-polish\/#primaryimage\"},\"image\":{\"@id\":\"https:\/\/longchangchemical.com\/product\/chromeclair-hema-free-gel-polish\/#primaryimage\"},\"thumbnailUrl\":\"https:\/\/longchangchemical.com\/wp-content\/uploads\/2025\/06\/CHROMECLAIR-SR-CL-CE-Color.jpg\",\"datePublished\":\"2025-06-30T08:54:59+00:00\",\"dateModified\":\"2025-08-22T11:20:13+00:00\",\"description\":\"CHROM\u00c9CLAIR\u00ae HEMA free \uff06 TPO free \uff06 Di-HEMA-Free \uff06 TMHDC-Free Gel Polish is a key product of Longchang Chemical. We provide the best price. We are the leading manufacturer in China with the best quality and competitive price.\",\"breadcrumb\":{\"@id\":\"https:\/\/longchangchemical.com\/product\/chromeclair-hema-free-gel-polish\/#breadcrumb\"},\"inLanguage\":\"pt-BR\",\"potentialAction\":[{\"@type\":\"ReadAction\",\"target\":[\"https:\/\/longchangchemical.com\/product\/chromeclair-hema-free-gel-polish\/\"]}]},{\"@type\":\"ImageObject\",\"inLanguage\":\"pt-BR\",\"@id\":\"https:\/\/longchangchemical.com\/product\/chromeclair-hema-free-gel-polish\/#primaryimage\",\"url\":\"https:\/\/longchangchemical.com\/wp-content\/uploads\/2025\/06\/CHROMECLAIR-SR-CL-CE-Color.jpg\",\"contentUrl\":\"https:\/\/longchangchemical.com\/wp-content\/uploads\/2025\/06\/CHROMECLAIR-SR-CL-CE-Color.jpg\",\"width\":1670,\"height\":1546},{\"@type\":\"BreadcrumbList\",\"@id\":\"https:\/\/longchangchemical.com\/product\/chromeclair-hema-free-gel-polish\/#breadcrumb\",\"itemListElement\":[{\"@type\":\"ListItem\",\"position\":1,\"name\":\"Home\",\"item\":\"https:\/\/longchangchemical.com\/\"},{\"@type\":\"ListItem\",\"position\":2,\"name\":\"Products Longchang\",\"item\":\"https:\/\/longchangchemical.com\/product\/\"},{\"@type\":\"ListItem\",\"position\":3,\"name\":\"CHROM\u00c9CLAIR\u00ae HEMA free \uff06 TPO free \uff06 Di-HEMA-Free \uff06 TMHDC-Free Gel Polish\"}]},{\"@type\":\"WebSite\",\"@id\":\"https:\/\/longchangchemical.com\/#website\",\"url\":\"https:\/\/longchangchemical.com\/\",\"name\":\"Longchang Chemical\",\"description\":\"China chemical manufacturer \uff06 supplier\",\"publisher\":{\"@id\":\"https:\/\/longchangchemical.com\/#organization\"},\"potentialAction\":[{\"@type\":\"SearchAction\",\"target\":{\"@type\":\"EntryPoint\",\"urlTemplate\":\"https:\/\/longchangchemical.com\/?s={search_term_string}\"},\"query-input\":{\"@type\":\"PropertyValueSpecification\",\"valueRequired\":true,\"valueName\":\"search_term_string\"}}],\"inLanguage\":\"pt-BR\"},{\"@type\":\"Organization\",\"@id\":\"https:\/\/longchangchemical.com\/#organization\",\"name\":\"Longchang Chemical\",\"url\":\"https:\/\/longchangchemical.com\/\",\"logo\":{\"@type\":\"ImageObject\",\"inLanguage\":\"pt-BR\",\"@id\":\"https:\/\/longchangchemical.com\/#\/schema\/logo\/image\/\",\"url\":\"https:\/\/longchangchemical.com\/wp-content\/uploads\/2020\/08\/cropped-longchang-logo.png\",\"contentUrl\":\"https:\/\/longchangchemical.com\/wp-content\/uploads\/2020\/08\/cropped-longchang-logo.png\",\"width\":512,\"height\":512,\"caption\":\"Longchang Chemical\"},\"image\":{\"@id\":\"https:\/\/longchangchemical.com\/#\/schema\/logo\/image\/\"}}]}<\/script>\n<!-- \/ Yoast SEO plugin. -->","yoast_head_json":{"title":"Pre\u00e7o por atacado do polon\u00eas em gel CHROM\u00c9CLAIR\u00ae sem HEMA, sem TPO, sem Di-HEMA, sem TMHDC Fabricante - Longchang Chemical","description":"CHROM\u00c9CLAIR\u00ae HEMA free \uff06 TPO free \uff06 Di-HEMA-Free \uff06 TMHDC-Free Gel Polish \u00e9 um produto-chave da Longchang Chemical. Oferecemos o melhor pre\u00e7o. Somos o fabricante l\u00edder na China, com a melhor qualidade e pre\u00e7o competitivo.","robots":{"index":"index","follow":"follow","max-snippet":"max-snippet:-1","max-image-preview":"max-image-preview:large","max-video-preview":"max-video-preview:-1"},"canonical":"https:\/\/longchangchemical.com\/pt\/product\/chromeclair-hema-free-gel-polish\/","og_locale":"pt_BR","og_type":"article","og_title":"Wholesale CHROM\u00c9CLAIR\u00ae HEMA free \uff06 TPO free \uff06 Di-HEMA-Free \uff06 TMHDC-Free Gel Polish price Manufacturer - Longchang Chemical","og_description":"CHROM\u00c9CLAIR\u00ae HEMA free \uff06 TPO free \uff06 Di-HEMA-Free \uff06 TMHDC-Free Gel Polish is a key product of Longchang Chemical. We provide the best price. We are the leading manufacturer in China with the best quality and competitive price.","og_url":"https:\/\/longchangchemical.com\/pt\/product\/chromeclair-hema-free-gel-polish\/","og_site_name":"Longchang Chemical","article_modified_time":"2025-08-22T11:20:13+00:00","og_image":[{"width":1670,"height":1546,"url":"https:\/\/longchangchemical.com\/wp-content\/uploads\/2025\/06\/CHROMECLAIR-SR-CL-CE-Color.jpg","type":"image\/jpeg"}],"twitter_card":"summary_large_image","schema":{"@context":"https:\/\/schema.org","@graph":[{"@type":"WebPage","@id":"https:\/\/longchangchemical.com\/product\/chromeclair-hema-free-gel-polish\/","url":"https:\/\/longchangchemical.com\/product\/chromeclair-hema-free-gel-polish\/","name":"Pre\u00e7o por atacado do polon\u00eas em gel CHROM\u00c9CLAIR\u00ae sem HEMA, sem TPO, sem Di-HEMA, sem TMHDC Fabricante - Longchang Chemical","isPartOf":{"@id":"https:\/\/longchangchemical.com\/#website"},"primaryImageOfPage":{"@id":"https:\/\/longchangchemical.com\/product\/chromeclair-hema-free-gel-polish\/#primaryimage"},"image":{"@id":"https:\/\/longchangchemical.com\/product\/chromeclair-hema-free-gel-polish\/#primaryimage"},"thumbnailUrl":"https:\/\/longchangchemical.com\/wp-content\/uploads\/2025\/06\/CHROMECLAIR-SR-CL-CE-Color.jpg","datePublished":"2025-06-30T08:54:59+00:00","dateModified":"2025-08-22T11:20:13+00:00","description":"CHROM\u00c9CLAIR\u00ae HEMA free \uff06 TPO free \uff06 Di-HEMA-Free \uff06 TMHDC-Free Gel Polish \u00e9 um produto-chave da Longchang Chemical. Oferecemos o melhor pre\u00e7o. Somos o fabricante l\u00edder na China, com a melhor qualidade e pre\u00e7o competitivo.","breadcrumb":{"@id":"https:\/\/longchangchemical.com\/product\/chromeclair-hema-free-gel-polish\/#breadcrumb"},"inLanguage":"pt-BR","potentialAction":[{"@type":"ReadAction","target":["https:\/\/longchangchemical.com\/product\/chromeclair-hema-free-gel-polish\/"]}]},{"@type":"ImageObject","inLanguage":"pt-BR","@id":"https:\/\/longchangchemical.com\/product\/chromeclair-hema-free-gel-polish\/#primaryimage","url":"https:\/\/longchangchemical.com\/wp-content\/uploads\/2025\/06\/CHROMECLAIR-SR-CL-CE-Color.jpg","contentUrl":"https:\/\/longchangchemical.com\/wp-content\/uploads\/2025\/06\/CHROMECLAIR-SR-CL-CE-Color.jpg","width":1670,"height":1546},{"@type":"BreadcrumbList","@id":"https:\/\/longchangchemical.com\/product\/chromeclair-hema-free-gel-polish\/#breadcrumb","itemListElement":[{"@type":"ListItem","position":1,"name":"Home","item":"https:\/\/longchangchemical.com\/"},{"@type":"ListItem","position":2,"name":"Products Longchang","item":"https:\/\/longchangchemical.com\/product\/"},{"@type":"ListItem","position":3,"name":"CHROM\u00c9CLAIR\u00ae HEMA free \uff06 TPO free \uff06 Di-HEMA-Free \uff06 TMHDC-Free Gel Polish"}]},{"@type":"WebSite","@id":"https:\/\/longchangchemical.com\/#website","url":"https:\/\/longchangchemical.com\/","name":"Qu\u00edmica Longchang","description":"Fabricante de produtos qu\u00edmicos na China \uff06 fornecedor","publisher":{"@id":"https:\/\/longchangchemical.com\/#organization"},"potentialAction":[{"@type":"SearchAction","target":{"@type":"EntryPoint","urlTemplate":"https:\/\/longchangchemical.com\/?s={search_term_string}"},"query-input":{"@type":"PropertyValueSpecification","valueRequired":true,"valueName":"search_term_string"}}],"inLanguage":"pt-BR"},{"@type":"Organization","@id":"https:\/\/longchangchemical.com\/#organization","name":"Qu\u00edmica Longchang","url":"https:\/\/longchangchemical.com\/","logo":{"@type":"ImageObject","inLanguage":"pt-BR","@id":"https:\/\/longchangchemical.com\/#\/schema\/logo\/image\/","url":"https:\/\/longchangchemical.com\/wp-content\/uploads\/2020\/08\/cropped-longchang-logo.png","contentUrl":"https:\/\/longchangchemical.com\/wp-content\/uploads\/2020\/08\/cropped-longchang-logo.png","width":512,"height":512,"caption":"Longchang Chemical"},"image":{"@id":"https:\/\/longchangchemical.com\/#\/schema\/logo\/image\/"}}]}},"_links":{"self":[{"href":"https:\/\/longchangchemical.com\/pt\/wp-json\/wp\/v2\/product\/8221","targetHints":{"allow":["GET"]}}],"collection":[{"href":"https:\/\/longchangchemical.com\/pt\/wp-json\/wp\/v2\/product"}],"about":[{"href":"https:\/\/longchangchemical.com\/pt\/wp-json\/wp\/v2\/types\/product"}],"replies":[{"embeddable":true,"href":"https:\/\/longchangchemical.com\/pt\/wp-json\/wp\/v2\/comments?post=8221"}],"wp:featuredmedia":[{"embeddable":true,"href":"https:\/\/longchangchemical.com\/pt\/wp-json\/wp\/v2\/media\/8246"}],"wp:attachment":[{"href":"https:\/\/longchangchemical.com\/pt\/wp-json\/wp\/v2\/media?parent=8221"}],"wp:term":[{"taxonomy":"product_brand","embeddable":true,"href":"https:\/\/longchangchemical.com\/pt\/wp-json\/wp\/v2\/product_brand?post=8221"},{"taxonomy":"product_cat","embeddable":true,"href":"https:\/\/longchangchemical.com\/pt\/wp-json\/wp\/v2\/product_cat?post=8221"},{"taxonomy":"product_tag","embeddable":true,"href":"https:\/\/longchangchemical.com\/pt\/wp-json\/wp\/v2\/product_tag?post=8221"}],"curies":[{"name":"wp","href":"https:\/\/api.w.org\/{rel}","templated":true}]}}