{"id":7562,"date":"2024-11-11T06:01:20","date_gmt":"2024-11-11T06:01:20","guid":{"rendered":"https:\/\/longchangchemical.com\/?post_type=product&#038;p=7562"},"modified":"2026-05-08T03:00:12","modified_gmt":"2026-05-08T03:00:12","slug":"photoinitiator-mpbz-6012","status":"publish","type":"product","link":"https:\/\/longchangchemical.com\/pt\/product\/photoinitiator-mpbz-6012\/","title":{"rendered":"CHLUMINIT\u00ae MPBZ(6021) \/ Fotoiniciador MPBZ (6012) CAS 86428-83-3"},"content":{"rendered":"<h2>Fotoiniciador MPBZ (6012)<\/h2>\n<p><strong>Sin\u00f4nimo\uff1a<\/strong>Fotoiniciador MPBZ , Fotoiniciador 6012; 3-metil-4-fenilbenzofenona; bifenil-4-il-(3-metilfenil)metanona<\/p>\n<p><strong><b>Especifica\u00e7\u00e3o<\/b><\/strong><\/p>\n<table>\n<tbody>\n<tr>\n<td width=\"133\">Apar\u00eancia<\/td>\n<td width=\"165\">p\u00f3 branco<\/td>\n<\/tr>\n<tr>\n<td width=\"133\">Ensaio<\/td>\n<td width=\"165\">99% min<\/td>\n<\/tr>\n<tr>\n<td width=\"133\">Faixa de fus\u00e3o<\/td>\n<td width=\"165\">82-84 \u2103<\/td>\n<\/tr>\n<tr>\n<td width=\"133\">Perda na secagem<\/td>\n<td width=\"165\">1% m\u00e1ximo<\/td>\n<\/tr>\n<tr>\n<td width=\"133\">Absor\u00e7\u00e3o \u03bb max<\/td>\n<td width=\"165\">209, 290 <span style=\"font-family: inherit; font-size: inherit;\">nm<\/span><\/td>\n<\/tr>\n<\/tbody>\n<\/table>\n<p>&nbsp;<\/p>\n<p><strong><b>Propriedade<\/b><\/strong><\/p>\n<p>O fotoiniciador MPBZ \u00e9 l\u00edder entre os fotoiniciadores s\u00f3lidos do tipo radical (II). Esse iniciador \u00e9 altamente eficiente e tem excelentes propriedades, especialmente em termos de odor. \u00c9 a escolha perfeita para formula\u00e7\u00f5es com requisitos rigorosos de odor, como baixo ou nenhum odor.<\/p>\n<p>Do ponto de vista da aplica\u00e7\u00e3o pr\u00e1tica, podemos rastrear o desenvolvimento at\u00e9 o verniz de tinta para caixas de cigarro. No passado, o verniz de tinta de caixa de cigarro podia produzir odores desagrad\u00e1veis durante o processo de secagem, o que n\u00e3o s\u00f3 afetava a experi\u00eancia do usu\u00e1rio, mas tamb\u00e9m causava alguma polui\u00e7\u00e3o no ambiente ao redor. O surgimento do fotoiniciador MPBZ resolveu perfeitamente esse problema. Sua aplica\u00e7\u00e3o no verniz de tinta para caixas de cigarro eliminou o odor pungente durante a produ\u00e7\u00e3o de caixas de cigarro.<\/p>\n<p>Al\u00e9m disso, no campo dos revestimentos pl\u00e1sticos, todos n\u00f3s sabemos que os produtos pl\u00e1sticos s\u00e3o amplamente utilizados na vida cotidiana e na produ\u00e7\u00e3o industrial. Os revestimentos tradicionais podem produzir odores devido \u00e0 volatiliza\u00e7\u00e3o de v\u00e1rios produtos qu\u00edmicos, o que \u00e9 um grande problema para o tratamento de superf\u00edcie de produtos pl\u00e1sticos em ambientes com altos requisitos de qualidade do ar, como embalagens de alimentos e brinquedos infantis. O fotoiniciador MPBZ deu nova vida aos revestimentos pl\u00e1sticos. Ele garante que os revestimentos mantenham baixo ou at\u00e9 mesmo nenhum odor durante o processo de cura.<\/p>\n<p>No setor de adesivos, alguns adesivos usados na decora\u00e7\u00e3o de casas ou na montagem de instrumentos de precis\u00e3o podem ter um efeito adverso sobre os ocupantes ou sobre o uso dos instrumentos se deixarem um res\u00edduo de odor. O fotoiniciador MPBZ torna os adesivos livres de odores desagrad\u00e1veis ap\u00f3s o uso.<\/p>\n<p>As tintas litogr\u00e1ficas e de serigrafia tamb\u00e9m s\u00e3o \u00e1reas importantes de aplica\u00e7\u00e3o do fotoiniciador MPBZ. Impress\u00f5es art\u00edsticas de alta qualidade, por exemplo, exigem cores vivas e padr\u00f5es claros sem qualquer odor que possa prejudicar a qualidade do trabalho. O uso do MPBZ atende perfeitamente a essa necessidade.<\/p>\n<p>Vale a pena mencionar que \u00e9 recomend\u00e1vel usar o fotoiniciador MPBZ em combina\u00e7\u00e3o com um sinergista de amina. Do ponto de vista qu\u00edmico, o efeito sin\u00e9rgico dos dois pode aumentar ainda mais a efici\u00eancia do fotoiniciador. Os sinergistas de amina s\u00e3o como o bra\u00e7o direito do MPBZ. Juntos, eles tornam todo o processo de fotoinicia\u00e7\u00e3o mais suave e mais eficiente, permitindo assim que o MPBZ desempenhe melhor seu papel em v\u00e1rias formula\u00e7\u00f5es.<\/p>\n<p><strong><b>Pacote: <\/b><\/strong>20kgs\/caixa<\/p>\n<p><strong><b>Armazenamento:<\/b><\/strong><\/p>\n<p>Armazenado em um local fresco e seco, longe da luz solar direta.<\/p>\n<h2><strong><b>Entre em contato conosco agora!<\/b><\/strong><\/h2>\n<h4><strong><b>Se precisar do Price, preencha suas informa\u00e7\u00f5es de contato no formul\u00e1rio abaixo. Normalmente, entraremos em contato dentro de 24 horas. Voc\u00ea tamb\u00e9m pode me enviar um e-mail <span style=\"color: #00ccff;\"><a style=\"color: #00ccff;\" href=\"mailto:info@longchangchemical.com\">info@longchangchemical.com<\/a><\/span>\u00a0durante o hor\u00e1rio comercial (das 8h30 \u00e0s 18h UTC+8 de segunda a s\u00e1bado) ou use o bate-papo ao vivo do site para obter uma resposta imediata.<\/b><\/strong><\/h4>\n<p>&nbsp;<\/p>\n<table style=\"border-collapse: collapse; width: 435.77pt;\" border=\"0\" width=\"581\" cellspacing=\"0\" cellpadding=\"0\">\n<tbody>\n<tr style=\"height: 13.50pt;\">\n<td style=\"height: 13.50pt; width: 215.25pt;\" width=\"287\" height=\"18\"><a href=\"https:\/\/longchangchemical.com\/pt\/product\/photoinitiator-tpo-cas-75980-60-8\/\"><span style=\"color: #00ccff;\">Fotoiniciador TPO<\/span><\/a><\/td>\n<td style=\"width: 220.50pt;\" width=\"294\">CAS 75980-60-8<\/td>\n<\/tr>\n<tr style=\"height: 13.50pt;\">\n<td style=\"height: 13.50pt;\" height=\"18\"><a href=\"https:\/\/longchangchemical.com\/pt\/product\/cas-270586-78-2\/\"><span style=\"color: #00ccff;\">Fotoiniciador TMO<\/span><\/a><\/td>\n<td>CAS 270586-78-2<\/td>\n<\/tr>\n<tr style=\"height: 13.50pt;\">\n<td style=\"height: 13.50pt;\" height=\"18\"><a href=\"https:\/\/longchangchemical.com\/pt\/product\/photoinitiator-pd-01-cas-579-07-7\/\"><span style=\"color: #00ccff;\">Fotoiniciador PD-01<\/span><\/a><\/td>\n<td>CAS 579-07-7<\/td>\n<\/tr>\n<tr style=\"height: 13.50pt;\">\n<td style=\"height: 13.50pt;\" height=\"18\"><a href=\"https:\/\/longchangchemical.com\/pt\/product\/photoinitiator-pbz-cas-2128-93-0\/\"><span style=\"color: #00ccff;\">Fotoiniciador PBZ<\/span><\/a><\/td>\n<td>CAS 2128-93-0<\/td>\n<\/tr>\n<tr style=\"height: 13.50pt;\">\n<td style=\"height: 13.50pt;\" height=\"18\"><a href=\"https:\/\/longchangchemical.com\/pt\/product\/photoinitiator-oxe-02-cas-478556-66-0\/\"><span style=\"color: #00ccff;\">Fotoiniciador OXE-02<\/span><\/a><\/td>\n<td>CAS 478556-66-0<\/td>\n<\/tr>\n<tr style=\"height: 13.50pt;\">\n<td style=\"height: 13.50pt;\" height=\"18\"><a href=\"https:\/\/longchangchemical.com\/pt\/product\/photoinitiator-ombb\/\"><span style=\"color: #00ccff;\">Fotoiniciador OMBB<\/span><\/a><\/td>\n<td>CAS 606-28-0<\/td>\n<\/tr>\n<tr style=\"height: 13.50pt;\">\n<td style=\"height: 13.50pt;\" height=\"18\"><a href=\"https:\/\/longchangchemical.com\/pt\/product\/photoinitiator-mpbz-6012\/\"><span style=\"color: #00ccff;\">Fotoiniciador MPBZ (6012)<\/span><\/a><\/td>\n<td>CAS 86428-83-3<\/td>\n<\/tr>\n<tr style=\"height: 13.50pt;\">\n<td style=\"height: 13.50pt;\" height=\"18\"><a href=\"https:\/\/longchangchemical.com\/pt\/product\/photoinitiator-mbp-cas-134-84-9\/\"><span style=\"color: #00ccff;\">Fotoiniciador MBP<\/span><\/a><\/td>\n<td>CAS 134-84-9<\/td>\n<\/tr>\n<tr style=\"height: 13.50pt;\">\n<td style=\"height: 13.50pt;\" height=\"18\"><a href=\"https:\/\/longchangchemical.com\/pt\/product\/photoinitiator-mbf-cas-15206-55-0\/\"><span style=\"color: #00ccff;\">Fotoiniciador MBF<\/span><\/a><\/td>\n<td>CAS 15206-55-0<\/td>\n<\/tr>\n<tr style=\"height: 13.50pt;\">\n<td style=\"height: 13.50pt;\" height=\"18\"><a href=\"https:\/\/longchangchemical.com\/pt\/product\/photoinitiator-lap-cas-85073-19-4\/\"><span style=\"color: #00ccff;\">Fotoiniciador LAP<\/span><\/a><\/td>\n<td>CAS 85073-19-4<\/td>\n<\/tr>\n<tr style=\"height: 13.50pt;\">\n<td style=\"height: 13.50pt;\" height=\"18\"><a href=\"https:\/\/longchangchemical.com\/pt\/product\/photoinitiator-itx-cas-5495-84-1\/\"><span style=\"color: #00ccff;\">Fotoiniciador ITX<\/span><\/a><\/td>\n<td>CAS 5495-84-1<\/td>\n<\/tr>\n<tr style=\"height: 13.50pt;\">\n<td style=\"height: 13.50pt;\" height=\"18\"><a href=\"https:\/\/longchangchemical.com\/pt\/product\/photoinitiator-emk\/\"><span style=\"color: #00ccff;\">Fotoiniciador EMK<\/span><\/a><\/td>\n<td>CAS 90-93-7<\/td>\n<\/tr>\n<tr style=\"height: 13.50pt;\">\n<td style=\"height: 13.50pt;\" height=\"18\"><a href=\"https:\/\/longchangchemical.com\/pt\/product\/photoinitiator-eha-cas-21245-02-3\/\"><span style=\"color: #00ccff;\">Fotoiniciador EHA<\/span><\/a><\/td>\n<td>CAS 21245-02-3<\/td>\n<\/tr>\n<tr style=\"height: 13.50pt;\">\n<td style=\"height: 13.50pt;\" height=\"18\"><a href=\"https:\/\/longchangchemical.com\/pt\/product\/photoinitiator-edb-cas-10287-53-3\/\"><span style=\"color: #00ccff;\">Fotoiniciador EDB<\/span><\/a><\/td>\n<td>CAS 10287-53-3<\/td>\n<\/tr>\n<tr style=\"height: 13.50pt;\">\n<td style=\"height: 13.50pt;\" height=\"18\"><a href=\"https:\/\/longchangchemical.com\/pt\/product\/photoinitiator-detx-cas-82799-44-8\/\"><span style=\"color: #00ccff;\">Fotoiniciador DETX<\/span><\/a><\/td>\n<td>CAS 82799-44-8<\/td>\n<\/tr>\n<tr style=\"height: 13.50pt;\">\n<td style=\"height: 13.50pt;\" height=\"18\"><a href=\"https:\/\/longchangchemical.com\/pt\/product\/photoinitiator-cq\/\"><span style=\"color: #00ccff;\">Fotoiniciador CQ \/ canforoquinona<\/span><\/a><\/td>\n<td>CAS 10373-78-1<\/td>\n<\/tr>\n<tr style=\"height: 13.50pt;\">\n<td style=\"height: 13.50pt;\" height=\"18\"><a href=\"https:\/\/longchangchemical.com\/pt\/product\/photoinitiator-cbp-cas-134-85-0\/\"><span style=\"color: #00ccff;\">Fotoiniciador CBP<\/span><\/a><\/td>\n<td>CAS 134-85-0<\/td>\n<\/tr>\n<tr style=\"height: 13.50pt;\">\n<td style=\"height: 13.50pt;\" height=\"18\"><a href=\"https:\/\/longchangchemical.com\/pt\/product\/photoinitiator-bp-cas-119-61-9\/\"><span style=\"color: #00ccff;\">Fotoiniciador BP \/ Benzofenona<\/span><\/a><\/td>\n<td>CAS 119-61-9<\/td>\n<\/tr>\n<tr style=\"height: 13.50pt;\">\n<td style=\"height: 13.50pt;\" height=\"18\"><a href=\"https:\/\/longchangchemical.com\/pt\/product\/photoinitiator-bms\/\"><span style=\"color: #00ccff;\">Fotoiniciador BMS<\/span><\/a><\/td>\n<td>CAS 83846-85-9<\/td>\n<\/tr>\n<tr style=\"height: 13.50pt;\">\n<td style=\"height: 13.50pt;\" height=\"18\"><a href=\"https:\/\/longchangchemical.com\/pt\/product\/photoinitiator-938\/\"><span style=\"color: #00ccff;\">Fotoiniciador 938<\/span><\/a><\/td>\n<td>CAS 61358-25-6<\/td>\n<\/tr>\n<tr style=\"height: 13.50pt;\">\n<td style=\"height: 13.50pt;\" height=\"18\"><a href=\"https:\/\/longchangchemical.com\/pt\/product\/photoinitiator-937-cas-71786-70-4\/\"><span style=\"color: #00ccff;\">Fotoiniciador 937<\/span><\/a><\/td>\n<td>CAS 71786-70-4<\/td>\n<\/tr>\n<tr style=\"height: 13.50pt;\">\n<td style=\"height: 13.50pt;\" height=\"18\"><a href=\"https:\/\/longchangchemical.com\/pt\/product\/photoinitiator-819-dw\/\"><span style=\"color: #00ccff;\">Fotoiniciador 819 DW<\/span><\/a><\/td>\n<td>CAS 162881-26-7<\/td>\n<\/tr>\n<tr style=\"height: 13.50pt;\">\n<td style=\"height: 13.50pt;\" height=\"18\"><a href=\"https:\/\/longchangchemical.com\/pt\/product\/photoinitiator-819-irgacure-819-cas-162881-26-7\/\"><span style=\"color: #00ccff;\">Fotoiniciador 819<\/span><\/a><\/td>\n<td>CAS 162881-26-7<\/td>\n<\/tr>\n<tr style=\"height: 13.50pt;\">\n<td style=\"height: 13.50pt;\" height=\"18\"><a href=\"https:\/\/longchangchemical.com\/pt\/product\/photoinitiator-784-cas-125051-32-3\/\"><span style=\"color: #00ccff;\">Fotoiniciador 784<\/span><\/a><\/td>\n<td>CAS 125051-32-3<\/td>\n<\/tr>\n<tr style=\"height: 13.50pt;\">\n<td style=\"height: 13.50pt;\" height=\"18\"><a href=\"https:\/\/longchangchemical.com\/pt\/product\/photoinitiator-754-cas-211510-16-6-442536-99-4\/\"><span style=\"color: #00ccff;\">Fotoiniciador 754<\/span><\/a><\/td>\n<td>CAS 211510-16-6 442536-99-4<\/td>\n<\/tr>\n<tr style=\"height: 13.50pt;\">\n<td style=\"height: 13.50pt;\" height=\"18\"><a href=\"https:\/\/longchangchemical.com\/pt\/product\/photoinitiator-6993-cas-71449-78-0\/\"><span style=\"color: #00ccff;\">Fotoiniciador 6993<\/span><\/a><\/td>\n<td>CAS 71449-78-0<\/td>\n<\/tr>\n<tr style=\"height: 13.50pt;\">\n<td style=\"height: 13.50pt;\" height=\"18\"><a href=\"https:\/\/longchangchemical.com\/pt\/product\/photoinitiator-6976\/\"><span style=\"color: #00ccff;\">Fotoiniciador 6976<\/span><\/a><\/td>\n<td>CAS 71449-78-0 89452-37-9 108-32-7<\/td>\n<\/tr>\n<tr style=\"height: 13.50pt;\">\n<td style=\"height: 13.50pt;\" height=\"18\"><a href=\"https:\/\/longchangchemical.com\/pt\/product\/photoinitiator-379-cas-119344-86-4\/\"><span style=\"color: #00ccff;\">Fotoiniciador 379<\/span><\/a><\/td>\n<td>CAS 119344-86-4<\/td>\n<\/tr>\n<tr style=\"height: 13.50pt;\">\n<td style=\"height: 13.50pt;\" height=\"18\"><a href=\"https:\/\/longchangchemical.com\/pt\/product\/photoinitiator-369-cas-119313-12-1\/\"><span style=\"color: #00ccff;\">Fotoiniciador 369<\/span><\/a><\/td>\n<td>CAS 119313-12-1<\/td>\n<\/tr>\n<tr style=\"height: 13.50pt;\">\n<td style=\"height: 13.50pt;\" height=\"18\"><span style=\"color: #00ccff;\"><a style=\"color: #00ccff;\" href=\"https:\/\/longchangchemical.com\/pt\/product\/photoinitiator-160\/\">Fotoiniciador 160<\/a><\/span><\/td>\n<td>CAS 71868-15-0<\/td>\n<\/tr>\n<tr style=\"height: 13.50pt;\">\n<td style=\"height: 13.50pt;\" height=\"18\"><a href=\"https:\/\/longchangchemical.com\/pt\/product\/photoinitiator-1206\/\"><span style=\"color: #00ccff;\">Fotoiniciador 1206<\/span><\/a><\/td>\n<td><\/td>\n<\/tr>\n<tr style=\"height: 13.50pt;\">\n<td style=\"height: 13.50pt;\" height=\"18\"><a href=\"https:\/\/longchangchemical.com\/pt\/product\/irgacure-1173-cas-7473-98-5\/\"><span style=\"color: #00ccff;\">Fotoiniciador 1173<\/span><\/a><\/td>\n<td>CAS 7473-98-5<\/td>\n<\/tr>\n<\/tbody>\n<\/table>\n<p>&nbsp;<\/p>","protected":false},"excerpt":{"rendered":"<p>O MPBZ \u00e9 um fotoiniciador tipo II de baixo odor, usado principalmente em sistemas de formula\u00e7\u00e3o com altos requisitos de baixo odor e seguran\u00e7a, como tintas de impress\u00e3o para tabaco, \u00e1lcool e embalagens de alimentos. Ele \u00e9 adequado para uso com sinergistas de amina. Melhor.<br \/>\nNormalmente, a quantidade de adi\u00e7\u00e3o \u00e9 de 2%~5%.<\/p>","protected":false},"featured_media":8089,"comment_status":"open","ping_status":"closed","template":"","meta":[],"product_brand":[],"product_cat":[174,176,178],"product_tag":[],"class_list":{"0":"post-7562","1":"product","2":"type-product","3":"status-publish","4":"has-post-thumbnail","6":"product_cat-photoinitiator","7":"product_cat-newly-developed-pis","8":"product_cat-type-ii-free-radical-photoinitiator","10":"first","11":"instock","12":"shipping-taxable","13":"product-type-simple"},"yoast_head":"<!-- This site is optimized with the Yoast SEO plugin v25.3.1 - https:\/\/yoast.com\/wordpress\/plugins\/seo\/ -->\n<title>Photoinitiator MPBZ Cas No 86428-83-3 manufacturer-Longchang Chemical<\/title>\n<meta name=\"description\" content=\"MPBZ ( biphenyl-4-yl-(3-methylphenyl)methanone ) is used as a cationic photoinitiator and is the key product of Longchang Chemical. We are the leading Photoinitaitor manufacturer and supplier in China with the best quanlity and competitive price.\" \/>\n<meta name=\"robots\" content=\"index, follow, max-snippet:-1, max-image-preview:large, max-video-preview:-1\" \/>\n<link rel=\"canonical\" href=\"https:\/\/longchangchemical.com\/pt\/product\/photoinitiator-mpbz-6012\/\" \/>\n<meta property=\"og:locale\" content=\"pt_BR\" \/>\n<meta property=\"og:type\" content=\"article\" \/>\n<meta property=\"og:title\" content=\"Photoinitiator MPBZ Cas No 86428-83-3 manufacturer-Longchang Chemical\" \/>\n<meta property=\"og:description\" content=\"MPBZ ( biphenyl-4-yl-(3-methylphenyl)methanone ) is used as a cationic photoinitiator and is the key product of Longchang Chemical. We are the leading Photoinitaitor manufacturer and supplier in China with the best quanlity and competitive price.\" \/>\n<meta property=\"og:url\" content=\"https:\/\/longchangchemical.com\/pt\/product\/photoinitiator-mpbz-6012\/\" \/>\n<meta property=\"og:site_name\" content=\"Longchang Chemical\" \/>\n<meta property=\"article:modified_time\" content=\"2026-05-08T03:00:12+00:00\" \/>\n<meta property=\"og:image\" content=\"https:\/\/longchangchemical.com\/wp-content\/uploads\/2024\/11\/86428-83-3-1.jpg\" \/>\n\t<meta property=\"og:image:width\" content=\"600\" \/>\n\t<meta property=\"og:image:height\" content=\"600\" \/>\n\t<meta property=\"og:image:type\" content=\"image\/jpeg\" \/>\n<meta name=\"twitter:card\" content=\"summary_large_image\" \/>\n<script type=\"application\/ld+json\" class=\"yoast-schema-graph\">{\"@context\":\"https:\/\/schema.org\",\"@graph\":[{\"@type\":\"WebPage\",\"@id\":\"https:\/\/longchangchemical.com\/product\/photoinitiator-mpbz-6012\/\",\"url\":\"https:\/\/longchangchemical.com\/product\/photoinitiator-mpbz-6012\/\",\"name\":\"Photoinitiator MPBZ Cas No 86428-83-3 manufacturer-Longchang Chemical\",\"isPartOf\":{\"@id\":\"https:\/\/longchangchemical.com\/#website\"},\"primaryImageOfPage\":{\"@id\":\"https:\/\/longchangchemical.com\/product\/photoinitiator-mpbz-6012\/#primaryimage\"},\"image\":{\"@id\":\"https:\/\/longchangchemical.com\/product\/photoinitiator-mpbz-6012\/#primaryimage\"},\"thumbnailUrl\":\"https:\/\/longchangchemical.com\/wp-content\/uploads\/2024\/11\/86428-83-3-1.jpg\",\"datePublished\":\"2024-11-11T06:01:20+00:00\",\"dateModified\":\"2026-05-08T03:00:12+00:00\",\"description\":\"MPBZ ( biphenyl-4-yl-(3-methylphenyl)methanone ) is used as a cationic photoinitiator and is the key product of Longchang Chemical. We are the leading Photoinitaitor manufacturer and supplier in China with the best quanlity and competitive price.\",\"breadcrumb\":{\"@id\":\"https:\/\/longchangchemical.com\/product\/photoinitiator-mpbz-6012\/#breadcrumb\"},\"inLanguage\":\"pt-BR\",\"potentialAction\":[{\"@type\":\"ReadAction\",\"target\":[\"https:\/\/longchangchemical.com\/product\/photoinitiator-mpbz-6012\/\"]}]},{\"@type\":\"ImageObject\",\"inLanguage\":\"pt-BR\",\"@id\":\"https:\/\/longchangchemical.com\/product\/photoinitiator-mpbz-6012\/#primaryimage\",\"url\":\"https:\/\/longchangchemical.com\/wp-content\/uploads\/2024\/11\/86428-83-3-1.jpg\",\"contentUrl\":\"https:\/\/longchangchemical.com\/wp-content\/uploads\/2024\/11\/86428-83-3-1.jpg\",\"width\":600,\"height\":600},{\"@type\":\"BreadcrumbList\",\"@id\":\"https:\/\/longchangchemical.com\/product\/photoinitiator-mpbz-6012\/#breadcrumb\",\"itemListElement\":[{\"@type\":\"ListItem\",\"position\":1,\"name\":\"Home\",\"item\":\"https:\/\/longchangchemical.com\/\"},{\"@type\":\"ListItem\",\"position\":2,\"name\":\"Products Longchang\",\"item\":\"https:\/\/longchangchemical.com\/product\/\"},{\"@type\":\"ListItem\",\"position\":3,\"name\":\"CHLUMINIT\u00ae MPBZ(6021) \/ Photoinitiator MPBZ (6012) CAS 86428-83-3\"}]},{\"@type\":\"WebSite\",\"@id\":\"https:\/\/longchangchemical.com\/#website\",\"url\":\"https:\/\/longchangchemical.com\/\",\"name\":\"Longchang Chemical\",\"description\":\"China chemical manufacturer \uff06 supplier\",\"publisher\":{\"@id\":\"https:\/\/longchangchemical.com\/#organization\"},\"potentialAction\":[{\"@type\":\"SearchAction\",\"target\":{\"@type\":\"EntryPoint\",\"urlTemplate\":\"https:\/\/longchangchemical.com\/?s={search_term_string}\"},\"query-input\":{\"@type\":\"PropertyValueSpecification\",\"valueRequired\":true,\"valueName\":\"search_term_string\"}}],\"inLanguage\":\"pt-BR\"},{\"@type\":\"Organization\",\"@id\":\"https:\/\/longchangchemical.com\/#organization\",\"name\":\"Longchang Chemical\",\"url\":\"https:\/\/longchangchemical.com\/\",\"logo\":{\"@type\":\"ImageObject\",\"inLanguage\":\"pt-BR\",\"@id\":\"https:\/\/longchangchemical.com\/#\/schema\/logo\/image\/\",\"url\":\"https:\/\/longchangchemical.com\/wp-content\/uploads\/2020\/08\/cropped-longchang-logo.png\",\"contentUrl\":\"https:\/\/longchangchemical.com\/wp-content\/uploads\/2020\/08\/cropped-longchang-logo.png\",\"width\":512,\"height\":512,\"caption\":\"Longchang Chemical\"},\"image\":{\"@id\":\"https:\/\/longchangchemical.com\/#\/schema\/logo\/image\/\"}}]}<\/script>\n<!-- \/ Yoast SEO plugin. -->","yoast_head_json":{"title":"Fotoiniciador MPBZ Cas No 86428-83-3 fabricante-Longchang Chemical","description":"O MPBZ (bifenil-4-il-(3-metilfenil)metanona) \u00e9 usado como um fotoiniciador cati\u00f4nico e \u00e9 o principal produto da Longchang Chemical. Somos o principal fabricante e fornecedor de fotoiniciador na China, com a melhor qualidade e pre\u00e7o competitivo.","robots":{"index":"index","follow":"follow","max-snippet":"max-snippet:-1","max-image-preview":"max-image-preview:large","max-video-preview":"max-video-preview:-1"},"canonical":"https:\/\/longchangchemical.com\/pt\/product\/photoinitiator-mpbz-6012\/","og_locale":"pt_BR","og_type":"article","og_title":"Photoinitiator MPBZ Cas No 86428-83-3 manufacturer-Longchang Chemical","og_description":"MPBZ ( biphenyl-4-yl-(3-methylphenyl)methanone ) is used as a cationic photoinitiator and is the key product of Longchang Chemical. We are the leading Photoinitaitor manufacturer and supplier in China with the best quanlity and competitive price.","og_url":"https:\/\/longchangchemical.com\/pt\/product\/photoinitiator-mpbz-6012\/","og_site_name":"Longchang Chemical","article_modified_time":"2026-05-08T03:00:12+00:00","og_image":[{"width":600,"height":600,"url":"https:\/\/longchangchemical.com\/wp-content\/uploads\/2024\/11\/86428-83-3-1.jpg","type":"image\/jpeg"}],"twitter_card":"summary_large_image","schema":{"@context":"https:\/\/schema.org","@graph":[{"@type":"WebPage","@id":"https:\/\/longchangchemical.com\/product\/photoinitiator-mpbz-6012\/","url":"https:\/\/longchangchemical.com\/product\/photoinitiator-mpbz-6012\/","name":"Fotoiniciador MPBZ Cas No 86428-83-3 fabricante-Longchang Chemical","isPartOf":{"@id":"https:\/\/longchangchemical.com\/#website"},"primaryImageOfPage":{"@id":"https:\/\/longchangchemical.com\/product\/photoinitiator-mpbz-6012\/#primaryimage"},"image":{"@id":"https:\/\/longchangchemical.com\/product\/photoinitiator-mpbz-6012\/#primaryimage"},"thumbnailUrl":"https:\/\/longchangchemical.com\/wp-content\/uploads\/2024\/11\/86428-83-3-1.jpg","datePublished":"2024-11-11T06:01:20+00:00","dateModified":"2026-05-08T03:00:12+00:00","description":"O MPBZ (bifenil-4-il-(3-metilfenil)metanona) \u00e9 usado como um fotoiniciador cati\u00f4nico e \u00e9 o principal produto da Longchang Chemical. Somos o principal fabricante e fornecedor de fotoiniciador na China, com a melhor qualidade e pre\u00e7o competitivo.","breadcrumb":{"@id":"https:\/\/longchangchemical.com\/product\/photoinitiator-mpbz-6012\/#breadcrumb"},"inLanguage":"pt-BR","potentialAction":[{"@type":"ReadAction","target":["https:\/\/longchangchemical.com\/product\/photoinitiator-mpbz-6012\/"]}]},{"@type":"ImageObject","inLanguage":"pt-BR","@id":"https:\/\/longchangchemical.com\/product\/photoinitiator-mpbz-6012\/#primaryimage","url":"https:\/\/longchangchemical.com\/wp-content\/uploads\/2024\/11\/86428-83-3-1.jpg","contentUrl":"https:\/\/longchangchemical.com\/wp-content\/uploads\/2024\/11\/86428-83-3-1.jpg","width":600,"height":600},{"@type":"BreadcrumbList","@id":"https:\/\/longchangchemical.com\/product\/photoinitiator-mpbz-6012\/#breadcrumb","itemListElement":[{"@type":"ListItem","position":1,"name":"Home","item":"https:\/\/longchangchemical.com\/"},{"@type":"ListItem","position":2,"name":"Products Longchang","item":"https:\/\/longchangchemical.com\/product\/"},{"@type":"ListItem","position":3,"name":"CHLUMINIT\u00ae MPBZ(6021) \/ Photoinitiator MPBZ (6012) CAS 86428-83-3"}]},{"@type":"WebSite","@id":"https:\/\/longchangchemical.com\/#website","url":"https:\/\/longchangchemical.com\/","name":"Qu\u00edmica Longchang","description":"Fabricante de produtos qu\u00edmicos na China \uff06 fornecedor","publisher":{"@id":"https:\/\/longchangchemical.com\/#organization"},"potentialAction":[{"@type":"SearchAction","target":{"@type":"EntryPoint","urlTemplate":"https:\/\/longchangchemical.com\/?s={search_term_string}"},"query-input":{"@type":"PropertyValueSpecification","valueRequired":true,"valueName":"search_term_string"}}],"inLanguage":"pt-BR"},{"@type":"Organization","@id":"https:\/\/longchangchemical.com\/#organization","name":"Qu\u00edmica Longchang","url":"https:\/\/longchangchemical.com\/","logo":{"@type":"ImageObject","inLanguage":"pt-BR","@id":"https:\/\/longchangchemical.com\/#\/schema\/logo\/image\/","url":"https:\/\/longchangchemical.com\/wp-content\/uploads\/2020\/08\/cropped-longchang-logo.png","contentUrl":"https:\/\/longchangchemical.com\/wp-content\/uploads\/2020\/08\/cropped-longchang-logo.png","width":512,"height":512,"caption":"Longchang Chemical"},"image":{"@id":"https:\/\/longchangchemical.com\/#\/schema\/logo\/image\/"}}]}},"_links":{"self":[{"href":"https:\/\/longchangchemical.com\/pt\/wp-json\/wp\/v2\/product\/7562","targetHints":{"allow":["GET"]}}],"collection":[{"href":"https:\/\/longchangchemical.com\/pt\/wp-json\/wp\/v2\/product"}],"about":[{"href":"https:\/\/longchangchemical.com\/pt\/wp-json\/wp\/v2\/types\/product"}],"replies":[{"embeddable":true,"href":"https:\/\/longchangchemical.com\/pt\/wp-json\/wp\/v2\/comments?post=7562"}],"wp:featuredmedia":[{"embeddable":true,"href":"https:\/\/longchangchemical.com\/pt\/wp-json\/wp\/v2\/media\/8089"}],"wp:attachment":[{"href":"https:\/\/longchangchemical.com\/pt\/wp-json\/wp\/v2\/media?parent=7562"}],"wp:term":[{"taxonomy":"product_brand","embeddable":true,"href":"https:\/\/longchangchemical.com\/pt\/wp-json\/wp\/v2\/product_brand?post=7562"},{"taxonomy":"product_cat","embeddable":true,"href":"https:\/\/longchangchemical.com\/pt\/wp-json\/wp\/v2\/product_cat?post=7562"},{"taxonomy":"product_tag","embeddable":true,"href":"https:\/\/longchangchemical.com\/pt\/wp-json\/wp\/v2\/product_tag?post=7562"}],"curies":[{"name":"wp","href":"https:\/\/api.w.org\/{rel}","templated":true}]}}