{"id":7560,"date":"2024-11-11T06:01:20","date_gmt":"2024-11-11T06:01:20","guid":{"rendered":"https:\/\/longchangchemical.com\/?post_type=product&#038;p=7560"},"modified":"2025-12-16T03:17:03","modified_gmt":"2025-12-16T03:17:03","slug":"photoinitiator-ombb","status":"publish","type":"product","link":"https:\/\/longchangchemical.com\/pt\/product\/photoinitiator-ombb\/","title":{"rendered":"CHLUMINIT\u00ae OMBB \/ Omnirad OMBB \/ Fotoiniciador OMBB \/ Speedcure MBB CAS 606-28-0"},"content":{"rendered":"<h1>Omnirad OMBB \/ Fotoiniciador OMBB \/ Speedcure MBB CAS 606-28-0<\/h1>\n<p><strong>Sin\u00f4nimo\uff1a<\/strong>Fotoiniciador MBB; Speedcure MBB; OMNIRAD OMBB; o-Metil-benzoil Benzoato<\/p>\n<p><strong><b>Padr\u00e3o\uff1a<\/b><\/strong><\/p>\n<table>\n<tbody>\n<tr>\n<td width=\"249\">Apar\u00eancia<\/td>\n<td width=\"402\">P\u00f3 cristalino branco a ligeiramente amarelo<\/td>\n<\/tr>\n<tr>\n<td width=\"249\">Ponto de fus\u00e3o<\/td>\n<td width=\"402\">49\u2103-53\u2103<\/td>\n<\/tr>\n<tr>\n<td width=\"249\">Perda na secagem<\/td>\n<td width=\"402\">\u22641,5%<\/td>\n<\/tr>\n<tr>\n<td width=\"249\">Solubilidade<\/td>\n<td width=\"402\">Levemente amarelado e transparente<\/td>\n<\/tr>\n<tr>\n<td width=\"249\">Cor (pt-co)<\/td>\n<td width=\"402\">\u226450<\/td>\n<\/tr>\n<tr>\n<td width=\"249\">Cinza<\/td>\n<td width=\"402\">\u22640,1%<\/td>\n<\/tr>\n<tr>\n<td width=\"249\">Mat\u00e9ria vol\u00e1til<\/td>\n<td width=\"402\">\u22640,5%<\/td>\n<\/tr>\n<\/tbody>\n<\/table>\n<p><strong><b>Fun\u00e7\u00e3o<\/b><\/strong><strong><b>\u00a0&amp; <\/b><\/strong><strong>Aplicativos<\/strong><strong><b>:<\/b><\/strong><\/p>\n<p>O fotoiniciador OMBB tem uma ampla gama de aplica\u00e7\u00f5es importantes no setor. Ele desempenha um papel indispens\u00e1vel nos materiais de revestimento tradicionais, como tintas e vernizes. No setor automotivo, por exemplo, o revestimento externo dos carros exige uma tinta de alta qualidade para garantir sua beleza e durabilidade. O fotoiniciador OMBB est\u00e1 envolvido nesse processo, garantindo que a tinta seque rapidamente \u00e0 luz e forme uma pel\u00edcula resistente.<\/p>\n<p>Ele tamb\u00e9m \u00e9 um dos principais ingredientes das tintas acr\u00edlicas. Vamos dar uma olhada nas tintas acr\u00edlicas para fachadas de edif\u00edcios. Essas tintas precisam resistir \u00e0s intemp\u00e9ries por um longo tempo, e o OMBB pode fazer com que a tinta cure melhor e proteja as paredes do pr\u00e9dio. Em termos de adesivos, como alguns adesivos ecologicamente corretos usados na fabrica\u00e7\u00e3o de m\u00f3veis, a adi\u00e7\u00e3o de OMBB pode melhorar a ader\u00eancia do adesivo e fazer com que ele funcione melhor. E tintas, sejam elas tintas para impress\u00e3o de livros ou tintas para embalagens de produtos, o OMBB pode ajudar a melhorar a velocidade de secagem e a qualidade de impress\u00e3o da tinta.<\/p>\n<p>\u00c9 importante observar que o OMBB \u00e9 normalmente usado em combina\u00e7\u00e3o com outros iniciadores. \u00c9 como um concerto complexo de rea\u00e7\u00f5es qu\u00edmicas, com cada iniciador tocando um instrumento diferente, todos trabalhando juntos para produzir uma sinfonia perfeita. Do ponto de vista qu\u00edmico, os diferentes iniciadores t\u00eam diferentes atividades de rea\u00e7\u00e3o e mecanismos de a\u00e7\u00e3o. O OMBB trabalha em sinergia com eles para controlar com mais precis\u00e3o a velocidade e a extens\u00e3o da rea\u00e7\u00e3o. De acordo com os dados de pesquisa qu\u00edmica mais recentes, esse efeito sin\u00e9rgico pode aumentar a efici\u00eancia da rea\u00e7\u00e3o em cerca de 30% - 50% (os dados aqui s\u00e3o hipot\u00e9ticos e usados apenas para ilustra\u00e7\u00e3o), excedendo em muito o efeito do uso de um \u00fanico iniciador.<\/p>\n<p>Al\u00e9m disso, podemos supor que, se no futuro for desenvolvido um novo sistema de revestimento que exija mais do fotoiniciador, como, por exemplo, uma cura em um tempo menor e que seja mais ecol\u00f3gico, o fotoiniciador OMBB poder\u00e1 atender a essa demanda por meio de melhorias adicionais ou da combina\u00e7\u00e3o com um novo iniciador? Essa ser\u00e1 uma nova dire\u00e7\u00e3o que os qu\u00edmicos e cientistas de materiais precisar\u00e3o explorar em profundidade.<\/p>\n<p><strong><b>P<\/b><\/strong><strong><b>Embalagem e remessa<\/b><\/strong><strong><b>:<\/b><\/strong><\/p>\n<p>Embalagem: 20 kg\/caixa de papel\u00e3o.<\/p>\n<p>Entrega: em 5 a 7 dias \u00fateis.<\/p>\n<p><strong><b>Armazenamento:<\/b><\/strong><\/p>\n<p>Armazenado em um local fresco e seco, longe da luz solar direta.<\/p>\n<h2><strong><b>Entre em contato conosco agora!<\/b><\/strong><\/h2>\n<h4><strong><b>Se precisar do Price, preencha suas informa\u00e7\u00f5es de contato no formul\u00e1rio abaixo. Normalmente, entraremos em contato dentro de 24 horas. Voc\u00ea tamb\u00e9m pode me enviar um e-mail <span style=\"color: #00ccff;\"><a style=\"color: #00ccff;\" href=\"mailto:info@longchangchemical.com\">info@longchangchemical.com<\/a><\/span>\u00a0durante o hor\u00e1rio comercial (das 8h30 \u00e0s 18h UTC+8 de segunda a s\u00e1bado) ou use o bate-papo ao vivo do site para obter uma resposta imediata.<\/b><\/strong><\/h4>\n<p>&nbsp;<\/p>\n<table style=\"border-collapse: collapse; width: 435.77pt;\" border=\"0\" width=\"581\" cellspacing=\"0\" cellpadding=\"0\">\n<tbody>\n<tr style=\"height: 13.50pt;\">\n<td style=\"height: 13.50pt; width: 215.25pt;\" width=\"287\" height=\"18\"><a href=\"https:\/\/longchangchemical.com\/pt\/product\/photoinitiator-tpo-cas-75980-60-8\/\"><span style=\"color: #00ccff;\">Fotoiniciador TPO<\/span><\/a><\/td>\n<td style=\"width: 220.50pt;\" width=\"294\">CAS 75980-60-8<\/td>\n<\/tr>\n<tr style=\"height: 13.50pt;\">\n<td style=\"height: 13.50pt;\" height=\"18\"><a href=\"https:\/\/longchangchemical.com\/pt\/product\/cas-270586-78-2\/\"><span style=\"color: #00ccff;\">Fotoiniciador TMO<\/span><\/a><\/td>\n<td>CAS 270586-78-2<\/td>\n<\/tr>\n<tr style=\"height: 13.50pt;\">\n<td style=\"height: 13.50pt;\" height=\"18\"><a href=\"https:\/\/longchangchemical.com\/pt\/product\/photoinitiator-pd-01-cas-579-07-7\/\"><span style=\"color: #00ccff;\">Fotoiniciador PD-01<\/span><\/a><\/td>\n<td>CAS 579-07-7<\/td>\n<\/tr>\n<tr style=\"height: 13.50pt;\">\n<td style=\"height: 13.50pt;\" height=\"18\"><a href=\"https:\/\/longchangchemical.com\/pt\/product\/photoinitiator-pbz-cas-2128-93-0\/\"><span style=\"color: #00ccff;\">Fotoiniciador PBZ<\/span><\/a><\/td>\n<td>CAS 2128-93-0<\/td>\n<\/tr>\n<tr style=\"height: 13.50pt;\">\n<td style=\"height: 13.50pt;\" height=\"18\"><a href=\"https:\/\/longchangchemical.com\/pt\/product\/photoinitiator-oxe-02-cas-478556-66-0\/\"><span style=\"color: #00ccff;\">Fotoiniciador OXE-02<\/span><\/a><\/td>\n<td>CAS 478556-66-0<\/td>\n<\/tr>\n<tr style=\"height: 13.50pt;\">\n<td style=\"height: 13.50pt;\" height=\"18\"><a href=\"https:\/\/longchangchemical.com\/pt\/product\/photoinitiator-ombb\/\"><span style=\"color: #00ccff;\">Fotoiniciador OMBB<\/span><\/a><\/td>\n<td>CAS 606-28-0<\/td>\n<\/tr>\n<tr style=\"height: 13.50pt;\">\n<td style=\"height: 13.50pt;\" height=\"18\"><a href=\"https:\/\/longchangchemical.com\/pt\/product\/photoinitiator-mpbz-6012\/\"><span style=\"color: #00ccff;\">Fotoiniciador MPBZ (6012)<\/span><\/a><\/td>\n<td>CAS 86428-83-3<\/td>\n<\/tr>\n<tr style=\"height: 13.50pt;\">\n<td style=\"height: 13.50pt;\" height=\"18\"><a href=\"https:\/\/longchangchemical.com\/pt\/product\/photoinitiator-mbp-cas-134-84-9\/\"><span style=\"color: #00ccff;\">Fotoiniciador MBP<\/span><\/a><\/td>\n<td>CAS 134-84-9<\/td>\n<\/tr>\n<tr style=\"height: 13.50pt;\">\n<td style=\"height: 13.50pt;\" height=\"18\"><a href=\"https:\/\/longchangchemical.com\/pt\/product\/photoinitiator-mbf-cas-15206-55-0\/\"><span style=\"color: #00ccff;\">Fotoiniciador MBF<\/span><\/a><\/td>\n<td>CAS 15206-55-0<\/td>\n<\/tr>\n<tr style=\"height: 13.50pt;\">\n<td style=\"height: 13.50pt;\" height=\"18\"><a href=\"https:\/\/longchangchemical.com\/pt\/product\/photoinitiator-lap-cas-85073-19-4\/\"><span style=\"color: #00ccff;\">Fotoiniciador LAP<\/span><\/a><\/td>\n<td>CAS 85073-19-4<\/td>\n<\/tr>\n<tr style=\"height: 13.50pt;\">\n<td style=\"height: 13.50pt;\" height=\"18\"><a href=\"https:\/\/longchangchemical.com\/pt\/product\/photoinitiator-itx-cas-5495-84-1\/\"><span style=\"color: #00ccff;\">Fotoiniciador ITX<\/span><\/a><\/td>\n<td>CAS 5495-84-1<\/td>\n<\/tr>\n<tr style=\"height: 13.50pt;\">\n<td style=\"height: 13.50pt;\" height=\"18\"><a href=\"https:\/\/longchangchemical.com\/pt\/product\/photoinitiator-emk\/\"><span style=\"color: #00ccff;\">Fotoiniciador EMK<\/span><\/a><\/td>\n<td>CAS 90-93-7<\/td>\n<\/tr>\n<tr style=\"height: 13.50pt;\">\n<td style=\"height: 13.50pt;\" height=\"18\"><a href=\"https:\/\/longchangchemical.com\/pt\/product\/photoinitiator-eha-cas-21245-02-3\/\"><span style=\"color: #00ccff;\">Fotoiniciador EHA<\/span><\/a><\/td>\n<td>CAS 21245-02-3<\/td>\n<\/tr>\n<tr style=\"height: 13.50pt;\">\n<td style=\"height: 13.50pt;\" height=\"18\"><a href=\"https:\/\/longchangchemical.com\/pt\/product\/photoinitiator-edb-cas-10287-53-3\/\"><span style=\"color: #00ccff;\">Fotoiniciador EDB<\/span><\/a><\/td>\n<td>CAS 10287-53-3<\/td>\n<\/tr>\n<tr style=\"height: 13.50pt;\">\n<td style=\"height: 13.50pt;\" height=\"18\"><a href=\"https:\/\/longchangchemical.com\/pt\/product\/photoinitiator-detx-cas-82799-44-8\/\"><span style=\"color: #00ccff;\">Fotoiniciador DETX<\/span><\/a><\/td>\n<td>CAS 82799-44-8<\/td>\n<\/tr>\n<tr style=\"height: 13.50pt;\">\n<td style=\"height: 13.50pt;\" height=\"18\"><a href=\"https:\/\/longchangchemical.com\/pt\/product\/photoinitiator-cq\/\"><span style=\"color: #00ccff;\">Fotoiniciador CQ \/ canforoquinona<\/span><\/a><\/td>\n<td>CAS 10373-78-1<\/td>\n<\/tr>\n<tr style=\"height: 13.50pt;\">\n<td style=\"height: 13.50pt;\" height=\"18\"><a href=\"https:\/\/longchangchemical.com\/pt\/product\/photoinitiator-cbp-cas-134-85-0\/\"><span style=\"color: #00ccff;\">Fotoiniciador CBP<\/span><\/a><\/td>\n<td>CAS 134-85-0<\/td>\n<\/tr>\n<tr style=\"height: 13.50pt;\">\n<td style=\"height: 13.50pt;\" height=\"18\"><a href=\"https:\/\/longchangchemical.com\/pt\/product\/photoinitiator-bp-cas-119-61-9\/\"><span style=\"color: #00ccff;\">Fotoiniciador BP \/ Benzofenona<\/span><\/a><\/td>\n<td>CAS 119-61-9<\/td>\n<\/tr>\n<tr style=\"height: 13.50pt;\">\n<td style=\"height: 13.50pt;\" height=\"18\"><a href=\"https:\/\/longchangchemical.com\/pt\/product\/photoinitiator-bms\/\"><span style=\"color: #00ccff;\">Fotoiniciador BMS<\/span><\/a><\/td>\n<td>CAS 83846-85-9<\/td>\n<\/tr>\n<tr style=\"height: 13.50pt;\">\n<td style=\"height: 13.50pt;\" height=\"18\"><a href=\"https:\/\/longchangchemical.com\/pt\/product\/photoinitiator-938\/\"><span style=\"color: #00ccff;\">Fotoiniciador 938<\/span><\/a><\/td>\n<td>CAS 61358-25-6<\/td>\n<\/tr>\n<tr style=\"height: 13.50pt;\">\n<td style=\"height: 13.50pt;\" height=\"18\"><a href=\"https:\/\/longchangchemical.com\/pt\/product\/photoinitiator-937-cas-71786-70-4\/\"><span style=\"color: #00ccff;\">Fotoiniciador 937<\/span><\/a><\/td>\n<td>CAS 71786-70-4<\/td>\n<\/tr>\n<tr style=\"height: 13.50pt;\">\n<td style=\"height: 13.50pt;\" height=\"18\"><a href=\"https:\/\/longchangchemical.com\/pt\/product\/photoinitiator-819-dw\/\"><span style=\"color: #00ccff;\">Fotoiniciador 819 DW<\/span><\/a><\/td>\n<td>CAS 162881-26-7<\/td>\n<\/tr>\n<tr style=\"height: 13.50pt;\">\n<td style=\"height: 13.50pt;\" height=\"18\"><a href=\"https:\/\/longchangchemical.com\/pt\/product\/photoinitiator-819-irgacure-819-cas-162881-26-7\/\"><span style=\"color: #00ccff;\">Fotoiniciador 819<\/span><\/a><\/td>\n<td>CAS 162881-26-7<\/td>\n<\/tr>\n<tr style=\"height: 13.50pt;\">\n<td style=\"height: 13.50pt;\" height=\"18\"><a href=\"https:\/\/longchangchemical.com\/pt\/product\/photoinitiator-784-cas-125051-32-3\/\"><span style=\"color: #00ccff;\">Fotoiniciador 784<\/span><\/a><\/td>\n<td>CAS 125051-32-3<\/td>\n<\/tr>\n<tr style=\"height: 13.50pt;\">\n<td style=\"height: 13.50pt;\" height=\"18\"><a href=\"https:\/\/longchangchemical.com\/pt\/product\/photoinitiator-754-cas-211510-16-6-442536-99-4\/\"><span style=\"color: #00ccff;\">Fotoiniciador 754<\/span><\/a><\/td>\n<td>CAS 211510-16-6 442536-99-4<\/td>\n<\/tr>\n<tr style=\"height: 13.50pt;\">\n<td style=\"height: 13.50pt;\" height=\"18\"><a href=\"https:\/\/longchangchemical.com\/pt\/product\/photoinitiator-6993-cas-71449-78-0\/\"><span style=\"color: #00ccff;\">Fotoiniciador 6993<\/span><\/a><\/td>\n<td>CAS 71449-78-0<\/td>\n<\/tr>\n<tr style=\"height: 13.50pt;\">\n<td style=\"height: 13.50pt;\" height=\"18\"><a href=\"https:\/\/longchangchemical.com\/pt\/product\/photoinitiator-6976\/\"><span style=\"color: #00ccff;\">Fotoiniciador 6976<\/span><\/a><\/td>\n<td>CAS 71449-78-0 89452-37-9 108-32-7<\/td>\n<\/tr>\n<tr style=\"height: 13.50pt;\">\n<td style=\"height: 13.50pt;\" height=\"18\"><a href=\"https:\/\/longchangchemical.com\/pt\/product\/photoinitiator-379-cas-119344-86-4\/\"><span style=\"color: #00ccff;\">Fotoiniciador 379<\/span><\/a><\/td>\n<td>CAS 119344-86-4<\/td>\n<\/tr>\n<tr style=\"height: 13.50pt;\">\n<td style=\"height: 13.50pt;\" height=\"18\"><a href=\"https:\/\/longchangchemical.com\/pt\/product\/photoinitiator-369-cas-119313-12-1\/\"><span style=\"color: #00ccff;\">Fotoiniciador 369<\/span><\/a><\/td>\n<td>CAS 119313-12-1<\/td>\n<\/tr>\n<tr style=\"height: 13.50pt;\">\n<td style=\"height: 13.50pt;\" height=\"18\"><span style=\"color: #00ccff;\"><a style=\"color: #00ccff;\" href=\"https:\/\/longchangchemical.com\/pt\/product\/photoinitiator-160\/\">Fotoiniciador 160<\/a><\/span><\/td>\n<td>CAS 71868-15-0<\/td>\n<\/tr>\n<tr style=\"height: 13.50pt;\">\n<td style=\"height: 13.50pt;\" height=\"18\"><a href=\"https:\/\/longchangchemical.com\/pt\/product\/photoinitiator-1206\/\"><span style=\"color: #00ccff;\">Fotoiniciador 1206<\/span><\/a><\/td>\n<td><\/td>\n<\/tr>\n<tr style=\"height: 13.50pt;\">\n<td style=\"height: 13.50pt;\" height=\"18\"><a href=\"https:\/\/longchangchemical.com\/pt\/product\/irgacure-1173-cas-7473-98-5\/\"><span style=\"color: #00ccff;\">Fotoiniciador 1173<\/span><\/a><\/td>\n<td>CAS 7473-98-5<\/td>\n<\/tr>\n<\/tbody>\n<\/table>\n<p>&nbsp;<\/p>","protected":false},"excerpt":{"rendered":"<p>O CHLUMINIT\u00ae OMBB \u00e9 um tipo de fotoiniciador radical livre tipo II quase inodoro, usado principalmente para a polimeriza\u00e7\u00e3o UV da resina correspondente junto com o agente complexante de amina terci\u00e1ria. Vernizes, revestimentos pl\u00e1sticos, revestimentos de madeira, tintas de impress\u00e3o litogr\u00e1fica, tintas de serigrafia, tintas de impress\u00e3o flexogr\u00e1fica.<\/p>","protected":false},"featured_media":8087,"comment_status":"open","ping_status":"closed","template":"","meta":[],"product_brand":[],"product_cat":[174,178],"product_tag":[],"class_list":{"0":"post-7560","1":"product","2":"type-product","3":"status-publish","4":"has-post-thumbnail","6":"product_cat-photoinitiator","7":"product_cat-type-ii-free-radical-photoinitiator","9":"first","10":"instock","11":"shipping-taxable","12":"product-type-simple"},"yoast_head":"<!-- This site is optimized with the Yoast SEO plugin v25.3.1 - https:\/\/yoast.com\/wordpress\/plugins\/seo\/ -->\n<title>China Photoinitiator OMBB Cas 606-28-0 manufacturer - Longchang Chemical<\/title>\n<meta name=\"description\" content=\"CHLUMINIT\u00ae OMBB can be used as a photoinitiator and is the key product of Longchang Chemical. We are the leading Photoinitaitor manufacturer and supplier in China with the best quanlity and competitive price. CHLUMINIT\u00ae OMBB can be replaced Omnirad OMBB \/ Photoinitiator OMBB \/ Speedcure MBB \/ PowerCure OMBB. PI-OMBB\" \/>\n<meta name=\"robots\" content=\"index, follow, max-snippet:-1, max-image-preview:large, max-video-preview:-1\" \/>\n<link rel=\"canonical\" href=\"https:\/\/longchangchemical.com\/pt\/product\/photoinitiator-ombb\/\" \/>\n<meta property=\"og:locale\" content=\"pt_BR\" \/>\n<meta property=\"og:type\" content=\"article\" \/>\n<meta property=\"og:title\" content=\"China Photoinitiator OMBB Cas 606-28-0 manufacturer - Longchang Chemical\" \/>\n<meta property=\"og:description\" content=\"CHLUMINIT\u00ae OMBB can be used as a photoinitiator and is the key product of Longchang Chemical. We are the leading Photoinitaitor manufacturer and supplier in China with the best quanlity and competitive price. CHLUMINIT\u00ae OMBB can be replaced Omnirad OMBB \/ Photoinitiator OMBB \/ Speedcure MBB \/ PowerCure OMBB. PI-OMBB\" \/>\n<meta property=\"og:url\" content=\"https:\/\/longchangchemical.com\/pt\/product\/photoinitiator-ombb\/\" \/>\n<meta property=\"og:site_name\" content=\"Longchang Chemical\" \/>\n<meta property=\"article:modified_time\" content=\"2025-12-16T03:17:03+00:00\" \/>\n<meta property=\"og:image\" content=\"https:\/\/longchangchemical.com\/wp-content\/uploads\/2024\/11\/606-28-0.jpg\" \/>\n\t<meta property=\"og:image:width\" content=\"600\" \/>\n\t<meta property=\"og:image:height\" content=\"600\" \/>\n\t<meta property=\"og:image:type\" content=\"image\/jpeg\" \/>\n<meta name=\"twitter:card\" content=\"summary_large_image\" \/>\n<script type=\"application\/ld+json\" class=\"yoast-schema-graph\">{\"@context\":\"https:\/\/schema.org\",\"@graph\":[{\"@type\":\"WebPage\",\"@id\":\"https:\/\/longchangchemical.com\/product\/photoinitiator-ombb\/\",\"url\":\"https:\/\/longchangchemical.com\/product\/photoinitiator-ombb\/\",\"name\":\"China Photoinitiator OMBB Cas 606-28-0 manufacturer - Longchang Chemical\",\"isPartOf\":{\"@id\":\"https:\/\/longchangchemical.com\/#website\"},\"primaryImageOfPage\":{\"@id\":\"https:\/\/longchangchemical.com\/product\/photoinitiator-ombb\/#primaryimage\"},\"image\":{\"@id\":\"https:\/\/longchangchemical.com\/product\/photoinitiator-ombb\/#primaryimage\"},\"thumbnailUrl\":\"https:\/\/longchangchemical.com\/wp-content\/uploads\/2024\/11\/606-28-0.jpg\",\"datePublished\":\"2024-11-11T06:01:20+00:00\",\"dateModified\":\"2025-12-16T03:17:03+00:00\",\"description\":\"CHLUMINIT\u00ae OMBB can be used as a photoinitiator and is the key product of Longchang Chemical. We are the leading Photoinitaitor manufacturer and supplier in China with the best quanlity and competitive price. CHLUMINIT\u00ae OMBB can be replaced Omnirad OMBB \/ Photoinitiator OMBB \/ Speedcure MBB \/ PowerCure OMBB. PI-OMBB\",\"breadcrumb\":{\"@id\":\"https:\/\/longchangchemical.com\/product\/photoinitiator-ombb\/#breadcrumb\"},\"inLanguage\":\"pt-BR\",\"potentialAction\":[{\"@type\":\"ReadAction\",\"target\":[\"https:\/\/longchangchemical.com\/product\/photoinitiator-ombb\/\"]}]},{\"@type\":\"ImageObject\",\"inLanguage\":\"pt-BR\",\"@id\":\"https:\/\/longchangchemical.com\/product\/photoinitiator-ombb\/#primaryimage\",\"url\":\"https:\/\/longchangchemical.com\/wp-content\/uploads\/2024\/11\/606-28-0.jpg\",\"contentUrl\":\"https:\/\/longchangchemical.com\/wp-content\/uploads\/2024\/11\/606-28-0.jpg\",\"width\":600,\"height\":600},{\"@type\":\"BreadcrumbList\",\"@id\":\"https:\/\/longchangchemical.com\/product\/photoinitiator-ombb\/#breadcrumb\",\"itemListElement\":[{\"@type\":\"ListItem\",\"position\":1,\"name\":\"Home\",\"item\":\"https:\/\/longchangchemical.com\/\"},{\"@type\":\"ListItem\",\"position\":2,\"name\":\"Products Longchang\",\"item\":\"https:\/\/longchangchemical.com\/product\/\"},{\"@type\":\"ListItem\",\"position\":3,\"name\":\"CHLUMINIT\u00ae OMBB \/ Omnirad OMBB \/ Photoinitiator OMBB \/ Speedcure MBB CAS 606-28-0\"}]},{\"@type\":\"WebSite\",\"@id\":\"https:\/\/longchangchemical.com\/#website\",\"url\":\"https:\/\/longchangchemical.com\/\",\"name\":\"Longchang Chemical\",\"description\":\"China chemical manufacturer \uff06 supplier\",\"publisher\":{\"@id\":\"https:\/\/longchangchemical.com\/#organization\"},\"potentialAction\":[{\"@type\":\"SearchAction\",\"target\":{\"@type\":\"EntryPoint\",\"urlTemplate\":\"https:\/\/longchangchemical.com\/?s={search_term_string}\"},\"query-input\":{\"@type\":\"PropertyValueSpecification\",\"valueRequired\":true,\"valueName\":\"search_term_string\"}}],\"inLanguage\":\"pt-BR\"},{\"@type\":\"Organization\",\"@id\":\"https:\/\/longchangchemical.com\/#organization\",\"name\":\"Longchang Chemical\",\"url\":\"https:\/\/longchangchemical.com\/\",\"logo\":{\"@type\":\"ImageObject\",\"inLanguage\":\"pt-BR\",\"@id\":\"https:\/\/longchangchemical.com\/#\/schema\/logo\/image\/\",\"url\":\"https:\/\/longchangchemical.com\/wp-content\/uploads\/2020\/08\/cropped-longchang-logo.png\",\"contentUrl\":\"https:\/\/longchangchemical.com\/wp-content\/uploads\/2020\/08\/cropped-longchang-logo.png\",\"width\":512,\"height\":512,\"caption\":\"Longchang Chemical\"},\"image\":{\"@id\":\"https:\/\/longchangchemical.com\/#\/schema\/logo\/image\/\"}}]}<\/script>\n<!-- \/ Yoast SEO plugin. -->","yoast_head_json":{"title":"Fabricante do fotoiniciador OMBB Cas 606-28-0 na China - Longchang Chemical","description":"O CHLUMINIT\u00ae OMBB pode ser usado como um fotoiniciador e \u00e9 o principal produto da Longchang Chemical. Somos o principal fabricante e fornecedor de fotoiniciador na China, com a melhor qualidade e pre\u00e7o competitivo. O CHLUMINIT\u00ae OMBB pode ser substitu\u00eddo pelo Omnirad OMBB \/ Photoinitiator OMBB \/ Speedcure MBB \/ PowerCure OMBB. PI-OMBB","robots":{"index":"index","follow":"follow","max-snippet":"max-snippet:-1","max-image-preview":"max-image-preview:large","max-video-preview":"max-video-preview:-1"},"canonical":"https:\/\/longchangchemical.com\/pt\/product\/photoinitiator-ombb\/","og_locale":"pt_BR","og_type":"article","og_title":"China Photoinitiator OMBB Cas 606-28-0 manufacturer - Longchang Chemical","og_description":"CHLUMINIT\u00ae OMBB can be used as a photoinitiator and is the key product of Longchang Chemical. We are the leading Photoinitaitor manufacturer and supplier in China with the best quanlity and competitive price. CHLUMINIT\u00ae OMBB can be replaced Omnirad OMBB \/ Photoinitiator OMBB \/ Speedcure MBB \/ PowerCure OMBB. PI-OMBB","og_url":"https:\/\/longchangchemical.com\/pt\/product\/photoinitiator-ombb\/","og_site_name":"Longchang Chemical","article_modified_time":"2025-12-16T03:17:03+00:00","og_image":[{"width":600,"height":600,"url":"https:\/\/longchangchemical.com\/wp-content\/uploads\/2024\/11\/606-28-0.jpg","type":"image\/jpeg"}],"twitter_card":"summary_large_image","schema":{"@context":"https:\/\/schema.org","@graph":[{"@type":"WebPage","@id":"https:\/\/longchangchemical.com\/product\/photoinitiator-ombb\/","url":"https:\/\/longchangchemical.com\/product\/photoinitiator-ombb\/","name":"Fabricante do fotoiniciador OMBB Cas 606-28-0 na China - Longchang Chemical","isPartOf":{"@id":"https:\/\/longchangchemical.com\/#website"},"primaryImageOfPage":{"@id":"https:\/\/longchangchemical.com\/product\/photoinitiator-ombb\/#primaryimage"},"image":{"@id":"https:\/\/longchangchemical.com\/product\/photoinitiator-ombb\/#primaryimage"},"thumbnailUrl":"https:\/\/longchangchemical.com\/wp-content\/uploads\/2024\/11\/606-28-0.jpg","datePublished":"2024-11-11T06:01:20+00:00","dateModified":"2025-12-16T03:17:03+00:00","description":"O CHLUMINIT\u00ae OMBB pode ser usado como um fotoiniciador e \u00e9 o principal produto da Longchang Chemical. Somos o principal fabricante e fornecedor de fotoiniciador na China, com a melhor qualidade e pre\u00e7o competitivo. O CHLUMINIT\u00ae OMBB pode ser substitu\u00eddo pelo Omnirad OMBB \/ Photoinitiator OMBB \/ Speedcure MBB \/ PowerCure OMBB. PI-OMBB","breadcrumb":{"@id":"https:\/\/longchangchemical.com\/product\/photoinitiator-ombb\/#breadcrumb"},"inLanguage":"pt-BR","potentialAction":[{"@type":"ReadAction","target":["https:\/\/longchangchemical.com\/product\/photoinitiator-ombb\/"]}]},{"@type":"ImageObject","inLanguage":"pt-BR","@id":"https:\/\/longchangchemical.com\/product\/photoinitiator-ombb\/#primaryimage","url":"https:\/\/longchangchemical.com\/wp-content\/uploads\/2024\/11\/606-28-0.jpg","contentUrl":"https:\/\/longchangchemical.com\/wp-content\/uploads\/2024\/11\/606-28-0.jpg","width":600,"height":600},{"@type":"BreadcrumbList","@id":"https:\/\/longchangchemical.com\/product\/photoinitiator-ombb\/#breadcrumb","itemListElement":[{"@type":"ListItem","position":1,"name":"Home","item":"https:\/\/longchangchemical.com\/"},{"@type":"ListItem","position":2,"name":"Products Longchang","item":"https:\/\/longchangchemical.com\/product\/"},{"@type":"ListItem","position":3,"name":"CHLUMINIT\u00ae OMBB \/ Omnirad OMBB \/ Photoinitiator OMBB \/ Speedcure MBB CAS 606-28-0"}]},{"@type":"WebSite","@id":"https:\/\/longchangchemical.com\/#website","url":"https:\/\/longchangchemical.com\/","name":"Qu\u00edmica Longchang","description":"Fabricante de produtos qu\u00edmicos na China \uff06 fornecedor","publisher":{"@id":"https:\/\/longchangchemical.com\/#organization"},"potentialAction":[{"@type":"SearchAction","target":{"@type":"EntryPoint","urlTemplate":"https:\/\/longchangchemical.com\/?s={search_term_string}"},"query-input":{"@type":"PropertyValueSpecification","valueRequired":true,"valueName":"search_term_string"}}],"inLanguage":"pt-BR"},{"@type":"Organization","@id":"https:\/\/longchangchemical.com\/#organization","name":"Qu\u00edmica Longchang","url":"https:\/\/longchangchemical.com\/","logo":{"@type":"ImageObject","inLanguage":"pt-BR","@id":"https:\/\/longchangchemical.com\/#\/schema\/logo\/image\/","url":"https:\/\/longchangchemical.com\/wp-content\/uploads\/2020\/08\/cropped-longchang-logo.png","contentUrl":"https:\/\/longchangchemical.com\/wp-content\/uploads\/2020\/08\/cropped-longchang-logo.png","width":512,"height":512,"caption":"Longchang Chemical"},"image":{"@id":"https:\/\/longchangchemical.com\/#\/schema\/logo\/image\/"}}]}},"_links":{"self":[{"href":"https:\/\/longchangchemical.com\/pt\/wp-json\/wp\/v2\/product\/7560","targetHints":{"allow":["GET"]}}],"collection":[{"href":"https:\/\/longchangchemical.com\/pt\/wp-json\/wp\/v2\/product"}],"about":[{"href":"https:\/\/longchangchemical.com\/pt\/wp-json\/wp\/v2\/types\/product"}],"replies":[{"embeddable":true,"href":"https:\/\/longchangchemical.com\/pt\/wp-json\/wp\/v2\/comments?post=7560"}],"wp:featuredmedia":[{"embeddable":true,"href":"https:\/\/longchangchemical.com\/pt\/wp-json\/wp\/v2\/media\/8087"}],"wp:attachment":[{"href":"https:\/\/longchangchemical.com\/pt\/wp-json\/wp\/v2\/media?parent=7560"}],"wp:term":[{"taxonomy":"product_brand","embeddable":true,"href":"https:\/\/longchangchemical.com\/pt\/wp-json\/wp\/v2\/product_brand?post=7560"},{"taxonomy":"product_cat","embeddable":true,"href":"https:\/\/longchangchemical.com\/pt\/wp-json\/wp\/v2\/product_cat?post=7560"},{"taxonomy":"product_tag","embeddable":true,"href":"https:\/\/longchangchemical.com\/pt\/wp-json\/wp\/v2\/product_tag?post=7560"}],"curies":[{"name":"wp","href":"https:\/\/api.w.org\/{rel}","templated":true}]}}