{"id":7555,"date":"2024-11-11T06:01:20","date_gmt":"2024-11-11T06:01:20","guid":{"rendered":"https:\/\/longchangchemical.com\/?post_type=product&#038;p=7555"},"modified":"2025-12-16T04:02:05","modified_gmt":"2025-12-16T04:02:05","slug":"photoinitiator-bp-cas-119-61-9","status":"publish","type":"product","link":"https:\/\/longchangchemical.com\/pt\/product\/photoinitiator-bp-cas-119-61-9\/","title":{"rendered":"Fotoiniciador BP \/ Benzofenona CAS 119-61-9"},"content":{"rendered":"<h1>Fotoiniciador BP CAS 119-61-9<\/h1>\n<p><strong>Nome qu\u00edmico: <\/strong>Benzofenona<\/p>\n<p><strong><b>Sin\u00f4nimo:<\/b><\/strong> Fotoiniciador BP; BP Flakes; alfa-oxoditano; benzoilbenzeno; difenilcetona; difenilmetanona; fenilcetona<\/p>\n<p><strong>N\u00famero CAS<\/strong>:119-61-9<\/p>\n<table>\n<tbody>\n<tr>\n<td width=\"269\">Apar\u00eancia<\/td>\n<td width=\"347\">Flocos brancos<\/td>\n<\/tr>\n<tr>\n<td width=\"269\">Pureza<\/td>\n<td width=\"347\">\u226599,7%<\/td>\n<\/tr>\n<tr>\n<td width=\"269\">Ponto de fus\u00e3o<\/td>\n<td width=\"347\">46-49 \u2103<\/td>\n<\/tr>\n<tr>\n<td width=\"269\">Vol\u00e1teis<\/td>\n<td width=\"347\">\u22640,1%<\/td>\n<\/tr>\n<tr>\n<td width=\"269\">Cor (Pt\/Co)<\/td>\n<td width=\"347\">\u226460<\/td>\n<\/tr>\n<\/tbody>\n<\/table>\n<p>&nbsp;<\/p>\n<p><strong><b>Uso<\/b><\/strong><\/p>\n<p>A benzofenona \u00e9 um absorvedor de radia\u00e7\u00e3o ultravioleta e intermedi\u00e1rio, como tintas, tintas de impress\u00e3o, adesivos, etc.<\/p>\n<p>Tamb\u00e9m pigmentos org\u00e2nicos, medicamentos, rem\u00e9dios, aromas e pesticidas; tamb\u00e9m o inibidor de estireno e fixador de compostos de perfumaria.<\/p>\n<p>Para dar tempero ao sabor doce, \u00e9 muito usado em perfumes e sabonetes.<\/p>\n<p><strong><b>Pacote<\/b><\/strong><\/p>\n<p>Saco de papel kraft de 25 kg ou embalagem de acordo com as especifica\u00e7\u00f5es do comprador (pode ser enlatado).<\/p>\n<p>&nbsp;<\/p>\n<p><strong><b>Prazo de validade e entrega<\/b><\/strong><\/p>\n<p>Prazo de validade: 24 meses a partir da data de fabrica\u00e7\u00e3o na embalagem original fechada e armazenada em local fresco e seco, longe da luz solar direta.<\/p>\n<h2><strong><b>Entre em contato conosco agora!<\/b><\/strong><\/h2>\n<h4><strong><b>Se precisar do Price, preencha suas informa\u00e7\u00f5es de contato no formul\u00e1rio abaixo. Normalmente, entraremos em contato dentro de 24 horas. Voc\u00ea tamb\u00e9m pode me enviar um e-mail <span style=\"color: #00ccff;\"><a style=\"color: #00ccff;\" href=\"mailto:info@longchangchemical.com\">info@longchangchemical.com<\/a><\/span>\u00a0durante o hor\u00e1rio comercial (das 8h30 \u00e0s 18h UTC+8 de segunda a s\u00e1bado) ou use o bate-papo ao vivo do site para obter uma resposta imediata.<\/b><\/strong><\/h4>\n<p>&nbsp;<\/p>\n<table style=\"border-collapse: collapse; width: 435.77pt;\" border=\"0\" width=\"581\" cellspacing=\"0\" cellpadding=\"0\">\n<tbody>\n<tr style=\"height: 13.50pt;\">\n<td style=\"height: 13.50pt; width: 215.25pt;\" width=\"287\" height=\"18\"><a href=\"https:\/\/longchangchemical.com\/pt\/product\/photoinitiator-tpo-cas-75980-60-8\/\"><span style=\"color: #00ccff;\">Fotoiniciador TPO<\/span><\/a><\/td>\n<td style=\"width: 220.50pt;\" width=\"294\">CAS 75980-60-8<\/td>\n<\/tr>\n<tr style=\"height: 13.50pt;\">\n<td style=\"height: 13.50pt;\" height=\"18\"><a href=\"https:\/\/longchangchemical.com\/pt\/product\/cas-270586-78-2\/\"><span style=\"color: #00ccff;\">Fotoiniciador TMO<\/span><\/a><\/td>\n<td>CAS 270586-78-2<\/td>\n<\/tr>\n<tr style=\"height: 13.50pt;\">\n<td style=\"height: 13.50pt;\" height=\"18\"><a href=\"https:\/\/longchangchemical.com\/pt\/product\/photoinitiator-pd-01-cas-579-07-7\/\"><span style=\"color: #00ccff;\">Fotoiniciador PD-01<\/span><\/a><\/td>\n<td>CAS 579-07-7<\/td>\n<\/tr>\n<tr style=\"height: 13.50pt;\">\n<td style=\"height: 13.50pt;\" height=\"18\"><a href=\"https:\/\/longchangchemical.com\/pt\/product\/photoinitiator-pbz-cas-2128-93-0\/\"><span style=\"color: #00ccff;\">Fotoiniciador PBZ<\/span><\/a><\/td>\n<td>CAS 2128-93-0<\/td>\n<\/tr>\n<tr style=\"height: 13.50pt;\">\n<td style=\"height: 13.50pt;\" height=\"18\"><a href=\"https:\/\/longchangchemical.com\/pt\/product\/photoinitiator-oxe-02-cas-478556-66-0\/\"><span style=\"color: #00ccff;\">Fotoiniciador OXE-02<\/span><\/a><\/td>\n<td>CAS 478556-66-0<\/td>\n<\/tr>\n<tr style=\"height: 13.50pt;\">\n<td style=\"height: 13.50pt;\" height=\"18\"><a href=\"https:\/\/longchangchemical.com\/pt\/product\/photoinitiator-ombb\/\"><span style=\"color: #00ccff;\">Fotoiniciador OMBB<\/span><\/a><\/td>\n<td>CAS 606-28-0<\/td>\n<\/tr>\n<tr style=\"height: 13.50pt;\">\n<td style=\"height: 13.50pt;\" height=\"18\"><a href=\"https:\/\/longchangchemical.com\/pt\/product\/photoinitiator-mpbz-6012\/\"><span style=\"color: #00ccff;\">Fotoiniciador MPBZ (6012)<\/span><\/a><\/td>\n<td>CAS 86428-83-3<\/td>\n<\/tr>\n<tr style=\"height: 13.50pt;\">\n<td style=\"height: 13.50pt;\" height=\"18\"><a href=\"https:\/\/longchangchemical.com\/pt\/product\/photoinitiator-mbp-cas-134-84-9\/\"><span style=\"color: #00ccff;\">Fotoiniciador MBP<\/span><\/a><\/td>\n<td>CAS 134-84-9<\/td>\n<\/tr>\n<tr style=\"height: 13.50pt;\">\n<td style=\"height: 13.50pt;\" height=\"18\"><a href=\"https:\/\/longchangchemical.com\/pt\/product\/photoinitiator-mbf-cas-15206-55-0\/\"><span style=\"color: #00ccff;\">Fotoiniciador MBF<\/span><\/a><\/td>\n<td>CAS 15206-55-0<\/td>\n<\/tr>\n<tr style=\"height: 13.50pt;\">\n<td style=\"height: 13.50pt;\" height=\"18\"><a href=\"https:\/\/longchangchemical.com\/pt\/product\/photoinitiator-lap-cas-85073-19-4\/\"><span style=\"color: #00ccff;\">Fotoiniciador LAP<\/span><\/a><\/td>\n<td>CAS 85073-19-4<\/td>\n<\/tr>\n<tr style=\"height: 13.50pt;\">\n<td style=\"height: 13.50pt;\" height=\"18\"><a href=\"https:\/\/longchangchemical.com\/pt\/product\/photoinitiator-itx-cas-5495-84-1\/\"><span style=\"color: #00ccff;\">Fotoiniciador ITX<\/span><\/a><\/td>\n<td>CAS 5495-84-1<\/td>\n<\/tr>\n<tr style=\"height: 13.50pt;\">\n<td style=\"height: 13.50pt;\" height=\"18\"><a href=\"https:\/\/longchangchemical.com\/pt\/product\/photoinitiator-emk\/\"><span style=\"color: #00ccff;\">Fotoiniciador EMK<\/span><\/a><\/td>\n<td>CAS 90-93-7<\/td>\n<\/tr>\n<tr style=\"height: 13.50pt;\">\n<td style=\"height: 13.50pt;\" height=\"18\"><a href=\"https:\/\/longchangchemical.com\/pt\/product\/photoinitiator-eha-cas-21245-02-3\/\"><span style=\"color: #00ccff;\">Fotoiniciador EHA<\/span><\/a><\/td>\n<td>CAS 21245-02-3<\/td>\n<\/tr>\n<tr style=\"height: 13.50pt;\">\n<td style=\"height: 13.50pt;\" height=\"18\"><a href=\"https:\/\/longchangchemical.com\/pt\/product\/photoinitiator-edb-cas-10287-53-3\/\"><span style=\"color: #00ccff;\">Fotoiniciador EDB<\/span><\/a><\/td>\n<td>CAS 10287-53-3<\/td>\n<\/tr>\n<tr style=\"height: 13.50pt;\">\n<td style=\"height: 13.50pt;\" height=\"18\"><a href=\"https:\/\/longchangchemical.com\/pt\/product\/photoinitiator-detx-cas-82799-44-8\/\"><span style=\"color: #00ccff;\">Fotoiniciador DETX<\/span><\/a><\/td>\n<td>CAS 82799-44-8<\/td>\n<\/tr>\n<tr style=\"height: 13.50pt;\">\n<td style=\"height: 13.50pt;\" height=\"18\"><a href=\"https:\/\/longchangchemical.com\/pt\/product\/photoinitiator-cq\/\"><span style=\"color: #00ccff;\">Fotoiniciador CQ \/ canforoquinona<\/span><\/a><\/td>\n<td>CAS 10373-78-1<\/td>\n<\/tr>\n<tr style=\"height: 13.50pt;\">\n<td style=\"height: 13.50pt;\" height=\"18\"><a href=\"https:\/\/longchangchemical.com\/pt\/product\/photoinitiator-cbp-cas-134-85-0\/\"><span style=\"color: #00ccff;\">Fotoiniciador CBP<\/span><\/a><\/td>\n<td>CAS 134-85-0<\/td>\n<\/tr>\n<tr style=\"height: 13.50pt;\">\n<td style=\"height: 13.50pt;\" height=\"18\"><a href=\"https:\/\/longchangchemical.com\/pt\/product\/photoinitiator-bp-cas-119-61-9\/\"><span style=\"color: #00ccff;\">Fotoiniciador BP \/ Benzofenona<\/span><\/a><\/td>\n<td>CAS 119-61-9<\/td>\n<\/tr>\n<tr style=\"height: 13.50pt;\">\n<td style=\"height: 13.50pt;\" height=\"18\"><a href=\"https:\/\/longchangchemical.com\/pt\/product\/photoinitiator-bms\/\"><span style=\"color: #00ccff;\">Fotoiniciador BMS<\/span><\/a><\/td>\n<td>CAS 83846-85-9<\/td>\n<\/tr>\n<tr style=\"height: 13.50pt;\">\n<td style=\"height: 13.50pt;\" height=\"18\"><a href=\"https:\/\/longchangchemical.com\/pt\/product\/photoinitiator-938\/\"><span style=\"color: #00ccff;\">Fotoiniciador 938<\/span><\/a><\/td>\n<td>CAS 61358-25-6<\/td>\n<\/tr>\n<tr style=\"height: 13.50pt;\">\n<td style=\"height: 13.50pt;\" height=\"18\"><a href=\"https:\/\/longchangchemical.com\/pt\/product\/photoinitiator-937-cas-71786-70-4\/\"><span style=\"color: #00ccff;\">Fotoiniciador 937<\/span><\/a><\/td>\n<td>CAS 71786-70-4<\/td>\n<\/tr>\n<tr style=\"height: 13.50pt;\">\n<td style=\"height: 13.50pt;\" height=\"18\"><a href=\"https:\/\/longchangchemical.com\/pt\/product\/photoinitiator-819-dw\/\"><span style=\"color: #00ccff;\">Fotoiniciador 819 DW<\/span><\/a><\/td>\n<td>CAS 162881-26-7<\/td>\n<\/tr>\n<tr style=\"height: 13.50pt;\">\n<td style=\"height: 13.50pt;\" height=\"18\"><a href=\"https:\/\/longchangchemical.com\/pt\/product\/photoinitiator-819-irgacure-819-cas-162881-26-7\/\"><span style=\"color: #00ccff;\">Fotoiniciador 819<\/span><\/a><\/td>\n<td>CAS 162881-26-7<\/td>\n<\/tr>\n<tr style=\"height: 13.50pt;\">\n<td style=\"height: 13.50pt;\" height=\"18\"><a href=\"https:\/\/longchangchemical.com\/pt\/product\/photoinitiator-784-cas-125051-32-3\/\"><span style=\"color: #00ccff;\">Fotoiniciador 784<\/span><\/a><\/td>\n<td>CAS 125051-32-3<\/td>\n<\/tr>\n<tr style=\"height: 13.50pt;\">\n<td style=\"height: 13.50pt;\" height=\"18\"><a href=\"https:\/\/longchangchemical.com\/pt\/product\/photoinitiator-754-cas-211510-16-6-442536-99-4\/\"><span style=\"color: #00ccff;\">Fotoiniciador 754<\/span><\/a><\/td>\n<td>CAS 211510-16-6 442536-99-4<\/td>\n<\/tr>\n<tr style=\"height: 13.50pt;\">\n<td style=\"height: 13.50pt;\" height=\"18\"><a href=\"https:\/\/longchangchemical.com\/pt\/product\/photoinitiator-6993-cas-71449-78-0\/\"><span style=\"color: #00ccff;\">Fotoiniciador 6993<\/span><\/a><\/td>\n<td>CAS 71449-78-0<\/td>\n<\/tr>\n<tr style=\"height: 13.50pt;\">\n<td style=\"height: 13.50pt;\" height=\"18\"><a href=\"https:\/\/longchangchemical.com\/pt\/product\/photoinitiator-6976\/\"><span style=\"color: #00ccff;\">Fotoiniciador 6976<\/span><\/a><\/td>\n<td>CAS 71449-78-0 89452-37-9 108-32-7<\/td>\n<\/tr>\n<tr style=\"height: 13.50pt;\">\n<td style=\"height: 13.50pt;\" height=\"18\"><a href=\"https:\/\/longchangchemical.com\/pt\/product\/photoinitiator-379-cas-119344-86-4\/\"><span style=\"color: #00ccff;\">Fotoiniciador 379<\/span><\/a><\/td>\n<td>CAS 119344-86-4<\/td>\n<\/tr>\n<tr style=\"height: 13.50pt;\">\n<td style=\"height: 13.50pt;\" height=\"18\"><a href=\"https:\/\/longchangchemical.com\/pt\/product\/photoinitiator-369-cas-119313-12-1\/\"><span style=\"color: #00ccff;\">Fotoiniciador 369<\/span><\/a><\/td>\n<td>CAS 119313-12-1<\/td>\n<\/tr>\n<tr style=\"height: 13.50pt;\">\n<td style=\"height: 13.50pt;\" height=\"18\"><span style=\"color: #00ccff;\"><a style=\"color: #00ccff;\" href=\"https:\/\/longchangchemical.com\/pt\/product\/photoinitiator-160\/\">Fotoiniciador 160<\/a><\/span><\/td>\n<td>CAS 71868-15-0<\/td>\n<\/tr>\n<tr style=\"height: 13.50pt;\">\n<td style=\"height: 13.50pt;\" height=\"18\"><a href=\"https:\/\/longchangchemical.com\/pt\/product\/photoinitiator-1206\/\"><span style=\"color: #00ccff;\">Fotoiniciador 1206<\/span><\/a><\/td>\n<td><\/td>\n<\/tr>\n<tr style=\"height: 13.50pt;\">\n<td style=\"height: 13.50pt;\" height=\"18\"><a href=\"https:\/\/longchangchemical.com\/pt\/product\/irgacure-1173-cas-7473-98-5\/\"><span style=\"color: #00ccff;\">Fotoiniciador 1173<\/span><\/a><\/td>\n<td>CAS 7473-98-5<\/td>\n<\/tr>\n<\/tbody>\n<\/table>\n<p>&nbsp;<\/p>","protected":false},"excerpt":{"rendered":"<p>O BP \u00e9 um fotoiniciador comumente usado e pode ser utilizado nas seguintes rea\u00e7\u00f5es de polimeriza\u00e7\u00e3o: Pr\u00e9-pol\u00edmeros insaturados, como acrilatos, com mon\u00f4meros de vinil mono ou multifuncionais. Tamb\u00e9m \u00e9 um intermedi\u00e1rio para pigmentos org\u00e2nicos, medicamentos, fragr\u00e2ncias e pesticidas. \u00c9 tamb\u00e9m um inibidor de polimeriza\u00e7\u00e3o de estireno e um fixador de perfume, que pode dar \u00e0s especiarias um cheiro adocicado. \u00c9 amplamente utilizado em perfumes e ess\u00eancias de sab\u00e3o. Pode ser usado em \u00f3leo\/creme de prote\u00e7\u00e3o solar na ind\u00fastria de cosm\u00e9ticos.<\/p>","protected":false},"featured_media":8079,"comment_status":"open","ping_status":"closed","template":"","meta":[],"product_brand":[],"product_cat":[174,178],"product_tag":[],"class_list":{"0":"post-7555","1":"product","2":"type-product","3":"status-publish","4":"has-post-thumbnail","6":"product_cat-photoinitiator","7":"product_cat-type-ii-free-radical-photoinitiator","9":"first","10":"instock","11":"shipping-taxable","12":"product-type-simple"},"yoast_head":"<!-- This site is optimized with the Yoast SEO plugin v25.3.1 - https:\/\/yoast.com\/wordpress\/plugins\/seo\/ -->\n<title>China Benzophenone (Benzoylbenzene) CAS No 119-61-9 manufacturer - Longchang Chemical<\/title>\n<meta name=\"description\" content=\"Photoinitiator BP( Benzophenone) can be used as a photoinitiator and is the key product of Longchang Chemical. We are the leading photoinitiator manufacturer and supplier in China with the best quanlity and competitive price. Photoinitiator BP; BP Flakes; alpha-Oxoditane; Benzoylbenzene; Diphenyl ketone; diphenyl methanone; Phenyl ketone\" \/>\n<meta name=\"robots\" content=\"index, follow, max-snippet:-1, max-image-preview:large, max-video-preview:-1\" \/>\n<link rel=\"canonical\" href=\"https:\/\/longchangchemical.com\/pt\/product\/photoinitiator-bp-cas-119-61-9\/\" \/>\n<meta property=\"og:locale\" content=\"pt_BR\" \/>\n<meta property=\"og:type\" content=\"article\" \/>\n<meta property=\"og:title\" content=\"China Benzophenone (Benzoylbenzene) CAS No 119-61-9 manufacturer - Longchang Chemical\" \/>\n<meta property=\"og:description\" content=\"Photoinitiator BP( Benzophenone) can be used as a photoinitiator and is the key product of Longchang Chemical. We are the leading photoinitiator manufacturer and supplier in China with the best quanlity and competitive price. Photoinitiator BP; BP Flakes; alpha-Oxoditane; Benzoylbenzene; Diphenyl ketone; diphenyl methanone; Phenyl ketone\" \/>\n<meta property=\"og:url\" content=\"https:\/\/longchangchemical.com\/pt\/product\/photoinitiator-bp-cas-119-61-9\/\" \/>\n<meta property=\"og:site_name\" content=\"Longchang Chemical\" \/>\n<meta property=\"article:modified_time\" content=\"2025-12-16T04:02:05+00:00\" \/>\n<meta property=\"og:image\" content=\"https:\/\/longchangchemical.com\/wp-content\/uploads\/2024\/11\/119-61-9.jpg\" \/>\n\t<meta property=\"og:image:width\" content=\"600\" \/>\n\t<meta property=\"og:image:height\" content=\"600\" \/>\n\t<meta property=\"og:image:type\" content=\"image\/jpeg\" \/>\n<meta name=\"twitter:card\" content=\"summary_large_image\" \/>\n<script type=\"application\/ld+json\" class=\"yoast-schema-graph\">{\"@context\":\"https:\/\/schema.org\",\"@graph\":[{\"@type\":\"WebPage\",\"@id\":\"https:\/\/longchangchemical.com\/product\/photoinitiator-bp-cas-119-61-9\/\",\"url\":\"https:\/\/longchangchemical.com\/product\/photoinitiator-bp-cas-119-61-9\/\",\"name\":\"China Benzophenone (Benzoylbenzene) CAS No 119-61-9 manufacturer - Longchang Chemical\",\"isPartOf\":{\"@id\":\"https:\/\/longchangchemical.com\/#website\"},\"primaryImageOfPage\":{\"@id\":\"https:\/\/longchangchemical.com\/product\/photoinitiator-bp-cas-119-61-9\/#primaryimage\"},\"image\":{\"@id\":\"https:\/\/longchangchemical.com\/product\/photoinitiator-bp-cas-119-61-9\/#primaryimage\"},\"thumbnailUrl\":\"https:\/\/longchangchemical.com\/wp-content\/uploads\/2024\/11\/119-61-9.jpg\",\"datePublished\":\"2024-11-11T06:01:20+00:00\",\"dateModified\":\"2025-12-16T04:02:05+00:00\",\"description\":\"Photoinitiator BP( Benzophenone) can be used as a photoinitiator and is the key product of Longchang Chemical. We are the leading photoinitiator manufacturer and supplier in China with the best quanlity and competitive price. Photoinitiator BP; BP Flakes; alpha-Oxoditane; Benzoylbenzene; Diphenyl ketone; diphenyl methanone; Phenyl ketone\",\"breadcrumb\":{\"@id\":\"https:\/\/longchangchemical.com\/product\/photoinitiator-bp-cas-119-61-9\/#breadcrumb\"},\"inLanguage\":\"pt-BR\",\"potentialAction\":[{\"@type\":\"ReadAction\",\"target\":[\"https:\/\/longchangchemical.com\/product\/photoinitiator-bp-cas-119-61-9\/\"]}]},{\"@type\":\"ImageObject\",\"inLanguage\":\"pt-BR\",\"@id\":\"https:\/\/longchangchemical.com\/product\/photoinitiator-bp-cas-119-61-9\/#primaryimage\",\"url\":\"https:\/\/longchangchemical.com\/wp-content\/uploads\/2024\/11\/119-61-9.jpg\",\"contentUrl\":\"https:\/\/longchangchemical.com\/wp-content\/uploads\/2024\/11\/119-61-9.jpg\",\"width\":600,\"height\":600},{\"@type\":\"BreadcrumbList\",\"@id\":\"https:\/\/longchangchemical.com\/product\/photoinitiator-bp-cas-119-61-9\/#breadcrumb\",\"itemListElement\":[{\"@type\":\"ListItem\",\"position\":1,\"name\":\"Home\",\"item\":\"https:\/\/longchangchemical.com\/\"},{\"@type\":\"ListItem\",\"position\":2,\"name\":\"Products Longchang\",\"item\":\"https:\/\/longchangchemical.com\/product\/\"},{\"@type\":\"ListItem\",\"position\":3,\"name\":\"Photoinitiator BP \/ Benzophenone CAS 119-61-9\"}]},{\"@type\":\"WebSite\",\"@id\":\"https:\/\/longchangchemical.com\/#website\",\"url\":\"https:\/\/longchangchemical.com\/\",\"name\":\"Longchang Chemical\",\"description\":\"China chemical manufacturer \uff06 supplier\",\"publisher\":{\"@id\":\"https:\/\/longchangchemical.com\/#organization\"},\"potentialAction\":[{\"@type\":\"SearchAction\",\"target\":{\"@type\":\"EntryPoint\",\"urlTemplate\":\"https:\/\/longchangchemical.com\/?s={search_term_string}\"},\"query-input\":{\"@type\":\"PropertyValueSpecification\",\"valueRequired\":true,\"valueName\":\"search_term_string\"}}],\"inLanguage\":\"pt-BR\"},{\"@type\":\"Organization\",\"@id\":\"https:\/\/longchangchemical.com\/#organization\",\"name\":\"Longchang Chemical\",\"url\":\"https:\/\/longchangchemical.com\/\",\"logo\":{\"@type\":\"ImageObject\",\"inLanguage\":\"pt-BR\",\"@id\":\"https:\/\/longchangchemical.com\/#\/schema\/logo\/image\/\",\"url\":\"https:\/\/longchangchemical.com\/wp-content\/uploads\/2020\/08\/cropped-longchang-logo.png\",\"contentUrl\":\"https:\/\/longchangchemical.com\/wp-content\/uploads\/2020\/08\/cropped-longchang-logo.png\",\"width\":512,\"height\":512,\"caption\":\"Longchang Chemical\"},\"image\":{\"@id\":\"https:\/\/longchangchemical.com\/#\/schema\/logo\/image\/\"}}]}<\/script>\n<!-- \/ Yoast SEO plugin. -->","yoast_head_json":{"title":"Fabricante de Benzofenona (Benzoilbenzeno) CAS No 119-61-9 na China - Longchang Chemical","description":"O fotoiniciador BP (benzofenona) pode ser usado como fotoiniciador e \u00e9 o principal produto da Longchang Chemical. Somos o principal fabricante e fornecedor de fotoiniciador na China, com a melhor qualidade e pre\u00e7o competitivo. Fotoiniciador BP; flocos BP; alfa-oxoditano; benzoilbenzeno; difenil cetona; difenil metanona; fenil cetona","robots":{"index":"index","follow":"follow","max-snippet":"max-snippet:-1","max-image-preview":"max-image-preview:large","max-video-preview":"max-video-preview:-1"},"canonical":"https:\/\/longchangchemical.com\/pt\/product\/photoinitiator-bp-cas-119-61-9\/","og_locale":"pt_BR","og_type":"article","og_title":"China Benzophenone (Benzoylbenzene) CAS No 119-61-9 manufacturer - Longchang Chemical","og_description":"Photoinitiator BP( Benzophenone) can be used as a photoinitiator and is the key product of Longchang Chemical. We are the leading photoinitiator manufacturer and supplier in China with the best quanlity and competitive price. Photoinitiator BP; BP Flakes; alpha-Oxoditane; Benzoylbenzene; Diphenyl ketone; diphenyl methanone; Phenyl ketone","og_url":"https:\/\/longchangchemical.com\/pt\/product\/photoinitiator-bp-cas-119-61-9\/","og_site_name":"Longchang Chemical","article_modified_time":"2025-12-16T04:02:05+00:00","og_image":[{"width":600,"height":600,"url":"https:\/\/longchangchemical.com\/wp-content\/uploads\/2024\/11\/119-61-9.jpg","type":"image\/jpeg"}],"twitter_card":"summary_large_image","schema":{"@context":"https:\/\/schema.org","@graph":[{"@type":"WebPage","@id":"https:\/\/longchangchemical.com\/product\/photoinitiator-bp-cas-119-61-9\/","url":"https:\/\/longchangchemical.com\/product\/photoinitiator-bp-cas-119-61-9\/","name":"Fabricante de Benzofenona (Benzoilbenzeno) CAS No 119-61-9 na China - Longchang Chemical","isPartOf":{"@id":"https:\/\/longchangchemical.com\/#website"},"primaryImageOfPage":{"@id":"https:\/\/longchangchemical.com\/product\/photoinitiator-bp-cas-119-61-9\/#primaryimage"},"image":{"@id":"https:\/\/longchangchemical.com\/product\/photoinitiator-bp-cas-119-61-9\/#primaryimage"},"thumbnailUrl":"https:\/\/longchangchemical.com\/wp-content\/uploads\/2024\/11\/119-61-9.jpg","datePublished":"2024-11-11T06:01:20+00:00","dateModified":"2025-12-16T04:02:05+00:00","description":"O fotoiniciador BP (benzofenona) pode ser usado como fotoiniciador e \u00e9 o principal produto da Longchang Chemical. Somos o principal fabricante e fornecedor de fotoiniciador na China, com a melhor qualidade e pre\u00e7o competitivo. Fotoiniciador BP; flocos BP; alfa-oxoditano; benzoilbenzeno; difenil cetona; difenil metanona; fenil cetona","breadcrumb":{"@id":"https:\/\/longchangchemical.com\/product\/photoinitiator-bp-cas-119-61-9\/#breadcrumb"},"inLanguage":"pt-BR","potentialAction":[{"@type":"ReadAction","target":["https:\/\/longchangchemical.com\/product\/photoinitiator-bp-cas-119-61-9\/"]}]},{"@type":"ImageObject","inLanguage":"pt-BR","@id":"https:\/\/longchangchemical.com\/product\/photoinitiator-bp-cas-119-61-9\/#primaryimage","url":"https:\/\/longchangchemical.com\/wp-content\/uploads\/2024\/11\/119-61-9.jpg","contentUrl":"https:\/\/longchangchemical.com\/wp-content\/uploads\/2024\/11\/119-61-9.jpg","width":600,"height":600},{"@type":"BreadcrumbList","@id":"https:\/\/longchangchemical.com\/product\/photoinitiator-bp-cas-119-61-9\/#breadcrumb","itemListElement":[{"@type":"ListItem","position":1,"name":"Home","item":"https:\/\/longchangchemical.com\/"},{"@type":"ListItem","position":2,"name":"Products Longchang","item":"https:\/\/longchangchemical.com\/product\/"},{"@type":"ListItem","position":3,"name":"Photoinitiator BP \/ Benzophenone CAS 119-61-9"}]},{"@type":"WebSite","@id":"https:\/\/longchangchemical.com\/#website","url":"https:\/\/longchangchemical.com\/","name":"Qu\u00edmica Longchang","description":"Fabricante de produtos qu\u00edmicos na China \uff06 fornecedor","publisher":{"@id":"https:\/\/longchangchemical.com\/#organization"},"potentialAction":[{"@type":"SearchAction","target":{"@type":"EntryPoint","urlTemplate":"https:\/\/longchangchemical.com\/?s={search_term_string}"},"query-input":{"@type":"PropertyValueSpecification","valueRequired":true,"valueName":"search_term_string"}}],"inLanguage":"pt-BR"},{"@type":"Organization","@id":"https:\/\/longchangchemical.com\/#organization","name":"Qu\u00edmica Longchang","url":"https:\/\/longchangchemical.com\/","logo":{"@type":"ImageObject","inLanguage":"pt-BR","@id":"https:\/\/longchangchemical.com\/#\/schema\/logo\/image\/","url":"https:\/\/longchangchemical.com\/wp-content\/uploads\/2020\/08\/cropped-longchang-logo.png","contentUrl":"https:\/\/longchangchemical.com\/wp-content\/uploads\/2020\/08\/cropped-longchang-logo.png","width":512,"height":512,"caption":"Longchang Chemical"},"image":{"@id":"https:\/\/longchangchemical.com\/#\/schema\/logo\/image\/"}}]}},"_links":{"self":[{"href":"https:\/\/longchangchemical.com\/pt\/wp-json\/wp\/v2\/product\/7555","targetHints":{"allow":["GET"]}}],"collection":[{"href":"https:\/\/longchangchemical.com\/pt\/wp-json\/wp\/v2\/product"}],"about":[{"href":"https:\/\/longchangchemical.com\/pt\/wp-json\/wp\/v2\/types\/product"}],"replies":[{"embeddable":true,"href":"https:\/\/longchangchemical.com\/pt\/wp-json\/wp\/v2\/comments?post=7555"}],"wp:featuredmedia":[{"embeddable":true,"href":"https:\/\/longchangchemical.com\/pt\/wp-json\/wp\/v2\/media\/8079"}],"wp:attachment":[{"href":"https:\/\/longchangchemical.com\/pt\/wp-json\/wp\/v2\/media?parent=7555"}],"wp:term":[{"taxonomy":"product_brand","embeddable":true,"href":"https:\/\/longchangchemical.com\/pt\/wp-json\/wp\/v2\/product_brand?post=7555"},{"taxonomy":"product_cat","embeddable":true,"href":"https:\/\/longchangchemical.com\/pt\/wp-json\/wp\/v2\/product_cat?post=7555"},{"taxonomy":"product_tag","embeddable":true,"href":"https:\/\/longchangchemical.com\/pt\/wp-json\/wp\/v2\/product_tag?post=7555"}],"curies":[{"name":"wp","href":"https:\/\/api.w.org\/{rel}","templated":true}]}}