{"id":7549,"date":"2024-11-11T06:01:19","date_gmt":"2024-11-11T06:01:19","guid":{"rendered":"https:\/\/longchangchemical.com\/?post_type=product&#038;p=7549"},"modified":"2026-05-08T03:00:09","modified_gmt":"2026-05-08T03:00:09","slug":"photoinitiator-tpo-l-cas-84434-11-7","status":"publish","type":"product","link":"https:\/\/longchangchemical.com\/pt\/product\/photoinitiator-tpo-l-cas-84434-11-7\/","title":{"rendered":"CHLUMINIT\u00ae TPO-L \/ Fotoiniciador TPO-L \/ irgacure TPO-L CAS 84434-11-7"},"content":{"rendered":"<h2>Fotoiniciador TPO-L \/ irgacure TPO-L CAS 84434-11-7<\/h2>\n<p><strong>Nome qu\u00edmico:<\/strong> \u00c9ster et\u00edlico do \u00e1cido (2,4,6-trimetilbenzoil) fenilfosf\u00ednico; \u00e9ster et\u00edlico do \u00e1cido (2,4,6-trimetilbenzoilfenilfosf\u00ednico)<\/p>\n<p><strong>N\u00ba CAS:<\/strong>\u00a084434-11-7<\/p>\n<p><strong>MF<\/strong><strong>: <\/strong>C18H21O3P<\/p>\n<p><strong><b>Padr\u00e3o<\/b><\/strong><\/p>\n<p><strong><b>\u00a0<\/b><\/strong><\/p>\n<table>\n<tbody>\n<tr>\n<td width=\"199\"><strong>Itens<\/strong><\/td>\n<td width=\"322\"><strong>Especifica\u00e7\u00f5es<\/strong><\/td>\n<\/tr>\n<tr>\n<td width=\"199\">Apar\u00eancia<\/td>\n<td width=\"322\">L\u00edquido amarelo claro<\/td>\n<\/tr>\n<tr>\n<td width=\"199\">Ensaio (HPLC)<\/td>\n<td width=\"322\">\u226598.0\uff05<\/td>\n<\/tr>\n<tr>\n<td width=\"199\">Valor de acidez (Mg KOH\/g)<\/td>\n<td width=\"322\">\u22641.0<\/td>\n<\/tr>\n<\/tbody>\n<\/table>\n<p><strong>Uso:<\/strong><\/p>\n<p>Fotoiniciadores, usados principalmente para tintas de serigrafia, tintas de impress\u00e3o litogr\u00e1fica, tintas de impress\u00e3o flexogr\u00e1fica, revestimentos de madeira<\/p>\n<p><strong>Pacote:<\/strong> 20 kg\/caixa.<\/p>\n<p><strong>Armazenamento:<\/strong><\/p>\n<p>Mantido em um dep\u00f3sito seco e limpo, com boa ventila\u00e7\u00e3o.<\/p>\n<p>Evite a exposi\u00e7\u00e3o \u00e0 luz e ao aquecimento.<\/p>\n<p>Proteger o produto contra vazamentos, chuva e insola\u00e7\u00e3o durante o transporte.<\/p>\n<h2><strong><b>Entre em contato conosco agora!<\/b><\/strong><\/h2>\n<h4><strong><b>Se precisar do Price, preencha suas informa\u00e7\u00f5es de contato no formul\u00e1rio abaixo. Normalmente, entraremos em contato dentro de 24 horas. Voc\u00ea tamb\u00e9m pode me enviar um e-mail <span style=\"color: #00ccff;\"><a style=\"color: #00ccff;\" href=\"mailto:info@longchangchemical.com\">info@longchangchemical.com<\/a><\/span>\u00a0durante o hor\u00e1rio comercial (das 8h30 \u00e0s 18h UTC+8 de segunda a s\u00e1bado) ou use o bate-papo ao vivo do site para obter uma resposta imediata.<\/b><\/strong><\/h4>","protected":false},"excerpt":{"rendered":"<p>O TPO-L \u00e9 um fotoiniciador l\u00edquido, usado para iniciar a polimeriza\u00e7\u00e3o UV de sistemas de pr\u00e9-polimeriza\u00e7\u00e3o insaturados. Adequado para sistemas de formula\u00e7\u00e3o com baixo amarelamento e baixo odor.<\/p>\n<p>Como o TPO-L tem uma faixa de absor\u00e7\u00e3o relativamente ampla, ele tamb\u00e9m pode ser usado para a cura de sistemas brancos de camada profunda.<\/p>","protected":false},"featured_media":8099,"comment_status":"open","ping_status":"closed","template":"","meta":[],"product_brand":[],"product_cat":[174,177],"product_tag":[],"class_list":{"0":"post-7549","1":"product","2":"type-product","3":"status-publish","4":"has-post-thumbnail","6":"product_cat-photoinitiator","7":"product_cat-type-i-free-radical-photoinitiator","9":"first","10":"instock","11":"shipping-taxable","12":"product-type-simple"},"yoast_head":"<!-- This site is optimized with the Yoast SEO plugin v25.3.1 - https:\/\/yoast.com\/wordpress\/plugins\/seo\/ -->\n<title>Photoinitiator TPO-L Cas No 84434-11-7 manufacturer-Longchang Chemical<\/title>\n<meta name=\"description\" content=\"TPO-L (Ethyl (2,4,6-trimethylbenzoyl) phenylphosphinate;2,4,6-Trimethylbenzoylphenylphosphinic acid ethyl ester)can replace Omnirad TPO-L; Speedcure TPO-L;CHIVACURE 1256;Lucirin TPO-L;GENOCURE TPO-L,used as a photoinitiator and is the key product of Longchang Chemical. We are the leading Photoinitaitor manufacturer and supplier in China with the best quanlity and competitive price.\" \/>\n<meta name=\"robots\" content=\"index, follow, max-snippet:-1, max-image-preview:large, max-video-preview:-1\" \/>\n<link rel=\"canonical\" href=\"https:\/\/longchangchemical.com\/pt\/product\/photoinitiator-tpo-l-cas-84434-11-7\/\" \/>\n<meta property=\"og:locale\" content=\"pt_BR\" \/>\n<meta property=\"og:type\" content=\"article\" \/>\n<meta property=\"og:title\" content=\"Photoinitiator TPO-L Cas No 84434-11-7 manufacturer-Longchang Chemical\" \/>\n<meta property=\"og:description\" content=\"TPO-L (Ethyl (2,4,6-trimethylbenzoyl) phenylphosphinate;2,4,6-Trimethylbenzoylphenylphosphinic acid ethyl ester)can replace Omnirad TPO-L; Speedcure TPO-L;CHIVACURE 1256;Lucirin TPO-L;GENOCURE TPO-L,used as a photoinitiator and is the key product of Longchang Chemical. We are the leading Photoinitaitor manufacturer and supplier in China with the best quanlity and competitive price.\" \/>\n<meta property=\"og:url\" content=\"https:\/\/longchangchemical.com\/pt\/product\/photoinitiator-tpo-l-cas-84434-11-7\/\" \/>\n<meta property=\"og:site_name\" content=\"Longchang Chemical\" \/>\n<meta property=\"article:modified_time\" content=\"2026-05-08T03:00:09+00:00\" \/>\n<meta property=\"og:image\" content=\"https:\/\/longchangchemical.com\/wp-content\/uploads\/2024\/11\/84434-11-7.jpg\" \/>\n\t<meta property=\"og:image:width\" content=\"600\" \/>\n\t<meta property=\"og:image:height\" content=\"600\" \/>\n\t<meta property=\"og:image:type\" content=\"image\/jpeg\" \/>\n<meta name=\"twitter:card\" content=\"summary_large_image\" \/>\n<script type=\"application\/ld+json\" class=\"yoast-schema-graph\">{\"@context\":\"https:\/\/schema.org\",\"@graph\":[{\"@type\":\"WebPage\",\"@id\":\"https:\/\/longchangchemical.com\/product\/photoinitiator-tpo-l-cas-84434-11-7\/\",\"url\":\"https:\/\/longchangchemical.com\/product\/photoinitiator-tpo-l-cas-84434-11-7\/\",\"name\":\"Photoinitiator TPO-L Cas No 84434-11-7 manufacturer-Longchang Chemical\",\"isPartOf\":{\"@id\":\"https:\/\/longchangchemical.com\/#website\"},\"primaryImageOfPage\":{\"@id\":\"https:\/\/longchangchemical.com\/product\/photoinitiator-tpo-l-cas-84434-11-7\/#primaryimage\"},\"image\":{\"@id\":\"https:\/\/longchangchemical.com\/product\/photoinitiator-tpo-l-cas-84434-11-7\/#primaryimage\"},\"thumbnailUrl\":\"https:\/\/longchangchemical.com\/wp-content\/uploads\/2024\/11\/84434-11-7.jpg\",\"datePublished\":\"2024-11-11T06:01:19+00:00\",\"dateModified\":\"2026-05-08T03:00:09+00:00\",\"description\":\"TPO-L (Ethyl (2,4,6-trimethylbenzoyl) phenylphosphinate;2,4,6-Trimethylbenzoylphenylphosphinic acid ethyl ester)can replace Omnirad TPO-L; Speedcure TPO-L;CHIVACURE 1256;Lucirin TPO-L;GENOCURE TPO-L,used as a photoinitiator and is the key product of Longchang Chemical. We are the leading Photoinitaitor manufacturer and supplier in China with the best quanlity and competitive price.\",\"breadcrumb\":{\"@id\":\"https:\/\/longchangchemical.com\/product\/photoinitiator-tpo-l-cas-84434-11-7\/#breadcrumb\"},\"inLanguage\":\"pt-BR\",\"potentialAction\":[{\"@type\":\"ReadAction\",\"target\":[\"https:\/\/longchangchemical.com\/product\/photoinitiator-tpo-l-cas-84434-11-7\/\"]}]},{\"@type\":\"ImageObject\",\"inLanguage\":\"pt-BR\",\"@id\":\"https:\/\/longchangchemical.com\/product\/photoinitiator-tpo-l-cas-84434-11-7\/#primaryimage\",\"url\":\"https:\/\/longchangchemical.com\/wp-content\/uploads\/2024\/11\/84434-11-7.jpg\",\"contentUrl\":\"https:\/\/longchangchemical.com\/wp-content\/uploads\/2024\/11\/84434-11-7.jpg\",\"width\":600,\"height\":600},{\"@type\":\"BreadcrumbList\",\"@id\":\"https:\/\/longchangchemical.com\/product\/photoinitiator-tpo-l-cas-84434-11-7\/#breadcrumb\",\"itemListElement\":[{\"@type\":\"ListItem\",\"position\":1,\"name\":\"Home\",\"item\":\"https:\/\/longchangchemical.com\/\"},{\"@type\":\"ListItem\",\"position\":2,\"name\":\"Products Longchang\",\"item\":\"https:\/\/longchangchemical.com\/product\/\"},{\"@type\":\"ListItem\",\"position\":3,\"name\":\"CHLUMINIT\u00ae TPO-L \/ Photoinitiator TPO-L \/ irgacure TPO-L CAS 84434-11-7\"}]},{\"@type\":\"WebSite\",\"@id\":\"https:\/\/longchangchemical.com\/#website\",\"url\":\"https:\/\/longchangchemical.com\/\",\"name\":\"Longchang Chemical\",\"description\":\"China chemical manufacturer \uff06 supplier\",\"publisher\":{\"@id\":\"https:\/\/longchangchemical.com\/#organization\"},\"potentialAction\":[{\"@type\":\"SearchAction\",\"target\":{\"@type\":\"EntryPoint\",\"urlTemplate\":\"https:\/\/longchangchemical.com\/?s={search_term_string}\"},\"query-input\":{\"@type\":\"PropertyValueSpecification\",\"valueRequired\":true,\"valueName\":\"search_term_string\"}}],\"inLanguage\":\"pt-BR\"},{\"@type\":\"Organization\",\"@id\":\"https:\/\/longchangchemical.com\/#organization\",\"name\":\"Longchang Chemical\",\"url\":\"https:\/\/longchangchemical.com\/\",\"logo\":{\"@type\":\"ImageObject\",\"inLanguage\":\"pt-BR\",\"@id\":\"https:\/\/longchangchemical.com\/#\/schema\/logo\/image\/\",\"url\":\"https:\/\/longchangchemical.com\/wp-content\/uploads\/2020\/08\/cropped-longchang-logo.png\",\"contentUrl\":\"https:\/\/longchangchemical.com\/wp-content\/uploads\/2020\/08\/cropped-longchang-logo.png\",\"width\":512,\"height\":512,\"caption\":\"Longchang Chemical\"},\"image\":{\"@id\":\"https:\/\/longchangchemical.com\/#\/schema\/logo\/image\/\"}}]}<\/script>\n<!-- \/ Yoast SEO plugin. -->","yoast_head_json":{"title":"Fotoiniciador TPO-L Cas No 84434-11-7 fabricante-Longchang Chemical","description":"O TPO-L (etil (2,4,6-trimetilbenzoil) fenilfosfinato; \u00e9ster et\u00edlico do \u00e1cido 2,4,6-trimetilbenzoilfenilfosf\u00ednico) pode substituir o Omnirad TPO-L; Speedcure TPO-L; CHIVACURE 1256; Lucirin TPO-L; GENOCURE TPO-L, usado como fotoiniciador e \u00e9 o principal produto da Longchang Chemical. Somos o principal fabricante e fornecedor de fotoiniciador na China, com a melhor qualidade e pre\u00e7o competitivo.","robots":{"index":"index","follow":"follow","max-snippet":"max-snippet:-1","max-image-preview":"max-image-preview:large","max-video-preview":"max-video-preview:-1"},"canonical":"https:\/\/longchangchemical.com\/pt\/product\/photoinitiator-tpo-l-cas-84434-11-7\/","og_locale":"pt_BR","og_type":"article","og_title":"Photoinitiator TPO-L Cas No 84434-11-7 manufacturer-Longchang Chemical","og_description":"TPO-L (Ethyl (2,4,6-trimethylbenzoyl) phenylphosphinate;2,4,6-Trimethylbenzoylphenylphosphinic acid ethyl ester)can replace Omnirad TPO-L; Speedcure TPO-L;CHIVACURE 1256;Lucirin TPO-L;GENOCURE TPO-L,used as a photoinitiator and is the key product of Longchang Chemical. We are the leading Photoinitaitor manufacturer and supplier in China with the best quanlity and competitive price.","og_url":"https:\/\/longchangchemical.com\/pt\/product\/photoinitiator-tpo-l-cas-84434-11-7\/","og_site_name":"Longchang Chemical","article_modified_time":"2026-05-08T03:00:09+00:00","og_image":[{"width":600,"height":600,"url":"https:\/\/longchangchemical.com\/wp-content\/uploads\/2024\/11\/84434-11-7.jpg","type":"image\/jpeg"}],"twitter_card":"summary_large_image","schema":{"@context":"https:\/\/schema.org","@graph":[{"@type":"WebPage","@id":"https:\/\/longchangchemical.com\/product\/photoinitiator-tpo-l-cas-84434-11-7\/","url":"https:\/\/longchangchemical.com\/product\/photoinitiator-tpo-l-cas-84434-11-7\/","name":"Fotoiniciador TPO-L Cas No 84434-11-7 fabricante-Longchang Chemical","isPartOf":{"@id":"https:\/\/longchangchemical.com\/#website"},"primaryImageOfPage":{"@id":"https:\/\/longchangchemical.com\/product\/photoinitiator-tpo-l-cas-84434-11-7\/#primaryimage"},"image":{"@id":"https:\/\/longchangchemical.com\/product\/photoinitiator-tpo-l-cas-84434-11-7\/#primaryimage"},"thumbnailUrl":"https:\/\/longchangchemical.com\/wp-content\/uploads\/2024\/11\/84434-11-7.jpg","datePublished":"2024-11-11T06:01:19+00:00","dateModified":"2026-05-08T03:00:09+00:00","description":"O TPO-L (etil (2,4,6-trimetilbenzoil) fenilfosfinato; \u00e9ster et\u00edlico do \u00e1cido 2,4,6-trimetilbenzoilfenilfosf\u00ednico) pode substituir o Omnirad TPO-L; Speedcure TPO-L; CHIVACURE 1256; Lucirin TPO-L; GENOCURE TPO-L, usado como fotoiniciador e \u00e9 o principal produto da Longchang Chemical. Somos o principal fabricante e fornecedor de fotoiniciador na China, com a melhor qualidade e pre\u00e7o competitivo.","breadcrumb":{"@id":"https:\/\/longchangchemical.com\/product\/photoinitiator-tpo-l-cas-84434-11-7\/#breadcrumb"},"inLanguage":"pt-BR","potentialAction":[{"@type":"ReadAction","target":["https:\/\/longchangchemical.com\/product\/photoinitiator-tpo-l-cas-84434-11-7\/"]}]},{"@type":"ImageObject","inLanguage":"pt-BR","@id":"https:\/\/longchangchemical.com\/product\/photoinitiator-tpo-l-cas-84434-11-7\/#primaryimage","url":"https:\/\/longchangchemical.com\/wp-content\/uploads\/2024\/11\/84434-11-7.jpg","contentUrl":"https:\/\/longchangchemical.com\/wp-content\/uploads\/2024\/11\/84434-11-7.jpg","width":600,"height":600},{"@type":"BreadcrumbList","@id":"https:\/\/longchangchemical.com\/product\/photoinitiator-tpo-l-cas-84434-11-7\/#breadcrumb","itemListElement":[{"@type":"ListItem","position":1,"name":"Home","item":"https:\/\/longchangchemical.com\/"},{"@type":"ListItem","position":2,"name":"Products Longchang","item":"https:\/\/longchangchemical.com\/product\/"},{"@type":"ListItem","position":3,"name":"CHLUMINIT\u00ae TPO-L \/ Photoinitiator TPO-L \/ irgacure TPO-L CAS 84434-11-7"}]},{"@type":"WebSite","@id":"https:\/\/longchangchemical.com\/#website","url":"https:\/\/longchangchemical.com\/","name":"Qu\u00edmica Longchang","description":"Fabricante de produtos qu\u00edmicos na China \uff06 fornecedor","publisher":{"@id":"https:\/\/longchangchemical.com\/#organization"},"potentialAction":[{"@type":"SearchAction","target":{"@type":"EntryPoint","urlTemplate":"https:\/\/longchangchemical.com\/?s={search_term_string}"},"query-input":{"@type":"PropertyValueSpecification","valueRequired":true,"valueName":"search_term_string"}}],"inLanguage":"pt-BR"},{"@type":"Organization","@id":"https:\/\/longchangchemical.com\/#organization","name":"Qu\u00edmica Longchang","url":"https:\/\/longchangchemical.com\/","logo":{"@type":"ImageObject","inLanguage":"pt-BR","@id":"https:\/\/longchangchemical.com\/#\/schema\/logo\/image\/","url":"https:\/\/longchangchemical.com\/wp-content\/uploads\/2020\/08\/cropped-longchang-logo.png","contentUrl":"https:\/\/longchangchemical.com\/wp-content\/uploads\/2020\/08\/cropped-longchang-logo.png","width":512,"height":512,"caption":"Longchang Chemical"},"image":{"@id":"https:\/\/longchangchemical.com\/#\/schema\/logo\/image\/"}}]}},"_links":{"self":[{"href":"https:\/\/longchangchemical.com\/pt\/wp-json\/wp\/v2\/product\/7549","targetHints":{"allow":["GET"]}}],"collection":[{"href":"https:\/\/longchangchemical.com\/pt\/wp-json\/wp\/v2\/product"}],"about":[{"href":"https:\/\/longchangchemical.com\/pt\/wp-json\/wp\/v2\/types\/product"}],"replies":[{"embeddable":true,"href":"https:\/\/longchangchemical.com\/pt\/wp-json\/wp\/v2\/comments?post=7549"}],"wp:featuredmedia":[{"embeddable":true,"href":"https:\/\/longchangchemical.com\/pt\/wp-json\/wp\/v2\/media\/8099"}],"wp:attachment":[{"href":"https:\/\/longchangchemical.com\/pt\/wp-json\/wp\/v2\/media?parent=7549"}],"wp:term":[{"taxonomy":"product_brand","embeddable":true,"href":"https:\/\/longchangchemical.com\/pt\/wp-json\/wp\/v2\/product_brand?post=7549"},{"taxonomy":"product_cat","embeddable":true,"href":"https:\/\/longchangchemical.com\/pt\/wp-json\/wp\/v2\/product_cat?post=7549"},{"taxonomy":"product_tag","embeddable":true,"href":"https:\/\/longchangchemical.com\/pt\/wp-json\/wp\/v2\/product_tag?post=7549"}],"curies":[{"name":"wp","href":"https:\/\/api.w.org\/{rel}","templated":true}]}}