{"id":7417,"date":"2024-09-29T13:02:38","date_gmt":"2024-09-29T13:02:38","guid":{"rendered":"https:\/\/longchangchemical.com\/?post_type=product&#038;p=7417"},"modified":"2025-04-01T03:15:41","modified_gmt":"2025-04-01T03:15:41","slug":"tricyclodecanedimethanol-muscomer-cas-26896-48-0","status":"publish","type":"product","link":"https:\/\/longchangchemical.com\/pt\/product\/tricyclodecanedimethanol-muscomer-cas-26896-48-0\/","title":{"rendered":"CHLUMICRYL\u00ae Tricyclodecanedimethanol \/ Muscomer CAS 26896-48-0"},"content":{"rendered":"<p>&nbsp;<\/p>\n<p>cont\u00e9m uma estrutura de anel de tr\u00eas membros e pode ser usado na s\u00edntese de pol\u00edmeros, como poliacrilatos, poli\u00e9steres, resinas ep\u00f3xi e poliuretanos. Ele pode conferir aos pol\u00edmeros boa ades\u00e3o, alta resist\u00eancia \u00e0 tra\u00e7\u00e3o, resist\u00eancia ao calor, resist\u00eancia \u00e0s intemp\u00e9ries e resist\u00eancia ao impacto. O produto tamb\u00e9m pode ser usado para sintetizar materiais de aplica\u00e7\u00e3o com alta fotossensibilidade, alta transpar\u00eancia, resist\u00eancia \u00e0 luz e resist\u00eancia \u00e0 grava\u00e7\u00e3o a seco.<\/p>\n<h2><strong><b>Entre em contato conosco agora!<\/b><\/strong><\/h2>\n<h4><strong><b>Se precisar do Price, preencha suas informa\u00e7\u00f5es de contato no formul\u00e1rio abaixo. Normalmente, entraremos em contato dentro de 24 horas. Voc\u00ea tamb\u00e9m pode me enviar um e-mail\u00a0<span style=\"color: #00ccff;\"><a style=\"color: #00ccff;\" href=\"mailto:info@longchangchemical.com\">info@longchangchemical.com<\/a><\/span>\u00a0durante o hor\u00e1rio comercial (das 8h30 \u00e0s 18h UTC+8 de segunda a s\u00e1bado) ou use o bate-papo ao vivo do site para obter uma resposta imediata.<\/b><\/strong><\/h4>","protected":false},"excerpt":{"rendered":"<p>Apar\u00eancia: Clarificado e transparente<br \/>\nConte\u00fado (%) : &gt;97<br \/>\nValor de acidez (mg KOH\/g) : &lt;1<br \/>\nViscosidade (cps a 25 \u2103): 600-650<br \/>\nPeso molecular (g\/mol) : 192<\/p>\n<h4><strong><b>Envie-me um e-mail: <span style=\"color: #00ccff;\"><a style=\"color: #00ccff;\" href=\"mailto:info@longchangchemical.com\">info@longchangchemical.com<\/a><\/span><\/b><\/strong><\/h4>","protected":false},"featured_media":7418,"comment_status":"closed","ping_status":"closed","template":"","meta":[],"product_brand":[],"product_cat":[115],"product_tag":[],"class_list":{"0":"post-7417","1":"product","2":"type-product","3":"status-publish","4":"has-post-thumbnail","6":"product_cat-functional-monomers","8":"first","9":"instock","10":"shipping-taxable","11":"product-type-simple"},"yoast_head":"<!-- This site is optimized with the Yoast SEO plugin v25.3.1 - https:\/\/yoast.com\/wordpress\/plugins\/seo\/ -->\n<title>China CHLUMICRYL\u00ae Tricyclodecanedimethanol \/ Muscomer CAS 26896-48-0 Manufacturer - Longchang Chemical<\/title>\n<meta name=\"description\" content=\"CHLUMICRYL\u00ae Tricyclodecanedimethanol \/ Muscomer CAS 26896-48-0 is a key product of Longchang Chemical. We provide the best price. We are the leading manufacturer in China with the best quality and competitive price.\" \/>\n<meta name=\"robots\" content=\"index, follow, max-snippet:-1, max-image-preview:large, max-video-preview:-1\" \/>\n<link rel=\"canonical\" href=\"https:\/\/longchangchemical.com\/pt\/product\/tricyclodecanedimethanol-muscomer-cas-26896-48-0\/\" \/>\n<meta property=\"og:locale\" content=\"pt_BR\" \/>\n<meta property=\"og:type\" content=\"article\" \/>\n<meta property=\"og:title\" content=\"China CHLUMICRYL\u00ae Tricyclodecanedimethanol \/ Muscomer CAS 26896-48-0 Manufacturer - Longchang Chemical\" \/>\n<meta property=\"og:description\" content=\"CHLUMICRYL\u00ae Tricyclodecanedimethanol \/ Muscomer CAS 26896-48-0 is a key product of Longchang Chemical. We provide the best price. We are the leading manufacturer in China with the best quality and competitive price.\" \/>\n<meta property=\"og:url\" content=\"https:\/\/longchangchemical.com\/pt\/product\/tricyclodecanedimethanol-muscomer-cas-26896-48-0\/\" \/>\n<meta property=\"og:site_name\" content=\"Longchang Chemical\" \/>\n<meta property=\"article:modified_time\" content=\"2025-04-01T03:15:41+00:00\" \/>\n<meta property=\"og:image\" content=\"https:\/\/longchangchemical.com\/wp-content\/uploads\/2024\/09\/Tricyclodecanedimethanol-Muscomer-CAS-26896-48-0.jpg\" \/>\n\t<meta property=\"og:image:width\" content=\"400\" \/>\n\t<meta property=\"og:image:height\" content=\"400\" \/>\n\t<meta property=\"og:image:type\" content=\"image\/jpeg\" \/>\n<meta name=\"twitter:card\" content=\"summary_large_image\" \/>\n<script type=\"application\/ld+json\" class=\"yoast-schema-graph\">{\"@context\":\"https:\/\/schema.org\",\"@graph\":[{\"@type\":\"WebPage\",\"@id\":\"https:\/\/longchangchemical.com\/product\/tricyclodecanedimethanol-muscomer-cas-26896-48-0\/\",\"url\":\"https:\/\/longchangchemical.com\/product\/tricyclodecanedimethanol-muscomer-cas-26896-48-0\/\",\"name\":\"China CHLUMICRYL\u00ae Tricyclodecanedimethanol \/ Muscomer CAS 26896-48-0 Manufacturer - Longchang Chemical\",\"isPartOf\":{\"@id\":\"https:\/\/longchangchemical.com\/#website\"},\"primaryImageOfPage\":{\"@id\":\"https:\/\/longchangchemical.com\/product\/tricyclodecanedimethanol-muscomer-cas-26896-48-0\/#primaryimage\"},\"image\":{\"@id\":\"https:\/\/longchangchemical.com\/product\/tricyclodecanedimethanol-muscomer-cas-26896-48-0\/#primaryimage\"},\"thumbnailUrl\":\"https:\/\/longchangchemical.com\/wp-content\/uploads\/2024\/09\/Tricyclodecanedimethanol-Muscomer-CAS-26896-48-0.jpg\",\"datePublished\":\"2024-09-29T13:02:38+00:00\",\"dateModified\":\"2025-04-01T03:15:41+00:00\",\"description\":\"CHLUMICRYL\u00ae Tricyclodecanedimethanol \/ Muscomer CAS 26896-48-0 is a key product of Longchang Chemical. We provide the best price. We are the leading manufacturer in China with the best quality and competitive price.\",\"breadcrumb\":{\"@id\":\"https:\/\/longchangchemical.com\/product\/tricyclodecanedimethanol-muscomer-cas-26896-48-0\/#breadcrumb\"},\"inLanguage\":\"pt-BR\",\"potentialAction\":[{\"@type\":\"ReadAction\",\"target\":[\"https:\/\/longchangchemical.com\/product\/tricyclodecanedimethanol-muscomer-cas-26896-48-0\/\"]}]},{\"@type\":\"ImageObject\",\"inLanguage\":\"pt-BR\",\"@id\":\"https:\/\/longchangchemical.com\/product\/tricyclodecanedimethanol-muscomer-cas-26896-48-0\/#primaryimage\",\"url\":\"https:\/\/longchangchemical.com\/wp-content\/uploads\/2024\/09\/Tricyclodecanedimethanol-Muscomer-CAS-26896-48-0.jpg\",\"contentUrl\":\"https:\/\/longchangchemical.com\/wp-content\/uploads\/2024\/09\/Tricyclodecanedimethanol-Muscomer-CAS-26896-48-0.jpg\",\"width\":400,\"height\":400,\"caption\":\"Tricyclodecanedimethanol \/ Muscomer CAS 26896-48-0\"},{\"@type\":\"BreadcrumbList\",\"@id\":\"https:\/\/longchangchemical.com\/product\/tricyclodecanedimethanol-muscomer-cas-26896-48-0\/#breadcrumb\",\"itemListElement\":[{\"@type\":\"ListItem\",\"position\":1,\"name\":\"Home\",\"item\":\"https:\/\/longchangchemical.com\/\"},{\"@type\":\"ListItem\",\"position\":2,\"name\":\"Products Longchang\",\"item\":\"https:\/\/longchangchemical.com\/product\/\"},{\"@type\":\"ListItem\",\"position\":3,\"name\":\"CHLUMICRYL\u00ae Tricyclodecanedimethanol \/ Muscomer CAS 26896-48-0\"}]},{\"@type\":\"WebSite\",\"@id\":\"https:\/\/longchangchemical.com\/#website\",\"url\":\"https:\/\/longchangchemical.com\/\",\"name\":\"Longchang Chemical\",\"description\":\"China chemical manufacturer \uff06 supplier\",\"publisher\":{\"@id\":\"https:\/\/longchangchemical.com\/#organization\"},\"potentialAction\":[{\"@type\":\"SearchAction\",\"target\":{\"@type\":\"EntryPoint\",\"urlTemplate\":\"https:\/\/longchangchemical.com\/?s={search_term_string}\"},\"query-input\":{\"@type\":\"PropertyValueSpecification\",\"valueRequired\":true,\"valueName\":\"search_term_string\"}}],\"inLanguage\":\"pt-BR\"},{\"@type\":\"Organization\",\"@id\":\"https:\/\/longchangchemical.com\/#organization\",\"name\":\"Longchang Chemical\",\"url\":\"https:\/\/longchangchemical.com\/\",\"logo\":{\"@type\":\"ImageObject\",\"inLanguage\":\"pt-BR\",\"@id\":\"https:\/\/longchangchemical.com\/#\/schema\/logo\/image\/\",\"url\":\"https:\/\/longchangchemical.com\/wp-content\/uploads\/2020\/08\/cropped-longchang-logo.png\",\"contentUrl\":\"https:\/\/longchangchemical.com\/wp-content\/uploads\/2020\/08\/cropped-longchang-logo.png\",\"width\":512,\"height\":512,\"caption\":\"Longchang Chemical\"},\"image\":{\"@id\":\"https:\/\/longchangchemical.com\/#\/schema\/logo\/image\/\"}}]}<\/script>\n<!-- \/ Yoast SEO plugin. -->","yoast_head_json":{"title":"China CHLUMICRYL\u00ae Tricyclodecanedimethanol \/ Muscomer CAS 26896-48-0 Fabricante - Longchang Chemical","description":"CHLUMICRYL\u00ae Tricyclodecanedimethanol \/ Muscomer CAS 26896-48-0 \u00e9 um produto-chave da Longchang Chemical. Oferecemos o melhor pre\u00e7o. Somos o fabricante l\u00edder na China, com a melhor qualidade e pre\u00e7o competitivo.","robots":{"index":"index","follow":"follow","max-snippet":"max-snippet:-1","max-image-preview":"max-image-preview:large","max-video-preview":"max-video-preview:-1"},"canonical":"https:\/\/longchangchemical.com\/pt\/product\/tricyclodecanedimethanol-muscomer-cas-26896-48-0\/","og_locale":"pt_BR","og_type":"article","og_title":"China CHLUMICRYL\u00ae Tricyclodecanedimethanol \/ Muscomer CAS 26896-48-0 Manufacturer - Longchang Chemical","og_description":"CHLUMICRYL\u00ae Tricyclodecanedimethanol \/ Muscomer CAS 26896-48-0 is a key product of Longchang Chemical. We provide the best price. We are the leading manufacturer in China with the best quality and competitive price.","og_url":"https:\/\/longchangchemical.com\/pt\/product\/tricyclodecanedimethanol-muscomer-cas-26896-48-0\/","og_site_name":"Longchang Chemical","article_modified_time":"2025-04-01T03:15:41+00:00","og_image":[{"width":400,"height":400,"url":"https:\/\/longchangchemical.com\/wp-content\/uploads\/2024\/09\/Tricyclodecanedimethanol-Muscomer-CAS-26896-48-0.jpg","type":"image\/jpeg"}],"twitter_card":"summary_large_image","schema":{"@context":"https:\/\/schema.org","@graph":[{"@type":"WebPage","@id":"https:\/\/longchangchemical.com\/product\/tricyclodecanedimethanol-muscomer-cas-26896-48-0\/","url":"https:\/\/longchangchemical.com\/product\/tricyclodecanedimethanol-muscomer-cas-26896-48-0\/","name":"China CHLUMICRYL\u00ae Tricyclodecanedimethanol \/ Muscomer CAS 26896-48-0 Fabricante - Longchang Chemical","isPartOf":{"@id":"https:\/\/longchangchemical.com\/#website"},"primaryImageOfPage":{"@id":"https:\/\/longchangchemical.com\/product\/tricyclodecanedimethanol-muscomer-cas-26896-48-0\/#primaryimage"},"image":{"@id":"https:\/\/longchangchemical.com\/product\/tricyclodecanedimethanol-muscomer-cas-26896-48-0\/#primaryimage"},"thumbnailUrl":"https:\/\/longchangchemical.com\/wp-content\/uploads\/2024\/09\/Tricyclodecanedimethanol-Muscomer-CAS-26896-48-0.jpg","datePublished":"2024-09-29T13:02:38+00:00","dateModified":"2025-04-01T03:15:41+00:00","description":"CHLUMICRYL\u00ae Tricyclodecanedimethanol \/ Muscomer CAS 26896-48-0 \u00e9 um produto-chave da Longchang Chemical. Oferecemos o melhor pre\u00e7o. Somos o fabricante l\u00edder na China, com a melhor qualidade e pre\u00e7o competitivo.","breadcrumb":{"@id":"https:\/\/longchangchemical.com\/product\/tricyclodecanedimethanol-muscomer-cas-26896-48-0\/#breadcrumb"},"inLanguage":"pt-BR","potentialAction":[{"@type":"ReadAction","target":["https:\/\/longchangchemical.com\/product\/tricyclodecanedimethanol-muscomer-cas-26896-48-0\/"]}]},{"@type":"ImageObject","inLanguage":"pt-BR","@id":"https:\/\/longchangchemical.com\/product\/tricyclodecanedimethanol-muscomer-cas-26896-48-0\/#primaryimage","url":"https:\/\/longchangchemical.com\/wp-content\/uploads\/2024\/09\/Tricyclodecanedimethanol-Muscomer-CAS-26896-48-0.jpg","contentUrl":"https:\/\/longchangchemical.com\/wp-content\/uploads\/2024\/09\/Tricyclodecanedimethanol-Muscomer-CAS-26896-48-0.jpg","width":400,"height":400,"caption":"Tricyclodecanedimethanol \/ Muscomer CAS 26896-48-0"},{"@type":"BreadcrumbList","@id":"https:\/\/longchangchemical.com\/product\/tricyclodecanedimethanol-muscomer-cas-26896-48-0\/#breadcrumb","itemListElement":[{"@type":"ListItem","position":1,"name":"Home","item":"https:\/\/longchangchemical.com\/"},{"@type":"ListItem","position":2,"name":"Products Longchang","item":"https:\/\/longchangchemical.com\/product\/"},{"@type":"ListItem","position":3,"name":"CHLUMICRYL\u00ae Tricyclodecanedimethanol \/ Muscomer CAS 26896-48-0"}]},{"@type":"WebSite","@id":"https:\/\/longchangchemical.com\/#website","url":"https:\/\/longchangchemical.com\/","name":"Qu\u00edmica Longchang","description":"Fabricante de produtos qu\u00edmicos na China \uff06 fornecedor","publisher":{"@id":"https:\/\/longchangchemical.com\/#organization"},"potentialAction":[{"@type":"SearchAction","target":{"@type":"EntryPoint","urlTemplate":"https:\/\/longchangchemical.com\/?s={search_term_string}"},"query-input":{"@type":"PropertyValueSpecification","valueRequired":true,"valueName":"search_term_string"}}],"inLanguage":"pt-BR"},{"@type":"Organization","@id":"https:\/\/longchangchemical.com\/#organization","name":"Qu\u00edmica Longchang","url":"https:\/\/longchangchemical.com\/","logo":{"@type":"ImageObject","inLanguage":"pt-BR","@id":"https:\/\/longchangchemical.com\/#\/schema\/logo\/image\/","url":"https:\/\/longchangchemical.com\/wp-content\/uploads\/2020\/08\/cropped-longchang-logo.png","contentUrl":"https:\/\/longchangchemical.com\/wp-content\/uploads\/2020\/08\/cropped-longchang-logo.png","width":512,"height":512,"caption":"Longchang Chemical"},"image":{"@id":"https:\/\/longchangchemical.com\/#\/schema\/logo\/image\/"}}]}},"_links":{"self":[{"href":"https:\/\/longchangchemical.com\/pt\/wp-json\/wp\/v2\/product\/7417","targetHints":{"allow":["GET"]}}],"collection":[{"href":"https:\/\/longchangchemical.com\/pt\/wp-json\/wp\/v2\/product"}],"about":[{"href":"https:\/\/longchangchemical.com\/pt\/wp-json\/wp\/v2\/types\/product"}],"replies":[{"embeddable":true,"href":"https:\/\/longchangchemical.com\/pt\/wp-json\/wp\/v2\/comments?post=7417"}],"wp:featuredmedia":[{"embeddable":true,"href":"https:\/\/longchangchemical.com\/pt\/wp-json\/wp\/v2\/media\/7418"}],"wp:attachment":[{"href":"https:\/\/longchangchemical.com\/pt\/wp-json\/wp\/v2\/media?parent=7417"}],"wp:term":[{"taxonomy":"product_brand","embeddable":true,"href":"https:\/\/longchangchemical.com\/pt\/wp-json\/wp\/v2\/product_brand?post=7417"},{"taxonomy":"product_cat","embeddable":true,"href":"https:\/\/longchangchemical.com\/pt\/wp-json\/wp\/v2\/product_cat?post=7417"},{"taxonomy":"product_tag","embeddable":true,"href":"https:\/\/longchangchemical.com\/pt\/wp-json\/wp\/v2\/product_tag?post=7417"}],"curies":[{"name":"wp","href":"https:\/\/api.w.org\/{rel}","templated":true}]}}