{"id":7357,"date":"2024-09-26T12:34:14","date_gmt":"2024-09-26T12:34:14","guid":{"rendered":"https:\/\/longchangchemical.com\/?post_type=product&#038;p=7357"},"modified":"2025-12-16T08:23:17","modified_gmt":"2025-12-16T08:23:17","slug":"longzyme-acid-pectinase-cas-9032-75-1","status":"publish","type":"product","link":"https:\/\/longchangchemical.com\/pt\/product\/longzyme-acid-pectinase-cas-9032-75-1\/","title":{"rendered":"Longzyme\u00ae Pectinase \u00e1cida CAS 9032-75-1"},"content":{"rendered":"<p>Pectinase \u00e1cida<\/p>\n<p>A pectinase \u00e9 produzida a partir do Aspergillus niger por meio de fermenta\u00e7\u00e3o e extra\u00e7\u00e3o. Usada principalmente no processamento de suco de frutas, suco de vegetais, vinho e outras s\u00e9ries de produtos, mas tamb\u00e9m pode ser usada para ra\u00e7\u00e3o, degomagem de material de c\u00e2nhamo, preserva\u00e7\u00e3o de madeira e outros processamentos.<\/p>\n<p>Princ\u00edpio<\/p>\n<p>Pectinase \u00e9 um termo geral para uma variedade de enzimas que podem decompor a pectina de forma sin\u00e9rgica. A pectinase cont\u00e9m principalmente polimetilgalacturonase (PMGL), poligalacturonase (PG), enzima de clivagem de poligalacturonato (PGL) e pectina esterase (PE). A enzima pectina atua na liga\u00e7\u00e3o glicos\u00eddica entre os res\u00edduos de \u00e1cido D-galactur\u00f4nico na pectina para quebrar a mol\u00e9cula de pectina, degradar a cadeia polissacar\u00eddica da pectina e gerar \u00e1cido oligogalactur\u00f4nico e uma pequena quantidade de pequenas mol\u00e9culas de \u00e1cido galactur\u00f4nico para reduzir a viscosidade, aumentar a velocidade da ultrafiltra\u00e7\u00e3o e melhorar a extra\u00e7\u00e3o do suco. Ele pode reduzir a viscosidade, aumentar a velocidade da ultrafiltra\u00e7\u00e3o, melhorar o desempenho da extra\u00e7\u00e3o do suco, reduzir o tempo de extra\u00e7\u00e3o do suco, real\u00e7ar o sabor frutado, reduzir o custo, aumentar o rendimento do suco, reduzir a precipita\u00e7\u00e3o secund\u00e1ria e melhorar a qualidade dos produtos.<\/p>\n<p>Caracter\u00edsticas do produto<br \/>\n1 \u3001 Faixa de temperatura: faixa de temperatura efetiva de 25 a 65 \u2103\u2103, faixa de temperatura ideal de 50 a 60 \u2103.<br \/>\n2 \u3001 Faixa de valor de pH: faixa de pH efetiva de 2,5 a 4,5, faixa de pH ideal: 3.3-4.0.<br \/>\n3\u3001Efeito dos \u00edons met\u00e1licos na atividade da enzima: baixa concentra\u00e7\u00e3o de Ca, Mg tem um efeito ativador na pectinase, Cu2Fe tem um efeito inibidor na pectinase.<\/p>\n<p>Propriedades do produto<\/p>\n<p>1\u3001Especifica\u00e7\u00e3o do produto: o l\u00edquido \u00e9 marrom claro, h\u00e1 30000u\/mL e 60000u\/mL.<br \/>\n60.000u\/mL; p\u00f3 amarelo s\u00f3lido, 30.000u\/g.<br \/>\n60.000u\/g duas especifica\u00e7\u00f5es; atividade enzim\u00e1tica s\u00f3lida de grau aliment\u00edcio 300.000u\/g.<br \/>\npH da enzima l\u00edquida (25\u00b0C): 3,0-5,0, capacidade: \u22641,25g\/mL; finura da enzima s\u00f3lida (taxa de passagem da peneira padr\u00e3o de 0,4 mm): 280%.<br \/>\n2, a defini\u00e7\u00e3o de atividade enzim\u00e1tica: 1g de p\u00f3 de enzima ou 1mL de solu\u00e7\u00e3o de enzima a 50 \u2103, condi\u00e7\u00f5es de PH3,5, 1h de decomposi\u00e7\u00e3o de pectina para produzir 1mg de \u00e1cido galactur\u00f4nico como uma unidade de atividade enzim\u00e1tica.<br \/>\n3 \u3001 Padr\u00e3o do produto: Q8 1502-1992, o padr\u00e3o da ind\u00fastria leve da Rep\u00fablica Popular da China.<\/p>\n<p>M\u00e9todo de aplica\u00e7\u00e3o<br \/>\n1, prensagem de suco de frutas e vegetais, processo de clarifica\u00e7\u00e3o, adi\u00e7\u00e3o de 0,05-0,3L\/t de polpa de frutas e vegetais (atividade enzim\u00e1tica de 30.000 unidades) PH3,5-4,0, temperatura 45-55 \u2103 C, fun\u00e7\u00e3o 1-5 horas. Ele pode desempenhar o papel de clarificar o suco e melhorar o rendimento.<br \/>\n2 \u3001 No processamento de vinho, a pectinase pode ser adicionada no est\u00e1gio de macera\u00e7\u00e3o, fermenta\u00e7\u00e3o ou armazenamento de acordo com a finalidade, o que pode melhorar a cor e o brilho do vinho, aumentar o aroma do vinho e melhorar o rendimento do suco. A quantidade recomendada de adi\u00e7\u00e3o \u00e9 de 0,05 a 0,2 L\/t de polpa (a atividade enzim\u00e1tica \u00e9 calculada em 30.000 unidades). Ela pode ser adicionada diretamente ao material ou dilu\u00edda com uma pequena quantidade de suco e depois adicionada ao material.<br \/>\n3, na enzima composta da ra\u00e7\u00e3o, a pectinase \u00e1cida foi respons\u00e1vel pela adi\u00e7\u00e3o de 0,03-0,06 kg\/t de material de valor total (atividade enzim\u00e1tica de 30.000 unidades).<\/p>\n<p>Embalagem e armazenamento<br \/>\nO l\u00edquido \u00e9 embalado em tambor de pl\u00e1stico, 25 kg\/tambor; o s\u00f3lido \u00e9 embalado em saco de tecido, 20 kg\/saco.<br \/>\nEsse produto \u00e9 uma subst\u00e2ncia biologicamente ativa; altas temperaturas, \u00e1cidos fortes e \u00e1lcalis fortes causar\u00e3o a inativa\u00e7\u00e3o da enzima; portanto, no processo de transporte e armazenamento, a enzima corporal deve evitar a exposi\u00e7\u00e3o ao sol, e a enzima s\u00f3lida precisa evitar a exposi\u00e7\u00e3o ao sol e \u00e0 chuva. O dep\u00f3sito deve ser mantido limpo, fresco e seco.<\/p>\n<h2>Outro nome:<\/h2>\n<p>Poligalacturonase<\/p>\n<p>&nbsp;<\/p>\n<h2><strong><b>Entre em contato conosco agora!<\/b><\/strong><\/h2>\n<h4><strong><b>Se precisar do Price, preencha suas informa\u00e7\u00f5es de contato no formul\u00e1rio abaixo. Normalmente, entraremos em contato dentro de 24 horas. Voc\u00ea tamb\u00e9m pode me enviar um e-mail\u00a0<span style=\"color: #00ccff;\"><a style=\"color: #00ccff;\" href=\"mailto:info@longchangchemical.com\">info@longchangchemical.com<\/a><\/span>\u00a0durante o hor\u00e1rio comercial (das 8h30 \u00e0s 18h UTC+8 de segunda a s\u00e1bado) ou use o bate-papo ao vivo do site para obter uma resposta imediata.<\/b><\/strong><\/h4>\n<table style=\"border-collapse: collapse; width: 326.27pt;\" border=\"0\" width=\"435\" cellspacing=\"0\" cellpadding=\"0\">\n<tbody>\n<tr style=\"height: 13.50pt;\">\n<td class=\"et2\" style=\"height: 13.50pt; width: 164.25pt;\" width=\"219\" height=\"18\"><a href=\"https:\/\/longchangchemical.com\/pt\/product\/compound-glucoamylase-cas-9032-08-0\/\"><span style=\"color: #00ccff;\">Composto Glucoamilase<\/span><\/a><\/td>\n<td class=\"et2\" style=\"width: 162.00pt;\" width=\"216\">9032-08-0<\/td>\n<\/tr>\n<tr style=\"height: 13.50pt;\">\n<td class=\"et2\" style=\"height: 13.50pt;\" height=\"18\"><a href=\"https:\/\/longchangchemical.com\/pt\/product\/pullulanase-cas-9075-68-7\/\"><span style=\"color: #00ccff;\">Pullulanase<\/span><\/a><\/td>\n<td class=\"et2\">9075-68-7<\/td>\n<\/tr>\n<tr style=\"height: 13.50pt;\">\n<td class=\"et2\" style=\"height: 13.50pt;\" height=\"18\"><a href=\"https:\/\/longchangchemical.com\/pt\/product\/xylanase-cas-37278-89-0\/\"><span style=\"color: #00ccff;\">Xilanase<\/span><\/a><\/td>\n<td class=\"et2\">37278-89-0<\/td>\n<\/tr>\n<tr style=\"height: 13.50pt;\">\n<td class=\"et2\" style=\"height: 13.50pt;\" height=\"18\"><a href=\"https:\/\/longchangchemical.com\/pt\/product\/cellulase-cas-9012-54-8\/\"><span style=\"color: #00ccff;\">Celulase<\/span><\/a><\/td>\n<td class=\"et2\">9012-54-8<\/td>\n<\/tr>\n<tr style=\"height: 13.50pt;\">\n<td class=\"et2\" style=\"height: 13.50pt;\" height=\"18\"><a href=\"https:\/\/longchangchemical.com\/pt\/product\/naringinase-cas-9068-31-9\/\"><span style=\"color: #00ccff;\">Naringinase<\/span><\/a><\/td>\n<td class=\"et2\">9068-31-9<\/td>\n<\/tr>\n<tr style=\"height: 13.50pt;\">\n<td class=\"et2\" style=\"height: 13.50pt;\" height=\"18\"><a href=\"https:\/\/longchangchemical.com\/pt\/product\/beta-amylase-cas-9000-91-3\/\"><span style=\"color: #00ccff;\">\u03b2-Amilase<\/span><\/a><\/td>\n<td class=\"et2\">9000-91-3<\/td>\n<\/tr>\n<tr style=\"height: 13.50pt;\">\n<td class=\"et2\" style=\"height: 13.50pt;\" height=\"18\"><a href=\"https:\/\/longchangchemical.com\/pt\/product\/glucose-oxidase-cas-9001-37-0\/\"><span style=\"color: #00ccff;\">Glucose oxidase<\/span><\/a><\/td>\n<td class=\"et2\">9001-37-0<\/td>\n<\/tr>\n<tr style=\"height: 13.50pt;\">\n<td class=\"et2\" style=\"height: 13.50pt;\" height=\"18\">alfa-Amilase<\/td>\n<td class=\"et2\">9000-90-2<\/td>\n<\/tr>\n<tr style=\"height: 13.50pt;\">\n<td class=\"et2\" style=\"height: 13.50pt;\" height=\"18\"><a href=\"https:\/\/longchangchemical.com\/pt\/product\/longzyme-acid-pectinase-cas-9032-75-1\/\"><span style=\"color: #00ccff;\">Pectinase<\/span><\/a><\/td>\n<td class=\"et2\">9032-75-1<\/td>\n<\/tr>\n<tr style=\"height: 13.50pt;\">\n<td class=\"et2\" style=\"height: 13.50pt;\" height=\"18\">Peroxidase<\/td>\n<td class=\"et2\">9003-99-0<\/td>\n<\/tr>\n<tr style=\"height: 13.50pt;\">\n<td class=\"et2\" style=\"height: 13.50pt;\" height=\"18\"><a href=\"https:\/\/longchangchemical.com\/pt\/product\/lipase-cas-9001-62-1\/\"><span style=\"color: #00ccff;\">Lipase<\/span><\/a><\/td>\n<td class=\"et2\">9001-62-1<\/td>\n<\/tr>\n<tr style=\"height: 13.50pt;\">\n<td class=\"et2\" style=\"height: 13.50pt;\" height=\"18\"><a href=\"https:\/\/longchangchemical.com\/pt\/product\/catalase-cas-9001-05-2\/\"><span style=\"color: #00ccff;\">Catalase<\/span><\/a><\/td>\n<td class=\"et4\">9001-05-2<\/td>\n<\/tr>\n<tr style=\"height: 13.50pt;\">\n<td class=\"et2\" style=\"height: 13.50pt;\" height=\"18\"><a href=\"https:\/\/longchangchemical.com\/pt\/product\/tannase-cas-9025-71-2\/\"><span style=\"color: #00ccff;\">TANNASE<\/span><\/a><\/td>\n<td class=\"et2\">9025-71-2<\/td>\n<\/tr>\n<tr style=\"height: 13.50pt;\">\n<td class=\"et2\" style=\"height: 13.50pt;\" height=\"18\"><a href=\"https:\/\/longchangchemical.com\/pt\/product\/elastase-cas-39445-21-1\/\"><span style=\"color: #00ccff;\">Elastase<\/span><\/a><\/td>\n<td class=\"et2\">39445-21-1<\/td>\n<\/tr>\n<tr style=\"height: 13.50pt;\">\n<td class=\"et2\" style=\"height: 13.50pt;\" height=\"18\"><a href=\"https:\/\/longchangchemical.com\/pt\/product\/urease-cas-9002-13-5\/\"><span style=\"color: #00ccff;\">Urease<\/span><\/a><\/td>\n<td class=\"et2\">9002-13-5<\/td>\n<\/tr>\n<tr style=\"height: 13.50pt;\">\n<td class=\"et2\" style=\"height: 13.50pt;\" height=\"18\"><a href=\"https:\/\/longchangchemical.com\/pt\/product\/dextranase-cas-9025-70-1\/\"><span style=\"color: #00ccff;\">DEXTRANASE<\/span><\/a><\/td>\n<td class=\"et2\">9025-70-1<\/td>\n<\/tr>\n<tr style=\"height: 13.50pt;\">\n<td class=\"et2\" style=\"height: 13.5pt; text-align: left;\" height=\"18\"><a href=\"https:\/\/longchangchemical.com\/pt\/product\/l-lactic-dehydrogenase-cas-9001-60-9\/\"><span style=\"color: #00ccff;\">L-L\u00e1ctico desidrogenase<\/span><\/a><\/td>\n<td class=\"et2\">9001-60-9<\/td>\n<\/tr>\n<tr style=\"height: 13.50pt;\">\n<td class=\"et2\" style=\"height: 13.50pt;\" height=\"18\"><a href=\"https:\/\/longchangchemical.com\/pt\/product\/dehydrogenase-malate-cas-9001-64-3\/\"><span style=\"color: #00ccff;\">Malato desidrogenase<\/span><\/a><\/td>\n<td class=\"et2\">9001-64-3<\/td>\n<\/tr>\n<tr style=\"height: 13.50pt;\">\n<td class=\"et2\" style=\"height: 13.50pt;\" height=\"18\"><a href=\"https:\/\/longchangchemical.com\/pt\/product\/cholesterol-oxidase-cas-9028-76-6\/\"><span style=\"color: #00ccff;\">Colesterol oxidase<\/span><\/a><\/td>\n<td class=\"et2\">9028-76-6<\/td>\n<\/tr>\n<\/tbody>\n<\/table>","protected":false},"excerpt":{"rendered":"<p>Pectinase \u00e1cida A pectinase \u00e9 produzida a partir do Aspergillus niger por meio de fermenta\u00e7\u00e3o e extra\u00e7\u00e3o. \u00c9 usada principalmente no processamento de suco de frutas, suco de vegetais, vinho e outras s\u00e9ries de produtos, mas tamb\u00e9m pode ser usada para ra\u00e7\u00e3o, degomagem de material de c\u00e2nhamo, preserva\u00e7\u00e3o de madeira e outros processamentos. Princ\u00edpio Pectinase \u00e9 um termo geral para uma variedade de enzimas que podem sinergicamente [...]<\/p>","protected":false},"featured_media":7373,"comment_status":"closed","ping_status":"closed","template":"","meta":[],"product_brand":[],"product_cat":[172],"product_tag":[],"class_list":{"0":"post-7357","1":"product","2":"type-product","3":"status-publish","4":"has-post-thumbnail","6":"product_cat-longzyme-enzyme","8":"first","9":"instock","10":"shipping-taxable","11":"product-type-simple"},"yoast_head":"<!-- This site is optimized with the Yoast SEO plugin v25.3.1 - https:\/\/yoast.com\/wordpress\/plugins\/seo\/ -->\n<title>China Longzyme\u00ae Acid Pectinase CAS 9032-75-1 Manufacturer - Longchang Chemical<\/title>\n<meta name=\"description\" content=\"Longzyme\u00ae Acid Pectinase CAS 9032-75-1 is a key product of Longchang Chemical. We provide the best price. We are the leading manufacturer in China with the best quality and competitive price. Other Name: Polygalacturonase\" \/>\n<meta name=\"robots\" content=\"index, follow, max-snippet:-1, max-image-preview:large, max-video-preview:-1\" \/>\n<link rel=\"canonical\" href=\"https:\/\/longchangchemical.com\/pt\/product\/longzyme-acid-pectinase-cas-9032-75-1\/\" \/>\n<meta property=\"og:locale\" content=\"pt_BR\" \/>\n<meta property=\"og:type\" content=\"article\" \/>\n<meta property=\"og:title\" content=\"China Longzyme\u00ae Acid Pectinase CAS 9032-75-1 Manufacturer - Longchang Chemical\" \/>\n<meta property=\"og:description\" content=\"Longzyme\u00ae Acid Pectinase CAS 9032-75-1 is a key product of Longchang Chemical. We provide the best price. We are the leading manufacturer in China with the best quality and competitive price. Other Name: Polygalacturonase\" \/>\n<meta property=\"og:url\" content=\"https:\/\/longchangchemical.com\/pt\/product\/longzyme-acid-pectinase-cas-9032-75-1\/\" \/>\n<meta property=\"og:site_name\" content=\"Longchang Chemical\" \/>\n<meta property=\"article:modified_time\" content=\"2025-12-16T08:23:17+00:00\" \/>\n<meta property=\"og:image\" content=\"https:\/\/longchangchemical.com\/wp-content\/uploads\/2024\/09\/Pectinase-CAS-9032-75-1.jpg\" \/>\n\t<meta property=\"og:image:width\" content=\"400\" \/>\n\t<meta property=\"og:image:height\" content=\"400\" \/>\n\t<meta property=\"og:image:type\" content=\"image\/jpeg\" \/>\n<meta name=\"twitter:card\" content=\"summary_large_image\" \/>\n<script type=\"application\/ld+json\" class=\"yoast-schema-graph\">{\"@context\":\"https:\/\/schema.org\",\"@graph\":[{\"@type\":\"WebPage\",\"@id\":\"https:\/\/longchangchemical.com\/product\/longzyme-acid-pectinase-cas-9032-75-1\/\",\"url\":\"https:\/\/longchangchemical.com\/product\/longzyme-acid-pectinase-cas-9032-75-1\/\",\"name\":\"China Longzyme\u00ae Acid Pectinase CAS 9032-75-1 Manufacturer - Longchang Chemical\",\"isPartOf\":{\"@id\":\"https:\/\/longchangchemical.com\/#website\"},\"primaryImageOfPage\":{\"@id\":\"https:\/\/longchangchemical.com\/product\/longzyme-acid-pectinase-cas-9032-75-1\/#primaryimage\"},\"image\":{\"@id\":\"https:\/\/longchangchemical.com\/product\/longzyme-acid-pectinase-cas-9032-75-1\/#primaryimage\"},\"thumbnailUrl\":\"https:\/\/longchangchemical.com\/wp-content\/uploads\/2024\/09\/Pectinase-CAS-9032-75-1.jpg\",\"datePublished\":\"2024-09-26T12:34:14+00:00\",\"dateModified\":\"2025-12-16T08:23:17+00:00\",\"description\":\"Longzyme\u00ae Acid Pectinase CAS 9032-75-1 is a key product of Longchang Chemical. We provide the best price. We are the leading manufacturer in China with the best quality and competitive price. Other Name: Polygalacturonase\",\"breadcrumb\":{\"@id\":\"https:\/\/longchangchemical.com\/product\/longzyme-acid-pectinase-cas-9032-75-1\/#breadcrumb\"},\"inLanguage\":\"pt-BR\",\"potentialAction\":[{\"@type\":\"ReadAction\",\"target\":[\"https:\/\/longchangchemical.com\/product\/longzyme-acid-pectinase-cas-9032-75-1\/\"]}]},{\"@type\":\"ImageObject\",\"inLanguage\":\"pt-BR\",\"@id\":\"https:\/\/longchangchemical.com\/product\/longzyme-acid-pectinase-cas-9032-75-1\/#primaryimage\",\"url\":\"https:\/\/longchangchemical.com\/wp-content\/uploads\/2024\/09\/Pectinase-CAS-9032-75-1.jpg\",\"contentUrl\":\"https:\/\/longchangchemical.com\/wp-content\/uploads\/2024\/09\/Pectinase-CAS-9032-75-1.jpg\",\"width\":400,\"height\":400,\"caption\":\"Pectinase CAS 9032-75-1\"},{\"@type\":\"BreadcrumbList\",\"@id\":\"https:\/\/longchangchemical.com\/product\/longzyme-acid-pectinase-cas-9032-75-1\/#breadcrumb\",\"itemListElement\":[{\"@type\":\"ListItem\",\"position\":1,\"name\":\"Home\",\"item\":\"https:\/\/longchangchemical.com\/\"},{\"@type\":\"ListItem\",\"position\":2,\"name\":\"Products Longchang\",\"item\":\"https:\/\/longchangchemical.com\/product\/\"},{\"@type\":\"ListItem\",\"position\":3,\"name\":\"Longzyme\u00ae Acid Pectinase CAS 9032-75-1\"}]},{\"@type\":\"WebSite\",\"@id\":\"https:\/\/longchangchemical.com\/#website\",\"url\":\"https:\/\/longchangchemical.com\/\",\"name\":\"Longchang Chemical\",\"description\":\"China chemical manufacturer \uff06 supplier\",\"publisher\":{\"@id\":\"https:\/\/longchangchemical.com\/#organization\"},\"potentialAction\":[{\"@type\":\"SearchAction\",\"target\":{\"@type\":\"EntryPoint\",\"urlTemplate\":\"https:\/\/longchangchemical.com\/?s={search_term_string}\"},\"query-input\":{\"@type\":\"PropertyValueSpecification\",\"valueRequired\":true,\"valueName\":\"search_term_string\"}}],\"inLanguage\":\"pt-BR\"},{\"@type\":\"Organization\",\"@id\":\"https:\/\/longchangchemical.com\/#organization\",\"name\":\"Longchang Chemical\",\"url\":\"https:\/\/longchangchemical.com\/\",\"logo\":{\"@type\":\"ImageObject\",\"inLanguage\":\"pt-BR\",\"@id\":\"https:\/\/longchangchemical.com\/#\/schema\/logo\/image\/\",\"url\":\"https:\/\/longchangchemical.com\/wp-content\/uploads\/2020\/08\/cropped-longchang-logo.png\",\"contentUrl\":\"https:\/\/longchangchemical.com\/wp-content\/uploads\/2020\/08\/cropped-longchang-logo.png\",\"width\":512,\"height\":512,\"caption\":\"Longchang Chemical\"},\"image\":{\"@id\":\"https:\/\/longchangchemical.com\/#\/schema\/logo\/image\/\"}}]}<\/script>\n<!-- \/ Yoast SEO plugin. -->","yoast_head_json":{"title":"Fabricante de Longzyme\u00ae Acid Pectinase CAS 9032-75-1 na China - Longchang Chemical","description":"Longzyme\u00ae Acid Pectinase CAS 9032-75-1 \u00e9 um produto-chave da Longchang Chemical. Oferecemos o melhor pre\u00e7o. Somos o fabricante l\u00edder na China, com a melhor qualidade e pre\u00e7o competitivo. Outro nome: Poligalacturonase","robots":{"index":"index","follow":"follow","max-snippet":"max-snippet:-1","max-image-preview":"max-image-preview:large","max-video-preview":"max-video-preview:-1"},"canonical":"https:\/\/longchangchemical.com\/pt\/product\/longzyme-acid-pectinase-cas-9032-75-1\/","og_locale":"pt_BR","og_type":"article","og_title":"China Longzyme\u00ae Acid Pectinase CAS 9032-75-1 Manufacturer - Longchang Chemical","og_description":"Longzyme\u00ae Acid Pectinase CAS 9032-75-1 is a key product of Longchang Chemical. We provide the best price. We are the leading manufacturer in China with the best quality and competitive price. Other Name: Polygalacturonase","og_url":"https:\/\/longchangchemical.com\/pt\/product\/longzyme-acid-pectinase-cas-9032-75-1\/","og_site_name":"Longchang Chemical","article_modified_time":"2025-12-16T08:23:17+00:00","og_image":[{"width":400,"height":400,"url":"https:\/\/longchangchemical.com\/wp-content\/uploads\/2024\/09\/Pectinase-CAS-9032-75-1.jpg","type":"image\/jpeg"}],"twitter_card":"summary_large_image","schema":{"@context":"https:\/\/schema.org","@graph":[{"@type":"WebPage","@id":"https:\/\/longchangchemical.com\/product\/longzyme-acid-pectinase-cas-9032-75-1\/","url":"https:\/\/longchangchemical.com\/product\/longzyme-acid-pectinase-cas-9032-75-1\/","name":"Fabricante de Longzyme\u00ae Acid Pectinase CAS 9032-75-1 na China - Longchang Chemical","isPartOf":{"@id":"https:\/\/longchangchemical.com\/#website"},"primaryImageOfPage":{"@id":"https:\/\/longchangchemical.com\/product\/longzyme-acid-pectinase-cas-9032-75-1\/#primaryimage"},"image":{"@id":"https:\/\/longchangchemical.com\/product\/longzyme-acid-pectinase-cas-9032-75-1\/#primaryimage"},"thumbnailUrl":"https:\/\/longchangchemical.com\/wp-content\/uploads\/2024\/09\/Pectinase-CAS-9032-75-1.jpg","datePublished":"2024-09-26T12:34:14+00:00","dateModified":"2025-12-16T08:23:17+00:00","description":"Longzyme\u00ae Acid Pectinase CAS 9032-75-1 \u00e9 um produto-chave da Longchang Chemical. Oferecemos o melhor pre\u00e7o. Somos o fabricante l\u00edder na China, com a melhor qualidade e pre\u00e7o competitivo. Outro nome: Poligalacturonase","breadcrumb":{"@id":"https:\/\/longchangchemical.com\/product\/longzyme-acid-pectinase-cas-9032-75-1\/#breadcrumb"},"inLanguage":"pt-BR","potentialAction":[{"@type":"ReadAction","target":["https:\/\/longchangchemical.com\/product\/longzyme-acid-pectinase-cas-9032-75-1\/"]}]},{"@type":"ImageObject","inLanguage":"pt-BR","@id":"https:\/\/longchangchemical.com\/product\/longzyme-acid-pectinase-cas-9032-75-1\/#primaryimage","url":"https:\/\/longchangchemical.com\/wp-content\/uploads\/2024\/09\/Pectinase-CAS-9032-75-1.jpg","contentUrl":"https:\/\/longchangchemical.com\/wp-content\/uploads\/2024\/09\/Pectinase-CAS-9032-75-1.jpg","width":400,"height":400,"caption":"Pectinase CAS 9032-75-1"},{"@type":"BreadcrumbList","@id":"https:\/\/longchangchemical.com\/product\/longzyme-acid-pectinase-cas-9032-75-1\/#breadcrumb","itemListElement":[{"@type":"ListItem","position":1,"name":"Home","item":"https:\/\/longchangchemical.com\/"},{"@type":"ListItem","position":2,"name":"Products Longchang","item":"https:\/\/longchangchemical.com\/product\/"},{"@type":"ListItem","position":3,"name":"Longzyme\u00ae Acid Pectinase CAS 9032-75-1"}]},{"@type":"WebSite","@id":"https:\/\/longchangchemical.com\/#website","url":"https:\/\/longchangchemical.com\/","name":"Qu\u00edmica Longchang","description":"Fabricante de produtos qu\u00edmicos na China \uff06 fornecedor","publisher":{"@id":"https:\/\/longchangchemical.com\/#organization"},"potentialAction":[{"@type":"SearchAction","target":{"@type":"EntryPoint","urlTemplate":"https:\/\/longchangchemical.com\/?s={search_term_string}"},"query-input":{"@type":"PropertyValueSpecification","valueRequired":true,"valueName":"search_term_string"}}],"inLanguage":"pt-BR"},{"@type":"Organization","@id":"https:\/\/longchangchemical.com\/#organization","name":"Qu\u00edmica Longchang","url":"https:\/\/longchangchemical.com\/","logo":{"@type":"ImageObject","inLanguage":"pt-BR","@id":"https:\/\/longchangchemical.com\/#\/schema\/logo\/image\/","url":"https:\/\/longchangchemical.com\/wp-content\/uploads\/2020\/08\/cropped-longchang-logo.png","contentUrl":"https:\/\/longchangchemical.com\/wp-content\/uploads\/2020\/08\/cropped-longchang-logo.png","width":512,"height":512,"caption":"Longchang Chemical"},"image":{"@id":"https:\/\/longchangchemical.com\/#\/schema\/logo\/image\/"}}]}},"_links":{"self":[{"href":"https:\/\/longchangchemical.com\/pt\/wp-json\/wp\/v2\/product\/7357","targetHints":{"allow":["GET"]}}],"collection":[{"href":"https:\/\/longchangchemical.com\/pt\/wp-json\/wp\/v2\/product"}],"about":[{"href":"https:\/\/longchangchemical.com\/pt\/wp-json\/wp\/v2\/types\/product"}],"replies":[{"embeddable":true,"href":"https:\/\/longchangchemical.com\/pt\/wp-json\/wp\/v2\/comments?post=7357"}],"wp:featuredmedia":[{"embeddable":true,"href":"https:\/\/longchangchemical.com\/pt\/wp-json\/wp\/v2\/media\/7373"}],"wp:attachment":[{"href":"https:\/\/longchangchemical.com\/pt\/wp-json\/wp\/v2\/media?parent=7357"}],"wp:term":[{"taxonomy":"product_brand","embeddable":true,"href":"https:\/\/longchangchemical.com\/pt\/wp-json\/wp\/v2\/product_brand?post=7357"},{"taxonomy":"product_cat","embeddable":true,"href":"https:\/\/longchangchemical.com\/pt\/wp-json\/wp\/v2\/product_cat?post=7357"},{"taxonomy":"product_tag","embeddable":true,"href":"https:\/\/longchangchemical.com\/pt\/wp-json\/wp\/v2\/product_tag?post=7357"}],"curies":[{"name":"wp","href":"https:\/\/api.w.org\/{rel}","templated":true}]}}