{"id":7000,"date":"2024-06-13T02:33:33","date_gmt":"2024-06-13T02:33:33","guid":{"rendered":"https:\/\/longchangchemical.com\/?post_type=product&#038;p=7000"},"modified":"2025-04-01T07:06:52","modified_gmt":"2025-04-01T07:06:52","slug":"df-d952r","status":"publish","type":"product","link":"https:\/\/longchangchemical.com\/pt\/product\/df-d952r\/","title":{"rendered":"CHLUMICRYL\u00ae DF-D952R \/ antiespumante"},"content":{"rendered":"<h1>Solu\u00e7\u00e3o de copol\u00edmero de acrilato e antiespumante<\/h1>\n<p><strong><b>Nome do produto:\u00a0<\/b><\/strong><strong><b>\u00a0\u00a0<\/b><\/strong> DF-D952R<\/p>\n<p><strong>Especifica\u00e7\u00e3o<\/strong><\/p>\n<table width=\"594\" cellspacing=\"0\" cellpadding=\"0\">\n<tbody>\n<tr>\n<td>Composi\u00e7\u00e3o<\/td>\n<td>Solu\u00e7\u00e3o de copol\u00edmero de acrilato<\/td>\n<\/tr>\n<tr>\n<td>Apar\u00eancia<\/td>\n<td>L\u00edquido levemente amarelado e claro<\/td>\n<\/tr>\n<tr>\n<td>Solvente Sinosolv<\/td>\n<td>Adipato de diisobutilo<\/td>\n<\/tr>\n<tr>\n<td>Subst\u00e2ncia ativa<\/td>\n<td>40%<\/td>\n<\/tr>\n<tr>\n<td>Densidade<\/td>\n<td>0,92-0,96g\/ml(25\u00b11)\u2103<\/td>\n<\/tr>\n<tr>\n<td>Viscosidade<\/td>\n<td>20-40s(Tu-4 viscometer)(25\u00b10.2)\u2103<\/td>\n<\/tr>\n<tr>\n<td>Ponto de fulgor<\/td>\n<td>\uff1e100\u2103<\/td>\n<\/tr>\n<\/tbody>\n<\/table>\n<p>Observa\u00e7\u00e3o: Esta planilha de dados destina-se a fornecer resultados t\u00edpicos, n\u00e3o padr\u00e3o.<\/p>\n<p><strong>Sistema de aplicativos<\/strong><\/p>\n<p>Tinta\/tinta de revestimento \u00e0 base de solvente<\/p>\n<p><strong>Propriedades<\/strong><\/p>\n<p>Excelente capacidade de inibi\u00e7\u00e3o de espuma e de desaera\u00e7\u00e3o sem efeitos colaterais.<\/p>\n<p>Pode ser usado em sistemas acr\u00edlicos, de poli\u00e9ster, ep\u00f3xi, alqu\u00eddicos e outros, exceto verniz.<\/p>\n<p>N\u00e3o est\u00e1 sujeito ao TATA DGR<\/p>\n<p><strong>Incorpora\u00e7\u00e3o<\/strong><\/p>\n<p>Deve ser adicionado \u00e0 base do moinho para melhorar a inibi\u00e7\u00e3o da espuma, a desaera\u00e7\u00e3o e a velocidade de remo\u00e7\u00e3o de espuma do sistema.<\/p>\n<p><strong>Sugerir adi\u00e7\u00e3o<\/strong><\/p>\n<p>Adi\u00e7\u00e3o \u00e0 formula\u00e7\u00e3o total 0,15-0,8%<\/p>\n<p><strong><b>Pacote<\/b><\/strong><strong><b>:<\/b><\/strong><\/p>\n<p>Tambor de 25KG \/ 180KG<\/p>\n<p><strong><b>Armazenamento:<\/b><\/strong><\/p>\n<p>Mantido em um dep\u00f3sito seco e limpo, com boa ventila\u00e7\u00e3o.<\/p>\n<p>Evite a exposi\u00e7\u00e3o \u00e0 luz e ao aquecimento.<\/p>\n<p>Proteger o produto contra vazamentos, chuva e insola\u00e7\u00e3o durante o transporte.<\/p>\n<p>Mantenha intacto por 24 meses na embalagem original. Os produtos que ultrapassarem o per\u00edodo de armazenamento podem continuar a ser usados ap\u00f3s a inspe\u00e7\u00e3o. O cont\u00eainer deve ser fechado imediatamente ap\u00f3s o uso.<\/p>\n<h2><strong><b>Entre em contato conosco agora!<\/b><\/strong><\/h2>\n<h4><strong><b>Se precisar do Price, preencha suas informa\u00e7\u00f5es de contato no formul\u00e1rio abaixo. Normalmente, entraremos em contato dentro de 24 horas. Voc\u00ea tamb\u00e9m pode me enviar um e-mail<span style=\"color: #00ccff;\">\u00a0<a style=\"color: #00ccff;\" href=\"mailto:info@longchangchemical.com\">info@longchangchemical.com<\/a>\u00a0<\/span>durante o hor\u00e1rio comercial (das 8h30 \u00e0s 18h UTC+8 de segunda a s\u00e1bado) ou use o bate-papo ao vivo do site para obter uma resposta imediata.<\/b><\/strong><\/h4>\n<p>&nbsp;<\/p>","protected":false},"excerpt":{"rendered":"<p>Solu\u00e7\u00e3o de copol\u00edmero de acrilato para antiespumante Nome do produto:    DF-D952R Especifica\u00e7\u00e3o Composi\u00e7\u00e3o Solu\u00e7\u00e3o de copol\u00edmero de acrilato Apar\u00eancia L\u00edquido claro levemente amarelado Solvente Adipato de diisobutila Subst\u00e2ncia ativa 40% Densidade 0,92-0,96g\/ml(25\u00b11)\u2103 Viscosidade 20-40s(viscos\u00edmetro Tu-4)(25\u00b10,2)\u2103 Ponto de fulgor \uff1e100\u2103 Observa\u00e7\u00e3o: Esta folha de dados destina-se a fornecer resultados t\u00edpicos, n\u00e3o padr\u00e3o. Sistema de aplica\u00e7\u00e3o Revestimento\/tinta \u00e0 base de solvente Propriedades da tinta \u25cfExcelente capacidade de inibi\u00e7\u00e3o de espuma e de desaera\u00e7\u00e3o sem [...]<\/p>","protected":false},"featured_media":0,"comment_status":"closed","ping_status":"closed","template":"","meta":[],"product_brand":[],"product_cat":[138],"product_tag":[],"class_list":{"0":"post-7000","1":"product","2":"type-product","3":"status-publish","5":"product_cat-coating-and-ink-additives","7":"first","8":"instock","9":"shipping-taxable","10":"product-type-simple"},"yoast_head":"<!-- This site is optimized with the Yoast SEO plugin v25.3.1 - https:\/\/yoast.com\/wordpress\/plugins\/seo\/ -->\n<title>China CHLUMICRYL\u00ae DF-D952R \/ defoamer Manufacturer - Longchang Chemical<\/title>\n<meta name=\"description\" content=\"Polyether siloxane copolymer; Tego Foamex N; Tego Airex 900; Tego Airex 920\" \/>\n<meta name=\"robots\" content=\"index, follow, max-snippet:-1, max-image-preview:large, max-video-preview:-1\" \/>\n<link rel=\"canonical\" href=\"https:\/\/longchangchemical.com\/pt\/product\/df-d952r\/\" \/>\n<meta property=\"og:locale\" content=\"pt_BR\" \/>\n<meta property=\"og:type\" content=\"article\" \/>\n<meta property=\"og:title\" content=\"China CHLUMICRYL\u00ae DF-D952R \/ defoamer Manufacturer - Longchang Chemical\" \/>\n<meta property=\"og:description\" content=\"Polyether siloxane copolymer; Tego Foamex N; Tego Airex 900; Tego Airex 920\" \/>\n<meta property=\"og:url\" content=\"https:\/\/longchangchemical.com\/pt\/product\/df-d952r\/\" \/>\n<meta property=\"og:site_name\" content=\"Longchang Chemical\" \/>\n<meta property=\"article:modified_time\" content=\"2025-04-01T07:06:52+00:00\" \/>\n<meta property=\"og:image\" content=\"https:\/\/longchangchemical.com\/wp-content\/uploads\/2024\/02\/logo-jpeg.jpg\" \/>\n\t<meta property=\"og:image:width\" content=\"1000\" \/>\n\t<meta property=\"og:image:height\" content=\"1000\" \/>\n\t<meta property=\"og:image:type\" content=\"image\/jpeg\" \/>\n<meta name=\"twitter:card\" content=\"summary_large_image\" \/>\n<script type=\"application\/ld+json\" class=\"yoast-schema-graph\">{\"@context\":\"https:\/\/schema.org\",\"@graph\":[{\"@type\":\"WebPage\",\"@id\":\"https:\/\/longchangchemical.com\/product\/df-d952r\/\",\"url\":\"https:\/\/longchangchemical.com\/product\/df-d952r\/\",\"name\":\"China CHLUMICRYL\u00ae DF-D952R \/ defoamer Manufacturer - Longchang Chemical\",\"isPartOf\":{\"@id\":\"https:\/\/longchangchemical.com\/#website\"},\"datePublished\":\"2024-06-13T02:33:33+00:00\",\"dateModified\":\"2025-04-01T07:06:52+00:00\",\"description\":\"Polyether siloxane copolymer; Tego Foamex N; Tego Airex 900; Tego Airex 920\",\"breadcrumb\":{\"@id\":\"https:\/\/longchangchemical.com\/product\/df-d952r\/#breadcrumb\"},\"inLanguage\":\"pt-BR\",\"potentialAction\":[{\"@type\":\"ReadAction\",\"target\":[\"https:\/\/longchangchemical.com\/product\/df-d952r\/\"]}]},{\"@type\":\"BreadcrumbList\",\"@id\":\"https:\/\/longchangchemical.com\/product\/df-d952r\/#breadcrumb\",\"itemListElement\":[{\"@type\":\"ListItem\",\"position\":1,\"name\":\"Home\",\"item\":\"https:\/\/longchangchemical.com\/\"},{\"@type\":\"ListItem\",\"position\":2,\"name\":\"Products Longchang\",\"item\":\"https:\/\/longchangchemical.com\/product\/\"},{\"@type\":\"ListItem\",\"position\":3,\"name\":\"CHLUMICRYL\u00ae DF-D952R \/ defoamer\"}]},{\"@type\":\"WebSite\",\"@id\":\"https:\/\/longchangchemical.com\/#website\",\"url\":\"https:\/\/longchangchemical.com\/\",\"name\":\"Longchang Chemical\",\"description\":\"China chemical manufacturer \uff06 supplier\",\"publisher\":{\"@id\":\"https:\/\/longchangchemical.com\/#organization\"},\"potentialAction\":[{\"@type\":\"SearchAction\",\"target\":{\"@type\":\"EntryPoint\",\"urlTemplate\":\"https:\/\/longchangchemical.com\/?s={search_term_string}\"},\"query-input\":{\"@type\":\"PropertyValueSpecification\",\"valueRequired\":true,\"valueName\":\"search_term_string\"}}],\"inLanguage\":\"pt-BR\"},{\"@type\":\"Organization\",\"@id\":\"https:\/\/longchangchemical.com\/#organization\",\"name\":\"Longchang Chemical\",\"url\":\"https:\/\/longchangchemical.com\/\",\"logo\":{\"@type\":\"ImageObject\",\"inLanguage\":\"pt-BR\",\"@id\":\"https:\/\/longchangchemical.com\/#\/schema\/logo\/image\/\",\"url\":\"https:\/\/longchangchemical.com\/wp-content\/uploads\/2020\/08\/cropped-longchang-logo.png\",\"contentUrl\":\"https:\/\/longchangchemical.com\/wp-content\/uploads\/2020\/08\/cropped-longchang-logo.png\",\"width\":512,\"height\":512,\"caption\":\"Longchang Chemical\"},\"image\":{\"@id\":\"https:\/\/longchangchemical.com\/#\/schema\/logo\/image\/\"}}]}<\/script>\n<!-- \/ Yoast SEO plugin. -->","yoast_head_json":{"title":"China CHLUMICRYL\u00ae DF-D952R \/ antiespumante Fabricante - Longchang Chemical","description":"Copol\u00edmero de poli\u00e9ter siloxano; Tego Foamex N; Tego Airex 900; Tego Airex 920","robots":{"index":"index","follow":"follow","max-snippet":"max-snippet:-1","max-image-preview":"max-image-preview:large","max-video-preview":"max-video-preview:-1"},"canonical":"https:\/\/longchangchemical.com\/pt\/product\/df-d952r\/","og_locale":"pt_BR","og_type":"article","og_title":"China CHLUMICRYL\u00ae DF-D952R \/ defoamer Manufacturer - Longchang Chemical","og_description":"Polyether siloxane copolymer; Tego Foamex N; Tego Airex 900; Tego Airex 920","og_url":"https:\/\/longchangchemical.com\/pt\/product\/df-d952r\/","og_site_name":"Longchang Chemical","article_modified_time":"2025-04-01T07:06:52+00:00","og_image":[{"width":1000,"height":1000,"url":"https:\/\/longchangchemical.com\/wp-content\/uploads\/2024\/02\/logo-jpeg.jpg","type":"image\/jpeg"}],"twitter_card":"summary_large_image","schema":{"@context":"https:\/\/schema.org","@graph":[{"@type":"WebPage","@id":"https:\/\/longchangchemical.com\/product\/df-d952r\/","url":"https:\/\/longchangchemical.com\/product\/df-d952r\/","name":"China CHLUMICRYL\u00ae DF-D952R \/ antiespumante Fabricante - Longchang Chemical","isPartOf":{"@id":"https:\/\/longchangchemical.com\/#website"},"datePublished":"2024-06-13T02:33:33+00:00","dateModified":"2025-04-01T07:06:52+00:00","description":"Copol\u00edmero de poli\u00e9ter siloxano; Tego Foamex N; Tego Airex 900; Tego Airex 920","breadcrumb":{"@id":"https:\/\/longchangchemical.com\/product\/df-d952r\/#breadcrumb"},"inLanguage":"pt-BR","potentialAction":[{"@type":"ReadAction","target":["https:\/\/longchangchemical.com\/product\/df-d952r\/"]}]},{"@type":"BreadcrumbList","@id":"https:\/\/longchangchemical.com\/product\/df-d952r\/#breadcrumb","itemListElement":[{"@type":"ListItem","position":1,"name":"Home","item":"https:\/\/longchangchemical.com\/"},{"@type":"ListItem","position":2,"name":"Products Longchang","item":"https:\/\/longchangchemical.com\/product\/"},{"@type":"ListItem","position":3,"name":"CHLUMICRYL\u00ae DF-D952R \/ defoamer"}]},{"@type":"WebSite","@id":"https:\/\/longchangchemical.com\/#website","url":"https:\/\/longchangchemical.com\/","name":"Qu\u00edmica Longchang","description":"Fabricante de produtos qu\u00edmicos na China \uff06 fornecedor","publisher":{"@id":"https:\/\/longchangchemical.com\/#organization"},"potentialAction":[{"@type":"SearchAction","target":{"@type":"EntryPoint","urlTemplate":"https:\/\/longchangchemical.com\/?s={search_term_string}"},"query-input":{"@type":"PropertyValueSpecification","valueRequired":true,"valueName":"search_term_string"}}],"inLanguage":"pt-BR"},{"@type":"Organization","@id":"https:\/\/longchangchemical.com\/#organization","name":"Qu\u00edmica Longchang","url":"https:\/\/longchangchemical.com\/","logo":{"@type":"ImageObject","inLanguage":"pt-BR","@id":"https:\/\/longchangchemical.com\/#\/schema\/logo\/image\/","url":"https:\/\/longchangchemical.com\/wp-content\/uploads\/2020\/08\/cropped-longchang-logo.png","contentUrl":"https:\/\/longchangchemical.com\/wp-content\/uploads\/2020\/08\/cropped-longchang-logo.png","width":512,"height":512,"caption":"Longchang Chemical"},"image":{"@id":"https:\/\/longchangchemical.com\/#\/schema\/logo\/image\/"}}]}},"_links":{"self":[{"href":"https:\/\/longchangchemical.com\/pt\/wp-json\/wp\/v2\/product\/7000","targetHints":{"allow":["GET"]}}],"collection":[{"href":"https:\/\/longchangchemical.com\/pt\/wp-json\/wp\/v2\/product"}],"about":[{"href":"https:\/\/longchangchemical.com\/pt\/wp-json\/wp\/v2\/types\/product"}],"replies":[{"embeddable":true,"href":"https:\/\/longchangchemical.com\/pt\/wp-json\/wp\/v2\/comments?post=7000"}],"wp:attachment":[{"href":"https:\/\/longchangchemical.com\/pt\/wp-json\/wp\/v2\/media?parent=7000"}],"wp:term":[{"taxonomy":"product_brand","embeddable":true,"href":"https:\/\/longchangchemical.com\/pt\/wp-json\/wp\/v2\/product_brand?post=7000"},{"taxonomy":"product_cat","embeddable":true,"href":"https:\/\/longchangchemical.com\/pt\/wp-json\/wp\/v2\/product_cat?post=7000"},{"taxonomy":"product_tag","embeddable":true,"href":"https:\/\/longchangchemical.com\/pt\/wp-json\/wp\/v2\/product_tag?post=7000"}],"curies":[{"name":"wp","href":"https:\/\/api.w.org\/{rel}","templated":true}]}}