{"id":6963,"date":"2024-05-22T05:42:08","date_gmt":"2024-05-22T05:42:08","guid":{"rendered":"https:\/\/longchangchemical.com\/?post_type=product&#038;p=6963"},"modified":"2026-05-08T03:00:06","modified_gmt":"2026-05-08T03:00:06","slug":"yeast-extract-cas-8013-01-2","status":"publish","type":"product","link":"https:\/\/longchangchemical.com\/pt\/product\/yeast-extract-cas-8013-01-2\/","title":{"rendered":"Extrato de levedura CAS 8013-01-2"},"content":{"rendered":"<div class=\"col-md-6\">\n<h2><strong>Extrato de levedura CAS 8013-01-2<\/strong><\/h2>\n<p>O extrato de levedura \u00e9 feito de levedura de padeiro ou levedura de cerveja com alto teor de prote\u00edna como mat\u00e9ria-prima e \u00e9 produzido por aut\u00f3lise, enzim\u00f3lise, concentra\u00e7\u00e3o, secagem e outros processos, sendo rico em prote\u00ednas, amino\u00e1cidos, pept\u00eddeos, pept\u00eddeos, \u00e1cidos nucleicos, vitaminas e oligoelementos. Ingredientes dos produtos bio-medium.<br \/>\nO extrato de levedura lcnacure\u00ae \u00e9 rico em nutrientes e \u00e9 amplamente utilizado no setor de cultura microbiana, e algumas especifica\u00e7\u00f5es tamb\u00e9m s\u00e3o usadas no setor de alimentos, como carne \u00e0 base de plantas.<\/p>\n<ul>\n<li>Grau de ultrafiltra\u00e7\u00e3o\/microfiltra\u00e7\u00e3o:\u00a0<strong>FM888, FM808, FM818, FM828, FM808<\/strong><\/li>\n<li>Categoria padr\u00e3o:\u00a0<strong>FM902, FM860, LM800, YA801 (levedura autolisada), LD00, FM905<\/strong><\/li>\n<li>Ind\u00fastria aliment\u00edcia (origem n\u00e3o animal):\u00a0<strong>KU012, SA524, VKA246<\/strong><\/li>\n<li>Categoria de enriquecimento de nutrientes:\u00a0<strong>FM803, LM802, FM505, LM505<\/strong><\/li>\n<li>Extrato de levedura em p\u00f3 seco:\u00a0<strong>YI01, YI02<\/strong><\/li>\n<li>Extrato de levedura para cultura de c\u00e9lulas:<strong>\u00a0CM01, CM02<\/strong><\/li>\n<\/ul>\n<table width=\"521\">\n<tbody>\n<tr>\n<td width=\"199\">Itens<\/td>\n<td width=\"322\">Especifica\u00e7\u00f5es<\/td>\n<\/tr>\n<tr>\n<td width=\"199\">Apar\u00eancia<\/td>\n<td width=\"322\">P\u00f3 amarelo com sabor espec\u00edfico, sem<\/p>\n<p>odor estranho e impureza vis\u00edvel<\/td>\n<\/tr>\n<tr>\n<td width=\"199\">PH (solu\u00e7\u00e3o 8%)<\/td>\n<td width=\"322\">4.5-8<\/td>\n<\/tr>\n<tr>\n<td width=\"199\">Mat\u00e9ria seca (DM), %<\/td>\n<td width=\"322\">\u226594.0<\/td>\n<\/tr>\n<tr>\n<td width=\"199\">Nitrog\u00eanio total\/(DM-NaCl), %<\/td>\n<td width=\"322\">\u22659.0<\/td>\n<\/tr>\n<tr>\n<td width=\"199\">Cloreto de s\u00f3dio, %<\/td>\n<td width=\"322\">\u22641.0<\/td>\n<\/tr>\n<tr>\n<td width=\"199\">Contagem de placas aer\u00f3bicas, cfu\/g<\/td>\n<td width=\"322\">\u22645000<\/td>\n<\/tr>\n<tr>\n<td width=\"199\">Coliformes, cfu\/g<\/td>\n<td width=\"322\">\u226430<\/td>\n<\/tr>\n<tr>\n<td width=\"199\">Clostridium perfringens, cfu\/g<\/td>\n<td width=\"322\">\u226410<\/td>\n<\/tr>\n<tr>\n<td width=\"199\">Leveduras, cfu\/g<\/td>\n<td width=\"322\">&lt;50<\/td>\n<\/tr>\n<tr>\n<td width=\"199\">Bolores, cfu\/g<\/td>\n<td width=\"322\">\u226450<\/td>\n<\/tr>\n<tr>\n<td width=\"199\">Salmonela, \/25g<\/td>\n<td width=\"322\">Aus\u00eancia<\/td>\n<\/tr>\n<tr>\n<td width=\"199\">Escherichia coli, \/25g<\/td>\n<td width=\"322\">Aus\u00eancia<\/td>\n<\/tr>\n<tr>\n<td width=\"199\">Staphylococcus aureus, \/25g<\/td>\n<td width=\"322\">Aus\u00eancia<\/td>\n<\/tr>\n<\/tbody>\n<\/table>\n<p><strong>\u00a0<\/strong><\/p>\n<p><strong>Fun\u00e7\u00e3o do extrato de levedura:<\/strong><\/p>\n<ol>\n<li>Usado para temperos, suplementos nutricionais, espessantes, etc. no setor de alimentos<\/li>\n<li>Usado para componentes m\u00e9dios no campo microbiano.<\/li>\n<li>Mat\u00e9rias-primas para a produ\u00e7\u00e3o de antibi\u00f3ticos no campo da medicina<\/li>\n<\/ol>\n<p><strong>Extrato de levedura Embalagem e envio:<\/strong><\/p>\n<p>Embalagem: saco de 20 kg.<\/p>\n<p>Entrega: em 5 a 7 dias \u00fateis.<\/p>\n<p><strong>\u00a0<\/strong><\/p>\n<p><strong>Armazenamento de extrato de levedura:<\/strong><\/p>\n<p>Armazenado em um local fresco e seco, longe da luz solar direta.<\/p>\n<\/div>\n<div class=\"col-md-6\">\n<h2><strong><b>Entre em contato conosco agora!<\/b><\/strong><\/h2>\n<h4><strong><b>Oferecemos servi\u00e7os personalizados e, em geral, entraremos em contato com voc\u00ea dentro de 24 horas. Voc\u00ea tamb\u00e9m pode me enviar um e-mail <span style=\"color: #00ccff;\"><a style=\"color: #00ccff;\" href=\"mailto:info@longchangchemical.com\">info@longchangchemical.com<\/a><\/span> durante o hor\u00e1rio comercial (das 8h30 \u00e0s 18h UTC+8 de segunda a s\u00e1bado) ou use o bate-papo ao vivo do site para obter uma resposta imediata.<\/b><\/strong><\/h4>\n<\/div>","protected":false},"excerpt":{"rendered":"<p>Outro nome: Extrato de levedura em p\u00f3; fermenta\u00e7\u00e3o de extrato de levedura<\/p>\n<p>N\u00ba CAS: 8013-01-2<\/p>\n<p>Aplica\u00e7\u00f5es: Meio de cultura microbiana; ind\u00fastria aliment\u00edcia<\/p>\n<p>Embalagem: 20 kg\/saco<\/p>","protected":false},"featured_media":6964,"comment_status":"closed","ping_status":"closed","template":"","meta":[],"product_brand":[],"product_cat":[15],"product_tag":[],"class_list":{"0":"post-6963","1":"product","2":"type-product","3":"status-publish","4":"has-post-thumbnail","6":"product_cat-food-additives","8":"first","9":"instock","10":"shipping-taxable","11":"product-type-simple"},"yoast_head":"<!-- This site is optimized with the Yoast SEO plugin v25.3.1 - https:\/\/yoast.com\/wordpress\/plugins\/seo\/ -->\n<title>China Yeast Extract CAS 8013-01-2 Manufacturer - Longchang Chemical<\/title>\n<meta name=\"description\" content=\"Yeast Extract CAS 8013-01-2 is key product of LongChang Chemical. We provide best price. We are the leading manufacturer in China with the best quanlity and competitive price.\" \/>\n<meta name=\"robots\" content=\"index, follow, max-snippet:-1, max-image-preview:large, max-video-preview:-1\" \/>\n<link rel=\"canonical\" href=\"https:\/\/longchangchemical.com\/pt\/product\/yeast-extract-cas-8013-01-2\/\" \/>\n<meta property=\"og:locale\" content=\"pt_BR\" \/>\n<meta property=\"og:type\" content=\"article\" \/>\n<meta property=\"og:title\" content=\"China Yeast Extract CAS 8013-01-2 Manufacturer - Longchang Chemical\" \/>\n<meta property=\"og:description\" content=\"Yeast Extract CAS 8013-01-2 is key product of LongChang Chemical. We provide best price. We are the leading manufacturer in China with the best quanlity and competitive price.\" \/>\n<meta property=\"og:url\" content=\"https:\/\/longchangchemical.com\/pt\/product\/yeast-extract-cas-8013-01-2\/\" \/>\n<meta property=\"og:site_name\" content=\"Longchang Chemical\" \/>\n<meta property=\"article:modified_time\" content=\"2026-05-08T03:00:06+00:00\" \/>\n<meta property=\"og:image\" content=\"https:\/\/longchangchemical.com\/wp-content\/uploads\/2024\/05\/Yeast-Extracts-manufacturer.jpg\" \/>\n\t<meta property=\"og:image:width\" content=\"800\" \/>\n\t<meta property=\"og:image:height\" content=\"800\" \/>\n\t<meta property=\"og:image:type\" content=\"image\/jpeg\" \/>\n<meta name=\"twitter:card\" content=\"summary_large_image\" \/>\n<script type=\"application\/ld+json\" class=\"yoast-schema-graph\">{\"@context\":\"https:\/\/schema.org\",\"@graph\":[{\"@type\":\"WebPage\",\"@id\":\"https:\/\/longchangchemical.com\/product\/yeast-extract-cas-8013-01-2\/\",\"url\":\"https:\/\/longchangchemical.com\/product\/yeast-extract-cas-8013-01-2\/\",\"name\":\"China Yeast Extract CAS 8013-01-2 Manufacturer - Longchang Chemical\",\"isPartOf\":{\"@id\":\"https:\/\/longchangchemical.com\/#website\"},\"primaryImageOfPage\":{\"@id\":\"https:\/\/longchangchemical.com\/product\/yeast-extract-cas-8013-01-2\/#primaryimage\"},\"image\":{\"@id\":\"https:\/\/longchangchemical.com\/product\/yeast-extract-cas-8013-01-2\/#primaryimage\"},\"thumbnailUrl\":\"https:\/\/longchangchemical.com\/wp-content\/uploads\/2024\/05\/Yeast-Extracts-manufacturer.jpg\",\"datePublished\":\"2024-05-22T05:42:08+00:00\",\"dateModified\":\"2026-05-08T03:00:06+00:00\",\"description\":\"Yeast Extract CAS 8013-01-2 is key product of LongChang Chemical. We provide best price. We are the leading manufacturer in China with the best quanlity and competitive price.\",\"breadcrumb\":{\"@id\":\"https:\/\/longchangchemical.com\/product\/yeast-extract-cas-8013-01-2\/#breadcrumb\"},\"inLanguage\":\"pt-BR\",\"potentialAction\":[{\"@type\":\"ReadAction\",\"target\":[\"https:\/\/longchangchemical.com\/product\/yeast-extract-cas-8013-01-2\/\"]}]},{\"@type\":\"ImageObject\",\"inLanguage\":\"pt-BR\",\"@id\":\"https:\/\/longchangchemical.com\/product\/yeast-extract-cas-8013-01-2\/#primaryimage\",\"url\":\"https:\/\/longchangchemical.com\/wp-content\/uploads\/2024\/05\/Yeast-Extracts-manufacturer.jpg\",\"contentUrl\":\"https:\/\/longchangchemical.com\/wp-content\/uploads\/2024\/05\/Yeast-Extracts-manufacturer.jpg\",\"width\":800,\"height\":800,\"caption\":\"Yeast Extracts manufacturer\"},{\"@type\":\"BreadcrumbList\",\"@id\":\"https:\/\/longchangchemical.com\/product\/yeast-extract-cas-8013-01-2\/#breadcrumb\",\"itemListElement\":[{\"@type\":\"ListItem\",\"position\":1,\"name\":\"Home\",\"item\":\"https:\/\/longchangchemical.com\/\"},{\"@type\":\"ListItem\",\"position\":2,\"name\":\"Products Longchang\",\"item\":\"https:\/\/longchangchemical.com\/product\/\"},{\"@type\":\"ListItem\",\"position\":3,\"name\":\"Yeast Extract CAS 8013-01-2\"}]},{\"@type\":\"WebSite\",\"@id\":\"https:\/\/longchangchemical.com\/#website\",\"url\":\"https:\/\/longchangchemical.com\/\",\"name\":\"Longchang Chemical\",\"description\":\"China chemical manufacturer \uff06 supplier\",\"publisher\":{\"@id\":\"https:\/\/longchangchemical.com\/#organization\"},\"potentialAction\":[{\"@type\":\"SearchAction\",\"target\":{\"@type\":\"EntryPoint\",\"urlTemplate\":\"https:\/\/longchangchemical.com\/?s={search_term_string}\"},\"query-input\":{\"@type\":\"PropertyValueSpecification\",\"valueRequired\":true,\"valueName\":\"search_term_string\"}}],\"inLanguage\":\"pt-BR\"},{\"@type\":\"Organization\",\"@id\":\"https:\/\/longchangchemical.com\/#organization\",\"name\":\"Longchang Chemical\",\"url\":\"https:\/\/longchangchemical.com\/\",\"logo\":{\"@type\":\"ImageObject\",\"inLanguage\":\"pt-BR\",\"@id\":\"https:\/\/longchangchemical.com\/#\/schema\/logo\/image\/\",\"url\":\"https:\/\/longchangchemical.com\/wp-content\/uploads\/2020\/08\/cropped-longchang-logo.png\",\"contentUrl\":\"https:\/\/longchangchemical.com\/wp-content\/uploads\/2020\/08\/cropped-longchang-logo.png\",\"width\":512,\"height\":512,\"caption\":\"Longchang Chemical\"},\"image\":{\"@id\":\"https:\/\/longchangchemical.com\/#\/schema\/logo\/image\/\"}}]}<\/script>\n<!-- \/ Yoast SEO plugin. -->","yoast_head_json":{"title":"Fabricante do extrato de levedura CAS 8013-01-2 da China - Longchang Chemical","description":"Extrato de levedura CAS 8013-01-2 \u00e9 o principal produto da LongChang Chemical. Oferecemos o melhor pre\u00e7o. Somos o principal fabricante da China, com a melhor qualidade e pre\u00e7o competitivo.","robots":{"index":"index","follow":"follow","max-snippet":"max-snippet:-1","max-image-preview":"max-image-preview:large","max-video-preview":"max-video-preview:-1"},"canonical":"https:\/\/longchangchemical.com\/pt\/product\/yeast-extract-cas-8013-01-2\/","og_locale":"pt_BR","og_type":"article","og_title":"China Yeast Extract CAS 8013-01-2 Manufacturer - Longchang Chemical","og_description":"Yeast Extract CAS 8013-01-2 is key product of LongChang Chemical. We provide best price. We are the leading manufacturer in China with the best quanlity and competitive price.","og_url":"https:\/\/longchangchemical.com\/pt\/product\/yeast-extract-cas-8013-01-2\/","og_site_name":"Longchang Chemical","article_modified_time":"2026-05-08T03:00:06+00:00","og_image":[{"width":800,"height":800,"url":"https:\/\/longchangchemical.com\/wp-content\/uploads\/2024\/05\/Yeast-Extracts-manufacturer.jpg","type":"image\/jpeg"}],"twitter_card":"summary_large_image","schema":{"@context":"https:\/\/schema.org","@graph":[{"@type":"WebPage","@id":"https:\/\/longchangchemical.com\/product\/yeast-extract-cas-8013-01-2\/","url":"https:\/\/longchangchemical.com\/product\/yeast-extract-cas-8013-01-2\/","name":"Fabricante do extrato de levedura CAS 8013-01-2 da China - Longchang Chemical","isPartOf":{"@id":"https:\/\/longchangchemical.com\/#website"},"primaryImageOfPage":{"@id":"https:\/\/longchangchemical.com\/product\/yeast-extract-cas-8013-01-2\/#primaryimage"},"image":{"@id":"https:\/\/longchangchemical.com\/product\/yeast-extract-cas-8013-01-2\/#primaryimage"},"thumbnailUrl":"https:\/\/longchangchemical.com\/wp-content\/uploads\/2024\/05\/Yeast-Extracts-manufacturer.jpg","datePublished":"2024-05-22T05:42:08+00:00","dateModified":"2026-05-08T03:00:06+00:00","description":"Extrato de levedura CAS 8013-01-2 \u00e9 o principal produto da LongChang Chemical. Oferecemos o melhor pre\u00e7o. Somos o principal fabricante da China, com a melhor qualidade e pre\u00e7o competitivo.","breadcrumb":{"@id":"https:\/\/longchangchemical.com\/product\/yeast-extract-cas-8013-01-2\/#breadcrumb"},"inLanguage":"pt-BR","potentialAction":[{"@type":"ReadAction","target":["https:\/\/longchangchemical.com\/product\/yeast-extract-cas-8013-01-2\/"]}]},{"@type":"ImageObject","inLanguage":"pt-BR","@id":"https:\/\/longchangchemical.com\/product\/yeast-extract-cas-8013-01-2\/#primaryimage","url":"https:\/\/longchangchemical.com\/wp-content\/uploads\/2024\/05\/Yeast-Extracts-manufacturer.jpg","contentUrl":"https:\/\/longchangchemical.com\/wp-content\/uploads\/2024\/05\/Yeast-Extracts-manufacturer.jpg","width":800,"height":800,"caption":"Yeast Extracts manufacturer"},{"@type":"BreadcrumbList","@id":"https:\/\/longchangchemical.com\/product\/yeast-extract-cas-8013-01-2\/#breadcrumb","itemListElement":[{"@type":"ListItem","position":1,"name":"Home","item":"https:\/\/longchangchemical.com\/"},{"@type":"ListItem","position":2,"name":"Products Longchang","item":"https:\/\/longchangchemical.com\/product\/"},{"@type":"ListItem","position":3,"name":"Yeast Extract CAS 8013-01-2"}]},{"@type":"WebSite","@id":"https:\/\/longchangchemical.com\/#website","url":"https:\/\/longchangchemical.com\/","name":"Qu\u00edmica Longchang","description":"Fabricante de produtos qu\u00edmicos na China \uff06 fornecedor","publisher":{"@id":"https:\/\/longchangchemical.com\/#organization"},"potentialAction":[{"@type":"SearchAction","target":{"@type":"EntryPoint","urlTemplate":"https:\/\/longchangchemical.com\/?s={search_term_string}"},"query-input":{"@type":"PropertyValueSpecification","valueRequired":true,"valueName":"search_term_string"}}],"inLanguage":"pt-BR"},{"@type":"Organization","@id":"https:\/\/longchangchemical.com\/#organization","name":"Qu\u00edmica Longchang","url":"https:\/\/longchangchemical.com\/","logo":{"@type":"ImageObject","inLanguage":"pt-BR","@id":"https:\/\/longchangchemical.com\/#\/schema\/logo\/image\/","url":"https:\/\/longchangchemical.com\/wp-content\/uploads\/2020\/08\/cropped-longchang-logo.png","contentUrl":"https:\/\/longchangchemical.com\/wp-content\/uploads\/2020\/08\/cropped-longchang-logo.png","width":512,"height":512,"caption":"Longchang Chemical"},"image":{"@id":"https:\/\/longchangchemical.com\/#\/schema\/logo\/image\/"}}]}},"_links":{"self":[{"href":"https:\/\/longchangchemical.com\/pt\/wp-json\/wp\/v2\/product\/6963","targetHints":{"allow":["GET"]}}],"collection":[{"href":"https:\/\/longchangchemical.com\/pt\/wp-json\/wp\/v2\/product"}],"about":[{"href":"https:\/\/longchangchemical.com\/pt\/wp-json\/wp\/v2\/types\/product"}],"replies":[{"embeddable":true,"href":"https:\/\/longchangchemical.com\/pt\/wp-json\/wp\/v2\/comments?post=6963"}],"wp:featuredmedia":[{"embeddable":true,"href":"https:\/\/longchangchemical.com\/pt\/wp-json\/wp\/v2\/media\/6964"}],"wp:attachment":[{"href":"https:\/\/longchangchemical.com\/pt\/wp-json\/wp\/v2\/media?parent=6963"}],"wp:term":[{"taxonomy":"product_brand","embeddable":true,"href":"https:\/\/longchangchemical.com\/pt\/wp-json\/wp\/v2\/product_brand?post=6963"},{"taxonomy":"product_cat","embeddable":true,"href":"https:\/\/longchangchemical.com\/pt\/wp-json\/wp\/v2\/product_cat?post=6963"},{"taxonomy":"product_tag","embeddable":true,"href":"https:\/\/longchangchemical.com\/pt\/wp-json\/wp\/v2\/product_tag?post=6963"}],"curies":[{"name":"wp","href":"https:\/\/api.w.org\/{rel}","templated":true}]}}