{"id":6956,"date":"2024-05-14T07:33:11","date_gmt":"2024-05-14T07:33:11","guid":{"rendered":"https:\/\/longchangchemical.com\/?post_type=product&#038;p=6956"},"modified":"2025-12-16T09:42:52","modified_gmt":"2025-12-16T09:42:52","slug":"polyphosphoric-acid-cas-8017-16-1","status":"publish","type":"product","link":"https:\/\/longchangchemical.com\/pt\/product\/polyphosphoric-acid-cas-8017-16-1\/","title":{"rendered":"\u00c1cido polifosf\u00f3rico CAS 8017-16-1"},"content":{"rendered":"<h1><strong>\u00c1cido polifosf\u00f3rico CAS 8017-16-1<\/strong><\/h1>\n<table>\n<tbody>\n<tr>\n<td width=\"170\">Item<\/td>\n<td colspan=\"5\" width=\"374\">Especifica\u00e7\u00e3o<\/td>\n<\/tr>\n<tr>\n<td width=\"170\">Apar\u00eancia<\/td>\n<td colspan=\"5\" width=\"374\">L\u00edquido viscoso incolor, transparente ou levemente amarelado<\/td>\n<\/tr>\n<tr>\n<td width=\"170\">H3PO4, %<\/td>\n<td width=\"73\">\u2265105.0<\/td>\n<td width=\"78\">\u2265115.0<\/td>\n<td width=\"71\">\u2265116.0<\/td>\n<td width=\"79\">\u2265117.0<\/td>\n<td width=\"73\">\u2265118.0<\/td>\n<\/tr>\n<tr>\n<td width=\"170\">P2O5, %<\/td>\n<td width=\"73\">\u226576.0<\/td>\n<td width=\"78\">\u226583.3<\/td>\n<td width=\"71\">\u226584.0<\/td>\n<td width=\"79\">\u226584.7<\/td>\n<td width=\"73\">\u226585.4<\/td>\n<\/tr>\n<tr>\n<td width=\"170\">Cloro, %<\/td>\n<td width=\"73\">\u22640.0010<\/td>\n<td width=\"78\">\u22640.0010<\/td>\n<td width=\"71\">\u22640.0010<\/td>\n<td width=\"79\">\u22640.0010<\/td>\n<td width=\"73\">\u22640.0010<\/td>\n<\/tr>\n<tr>\n<td width=\"170\">Ferro, %<\/td>\n<td width=\"73\">\u22640.0020<\/td>\n<td width=\"78\">\u22640.0020<\/td>\n<td width=\"71\">\u22640.0020<\/td>\n<td width=\"79\">\u22640.0020<\/td>\n<td width=\"73\">\u22640.0020<\/td>\n<\/tr>\n<tr>\n<td width=\"170\">Ars\u00eanico, %<\/td>\n<td width=\"73\">\u22640.0100<\/td>\n<td width=\"78\">\u22640.0100<\/td>\n<td width=\"71\">\u22640.0100<\/td>\n<td width=\"79\">\u22640.0100<\/td>\n<td width=\"73\">\u22640.0100<\/td>\n<\/tr>\n<tr>\n<td width=\"170\">Metais pesados (calculados como chumbo),%<\/td>\n<td width=\"73\">\u22640.0030<\/td>\n<td width=\"78\">\u22640.0030<\/td>\n<td width=\"71\">\u22640.0030<\/td>\n<td width=\"79\">\u22640.0030<\/td>\n<td width=\"73\">\u22640.0030<\/td>\n<\/tr>\n<\/tbody>\n<\/table>\n<p>&nbsp;<\/p>\n<p><strong>Aplicativo:<\/strong><\/p>\n<p>1. O \u00e1cido polifosf\u00f3rico (PPA) \u00e9 um modificador qu\u00edmico do asfalto comumente usado. Misturado ao asfalto, ele forma liga\u00e7\u00f5es qu\u00edmicas est\u00e1veis, melhora a compatibilidade interfacial e os efeitos de modifica\u00e7\u00e3o, e tem recebido muita aten\u00e7\u00e3o nos \u00faltimos anos.<\/p>\n<p>2. O \u00e1cido polifosf\u00f3rico (PPA) passa por duas rea\u00e7\u00f5es qu\u00edmicas durante o processo de modifica\u00e7\u00e3o: neutraliza\u00e7\u00e3o e esterifica\u00e7\u00e3o. Em compara\u00e7\u00e3o com outros modificadores, o \u00e1cido polifosf\u00f3rico tem excelentes efeitos de modifica\u00e7\u00e3o no asfalto, como a melhoria da resist\u00eancia a danos causados pela \u00e1gua e ao desgaste, a melhoria do desempenho em altas temperaturas e a redu\u00e7\u00e3o da sensibilidade \u00e0 temperatura.<\/p>\n<p>3. Al\u00e9m disso, a pesquisa mostrou que a mistura de \u00e1cido polifosf\u00f3rico e alguns pol\u00edmeros n\u00e3o s\u00f3 pode alcan\u00e7ar o mesmo efeito com o uso de asfalto modificado com pol\u00edmero sozinho, mas tamb\u00e9m com modificador de \u00e1cido polifosf\u00f3rico barato em vez de alguns dos modificadores de pol\u00edmero caros, reduzindo o custo do asfalto modificado.<\/p>\n<p>4. O \u00e1cido polifosf\u00f3rico tamb\u00e9m pode ser usado em s\u00ednteses org\u00e2nicas como agente de perda de \u00e1gua, agente de cicliza\u00e7\u00e3o, agente de acila\u00e7\u00e3o, \u00e9 a condensa\u00e7\u00e3o, cicliza\u00e7\u00e3o, rearranjo, substitui\u00e7\u00e3o e outras rea\u00e7\u00f5es do catalisador ou solvente.<\/p>\n<p>5. \u00c0s vezes, com a classe de \u00e9ster de \u00e1cido polifosf\u00f3rico (PPE) para aumentar a solubilidade do \u00e1cido polifosf\u00f3rico em solventes org\u00e2nicos, al\u00e9m do \u00e1cido polifosf\u00f3rico, tamb\u00e9m \u00e9 usado como substituto do \u00e1cido ortofosf\u00f3rico e reagente anal\u00edtico.<\/p>\n<p>6. \u00c9 usado como catalisador para polimeriza\u00e7\u00e3o, alquila\u00e7\u00e3o, desidrata\u00e7\u00e3o e isomeriza\u00e7\u00e3o nos setores qu\u00edmico e petroqu\u00edmico, e tem uma ampla gama de aplica\u00e7\u00f5es, especialmente em produtos farmac\u00eauticos, pigmentos org\u00e2nicos e catalisadores petroqu\u00edmicos. Ele tamb\u00e9m pode ser usado na s\u00edntese de produtos farmac\u00eauticos, como a fluoro-metaquina e o cetotifeno.<\/p>\n<p>&nbsp;<\/p>\n<p><strong><b>P<\/b><\/strong><strong><b>ackag<\/b><\/strong><strong><b>e<\/b><\/strong><strong><b>:<\/b><\/strong>40kgs\/tambor; 340kgs\/tambor; tambor IBC.<\/p>\n<p><strong><b>\u00a0<\/b><\/strong><\/p>\n<p><strong><b>Armazenamento: <\/b><\/strong><\/p>\n<p>Mantido em um dep\u00f3sito seco e limpo, com boa ventila\u00e7\u00e3o.<\/p>\n<p>Evite a exposi\u00e7\u00e3o \u00e0 luz e ao aquecimento.<\/p>\n<p>Proteger o produto contra vazamentos, chuva e insola\u00e7\u00e3o durante o transporte.<\/p>\n<p>&nbsp;<\/p>\n<h2><span style=\"color: #000000;\"><strong><b>Entre em contato conosco agora!<\/b><\/strong><\/span><\/h2>\n<h4><span style=\"color: #000000;\"><strong><b>Se precisar do Price, preencha suas informa\u00e7\u00f5es de contato no formul\u00e1rio abaixo. Normalmente, entraremos em contato dentro de 24 horas. Voc\u00ea tamb\u00e9m pode me enviar um e-mail <span style=\"color: #00ffff;\"><a style=\"color: #00ffff;\" href=\"mailto:info@longchangchemical.com\">info@longchangchemical.com<\/a><\/span> durante o hor\u00e1rio comercial (das 8h30 \u00e0s 18h UTC+8 de segunda a s\u00e1bado) ou use o bate-papo ao vivo do site para obter uma resposta imediata.<\/b><\/strong><\/span><\/h4>","protected":false},"excerpt":{"rendered":"<p><strong>Nome qu\u00edmico:<\/strong>\u00a0\u00c1cido polifosf\u00f3rico<\/p>\n<p><strong>Sin\u00f4nimo: <\/strong>&#8211;<\/p>\n<p><strong>N\u00ba CAS:<\/strong>\u00a08017-16-1<\/p>\n<p><strong>MF<\/strong>: (H)n+2.(P)n.(O)3n+1\u00a0\u00a0\u00a0 <strong>MW<\/strong><strong>:<\/strong>&#8211;<\/p>\n<p><strong>Estrutura molecular\uff1a<img decoding=\"async\" class=\"alignnone size-full wp-image-6957\" src=\"https:\/\/longchangchemical.com\/wp-content\/uploads\/2024\/05\/CAS-8017-16-1.png\" alt=\"\" width=\"93\" height=\"60\" \/><\/strong><\/p>\n<p><strong>\u00a0<\/strong><\/p>","protected":false},"featured_media":0,"comment_status":"closed","ping_status":"closed","template":"","meta":[],"product_brand":[],"product_cat":[113],"product_tag":[],"class_list":{"0":"post-6956","1":"product","2":"type-product","3":"status-publish","5":"product_cat-organic-intermediate","7":"first","8":"instock","9":"shipping-taxable","10":"product-type-simple"},"yoast_head":"<!-- This site is optimized with the Yoast SEO plugin v25.3.1 - https:\/\/yoast.com\/wordpress\/plugins\/seo\/ -->\n<title>China Polyphosphoric acid CAS 8017-16-1 Manufacturer - Longchang Chemical<\/title>\n<meta name=\"description\" content=\"Polyphosphoric acid CAS 8017-16-1 is key product of LongChang Chemical. We provide best price. We are the leading manufacturer in China with the best quanlity and competitive price.\" \/>\n<meta name=\"robots\" content=\"index, follow, max-snippet:-1, max-image-preview:large, max-video-preview:-1\" \/>\n<link rel=\"canonical\" href=\"https:\/\/longchangchemical.com\/pt\/product\/polyphosphoric-acid-cas-8017-16-1\/\" \/>\n<meta property=\"og:locale\" content=\"pt_BR\" \/>\n<meta property=\"og:type\" content=\"article\" \/>\n<meta property=\"og:title\" content=\"China Polyphosphoric acid CAS 8017-16-1 Manufacturer - Longchang Chemical\" \/>\n<meta property=\"og:description\" content=\"Polyphosphoric acid CAS 8017-16-1 is key product of LongChang Chemical. We provide best price. We are the leading manufacturer in China with the best quanlity and competitive price.\" \/>\n<meta property=\"og:url\" content=\"https:\/\/longchangchemical.com\/pt\/product\/polyphosphoric-acid-cas-8017-16-1\/\" \/>\n<meta property=\"og:site_name\" content=\"Longchang Chemical\" \/>\n<meta property=\"article:modified_time\" content=\"2025-12-16T09:42:52+00:00\" \/>\n<meta property=\"og:image\" content=\"https:\/\/longchangchemical.com\/wp-content\/uploads\/2024\/02\/logo-jpeg.jpg\" \/>\n\t<meta property=\"og:image:width\" content=\"1000\" \/>\n\t<meta property=\"og:image:height\" content=\"1000\" \/>\n\t<meta property=\"og:image:type\" content=\"image\/jpeg\" \/>\n<meta name=\"twitter:card\" content=\"summary_large_image\" \/>\n<script type=\"application\/ld+json\" class=\"yoast-schema-graph\">{\"@context\":\"https:\/\/schema.org\",\"@graph\":[{\"@type\":\"WebPage\",\"@id\":\"https:\/\/longchangchemical.com\/product\/polyphosphoric-acid-cas-8017-16-1\/\",\"url\":\"https:\/\/longchangchemical.com\/product\/polyphosphoric-acid-cas-8017-16-1\/\",\"name\":\"China Polyphosphoric acid CAS 8017-16-1 Manufacturer - Longchang Chemical\",\"isPartOf\":{\"@id\":\"https:\/\/longchangchemical.com\/#website\"},\"datePublished\":\"2024-05-14T07:33:11+00:00\",\"dateModified\":\"2025-12-16T09:42:52+00:00\",\"description\":\"Polyphosphoric acid CAS 8017-16-1 is key product of LongChang Chemical. We provide best price. We are the leading manufacturer in China with the best quanlity and competitive price.\",\"breadcrumb\":{\"@id\":\"https:\/\/longchangchemical.com\/product\/polyphosphoric-acid-cas-8017-16-1\/#breadcrumb\"},\"inLanguage\":\"pt-BR\",\"potentialAction\":[{\"@type\":\"ReadAction\",\"target\":[\"https:\/\/longchangchemical.com\/product\/polyphosphoric-acid-cas-8017-16-1\/\"]}]},{\"@type\":\"BreadcrumbList\",\"@id\":\"https:\/\/longchangchemical.com\/product\/polyphosphoric-acid-cas-8017-16-1\/#breadcrumb\",\"itemListElement\":[{\"@type\":\"ListItem\",\"position\":1,\"name\":\"Home\",\"item\":\"https:\/\/longchangchemical.com\/\"},{\"@type\":\"ListItem\",\"position\":2,\"name\":\"Products Longchang\",\"item\":\"https:\/\/longchangchemical.com\/product\/\"},{\"@type\":\"ListItem\",\"position\":3,\"name\":\"Polyphosphoric acid CAS 8017-16-1\"}]},{\"@type\":\"WebSite\",\"@id\":\"https:\/\/longchangchemical.com\/#website\",\"url\":\"https:\/\/longchangchemical.com\/\",\"name\":\"Longchang Chemical\",\"description\":\"China chemical manufacturer \uff06 supplier\",\"publisher\":{\"@id\":\"https:\/\/longchangchemical.com\/#organization\"},\"potentialAction\":[{\"@type\":\"SearchAction\",\"target\":{\"@type\":\"EntryPoint\",\"urlTemplate\":\"https:\/\/longchangchemical.com\/?s={search_term_string}\"},\"query-input\":{\"@type\":\"PropertyValueSpecification\",\"valueRequired\":true,\"valueName\":\"search_term_string\"}}],\"inLanguage\":\"pt-BR\"},{\"@type\":\"Organization\",\"@id\":\"https:\/\/longchangchemical.com\/#organization\",\"name\":\"Longchang Chemical\",\"url\":\"https:\/\/longchangchemical.com\/\",\"logo\":{\"@type\":\"ImageObject\",\"inLanguage\":\"pt-BR\",\"@id\":\"https:\/\/longchangchemical.com\/#\/schema\/logo\/image\/\",\"url\":\"https:\/\/longchangchemical.com\/wp-content\/uploads\/2020\/08\/cropped-longchang-logo.png\",\"contentUrl\":\"https:\/\/longchangchemical.com\/wp-content\/uploads\/2020\/08\/cropped-longchang-logo.png\",\"width\":512,\"height\":512,\"caption\":\"Longchang Chemical\"},\"image\":{\"@id\":\"https:\/\/longchangchemical.com\/#\/schema\/logo\/image\/\"}}]}<\/script>\n<!-- \/ Yoast SEO plugin. -->","yoast_head_json":{"title":"Fabricante de \u00e1cido polifosf\u00f3rico CAS 8017-16-1 na China - Longchang Chemical","description":"O \u00e1cido polifosf\u00f3rico CAS 8017-16-1 \u00e9 o principal produto da LongChang Chemical. Oferecemos o melhor pre\u00e7o. Somos o principal fabricante da China, com a melhor qualidade e pre\u00e7o competitivo.","robots":{"index":"index","follow":"follow","max-snippet":"max-snippet:-1","max-image-preview":"max-image-preview:large","max-video-preview":"max-video-preview:-1"},"canonical":"https:\/\/longchangchemical.com\/pt\/product\/polyphosphoric-acid-cas-8017-16-1\/","og_locale":"pt_BR","og_type":"article","og_title":"China Polyphosphoric acid CAS 8017-16-1 Manufacturer - Longchang Chemical","og_description":"Polyphosphoric acid CAS 8017-16-1 is key product of LongChang Chemical. We provide best price. We are the leading manufacturer in China with the best quanlity and competitive price.","og_url":"https:\/\/longchangchemical.com\/pt\/product\/polyphosphoric-acid-cas-8017-16-1\/","og_site_name":"Longchang Chemical","article_modified_time":"2025-12-16T09:42:52+00:00","og_image":[{"width":1000,"height":1000,"url":"https:\/\/longchangchemical.com\/wp-content\/uploads\/2024\/02\/logo-jpeg.jpg","type":"image\/jpeg"}],"twitter_card":"summary_large_image","schema":{"@context":"https:\/\/schema.org","@graph":[{"@type":"WebPage","@id":"https:\/\/longchangchemical.com\/product\/polyphosphoric-acid-cas-8017-16-1\/","url":"https:\/\/longchangchemical.com\/product\/polyphosphoric-acid-cas-8017-16-1\/","name":"Fabricante de \u00e1cido polifosf\u00f3rico CAS 8017-16-1 na China - Longchang Chemical","isPartOf":{"@id":"https:\/\/longchangchemical.com\/#website"},"datePublished":"2024-05-14T07:33:11+00:00","dateModified":"2025-12-16T09:42:52+00:00","description":"O \u00e1cido polifosf\u00f3rico CAS 8017-16-1 \u00e9 o principal produto da LongChang Chemical. Oferecemos o melhor pre\u00e7o. Somos o principal fabricante da China, com a melhor qualidade e pre\u00e7o competitivo.","breadcrumb":{"@id":"https:\/\/longchangchemical.com\/product\/polyphosphoric-acid-cas-8017-16-1\/#breadcrumb"},"inLanguage":"pt-BR","potentialAction":[{"@type":"ReadAction","target":["https:\/\/longchangchemical.com\/product\/polyphosphoric-acid-cas-8017-16-1\/"]}]},{"@type":"BreadcrumbList","@id":"https:\/\/longchangchemical.com\/product\/polyphosphoric-acid-cas-8017-16-1\/#breadcrumb","itemListElement":[{"@type":"ListItem","position":1,"name":"Home","item":"https:\/\/longchangchemical.com\/"},{"@type":"ListItem","position":2,"name":"Products Longchang","item":"https:\/\/longchangchemical.com\/product\/"},{"@type":"ListItem","position":3,"name":"Polyphosphoric acid CAS 8017-16-1"}]},{"@type":"WebSite","@id":"https:\/\/longchangchemical.com\/#website","url":"https:\/\/longchangchemical.com\/","name":"Qu\u00edmica Longchang","description":"Fabricante de produtos qu\u00edmicos na China \uff06 fornecedor","publisher":{"@id":"https:\/\/longchangchemical.com\/#organization"},"potentialAction":[{"@type":"SearchAction","target":{"@type":"EntryPoint","urlTemplate":"https:\/\/longchangchemical.com\/?s={search_term_string}"},"query-input":{"@type":"PropertyValueSpecification","valueRequired":true,"valueName":"search_term_string"}}],"inLanguage":"pt-BR"},{"@type":"Organization","@id":"https:\/\/longchangchemical.com\/#organization","name":"Qu\u00edmica Longchang","url":"https:\/\/longchangchemical.com\/","logo":{"@type":"ImageObject","inLanguage":"pt-BR","@id":"https:\/\/longchangchemical.com\/#\/schema\/logo\/image\/","url":"https:\/\/longchangchemical.com\/wp-content\/uploads\/2020\/08\/cropped-longchang-logo.png","contentUrl":"https:\/\/longchangchemical.com\/wp-content\/uploads\/2020\/08\/cropped-longchang-logo.png","width":512,"height":512,"caption":"Longchang Chemical"},"image":{"@id":"https:\/\/longchangchemical.com\/#\/schema\/logo\/image\/"}}]}},"_links":{"self":[{"href":"https:\/\/longchangchemical.com\/pt\/wp-json\/wp\/v2\/product\/6956","targetHints":{"allow":["GET"]}}],"collection":[{"href":"https:\/\/longchangchemical.com\/pt\/wp-json\/wp\/v2\/product"}],"about":[{"href":"https:\/\/longchangchemical.com\/pt\/wp-json\/wp\/v2\/types\/product"}],"replies":[{"embeddable":true,"href":"https:\/\/longchangchemical.com\/pt\/wp-json\/wp\/v2\/comments?post=6956"}],"wp:attachment":[{"href":"https:\/\/longchangchemical.com\/pt\/wp-json\/wp\/v2\/media?parent=6956"}],"wp:term":[{"taxonomy":"product_brand","embeddable":true,"href":"https:\/\/longchangchemical.com\/pt\/wp-json\/wp\/v2\/product_brand?post=6956"},{"taxonomy":"product_cat","embeddable":true,"href":"https:\/\/longchangchemical.com\/pt\/wp-json\/wp\/v2\/product_cat?post=6956"},{"taxonomy":"product_tag","embeddable":true,"href":"https:\/\/longchangchemical.com\/pt\/wp-json\/wp\/v2\/product_tag?post=6956"}],"curies":[{"name":"wp","href":"https:\/\/api.w.org\/{rel}","templated":true}]}}