{"id":6946,"date":"2024-05-13T02:40:00","date_gmt":"2024-05-13T02:40:00","guid":{"rendered":"https:\/\/longchangchemical.com\/?post_type=product&#038;p=6946"},"modified":"2025-12-16T09:49:51","modified_gmt":"2025-12-16T09:49:51","slug":"daminozide-cas-1596-84-5","status":"publish","type":"product","link":"https:\/\/longchangchemical.com\/pt\/product\/daminozide-cas-1596-84-5\/","title":{"rendered":"Daminozida CAS 1596-84-5"},"content":{"rendered":"<h1><strong>Daminozida CAS 1596-84-5<\/strong><\/h1>\n<table style=\"border-collapse: collapse; width: 324.02pt;\" border=\"0\" width=\"432\" cellspacing=\"0\" cellpadding=\"0\">\n<tbody>\n<tr style=\"height: 13.50pt;\">\n<td class=\"et2\" style=\"height: 13.50pt; width: 54.00pt;\" width=\"72\" height=\"18\"><span class=\"font1\">Pureza<\/span><\/td>\n<td class=\"et3\" style=\"width: 54.00pt;\" width=\"72\"><span class=\"font1\">\u226599,5%<\/span><\/td>\n<td class=\"et3\" style=\"width: 54.00pt;\" width=\"72\"><span class=\"font1\">\u226595%<\/span><\/td>\n<td class=\"et3\" style=\"width: 54.00pt;\" width=\"72\"><span class=\"font1\">\u226595%<\/span><\/td>\n<td class=\"et3\" style=\"width: 54.00pt;\" width=\"72\"><span class=\"font1\">\u226585%<\/span><\/td>\n<td class=\"et3\" style=\"width: 54.00pt;\" width=\"72\"><span class=\"font1\">\u226585%<\/span><\/td>\n<\/tr>\n<tr style=\"height: 25.50pt;\">\n<td class=\"et2\" style=\"height: 39.00pt; width: 54.00pt;\" rowspan=\"2\" width=\"72\" height=\"52\"><span class=\"font1\">Apar\u00eancia<\/span><\/td>\n<td class=\"et3\" style=\"width: 54.00pt;\" rowspan=\"2\" width=\"72\"><span class=\"font1\">P\u00f3 branco<\/span><\/td>\n<td class=\"et3\" style=\"width: 54.00pt;\" width=\"72\"><span class=\"font1\">Amarelo claro<\/span><\/td>\n<td class=\"et3\" style=\"width: 54.00pt;\" rowspan=\"2\" width=\"72\"><span class=\"font1\">P\u00f3 branco<\/span><\/td>\n<td class=\"et3\" style=\"width: 54.00pt;\" rowspan=\"2\" width=\"72\"><span class=\"font1\">P\u00f3 branco<\/span><\/td>\n<td class=\"et3\" style=\"width: 54.00pt;\" width=\"72\"><span class=\"font1\">Amarelo claro<\/span><\/td>\n<\/tr>\n<tr style=\"height: 13.50pt;\">\n<td class=\"et3\" style=\"width: 54.00pt;\" width=\"72\"><span class=\"font1\">P\u00f3<\/span><\/td>\n<td class=\"et3\" style=\"width: 54.00pt;\" width=\"72\"><span class=\"font1\">p\u00f3<\/span><\/td>\n<\/tr>\n<tr style=\"height: 38.25pt;\">\n<td class=\"et2\" style=\"height: 38.25pt; width: 54.00pt;\" width=\"72\" height=\"51\"><span class=\"font1\">Res\u00edduo insol\u00favel (wt%)<\/span><\/td>\n<td class=\"et3\" style=\"width: 54.00pt;\" width=\"72\"><span class=\"font1\">M\u00e1ximo 0,1<\/span><\/td>\n<td class=\"et3\" style=\"width: 54.00pt;\" width=\"72\"><span class=\"font1\">M\u00e1ximo de 0,15<\/span><\/td>\n<td class=\"et3\" style=\"width: 54.00pt;\" width=\"72\"><span class=\"font1\">M\u00e1ximo de 0,15<\/span><\/td>\n<td class=\"et3\" style=\"width: 54.00pt;\" width=\"72\"><span class=\"font1\">M\u00e1ximo de 0,3<\/span><\/td>\n<td class=\"et3\" style=\"width: 54.00pt;\" width=\"72\"><span class=\"font1\">M\u00e1ximo de 0,3<\/span><\/td>\n<\/tr>\n<tr style=\"height: 25.50pt;\">\n<td class=\"et2\" style=\"height: 25.50pt; width: 54.00pt;\" width=\"72\" height=\"34\"><span class=\"font1\">Perda de calor (wt%)<\/span><\/td>\n<td class=\"et3\" style=\"width: 54.00pt;\" width=\"72\"><span class=\"font1\">M\u00e1ximo 0,17<\/span><\/td>\n<td class=\"et3\" style=\"width: 54.00pt;\" width=\"72\"><span class=\"font1\">M\u00e1ximo de 0,5<\/span><\/td>\n<td class=\"et3\" style=\"width: 54.00pt;\" width=\"72\"><span class=\"font1\">M\u00e1ximo de 0,5<\/span><\/td>\n<td class=\"et3\" style=\"width: 54.00pt;\" width=\"72\"><span class=\"font1\">M\u00e1ximo 3<\/span><\/td>\n<td class=\"et3\" style=\"width: 54.00pt;\" width=\"72\"><span class=\"font1\">M\u00e1ximo 3<\/span><\/td>\n<\/tr>\n<tr style=\"height: 13.50pt;\">\n<td class=\"et2\" style=\"height: 13.50pt; width: 54.00pt;\" width=\"72\" height=\"18\"><span class=\"font1\">Cinza(wt%)<\/span><\/td>\n<td class=\"et3\" style=\"width: 54.00pt;\" width=\"72\"><span class=\"font1\">M\u00e1ximo de 0,13<\/span><\/td>\n<td class=\"et3\" style=\"width: 54.00pt;\" width=\"72\"><span class=\"font1\">M\u00e1ximo de 0,13<\/span><\/td>\n<td class=\"et3\" style=\"width: 54.00pt;\" width=\"72\"><span class=\"font1\">M\u00e1ximo de 0,13<\/span><\/td>\n<td class=\"et4\" style=\"width: 54.00pt;\" width=\"72\"><span class=\"font1\">\uff0f<\/span><\/td>\n<td class=\"et4\" style=\"width: 54.00pt;\" width=\"72\"><span class=\"font1\">\uff0f<\/span><\/td>\n<\/tr>\n<\/tbody>\n<\/table>\n<p>1. A butiril-hidrazina \u00e9 um inibidor de crescimento de plantas que impede a divis\u00e3o celular, inibe o alongamento celular, diminui o tamanho das mudas e melhora a resist\u00eancia \u00e0 seca do amendoim, faz com que muitas \u00e1rvores frut\u00edferas flores\u00e7am mais cedo, melhora a frutifica\u00e7\u00e3o e evita a queda de frutos antes da colheita. Ele pode inibir a bioss\u00edntese do \u00e1cido indolac\u00e9tico.<br \/>\n2. Foi comprovado, por meio de testes plurianuais e multiponto, que a butiril-hidrazina pode retardar o crescimento das plantas, inibir a prolifera\u00e7\u00e3o de caules e folhas acima do solo, melhorar o teor de clorofila nas folhas, aumentar a taxa de expans\u00e3o dos tub\u00e9rculos e promover a expans\u00e3o dos tub\u00e9rculos.<\/p>\n<p>&nbsp;<\/p>\n<h2><span style=\"color: #000000;\"><strong><b>Entre em contato conosco agora!<\/b><\/strong><\/span><\/h2>\n<h4><span style=\"color: #000000;\"><strong><b>Se precisar do Price, preencha suas informa\u00e7\u00f5es de contato no formul\u00e1rio abaixo. Normalmente, entraremos em contato dentro de 24 horas. Voc\u00ea tamb\u00e9m pode me enviar um e-mail <span style=\"color: #00ffff;\"><a style=\"color: #00ffff;\" href=\"mailto:info@longchangchemical.com\">info@longchangchemical.com<\/a><\/span> durante o hor\u00e1rio comercial (das 8h30 \u00e0s 18h UTC+8 de segunda a s\u00e1bado) ou use o bate-papo ao vivo do site para obter uma resposta imediata.<\/b><\/strong><\/span><\/h4>","protected":false},"excerpt":{"rendered":"<p>Nome: \u00c1cido N-dimetilamino succin\u00e2mico; Daminozida<\/p>\n<p>CAS NO.: 1596-84-5<\/p>\n<p>F\u00f3rmula:<img decoding=\"async\" class=\"alignnone size-full wp-image-6948\" src=\"https:\/\/longchangchemical.com\/wp-content\/uploads\/2024\/05\/Daminozide.jpg\" alt=\"\" width=\"258\" height=\"101\" \/><\/p>\n<p>Peso molecular: 160,17<\/p>\n<p>Estabilidade: Est\u00e1vel em condi\u00e7\u00f5es normais<\/p>","protected":false},"featured_media":0,"comment_status":"closed","ping_status":"closed","template":"","meta":[],"product_brand":[],"product_cat":[69],"product_tag":[],"class_list":{"0":"post-6946","1":"product","2":"type-product","3":"status-publish","5":"product_cat-catalysts-chemical-auxiliary-agents","7":"first","8":"instock","9":"shipping-taxable","10":"product-type-simple"},"yoast_head":"<!-- This site is optimized with the Yoast SEO plugin v25.3.1 - https:\/\/yoast.com\/wordpress\/plugins\/seo\/ -->\n<title>China Daminozide CAS 1596-84-5 manufacturer - Longchang Chemical<\/title>\n<meta name=\"description\" content=\"Daminozide CAS 1596-84-5 is key product of LongChang Chemical. We provide best price. We are the leading manufacturer in China with the best quanlity and competitive price.\" \/>\n<meta name=\"robots\" content=\"index, follow, max-snippet:-1, max-image-preview:large, max-video-preview:-1\" \/>\n<link rel=\"canonical\" href=\"https:\/\/longchangchemical.com\/pt\/product\/daminozide-cas-1596-84-5\/\" \/>\n<meta property=\"og:locale\" content=\"pt_BR\" \/>\n<meta property=\"og:type\" content=\"article\" \/>\n<meta property=\"og:title\" content=\"China Daminozide CAS 1596-84-5 manufacturer - Longchang Chemical\" \/>\n<meta property=\"og:description\" content=\"Daminozide CAS 1596-84-5 is key product of LongChang Chemical. We provide best price. We are the leading manufacturer in China with the best quanlity and competitive price.\" \/>\n<meta property=\"og:url\" content=\"https:\/\/longchangchemical.com\/pt\/product\/daminozide-cas-1596-84-5\/\" \/>\n<meta property=\"og:site_name\" content=\"Longchang Chemical\" \/>\n<meta property=\"article:modified_time\" content=\"2025-12-16T09:49:51+00:00\" \/>\n<meta property=\"og:image\" content=\"https:\/\/longchangchemical.com\/wp-content\/uploads\/2024\/02\/logo-jpeg.jpg\" \/>\n\t<meta property=\"og:image:width\" content=\"1000\" \/>\n\t<meta property=\"og:image:height\" content=\"1000\" \/>\n\t<meta property=\"og:image:type\" content=\"image\/jpeg\" \/>\n<meta name=\"twitter:card\" content=\"summary_large_image\" \/>\n<script type=\"application\/ld+json\" class=\"yoast-schema-graph\">{\"@context\":\"https:\/\/schema.org\",\"@graph\":[{\"@type\":\"WebPage\",\"@id\":\"https:\/\/longchangchemical.com\/product\/daminozide-cas-1596-84-5\/\",\"url\":\"https:\/\/longchangchemical.com\/product\/daminozide-cas-1596-84-5\/\",\"name\":\"China Daminozide CAS 1596-84-5 manufacturer - Longchang Chemical\",\"isPartOf\":{\"@id\":\"https:\/\/longchangchemical.com\/#website\"},\"datePublished\":\"2024-05-13T02:40:00+00:00\",\"dateModified\":\"2025-12-16T09:49:51+00:00\",\"description\":\"Daminozide CAS 1596-84-5 is key product of LongChang Chemical. We provide best price. We are the leading manufacturer in China with the best quanlity and competitive price.\",\"breadcrumb\":{\"@id\":\"https:\/\/longchangchemical.com\/product\/daminozide-cas-1596-84-5\/#breadcrumb\"},\"inLanguage\":\"pt-BR\",\"potentialAction\":[{\"@type\":\"ReadAction\",\"target\":[\"https:\/\/longchangchemical.com\/product\/daminozide-cas-1596-84-5\/\"]}]},{\"@type\":\"BreadcrumbList\",\"@id\":\"https:\/\/longchangchemical.com\/product\/daminozide-cas-1596-84-5\/#breadcrumb\",\"itemListElement\":[{\"@type\":\"ListItem\",\"position\":1,\"name\":\"Home\",\"item\":\"https:\/\/longchangchemical.com\/\"},{\"@type\":\"ListItem\",\"position\":2,\"name\":\"Products Longchang\",\"item\":\"https:\/\/longchangchemical.com\/product\/\"},{\"@type\":\"ListItem\",\"position\":3,\"name\":\"Daminozide CAS 1596-84-5\"}]},{\"@type\":\"WebSite\",\"@id\":\"https:\/\/longchangchemical.com\/#website\",\"url\":\"https:\/\/longchangchemical.com\/\",\"name\":\"Longchang Chemical\",\"description\":\"China chemical manufacturer \uff06 supplier\",\"publisher\":{\"@id\":\"https:\/\/longchangchemical.com\/#organization\"},\"potentialAction\":[{\"@type\":\"SearchAction\",\"target\":{\"@type\":\"EntryPoint\",\"urlTemplate\":\"https:\/\/longchangchemical.com\/?s={search_term_string}\"},\"query-input\":{\"@type\":\"PropertyValueSpecification\",\"valueRequired\":true,\"valueName\":\"search_term_string\"}}],\"inLanguage\":\"pt-BR\"},{\"@type\":\"Organization\",\"@id\":\"https:\/\/longchangchemical.com\/#organization\",\"name\":\"Longchang Chemical\",\"url\":\"https:\/\/longchangchemical.com\/\",\"logo\":{\"@type\":\"ImageObject\",\"inLanguage\":\"pt-BR\",\"@id\":\"https:\/\/longchangchemical.com\/#\/schema\/logo\/image\/\",\"url\":\"https:\/\/longchangchemical.com\/wp-content\/uploads\/2020\/08\/cropped-longchang-logo.png\",\"contentUrl\":\"https:\/\/longchangchemical.com\/wp-content\/uploads\/2020\/08\/cropped-longchang-logo.png\",\"width\":512,\"height\":512,\"caption\":\"Longchang Chemical\"},\"image\":{\"@id\":\"https:\/\/longchangchemical.com\/#\/schema\/logo\/image\/\"}}]}<\/script>\n<!-- \/ Yoast SEO plugin. -->","yoast_head_json":{"title":"Fabricante de Daminozida CAS 1596-84-5 na China - Longchang Chemical","description":"Daminozide CAS 1596-84-5 \u00e9 o principal produto da LongChang Chemical. Oferecemos o melhor pre\u00e7o. Somos o principal fabricante na China, com a melhor qualidade e pre\u00e7o competitivo.","robots":{"index":"index","follow":"follow","max-snippet":"max-snippet:-1","max-image-preview":"max-image-preview:large","max-video-preview":"max-video-preview:-1"},"canonical":"https:\/\/longchangchemical.com\/pt\/product\/daminozide-cas-1596-84-5\/","og_locale":"pt_BR","og_type":"article","og_title":"China Daminozide CAS 1596-84-5 manufacturer - Longchang Chemical","og_description":"Daminozide CAS 1596-84-5 is key product of LongChang Chemical. We provide best price. We are the leading manufacturer in China with the best quanlity and competitive price.","og_url":"https:\/\/longchangchemical.com\/pt\/product\/daminozide-cas-1596-84-5\/","og_site_name":"Longchang Chemical","article_modified_time":"2025-12-16T09:49:51+00:00","og_image":[{"width":1000,"height":1000,"url":"https:\/\/longchangchemical.com\/wp-content\/uploads\/2024\/02\/logo-jpeg.jpg","type":"image\/jpeg"}],"twitter_card":"summary_large_image","schema":{"@context":"https:\/\/schema.org","@graph":[{"@type":"WebPage","@id":"https:\/\/longchangchemical.com\/product\/daminozide-cas-1596-84-5\/","url":"https:\/\/longchangchemical.com\/product\/daminozide-cas-1596-84-5\/","name":"Fabricante de Daminozida CAS 1596-84-5 na China - Longchang Chemical","isPartOf":{"@id":"https:\/\/longchangchemical.com\/#website"},"datePublished":"2024-05-13T02:40:00+00:00","dateModified":"2025-12-16T09:49:51+00:00","description":"Daminozide CAS 1596-84-5 \u00e9 o principal produto da LongChang Chemical. Oferecemos o melhor pre\u00e7o. Somos o principal fabricante na China, com a melhor qualidade e pre\u00e7o competitivo.","breadcrumb":{"@id":"https:\/\/longchangchemical.com\/product\/daminozide-cas-1596-84-5\/#breadcrumb"},"inLanguage":"pt-BR","potentialAction":[{"@type":"ReadAction","target":["https:\/\/longchangchemical.com\/product\/daminozide-cas-1596-84-5\/"]}]},{"@type":"BreadcrumbList","@id":"https:\/\/longchangchemical.com\/product\/daminozide-cas-1596-84-5\/#breadcrumb","itemListElement":[{"@type":"ListItem","position":1,"name":"Home","item":"https:\/\/longchangchemical.com\/"},{"@type":"ListItem","position":2,"name":"Products Longchang","item":"https:\/\/longchangchemical.com\/product\/"},{"@type":"ListItem","position":3,"name":"Daminozide CAS 1596-84-5"}]},{"@type":"WebSite","@id":"https:\/\/longchangchemical.com\/#website","url":"https:\/\/longchangchemical.com\/","name":"Qu\u00edmica Longchang","description":"Fabricante de produtos qu\u00edmicos na China \uff06 fornecedor","publisher":{"@id":"https:\/\/longchangchemical.com\/#organization"},"potentialAction":[{"@type":"SearchAction","target":{"@type":"EntryPoint","urlTemplate":"https:\/\/longchangchemical.com\/?s={search_term_string}"},"query-input":{"@type":"PropertyValueSpecification","valueRequired":true,"valueName":"search_term_string"}}],"inLanguage":"pt-BR"},{"@type":"Organization","@id":"https:\/\/longchangchemical.com\/#organization","name":"Qu\u00edmica Longchang","url":"https:\/\/longchangchemical.com\/","logo":{"@type":"ImageObject","inLanguage":"pt-BR","@id":"https:\/\/longchangchemical.com\/#\/schema\/logo\/image\/","url":"https:\/\/longchangchemical.com\/wp-content\/uploads\/2020\/08\/cropped-longchang-logo.png","contentUrl":"https:\/\/longchangchemical.com\/wp-content\/uploads\/2020\/08\/cropped-longchang-logo.png","width":512,"height":512,"caption":"Longchang Chemical"},"image":{"@id":"https:\/\/longchangchemical.com\/#\/schema\/logo\/image\/"}}]}},"_links":{"self":[{"href":"https:\/\/longchangchemical.com\/pt\/wp-json\/wp\/v2\/product\/6946","targetHints":{"allow":["GET"]}}],"collection":[{"href":"https:\/\/longchangchemical.com\/pt\/wp-json\/wp\/v2\/product"}],"about":[{"href":"https:\/\/longchangchemical.com\/pt\/wp-json\/wp\/v2\/types\/product"}],"replies":[{"embeddable":true,"href":"https:\/\/longchangchemical.com\/pt\/wp-json\/wp\/v2\/comments?post=6946"}],"wp:attachment":[{"href":"https:\/\/longchangchemical.com\/pt\/wp-json\/wp\/v2\/media?parent=6946"}],"wp:term":[{"taxonomy":"product_brand","embeddable":true,"href":"https:\/\/longchangchemical.com\/pt\/wp-json\/wp\/v2\/product_brand?post=6946"},{"taxonomy":"product_cat","embeddable":true,"href":"https:\/\/longchangchemical.com\/pt\/wp-json\/wp\/v2\/product_cat?post=6946"},{"taxonomy":"product_tag","embeddable":true,"href":"https:\/\/longchangchemical.com\/pt\/wp-json\/wp\/v2\/product_tag?post=6946"}],"curies":[{"name":"wp","href":"https:\/\/api.w.org\/{rel}","templated":true}]}}