{"id":6907,"date":"2024-05-07T05:38:50","date_gmt":"2024-05-07T05:38:50","guid":{"rendered":"https:\/\/longchangchemical.com\/?post_type=product&#038;p=6907"},"modified":"2025-12-17T01:55:34","modified_gmt":"2025-12-17T01:55:34","slug":"dimethyldineodecanoatetin-cas-68928-76-7","status":"publish","type":"product","link":"https:\/\/longchangchemical.com\/pt\/product\/dimethyldineodecanoatetin-cas-68928-76-7\/","title":{"rendered":"Dimetildineodecanoatetina CAS 68928-76-7"},"content":{"rendered":"<h1><strong>Dimetildineodecanoatetina CAS 68928-76-7<\/strong><\/h1>\n<p>Propriedades qu\u00edmicas<\/p>\n<p>Ponto de fus\u00e3o: -6\u00b0C<\/p>\n<p>Ponto de ebuli\u00e7\u00e3o: 265,6\u00b0C a 760 mmHg<\/p>\n<p>Ponto de fulgor: 153\u00b0C<\/p>\n<p>Densidade: 1,14 g\/cm3<\/p>\n<p>Press\u00e3o de vapor: 0,00263 mmHg a 25\u00b0CRefratividade<\/p>\n<p>\u00cdndice: 1.47<\/p>\n<p>Solubilidade em \u00e1gua: 16,27\u03bcg\/L a 25\u00b0C<\/p>\n<h2><strong>Uso da dimetildineodecanoatetina<\/strong><\/h2>\n<p>1. A dimetildineodecanoatetina \u00e9 usada como um catalisador eficiente na fabrica\u00e7\u00e3o de espumas de poliuretano, revestimentos, adesivos e selantes.<\/p>\n<p>2. A dimetildineodecanoatetina \u00e9 usada em poliuretano de dois componentes, poli\u00e9ster, tintas nitro, tintas de impress\u00e3o, catalisadores de endurecimento, etc. Tem boa resist\u00eancia \u00e0 oxida\u00e7\u00e3o.<br \/>\n3. A dimetildineodecanoatetina \u00e9 usada na produ\u00e7\u00e3o de pl\u00e1sticos de poliuretano, revestimentos de poliuretano, catalisadores de borracha de silicone, catalisadores e assim por diante.<\/p>\n<p>Ele tem a maior atividade catal\u00edtica da linha de catalisadores organoest\u00e2nicos, obtendo tempos de gel e de antiader\u00eancia muito curtos. Sua atividade \u00e9 semelhante \u00e0 do diacetato de dibutilestanho (DBTDA), mas sem o odor de \u00e1cido ac\u00e9tico ou a corrosividade do DBTDA. Ele substitui o DBTDL em muitos sistemas de espuma de poliuretano com as vantagens da baixa dosagem e do baixo custo. Tem um ponto de congelamento mais baixo do que o DBTDL e uma resist\u00eancia \u00e0 hidr\u00f3lise ligeiramente melhor. Pode ser usado para elast\u00f4meros fundidos e em spray de cura r\u00e1pida, pode ser usado em sistemas de poliuretano e silicone de cura em temperatura ambiente e \u00e9 particularmente adequado para sistemas de poliuretano alif\u00e1tico.<\/p>\n<h2><strong>Outro nome:<\/strong><\/h2>\n<p>Dimetilbis[(1-oxoneodecil)oxi]estanano<\/p>\n<p>dineodecanoato de dimetilestanho<\/p>\n<p>Dimetildineodecanoatetina<\/p>\n<p>Dineodecanoato de dimetilestanho<\/p>\n<p>Dimethyltinneodecanoate<\/p>\n<p>&nbsp;<\/p>\n<h2><span style=\"color: #000000;\"><strong><b>Entre em contato conosco agora!<\/b><\/strong><\/span><\/h2>\n<h4><span style=\"color: #000000;\"><strong><b>Se precisar do Price, preencha suas informa\u00e7\u00f5es de contato no formul\u00e1rio abaixo. Normalmente, entraremos em contato dentro de 24 horas. Voc\u00ea tamb\u00e9m pode me enviar um e-mail <span style=\"color: #00ffff;\"><a style=\"color: #00ffff;\" href=\"mailto:info@longchangchemical.com\">info@longchangchemical.com<\/a><\/span> durante o hor\u00e1rio comercial (das 8h30 \u00e0s 18h UTC+8 de segunda a s\u00e1bado) ou use o bate-papo ao vivo do site para obter uma resposta imediata.<\/b><\/strong><\/span><\/h4>\n<p>&nbsp;<\/p>\n<table class=\"aligncenter\" style=\"border-collapse: collapse; width: 326.27pt;\" border=\"0\" width=\"435\" cellspacing=\"0\" cellpadding=\"0\">\n<tbody>\n<tr style=\"height: 13.50pt;\">\n<td class=\"et2\" style=\"height: 13.50pt; width: 164.25pt;\" width=\"219\" height=\"18\"><a href=\"https:\/\/longchangchemical.com\/pt\/product\/stannous-chloride-anhydrous-cas-7772-99-8\/\"><span style=\"color: #00ccff;\">Cloreto estanoso anidro<\/span><\/a><\/td>\n<td class=\"et2\" style=\"width: 162.00pt;\" width=\"216\">7772-99-8<\/td>\n<\/tr>\n<tr style=\"height: 13.50pt;\">\n<td class=\"et2\" style=\"height: 13.50pt;\" height=\"18\"><a href=\"https:\/\/longchangchemical.com\/pt\/product\/dimethyltin-dichloride-cas-753-73-1\/\"><span style=\"color: #00ccff;\">Dicloreto de dimetilestanho<\/span><\/a><\/td>\n<td class=\"et2\">753-73-1<\/td>\n<\/tr>\n<tr style=\"height: 14.25pt;\">\n<td class=\"et3\" style=\"height: 14.25pt; width: 164.25pt;\" width=\"219\" height=\"19\"><a href=\"https:\/\/longchangchemical.com\/pt\/product\/monobutyltin-oxide-cas-2273-43-0\/\"><span class=\"font2\" style=\"color: #00ccff;\">\u00d3xido de monobutilestanho<\/span><\/a><\/td>\n<td class=\"et4\" style=\"width: 162.00pt;\" width=\"216\">2273-43-0<\/td>\n<\/tr>\n<tr style=\"height: 14.25pt;\">\n<td class=\"et3\" style=\"height: 14.25pt; width: 164.25pt;\" width=\"219\" height=\"19\"><a href=\"https:\/\/longchangchemical.com\/pt\/product\/dibutyltin-oxide-cas-818-08-6\/\"><span class=\"font2\" style=\"color: #00ccff;\">\u00d3xido de dibutilestanho<\/span><\/a><\/td>\n<td class=\"et4\" style=\"width: 162.00pt;\" width=\"216\">818-08-6<\/td>\n<\/tr>\n<tr style=\"height: 14.25pt;\">\n<td class=\"et3\" style=\"height: 14.25pt; width: 164.25pt;\" width=\"219\" height=\"19\"><a href=\"https:\/\/longchangchemical.com\/pt\/product\/tributyltin-oxide-cas-56-35-9\/\"><span class=\"font2\" style=\"color: #00ccff;\">\u00d3xido de tributilestanho<\/span><\/a><\/td>\n<td class=\"et4\" style=\"width: 162.00pt;\" width=\"216\">56-35-9<\/td>\n<\/tr>\n<tr style=\"height: 14.25pt;\">\n<td class=\"et4\" style=\"height: 14.25pt; width: 164.25pt;\" width=\"219\" height=\"19\"><a href=\"https:\/\/longchangchemical.com\/pt\/product\/tetrabutyl-tin-cas-1461-25-2\/\"><span style=\"color: #00ccff;\">Tetrabutyl Tin<\/span><\/a><\/td>\n<td class=\"et4\" style=\"width: 162.00pt;\" width=\"216\">1461-25-2<\/td>\n<\/tr>\n<tr style=\"height: 14.25pt;\">\n<td class=\"et3\" style=\"height: 14.25pt; width: 164.25pt;\" width=\"219\" height=\"19\"><a href=\"https:\/\/longchangchemical.com\/pt\/product\/butyltin-mercaptide-cas-26410-42-4\/\"><span class=\"font2\" style=\"color: #00ccff;\">Mercapt\u00eddeo de butilestanho<\/span><\/a><\/td>\n<td class=\"et4\" style=\"width: 162.00pt;\" width=\"216\">26410-42-4<\/td>\n<\/tr>\n<tr style=\"height: 14.25pt;\">\n<td class=\"et4\" style=\"height: 14.25pt; width: 164.25pt;\" width=\"219\" height=\"19\"><a href=\"https:\/\/longchangchemical.com\/pt\/product\/dibutyltin-diacetate-cas-1067-33-0\/\"><span style=\"color: #00ccff;\">Diacetato de dibutilestanho<\/span><\/a><\/td>\n<td class=\"et5\" style=\"width: 162.00pt;\" width=\"216\">1067-33-0<\/td>\n<\/tr>\n<tr style=\"height: 14.25pt;\">\n<td class=\"et3\" style=\"height: 14.25pt; width: 164.25pt;\" width=\"219\" height=\"19\"><a href=\"https:\/\/longchangchemical.com\/pt\/product\/dibutyltin-dilaurate-dbtdl-cas-77-58-7\/\"><span class=\"font2\" style=\"color: #00ccff;\">Dilaurato de dibutilestanho<\/span><\/a><\/td>\n<td class=\"et6\" style=\"width: 162.00pt;\" width=\"216\"><span class=\"font2\">77-58-7<\/span><\/td>\n<\/tr>\n<tr style=\"height: 15.00pt;\">\n<td class=\"et3\" style=\"height: 15.00pt; width: 164.25pt;\" width=\"219\" height=\"20\"><a href=\"https:\/\/longchangchemical.com\/pt\/product\/dibutyltin-maleate-cas-78-04-2\/\"><span class=\"font2\" style=\"color: #00ccff;\">Maleato de dibutilestanho<\/span><\/a><\/td>\n<td class=\"et7\" style=\"width: 162.00pt;\" width=\"216\">78-04-2<\/td>\n<\/tr>\n<tr style=\"height: 14.25pt;\">\n<td class=\"et3\" style=\"height: 14.25pt; width: 164.25pt;\" width=\"219\" height=\"19\"><a href=\"https:\/\/longchangchemical.com\/pt\/product\/monobutyltin-trichloride-cas-1118-46-3\/\"><span class=\"font2\" style=\"color: #00ccff;\">Tricloreto de monobutilestanho<\/span><\/a><\/td>\n<td class=\"et3\" style=\"width: 162.00pt;\" width=\"216\"><span class=\"font2\">1118-46-3<\/span><\/td>\n<\/tr>\n<tr style=\"height: 14.25pt;\">\n<td class=\"et3\" style=\"height: 14.25pt; width: 164.25pt;\" width=\"219\" height=\"19\"><a href=\"https:\/\/longchangchemical.com\/pt\/product\/dibutyltin-dichloride-cas-683-18-1\/\"><span class=\"font2\" style=\"color: #00ccff;\">Dicloreto de dibutilestanho<\/span><\/a><\/td>\n<td class=\"et3\" style=\"width: 162.00pt;\" width=\"216\"><span class=\"font2\">683-18-1<\/span><\/td>\n<\/tr>\n<tr style=\"height: 14.25pt;\">\n<td class=\"et3\" style=\"height: 14.25pt; width: 164.25pt;\" width=\"219\" height=\"19\"><a href=\"https:\/\/longchangchemical.com\/pt\/product\/tributyltin-chloride-cas-1461-22-9\/\"><span class=\"font2\" style=\"color: #00ccff;\">Cloreto de tributilestanho<\/span><\/a><\/td>\n<td class=\"et3\" style=\"width: 162.00pt;\" width=\"216\"><span class=\"font2\">1461-22-9<\/span><\/td>\n<\/tr>\n<tr style=\"height: 28.50pt;\">\n<td class=\"et3\" style=\"height: 28.50pt; width: 164.25pt;\" width=\"219\" height=\"38\"><a href=\"https:\/\/longchangchemical.com\/pt\/product\/butyltin-tris2-ethylhexanoate-cas-23850-94-4\/\"><span class=\"font2\" style=\"color: #00ccff;\">Tris(2-Etil-hexanoato) de butilestanho<\/span><\/a><\/td>\n<td class=\"et3\" style=\"width: 162.00pt;\" width=\"216\"><span class=\"font2\">23850-94-4<\/span><\/td>\n<\/tr>\n<tr style=\"height: 14.25pt;\">\n<td class=\"et3\" style=\"height: 14.25pt; width: 164.25pt;\" width=\"219\" height=\"19\"><a href=\"https:\/\/longchangchemical.com\/pt\/product\/di-n-octyltin-oxide-cas-870-08-6\/\"><span class=\"font2\" style=\"color: #00ccff;\">\u00d3xido de di-n-octilestanho<\/span><\/a><\/td>\n<td class=\"et3\" style=\"width: 162.00pt;\" width=\"216\"><span class=\"font2\">870-08-6<\/span><\/td>\n<\/tr>\n<tr style=\"height: 14.25pt;\">\n<td class=\"et3\" style=\"height: 14.25pt; width: 164.25pt;\" width=\"219\" height=\"19\"><a href=\"https:\/\/longchangchemical.com\/pt\/product\/dimethyldineodecanoatetin-cas-68928-76-7\/\"><span class=\"font2\" style=\"color: #00ccff;\">Dimetildineodecanoatetina<\/span><\/a><\/td>\n<td class=\"et3\" style=\"width: 162.00pt;\" width=\"216\"><span class=\"font2\">68928-76-7<\/span><\/td>\n<\/tr>\n<tr style=\"height: 14.25pt;\">\n<td class=\"et3\" style=\"height: 14.25pt; width: 164.25pt;\" width=\"219\" height=\"19\"><a href=\"https:\/\/longchangchemical.com\/pt\/product\/otm-cas-26401-97-8\/\"><span class=\"font2\" style=\"color: #00ccff;\">Mercapt\u00eddeo de octilestanho<\/span><\/a><\/td>\n<td class=\"et3\" style=\"width: 162.00pt;\" width=\"216\"><span class=\"font2\">26401-97-8<\/span><\/td>\n<\/tr>\n<\/tbody>\n<\/table>\n<p><!--more--><\/p>\n<p>An\u00e1lise da sele\u00e7\u00e3o do catalisador de poliuretano<\/p>\n<p>H\u00e1 duas finalidades principais para o uso do catalisador:<\/p>\n<p>1, Para fazer com que a rea\u00e7\u00e3o prossiga na dire\u00e7\u00e3o esperada;<br \/>\n2, para regular a taxa de rea\u00e7\u00e3o, reduzir o tempo de rea\u00e7\u00e3o e melhorar a efici\u00eancia da produ\u00e7\u00e3o.<\/p>\n<p>Na sele\u00e7\u00e3o do catalisador de espuma de poliuretano, os produtos de espuma de poliuretano s\u00e3o sintetizados principalmente a partir de poli\u00e9ter, isocianato, agente espumante, catalisador e assim por diante. O principal processo de forma\u00e7\u00e3o de espuma \u00e9 geralmente considerado como segue:<br \/>\n1, por meio de m\u00e9todos f\u00edsicos e qu\u00edmicos no sistema de rea\u00e7\u00e3o de poliuretano para produzir espuma, e deixar a espuma uniformemente dispersa no sistema de rea\u00e7\u00e3o, no qual o principal m\u00e9todo de forma\u00e7\u00e3o de espuma \u00e9 o uso de \u00e1gua e produ\u00e7\u00e3o de isocianato de di\u00f3xido de carbono para formar espuma.<br \/>\n2. O processo de gera\u00e7\u00e3o de espuma exige que a viscosidade do sistema de rea\u00e7\u00e3o aumente para evitar que a espuma escape.<br \/>\n3\u3001Quando a forma\u00e7\u00e3o da espuma atinge o n\u00famero e o tamanho desejados, a viscosidade do sistema de rea\u00e7\u00e3o precisa continuar a aumentar e at\u00e9 mesmo formar um sistema de reticula\u00e7\u00e3o para estabilizar a espuma e transform\u00e1-la em um produto.<\/p>\n<p>Nesse caso, precisamos de pelo menos dois catalisadores para regular a rea\u00e7\u00e3o: um catalisador promove a rea\u00e7\u00e3o do isocianato e da \u00e1gua, ou seja, promove a rea\u00e7\u00e3o de forma\u00e7\u00e3o de espuma, geralmente escolhendo catalisadores de amina; o outro promove a rea\u00e7\u00e3o do isocianato e do poli\u00e9ter ou do \u00e1lcool, ou seja, a rea\u00e7\u00e3o de crescimento da cadeia da mol\u00e9cula de poliuretano e a liga\u00e7\u00e3o cruzada, geralmente escolhendo catalisadores de metal. Portanto, no processo de s\u00edntese de espuma de poliuretano, geralmente escolhemos catalisadores de amina e catalisadores organomet\u00e1licos para trabalharem juntos a fim de produzir efeitos sin\u00e9rgicos para obter os melhores resultados.<\/p>\n<p>Catalisadores organomet\u00e1licos<\/p>\n<p>Em elast\u00f4meros e adesivos de poliuretano, revestimentos, selantes, revestimentos \u00e0 prova d'\u00e1gua, materiais de pavimenta\u00e7\u00e3o e outras formula\u00e7\u00f5es, os catalisadores organoest\u00e2nicos tradicionais e outros catalisadores organomet\u00e1licos s\u00e3o os mais usados, pois s\u00e3o muito eficazes na promo\u00e7\u00e3o da reflex\u00e3o do grupo isocianato e do grupo hidroxila, mas, com os requisitos de prote\u00e7\u00e3o ambiental, os produtos organobismuto e zinco ecologicamente corretos s\u00e3o cada vez mais usados.<\/p>","protected":false},"excerpt":{"rendered":"<p>Informa\u00e7\u00f5es b\u00e1sicas<\/p>\n<p>Nome do produto: DIMETILDINEODECANOATETINA<\/p>\n<p>Sin\u00f4nimos: dimetilbis[(1-oxoneodecil)oxi]-estanano;dimetilbis[(1-oxoneodecil)oxi]-estanano;DIMETILDINEODECANOATETINA;DIMETILDINEODECANOATO DE DIMETILTINA;Estanano, dimetilbis(1-oxoneodecil)oxi; Einecs 273-028-6; \u00e9ster de 1,1\u2032-(dimetilestanileno) do \u00e1cido neodecan\u00f3ico; DIMETILDINEODECANOATETINA, t\u00e9cnico-95<\/p>\n<p>CAS NO:68928-76-7<\/p>\n<p>F\u00f3rmula molecular: C22H44O4SnMolecular<\/p>\n<p>Peso: 491,29<\/p>\n<p>EINECS: 273-028-6<\/p>\n<p>Categorias de produtos: Usado na produ\u00e7\u00e3o de pl\u00e1stico de poliuretano, tinta de poliuretano, borracha de silicone org\u00e2nico, para fins de secagem de catalisador<\/p>","protected":false},"featured_media":6930,"comment_status":"closed","ping_status":"closed","template":"","meta":[],"product_brand":[],"product_cat":[113],"product_tag":[],"class_list":{"0":"post-6907","1":"product","2":"type-product","3":"status-publish","4":"has-post-thumbnail","6":"product_cat-organic-intermediate","8":"first","9":"instock","10":"shipping-taxable","11":"product-type-simple"},"yoast_head":"<!-- This site is optimized with the Yoast SEO plugin v25.3.1 - https:\/\/yoast.com\/wordpress\/plugins\/seo\/ -->\n<title>China Manufacturer Dimethyldineodecanoatetin CAS 68928-76-7 -Longchang Chemical<\/title>\n<meta name=\"description\" content=\"Dimethyldineodecanoatetin CAS 68928-76-7 is key product of LongChang Chemical. We provide best price. We are the leading manufacturer in China with the best quanlity and competitive price.\" \/>\n<meta name=\"robots\" content=\"index, follow, max-snippet:-1, max-image-preview:large, max-video-preview:-1\" \/>\n<link rel=\"canonical\" href=\"https:\/\/longchangchemical.com\/pt\/product\/dimethyldineodecanoatetin-cas-68928-76-7\/\" \/>\n<meta property=\"og:locale\" content=\"pt_BR\" \/>\n<meta property=\"og:type\" content=\"article\" \/>\n<meta property=\"og:title\" content=\"China Manufacturer Dimethyldineodecanoatetin CAS 68928-76-7 -Longchang Chemical\" \/>\n<meta property=\"og:description\" content=\"Dimethyldineodecanoatetin CAS 68928-76-7 is key product of LongChang Chemical. We provide best price. We are the leading manufacturer in China with the best quanlity and competitive price.\" \/>\n<meta property=\"og:url\" content=\"https:\/\/longchangchemical.com\/pt\/product\/dimethyldineodecanoatetin-cas-68928-76-7\/\" \/>\n<meta property=\"og:site_name\" content=\"Longchang Chemical\" \/>\n<meta property=\"article:modified_time\" content=\"2025-12-17T01:55:34+00:00\" \/>\n<meta property=\"og:image\" content=\"https:\/\/longchangchemical.com\/wp-content\/uploads\/2024\/04\/Dimethyldineodecanoatetin.jpg\" \/>\n\t<meta property=\"og:image:width\" content=\"800\" \/>\n\t<meta property=\"og:image:height\" content=\"800\" \/>\n\t<meta property=\"og:image:type\" content=\"image\/jpeg\" \/>\n<meta name=\"twitter:card\" content=\"summary_large_image\" \/>\n<script type=\"application\/ld+json\" class=\"yoast-schema-graph\">{\"@context\":\"https:\/\/schema.org\",\"@graph\":[{\"@type\":\"WebPage\",\"@id\":\"https:\/\/longchangchemical.com\/product\/dimethyldineodecanoatetin-cas-68928-76-7\/\",\"url\":\"https:\/\/longchangchemical.com\/product\/dimethyldineodecanoatetin-cas-68928-76-7\/\",\"name\":\"China Manufacturer Dimethyldineodecanoatetin CAS 68928-76-7 -Longchang Chemical\",\"isPartOf\":{\"@id\":\"https:\/\/longchangchemical.com\/#website\"},\"primaryImageOfPage\":{\"@id\":\"https:\/\/longchangchemical.com\/product\/dimethyldineodecanoatetin-cas-68928-76-7\/#primaryimage\"},\"image\":{\"@id\":\"https:\/\/longchangchemical.com\/product\/dimethyldineodecanoatetin-cas-68928-76-7\/#primaryimage\"},\"thumbnailUrl\":\"https:\/\/longchangchemical.com\/wp-content\/uploads\/2024\/04\/Dimethyldineodecanoatetin.jpg\",\"datePublished\":\"2024-05-07T05:38:50+00:00\",\"dateModified\":\"2025-12-17T01:55:34+00:00\",\"description\":\"Dimethyldineodecanoatetin CAS 68928-76-7 is key product of LongChang Chemical. We provide best price. We are the leading manufacturer in China with the best quanlity and competitive price.\",\"breadcrumb\":{\"@id\":\"https:\/\/longchangchemical.com\/product\/dimethyldineodecanoatetin-cas-68928-76-7\/#breadcrumb\"},\"inLanguage\":\"pt-BR\",\"potentialAction\":[{\"@type\":\"ReadAction\",\"target\":[\"https:\/\/longchangchemical.com\/product\/dimethyldineodecanoatetin-cas-68928-76-7\/\"]}]},{\"@type\":\"ImageObject\",\"inLanguage\":\"pt-BR\",\"@id\":\"https:\/\/longchangchemical.com\/product\/dimethyldineodecanoatetin-cas-68928-76-7\/#primaryimage\",\"url\":\"https:\/\/longchangchemical.com\/wp-content\/uploads\/2024\/04\/Dimethyldineodecanoatetin.jpg\",\"contentUrl\":\"https:\/\/longchangchemical.com\/wp-content\/uploads\/2024\/04\/Dimethyldineodecanoatetin.jpg\",\"width\":800,\"height\":800,\"caption\":\"Dimethyldineodecanoatetin CAS 68928-76-7\"},{\"@type\":\"BreadcrumbList\",\"@id\":\"https:\/\/longchangchemical.com\/product\/dimethyldineodecanoatetin-cas-68928-76-7\/#breadcrumb\",\"itemListElement\":[{\"@type\":\"ListItem\",\"position\":1,\"name\":\"Home\",\"item\":\"https:\/\/longchangchemical.com\/\"},{\"@type\":\"ListItem\",\"position\":2,\"name\":\"Products Longchang\",\"item\":\"https:\/\/longchangchemical.com\/product\/\"},{\"@type\":\"ListItem\",\"position\":3,\"name\":\"Dimethyldineodecanoatetin CAS 68928-76-7\"}]},{\"@type\":\"WebSite\",\"@id\":\"https:\/\/longchangchemical.com\/#website\",\"url\":\"https:\/\/longchangchemical.com\/\",\"name\":\"Longchang Chemical\",\"description\":\"China chemical manufacturer \uff06 supplier\",\"publisher\":{\"@id\":\"https:\/\/longchangchemical.com\/#organization\"},\"potentialAction\":[{\"@type\":\"SearchAction\",\"target\":{\"@type\":\"EntryPoint\",\"urlTemplate\":\"https:\/\/longchangchemical.com\/?s={search_term_string}\"},\"query-input\":{\"@type\":\"PropertyValueSpecification\",\"valueRequired\":true,\"valueName\":\"search_term_string\"}}],\"inLanguage\":\"pt-BR\"},{\"@type\":\"Organization\",\"@id\":\"https:\/\/longchangchemical.com\/#organization\",\"name\":\"Longchang Chemical\",\"url\":\"https:\/\/longchangchemical.com\/\",\"logo\":{\"@type\":\"ImageObject\",\"inLanguage\":\"pt-BR\",\"@id\":\"https:\/\/longchangchemical.com\/#\/schema\/logo\/image\/\",\"url\":\"https:\/\/longchangchemical.com\/wp-content\/uploads\/2020\/08\/cropped-longchang-logo.png\",\"contentUrl\":\"https:\/\/longchangchemical.com\/wp-content\/uploads\/2020\/08\/cropped-longchang-logo.png\",\"width\":512,\"height\":512,\"caption\":\"Longchang Chemical\"},\"image\":{\"@id\":\"https:\/\/longchangchemical.com\/#\/schema\/logo\/image\/\"}}]}<\/script>\n<!-- \/ Yoast SEO plugin. -->","yoast_head_json":{"title":"Fabricante da China Dimethyldineodecanoatetin CAS 68928-76-7 -Longchang Chemical","description":"Dimethyldineodecanoatetin CAS 68928-76-7 \u00e9 o principal produto da LongChang Chemical. Oferecemos o melhor pre\u00e7o. Somos o principal fabricante na China, com a melhor qualidade e pre\u00e7o competitivo.","robots":{"index":"index","follow":"follow","max-snippet":"max-snippet:-1","max-image-preview":"max-image-preview:large","max-video-preview":"max-video-preview:-1"},"canonical":"https:\/\/longchangchemical.com\/pt\/product\/dimethyldineodecanoatetin-cas-68928-76-7\/","og_locale":"pt_BR","og_type":"article","og_title":"China Manufacturer Dimethyldineodecanoatetin CAS 68928-76-7 -Longchang Chemical","og_description":"Dimethyldineodecanoatetin CAS 68928-76-7 is key product of LongChang Chemical. We provide best price. We are the leading manufacturer in China with the best quanlity and competitive price.","og_url":"https:\/\/longchangchemical.com\/pt\/product\/dimethyldineodecanoatetin-cas-68928-76-7\/","og_site_name":"Longchang Chemical","article_modified_time":"2025-12-17T01:55:34+00:00","og_image":[{"width":800,"height":800,"url":"https:\/\/longchangchemical.com\/wp-content\/uploads\/2024\/04\/Dimethyldineodecanoatetin.jpg","type":"image\/jpeg"}],"twitter_card":"summary_large_image","schema":{"@context":"https:\/\/schema.org","@graph":[{"@type":"WebPage","@id":"https:\/\/longchangchemical.com\/product\/dimethyldineodecanoatetin-cas-68928-76-7\/","url":"https:\/\/longchangchemical.com\/product\/dimethyldineodecanoatetin-cas-68928-76-7\/","name":"Fabricante da China Dimethyldineodecanoatetin CAS 68928-76-7 -Longchang Chemical","isPartOf":{"@id":"https:\/\/longchangchemical.com\/#website"},"primaryImageOfPage":{"@id":"https:\/\/longchangchemical.com\/product\/dimethyldineodecanoatetin-cas-68928-76-7\/#primaryimage"},"image":{"@id":"https:\/\/longchangchemical.com\/product\/dimethyldineodecanoatetin-cas-68928-76-7\/#primaryimage"},"thumbnailUrl":"https:\/\/longchangchemical.com\/wp-content\/uploads\/2024\/04\/Dimethyldineodecanoatetin.jpg","datePublished":"2024-05-07T05:38:50+00:00","dateModified":"2025-12-17T01:55:34+00:00","description":"Dimethyldineodecanoatetin CAS 68928-76-7 \u00e9 o principal produto da LongChang Chemical. Oferecemos o melhor pre\u00e7o. Somos o principal fabricante na China, com a melhor qualidade e pre\u00e7o competitivo.","breadcrumb":{"@id":"https:\/\/longchangchemical.com\/product\/dimethyldineodecanoatetin-cas-68928-76-7\/#breadcrumb"},"inLanguage":"pt-BR","potentialAction":[{"@type":"ReadAction","target":["https:\/\/longchangchemical.com\/product\/dimethyldineodecanoatetin-cas-68928-76-7\/"]}]},{"@type":"ImageObject","inLanguage":"pt-BR","@id":"https:\/\/longchangchemical.com\/product\/dimethyldineodecanoatetin-cas-68928-76-7\/#primaryimage","url":"https:\/\/longchangchemical.com\/wp-content\/uploads\/2024\/04\/Dimethyldineodecanoatetin.jpg","contentUrl":"https:\/\/longchangchemical.com\/wp-content\/uploads\/2024\/04\/Dimethyldineodecanoatetin.jpg","width":800,"height":800,"caption":"Dimethyldineodecanoatetin CAS 68928-76-7"},{"@type":"BreadcrumbList","@id":"https:\/\/longchangchemical.com\/product\/dimethyldineodecanoatetin-cas-68928-76-7\/#breadcrumb","itemListElement":[{"@type":"ListItem","position":1,"name":"Home","item":"https:\/\/longchangchemical.com\/"},{"@type":"ListItem","position":2,"name":"Products Longchang","item":"https:\/\/longchangchemical.com\/product\/"},{"@type":"ListItem","position":3,"name":"Dimethyldineodecanoatetin CAS 68928-76-7"}]},{"@type":"WebSite","@id":"https:\/\/longchangchemical.com\/#website","url":"https:\/\/longchangchemical.com\/","name":"Qu\u00edmica Longchang","description":"Fabricante de produtos qu\u00edmicos na China \uff06 fornecedor","publisher":{"@id":"https:\/\/longchangchemical.com\/#organization"},"potentialAction":[{"@type":"SearchAction","target":{"@type":"EntryPoint","urlTemplate":"https:\/\/longchangchemical.com\/?s={search_term_string}"},"query-input":{"@type":"PropertyValueSpecification","valueRequired":true,"valueName":"search_term_string"}}],"inLanguage":"pt-BR"},{"@type":"Organization","@id":"https:\/\/longchangchemical.com\/#organization","name":"Qu\u00edmica Longchang","url":"https:\/\/longchangchemical.com\/","logo":{"@type":"ImageObject","inLanguage":"pt-BR","@id":"https:\/\/longchangchemical.com\/#\/schema\/logo\/image\/","url":"https:\/\/longchangchemical.com\/wp-content\/uploads\/2020\/08\/cropped-longchang-logo.png","contentUrl":"https:\/\/longchangchemical.com\/wp-content\/uploads\/2020\/08\/cropped-longchang-logo.png","width":512,"height":512,"caption":"Longchang Chemical"},"image":{"@id":"https:\/\/longchangchemical.com\/#\/schema\/logo\/image\/"}}]}},"_links":{"self":[{"href":"https:\/\/longchangchemical.com\/pt\/wp-json\/wp\/v2\/product\/6907","targetHints":{"allow":["GET"]}}],"collection":[{"href":"https:\/\/longchangchemical.com\/pt\/wp-json\/wp\/v2\/product"}],"about":[{"href":"https:\/\/longchangchemical.com\/pt\/wp-json\/wp\/v2\/types\/product"}],"replies":[{"embeddable":true,"href":"https:\/\/longchangchemical.com\/pt\/wp-json\/wp\/v2\/comments?post=6907"}],"wp:featuredmedia":[{"embeddable":true,"href":"https:\/\/longchangchemical.com\/pt\/wp-json\/wp\/v2\/media\/6930"}],"wp:attachment":[{"href":"https:\/\/longchangchemical.com\/pt\/wp-json\/wp\/v2\/media?parent=6907"}],"wp:term":[{"taxonomy":"product_brand","embeddable":true,"href":"https:\/\/longchangchemical.com\/pt\/wp-json\/wp\/v2\/product_brand?post=6907"},{"taxonomy":"product_cat","embeddable":true,"href":"https:\/\/longchangchemical.com\/pt\/wp-json\/wp\/v2\/product_cat?post=6907"},{"taxonomy":"product_tag","embeddable":true,"href":"https:\/\/longchangchemical.com\/pt\/wp-json\/wp\/v2\/product_tag?post=6907"}],"curies":[{"name":"wp","href":"https:\/\/api.w.org\/{rel}","templated":true}]}}