{"id":6901,"date":"2024-05-10T00:51:08","date_gmt":"2024-05-10T00:51:08","guid":{"rendered":"https:\/\/longchangchemical.com\/?post_type=product&#038;p=6901"},"modified":"2025-12-16T10:09:30","modified_gmt":"2025-12-16T10:09:30","slug":"monobutyltin-trichloride-cas-1118-46-3","status":"publish","type":"product","link":"https:\/\/longchangchemical.com\/pt\/product\/monobutyltin-trichloride-cas-1118-46-3\/","title":{"rendered":"Tricloreto de N-butilestanho \/ Tricloreto de monobutilestanho CAS 1118-46-3"},"content":{"rendered":"<p style=\"margin: 0px 0px 20px; color: #4a4e57; font-family: Roboto;\"><span style=\"font-weight: bolder;\">Detalhes do tricloreto de butilestanho<\/span><\/p>\n<p style=\"margin: 0px 0px 20px; color: #4a4e57; font-family: Roboto;\">Nome qu\u00edmico: Tricloreto de butilestanho<\/p>\n<p style=\"margin: 0px 0px 20px; color: #4a4e57; font-family: Roboto;\">N\u00famero CAS: 1118-46-3<\/p>\n<p style=\"margin: 0px 0px 20px; color: #4a4e57; font-family: Roboto;\">F\u00f3rmula molecular: C4H9Cl3Sn<\/p>\n<p style=\"margin: 0px 0px 20px; color: #4a4e57; font-family: Roboto;\">Peso molecular: 282,18<\/p>\n<p style=\"margin: 0px 0px 20px; color: #4a4e57; font-family: Roboto;\">Apar\u00eancia: L\u00edquido marrom<\/p>\n<p style=\"margin: 0px 0px 20px; color: #4a4e57; font-family: Roboto;\">Ensaio: 99%min<\/p>\n<p style=\"margin: 0px 0px 20px; color: #4a4e57; font-family: Roboto;\"><span style=\"font-weight: bolder;\">Propriedades t\u00edpicas do tricloreto de butilestanho<\/span><\/p>\n<table class=\"table-1\" style=\"max-width: 100%; border-collapse: collapse; border-spacing: 0px; --awb-margin-top: 0; --awb-margin-right: 0; --awb-margin-bottom: 0; --awb-margin-left: 0; margin: var(--awb-margin-top) var(--awb-margin-right) var(--awb-margin-bottom) var(--awb-margin-left); color: #4a4e57; font-family: Roboto;\" cellspacing=\"0\">\n<tbody>\n<tr>\n<td style=\"border: 1px solid #dcdcdc; padding: 10px 20px;\">Item<\/td>\n<td style=\"border: 1px solid #dcdcdc; padding: 10px 20px;\">Especifica\u00e7\u00f5es<\/td>\n<\/tr>\n<tr style=\"background: #f6f6f6;\">\n<td style=\"border: 1px solid #dcdcdc; padding: 10px 20px;\">Cor e apar\u00eancia<\/td>\n<td style=\"border: 1px solid #dcdcdc; padding: 10px 20px;\">L\u00edquido marrom<\/td>\n<\/tr>\n<tr>\n<td style=\"border: 1px solid #dcdcdc; padding: 10px 20px;\">Pureza<\/td>\n<td style=\"border: 1px solid #dcdcdc; padding: 10px 20px;\">\u226598.0%<\/td>\n<\/tr>\n<tr style=\"background: #f6f6f6;\">\n<td style=\"border: 1px solid #dcdcdc; padding: 10px 20px;\">\u00c1gua %<\/td>\n<td style=\"border: 1px solid #dcdcdc; padding: 10px 20px;\">-<\/td>\n<\/tr>\n<tr>\n<td style=\"border: 1px solid #dcdcdc; padding: 10px 20px;\">PH<\/td>\n<td style=\"border: 1px solid #dcdcdc; padding: 10px 20px;\">-<\/td>\n<\/tr>\n<\/tbody>\n<\/table>\n<p style=\"margin: 0px 0px 20px; color: #4a4e57; font-family: Roboto;\"><span style=\"font-weight: bolder;\">O que \u00e9 tricloreto de butilestanho<\/span><\/p>\n<p style=\"margin: 0px 0px 20px; color: #4a4e57; font-family: Roboto;\">O tricloreto de butilestanho, tamb\u00e9m conhecido como monobutilestanho anidro, \u00e9 um importante intermedi\u00e1rio para estabilizadores de PVC.<\/p>\n<p style=\"margin: 0px 0px 20px; color: #4a4e57; font-family: Roboto;\"><span style=\"font-weight: bolder;\">Tricloreto de butilestanho Uso<\/span><span style=\"font-weight: bolder;\"><br \/>\n<\/span><\/p>\n<p style=\"margin: 0px 0px 20px; color: #4a4e57; font-family: Roboto;\">1. usado como um revestimento de extremidade quente na superf\u00edcie de recipientes de vidro<\/p>\n<p style=\"margin: 0px 0px 20px; color: #4a4e57; font-family: Roboto;\">2. usado como um frasco de spray de extremidade quente para garrafas de cerveja<\/p>\n<p style=\"margin: 0px 0px 20px; color: #4a4e57; font-family: Roboto;\">3. usado como um agente de refor\u00e7o para a produ\u00e7\u00e3o de produtos de vidro<\/p>\n<p style=\"margin: 0px 0px 20px; color: #4a4e57; font-family: Roboto;\"><span style=\"font-weight: bolder;\">Embalagem e envio do tricloreto de butilestanho<\/span><\/p>\n<p style=\"margin: 0px 0px 20px; color: #4a4e57; font-family: Roboto;\">Embalagem: 50KG\/tambor<\/p>\n<p style=\"margin: 0px 0px 20px; color: #4a4e57; font-family: Roboto;\">Entrega: 7 a 10 dias ap\u00f3s o recebimento do pagamento<\/p>\n<p style=\"margin: 0px 0px 20px; color: #4a4e57; font-family: Roboto;\"><span style=\"font-weight: bolder;\">Armazenamento de tricloreto de butilestanho<\/span><\/p>\n<p style=\"margin: 0px 0px 20px; color: #4a4e57; font-family: Roboto;\">A embalagem est\u00e1 completa e levemente carregada; o armaz\u00e9m \u00e9 ventilado, longe de chamas abertas, de altas temperaturas e armazenado separadamente de oxidantes e \u00e1cidos.<\/p>\n<h2><strong>Outro nome:<\/strong><\/h2>\n<p>butil(tricloro)estanano;<\/p>\n<p>tricloreto de butilestanotanatriss(ylium);<\/p>\n<p>Tricloreto de butilestanho;<\/p>\n<p>Tricloreto de n-butilestanho;<\/p>\n<p>TRICLORURE DE MONOBUTYLETAIN;<\/p>\n<p>Triclorure de n-butyletain;<\/p>\n<h2><span style=\"color: #000000;\"><strong><b>Entre em contato conosco agora!<\/b><\/strong><\/span><\/h2>\n<h4><span style=\"color: #000000;\"><strong><b>Se precisar do Price, preencha suas informa\u00e7\u00f5es de contato no formul\u00e1rio abaixo. Normalmente, entraremos em contato dentro de 24 horas. Voc\u00ea tamb\u00e9m pode me enviar um e-mail <span style=\"color: #00ffff;\"><a style=\"color: #00ffff;\" href=\"mailto:info@longchangchemical.com\">info@longchangchemical.com<\/a><\/span> durante o hor\u00e1rio comercial (das 8h30 \u00e0s 18h UTC+8 de segunda a s\u00e1bado) ou use o bate-papo ao vivo do site para obter uma resposta imediata.<\/b><\/strong><\/span><\/h4>\n<p>&nbsp;<\/p>\n<table class=\"aligncenter\" style=\"border-collapse: collapse; width: 326.27pt;\" border=\"0\" width=\"435\" cellspacing=\"0\" cellpadding=\"0\">\n<tbody>\n<tr style=\"height: 13.50pt;\">\n<td class=\"et2\" style=\"height: 13.50pt; width: 164.25pt;\" width=\"219\" height=\"18\"><a href=\"https:\/\/longchangchemical.com\/pt\/product\/stannous-chloride-anhydrous-cas-7772-99-8\/\"><span style=\"color: #00ccff;\">Cloreto estanoso anidro<\/span><\/a><\/td>\n<td class=\"et2\" style=\"width: 162.00pt;\" width=\"216\">7772-99-8<\/td>\n<\/tr>\n<tr style=\"height: 13.50pt;\">\n<td class=\"et2\" style=\"height: 13.50pt;\" height=\"18\"><a href=\"https:\/\/longchangchemical.com\/pt\/product\/dimethyltin-dichloride-cas-753-73-1\/\"><span style=\"color: #00ccff;\">Dicloreto de dimetilestanho<\/span><\/a><\/td>\n<td class=\"et2\">753-73-1<\/td>\n<\/tr>\n<tr style=\"height: 14.25pt;\">\n<td class=\"et3\" style=\"height: 14.25pt; width: 164.25pt;\" width=\"219\" height=\"19\"><a href=\"https:\/\/longchangchemical.com\/pt\/product\/monobutyltin-oxide-cas-2273-43-0\/\"><span class=\"font2\" style=\"color: #00ccff;\">\u00d3xido de monobutilestanho<\/span><\/a><\/td>\n<td class=\"et4\" style=\"width: 162.00pt;\" width=\"216\">2273-43-0<\/td>\n<\/tr>\n<tr style=\"height: 14.25pt;\">\n<td class=\"et3\" style=\"height: 14.25pt; width: 164.25pt;\" width=\"219\" height=\"19\"><a href=\"https:\/\/longchangchemical.com\/pt\/product\/dibutyltin-oxide-cas-818-08-6\/\"><span class=\"font2\" style=\"color: #00ccff;\">\u00d3xido de dibutilestanho<\/span><\/a><\/td>\n<td class=\"et4\" style=\"width: 162.00pt;\" width=\"216\">818-08-6<\/td>\n<\/tr>\n<tr style=\"height: 14.25pt;\">\n<td class=\"et3\" style=\"height: 14.25pt; width: 164.25pt;\" width=\"219\" height=\"19\"><a href=\"https:\/\/longchangchemical.com\/pt\/product\/tributyltin-oxide-cas-56-35-9\/\"><span class=\"font2\" style=\"color: #00ccff;\">\u00d3xido de tributilestanho<\/span><\/a><\/td>\n<td class=\"et4\" style=\"width: 162.00pt;\" width=\"216\">56-35-9<\/td>\n<\/tr>\n<tr style=\"height: 14.25pt;\">\n<td class=\"et4\" style=\"height: 14.25pt; width: 164.25pt;\" width=\"219\" height=\"19\"><a href=\"https:\/\/longchangchemical.com\/pt\/product\/tetrabutyl-tin-cas-1461-25-2\/\"><span style=\"color: #00ccff;\">Tetrabutyl Tin<\/span><\/a><\/td>\n<td class=\"et4\" style=\"width: 162.00pt;\" width=\"216\">1461-25-2<\/td>\n<\/tr>\n<tr style=\"height: 14.25pt;\">\n<td class=\"et3\" style=\"height: 14.25pt; width: 164.25pt;\" width=\"219\" height=\"19\"><a href=\"https:\/\/longchangchemical.com\/pt\/product\/butyltin-mercaptide-cas-26410-42-4\/\"><span class=\"font2\" style=\"color: #00ccff;\">Mercapt\u00eddeo de butilestanho<\/span><\/a><\/td>\n<td class=\"et4\" style=\"width: 162.00pt;\" width=\"216\">26410-42-4<\/td>\n<\/tr>\n<tr style=\"height: 14.25pt;\">\n<td class=\"et4\" style=\"height: 14.25pt; width: 164.25pt;\" width=\"219\" height=\"19\"><a href=\"https:\/\/longchangchemical.com\/pt\/product\/dibutyltin-diacetate-cas-1067-33-0\/\"><span style=\"color: #00ccff;\">Diacetato de dibutilestanho<\/span><\/a><\/td>\n<td class=\"et5\" style=\"width: 162.00pt;\" width=\"216\">1067-33-0<\/td>\n<\/tr>\n<tr style=\"height: 14.25pt;\">\n<td class=\"et3\" style=\"height: 14.25pt; width: 164.25pt;\" width=\"219\" height=\"19\"><a href=\"https:\/\/longchangchemical.com\/pt\/product\/dibutyltin-dilaurate-dbtdl-cas-77-58-7\/\"><span class=\"font2\" style=\"color: #00ccff;\">Dilaurato de dibutilestanho<\/span><\/a><\/td>\n<td class=\"et6\" style=\"width: 162.00pt;\" width=\"216\"><span class=\"font2\">77-58-7<\/span><\/td>\n<\/tr>\n<tr style=\"height: 15.00pt;\">\n<td class=\"et3\" style=\"height: 15.00pt; width: 164.25pt;\" width=\"219\" height=\"20\"><a href=\"https:\/\/longchangchemical.com\/pt\/product\/dibutyltin-maleate-cas-78-04-2\/\"><span class=\"font2\" style=\"color: #00ccff;\">Maleato de dibutilestanho<\/span><\/a><\/td>\n<td class=\"et7\" style=\"width: 162.00pt;\" width=\"216\">78-04-2<\/td>\n<\/tr>\n<tr style=\"height: 14.25pt;\">\n<td class=\"et3\" style=\"height: 14.25pt; width: 164.25pt;\" width=\"219\" height=\"19\"><a href=\"https:\/\/longchangchemical.com\/pt\/product\/monobutyltin-trichloride-cas-1118-46-3\/\"><span class=\"font2\" style=\"color: #00ccff;\">Tricloreto de monobutilestanho<\/span><\/a><\/td>\n<td class=\"et3\" style=\"width: 162.00pt;\" width=\"216\"><span class=\"font2\">1118-46-3<\/span><\/td>\n<\/tr>\n<tr style=\"height: 14.25pt;\">\n<td class=\"et3\" style=\"height: 14.25pt; width: 164.25pt;\" width=\"219\" height=\"19\"><a href=\"https:\/\/longchangchemical.com\/pt\/product\/dibutyltin-dichloride-cas-683-18-1\/\"><span class=\"font2\" style=\"color: #00ccff;\">Dicloreto de dibutilestanho<\/span><\/a><\/td>\n<td class=\"et3\" style=\"width: 162.00pt;\" width=\"216\"><span class=\"font2\">683-18-1<\/span><\/td>\n<\/tr>\n<tr style=\"height: 14.25pt;\">\n<td class=\"et3\" style=\"height: 14.25pt; width: 164.25pt;\" width=\"219\" height=\"19\"><a href=\"https:\/\/longchangchemical.com\/pt\/product\/tributyltin-chloride-cas-1461-22-9\/\"><span class=\"font2\" style=\"color: #00ccff;\">Cloreto de tributilestanho<\/span><\/a><\/td>\n<td class=\"et3\" style=\"width: 162.00pt;\" width=\"216\"><span class=\"font2\">1461-22-9<\/span><\/td>\n<\/tr>\n<tr style=\"height: 28.50pt;\">\n<td class=\"et3\" style=\"height: 28.50pt; width: 164.25pt;\" width=\"219\" height=\"38\"><a href=\"https:\/\/longchangchemical.com\/pt\/product\/butyltin-tris2-ethylhexanoate-cas-23850-94-4\/\"><span class=\"font2\" style=\"color: #00ccff;\">Tris(2-Etil-hexanoato) de butilestanho<\/span><\/a><\/td>\n<td class=\"et3\" style=\"width: 162.00pt;\" width=\"216\"><span class=\"font2\">23850-94-4<\/span><\/td>\n<\/tr>\n<tr style=\"height: 14.25pt;\">\n<td class=\"et3\" style=\"height: 14.25pt; width: 164.25pt;\" width=\"219\" height=\"19\"><a href=\"https:\/\/longchangchemical.com\/pt\/product\/di-n-octyltin-oxide-cas-870-08-6\/\"><span class=\"font2\" style=\"color: #00ccff;\">\u00d3xido de di-n-octilestanho<\/span><\/a><\/td>\n<td class=\"et3\" style=\"width: 162.00pt;\" width=\"216\"><span class=\"font2\">870-08-6<\/span><\/td>\n<\/tr>\n<tr style=\"height: 14.25pt;\">\n<td class=\"et3\" style=\"height: 14.25pt; width: 164.25pt;\" width=\"219\" height=\"19\"><a href=\"https:\/\/longchangchemical.com\/pt\/product\/dimethyldineodecanoatetin-cas-68928-76-7\/\"><span class=\"font2\" style=\"color: #00ccff;\">Dimetildineodecanoatetina<\/span><\/a><\/td>\n<td class=\"et3\" style=\"width: 162.00pt;\" width=\"216\"><span class=\"font2\">68928-76-7<\/span><\/td>\n<\/tr>\n<tr style=\"height: 14.25pt;\">\n<td class=\"et3\" style=\"height: 14.25pt; width: 164.25pt;\" width=\"219\" height=\"19\"><a href=\"https:\/\/longchangchemical.com\/pt\/product\/otm-cas-26401-97-8\/\"><span class=\"font2\" style=\"color: #00ccff;\">Mercapt\u00eddeo de octilestanho<\/span><\/a><\/td>\n<td class=\"et3\" style=\"width: 162.00pt;\" width=\"216\"><span class=\"font2\">26401-97-8<\/span><\/td>\n<\/tr>\n<\/tbody>\n<\/table>","protected":false},"excerpt":{"rendered":"<p style=\"margin: 0px 0px 20px; color: #4a4e57; font-family: Roboto;\">Nome qu\u00edmico: Tricloreto de butilestanho<\/p>\n<p style=\"margin: 0px 0px 20px; color: #4a4e57; font-family: Roboto;\">N\u00famero CAS: 1118-46-3<\/p>\n<p style=\"margin: 0px 0px 20px; color: #4a4e57; font-family: Roboto;\">F\u00f3rmula molecular: C4H9Cl3Sn<\/p>\n<p style=\"margin: 0px 0px 20px; color: #4a4e57; font-family: Roboto;\">Peso molecular: 282,18<\/p>\n<p style=\"margin: 0px 0px 20px; color: #4a4e57; font-family: Roboto;\">Apar\u00eancia: L\u00edquido marrom<\/p>\n<p style=\"margin: 0px 0px 20px; color: #4a4e57; font-family: Roboto;\">Ensaio: 99%min<\/p>","protected":false},"featured_media":6924,"comment_status":"closed","ping_status":"closed","template":"","meta":[],"product_brand":[],"product_cat":[113],"product_tag":[],"class_list":{"0":"post-6901","1":"product","2":"type-product","3":"status-publish","4":"has-post-thumbnail","6":"product_cat-organic-intermediate","8":"first","9":"instock","10":"shipping-taxable","11":"product-type-simple"},"yoast_head":"<!-- This site is optimized with the Yoast SEO plugin v25.3.1 - https:\/\/yoast.com\/wordpress\/plugins\/seo\/ -->\n<title>China Monobutyltin Trichloride CAS 1118-46-3 Manufacturer -Longchang Chemical<\/title>\n<meta name=\"description\" content=\"Monobutyltin Trichloride CAS 1118-46-3 is key product of LongChang Chemical. We provide best price. We are the leading manufacturer in China with the best quanlity and competitive price.\" \/>\n<meta name=\"robots\" content=\"index, follow, max-snippet:-1, max-image-preview:large, max-video-preview:-1\" \/>\n<link rel=\"canonical\" href=\"https:\/\/longchangchemical.com\/pt\/product\/monobutyltin-trichloride-cas-1118-46-3\/\" \/>\n<meta property=\"og:locale\" content=\"pt_BR\" \/>\n<meta property=\"og:type\" content=\"article\" \/>\n<meta property=\"og:title\" content=\"China Monobutyltin Trichloride CAS 1118-46-3 Manufacturer -Longchang Chemical\" \/>\n<meta property=\"og:description\" content=\"Monobutyltin Trichloride CAS 1118-46-3 is key product of LongChang Chemical. We provide best price. We are the leading manufacturer in China with the best quanlity and competitive price.\" \/>\n<meta property=\"og:url\" content=\"https:\/\/longchangchemical.com\/pt\/product\/monobutyltin-trichloride-cas-1118-46-3\/\" \/>\n<meta property=\"og:site_name\" content=\"Longchang Chemical\" \/>\n<meta property=\"article:modified_time\" content=\"2025-12-16T10:09:30+00:00\" \/>\n<meta property=\"og:image\" content=\"https:\/\/longchangchemical.com\/wp-content\/uploads\/2024\/05\/Monobutyltin-Trichloride.jpg\" \/>\n\t<meta property=\"og:image:width\" content=\"800\" \/>\n\t<meta property=\"og:image:height\" content=\"800\" \/>\n\t<meta property=\"og:image:type\" content=\"image\/jpeg\" \/>\n<meta name=\"twitter:card\" content=\"summary_large_image\" \/>\n<script type=\"application\/ld+json\" class=\"yoast-schema-graph\">{\"@context\":\"https:\/\/schema.org\",\"@graph\":[{\"@type\":\"WebPage\",\"@id\":\"https:\/\/longchangchemical.com\/product\/monobutyltin-trichloride-cas-1118-46-3\/\",\"url\":\"https:\/\/longchangchemical.com\/product\/monobutyltin-trichloride-cas-1118-46-3\/\",\"name\":\"China Monobutyltin Trichloride CAS 1118-46-3 Manufacturer -Longchang Chemical\",\"isPartOf\":{\"@id\":\"https:\/\/longchangchemical.com\/#website\"},\"primaryImageOfPage\":{\"@id\":\"https:\/\/longchangchemical.com\/product\/monobutyltin-trichloride-cas-1118-46-3\/#primaryimage\"},\"image\":{\"@id\":\"https:\/\/longchangchemical.com\/product\/monobutyltin-trichloride-cas-1118-46-3\/#primaryimage\"},\"thumbnailUrl\":\"https:\/\/longchangchemical.com\/wp-content\/uploads\/2024\/05\/Monobutyltin-Trichloride.jpg\",\"datePublished\":\"2024-05-10T00:51:08+00:00\",\"dateModified\":\"2025-12-16T10:09:30+00:00\",\"description\":\"Monobutyltin Trichloride CAS 1118-46-3 is key product of LongChang Chemical. We provide best price. We are the leading manufacturer in China with the best quanlity and competitive price.\",\"breadcrumb\":{\"@id\":\"https:\/\/longchangchemical.com\/product\/monobutyltin-trichloride-cas-1118-46-3\/#breadcrumb\"},\"inLanguage\":\"pt-BR\",\"potentialAction\":[{\"@type\":\"ReadAction\",\"target\":[\"https:\/\/longchangchemical.com\/product\/monobutyltin-trichloride-cas-1118-46-3\/\"]}]},{\"@type\":\"ImageObject\",\"inLanguage\":\"pt-BR\",\"@id\":\"https:\/\/longchangchemical.com\/product\/monobutyltin-trichloride-cas-1118-46-3\/#primaryimage\",\"url\":\"https:\/\/longchangchemical.com\/wp-content\/uploads\/2024\/05\/Monobutyltin-Trichloride.jpg\",\"contentUrl\":\"https:\/\/longchangchemical.com\/wp-content\/uploads\/2024\/05\/Monobutyltin-Trichloride.jpg\",\"width\":800,\"height\":800,\"caption\":\"Monobutyltin Trichloride CAS 1118-46-3\"},{\"@type\":\"BreadcrumbList\",\"@id\":\"https:\/\/longchangchemical.com\/product\/monobutyltin-trichloride-cas-1118-46-3\/#breadcrumb\",\"itemListElement\":[{\"@type\":\"ListItem\",\"position\":1,\"name\":\"Home\",\"item\":\"https:\/\/longchangchemical.com\/\"},{\"@type\":\"ListItem\",\"position\":2,\"name\":\"Products Longchang\",\"item\":\"https:\/\/longchangchemical.com\/product\/\"},{\"@type\":\"ListItem\",\"position\":3,\"name\":\"N-butyltin trichloride \/ Monobutyltin Trichloride CAS 1118-46-3\"}]},{\"@type\":\"WebSite\",\"@id\":\"https:\/\/longchangchemical.com\/#website\",\"url\":\"https:\/\/longchangchemical.com\/\",\"name\":\"Longchang Chemical\",\"description\":\"China chemical manufacturer \uff06 supplier\",\"publisher\":{\"@id\":\"https:\/\/longchangchemical.com\/#organization\"},\"potentialAction\":[{\"@type\":\"SearchAction\",\"target\":{\"@type\":\"EntryPoint\",\"urlTemplate\":\"https:\/\/longchangchemical.com\/?s={search_term_string}\"},\"query-input\":{\"@type\":\"PropertyValueSpecification\",\"valueRequired\":true,\"valueName\":\"search_term_string\"}}],\"inLanguage\":\"pt-BR\"},{\"@type\":\"Organization\",\"@id\":\"https:\/\/longchangchemical.com\/#organization\",\"name\":\"Longchang Chemical\",\"url\":\"https:\/\/longchangchemical.com\/\",\"logo\":{\"@type\":\"ImageObject\",\"inLanguage\":\"pt-BR\",\"@id\":\"https:\/\/longchangchemical.com\/#\/schema\/logo\/image\/\",\"url\":\"https:\/\/longchangchemical.com\/wp-content\/uploads\/2020\/08\/cropped-longchang-logo.png\",\"contentUrl\":\"https:\/\/longchangchemical.com\/wp-content\/uploads\/2020\/08\/cropped-longchang-logo.png\",\"width\":512,\"height\":512,\"caption\":\"Longchang Chemical\"},\"image\":{\"@id\":\"https:\/\/longchangchemical.com\/#\/schema\/logo\/image\/\"}}]}<\/script>\n<!-- \/ Yoast SEO plugin. -->","yoast_head_json":{"title":"Fabricante de tricloreto de monobutilestanho CAS 1118-46-3 na China - Longchang Chemical","description":"O Tricloreto de Monobutilestanho CAS 1118-46-3 \u00e9 o principal produto da LongChang Chemical. Oferecemos o melhor pre\u00e7o. Somos o principal fabricante na China, com a melhor qualidade e pre\u00e7o competitivo.","robots":{"index":"index","follow":"follow","max-snippet":"max-snippet:-1","max-image-preview":"max-image-preview:large","max-video-preview":"max-video-preview:-1"},"canonical":"https:\/\/longchangchemical.com\/pt\/product\/monobutyltin-trichloride-cas-1118-46-3\/","og_locale":"pt_BR","og_type":"article","og_title":"China Monobutyltin Trichloride CAS 1118-46-3 Manufacturer -Longchang Chemical","og_description":"Monobutyltin Trichloride CAS 1118-46-3 is key product of LongChang Chemical. We provide best price. We are the leading manufacturer in China with the best quanlity and competitive price.","og_url":"https:\/\/longchangchemical.com\/pt\/product\/monobutyltin-trichloride-cas-1118-46-3\/","og_site_name":"Longchang Chemical","article_modified_time":"2025-12-16T10:09:30+00:00","og_image":[{"width":800,"height":800,"url":"https:\/\/longchangchemical.com\/wp-content\/uploads\/2024\/05\/Monobutyltin-Trichloride.jpg","type":"image\/jpeg"}],"twitter_card":"summary_large_image","schema":{"@context":"https:\/\/schema.org","@graph":[{"@type":"WebPage","@id":"https:\/\/longchangchemical.com\/product\/monobutyltin-trichloride-cas-1118-46-3\/","url":"https:\/\/longchangchemical.com\/product\/monobutyltin-trichloride-cas-1118-46-3\/","name":"Fabricante de tricloreto de monobutilestanho CAS 1118-46-3 na China - Longchang Chemical","isPartOf":{"@id":"https:\/\/longchangchemical.com\/#website"},"primaryImageOfPage":{"@id":"https:\/\/longchangchemical.com\/product\/monobutyltin-trichloride-cas-1118-46-3\/#primaryimage"},"image":{"@id":"https:\/\/longchangchemical.com\/product\/monobutyltin-trichloride-cas-1118-46-3\/#primaryimage"},"thumbnailUrl":"https:\/\/longchangchemical.com\/wp-content\/uploads\/2024\/05\/Monobutyltin-Trichloride.jpg","datePublished":"2024-05-10T00:51:08+00:00","dateModified":"2025-12-16T10:09:30+00:00","description":"O Tricloreto de Monobutilestanho CAS 1118-46-3 \u00e9 o principal produto da LongChang Chemical. Oferecemos o melhor pre\u00e7o. Somos o principal fabricante na China, com a melhor qualidade e pre\u00e7o competitivo.","breadcrumb":{"@id":"https:\/\/longchangchemical.com\/product\/monobutyltin-trichloride-cas-1118-46-3\/#breadcrumb"},"inLanguage":"pt-BR","potentialAction":[{"@type":"ReadAction","target":["https:\/\/longchangchemical.com\/product\/monobutyltin-trichloride-cas-1118-46-3\/"]}]},{"@type":"ImageObject","inLanguage":"pt-BR","@id":"https:\/\/longchangchemical.com\/product\/monobutyltin-trichloride-cas-1118-46-3\/#primaryimage","url":"https:\/\/longchangchemical.com\/wp-content\/uploads\/2024\/05\/Monobutyltin-Trichloride.jpg","contentUrl":"https:\/\/longchangchemical.com\/wp-content\/uploads\/2024\/05\/Monobutyltin-Trichloride.jpg","width":800,"height":800,"caption":"Monobutyltin Trichloride CAS 1118-46-3"},{"@type":"BreadcrumbList","@id":"https:\/\/longchangchemical.com\/product\/monobutyltin-trichloride-cas-1118-46-3\/#breadcrumb","itemListElement":[{"@type":"ListItem","position":1,"name":"Home","item":"https:\/\/longchangchemical.com\/"},{"@type":"ListItem","position":2,"name":"Products Longchang","item":"https:\/\/longchangchemical.com\/product\/"},{"@type":"ListItem","position":3,"name":"N-butyltin trichloride \/ Monobutyltin Trichloride CAS 1118-46-3"}]},{"@type":"WebSite","@id":"https:\/\/longchangchemical.com\/#website","url":"https:\/\/longchangchemical.com\/","name":"Qu\u00edmica Longchang","description":"Fabricante de produtos qu\u00edmicos na China \uff06 fornecedor","publisher":{"@id":"https:\/\/longchangchemical.com\/#organization"},"potentialAction":[{"@type":"SearchAction","target":{"@type":"EntryPoint","urlTemplate":"https:\/\/longchangchemical.com\/?s={search_term_string}"},"query-input":{"@type":"PropertyValueSpecification","valueRequired":true,"valueName":"search_term_string"}}],"inLanguage":"pt-BR"},{"@type":"Organization","@id":"https:\/\/longchangchemical.com\/#organization","name":"Qu\u00edmica Longchang","url":"https:\/\/longchangchemical.com\/","logo":{"@type":"ImageObject","inLanguage":"pt-BR","@id":"https:\/\/longchangchemical.com\/#\/schema\/logo\/image\/","url":"https:\/\/longchangchemical.com\/wp-content\/uploads\/2020\/08\/cropped-longchang-logo.png","contentUrl":"https:\/\/longchangchemical.com\/wp-content\/uploads\/2020\/08\/cropped-longchang-logo.png","width":512,"height":512,"caption":"Longchang Chemical"},"image":{"@id":"https:\/\/longchangchemical.com\/#\/schema\/logo\/image\/"}}]}},"_links":{"self":[{"href":"https:\/\/longchangchemical.com\/pt\/wp-json\/wp\/v2\/product\/6901","targetHints":{"allow":["GET"]}}],"collection":[{"href":"https:\/\/longchangchemical.com\/pt\/wp-json\/wp\/v2\/product"}],"about":[{"href":"https:\/\/longchangchemical.com\/pt\/wp-json\/wp\/v2\/types\/product"}],"replies":[{"embeddable":true,"href":"https:\/\/longchangchemical.com\/pt\/wp-json\/wp\/v2\/comments?post=6901"}],"wp:featuredmedia":[{"embeddable":true,"href":"https:\/\/longchangchemical.com\/pt\/wp-json\/wp\/v2\/media\/6924"}],"wp:attachment":[{"href":"https:\/\/longchangchemical.com\/pt\/wp-json\/wp\/v2\/media?parent=6901"}],"wp:term":[{"taxonomy":"product_brand","embeddable":true,"href":"https:\/\/longchangchemical.com\/pt\/wp-json\/wp\/v2\/product_brand?post=6901"},{"taxonomy":"product_cat","embeddable":true,"href":"https:\/\/longchangchemical.com\/pt\/wp-json\/wp\/v2\/product_cat?post=6901"},{"taxonomy":"product_tag","embeddable":true,"href":"https:\/\/longchangchemical.com\/pt\/wp-json\/wp\/v2\/product_tag?post=6901"}],"curies":[{"name":"wp","href":"https:\/\/api.w.org\/{rel}","templated":true}]}}