{"id":6899,"date":"2024-05-10T00:33:02","date_gmt":"2024-05-10T00:33:02","guid":{"rendered":"https:\/\/longchangchemical.com\/?post_type=product&#038;p=6899"},"modified":"2026-01-12T06:18:28","modified_gmt":"2026-01-12T06:18:28","slug":"methacrylaldehyde-cas-78-85-3","status":"publish","type":"product","link":"https:\/\/longchangchemical.com\/pt\/product\/methacrylaldehyde-cas-78-85-3\/","title":{"rendered":"metacrilalde\u00eddo \/ metacrole\u00edna CAS 78-85-3"},"content":{"rendered":"<h1>metacrilalde\u00eddo \/ metacrole\u00edna CAS 78-85-3<\/h1>\n<p>Nome do produto: 2-Metilacrilalde\u00eddo 98%<br \/>\nN\u00famero CAS: 78-85-3<br \/>\nF\u00f3rmula molecular: C4H6O<br \/>\nF\u00f3rmula estrutural:<\/p>\n<p><img decoding=\"async\" src=\"http:\/\/www.jinghong-chem.com\/uFile\/121704\/image\/202381103624960.png\" alt=\"\" \/><\/p>\n<table style=\"border-collapse: collapse; width: 223.53pt;\" border=\"0\" width=\"298\" cellspacing=\"0\" cellpadding=\"0\">\n<tbody>\n<tr style=\"height: 15.00pt;\">\n<td class=\"et2\" style=\"height: 15.00pt; width: 90.00pt;\" width=\"120\" height=\"20\">Item<\/td>\n<td class=\"et2\" style=\"width: 133.50pt;\" width=\"178\">Indicador<\/td>\n<\/tr>\n<tr style=\"height: 29.25pt;\">\n<td class=\"et2\" style=\"height: 29.25pt; width: 90.00pt;\" width=\"120\" height=\"39\">Apar\u00eancia<\/td>\n<td class=\"et2\" style=\"width: 133.50pt;\" width=\"178\">L\u00edquido transparente levemente amarelado<\/td>\n<\/tr>\n<tr style=\"height: 15.00pt;\">\n<td class=\"et2\" style=\"height: 15.00pt; width: 90.00pt;\" width=\"120\" height=\"20\">Pureza<\/td>\n<td class=\"et2\" style=\"width: 133.50pt;\" width=\"178\"><span class=\"font1\">\u226598.0%<\/span><\/td>\n<\/tr>\n<\/tbody>\n<\/table>\n<h2><strong>Outro nome:<\/strong><\/h2>\n<p>2-Metil -2-propenal;<\/p>\n<p>Metacrole\u00edna;<\/p>\n<p>metacrilalde\u00eddo;<\/p>\n<p>Metil-2-propenal;<\/p>\n<p>&nbsp;<\/p>\n<h2><span style=\"color: #000000;\"><strong><b>Entre em contato conosco agora!<\/b><\/strong><\/span><\/h2>\n<h4><span style=\"color: #000000;\"><strong><b>Se precisar do Price, preencha suas informa\u00e7\u00f5es de contato no formul\u00e1rio abaixo. Normalmente, entraremos em contato dentro de 24 horas. Voc\u00ea tamb\u00e9m pode me enviar um e-mail <span style=\"color: #00ffff;\"><a style=\"color: #00ffff;\" href=\"mailto:info@longchangchemical.com\">info@longchangchemical.com<\/a><\/span> durante o hor\u00e1rio comercial (das 8h30 \u00e0s 18h UTC+8 de segunda a s\u00e1bado) ou use o bate-papo ao vivo do site para obter uma resposta imediata.<\/b><\/strong><\/span><\/h4>","protected":false},"excerpt":{"rendered":"<p>metacrilalde\u00eddo \/ metacrole\u00edna CAS 78-85-3 Nome do produto: 2-Methylacrylaldehyde 98% CAS No.: 78-85-3 F\u00f3rmula molecular: C4H6O F\u00f3rmula estrutural: Item Indicador Apar\u00eancia L\u00edquido transparente levemente amarelado Pureza \u226598,0% Outro nome: 2-Metil -2-propenal; metacrole\u00edna; metacrilalde\u00eddo; metil-2-propenal; Entre em contato conosco agora! Se precisar do Price, preencha suas informa\u00e7\u00f5es de contato no formul\u00e1rio abaixo. Normalmente, entraremos em contato [...]<\/p>","protected":false},"featured_media":6925,"comment_status":"closed","ping_status":"closed","template":"","meta":[],"product_brand":[],"product_cat":[154],"product_tag":[],"class_list":{"0":"post-6899","1":"product","2":"type-product","3":"status-publish","4":"has-post-thumbnail","6":"product_cat-solvent","8":"first","9":"instock","10":"shipping-taxable","11":"product-type-simple"},"yoast_head":"<!-- This site is optimized with the Yoast SEO plugin v25.3.1 - https:\/\/yoast.com\/wordpress\/plugins\/seo\/ -->\n<title>China methacrylaldehyde \/ Methacrolein CAS 78-85-3 Manufacturer - Longchang Chemical<\/title>\n<meta name=\"description\" content=\"methacrylaldehyde \/ Methacrolein CAS 78-85-3 is a key product of Longchang Chemical. We provide the best price. We are the leading manufacturer in China with the best quality and competitive price. Other Name: 2-Methyl -2-propenal; Methacrolein; methacrylaldehyde; Methyl-2-propenal;\u00a0\" \/>\n<meta name=\"robots\" content=\"index, follow, max-snippet:-1, max-image-preview:large, max-video-preview:-1\" \/>\n<link rel=\"canonical\" href=\"https:\/\/longchangchemical.com\/pt\/product\/methacrylaldehyde-cas-78-85-3\/\" \/>\n<meta property=\"og:locale\" content=\"pt_BR\" \/>\n<meta property=\"og:type\" content=\"article\" \/>\n<meta property=\"og:title\" content=\"China methacrylaldehyde \/ Methacrolein CAS 78-85-3 Manufacturer - Longchang Chemical\" \/>\n<meta property=\"og:description\" content=\"methacrylaldehyde \/ Methacrolein CAS 78-85-3 is a key product of Longchang Chemical. We provide the best price. We are the leading manufacturer in China with the best quality and competitive price. Other Name: 2-Methyl -2-propenal; Methacrolein; methacrylaldehyde; Methyl-2-propenal;\u00a0\" \/>\n<meta property=\"og:url\" content=\"https:\/\/longchangchemical.com\/pt\/product\/methacrylaldehyde-cas-78-85-3\/\" \/>\n<meta property=\"og:site_name\" content=\"Longchang Chemical\" \/>\n<meta property=\"article:modified_time\" content=\"2026-01-12T06:18:28+00:00\" \/>\n<meta property=\"og:image\" content=\"https:\/\/longchangchemical.com\/wp-content\/uploads\/2024\/04\/MethacrylaldehydeMethacrolein.jpg\" \/>\n\t<meta property=\"og:image:width\" content=\"800\" \/>\n\t<meta property=\"og:image:height\" content=\"800\" \/>\n\t<meta property=\"og:image:type\" content=\"image\/jpeg\" \/>\n<meta name=\"twitter:card\" content=\"summary_large_image\" \/>\n<script type=\"application\/ld+json\" class=\"yoast-schema-graph\">{\"@context\":\"https:\/\/schema.org\",\"@graph\":[{\"@type\":\"WebPage\",\"@id\":\"https:\/\/longchangchemical.com\/product\/methacrylaldehyde-cas-78-85-3\/\",\"url\":\"https:\/\/longchangchemical.com\/product\/methacrylaldehyde-cas-78-85-3\/\",\"name\":\"China methacrylaldehyde \/ Methacrolein CAS 78-85-3 Manufacturer - Longchang Chemical\",\"isPartOf\":{\"@id\":\"https:\/\/longchangchemical.com\/#website\"},\"primaryImageOfPage\":{\"@id\":\"https:\/\/longchangchemical.com\/product\/methacrylaldehyde-cas-78-85-3\/#primaryimage\"},\"image\":{\"@id\":\"https:\/\/longchangchemical.com\/product\/methacrylaldehyde-cas-78-85-3\/#primaryimage\"},\"thumbnailUrl\":\"https:\/\/longchangchemical.com\/wp-content\/uploads\/2024\/04\/MethacrylaldehydeMethacrolein.jpg\",\"datePublished\":\"2024-05-10T00:33:02+00:00\",\"dateModified\":\"2026-01-12T06:18:28+00:00\",\"description\":\"methacrylaldehyde \/ Methacrolein CAS 78-85-3 is a key product of Longchang Chemical. We provide the best price. We are the leading manufacturer in China with the best quality and competitive price. Other Name: 2-Methyl -2-propenal; Methacrolein; methacrylaldehyde; Methyl-2-propenal;\u00a0\",\"breadcrumb\":{\"@id\":\"https:\/\/longchangchemical.com\/product\/methacrylaldehyde-cas-78-85-3\/#breadcrumb\"},\"inLanguage\":\"pt-BR\",\"potentialAction\":[{\"@type\":\"ReadAction\",\"target\":[\"https:\/\/longchangchemical.com\/product\/methacrylaldehyde-cas-78-85-3\/\"]}]},{\"@type\":\"ImageObject\",\"inLanguage\":\"pt-BR\",\"@id\":\"https:\/\/longchangchemical.com\/product\/methacrylaldehyde-cas-78-85-3\/#primaryimage\",\"url\":\"https:\/\/longchangchemical.com\/wp-content\/uploads\/2024\/04\/MethacrylaldehydeMethacrolein.jpg\",\"contentUrl\":\"https:\/\/longchangchemical.com\/wp-content\/uploads\/2024\/04\/MethacrylaldehydeMethacrolein.jpg\",\"width\":800,\"height\":800,\"caption\":\"methacrylaldehyde \/ Methacrolein CAS 78-85-3\"},{\"@type\":\"BreadcrumbList\",\"@id\":\"https:\/\/longchangchemical.com\/product\/methacrylaldehyde-cas-78-85-3\/#breadcrumb\",\"itemListElement\":[{\"@type\":\"ListItem\",\"position\":1,\"name\":\"Home\",\"item\":\"https:\/\/longchangchemical.com\/\"},{\"@type\":\"ListItem\",\"position\":2,\"name\":\"Products Longchang\",\"item\":\"https:\/\/longchangchemical.com\/product\/\"},{\"@type\":\"ListItem\",\"position\":3,\"name\":\"methacrylaldehyde \/ Methacrolein CAS 78-85-3\"}]},{\"@type\":\"WebSite\",\"@id\":\"https:\/\/longchangchemical.com\/#website\",\"url\":\"https:\/\/longchangchemical.com\/\",\"name\":\"Longchang Chemical\",\"description\":\"China chemical manufacturer \uff06 supplier\",\"publisher\":{\"@id\":\"https:\/\/longchangchemical.com\/#organization\"},\"potentialAction\":[{\"@type\":\"SearchAction\",\"target\":{\"@type\":\"EntryPoint\",\"urlTemplate\":\"https:\/\/longchangchemical.com\/?s={search_term_string}\"},\"query-input\":{\"@type\":\"PropertyValueSpecification\",\"valueRequired\":true,\"valueName\":\"search_term_string\"}}],\"inLanguage\":\"pt-BR\"},{\"@type\":\"Organization\",\"@id\":\"https:\/\/longchangchemical.com\/#organization\",\"name\":\"Longchang Chemical\",\"url\":\"https:\/\/longchangchemical.com\/\",\"logo\":{\"@type\":\"ImageObject\",\"inLanguage\":\"pt-BR\",\"@id\":\"https:\/\/longchangchemical.com\/#\/schema\/logo\/image\/\",\"url\":\"https:\/\/longchangchemical.com\/wp-content\/uploads\/2020\/08\/cropped-longchang-logo.png\",\"contentUrl\":\"https:\/\/longchangchemical.com\/wp-content\/uploads\/2020\/08\/cropped-longchang-logo.png\",\"width\":512,\"height\":512,\"caption\":\"Longchang Chemical\"},\"image\":{\"@id\":\"https:\/\/longchangchemical.com\/#\/schema\/logo\/image\/\"}}]}<\/script>\n<!-- \/ Yoast SEO plugin. -->","yoast_head_json":{"title":"Fabricante de metacrilalde\u00eddo \/ metacrole\u00edna CAS 78-85-3 na China - Longchang Chemical","description":"metacrilalde\u00eddo \/ metacrole\u00edna CAS 78-85-3 \u00e9 um produto-chave da Longchang Chemical. Oferecemos o melhor pre\u00e7o. Somos o fabricante l\u00edder na China, com a melhor qualidade e pre\u00e7o competitivo. Outro nome: 2-Metil -2-propenal; metacrole\u00edna; metacrilalde\u00eddo; metil-2-propenal;\u00a0","robots":{"index":"index","follow":"follow","max-snippet":"max-snippet:-1","max-image-preview":"max-image-preview:large","max-video-preview":"max-video-preview:-1"},"canonical":"https:\/\/longchangchemical.com\/pt\/product\/methacrylaldehyde-cas-78-85-3\/","og_locale":"pt_BR","og_type":"article","og_title":"China methacrylaldehyde \/ Methacrolein CAS 78-85-3 Manufacturer - Longchang Chemical","og_description":"methacrylaldehyde \/ Methacrolein CAS 78-85-3 is a key product of Longchang Chemical. We provide the best price. We are the leading manufacturer in China with the best quality and competitive price. Other Name: 2-Methyl -2-propenal; Methacrolein; methacrylaldehyde; Methyl-2-propenal;\u00a0","og_url":"https:\/\/longchangchemical.com\/pt\/product\/methacrylaldehyde-cas-78-85-3\/","og_site_name":"Longchang Chemical","article_modified_time":"2026-01-12T06:18:28+00:00","og_image":[{"width":800,"height":800,"url":"https:\/\/longchangchemical.com\/wp-content\/uploads\/2024\/04\/MethacrylaldehydeMethacrolein.jpg","type":"image\/jpeg"}],"twitter_card":"summary_large_image","schema":{"@context":"https:\/\/schema.org","@graph":[{"@type":"WebPage","@id":"https:\/\/longchangchemical.com\/product\/methacrylaldehyde-cas-78-85-3\/","url":"https:\/\/longchangchemical.com\/product\/methacrylaldehyde-cas-78-85-3\/","name":"Fabricante de metacrilalde\u00eddo \/ metacrole\u00edna CAS 78-85-3 na China - Longchang Chemical","isPartOf":{"@id":"https:\/\/longchangchemical.com\/#website"},"primaryImageOfPage":{"@id":"https:\/\/longchangchemical.com\/product\/methacrylaldehyde-cas-78-85-3\/#primaryimage"},"image":{"@id":"https:\/\/longchangchemical.com\/product\/methacrylaldehyde-cas-78-85-3\/#primaryimage"},"thumbnailUrl":"https:\/\/longchangchemical.com\/wp-content\/uploads\/2024\/04\/MethacrylaldehydeMethacrolein.jpg","datePublished":"2024-05-10T00:33:02+00:00","dateModified":"2026-01-12T06:18:28+00:00","description":"metacrilalde\u00eddo \/ metacrole\u00edna CAS 78-85-3 \u00e9 um produto-chave da Longchang Chemical. Oferecemos o melhor pre\u00e7o. Somos o fabricante l\u00edder na China, com a melhor qualidade e pre\u00e7o competitivo. Outro nome: 2-Metil -2-propenal; metacrole\u00edna; metacrilalde\u00eddo; metil-2-propenal;\u00a0","breadcrumb":{"@id":"https:\/\/longchangchemical.com\/product\/methacrylaldehyde-cas-78-85-3\/#breadcrumb"},"inLanguage":"pt-BR","potentialAction":[{"@type":"ReadAction","target":["https:\/\/longchangchemical.com\/product\/methacrylaldehyde-cas-78-85-3\/"]}]},{"@type":"ImageObject","inLanguage":"pt-BR","@id":"https:\/\/longchangchemical.com\/product\/methacrylaldehyde-cas-78-85-3\/#primaryimage","url":"https:\/\/longchangchemical.com\/wp-content\/uploads\/2024\/04\/MethacrylaldehydeMethacrolein.jpg","contentUrl":"https:\/\/longchangchemical.com\/wp-content\/uploads\/2024\/04\/MethacrylaldehydeMethacrolein.jpg","width":800,"height":800,"caption":"methacrylaldehyde \/ Methacrolein CAS 78-85-3"},{"@type":"BreadcrumbList","@id":"https:\/\/longchangchemical.com\/product\/methacrylaldehyde-cas-78-85-3\/#breadcrumb","itemListElement":[{"@type":"ListItem","position":1,"name":"Home","item":"https:\/\/longchangchemical.com\/"},{"@type":"ListItem","position":2,"name":"Products Longchang","item":"https:\/\/longchangchemical.com\/product\/"},{"@type":"ListItem","position":3,"name":"methacrylaldehyde \/ Methacrolein CAS 78-85-3"}]},{"@type":"WebSite","@id":"https:\/\/longchangchemical.com\/#website","url":"https:\/\/longchangchemical.com\/","name":"Qu\u00edmica Longchang","description":"Fabricante de produtos qu\u00edmicos na China \uff06 fornecedor","publisher":{"@id":"https:\/\/longchangchemical.com\/#organization"},"potentialAction":[{"@type":"SearchAction","target":{"@type":"EntryPoint","urlTemplate":"https:\/\/longchangchemical.com\/?s={search_term_string}"},"query-input":{"@type":"PropertyValueSpecification","valueRequired":true,"valueName":"search_term_string"}}],"inLanguage":"pt-BR"},{"@type":"Organization","@id":"https:\/\/longchangchemical.com\/#organization","name":"Qu\u00edmica Longchang","url":"https:\/\/longchangchemical.com\/","logo":{"@type":"ImageObject","inLanguage":"pt-BR","@id":"https:\/\/longchangchemical.com\/#\/schema\/logo\/image\/","url":"https:\/\/longchangchemical.com\/wp-content\/uploads\/2020\/08\/cropped-longchang-logo.png","contentUrl":"https:\/\/longchangchemical.com\/wp-content\/uploads\/2020\/08\/cropped-longchang-logo.png","width":512,"height":512,"caption":"Longchang Chemical"},"image":{"@id":"https:\/\/longchangchemical.com\/#\/schema\/logo\/image\/"}}]}},"_links":{"self":[{"href":"https:\/\/longchangchemical.com\/pt\/wp-json\/wp\/v2\/product\/6899","targetHints":{"allow":["GET"]}}],"collection":[{"href":"https:\/\/longchangchemical.com\/pt\/wp-json\/wp\/v2\/product"}],"about":[{"href":"https:\/\/longchangchemical.com\/pt\/wp-json\/wp\/v2\/types\/product"}],"replies":[{"embeddable":true,"href":"https:\/\/longchangchemical.com\/pt\/wp-json\/wp\/v2\/comments?post=6899"}],"wp:featuredmedia":[{"embeddable":true,"href":"https:\/\/longchangchemical.com\/pt\/wp-json\/wp\/v2\/media\/6925"}],"wp:attachment":[{"href":"https:\/\/longchangchemical.com\/pt\/wp-json\/wp\/v2\/media?parent=6899"}],"wp:term":[{"taxonomy":"product_brand","embeddable":true,"href":"https:\/\/longchangchemical.com\/pt\/wp-json\/wp\/v2\/product_brand?post=6899"},{"taxonomy":"product_cat","embeddable":true,"href":"https:\/\/longchangchemical.com\/pt\/wp-json\/wp\/v2\/product_cat?post=6899"},{"taxonomy":"product_tag","embeddable":true,"href":"https:\/\/longchangchemical.com\/pt\/wp-json\/wp\/v2\/product_tag?post=6899"}],"curies":[{"name":"wp","href":"https:\/\/api.w.org\/{rel}","templated":true}]}}