{"id":6893,"date":"2024-04-29T01:51:00","date_gmt":"2024-04-29T01:51:00","guid":{"rendered":"https:\/\/longchangchemical.com\/?post_type=product&#038;p=6893"},"modified":"2025-12-17T02:07:40","modified_gmt":"2025-12-17T02:07:40","slug":"stannous-chloride-anhydrous-cas-7772-99-8","status":"publish","type":"product","link":"https:\/\/longchangchemical.com\/pt\/product\/stannous-chloride-anhydrous-cas-7772-99-8\/","title":{"rendered":"Cloreto estanoso anidro CAS 7772-99-8"},"content":{"rendered":"<h1>Cloreto estanoso anidro CAS 7772-99-8<\/h1>\n<h1 style=\"font-family: Roboto; font-weight: var(--h2_typography-font-weight); line-height: var(--h2_typography-line-height); font-size: var(--h2_typography-font-size); color: var(--h2_typography-color); margin-top: var(--h2_typography-margin-top); margin-bottom: var(--h2_typography-margin-bottom);\">F\u00f3rmula molecular:Cl2Sn<\/h1>\n<h1 style=\"font-family: Roboto; font-weight: var(--h2_typography-font-weight); line-height: var(--h2_typography-line-height); font-size: var(--h2_typography-font-size); color: var(--h2_typography-color); margin-top: var(--h2_typography-margin-top); margin-bottom: var(--h2_typography-margin-bottom);\">Peso molecular: 189,62<\/h1>\n<p style=\"margin: 0px 0px 20px; color: #4a4e57; font-family: Roboto;\">Apar\u00eancia: p\u00f3 branco<\/p>\n<p style=\"margin: 0px 0px 20px; color: #4a4e57; font-family: Roboto;\">Conte\u00fado: 99%<\/p>\n<p style=\"margin: 0px 0px 20px; color: #4a4e57; font-family: Roboto;\"><span style=\"font-weight: bolder;\">Cloreto estanoso anidroPropriedades t\u00edpicas<\/span><\/p>\n<table class=\"table-1\" style=\"max-width: 100%; border-collapse: collapse; border-spacing: 0px; --awb-margin-top: 0; --awb-margin-right: 0; --awb-margin-bottom: 0; --awb-margin-left: 0; margin: var(--awb-margin-top) var(--awb-margin-right) var(--awb-margin-bottom) var(--awb-margin-left); color: #4a4e57; font-family: Roboto; width: 540.781px;\" cellspacing=\"0\">\n<tbody>\n<tr>\n<td style=\"border: 1px solid #dcdcdc; padding: 10px 20px; width: 271.858px;\"><span style=\"font-weight: bolder;\">Item<\/span><\/td>\n<td style=\"border: 1px solid #dcdcdc; padding: 10px 20px; width: 169.809px;\"><span style=\"font-weight: bolder;\">Especifica\u00e7\u00f5es<\/span><\/td>\n<td style=\"border: 1px solid #dcdcdc; padding: 10px 20px; width: 98.0035px;\"><span style=\"font-weight: bolder;\">Resultados<\/span><\/td>\n<\/tr>\n<tr style=\"background: #f6f6f6;\">\n<td style=\"border: 1px solid #dcdcdc; padding: 10px 20px; width: 271.858px;\">SnCl2%<\/td>\n<td style=\"border: 1px solid #dcdcdc; padding: 10px 20px; width: 169.809px;\">\u226598.5%<\/td>\n<td style=\"border: 1px solid #dcdcdc; padding: 10px 20px; width: 98.0035px;\">99.38<\/td>\n<\/tr>\n<tr>\n<td style=\"border: 1px solid #dcdcdc; padding: 10px 20px; width: 271.858px;\">Cu%<\/td>\n<td style=\"border: 1px solid #dcdcdc; padding: 10px 20px; width: 169.809px;\">\u22640.002<\/td>\n<td style=\"border: 1px solid #dcdcdc; padding: 10px 20px; width: 98.0035px;\">0.0002<\/td>\n<\/tr>\n<tr style=\"background: #f6f6f6;\">\n<td style=\"border: 1px solid #dcdcdc; padding: 10px 20px; width: 271.858px;\">Pb%<\/td>\n<td style=\"border: 1px solid #dcdcdc; padding: 10px 20px; width: 169.809px;\">\u22640.03<\/td>\n<td style=\"border: 1px solid #dcdcdc; padding: 10px 20px; width: 98.0035px;\">0.0032<\/td>\n<\/tr>\n<tr>\n<td style=\"border: 1px solid #dcdcdc; padding: 10px 20px; width: 271.858px;\">Fe%<\/td>\n<td style=\"border: 1px solid #dcdcdc; padding: 10px 20px; width: 169.809px;\">\u22640.03<\/td>\n<td style=\"border: 1px solid #dcdcdc; padding: 10px 20px; width: 98.0035px;\">0.0047<\/td>\n<\/tr>\n<tr style=\"background: #f6f6f6;\">\n<td style=\"border: 1px solid #dcdcdc; padding: 10px 20px; width: 271.858px;\">SnO4<sup>2-<\/sup>%<\/td>\n<td style=\"border: 1px solid #dcdcdc; padding: 10px 20px; width: 169.809px;\">\u22640.1<\/td>\n<td style=\"border: 1px solid #dcdcdc; padding: 10px 20px; width: 98.0035px;\">0.0008<\/td>\n<\/tr>\n<tr>\n<td style=\"border: 1px solid #dcdcdc; padding: 10px 20px; width: 271.858px;\">Metal alcalino Metal alcalino-terroso (K Na)%<\/td>\n<td style=\"border: 1px solid #dcdcdc; padding: 10px 20px; width: 169.809px;\">\u22640.1<\/td>\n<td style=\"border: 1px solid #dcdcdc; padding: 10px 20px; width: 98.0035px;\">0.010<\/td>\n<\/tr>\n<tr style=\"background: #f6f6f6;\">\n<td style=\"border: 1px solid #dcdcdc; padding: 10px 20px; width: 271.858px;\">Perda por queima%<\/td>\n<td style=\"border: 1px solid #dcdcdc; padding: 10px 20px; width: 169.809px;\">\u22640.5<\/td>\n<td style=\"border: 1px solid #dcdcdc; padding: 10px 20px; width: 98.0035px;\">0.2750<\/td>\n<\/tr>\n<tr>\n<td style=\"border: 1px solid #dcdcdc; padding: 10px 20px; width: 271.858px;\">Conclus\u00e3o<\/td>\n<td style=\"border: 1px solid #dcdcdc; padding: 10px 20px; width: 267.812px;\" colspan=\"2\">Os resultados est\u00e3o em conformidade com os padr\u00f5es empresariais<\/td>\n<\/tr>\n<\/tbody>\n<\/table>\n<p style=\"margin: 0px 0px 20px; color: #4a4e57; font-family: Roboto;\"><span style=\"font-weight: bolder;\">Cloreto Estanoso anidro Uso<\/span><\/p>\n<p style=\"margin: 0px 0px 20px; color: #4a4e57; font-family: Roboto;\">Usado para a determina\u00e7\u00e3o de prata, ars\u00eanico, molibd\u00eanio, etc., tamb\u00e9m usado como mordente, agente redutor.<\/p>\n<p style=\"margin: 0px 0px 20px; color: #4a4e57; font-family: Roboto;\"><span style=\"font-weight: bolder;\">Cloreto Estanoso anidro Embalagem<\/span><\/p>\n<p style=\"margin: 0px 0px 20px; color: #4a4e57; font-family: Roboto;\">25 kg\/tambor<\/p>\n<h2><strong>Outro nome:<\/strong><\/h2>\n<p>diclorostanano;<br \/>\ndiclorotina;<br \/>\nEstocat 150;<br \/>\nCloreto Estanoso anidro;<br \/>\nCloreto estanoso;<br \/>\nCLORETO ESTANOSO;<br \/>\ncloreto de estanho;<br \/>\nDicloreto de estanho;<br \/>\nCloreto de estanho II;<\/p>\n<h3>Entre em contato conosco agora!<\/h3>\n<h3>Se precisar de pre\u00e7os ou testes de amostras, envie um e-mail para <span style=\"color: #0267c1;\"><a style=\"color: #0267c1;\" href=\"mailto:info@longchangchemical.com\"><strong>info@longchangchemical.com<\/strong><\/a><\/span>ou use o bate-papo ao vivo do site para obter uma resposta imediata.<\/h3>","protected":false},"excerpt":{"rendered":"<p style=\"margin: 0px 0px 20px; color: #4a4e57; font-family: Roboto;\">Nome qu\u00edmico: Cloreto Estanoso anidro<\/p>\n<p style=\"margin: 0px 0px 20px; color: #4a4e57; font-family: Roboto;\">CAS: 7772-99-8<\/p>\n<p style=\"margin: 0px 0px 20px; color: #4a4e57; font-family: Roboto;\">Apar\u00eancia: P\u00f3 branco<\/p>\n<p style=\"margin: 0px 0px 20px; color: #4a4e57; font-family: Roboto;\">Conte\u00fado: 99%<\/p>","protected":false},"featured_media":6913,"comment_status":"closed","ping_status":"closed","template":"","meta":[],"product_brand":[],"product_cat":[113],"product_tag":[],"class_list":{"0":"post-6893","1":"product","2":"type-product","3":"status-publish","4":"has-post-thumbnail","6":"product_cat-organic-intermediate","8":"first","9":"instock","10":"shipping-taxable","11":"product-type-simple"},"yoast_head":"<!-- This site is optimized with the Yoast SEO plugin v25.3.1 - https:\/\/yoast.com\/wordpress\/plugins\/seo\/ -->\n<title>China Stannous Chloride anhydrous cas 7772-99-8 Manufacturer CAS 7772-99-8 -Longchang Chemical<\/title>\n<meta name=\"description\" content=\"Stannous Chloride anhydrous is key product of LongChang Chemical. We provide best price. We are the leading manufacturer in China with the best quanlity and competitive price. Other Name: dichlorostannane;\u00a0dichlorotin;\u00a0Estocat 150;\u00a0Stannous Chloride anhydrous;\u00a0Stannous chloride;\u00a0STANNOUS CHLORIDE;\u00a0tin chloride;\u00a0Tin dichloride;\u00a0TinII chloride;\u00a0\" \/>\n<meta name=\"robots\" content=\"index, follow, max-snippet:-1, max-image-preview:large, max-video-preview:-1\" \/>\n<link rel=\"canonical\" href=\"https:\/\/longchangchemical.com\/pt\/product\/stannous-chloride-anhydrous-cas-7772-99-8\/\" \/>\n<meta property=\"og:locale\" content=\"pt_BR\" \/>\n<meta property=\"og:type\" content=\"article\" \/>\n<meta property=\"og:title\" content=\"China Stannous Chloride anhydrous cas 7772-99-8 Manufacturer CAS 7772-99-8 -Longchang Chemical\" \/>\n<meta property=\"og:description\" content=\"Stannous Chloride anhydrous is key product of LongChang Chemical. We provide best price. We are the leading manufacturer in China with the best quanlity and competitive price. Other Name: dichlorostannane;\u00a0dichlorotin;\u00a0Estocat 150;\u00a0Stannous Chloride anhydrous;\u00a0Stannous chloride;\u00a0STANNOUS CHLORIDE;\u00a0tin chloride;\u00a0Tin dichloride;\u00a0TinII chloride;\u00a0\" \/>\n<meta property=\"og:url\" content=\"https:\/\/longchangchemical.com\/pt\/product\/stannous-chloride-anhydrous-cas-7772-99-8\/\" \/>\n<meta property=\"og:site_name\" content=\"Longchang Chemical\" \/>\n<meta property=\"article:modified_time\" content=\"2025-12-17T02:07:40+00:00\" \/>\n<meta property=\"og:image\" content=\"https:\/\/longchangchemical.com\/wp-content\/uploads\/2024\/04\/Stannous-Chloride-Anhydrous.jpg\" \/>\n\t<meta property=\"og:image:width\" content=\"800\" \/>\n\t<meta property=\"og:image:height\" content=\"800\" \/>\n\t<meta property=\"og:image:type\" content=\"image\/jpeg\" \/>\n<meta name=\"twitter:card\" content=\"summary_large_image\" \/>\n<script type=\"application\/ld+json\" class=\"yoast-schema-graph\">{\"@context\":\"https:\/\/schema.org\",\"@graph\":[{\"@type\":\"WebPage\",\"@id\":\"https:\/\/longchangchemical.com\/product\/stannous-chloride-anhydrous-cas-7772-99-8\/\",\"url\":\"https:\/\/longchangchemical.com\/product\/stannous-chloride-anhydrous-cas-7772-99-8\/\",\"name\":\"China Stannous Chloride anhydrous cas 7772-99-8 Manufacturer CAS 7772-99-8 -Longchang Chemical\",\"isPartOf\":{\"@id\":\"https:\/\/longchangchemical.com\/#website\"},\"primaryImageOfPage\":{\"@id\":\"https:\/\/longchangchemical.com\/product\/stannous-chloride-anhydrous-cas-7772-99-8\/#primaryimage\"},\"image\":{\"@id\":\"https:\/\/longchangchemical.com\/product\/stannous-chloride-anhydrous-cas-7772-99-8\/#primaryimage\"},\"thumbnailUrl\":\"https:\/\/longchangchemical.com\/wp-content\/uploads\/2024\/04\/Stannous-Chloride-Anhydrous.jpg\",\"datePublished\":\"2024-04-29T01:51:00+00:00\",\"dateModified\":\"2025-12-17T02:07:40+00:00\",\"description\":\"Stannous Chloride anhydrous is key product of LongChang Chemical. We provide best price. We are the leading manufacturer in China with the best quanlity and competitive price. Other Name: dichlorostannane;\u00a0dichlorotin;\u00a0Estocat 150;\u00a0Stannous Chloride anhydrous;\u00a0Stannous chloride;\u00a0STANNOUS CHLORIDE;\u00a0tin chloride;\u00a0Tin dichloride;\u00a0TinII chloride;\u00a0\",\"breadcrumb\":{\"@id\":\"https:\/\/longchangchemical.com\/product\/stannous-chloride-anhydrous-cas-7772-99-8\/#breadcrumb\"},\"inLanguage\":\"pt-BR\",\"potentialAction\":[{\"@type\":\"ReadAction\",\"target\":[\"https:\/\/longchangchemical.com\/product\/stannous-chloride-anhydrous-cas-7772-99-8\/\"]}]},{\"@type\":\"ImageObject\",\"inLanguage\":\"pt-BR\",\"@id\":\"https:\/\/longchangchemical.com\/product\/stannous-chloride-anhydrous-cas-7772-99-8\/#primaryimage\",\"url\":\"https:\/\/longchangchemical.com\/wp-content\/uploads\/2024\/04\/Stannous-Chloride-Anhydrous.jpg\",\"contentUrl\":\"https:\/\/longchangchemical.com\/wp-content\/uploads\/2024\/04\/Stannous-Chloride-Anhydrous.jpg\",\"width\":800,\"height\":800},{\"@type\":\"BreadcrumbList\",\"@id\":\"https:\/\/longchangchemical.com\/product\/stannous-chloride-anhydrous-cas-7772-99-8\/#breadcrumb\",\"itemListElement\":[{\"@type\":\"ListItem\",\"position\":1,\"name\":\"Home\",\"item\":\"https:\/\/longchangchemical.com\/\"},{\"@type\":\"ListItem\",\"position\":2,\"name\":\"Products Longchang\",\"item\":\"https:\/\/longchangchemical.com\/product\/\"},{\"@type\":\"ListItem\",\"position\":3,\"name\":\"Stannous Chloride anhydrous CAS 7772-99-8\"}]},{\"@type\":\"WebSite\",\"@id\":\"https:\/\/longchangchemical.com\/#website\",\"url\":\"https:\/\/longchangchemical.com\/\",\"name\":\"Longchang Chemical\",\"description\":\"China chemical manufacturer \uff06 supplier\",\"publisher\":{\"@id\":\"https:\/\/longchangchemical.com\/#organization\"},\"potentialAction\":[{\"@type\":\"SearchAction\",\"target\":{\"@type\":\"EntryPoint\",\"urlTemplate\":\"https:\/\/longchangchemical.com\/?s={search_term_string}\"},\"query-input\":{\"@type\":\"PropertyValueSpecification\",\"valueRequired\":true,\"valueName\":\"search_term_string\"}}],\"inLanguage\":\"pt-BR\"},{\"@type\":\"Organization\",\"@id\":\"https:\/\/longchangchemical.com\/#organization\",\"name\":\"Longchang Chemical\",\"url\":\"https:\/\/longchangchemical.com\/\",\"logo\":{\"@type\":\"ImageObject\",\"inLanguage\":\"pt-BR\",\"@id\":\"https:\/\/longchangchemical.com\/#\/schema\/logo\/image\/\",\"url\":\"https:\/\/longchangchemical.com\/wp-content\/uploads\/2020\/08\/cropped-longchang-logo.png\",\"contentUrl\":\"https:\/\/longchangchemical.com\/wp-content\/uploads\/2020\/08\/cropped-longchang-logo.png\",\"width\":512,\"height\":512,\"caption\":\"Longchang Chemical\"},\"image\":{\"@id\":\"https:\/\/longchangchemical.com\/#\/schema\/logo\/image\/\"}}]}<\/script>\n<!-- \/ Yoast SEO plugin. -->","yoast_head_json":{"title":"Cloreto estanoso anidro cas 7772-99-8 Fabricante CAS 7772-99-8 - Longchang Chemical","description":"Stannous Chloride anhydrous \u00e9 o principal produto da LongChang Chemical. Oferecemos o melhor pre\u00e7o. Somos o principal fabricante na China, com a melhor qualidade e pre\u00e7o competitivo. Outros nomes: diclorostannane; dichlorotin; Estocat 150; Stannous Chloride anhydrous; Stannous chloride; STANNOUS CHLORIDE; tin chloride; Tin dichloride; TinII chloride;\u00a0","robots":{"index":"index","follow":"follow","max-snippet":"max-snippet:-1","max-image-preview":"max-image-preview:large","max-video-preview":"max-video-preview:-1"},"canonical":"https:\/\/longchangchemical.com\/pt\/product\/stannous-chloride-anhydrous-cas-7772-99-8\/","og_locale":"pt_BR","og_type":"article","og_title":"China Stannous Chloride anhydrous cas 7772-99-8 Manufacturer CAS 7772-99-8 -Longchang Chemical","og_description":"Stannous Chloride anhydrous is key product of LongChang Chemical. We provide best price. We are the leading manufacturer in China with the best quanlity and competitive price. Other Name: dichlorostannane;\u00a0dichlorotin;\u00a0Estocat 150;\u00a0Stannous Chloride anhydrous;\u00a0Stannous chloride;\u00a0STANNOUS CHLORIDE;\u00a0tin chloride;\u00a0Tin dichloride;\u00a0TinII chloride;\u00a0","og_url":"https:\/\/longchangchemical.com\/pt\/product\/stannous-chloride-anhydrous-cas-7772-99-8\/","og_site_name":"Longchang Chemical","article_modified_time":"2025-12-17T02:07:40+00:00","og_image":[{"width":800,"height":800,"url":"https:\/\/longchangchemical.com\/wp-content\/uploads\/2024\/04\/Stannous-Chloride-Anhydrous.jpg","type":"image\/jpeg"}],"twitter_card":"summary_large_image","schema":{"@context":"https:\/\/schema.org","@graph":[{"@type":"WebPage","@id":"https:\/\/longchangchemical.com\/product\/stannous-chloride-anhydrous-cas-7772-99-8\/","url":"https:\/\/longchangchemical.com\/product\/stannous-chloride-anhydrous-cas-7772-99-8\/","name":"Cloreto estanoso anidro cas 7772-99-8 Fabricante CAS 7772-99-8 - Longchang Chemical","isPartOf":{"@id":"https:\/\/longchangchemical.com\/#website"},"primaryImageOfPage":{"@id":"https:\/\/longchangchemical.com\/product\/stannous-chloride-anhydrous-cas-7772-99-8\/#primaryimage"},"image":{"@id":"https:\/\/longchangchemical.com\/product\/stannous-chloride-anhydrous-cas-7772-99-8\/#primaryimage"},"thumbnailUrl":"https:\/\/longchangchemical.com\/wp-content\/uploads\/2024\/04\/Stannous-Chloride-Anhydrous.jpg","datePublished":"2024-04-29T01:51:00+00:00","dateModified":"2025-12-17T02:07:40+00:00","description":"Stannous Chloride anhydrous \u00e9 o principal produto da LongChang Chemical. Oferecemos o melhor pre\u00e7o. Somos o principal fabricante na China, com a melhor qualidade e pre\u00e7o competitivo. Outros nomes: diclorostannane; dichlorotin; Estocat 150; Stannous Chloride anhydrous; Stannous chloride; STANNOUS CHLORIDE; tin chloride; Tin dichloride; TinII chloride;\u00a0","breadcrumb":{"@id":"https:\/\/longchangchemical.com\/product\/stannous-chloride-anhydrous-cas-7772-99-8\/#breadcrumb"},"inLanguage":"pt-BR","potentialAction":[{"@type":"ReadAction","target":["https:\/\/longchangchemical.com\/product\/stannous-chloride-anhydrous-cas-7772-99-8\/"]}]},{"@type":"ImageObject","inLanguage":"pt-BR","@id":"https:\/\/longchangchemical.com\/product\/stannous-chloride-anhydrous-cas-7772-99-8\/#primaryimage","url":"https:\/\/longchangchemical.com\/wp-content\/uploads\/2024\/04\/Stannous-Chloride-Anhydrous.jpg","contentUrl":"https:\/\/longchangchemical.com\/wp-content\/uploads\/2024\/04\/Stannous-Chloride-Anhydrous.jpg","width":800,"height":800},{"@type":"BreadcrumbList","@id":"https:\/\/longchangchemical.com\/product\/stannous-chloride-anhydrous-cas-7772-99-8\/#breadcrumb","itemListElement":[{"@type":"ListItem","position":1,"name":"Home","item":"https:\/\/longchangchemical.com\/"},{"@type":"ListItem","position":2,"name":"Products Longchang","item":"https:\/\/longchangchemical.com\/product\/"},{"@type":"ListItem","position":3,"name":"Stannous Chloride anhydrous CAS 7772-99-8"}]},{"@type":"WebSite","@id":"https:\/\/longchangchemical.com\/#website","url":"https:\/\/longchangchemical.com\/","name":"Qu\u00edmica Longchang","description":"Fabricante de produtos qu\u00edmicos na China \uff06 fornecedor","publisher":{"@id":"https:\/\/longchangchemical.com\/#organization"},"potentialAction":[{"@type":"SearchAction","target":{"@type":"EntryPoint","urlTemplate":"https:\/\/longchangchemical.com\/?s={search_term_string}"},"query-input":{"@type":"PropertyValueSpecification","valueRequired":true,"valueName":"search_term_string"}}],"inLanguage":"pt-BR"},{"@type":"Organization","@id":"https:\/\/longchangchemical.com\/#organization","name":"Qu\u00edmica Longchang","url":"https:\/\/longchangchemical.com\/","logo":{"@type":"ImageObject","inLanguage":"pt-BR","@id":"https:\/\/longchangchemical.com\/#\/schema\/logo\/image\/","url":"https:\/\/longchangchemical.com\/wp-content\/uploads\/2020\/08\/cropped-longchang-logo.png","contentUrl":"https:\/\/longchangchemical.com\/wp-content\/uploads\/2020\/08\/cropped-longchang-logo.png","width":512,"height":512,"caption":"Longchang Chemical"},"image":{"@id":"https:\/\/longchangchemical.com\/#\/schema\/logo\/image\/"}}]}},"_links":{"self":[{"href":"https:\/\/longchangchemical.com\/pt\/wp-json\/wp\/v2\/product\/6893","targetHints":{"allow":["GET"]}}],"collection":[{"href":"https:\/\/longchangchemical.com\/pt\/wp-json\/wp\/v2\/product"}],"about":[{"href":"https:\/\/longchangchemical.com\/pt\/wp-json\/wp\/v2\/types\/product"}],"replies":[{"embeddable":true,"href":"https:\/\/longchangchemical.com\/pt\/wp-json\/wp\/v2\/comments?post=6893"}],"wp:featuredmedia":[{"embeddable":true,"href":"https:\/\/longchangchemical.com\/pt\/wp-json\/wp\/v2\/media\/6913"}],"wp:attachment":[{"href":"https:\/\/longchangchemical.com\/pt\/wp-json\/wp\/v2\/media?parent=6893"}],"wp:term":[{"taxonomy":"product_brand","embeddable":true,"href":"https:\/\/longchangchemical.com\/pt\/wp-json\/wp\/v2\/product_brand?post=6893"},{"taxonomy":"product_cat","embeddable":true,"href":"https:\/\/longchangchemical.com\/pt\/wp-json\/wp\/v2\/product_cat?post=6893"},{"taxonomy":"product_tag","embeddable":true,"href":"https:\/\/longchangchemical.com\/pt\/wp-json\/wp\/v2\/product_tag?post=6893"}],"curies":[{"name":"wp","href":"https:\/\/api.w.org\/{rel}","templated":true}]}}