{"id":6890,"date":"2024-07-18T09:46:57","date_gmt":"2024-07-18T09:46:57","guid":{"rendered":"https:\/\/longchangchemical.com\/?post_type=product&#038;p=6890"},"modified":"2025-12-16T09:23:00","modified_gmt":"2025-12-16T09:23:00","slug":"dibutyltin-oxide-cas-818-08-6","status":"publish","type":"product","link":"https:\/\/longchangchemical.com\/pt\/product\/dibutyltin-oxide-cas-818-08-6\/","title":{"rendered":"\u00d3xido de dibutilestanho CAS 818-08-6"},"content":{"rendered":"<h1><strong>\u00d3xido de dibutilestanho CAS 818-08-6<\/strong><\/h1>\n<p>\u00d3xido de di-n-butilestanho. Suas propriedades s\u00e3o as seguintes:<\/p>\n<p>&nbsp;<\/p>\n<p>1. Apar\u00eancia: o \u00f3xido de dibutilestanho \u00e9 um l\u00edquido ou s\u00f3lido incolor a amarelo-claro.<\/p>\n<p>&nbsp;<\/p>\n<p>3. Densidade: A densidade \u00e9 de aproximadamente 1,32 g\/mL.<\/p>\n<p>&nbsp;<\/p>\n<p>4. Solubilidade: \u00c9 sol\u00favel em solventes org\u00e2nicos, como benzeno, etanol e cloreto de metileno.<\/p>\n<p>&nbsp;<\/p>\n<p>Os principais usos do \u00f3xido de dibutilestanho s\u00e3o os seguintes:<\/p>\n<p>&nbsp;<\/p>\n<p>1. conservante: pode ser usado como inibidor de corros\u00e3o para superf\u00edcies met\u00e1licas e pode fornecer prote\u00e7\u00e3o para metais e prolongar sua vida \u00fatil.<\/p>\n<p>&nbsp;<\/p>\n<p>2. Catalisador: \u00e9 frequentemente usado como um composto organoest\u00e2nico como catalisador para rea\u00e7\u00f5es de esterifica\u00e7\u00e3o e oxida\u00e7\u00e3o de \u00e1lcoois.<\/p>\n<p>&nbsp;<\/p>\n<p>3. lubrificante: com suas propriedades lubrificantes, o \u00f3xido de dibutilestanho pode ser usado na fabrica\u00e7\u00e3o de graxa e \u00f3leo lubrificante para proporcionar lubrifica\u00e7\u00e3o e prote\u00e7\u00e3o contra corros\u00e3o.<\/p>\n<p>&nbsp;<\/p>\n<p>Prepara\u00e7\u00e3o: O \u00f3xido de di-n-butilestanho pode ser preparado pela rea\u00e7\u00e3o de n-butil l\u00edtio e n-butilestanho clorado. O n-butil l\u00edtio reage com o n-butilestanho clorado para formar um composto de di-n-butil l\u00edtio, que reage com o oxig\u00eanio do ar para formar o \u00f3xido de di-n-butilestanho.<\/p>\n<p>&nbsp;<\/p>\n<p>INFORMA\u00c7\u00d5ES DE SEGURAN\u00c7A: O \u00f3xido de di-n-butilestanho tem baixa toxicidade para os seres humanos e para o meio ambiente em temperatura ambiente, mas ainda assim \u00e9 necess\u00e1rio um manuseio cuidadoso. Em caso de contato com a pele, olhos ou inala\u00e7\u00e3o, lave imediatamente com \u00e1gua em abund\u00e2ncia e procure assist\u00eancia m\u00e9dica. Evite o contato com fontes de igni\u00e7\u00e3o e mantenha uma boa ventila\u00e7\u00e3o durante o uso.<\/p>\n<h2><strong><b>Entre em contato conosco agora!<\/b><\/strong><\/h2>\n<h4><strong><b>Se precisar do Price, preencha suas informa\u00e7\u00f5es de contato no formul\u00e1rio abaixo. Normalmente, entraremos em contato dentro de 24 horas. Voc\u00ea tamb\u00e9m pode me enviar um e-mail\u00a0<span style=\"color: #00ccff;\"><a style=\"color: #00ccff;\" href=\"mailto:info@longchangchemical.com\">info@longchangchemical.com<\/a><\/span>\u00a0durante o hor\u00e1rio comercial (das 8h30 \u00e0s 18h UTC+8 de segunda a s\u00e1bado) ou use o bate-papo ao vivo do site para obter uma resposta imediata.<\/b><\/strong><\/h4>\n<p>&nbsp;<\/p>\n<table class=\"aligncenter\" style=\"border-collapse: collapse; width: 326.27pt;\" border=\"0\" width=\"435\" cellspacing=\"0\" cellpadding=\"0\">\n<tbody>\n<tr style=\"height: 13.50pt;\">\n<td class=\"et2\" style=\"height: 13.50pt; width: 164.25pt;\" width=\"219\" height=\"18\"><a href=\"https:\/\/longchangchemical.com\/pt\/product\/stannous-chloride-anhydrous-cas-7772-99-8\/\"><span style=\"color: #00ccff;\">Cloreto estanoso anidro<\/span><\/a><\/td>\n<td class=\"et2\" style=\"width: 162.00pt;\" width=\"216\">7772-99-8<\/td>\n<\/tr>\n<tr style=\"height: 13.50pt;\">\n<td class=\"et2\" style=\"height: 13.50pt;\" height=\"18\"><a href=\"https:\/\/longchangchemical.com\/pt\/product\/dimethyltin-dichloride-cas-753-73-1\/\"><span style=\"color: #00ccff;\">Dicloreto de dimetilestanho<\/span><\/a><\/td>\n<td class=\"et2\">753-73-1<\/td>\n<\/tr>\n<tr style=\"height: 14.25pt;\">\n<td class=\"et3\" style=\"height: 14.25pt; width: 164.25pt;\" width=\"219\" height=\"19\"><a href=\"https:\/\/longchangchemical.com\/pt\/product\/monobutyltin-oxide-cas-2273-43-0\/\"><span class=\"font2\" style=\"color: #00ccff;\">\u00d3xido de monobutilestanho<\/span><\/a><\/td>\n<td class=\"et4\" style=\"width: 162.00pt;\" width=\"216\">2273-43-0<\/td>\n<\/tr>\n<tr style=\"height: 14.25pt;\">\n<td class=\"et3\" style=\"height: 14.25pt; width: 164.25pt;\" width=\"219\" height=\"19\"><a href=\"https:\/\/longchangchemical.com\/pt\/product\/dibutyltin-oxide-cas-818-08-6\/\"><span class=\"font2\" style=\"color: #00ccff;\">\u00d3xido de dibutilestanho<\/span><\/a><\/td>\n<td class=\"et4\" style=\"width: 162.00pt;\" width=\"216\">818-08-6<\/td>\n<\/tr>\n<tr style=\"height: 14.25pt;\">\n<td class=\"et3\" style=\"height: 14.25pt; width: 164.25pt;\" width=\"219\" height=\"19\"><a href=\"https:\/\/longchangchemical.com\/pt\/product\/tributyltin-oxide-cas-56-35-9\/\"><span class=\"font2\" style=\"color: #00ccff;\">\u00d3xido de tributilestanho<\/span><\/a><\/td>\n<td class=\"et4\" style=\"width: 162.00pt;\" width=\"216\">56-35-9<\/td>\n<\/tr>\n<tr style=\"height: 14.25pt;\">\n<td class=\"et4\" style=\"height: 14.25pt; width: 164.25pt;\" width=\"219\" height=\"19\"><a href=\"https:\/\/longchangchemical.com\/pt\/product\/tetrabutyl-tin-cas-1461-25-2\/\"><span style=\"color: #00ccff;\">Tetrabutyl Tin<\/span><\/a><\/td>\n<td class=\"et4\" style=\"width: 162.00pt;\" width=\"216\">1461-25-2<\/td>\n<\/tr>\n<tr style=\"height: 14.25pt;\">\n<td class=\"et3\" style=\"height: 14.25pt; width: 164.25pt;\" width=\"219\" height=\"19\"><a href=\"https:\/\/longchangchemical.com\/pt\/product\/butyltin-mercaptide-cas-26410-42-4\/\"><span class=\"font2\" style=\"color: #00ccff;\">Mercapt\u00eddeo de butilestanho<\/span><\/a><\/td>\n<td class=\"et4\" style=\"width: 162.00pt;\" width=\"216\">26410-42-4<\/td>\n<\/tr>\n<tr style=\"height: 14.25pt;\">\n<td class=\"et4\" style=\"height: 14.25pt; width: 164.25pt;\" width=\"219\" height=\"19\"><a href=\"https:\/\/longchangchemical.com\/pt\/product\/dibutyltin-diacetate-cas-1067-33-0\/\"><span style=\"color: #00ccff;\">Diacetato de dibutilestanho<\/span><\/a><\/td>\n<td class=\"et5\" style=\"width: 162.00pt;\" width=\"216\">1067-33-0<\/td>\n<\/tr>\n<tr style=\"height: 14.25pt;\">\n<td class=\"et3\" style=\"height: 14.25pt; width: 164.25pt;\" width=\"219\" height=\"19\"><a href=\"https:\/\/longchangchemical.com\/pt\/product\/dibutyltin-dilaurate-dbtdl-cas-77-58-7\/\"><span class=\"font2\" style=\"color: #00ccff;\">Dilaurato de dibutilestanho<\/span><\/a><\/td>\n<td class=\"et6\" style=\"width: 162.00pt;\" width=\"216\"><span class=\"font2\">77-58-7<\/span><\/td>\n<\/tr>\n<tr style=\"height: 15.00pt;\">\n<td class=\"et3\" style=\"height: 15.00pt; width: 164.25pt;\" width=\"219\" height=\"20\"><a href=\"https:\/\/longchangchemical.com\/pt\/product\/dibutyltin-maleate-cas-78-04-2\/\"><span class=\"font2\" style=\"color: #00ccff;\">Maleato de dibutilestanho<\/span><\/a><\/td>\n<td class=\"et7\" style=\"width: 162.00pt;\" width=\"216\">78-04-2<\/td>\n<\/tr>\n<tr style=\"height: 14.25pt;\">\n<td class=\"et3\" style=\"height: 14.25pt; width: 164.25pt;\" width=\"219\" height=\"19\"><a href=\"https:\/\/longchangchemical.com\/pt\/product\/monobutyltin-trichloride-cas-1118-46-3\/\"><span class=\"font2\" style=\"color: #00ccff;\">Tricloreto de monobutilestanho<\/span><\/a><\/td>\n<td class=\"et3\" style=\"width: 162.00pt;\" width=\"216\"><span class=\"font2\">1118-46-3<\/span><\/td>\n<\/tr>\n<tr style=\"height: 14.25pt;\">\n<td class=\"et3\" style=\"height: 14.25pt; width: 164.25pt;\" width=\"219\" height=\"19\"><a href=\"https:\/\/longchangchemical.com\/pt\/product\/dibutyltin-dichloride-cas-683-18-1\/\"><span class=\"font2\" style=\"color: #00ccff;\">Dicloreto de dibutilestanho<\/span><\/a><\/td>\n<td class=\"et3\" style=\"width: 162.00pt;\" width=\"216\"><span class=\"font2\">683-18-1<\/span><\/td>\n<\/tr>\n<tr style=\"height: 14.25pt;\">\n<td class=\"et3\" style=\"height: 14.25pt; width: 164.25pt;\" width=\"219\" height=\"19\"><a href=\"https:\/\/longchangchemical.com\/pt\/product\/tributyltin-chloride-cas-1461-22-9\/\"><span class=\"font2\" style=\"color: #00ccff;\">Cloreto de tributilestanho<\/span><\/a><\/td>\n<td class=\"et3\" style=\"width: 162.00pt;\" width=\"216\"><span class=\"font2\">1461-22-9<\/span><\/td>\n<\/tr>\n<tr style=\"height: 28.50pt;\">\n<td class=\"et3\" style=\"height: 28.50pt; width: 164.25pt;\" width=\"219\" height=\"38\"><a href=\"https:\/\/longchangchemical.com\/pt\/product\/butyltin-tris2-ethylhexanoate-cas-23850-94-4\/\"><span class=\"font2\" style=\"color: #00ccff;\">Tris(2-Etil-hexanoato) de butilestanho<\/span><\/a><\/td>\n<td class=\"et3\" style=\"width: 162.00pt;\" width=\"216\"><span class=\"font2\">23850-94-4<\/span><\/td>\n<\/tr>\n<tr style=\"height: 14.25pt;\">\n<td class=\"et3\" style=\"height: 14.25pt; width: 164.25pt;\" width=\"219\" height=\"19\"><a href=\"https:\/\/longchangchemical.com\/pt\/product\/di-n-octyltin-oxide-cas-870-08-6\/\"><span class=\"font2\" style=\"color: #00ccff;\">\u00d3xido de di-n-octilestanho<\/span><\/a><\/td>\n<td class=\"et3\" style=\"width: 162.00pt;\" width=\"216\"><span class=\"font2\">870-08-6<\/span><\/td>\n<\/tr>\n<tr style=\"height: 14.25pt;\">\n<td class=\"et3\" style=\"height: 14.25pt; width: 164.25pt;\" width=\"219\" height=\"19\"><a href=\"https:\/\/longchangchemical.com\/pt\/product\/dimethyldineodecanoatetin-cas-68928-76-7\/\"><span class=\"font2\" style=\"color: #00ccff;\">Dimetildineodecanoatetina<\/span><\/a><\/td>\n<td class=\"et3\" style=\"width: 162.00pt;\" width=\"216\"><span class=\"font2\">68928-76-7<\/span><\/td>\n<\/tr>\n<tr style=\"height: 14.25pt;\">\n<td class=\"et3\" style=\"height: 14.25pt; width: 164.25pt;\" width=\"219\" height=\"19\"><a href=\"https:\/\/longchangchemical.com\/pt\/product\/otm-cas-26401-97-8\/\"><span class=\"font2\" style=\"color: #00ccff;\">Mercapt\u00eddeo de octilestanho<\/span><\/a><\/td>\n<td class=\"et3\" style=\"width: 162.00pt;\" width=\"216\"><span class=\"font2\">26401-97-8<\/span><\/td>\n<\/tr>\n<\/tbody>\n<\/table>","protected":false},"excerpt":{"rendered":"<p>\u00d3xido de dibutilestanho CAS 818-08-6 \u00d3xido de di-n-butilestanho. Suas propriedades s\u00e3o as seguintes:   1. Apar\u00eancia: o \u00f3xido de dibutilestanho \u00e9 um l\u00edquido ou s\u00f3lido incolor a amarelo-claro.   3. Densidade: A densidade \u00e9 de aproximadamente 1,32 g\/mL.   4. Solubilidade: \u00c9 sol\u00favel em solventes org\u00e2nicos, como benzeno, etanol e cloreto de metileno.   Os principais usos do [...]<\/p>","protected":false},"featured_media":6915,"comment_status":"closed","ping_status":"closed","template":"","meta":[],"product_brand":[],"product_cat":[113],"product_tag":[],"class_list":{"0":"post-6890","1":"product","2":"type-product","3":"status-publish","4":"has-post-thumbnail","6":"product_cat-organic-intermediate","8":"first","9":"instock","10":"shipping-taxable","11":"product-type-simple"},"yoast_head":"<!-- This site is optimized with the Yoast SEO plugin v25.3.1 - https:\/\/yoast.com\/wordpress\/plugins\/seo\/ -->\n<title>China Dibutyltin Oxide CAS 818-08-6 Manufacturer - Longchang Chemical<\/title>\n<meta name=\"description\" content=\"Dibutyltin Oxide CAS 818-08-6 is key product of LongChang Chemical. We provide best price. We are the leading manufacturer in China with the best quanlity and competitive price.\" \/>\n<meta name=\"robots\" content=\"index, follow, max-snippet:-1, max-image-preview:large, max-video-preview:-1\" \/>\n<link rel=\"canonical\" href=\"https:\/\/longchangchemical.com\/pt\/product\/dibutyltin-oxide-cas-818-08-6\/\" \/>\n<meta property=\"og:locale\" content=\"pt_BR\" \/>\n<meta property=\"og:type\" content=\"article\" \/>\n<meta property=\"og:title\" content=\"China Dibutyltin Oxide CAS 818-08-6 Manufacturer - Longchang Chemical\" \/>\n<meta property=\"og:description\" content=\"Dibutyltin Oxide CAS 818-08-6 is key product of LongChang Chemical. We provide best price. We are the leading manufacturer in China with the best quanlity and competitive price.\" \/>\n<meta property=\"og:url\" content=\"https:\/\/longchangchemical.com\/pt\/product\/dibutyltin-oxide-cas-818-08-6\/\" \/>\n<meta property=\"og:site_name\" content=\"Longchang Chemical\" \/>\n<meta property=\"article:modified_time\" content=\"2025-12-16T09:23:00+00:00\" \/>\n<meta property=\"og:image\" content=\"https:\/\/longchangchemical.com\/wp-content\/uploads\/2024\/04\/Dibutyltin-Oxide.jpg\" \/>\n\t<meta property=\"og:image:width\" content=\"800\" \/>\n\t<meta property=\"og:image:height\" content=\"800\" \/>\n\t<meta property=\"og:image:type\" content=\"image\/jpeg\" \/>\n<meta name=\"twitter:card\" content=\"summary_large_image\" \/>\n<script type=\"application\/ld+json\" class=\"yoast-schema-graph\">{\"@context\":\"https:\/\/schema.org\",\"@graph\":[{\"@type\":\"WebPage\",\"@id\":\"https:\/\/longchangchemical.com\/product\/dibutyltin-oxide-cas-818-08-6\/\",\"url\":\"https:\/\/longchangchemical.com\/product\/dibutyltin-oxide-cas-818-08-6\/\",\"name\":\"China Dibutyltin Oxide CAS 818-08-6 Manufacturer - Longchang Chemical\",\"isPartOf\":{\"@id\":\"https:\/\/longchangchemical.com\/#website\"},\"primaryImageOfPage\":{\"@id\":\"https:\/\/longchangchemical.com\/product\/dibutyltin-oxide-cas-818-08-6\/#primaryimage\"},\"image\":{\"@id\":\"https:\/\/longchangchemical.com\/product\/dibutyltin-oxide-cas-818-08-6\/#primaryimage\"},\"thumbnailUrl\":\"https:\/\/longchangchemical.com\/wp-content\/uploads\/2024\/04\/Dibutyltin-Oxide.jpg\",\"datePublished\":\"2024-07-18T09:46:57+00:00\",\"dateModified\":\"2025-12-16T09:23:00+00:00\",\"description\":\"Dibutyltin Oxide CAS 818-08-6 is key product of LongChang Chemical. We provide best price. We are the leading manufacturer in China with the best quanlity and competitive price.\",\"breadcrumb\":{\"@id\":\"https:\/\/longchangchemical.com\/product\/dibutyltin-oxide-cas-818-08-6\/#breadcrumb\"},\"inLanguage\":\"pt-BR\",\"potentialAction\":[{\"@type\":\"ReadAction\",\"target\":[\"https:\/\/longchangchemical.com\/product\/dibutyltin-oxide-cas-818-08-6\/\"]}]},{\"@type\":\"ImageObject\",\"inLanguage\":\"pt-BR\",\"@id\":\"https:\/\/longchangchemical.com\/product\/dibutyltin-oxide-cas-818-08-6\/#primaryimage\",\"url\":\"https:\/\/longchangchemical.com\/wp-content\/uploads\/2024\/04\/Dibutyltin-Oxide.jpg\",\"contentUrl\":\"https:\/\/longchangchemical.com\/wp-content\/uploads\/2024\/04\/Dibutyltin-Oxide.jpg\",\"width\":800,\"height\":800,\"caption\":\"Dibutyltin Oxide CAS 818-08-6\"},{\"@type\":\"BreadcrumbList\",\"@id\":\"https:\/\/longchangchemical.com\/product\/dibutyltin-oxide-cas-818-08-6\/#breadcrumb\",\"itemListElement\":[{\"@type\":\"ListItem\",\"position\":1,\"name\":\"Home\",\"item\":\"https:\/\/longchangchemical.com\/\"},{\"@type\":\"ListItem\",\"position\":2,\"name\":\"Products Longchang\",\"item\":\"https:\/\/longchangchemical.com\/product\/\"},{\"@type\":\"ListItem\",\"position\":3,\"name\":\"Dibutyltin Oxide CAS 818-08-6\"}]},{\"@type\":\"WebSite\",\"@id\":\"https:\/\/longchangchemical.com\/#website\",\"url\":\"https:\/\/longchangchemical.com\/\",\"name\":\"Longchang Chemical\",\"description\":\"China chemical manufacturer \uff06 supplier\",\"publisher\":{\"@id\":\"https:\/\/longchangchemical.com\/#organization\"},\"potentialAction\":[{\"@type\":\"SearchAction\",\"target\":{\"@type\":\"EntryPoint\",\"urlTemplate\":\"https:\/\/longchangchemical.com\/?s={search_term_string}\"},\"query-input\":{\"@type\":\"PropertyValueSpecification\",\"valueRequired\":true,\"valueName\":\"search_term_string\"}}],\"inLanguage\":\"pt-BR\"},{\"@type\":\"Organization\",\"@id\":\"https:\/\/longchangchemical.com\/#organization\",\"name\":\"Longchang Chemical\",\"url\":\"https:\/\/longchangchemical.com\/\",\"logo\":{\"@type\":\"ImageObject\",\"inLanguage\":\"pt-BR\",\"@id\":\"https:\/\/longchangchemical.com\/#\/schema\/logo\/image\/\",\"url\":\"https:\/\/longchangchemical.com\/wp-content\/uploads\/2020\/08\/cropped-longchang-logo.png\",\"contentUrl\":\"https:\/\/longchangchemical.com\/wp-content\/uploads\/2020\/08\/cropped-longchang-logo.png\",\"width\":512,\"height\":512,\"caption\":\"Longchang Chemical\"},\"image\":{\"@id\":\"https:\/\/longchangchemical.com\/#\/schema\/logo\/image\/\"}}]}<\/script>\n<!-- \/ Yoast SEO plugin. -->","yoast_head_json":{"title":"Fabricante de \u00f3xido de dibutilestanho CAS 818-08-6 na China - Longchang Chemical","description":"O \u00f3xido de dibutilestanho CAS 818-08-6 \u00e9 o principal produto da LongChang Chemical. Oferecemos o melhor pre\u00e7o. Somos o principal fabricante na China, com a melhor qualidade e pre\u00e7o competitivo.","robots":{"index":"index","follow":"follow","max-snippet":"max-snippet:-1","max-image-preview":"max-image-preview:large","max-video-preview":"max-video-preview:-1"},"canonical":"https:\/\/longchangchemical.com\/pt\/product\/dibutyltin-oxide-cas-818-08-6\/","og_locale":"pt_BR","og_type":"article","og_title":"China Dibutyltin Oxide CAS 818-08-6 Manufacturer - Longchang Chemical","og_description":"Dibutyltin Oxide CAS 818-08-6 is key product of LongChang Chemical. We provide best price. We are the leading manufacturer in China with the best quanlity and competitive price.","og_url":"https:\/\/longchangchemical.com\/pt\/product\/dibutyltin-oxide-cas-818-08-6\/","og_site_name":"Longchang Chemical","article_modified_time":"2025-12-16T09:23:00+00:00","og_image":[{"width":800,"height":800,"url":"https:\/\/longchangchemical.com\/wp-content\/uploads\/2024\/04\/Dibutyltin-Oxide.jpg","type":"image\/jpeg"}],"twitter_card":"summary_large_image","schema":{"@context":"https:\/\/schema.org","@graph":[{"@type":"WebPage","@id":"https:\/\/longchangchemical.com\/product\/dibutyltin-oxide-cas-818-08-6\/","url":"https:\/\/longchangchemical.com\/product\/dibutyltin-oxide-cas-818-08-6\/","name":"Fabricante de \u00f3xido de dibutilestanho CAS 818-08-6 na China - Longchang Chemical","isPartOf":{"@id":"https:\/\/longchangchemical.com\/#website"},"primaryImageOfPage":{"@id":"https:\/\/longchangchemical.com\/product\/dibutyltin-oxide-cas-818-08-6\/#primaryimage"},"image":{"@id":"https:\/\/longchangchemical.com\/product\/dibutyltin-oxide-cas-818-08-6\/#primaryimage"},"thumbnailUrl":"https:\/\/longchangchemical.com\/wp-content\/uploads\/2024\/04\/Dibutyltin-Oxide.jpg","datePublished":"2024-07-18T09:46:57+00:00","dateModified":"2025-12-16T09:23:00+00:00","description":"O \u00f3xido de dibutilestanho CAS 818-08-6 \u00e9 o principal produto da LongChang Chemical. Oferecemos o melhor pre\u00e7o. Somos o principal fabricante na China, com a melhor qualidade e pre\u00e7o competitivo.","breadcrumb":{"@id":"https:\/\/longchangchemical.com\/product\/dibutyltin-oxide-cas-818-08-6\/#breadcrumb"},"inLanguage":"pt-BR","potentialAction":[{"@type":"ReadAction","target":["https:\/\/longchangchemical.com\/product\/dibutyltin-oxide-cas-818-08-6\/"]}]},{"@type":"ImageObject","inLanguage":"pt-BR","@id":"https:\/\/longchangchemical.com\/product\/dibutyltin-oxide-cas-818-08-6\/#primaryimage","url":"https:\/\/longchangchemical.com\/wp-content\/uploads\/2024\/04\/Dibutyltin-Oxide.jpg","contentUrl":"https:\/\/longchangchemical.com\/wp-content\/uploads\/2024\/04\/Dibutyltin-Oxide.jpg","width":800,"height":800,"caption":"Dibutyltin Oxide CAS 818-08-6"},{"@type":"BreadcrumbList","@id":"https:\/\/longchangchemical.com\/product\/dibutyltin-oxide-cas-818-08-6\/#breadcrumb","itemListElement":[{"@type":"ListItem","position":1,"name":"Home","item":"https:\/\/longchangchemical.com\/"},{"@type":"ListItem","position":2,"name":"Products Longchang","item":"https:\/\/longchangchemical.com\/product\/"},{"@type":"ListItem","position":3,"name":"Dibutyltin Oxide CAS 818-08-6"}]},{"@type":"WebSite","@id":"https:\/\/longchangchemical.com\/#website","url":"https:\/\/longchangchemical.com\/","name":"Qu\u00edmica Longchang","description":"Fabricante de produtos qu\u00edmicos na China \uff06 fornecedor","publisher":{"@id":"https:\/\/longchangchemical.com\/#organization"},"potentialAction":[{"@type":"SearchAction","target":{"@type":"EntryPoint","urlTemplate":"https:\/\/longchangchemical.com\/?s={search_term_string}"},"query-input":{"@type":"PropertyValueSpecification","valueRequired":true,"valueName":"search_term_string"}}],"inLanguage":"pt-BR"},{"@type":"Organization","@id":"https:\/\/longchangchemical.com\/#organization","name":"Qu\u00edmica Longchang","url":"https:\/\/longchangchemical.com\/","logo":{"@type":"ImageObject","inLanguage":"pt-BR","@id":"https:\/\/longchangchemical.com\/#\/schema\/logo\/image\/","url":"https:\/\/longchangchemical.com\/wp-content\/uploads\/2020\/08\/cropped-longchang-logo.png","contentUrl":"https:\/\/longchangchemical.com\/wp-content\/uploads\/2020\/08\/cropped-longchang-logo.png","width":512,"height":512,"caption":"Longchang Chemical"},"image":{"@id":"https:\/\/longchangchemical.com\/#\/schema\/logo\/image\/"}}]}},"_links":{"self":[{"href":"https:\/\/longchangchemical.com\/pt\/wp-json\/wp\/v2\/product\/6890","targetHints":{"allow":["GET"]}}],"collection":[{"href":"https:\/\/longchangchemical.com\/pt\/wp-json\/wp\/v2\/product"}],"about":[{"href":"https:\/\/longchangchemical.com\/pt\/wp-json\/wp\/v2\/types\/product"}],"replies":[{"embeddable":true,"href":"https:\/\/longchangchemical.com\/pt\/wp-json\/wp\/v2\/comments?post=6890"}],"wp:featuredmedia":[{"embeddable":true,"href":"https:\/\/longchangchemical.com\/pt\/wp-json\/wp\/v2\/media\/6915"}],"wp:attachment":[{"href":"https:\/\/longchangchemical.com\/pt\/wp-json\/wp\/v2\/media?parent=6890"}],"wp:term":[{"taxonomy":"product_brand","embeddable":true,"href":"https:\/\/longchangchemical.com\/pt\/wp-json\/wp\/v2\/product_brand?post=6890"},{"taxonomy":"product_cat","embeddable":true,"href":"https:\/\/longchangchemical.com\/pt\/wp-json\/wp\/v2\/product_cat?post=6890"},{"taxonomy":"product_tag","embeddable":true,"href":"https:\/\/longchangchemical.com\/pt\/wp-json\/wp\/v2\/product_tag?post=6890"}],"curies":[{"name":"wp","href":"https:\/\/api.w.org\/{rel}","templated":true}]}}