{"id":6889,"date":"2024-05-23T06:14:37","date_gmt":"2024-05-23T06:14:37","guid":{"rendered":"https:\/\/longchangchemical.com\/?post_type=product&#038;p=6889"},"modified":"2025-12-16T09:28:07","modified_gmt":"2025-12-16T09:28:07","slug":"monobutyltin-oxide-cas-2273-43-0","status":"publish","type":"product","link":"https:\/\/longchangchemical.com\/pt\/product\/monobutyltin-oxide-cas-2273-43-0\/","title":{"rendered":"\u00d3xido de monobutilestanho CAS 2273-43-0"},"content":{"rendered":"<p>&nbsp;<\/p>\n<h2>Usos do \u00f3xido de monobutilestanho:<\/h2>\n<p>&nbsp;<\/p>\n<p>P\u00f3 branco com sabor especial, insol\u00favel em \u00e1gua e na maioria dos solventes org\u00e2nicos, sol\u00favel em bases fortes e \u00e1cidos minerais.<\/p>\n<p>&nbsp;<\/p>\n<p>Usado na s\u00edntese de poli\u00e9ster saturado para revestimentos em p\u00f3, revestimentos de bobinas (a\u00e7o), tintas isolantes, etc.; usado na s\u00edntese de poli\u00e9ster insaturado; usado na s\u00edntese de PBT<\/p>\n<p>&nbsp;<\/p>\n<p>S\u00edntese de resinas de engenharia e outros produtos de rea\u00e7\u00e3o de esterifica\u00e7\u00e3o e troca de \u00e9steres.<\/p>\n<p>&nbsp;<\/p>\n<h2>\u00d3xido de monobutilestanho Armazenamento e transporte:<\/h2>\n<p>&nbsp;<\/p>\n<p>Deve ser lacrado e armazenado em um dep\u00f3sito seco, fresco e ventilado<\/p>\n<p>&nbsp;<\/p>\n<h2>Embalagem de \u00f3xido de monobutilestanho:<\/h2>\n<p>&nbsp;<\/p>\n<p>200KG\/tambor<\/p>\n<p>&nbsp;<\/p>\n<h2>Armazenamento de \u00f3xido de monobutilestanho:<\/h2>\n<p>&nbsp;<\/p>\n<p>Recomenda-se armazenar o produto em local seco e fresco, com ventila\u00e7\u00e3o adequada. Feche a tampa da embalagem o mais r\u00e1pido poss\u00edvel ap\u00f3s a embalagem original para evitar a mistura de outras subst\u00e2ncias, como umidade e outras subst\u00e2ncias que possam afetar o desempenho do produto. Armazene em local fresco e seco, mantenha o recipiente fechado e evite o contato com \u00f3xidos. N\u00e3o inale a poeira e evite o contato com a pele e as membranas mucosas. \u00c9 proibido fumar, comer e beber no local de trabalho. Ap\u00f3s o trabalho, tome banho e troque de roupa. Guarde as roupas contaminadas separadamente e lave-as antes de us\u00e1-las. Mantenha boas pr\u00e1ticas de higiene.<\/p>\n<h2><span style=\"color: #000000;\"><strong><b>Entre em contato conosco agora!<\/b><\/strong><\/span><\/h2>\n<h4><span style=\"color: #000000;\"><strong><b>Se precisar do Price, preencha suas informa\u00e7\u00f5es de contato no formul\u00e1rio abaixo. Normalmente, entraremos em contato dentro de 24 horas. Voc\u00ea tamb\u00e9m pode me enviar um e-mail <span style=\"color: #00ffff;\"><a style=\"color: #00ffff;\" href=\"mailto:info@longchangchemical.com\">info@longchangchemical.com<\/a><\/span> durante o hor\u00e1rio comercial (das 8h30 \u00e0s 18h UTC+8 de segunda a s\u00e1bado) ou use o bate-papo ao vivo do site para obter uma resposta imediata.<\/b><\/strong><\/span><\/h4>\n<p>&nbsp;<\/p>\n<table class=\"aligncenter\" style=\"border-collapse: collapse; width: 326.27pt;\" border=\"0\" width=\"435\" cellspacing=\"0\" cellpadding=\"0\">\n<tbody>\n<tr style=\"height: 13.50pt;\">\n<td class=\"et2\" style=\"height: 13.50pt; width: 164.25pt;\" width=\"219\" height=\"18\"><a href=\"https:\/\/longchangchemical.com\/pt\/product\/stannous-chloride-anhydrous-cas-7772-99-8\/\"><span style=\"color: #00ccff;\">Cloreto estanoso anidro<\/span><\/a><\/td>\n<td class=\"et2\" style=\"width: 162.00pt;\" width=\"216\">7772-99-8<\/td>\n<\/tr>\n<tr style=\"height: 13.50pt;\">\n<td class=\"et2\" style=\"height: 13.50pt;\" height=\"18\"><a href=\"https:\/\/longchangchemical.com\/pt\/product\/dimethyltin-dichloride-cas-753-73-1\/\"><span style=\"color: #00ccff;\">Dicloreto de dimetilestanho<\/span><\/a><\/td>\n<td class=\"et2\">753-73-1<\/td>\n<\/tr>\n<tr style=\"height: 14.25pt;\">\n<td class=\"et3\" style=\"height: 14.25pt; width: 164.25pt;\" width=\"219\" height=\"19\"><a href=\"https:\/\/longchangchemical.com\/pt\/product\/monobutyltin-oxide-cas-2273-43-0\/\"><span class=\"font2\" style=\"color: #00ccff;\">\u00d3xido de monobutilestanho<\/span><\/a><\/td>\n<td class=\"et4\" style=\"width: 162.00pt;\" width=\"216\">2273-43-0<\/td>\n<\/tr>\n<tr style=\"height: 14.25pt;\">\n<td class=\"et3\" style=\"height: 14.25pt; width: 164.25pt;\" width=\"219\" height=\"19\"><a href=\"https:\/\/longchangchemical.com\/pt\/product\/dibutyltin-oxide-cas-818-08-6\/\"><span class=\"font2\" style=\"color: #00ccff;\">\u00d3xido de dibutilestanho<\/span><\/a><\/td>\n<td class=\"et4\" style=\"width: 162.00pt;\" width=\"216\">818-08-6<\/td>\n<\/tr>\n<tr style=\"height: 14.25pt;\">\n<td class=\"et3\" style=\"height: 14.25pt; width: 164.25pt;\" width=\"219\" height=\"19\"><a href=\"https:\/\/longchangchemical.com\/pt\/product\/tributyltin-oxide-cas-56-35-9\/\"><span class=\"font2\" style=\"color: #00ccff;\">\u00d3xido de tributilestanho<\/span><\/a><\/td>\n<td class=\"et4\" style=\"width: 162.00pt;\" width=\"216\">56-35-9<\/td>\n<\/tr>\n<tr style=\"height: 14.25pt;\">\n<td class=\"et4\" style=\"height: 14.25pt; width: 164.25pt;\" width=\"219\" height=\"19\"><a href=\"https:\/\/longchangchemical.com\/pt\/product\/tetrabutyl-tin-cas-1461-25-2\/\"><span style=\"color: #00ccff;\">Tetrabutyl Tin<\/span><\/a><\/td>\n<td class=\"et4\" style=\"width: 162.00pt;\" width=\"216\">1461-25-2<\/td>\n<\/tr>\n<tr style=\"height: 14.25pt;\">\n<td class=\"et3\" style=\"height: 14.25pt; width: 164.25pt;\" width=\"219\" height=\"19\"><a href=\"https:\/\/longchangchemical.com\/pt\/product\/butyltin-mercaptide-cas-26410-42-4\/\"><span class=\"font2\" style=\"color: #00ccff;\">Mercapt\u00eddeo de butilestanho<\/span><\/a><\/td>\n<td class=\"et4\" style=\"width: 162.00pt;\" width=\"216\">26410-42-4<\/td>\n<\/tr>\n<tr style=\"height: 14.25pt;\">\n<td class=\"et4\" style=\"height: 14.25pt; width: 164.25pt;\" width=\"219\" height=\"19\"><a href=\"https:\/\/longchangchemical.com\/pt\/product\/dibutyltin-diacetate-cas-1067-33-0\/\"><span style=\"color: #00ccff;\">Diacetato de dibutilestanho<\/span><\/a><\/td>\n<td class=\"et5\" style=\"width: 162.00pt;\" width=\"216\">1067-33-0<\/td>\n<\/tr>\n<tr style=\"height: 14.25pt;\">\n<td class=\"et3\" style=\"height: 14.25pt; width: 164.25pt;\" width=\"219\" height=\"19\"><a href=\"https:\/\/longchangchemical.com\/pt\/product\/dibutyltin-dilaurate-dbtdl-cas-77-58-7\/\"><span class=\"font2\" style=\"color: #00ccff;\">Dilaurato de dibutilestanho<\/span><\/a><\/td>\n<td class=\"et6\" style=\"width: 162.00pt;\" width=\"216\"><span class=\"font2\">77-58-7<\/span><\/td>\n<\/tr>\n<tr style=\"height: 15.00pt;\">\n<td class=\"et3\" style=\"height: 15.00pt; width: 164.25pt;\" width=\"219\" height=\"20\"><a href=\"https:\/\/longchangchemical.com\/pt\/product\/dibutyltin-maleate-cas-78-04-2\/\"><span class=\"font2\" style=\"color: #00ccff;\">Maleato de dibutilestanho<\/span><\/a><\/td>\n<td class=\"et7\" style=\"width: 162.00pt;\" width=\"216\">78-04-2<\/td>\n<\/tr>\n<tr style=\"height: 14.25pt;\">\n<td class=\"et3\" style=\"height: 14.25pt; width: 164.25pt;\" width=\"219\" height=\"19\"><a href=\"https:\/\/longchangchemical.com\/pt\/product\/monobutyltin-trichloride-cas-1118-46-3\/\"><span class=\"font2\" style=\"color: #00ccff;\">Tricloreto de monobutilestanho<\/span><\/a><\/td>\n<td class=\"et3\" style=\"width: 162.00pt;\" width=\"216\"><span class=\"font2\">1118-46-3<\/span><\/td>\n<\/tr>\n<tr style=\"height: 14.25pt;\">\n<td class=\"et3\" style=\"height: 14.25pt; width: 164.25pt;\" width=\"219\" height=\"19\"><a href=\"https:\/\/longchangchemical.com\/pt\/product\/dibutyltin-dichloride-cas-683-18-1\/\"><span class=\"font2\" style=\"color: #00ccff;\">Dicloreto de dibutilestanho<\/span><\/a><\/td>\n<td class=\"et3\" style=\"width: 162.00pt;\" width=\"216\"><span class=\"font2\">683-18-1<\/span><\/td>\n<\/tr>\n<tr style=\"height: 14.25pt;\">\n<td class=\"et3\" style=\"height: 14.25pt; width: 164.25pt;\" width=\"219\" height=\"19\"><a href=\"https:\/\/longchangchemical.com\/pt\/product\/tributyltin-chloride-cas-1461-22-9\/\"><span class=\"font2\" style=\"color: #00ccff;\">Cloreto de tributilestanho<\/span><\/a><\/td>\n<td class=\"et3\" style=\"width: 162.00pt;\" width=\"216\"><span class=\"font2\">1461-22-9<\/span><\/td>\n<\/tr>\n<tr style=\"height: 28.50pt;\">\n<td class=\"et3\" style=\"height: 28.50pt; width: 164.25pt;\" width=\"219\" height=\"38\"><a href=\"https:\/\/longchangchemical.com\/pt\/product\/butyltin-tris2-ethylhexanoate-cas-23850-94-4\/\"><span class=\"font2\" style=\"color: #00ccff;\">Tris(2-Etil-hexanoato) de butilestanho<\/span><\/a><\/td>\n<td class=\"et3\" style=\"width: 162.00pt;\" width=\"216\"><span class=\"font2\">23850-94-4<\/span><\/td>\n<\/tr>\n<tr style=\"height: 14.25pt;\">\n<td class=\"et3\" style=\"height: 14.25pt; width: 164.25pt;\" width=\"219\" height=\"19\"><a href=\"https:\/\/longchangchemical.com\/pt\/product\/di-n-octyltin-oxide-cas-870-08-6\/\"><span class=\"font2\" style=\"color: #00ccff;\">\u00d3xido de di-n-octilestanho<\/span><\/a><\/td>\n<td class=\"et3\" style=\"width: 162.00pt;\" width=\"216\"><span class=\"font2\">870-08-6<\/span><\/td>\n<\/tr>\n<tr style=\"height: 14.25pt;\">\n<td class=\"et3\" style=\"height: 14.25pt; width: 164.25pt;\" width=\"219\" height=\"19\"><a href=\"https:\/\/longchangchemical.com\/pt\/product\/dimethyldineodecanoatetin-cas-68928-76-7\/\"><span class=\"font2\" style=\"color: #00ccff;\">Dimetildineodecanoatetina<\/span><\/a><\/td>\n<td class=\"et3\" style=\"width: 162.00pt;\" width=\"216\"><span class=\"font2\">68928-76-7<\/span><\/td>\n<\/tr>\n<tr style=\"height: 14.25pt;\">\n<td class=\"et3\" style=\"height: 14.25pt; width: 164.25pt;\" width=\"219\" height=\"19\"><a href=\"https:\/\/longchangchemical.com\/pt\/product\/otm-cas-26401-97-8\/\"><span class=\"font2\" style=\"color: #00ccff;\">Mercapt\u00eddeo de octilestanho<\/span><\/a><\/td>\n<td class=\"et3\" style=\"width: 162.00pt;\" width=\"216\"><span class=\"font2\">26401-97-8<\/span><\/td>\n<\/tr>\n<\/tbody>\n<\/table>","protected":false},"excerpt":{"rendered":"<p>Nome em ingl\u00eas: Monobutyltin oxide<\/p>\n<p>Outros nomes: \u00d3xido de butilestanho; butil-hidroxioxestanano; butilloxostananol; butil-hidroxioxotina; \u00e1cido butilenestan\u00f4nico; \u00f3xido de monobutilestanho<\/p>\n<p>N\u00famero CAS: 2273-43-0<\/p>\n<p>F\u00f3rmula molecular: C4H10O2Sn<\/p>","protected":false},"featured_media":6916,"comment_status":"closed","ping_status":"closed","template":"","meta":[],"product_brand":[],"product_cat":[113],"product_tag":[],"class_list":{"0":"post-6889","1":"product","2":"type-product","3":"status-publish","4":"has-post-thumbnail","6":"product_cat-organic-intermediate","8":"first","9":"instock","10":"shipping-taxable","11":"product-type-simple"},"yoast_head":"<!-- This site is optimized with the Yoast SEO plugin v25.3.1 - https:\/\/yoast.com\/wordpress\/plugins\/seo\/ -->\n<title>China Manufacturer CAS Monobutyltin Oxide CAS 2273-43-0 -Longchang Chemical<\/title>\n<meta name=\"description\" content=\"Monobutyltin Oxide is key product of LongChang Chemical. We provide best price. We are the leading manufacturer in China with the best quanlity and competitive price. Other Name: Butyltin oxide; Butylhydroxyoxostannane; butyloxostannanol; butyl-hydroxy-oxotin; Butylenestannonic Acid; Monobutyltin Oxide\" \/>\n<meta name=\"robots\" content=\"index, follow, max-snippet:-1, max-image-preview:large, max-video-preview:-1\" \/>\n<link rel=\"canonical\" href=\"https:\/\/longchangchemical.com\/pt\/product\/monobutyltin-oxide-cas-2273-43-0\/\" \/>\n<meta property=\"og:locale\" content=\"pt_BR\" \/>\n<meta property=\"og:type\" content=\"article\" \/>\n<meta property=\"og:title\" content=\"China Manufacturer CAS Monobutyltin Oxide CAS 2273-43-0 -Longchang Chemical\" \/>\n<meta property=\"og:description\" content=\"Monobutyltin Oxide is key product of LongChang Chemical. We provide best price. We are the leading manufacturer in China with the best quanlity and competitive price. Other Name: Butyltin oxide; Butylhydroxyoxostannane; butyloxostannanol; butyl-hydroxy-oxotin; Butylenestannonic Acid; Monobutyltin Oxide\" \/>\n<meta property=\"og:url\" content=\"https:\/\/longchangchemical.com\/pt\/product\/monobutyltin-oxide-cas-2273-43-0\/\" \/>\n<meta property=\"og:site_name\" content=\"Longchang Chemical\" \/>\n<meta property=\"article:modified_time\" content=\"2025-12-16T09:28:07+00:00\" \/>\n<meta property=\"og:image\" content=\"https:\/\/longchangchemical.com\/wp-content\/uploads\/2024\/04\/Monobutyltin-Oxide.jpg\" \/>\n\t<meta property=\"og:image:width\" content=\"800\" \/>\n\t<meta property=\"og:image:height\" content=\"800\" \/>\n\t<meta property=\"og:image:type\" content=\"image\/jpeg\" \/>\n<meta name=\"twitter:card\" content=\"summary_large_image\" \/>\n<script type=\"application\/ld+json\" class=\"yoast-schema-graph\">{\"@context\":\"https:\/\/schema.org\",\"@graph\":[{\"@type\":\"WebPage\",\"@id\":\"https:\/\/longchangchemical.com\/product\/monobutyltin-oxide-cas-2273-43-0\/\",\"url\":\"https:\/\/longchangchemical.com\/product\/monobutyltin-oxide-cas-2273-43-0\/\",\"name\":\"China Manufacturer CAS Monobutyltin Oxide CAS 2273-43-0 -Longchang Chemical\",\"isPartOf\":{\"@id\":\"https:\/\/longchangchemical.com\/#website\"},\"primaryImageOfPage\":{\"@id\":\"https:\/\/longchangchemical.com\/product\/monobutyltin-oxide-cas-2273-43-0\/#primaryimage\"},\"image\":{\"@id\":\"https:\/\/longchangchemical.com\/product\/monobutyltin-oxide-cas-2273-43-0\/#primaryimage\"},\"thumbnailUrl\":\"https:\/\/longchangchemical.com\/wp-content\/uploads\/2024\/04\/Monobutyltin-Oxide.jpg\",\"datePublished\":\"2024-05-23T06:14:37+00:00\",\"dateModified\":\"2025-12-16T09:28:07+00:00\",\"description\":\"Monobutyltin Oxide is key product of LongChang Chemical. We provide best price. We are the leading manufacturer in China with the best quanlity and competitive price. Other Name: Butyltin oxide; Butylhydroxyoxostannane; butyloxostannanol; butyl-hydroxy-oxotin; Butylenestannonic Acid; Monobutyltin Oxide\",\"breadcrumb\":{\"@id\":\"https:\/\/longchangchemical.com\/product\/monobutyltin-oxide-cas-2273-43-0\/#breadcrumb\"},\"inLanguage\":\"pt-BR\",\"potentialAction\":[{\"@type\":\"ReadAction\",\"target\":[\"https:\/\/longchangchemical.com\/product\/monobutyltin-oxide-cas-2273-43-0\/\"]}]},{\"@type\":\"ImageObject\",\"inLanguage\":\"pt-BR\",\"@id\":\"https:\/\/longchangchemical.com\/product\/monobutyltin-oxide-cas-2273-43-0\/#primaryimage\",\"url\":\"https:\/\/longchangchemical.com\/wp-content\/uploads\/2024\/04\/Monobutyltin-Oxide.jpg\",\"contentUrl\":\"https:\/\/longchangchemical.com\/wp-content\/uploads\/2024\/04\/Monobutyltin-Oxide.jpg\",\"width\":800,\"height\":800,\"caption\":\"Monobutyltin Oxide CAS 2273-43-0\"},{\"@type\":\"BreadcrumbList\",\"@id\":\"https:\/\/longchangchemical.com\/product\/monobutyltin-oxide-cas-2273-43-0\/#breadcrumb\",\"itemListElement\":[{\"@type\":\"ListItem\",\"position\":1,\"name\":\"Home\",\"item\":\"https:\/\/longchangchemical.com\/\"},{\"@type\":\"ListItem\",\"position\":2,\"name\":\"Products Longchang\",\"item\":\"https:\/\/longchangchemical.com\/product\/\"},{\"@type\":\"ListItem\",\"position\":3,\"name\":\"Monobutyltin Oxide CAS 2273-43-0\"}]},{\"@type\":\"WebSite\",\"@id\":\"https:\/\/longchangchemical.com\/#website\",\"url\":\"https:\/\/longchangchemical.com\/\",\"name\":\"Longchang Chemical\",\"description\":\"China chemical manufacturer \uff06 supplier\",\"publisher\":{\"@id\":\"https:\/\/longchangchemical.com\/#organization\"},\"potentialAction\":[{\"@type\":\"SearchAction\",\"target\":{\"@type\":\"EntryPoint\",\"urlTemplate\":\"https:\/\/longchangchemical.com\/?s={search_term_string}\"},\"query-input\":{\"@type\":\"PropertyValueSpecification\",\"valueRequired\":true,\"valueName\":\"search_term_string\"}}],\"inLanguage\":\"pt-BR\"},{\"@type\":\"Organization\",\"@id\":\"https:\/\/longchangchemical.com\/#organization\",\"name\":\"Longchang Chemical\",\"url\":\"https:\/\/longchangchemical.com\/\",\"logo\":{\"@type\":\"ImageObject\",\"inLanguage\":\"pt-BR\",\"@id\":\"https:\/\/longchangchemical.com\/#\/schema\/logo\/image\/\",\"url\":\"https:\/\/longchangchemical.com\/wp-content\/uploads\/2020\/08\/cropped-longchang-logo.png\",\"contentUrl\":\"https:\/\/longchangchemical.com\/wp-content\/uploads\/2020\/08\/cropped-longchang-logo.png\",\"width\":512,\"height\":512,\"caption\":\"Longchang Chemical\"},\"image\":{\"@id\":\"https:\/\/longchangchemical.com\/#\/schema\/logo\/image\/\"}}]}<\/script>\n<!-- \/ Yoast SEO plugin. -->","yoast_head_json":{"title":"Fabricante chin\u00eas de \u00f3xido de monobutilestanho CAS 2273-43-0 - Longchang Chemical","description":"O \u00f3xido de monobutilestanho \u00e9 o principal produto da LongChang Chemical. Oferecemos o melhor pre\u00e7o. Somos o principal fabricante na China, com a melhor qualidade e pre\u00e7o competitivo. Outros nomes: \u00d3xido de butilestanho; butil-hidroxioxestanano; butilloxostananol; butil-hidroxioxotina; \u00e1cido butilenestan\u00f4nico; \u00f3xido de monobutilestanho","robots":{"index":"index","follow":"follow","max-snippet":"max-snippet:-1","max-image-preview":"max-image-preview:large","max-video-preview":"max-video-preview:-1"},"canonical":"https:\/\/longchangchemical.com\/pt\/product\/monobutyltin-oxide-cas-2273-43-0\/","og_locale":"pt_BR","og_type":"article","og_title":"China Manufacturer CAS Monobutyltin Oxide CAS 2273-43-0 -Longchang Chemical","og_description":"Monobutyltin Oxide is key product of LongChang Chemical. We provide best price. We are the leading manufacturer in China with the best quanlity and competitive price. Other Name: Butyltin oxide; Butylhydroxyoxostannane; butyloxostannanol; butyl-hydroxy-oxotin; Butylenestannonic Acid; Monobutyltin Oxide","og_url":"https:\/\/longchangchemical.com\/pt\/product\/monobutyltin-oxide-cas-2273-43-0\/","og_site_name":"Longchang Chemical","article_modified_time":"2025-12-16T09:28:07+00:00","og_image":[{"width":800,"height":800,"url":"https:\/\/longchangchemical.com\/wp-content\/uploads\/2024\/04\/Monobutyltin-Oxide.jpg","type":"image\/jpeg"}],"twitter_card":"summary_large_image","schema":{"@context":"https:\/\/schema.org","@graph":[{"@type":"WebPage","@id":"https:\/\/longchangchemical.com\/product\/monobutyltin-oxide-cas-2273-43-0\/","url":"https:\/\/longchangchemical.com\/product\/monobutyltin-oxide-cas-2273-43-0\/","name":"Fabricante chin\u00eas de \u00f3xido de monobutilestanho CAS 2273-43-0 - Longchang Chemical","isPartOf":{"@id":"https:\/\/longchangchemical.com\/#website"},"primaryImageOfPage":{"@id":"https:\/\/longchangchemical.com\/product\/monobutyltin-oxide-cas-2273-43-0\/#primaryimage"},"image":{"@id":"https:\/\/longchangchemical.com\/product\/monobutyltin-oxide-cas-2273-43-0\/#primaryimage"},"thumbnailUrl":"https:\/\/longchangchemical.com\/wp-content\/uploads\/2024\/04\/Monobutyltin-Oxide.jpg","datePublished":"2024-05-23T06:14:37+00:00","dateModified":"2025-12-16T09:28:07+00:00","description":"O \u00f3xido de monobutilestanho \u00e9 o principal produto da LongChang Chemical. Oferecemos o melhor pre\u00e7o. Somos o principal fabricante na China, com a melhor qualidade e pre\u00e7o competitivo. Outros nomes: \u00d3xido de butilestanho; butil-hidroxioxestanano; butilloxostananol; butil-hidroxioxotina; \u00e1cido butilenestan\u00f4nico; \u00f3xido de monobutilestanho","breadcrumb":{"@id":"https:\/\/longchangchemical.com\/product\/monobutyltin-oxide-cas-2273-43-0\/#breadcrumb"},"inLanguage":"pt-BR","potentialAction":[{"@type":"ReadAction","target":["https:\/\/longchangchemical.com\/product\/monobutyltin-oxide-cas-2273-43-0\/"]}]},{"@type":"ImageObject","inLanguage":"pt-BR","@id":"https:\/\/longchangchemical.com\/product\/monobutyltin-oxide-cas-2273-43-0\/#primaryimage","url":"https:\/\/longchangchemical.com\/wp-content\/uploads\/2024\/04\/Monobutyltin-Oxide.jpg","contentUrl":"https:\/\/longchangchemical.com\/wp-content\/uploads\/2024\/04\/Monobutyltin-Oxide.jpg","width":800,"height":800,"caption":"Monobutyltin Oxide CAS 2273-43-0"},{"@type":"BreadcrumbList","@id":"https:\/\/longchangchemical.com\/product\/monobutyltin-oxide-cas-2273-43-0\/#breadcrumb","itemListElement":[{"@type":"ListItem","position":1,"name":"Home","item":"https:\/\/longchangchemical.com\/"},{"@type":"ListItem","position":2,"name":"Products Longchang","item":"https:\/\/longchangchemical.com\/product\/"},{"@type":"ListItem","position":3,"name":"Monobutyltin Oxide CAS 2273-43-0"}]},{"@type":"WebSite","@id":"https:\/\/longchangchemical.com\/#website","url":"https:\/\/longchangchemical.com\/","name":"Qu\u00edmica Longchang","description":"Fabricante de produtos qu\u00edmicos na China \uff06 fornecedor","publisher":{"@id":"https:\/\/longchangchemical.com\/#organization"},"potentialAction":[{"@type":"SearchAction","target":{"@type":"EntryPoint","urlTemplate":"https:\/\/longchangchemical.com\/?s={search_term_string}"},"query-input":{"@type":"PropertyValueSpecification","valueRequired":true,"valueName":"search_term_string"}}],"inLanguage":"pt-BR"},{"@type":"Organization","@id":"https:\/\/longchangchemical.com\/#organization","name":"Qu\u00edmica Longchang","url":"https:\/\/longchangchemical.com\/","logo":{"@type":"ImageObject","inLanguage":"pt-BR","@id":"https:\/\/longchangchemical.com\/#\/schema\/logo\/image\/","url":"https:\/\/longchangchemical.com\/wp-content\/uploads\/2020\/08\/cropped-longchang-logo.png","contentUrl":"https:\/\/longchangchemical.com\/wp-content\/uploads\/2020\/08\/cropped-longchang-logo.png","width":512,"height":512,"caption":"Longchang Chemical"},"image":{"@id":"https:\/\/longchangchemical.com\/#\/schema\/logo\/image\/"}}]}},"_links":{"self":[{"href":"https:\/\/longchangchemical.com\/pt\/wp-json\/wp\/v2\/product\/6889","targetHints":{"allow":["GET"]}}],"collection":[{"href":"https:\/\/longchangchemical.com\/pt\/wp-json\/wp\/v2\/product"}],"about":[{"href":"https:\/\/longchangchemical.com\/pt\/wp-json\/wp\/v2\/types\/product"}],"replies":[{"embeddable":true,"href":"https:\/\/longchangchemical.com\/pt\/wp-json\/wp\/v2\/comments?post=6889"}],"wp:featuredmedia":[{"embeddable":true,"href":"https:\/\/longchangchemical.com\/pt\/wp-json\/wp\/v2\/media\/6916"}],"wp:attachment":[{"href":"https:\/\/longchangchemical.com\/pt\/wp-json\/wp\/v2\/media?parent=6889"}],"wp:term":[{"taxonomy":"product_brand","embeddable":true,"href":"https:\/\/longchangchemical.com\/pt\/wp-json\/wp\/v2\/product_brand?post=6889"},{"taxonomy":"product_cat","embeddable":true,"href":"https:\/\/longchangchemical.com\/pt\/wp-json\/wp\/v2\/product_cat?post=6889"},{"taxonomy":"product_tag","embeddable":true,"href":"https:\/\/longchangchemical.com\/pt\/wp-json\/wp\/v2\/product_tag?post=6889"}],"curies":[{"name":"wp","href":"https:\/\/api.w.org\/{rel}","templated":true}]}}