{"id":6829,"date":"2024-04-10T01:59:41","date_gmt":"2024-04-10T01:59:41","guid":{"rendered":"https:\/\/longchangchemical.com\/?post_type=product&#038;p=6829"},"modified":"2025-12-17T02:18:24","modified_gmt":"2025-12-17T02:18:24","slug":"beta-nicotinamide-mononucleotide-cas-1094-61-7","status":"publish","type":"product","link":"https:\/\/longchangchemical.com\/pt\/product\/beta-nicotinamide-mononucleotide-cas-1094-61-7\/","title":{"rendered":"mononucleot\u00eddeo de beta-nicotinamida CAS 1094-61-7"},"content":{"rendered":"<p><strong>Beta-Nicotinamida Mononucleotidequick Details<\/strong><\/p>\n<p>Nome qu\u00edmico: Mononucleot\u00eddeo de Beta-Nicotinamida<\/p>\n<p>N\u00famero CAS: 1094-61-7<\/p>\n<p>F\u00f3rmula molecular: C11H15N2O8P<\/p>\n<p>Mononucleot\u00eddeo de beta-nicotinamidaEstrutura:<img decoding=\"async\" title=\"Estrutura do mononucleot\u00eddeo de beta-nicotinamida\" src=\"https:\/\/www.longchangchemical.com\/wp-content\/uploads\/product-details\/20200611169204.png\" alt=\"Estrutura do mononucleot\u00eddeo de beta-nicotinamida\" width=\"195\" height=\"205\" border=\"0\" vspace=\"0\" \/><\/p>\n<p>Peso molecular: 334,22<\/p>\n<p>Apar\u00eancia: P\u00f3 branco<\/p>\n<p>Assay:97%~100.0%<\/p>\n<p><strong>Propriedades t\u00edpicas da beta-nicotinamida mononucleot\u00eddeo<\/strong><\/p>\n<table class=\"table-1\" cellspacing=\"0\">\n<tbody>\n<tr>\n<td>Item<\/td>\n<td>Especifica\u00e7\u00f5es<\/td>\n<\/tr>\n<tr>\n<td>Apar\u00eancia<\/td>\n<td>P\u00f3 branco<\/td>\n<\/tr>\n<tr>\n<td>Apar\u00eancia da solu\u00e7\u00e3o (5% p\/v em \u00e1gua)<\/td>\n<td>Incolor a amarelo p\u00e1lido e transparente<\/td>\n<\/tr>\n<tr>\n<td>\u00c1gua<\/td>\n<td>\u22646%<\/td>\n<\/tr>\n<tr>\n<td>Ars\u00eanico<\/td>\n<td>\u22641 ppm<\/td>\n<\/tr>\n<tr>\n<td>Metais pesados<\/td>\n<td>\u226410 ppm<\/td>\n<\/tr>\n<tr>\n<td>Ensaio<\/td>\n<td>97%~100.0%<\/td>\n<\/tr>\n<\/tbody>\n<\/table>\n<p><strong>Beta-Nicotinamida Mononucleot\u00eddeoUso<\/strong><\/p>\n<p>Pesquisa sobre antienvelhecimento, mat\u00e9rias-primas para produtos de sa\u00fade antienvelhecimento<\/p>\n<p><strong>Beta-Nicotinamida Mononucleot\u00eddeoEmbalagem e envio<\/strong><\/p>\n<p>Embalagem: 25 kg \/ balde de papel\u00e3o<\/p>\n<p>Entrega: Carga n\u00e3o perigosa<\/p>\n<p><strong>Beta-Nicotinamida Mononucleot\u00eddeoArmazenamento<\/strong><\/p>\n<p>Armazene em \u00e1reas secas e ventiladas para evitar a luz solar direta.<\/p>\n<h2><strong><b>Entre em contato conosco agora!<\/b><\/strong><\/h2>\n<h4><strong><b>Se precisar de um pre\u00e7o, preencha suas informa\u00e7\u00f5es de contato no formul\u00e1rio abaixo. Normalmente, entraremos em contato dentro de 24 horas. Voc\u00ea tamb\u00e9m pode me enviar um e-mail <a href=\"mailto:info@longchangchemical.com\"><span style=\"color: #00ccff;\">info@longchangchemical.com<\/span><\/a>\u00a0durante o hor\u00e1rio comercial (das 8h30 \u00e0s 18h UTC+8 de segunda a s\u00e1bado) ou use o bate-papo ao vivo do site para obter uma resposta imediata.<\/b><\/strong><\/h4>\n<hr \/>\n<p>A doen\u00e7a cerebrovascular isqu\u00eamica inclui dois tipos de isquemia cerebral transit\u00f3ria e infarto cerebral. Entre eles, o infarto cerebral \u00e9 chamado de acidente vascular cerebral isqu\u00eamico (AVCI) no diagn\u00f3stico da medicina chinesa, que \u00e9 uma s\u00e9rie de disfun\u00e7\u00f5es neurol\u00f3gicas devido a v\u00e1rios motivos de obst\u00e1culos locais de suprimento de sangue em \u00e1reas do tecido cerebral, resultando em necrose isqu\u00eamica e hip\u00f3xica do tecido cerebral. Sua letalidade e taxa de incapacidade s\u00e3o altas e o mecanismo patol\u00f3gico \u00e9 complexo, causando um grande \u00f4nus econ\u00f4mico para o mundo todos os anos. A priva\u00e7\u00e3o de oxig\u00eanio e glicose (OGD) \u00e9 o modelo in vitro de EI mais comumente usado e \u00e9 amplamente utilizado em pesquisas b\u00e1sicas e pr\u00e9-cl\u00ednicas de AVC.<\/p>\n<p>A autofagia celular (autofagia) est\u00e1 amplamente presente em c\u00e9lulas eucari\u00f3ticas e desempenha um papel importante na regula\u00e7\u00e3o da sobreviv\u00eancia e morte celular. Um grande n\u00famero de estudos sugeriu que a autofagia est\u00e1 intimamente relacionada \u00e0 ocorr\u00eancia e ao desenvolvimento da EI. Alguns estudos mostraram que a autofagia neuronal atenua a les\u00e3o cerebral isqu\u00eamica, enquanto outros relataram que a autofagia neuronal exacerba a les\u00e3o cerebral isqu\u00eamica, mas o mecanismo espec\u00edfico n\u00e3o est\u00e1 claro.<br \/>\nO mononucleot\u00eddeo \u03b2-nicotinamida (NMN) est\u00e1 presente em uma grande variedade de alimentos e \u00e9 essencial para regular a senesc\u00eancia celular e manter a fun\u00e7\u00e3o normal do organismo, al\u00e9m de estar envolvido na transdu\u00e7\u00e3o de muitas vias importantes de sinaliza\u00e7\u00e3o intracelular. Foi relatado que a administra\u00e7\u00e3o in vitro de NMN converte rapidamente NAD+ em NAD+ e regula a senesc\u00eancia celular e mant\u00e9m as fun\u00e7\u00f5es normais do corpo. O NMN pode compensar a redu\u00e7\u00e3o de NAD+ causada pela EI e melhorar o dano dos neur\u00f4nios isqu\u00eamicos cerebrais. Isso sugere que o NMN desempenha uma fun\u00e7\u00e3o na EI. Alguns estudos demonstraram que o NMN pode promover a regenera\u00e7\u00e3o neurovascular, melhorar a fun\u00e7\u00e3o endotelial microvascular cerebral, anti-inflama\u00e7\u00e3o e antiapoptose. H\u00e1 tamb\u00e9m alguns estudos que sugerem que ele pode desempenhar um papel anti-les\u00e3o cerebral isqu\u00eamica ao regular a autofagia; no entanto, o mecanismo espec\u00edfico pelo qual o NMN regula a autofagia contra a SI n\u00e3o est\u00e1 claro.<\/p>\n<p>O objetivo deste estudo foi construir um modelo de c\u00e9lula PC12 com priva\u00e7\u00e3o de oxig\u00eanio e a\u00e7\u00facar e medir a taxa de sobreviv\u00eancia celular por MTT in vitro, detectar autofagossomos e autofagolisossomos por microscopia eletr\u00f4nica de transmiss\u00e3o, observar a intensidade de fluoresc\u00eancia dos autofagossomos por MDC e detectar a express\u00e3o de LC3-II\/LC3-I, Beclin1, p62 e prote\u00ednas relacionadas \u00e0 autofagia P-mTOR\/mTOR por Western blot, a fim de esclarecer o efeito do NMN sobre os danos de autofagia induzidos por OGD nas c\u00e9lulas PC12.<\/p>\n<p>O estudo Lancet de 2017 mostrou que o AVC \u00e9 a principal doen\u00e7a que causa anos de vida perdidos na China, com progress\u00e3o r\u00e1pida, alta letalidade e incapacidade. Desses, a EI \u00e9 respons\u00e1vel por 60% a 70% dos AVCs em geral, e \u00e9 causada por uma redu\u00e7\u00e3o no suprimento de sangue para uma \u00e1rea do c\u00e9rebro devido a um bloqueio em um vaso sangu\u00edneo. A isquemia e a hip\u00f3xia no tecido cerebral desencadeiam uma s\u00e9rie de respostas fisiopatol\u00f3gicas, como autofagia celular, apoptose, estresse oxidativo, sobrecarga de c\u00e1lcio intracelular, etc. Os sobreviventes de EI t\u00eam um longo ciclo de recupera\u00e7\u00e3o, o que aumenta a carga econ\u00f4mica global. Atualmente, h\u00e1 muitas contraindica\u00e7\u00f5es para os medicamentos usados contra a EI no mercado. Portanto, \u00e9 necess\u00e1rio explorar continuamente os medicamentos para prevenir e tratar a EI. O OGD \u00e9 um modelo cl\u00e1ssico para o estudo in vitro da EI, e a linha celular PC12 \u00e9 uma das linhas celulares mais comumente usadas para estudar a les\u00e3o neuronal, que \u00e9 frequentemente usada no estudo da les\u00e3o por isquemia e hip\u00f3xia. Portanto, o modelo de c\u00e9lula PC12 OGD foi usado neste experimento para o estudo in vitro.<\/p>\n<p>O NMN \u00e9 uma subst\u00e2ncia que ocorre naturalmente no corpo humano e em muitos alimentos, com peso molecular de 334,22. \u00c9 um produto da rea\u00e7\u00e3o da ribosiltransferase nicotinamida-fosfato e um dos principais precursores do NAD+. Alguns estudos descobriram que, ao regular o n\u00edvel de NMN nos organismos, ele tem um efeito terap\u00eautico e restaurador melhor em doen\u00e7as cardiovasculares e cerebrovasculares, doen\u00e7as neurodegenerativas e doen\u00e7as degenerativas do envelhecimento. Tamb\u00e9m foi relatado que a administra\u00e7\u00e3o de NMN pode reduzir a \u00e1rea de infarto e os danos \u00e0 fun\u00e7\u00e3o neurol\u00f3gica no modelo de MCAO de ratos. Nesse experimento, foi demonstrado pelo MTT que o OGD pode reduzir a taxa de sobreviv\u00eancia das c\u00e9lulas PC12, e o NMN nas concentra\u00e7\u00f5es de 400, 800 e 1600 \u03bcmol\/L aumentou a taxa de sobreviv\u00eancia das c\u00e9lulas PC12 OGD, com a maior taxa de sobreviv\u00eancia na concentra\u00e7\u00e3o de 800 \u03bcmol\/L; ao passo que n\u00e3o houve diferen\u00e7a significativa na taxa de sobreviv\u00eancia celular nas concentra\u00e7\u00f5es de 200 e 3200 \u03bcmol\/L de NMN, o que sugere que a concentra\u00e7\u00e3o de 200 \u03bcmol\/L de NMN pode aumentar a taxa de sobreviv\u00eancia das c\u00e9lulas PC12. Isso sugere que a concentra\u00e7\u00e3o de 200 \u03bcmol\/L ainda n\u00e3o \u00e9 uma concentra\u00e7\u00e3o eficaz para aumentar a taxa de sobreviv\u00eancia das c\u00e9lulas PC12 induzidas por OGD, enquanto a concentra\u00e7\u00e3o de 3200 \u03bcmol\/L pode ser muito alta e causar algum dano \u00e0s pr\u00f3prias c\u00e9lulas.<\/p>\n<p>A autofagia celular, conhecida como morte celular programada tipo II, \u00e9 um processo no qual as c\u00e9lulas usam lisossomos para degradar suas pr\u00f3prias macromol\u00e9culas danificadas, desnaturadas ou senescentes, bem como organelas, sob a regula\u00e7\u00e3o de genes relacionados \u00e0 autofagia, a fim de manter sua sobreviv\u00eancia, diferencia\u00e7\u00e3o, crescimento e estabilidade. A tabela do estudo mostra que a autofagia \u00e9 induzida ap\u00f3s a EI e, ao mesmo tempo, a autofagia tamb\u00e9m acompanha o desenvolvimento do processo patol\u00f3gico da EI, desempenhando diferentes fun\u00e7\u00f5es reguladoras nas quatro fases da EI, a saber, as fases aguda, subaguda, de recupera\u00e7\u00e3o e de sequela.<\/p>\n<p>O mTOR \u00e9 uma prote\u00edna quinase serina\/treonina at\u00edpica com massa molecular relativa de 289 kDa. Suas diferentes prote\u00ednas se ligam para formar dois complexos diferentes, o mTORCl e o mTORC2. O mTORCl \u00e9 sens\u00edvel \u00e0 rapamicina e \u00e9 respons\u00e1vel pela integra\u00e7\u00e3o de fatores de crescimento e sinais de nutrientes, regulando principalmente a autofagia celular, a biog\u00eanese de ribossomos, a tradu\u00e7\u00e3o de prote\u00ednas e a s\u00edntese de lip\u00eddios. Estudos demonstraram que a mTOR fosforilada pode atenuar a les\u00e3o por priva\u00e7\u00e3o de oxig\u00eanio e a\u00e7\u00facar e desempenhar um papel na prote\u00e7\u00e3o das c\u00e9lulas. O 3-MA \u00e9 um inibidor de autofagia comumente usado. O rAPA \u00e9 um inibidor de mTOR que induz o in\u00edcio da autofagia por meio da inibi\u00e7\u00e3o de mTORC1 e tamb\u00e9m \u00e9 chamado de ativador de autofagia. Nesse experimento, o grupo 3-MA e RAPA foi criado para intervir na regula\u00e7\u00e3o da autofagia induzida por OGD em c\u00e9lulas PC12, e o grupo 3-MA, RAPA e combina\u00e7\u00e3o de drogas tamb\u00e9m foi criado para observar se o NMN poderia neutralizar os efeitos do 3-MA ou RAPA na autofagia induzida por OGD em c\u00e9lulas PC12.<\/p>\n<p>Os n\u00edveis das prote\u00ednas Beclin-1, LC3 e p62 podem ser usados como importantes detectores da fun\u00e7\u00e3o da autofagia.Beclin1 \u00e9 um regulador bem estabelecido da autofagia e est\u00e1 positivamente correlacionado com a autofagia.Beclin1 interage com prote\u00ednas como VPS15, VPS34 e ATG14 para realizar as fun\u00e7\u00f5es de autofagia e transporte de membrana.LC3, um hom\u00f3logo de ATG8, um modificador semelhante \u00e0 ubiquitina em levedura, \u00e9 LC3 \u00e9 um hom\u00f3logo do modificador semelhante \u00e0 ubiquitina ATG8 em levedura e acredita-se que desempenhe um papel na autofagia. A LC3 perde seu res\u00edduo C-terminal ap\u00f3s o tratamento com ATG4 e \u00e9 convertida em LC3-I. A LC3-I passa por uma cascata de rea\u00e7\u00f5es enzim\u00e1ticas semelhantes \u00e0 ubiquitina\u00e7\u00e3o, ligando-se covalentemente \u00e0 mol\u00e9cula de lip\u00eddio fosfatidiletanolamina na membrana do autofagossomo, e \u00e9 convertida em LC3-II, e um aumento na propor\u00e7\u00e3o de LC3-II para LC3-I \u00e9 indicativo de n\u00edveis elevados de autofagia. A p62 \u00e9 uma prote\u00edna marcadora que reflete a atividade autof\u00e1gica, e seus n\u00edveis de prote\u00edna est\u00e3o correlacionados com o n\u00edvel de autofagia, quando a autofagia ocorre, a prote\u00edna p62 \u00e9 degradada no citoplasma; quando a atividade de autofagia \u00e9 enfraquecida e a fun\u00e7\u00e3o de autofagia \u00e9 defeituosa, a prote\u00edna p62 se acumula no citoplasma. Nesse experimento, foi confirmado por Western blot que o NMN poderia regular negativamente a express\u00e3o relativa das prote\u00ednas Beclin1 e LC3-II\/LC3-I e regular positivamente a express\u00e3o das prote\u00ednas P-mTOR\/mTOR e p62. Al\u00e9m disso, a microscopia eletr\u00f4nica de transmiss\u00e3o e o m\u00e9todo MDC tamb\u00e9m foram aplicados para confirmar que o NMN poderia reduzir o n\u00famero de ves\u00edculas autof\u00e1gicas, lisossomos autof\u00e1gicos e pontos e intensidade de fluoresc\u00eancia em c\u00e9lulas PC12 OGD. O exposto acima indica que o NMN pode inibir a autofagia induzida por OGD em c\u00e9lulas PC12.<br \/>\nEm conclus\u00e3o, sugere-se que uma determinada dose de NMN pode resistir ao dano de autofagia induzido por OGD em c\u00e9lulas PC12, exercendo assim um efeito citoprotetor, e esse efeito protetor pode estar relacionado \u00e0 via relacionada \u00e0 mTOR. O presente estudo pode fornecer uma determinada refer\u00eancia de alvo para o NMN para evitar o dano de autofagia celular induzido por OGD e acumular determinados dados laboratoriais para o desenvolvimento do composto natural NMN.<\/p>","protected":false},"excerpt":{"rendered":"<p>Nome qu\u00edmico: Mononucleot\u00eddeo de Beta-Nicotinamida<\/p>\n<p>N\u00famero CAS: 1094-61-7<\/p>\n<p>F\u00f3rmula molecular: C11H15N2O8P<\/p>\n<p>Peso molecular: 334,22<\/p>\n<p>Apar\u00eancia: P\u00f3 branco<\/p>\n<p>Assay:97%~100.0%<\/p>","protected":false},"featured_media":0,"comment_status":"open","ping_status":"closed","template":"","meta":[],"product_brand":[],"product_cat":[113],"product_tag":[],"class_list":{"0":"post-6829","1":"product","2":"type-product","3":"status-publish","5":"product_cat-organic-intermediate","7":"first","8":"instock","9":"shipping-taxable","10":"product-type-simple"},"yoast_head":"<!-- This site is optimized with the Yoast SEO plugin v25.3.1 - https:\/\/yoast.com\/wordpress\/plugins\/seo\/ -->\n<title>China beta-nicotinamide mononucleotide Manufacturer CAS 1094-61-7 - Longchang Chemical<\/title>\n<meta name=\"description\" content=\"beta-nicotinamide mononucleotide CAS 1094-61-7 is a key product of Longchang Chemical. We provide the best price. We are the leading manufacturer in China with the best quality and competitive price.\" \/>\n<meta name=\"robots\" content=\"index, follow, max-snippet:-1, max-image-preview:large, max-video-preview:-1\" \/>\n<link rel=\"canonical\" href=\"https:\/\/longchangchemical.com\/pt\/product\/beta-nicotinamide-mononucleotide-cas-1094-61-7\/\" \/>\n<meta property=\"og:locale\" content=\"pt_BR\" \/>\n<meta property=\"og:type\" content=\"article\" \/>\n<meta property=\"og:title\" content=\"China beta-nicotinamide mononucleotide Manufacturer CAS 1094-61-7 - Longchang Chemical\" \/>\n<meta property=\"og:description\" content=\"beta-nicotinamide mononucleotide CAS 1094-61-7 is a key product of Longchang Chemical. We provide the best price. We are the leading manufacturer in China with the best quality and competitive price.\" \/>\n<meta property=\"og:url\" content=\"https:\/\/longchangchemical.com\/pt\/product\/beta-nicotinamide-mononucleotide-cas-1094-61-7\/\" \/>\n<meta property=\"og:site_name\" content=\"Longchang Chemical\" \/>\n<meta property=\"article:modified_time\" content=\"2025-12-17T02:18:24+00:00\" \/>\n<meta property=\"og:image\" content=\"https:\/\/www.longchangchemical.com\/wp-content\/uploads\/product-details\/20200611169204.png\" \/>\n<meta name=\"twitter:card\" content=\"summary_large_image\" \/>\n<script type=\"application\/ld+json\" class=\"yoast-schema-graph\">{\"@context\":\"https:\/\/schema.org\",\"@graph\":[{\"@type\":\"WebPage\",\"@id\":\"https:\/\/longchangchemical.com\/product\/beta-nicotinamide-mononucleotide-cas-1094-61-7\/\",\"url\":\"https:\/\/longchangchemical.com\/product\/beta-nicotinamide-mononucleotide-cas-1094-61-7\/\",\"name\":\"China beta-nicotinamide mononucleotide Manufacturer CAS 1094-61-7 - Longchang Chemical\",\"isPartOf\":{\"@id\":\"https:\/\/longchangchemical.com\/#website\"},\"primaryImageOfPage\":{\"@id\":\"https:\/\/longchangchemical.com\/product\/beta-nicotinamide-mononucleotide-cas-1094-61-7\/#primaryimage\"},\"image\":{\"@id\":\"https:\/\/longchangchemical.com\/product\/beta-nicotinamide-mononucleotide-cas-1094-61-7\/#primaryimage\"},\"thumbnailUrl\":\"https:\/\/www.longchangchemical.com\/wp-content\/uploads\/product-details\/20200611169204.png\",\"datePublished\":\"2024-04-10T01:59:41+00:00\",\"dateModified\":\"2025-12-17T02:18:24+00:00\",\"description\":\"beta-nicotinamide mononucleotide CAS 1094-61-7 is a key product of Longchang Chemical. We provide the best price. We are the leading manufacturer in China with the best quality and competitive price.\",\"breadcrumb\":{\"@id\":\"https:\/\/longchangchemical.com\/product\/beta-nicotinamide-mononucleotide-cas-1094-61-7\/#breadcrumb\"},\"inLanguage\":\"pt-BR\",\"potentialAction\":[{\"@type\":\"ReadAction\",\"target\":[\"https:\/\/longchangchemical.com\/product\/beta-nicotinamide-mononucleotide-cas-1094-61-7\/\"]}]},{\"@type\":\"ImageObject\",\"inLanguage\":\"pt-BR\",\"@id\":\"https:\/\/longchangchemical.com\/product\/beta-nicotinamide-mononucleotide-cas-1094-61-7\/#primaryimage\",\"url\":\"https:\/\/www.longchangchemical.com\/wp-content\/uploads\/product-details\/20200611169204.png\",\"contentUrl\":\"https:\/\/www.longchangchemical.com\/wp-content\/uploads\/product-details\/20200611169204.png\"},{\"@type\":\"BreadcrumbList\",\"@id\":\"https:\/\/longchangchemical.com\/product\/beta-nicotinamide-mononucleotide-cas-1094-61-7\/#breadcrumb\",\"itemListElement\":[{\"@type\":\"ListItem\",\"position\":1,\"name\":\"Home\",\"item\":\"https:\/\/longchangchemical.com\/\"},{\"@type\":\"ListItem\",\"position\":2,\"name\":\"Products Longchang\",\"item\":\"https:\/\/longchangchemical.com\/product\/\"},{\"@type\":\"ListItem\",\"position\":3,\"name\":\"beta-nicotinamide mononucleotide CAS 1094-61-7\"}]},{\"@type\":\"WebSite\",\"@id\":\"https:\/\/longchangchemical.com\/#website\",\"url\":\"https:\/\/longchangchemical.com\/\",\"name\":\"Longchang Chemical\",\"description\":\"China chemical manufacturer \uff06 supplier\",\"publisher\":{\"@id\":\"https:\/\/longchangchemical.com\/#organization\"},\"potentialAction\":[{\"@type\":\"SearchAction\",\"target\":{\"@type\":\"EntryPoint\",\"urlTemplate\":\"https:\/\/longchangchemical.com\/?s={search_term_string}\"},\"query-input\":{\"@type\":\"PropertyValueSpecification\",\"valueRequired\":true,\"valueName\":\"search_term_string\"}}],\"inLanguage\":\"pt-BR\"},{\"@type\":\"Organization\",\"@id\":\"https:\/\/longchangchemical.com\/#organization\",\"name\":\"Longchang Chemical\",\"url\":\"https:\/\/longchangchemical.com\/\",\"logo\":{\"@type\":\"ImageObject\",\"inLanguage\":\"pt-BR\",\"@id\":\"https:\/\/longchangchemical.com\/#\/schema\/logo\/image\/\",\"url\":\"https:\/\/longchangchemical.com\/wp-content\/uploads\/2020\/08\/cropped-longchang-logo.png\",\"contentUrl\":\"https:\/\/longchangchemical.com\/wp-content\/uploads\/2020\/08\/cropped-longchang-logo.png\",\"width\":512,\"height\":512,\"caption\":\"Longchang Chemical\"},\"image\":{\"@id\":\"https:\/\/longchangchemical.com\/#\/schema\/logo\/image\/\"}}]}<\/script>\n<!-- \/ Yoast SEO plugin. -->","yoast_head_json":{"title":"Fabricante de mononucleot\u00eddeo de beta-nicotinamida na China CAS 1094-61-7 - Longchang Chemical","description":"O mononucleot\u00eddeo de beta-nicotinamida CAS 1094-61-7 \u00e9 um produto-chave da Longchang Chemical. Oferecemos o melhor pre\u00e7o. Somos o fabricante l\u00edder na China, com a melhor qualidade e pre\u00e7o competitivo.","robots":{"index":"index","follow":"follow","max-snippet":"max-snippet:-1","max-image-preview":"max-image-preview:large","max-video-preview":"max-video-preview:-1"},"canonical":"https:\/\/longchangchemical.com\/pt\/product\/beta-nicotinamide-mononucleotide-cas-1094-61-7\/","og_locale":"pt_BR","og_type":"article","og_title":"China beta-nicotinamide mononucleotide Manufacturer CAS 1094-61-7 - Longchang Chemical","og_description":"beta-nicotinamide mononucleotide CAS 1094-61-7 is a key product of Longchang Chemical. We provide the best price. We are the leading manufacturer in China with the best quality and competitive price.","og_url":"https:\/\/longchangchemical.com\/pt\/product\/beta-nicotinamide-mononucleotide-cas-1094-61-7\/","og_site_name":"Longchang Chemical","article_modified_time":"2025-12-17T02:18:24+00:00","og_image":[{"url":"https:\/\/www.longchangchemical.com\/wp-content\/uploads\/product-details\/20200611169204.png","type":"","width":"","height":""}],"twitter_card":"summary_large_image","schema":{"@context":"https:\/\/schema.org","@graph":[{"@type":"WebPage","@id":"https:\/\/longchangchemical.com\/product\/beta-nicotinamide-mononucleotide-cas-1094-61-7\/","url":"https:\/\/longchangchemical.com\/product\/beta-nicotinamide-mononucleotide-cas-1094-61-7\/","name":"Fabricante de mononucleot\u00eddeo de beta-nicotinamida na China CAS 1094-61-7 - Longchang Chemical","isPartOf":{"@id":"https:\/\/longchangchemical.com\/#website"},"primaryImageOfPage":{"@id":"https:\/\/longchangchemical.com\/product\/beta-nicotinamide-mononucleotide-cas-1094-61-7\/#primaryimage"},"image":{"@id":"https:\/\/longchangchemical.com\/product\/beta-nicotinamide-mononucleotide-cas-1094-61-7\/#primaryimage"},"thumbnailUrl":"https:\/\/www.longchangchemical.com\/wp-content\/uploads\/product-details\/20200611169204.png","datePublished":"2024-04-10T01:59:41+00:00","dateModified":"2025-12-17T02:18:24+00:00","description":"O mononucleot\u00eddeo de beta-nicotinamida CAS 1094-61-7 \u00e9 um produto-chave da Longchang Chemical. Oferecemos o melhor pre\u00e7o. Somos o fabricante l\u00edder na China, com a melhor qualidade e pre\u00e7o competitivo.","breadcrumb":{"@id":"https:\/\/longchangchemical.com\/product\/beta-nicotinamide-mononucleotide-cas-1094-61-7\/#breadcrumb"},"inLanguage":"pt-BR","potentialAction":[{"@type":"ReadAction","target":["https:\/\/longchangchemical.com\/product\/beta-nicotinamide-mononucleotide-cas-1094-61-7\/"]}]},{"@type":"ImageObject","inLanguage":"pt-BR","@id":"https:\/\/longchangchemical.com\/product\/beta-nicotinamide-mononucleotide-cas-1094-61-7\/#primaryimage","url":"https:\/\/www.longchangchemical.com\/wp-content\/uploads\/product-details\/20200611169204.png","contentUrl":"https:\/\/www.longchangchemical.com\/wp-content\/uploads\/product-details\/20200611169204.png"},{"@type":"BreadcrumbList","@id":"https:\/\/longchangchemical.com\/product\/beta-nicotinamide-mononucleotide-cas-1094-61-7\/#breadcrumb","itemListElement":[{"@type":"ListItem","position":1,"name":"Home","item":"https:\/\/longchangchemical.com\/"},{"@type":"ListItem","position":2,"name":"Products Longchang","item":"https:\/\/longchangchemical.com\/product\/"},{"@type":"ListItem","position":3,"name":"beta-nicotinamide mononucleotide CAS 1094-61-7"}]},{"@type":"WebSite","@id":"https:\/\/longchangchemical.com\/#website","url":"https:\/\/longchangchemical.com\/","name":"Qu\u00edmica Longchang","description":"Fabricante de produtos qu\u00edmicos na China \uff06 fornecedor","publisher":{"@id":"https:\/\/longchangchemical.com\/#organization"},"potentialAction":[{"@type":"SearchAction","target":{"@type":"EntryPoint","urlTemplate":"https:\/\/longchangchemical.com\/?s={search_term_string}"},"query-input":{"@type":"PropertyValueSpecification","valueRequired":true,"valueName":"search_term_string"}}],"inLanguage":"pt-BR"},{"@type":"Organization","@id":"https:\/\/longchangchemical.com\/#organization","name":"Qu\u00edmica Longchang","url":"https:\/\/longchangchemical.com\/","logo":{"@type":"ImageObject","inLanguage":"pt-BR","@id":"https:\/\/longchangchemical.com\/#\/schema\/logo\/image\/","url":"https:\/\/longchangchemical.com\/wp-content\/uploads\/2020\/08\/cropped-longchang-logo.png","contentUrl":"https:\/\/longchangchemical.com\/wp-content\/uploads\/2020\/08\/cropped-longchang-logo.png","width":512,"height":512,"caption":"Longchang Chemical"},"image":{"@id":"https:\/\/longchangchemical.com\/#\/schema\/logo\/image\/"}}]}},"_links":{"self":[{"href":"https:\/\/longchangchemical.com\/pt\/wp-json\/wp\/v2\/product\/6829","targetHints":{"allow":["GET"]}}],"collection":[{"href":"https:\/\/longchangchemical.com\/pt\/wp-json\/wp\/v2\/product"}],"about":[{"href":"https:\/\/longchangchemical.com\/pt\/wp-json\/wp\/v2\/types\/product"}],"replies":[{"embeddable":true,"href":"https:\/\/longchangchemical.com\/pt\/wp-json\/wp\/v2\/comments?post=6829"}],"wp:attachment":[{"href":"https:\/\/longchangchemical.com\/pt\/wp-json\/wp\/v2\/media?parent=6829"}],"wp:term":[{"taxonomy":"product_brand","embeddable":true,"href":"https:\/\/longchangchemical.com\/pt\/wp-json\/wp\/v2\/product_brand?post=6829"},{"taxonomy":"product_cat","embeddable":true,"href":"https:\/\/longchangchemical.com\/pt\/wp-json\/wp\/v2\/product_cat?post=6829"},{"taxonomy":"product_tag","embeddable":true,"href":"https:\/\/longchangchemical.com\/pt\/wp-json\/wp\/v2\/product_tag?post=6829"}],"curies":[{"name":"wp","href":"https:\/\/api.w.org\/{rel}","templated":true}]}}