{"id":6764,"date":"2024-03-22T06:14:09","date_gmt":"2024-03-22T06:14:09","guid":{"rendered":"https:\/\/longchangchemical.com\/?post_type=product&#038;p=6764"},"modified":"2025-12-17T02:26:44","modified_gmt":"2025-12-17T02:26:44","slug":"amp-95-cas-124-68-5","status":"publish","type":"product","link":"https:\/\/longchangchemical.com\/pt\/product\/amp-95-cas-124-68-5\/","title":{"rendered":"AMP-95 CAS 124-68-5"},"content":{"rendered":"<p><strong>2-Amino-2-metil-1-propanol Detalhe<\/strong><\/p>\n<p>Nome qu\u00edmico: AGENTE ORG\u00c2NICO-AMINA DE MULTIFU\u00c7\u00c3O AMP-95<\/p>\n<p>N\u00famero CAS: 124-68-5<\/p>\n<p>F\u00f3rmula molecular: C4H11NO<\/p>\n<p>Estrutura qu\u00edmica:\u00a0<img decoding=\"async\" class=\"alignnone wp-image-195152 size-full\" src=\"https:\/\/longchangchemical.com\/wp-content\/uploads\/2023\/12\/2-Amino-2-methyl-1-propanol-CAS-124-68-5.png\" alt=\"2-Amino-2-metil-1-propanol CAS 124-68-5\" width=\"160\" height=\"86\" \/><\/p>\n<p>Peso molecular: 89,14<\/p>\n<p>Apar\u00eancia: L\u00edquido transparente incolor ou amarelo claro, sem impurezas mec\u00e2nicas<\/p>\n<p><b>Propriedades t\u00edpicas do AMP-95:<\/b><\/p>\n<p><a href=\"https:\/\/longchangchemical.com\/wp-content\/uploads\/2023\/12\/2-Amino-2-methyl-1-propanol-CAS-124-68-5-1.png\" data-caption=\"\"><img decoding=\"async\" class=\"alignnone size-full wp-image-195153\" src=\"https:\/\/longchangchemical.com\/wp-content\/uploads\/2023\/12\/2-Amino-2-methyl-1-propanol-CAS-124-68-5-1.png\" sizes=\"(max-width: 635px) 100vw, 635px\" srcset=\"https:\/\/longchangchemical.com\/wp-content\/uploads\/2023\/12\/2-Amino-2-methyl-1-propanol-CAS-124-68-5-1-500x170.png 500w, https:\/\/longchangchemical.com\/wp-content\/uploads\/2023\/12\/2-Amino-2-methyl-1-propanol-CAS-124-68-5-1.png 635w\" alt=\"2-Amino-2-metil-1-propanol CAS 124-68-5\" width=\"635\" height=\"216\" \/><\/a><\/p>\n<p><b>AMP-95 Uso:<\/b><\/p>\n<p>1. V\u00e1rios tipos de tinta l\u00e1tex<\/p>\n<p>2. Tinta industrial \u00e0 base de \u00e1gua<\/p>\n<p>3. Emuls\u00e3o sint\u00e9tica<\/p>\n<p>4. Adesivos \u00e0 base de \u00e1gua<\/p>\n<p><b>M\u00e9todo de uso<\/b><\/p>\n<p>1 A dosagem \u00e9 de 0,1 a 1,0% do peso total da f\u00f3rmula.<\/p>\n<p>2 Adicione 1\/3~1\/2 da quantidade total no est\u00e1gio de polpa\u00e7\u00e3o e adicione o restante no est\u00e1gio de mistura da tinta.<\/p>\n<p>3 Adicione-o \u00e0 \u00e1gua com dispersante no est\u00e1gio de polpa\u00e7\u00e3o e, em seguida, adicione o enchimento de pigmento sob agita\u00e7\u00e3o r\u00e1pida ap\u00f3s a dissolu\u00e7\u00e3o completa. Adicione a carga de pigmento sucessivamente sob agita\u00e7\u00e3o r\u00e1pida<\/p>\n<p>4 Na etapa de mistura da tinta, primeiro dilua-a com 2 a 5 vezes a \u00e1gua e, em seguida, adicione-a lentamente sob agita\u00e7\u00e3o.<\/p>\n<p><b>AMP-95 Embalagem:<\/b><\/p>\n<p>Embalagem: 200 kg\/tambor ou 1 tonelada\/tambor<\/p>\n<p><b>Armazenamento AMP-95<\/b><b>\uff1a<\/b><\/p>\n<p>Armazenado em um local fresco e seco, longe da luz solar direta e da \u00e1gua<\/p>\n<p>Armaz\u00e9m ventilado, secagem em baixa temperatura.<\/p>\n<h2><strong><b>Entre em contato conosco agora!<\/b><\/strong><\/h2>\n<h4><strong><b>Se precisar do Price, preencha suas informa\u00e7\u00f5es de contato no formul\u00e1rio abaixo. Normalmente, entraremos em contato dentro de 24 horas. Voc\u00ea tamb\u00e9m pode me enviar um e-mail\u00a0<span style=\"color: #00ccff;\"><a style=\"color: #00ccff;\" href=\"mailto:info@longchangchemical.com\">info@longchangchemical.com<\/a>\u00a0<\/span>durante o hor\u00e1rio comercial (das 8h30 \u00e0s 18h UTC+8 de segunda a s\u00e1bado) ou use o bate-papo ao vivo do site para obter uma resposta imediata.<\/b><\/strong><\/h4>\n<p><!--more--><\/p>\n<p>Propriedades f\u00edsicas<\/p>\n<p>&nbsp;<\/p>\n<p>As propriedades f\u00edsicas indicam a forma, a estrutura, a densidade, o tamanho das part\u00edculas e outras propriedades do catalisador. Elas geralmente incluem cinco itens principais: \u00e1rea de superf\u00edcie espec\u00edfica, volume de poros, densidade aparente, \u00edndice de desgaste e composi\u00e7\u00e3o da peneira. Eles s\u00e3o descritos resumidamente a seguir:<\/p>\n<p>&nbsp;<\/p>\n<p>1\u3001\u00c1rea de superf\u00edcie espec\u00edfica<\/p>\n<p>A \u00e1rea de superf\u00edcie espec\u00edfica do catalisador \u00e9 a soma da \u00e1rea de superf\u00edcie interna e da \u00e1rea de superf\u00edcie externa. A \u00e1rea de superf\u00edcie interna refere-se \u00e0 \u00e1rea de superf\u00edcie dentro dos microporos do catalisador, enquanto a \u00e1rea de superf\u00edcie externa refere-se \u00e0 \u00e1rea de superf\u00edcie fora dos microporos do catalisador e, normalmente, a \u00e1rea de superf\u00edcie interna \u00e9 muito maior do que a \u00e1rea de superf\u00edcie externa. A \u00e1rea de superf\u00edcie por unidade de peso do catalisador \u00e9 chamada de \u00e1rea de superf\u00edcie espec\u00edfica.<\/p>\n<p>&nbsp;<\/p>\n<p>A \u00e1rea de superf\u00edcie espec\u00edfica \u00e9 um \u00edndice importante para medir o desempenho do catalisador. N\u00e3o h\u00e1 correspond\u00eancia direta entre a \u00e1rea de superf\u00edcie espec\u00edfica e a atividade de diferentes produtos, devido a diferentes transportadores e processos de prepara\u00e7\u00e3o.<\/p>\n<p>O m\u00e9todo usado para determinar a \u00e1rea de superf\u00edcie espec\u00edfica \u00e9 o m\u00e9todo de capacidade de adsor\u00e7\u00e3o de nitrog\u00eanio.<\/p>\n<p>&nbsp;<\/p>\n<p>2\u3001Volume de poros<\/p>\n<p>&nbsp;<\/p>\n<p>O volume de poros \u00e9 uma quantidade f\u00edsica que descreve a estrutura de poros do catalisador. A estrutura dos poros n\u00e3o afeta apenas a atividade e a seletividade do catalisador, mas tamb\u00e9m influencia a for\u00e7a mec\u00e2nica, a vida \u00fatil e a resist\u00eancia ao calor do catalisador.<\/p>\n<p>&nbsp;<\/p>\n<p>O volume dos poros \u00e9 a soma do volume dos microporos nas part\u00edculas porosas do catalisador, e a unidade \u00e9 ml\/g. O tamanho do volume dos poros est\u00e1 intimamente relacionado principalmente ao transportador no catalisador. Para o mesmo tipo de catalisador, o volume dos poros diminui enquanto o di\u00e2metro dos poros aumenta durante o uso.<\/p>\n<p>&nbsp;<\/p>\n<p>O volume dos poros \u00e9 medido pelo m\u00e9todo da gota d'\u00e1gua.<\/p>\n<p>&nbsp;<\/p>\n<p>3. \u00cdndice de desgaste<\/p>\n<p>&nbsp;<\/p>\n<p>Um excelente catalisador de FCC, al\u00e9m de alta atividade e boa seletividade, tamb\u00e9m deve ter uma certa resist\u00eancia mec\u00e2nica ao desgaste. Um catalisador com baixa resist\u00eancia mec\u00e2nica n\u00e3o s\u00f3 causar\u00e1 muitas perdas durante a opera\u00e7\u00e3o, aumentar\u00e1 a dosagem do catalisador e poluir\u00e1 o meio ambiente, mas tamb\u00e9m prejudicar\u00e1 seriamente a distribui\u00e7\u00e3o razo\u00e1vel do catalisador nas fases dilu\u00edda e densa e at\u00e9 mesmo impedir\u00e1 a opera\u00e7\u00e3o da unidade de produ\u00e7\u00e3o.<\/p>\n<p>&nbsp;<\/p>\n<p>O tamanho da resist\u00eancia ao desgaste do catalisador \u00e9 determinado pelo tipo de aglutinante no processo de prepara\u00e7\u00e3o. Normalmente, o catalisador com sol de alum\u00ednio como aglutinante tem a melhor resist\u00eancia e o menor \u00edndice de desgaste, enquanto o catalisador com sol de s\u00edlica-alum\u00ednio totalmente sint\u00e9tico como aglutinante tem a pior resist\u00eancia e o maior \u00edndice de desgaste.<\/p>\n<p>&nbsp;<\/p>\n<p>Atualmente, o \"\u00edndice de desgaste\" \u00e9 usado para avaliar a resist\u00eancia ao desgaste dos catalisadores de microesferas. O m\u00e9todo de medi\u00e7\u00e3o \u00e9 o seguinte: coloque uma certa quantidade de catalisador no dispositivo de medi\u00e7\u00e3o do \u00edndice de desgaste e, em seguida, sopre o catalisador por 5 horas sob a velocidade constante do g\u00e1s, descarte os esp\u00e9cimes &lt;15\u03bc soprados na primeira hora e, em seguida, colete os esp\u00e9cimes soprados nas pr\u00f3ximas 4 horas, e, em seguida, calcular a porcentagem m\u00e9dia de desgaste por hora (a porcentagem de amostras 15\u03bc das amostras originais) e, em seguida, calcular o \u00edndice de desgaste do catalisador em %h-1 e, em seguida, calcular o \u00edndice de desgaste em %h-1. A unidade \u00e9 %h-1.<\/p>\n<p>O m\u00e9todo atual de an\u00e1lise do \u00edndice de desgaste do catalisador \u00e9 o m\u00e9todo do tubo reto.<\/p>\n<p>&nbsp;<\/p>\n<p>4. Distribui\u00e7\u00e3o do tamanho das part\u00edculas (peneiramento)<\/p>\n<p>&nbsp;<\/p>\n<p>O catalisador de FCC deve ter uma boa distribui\u00e7\u00e3o de tamanho de part\u00edcula para garantir uma boa fluidiza\u00e7\u00e3o. Em geral, \u00e9 necess\u00e1rio que n\u00e3o mais do que 25% de part\u00edculas de catalisador 80\u03bcm.<\/p>\n<p>No estado fluidizado, o p\u00f3 fino &lt;20\u03bcm produzido pelo catalisador por meio de abras\u00e3o e impacto pode facilmente fugir do separador de ciclone. De modo geral, quanto pior for a resist\u00eancia \u00e0 abras\u00e3o do catalisador, mais grave ser\u00e1 o escoamento. Na opera\u00e7\u00e3o do FCC, para equilibrar a produ\u00e7\u00e3o, \u00e9 necess\u00e1rio reabastecer constantemente esse catalisador em fuga. Se o catalisador tiver mais part\u00edculas finas, for menos forte e tiver mais escoamento, a quantidade de catalisador novo que precisa ser reabastecido ser\u00e1 maior e o custo de produ\u00e7\u00e3o aumentar\u00e1. Quanto mais finas forem as part\u00edculas do catalisador, menor ser\u00e1 o tempo de perman\u00eancia na unidade, enquanto as part\u00edculas mais grossas do catalisador t\u00eam um longo tempo de perman\u00eancia na unidade e decaem em atividade. Portanto, para manter o n\u00edvel de atividade de equil\u00edbrio do dispositivo, al\u00e9m de reabastecer o catalisador do esgotamento normal, a descarga adequada tamb\u00e9m \u00e9 muito necess\u00e1ria.<\/p>\n<p>&nbsp;<\/p>\n<p>Atualmente, o instrumento usado para determinar o peneiramento do catalisador \u00e9 o medidor de part\u00edculas a laser.<\/p>\n<p>&nbsp;<\/p>\n<p>5\u3001Densidade aparente<\/p>\n<p>&nbsp;<\/p>\n<p>O tamanho da densidade do catalisador influencia o desempenho da fluidiza\u00e7\u00e3o, a medi\u00e7\u00e3o do leito fluidizado, o tamanho do equipamento e a medi\u00e7\u00e3o do catalisador. Normalmente, a densidade do catalisador \u00e9 expressa pela densidade aparente, comumente conhecida como gravidade espec\u00edfica de empilhamento.<\/p>\n<p>&nbsp;<\/p>\n<p>Na produ\u00e7\u00e3o normal, o instrumento usado para analisar a densidade aparente do catalisador \u00e9 um cilindro de medi\u00e7\u00e3o de 25 ml com um di\u00e2metro interno de 20 mm, cortado e retificado exatamente na escala de 25 ml. A medi\u00e7\u00e3o \u00e9 feita colocando-se a proveta sob um funil, despejando a amostra no funil de modo que a amostra encha continuamente a proveta e transborde em 30 segundos, raspando o excesso de catalisador com uma esp\u00e1tula, limpando o catalisador de fora da proveta e pesando-o. Com isso, a densidade aparente do catalisador foi calculada. A unidade \u00e9 gramas por mililitro.<\/p>\n<p>&nbsp;<\/p>","protected":false},"excerpt":{"rendered":"<p>Nome qu\u00edmico: AGENTE ORG\u00c2NICO-AMINA DE MULTIFU\u00c7\u00c3O AMP-95<\/p>\n<p>N\u00famero CAS: 124-68-5<\/p>\n<p>F\u00f3rmula molecular: C4H11NO<\/p>\n<p>Peso molecular: 89,14<\/p>\n<p>Apar\u00eancia: L\u00edquido transparente incolor ou amarelo claro, sem impurezas mec\u00e2nicas<\/p>","protected":false},"featured_media":6738,"comment_status":"open","ping_status":"closed","template":"","meta":[],"product_brand":[],"product_cat":[69],"product_tag":[],"class_list":{"0":"post-6764","1":"product","2":"type-product","3":"status-publish","4":"has-post-thumbnail","6":"product_cat-catalysts-chemical-auxiliary-agents","8":"first","9":"instock","10":"shipping-taxable","11":"product-type-simple"},"yoast_head":"<!-- This site is optimized with the Yoast SEO plugin v25.3.1 - https:\/\/yoast.com\/wordpress\/plugins\/seo\/ -->\n<title>China AMP-95 CAS 124-68-5 Manufacturer - Longchang Chemical<\/title>\n<meta name=\"description\" content=\"AMP-95 CAS 124-68-5 is a key product of Longchang Chemical. We provide the best price. We are the leading manufacturer in China with the best quality and competitive price.\" \/>\n<meta name=\"robots\" content=\"index, follow, max-snippet:-1, max-image-preview:large, max-video-preview:-1\" \/>\n<link rel=\"canonical\" href=\"https:\/\/longchangchemical.com\/pt\/product\/amp-95-cas-124-68-5\/\" \/>\n<meta property=\"og:locale\" content=\"pt_BR\" \/>\n<meta property=\"og:type\" content=\"article\" \/>\n<meta property=\"og:title\" content=\"China AMP-95 CAS 124-68-5 Manufacturer - Longchang Chemical\" \/>\n<meta property=\"og:description\" content=\"AMP-95 CAS 124-68-5 is a key product of Longchang Chemical. We provide the best price. We are the leading manufacturer in China with the best quality and competitive price.\" \/>\n<meta property=\"og:url\" content=\"https:\/\/longchangchemical.com\/pt\/product\/amp-95-cas-124-68-5\/\" \/>\n<meta property=\"og:site_name\" content=\"Longchang Chemical\" \/>\n<meta property=\"article:modified_time\" content=\"2025-12-17T02:26:44+00:00\" \/>\n<meta property=\"og:image\" content=\"https:\/\/longchangchemical.com\/wp-content\/uploads\/2024\/03\/APE-Chemical.jpg\" \/>\n\t<meta property=\"og:image:width\" content=\"495\" \/>\n\t<meta property=\"og:image:height\" content=\"660\" \/>\n\t<meta property=\"og:image:type\" content=\"image\/jpeg\" \/>\n<meta name=\"twitter:card\" content=\"summary_large_image\" \/>\n<script type=\"application\/ld+json\" class=\"yoast-schema-graph\">{\"@context\":\"https:\/\/schema.org\",\"@graph\":[{\"@type\":\"WebPage\",\"@id\":\"https:\/\/longchangchemical.com\/product\/amp-95-cas-124-68-5\/\",\"url\":\"https:\/\/longchangchemical.com\/product\/amp-95-cas-124-68-5\/\",\"name\":\"China AMP-95 CAS 124-68-5 Manufacturer - Longchang Chemical\",\"isPartOf\":{\"@id\":\"https:\/\/longchangchemical.com\/#website\"},\"primaryImageOfPage\":{\"@id\":\"https:\/\/longchangchemical.com\/product\/amp-95-cas-124-68-5\/#primaryimage\"},\"image\":{\"@id\":\"https:\/\/longchangchemical.com\/product\/amp-95-cas-124-68-5\/#primaryimage\"},\"thumbnailUrl\":\"https:\/\/longchangchemical.com\/wp-content\/uploads\/2024\/03\/APE-Chemical.jpg\",\"datePublished\":\"2024-03-22T06:14:09+00:00\",\"dateModified\":\"2025-12-17T02:26:44+00:00\",\"description\":\"AMP-95 CAS 124-68-5 is a key product of Longchang Chemical. We provide the best price. We are the leading manufacturer in China with the best quality and competitive price.\",\"breadcrumb\":{\"@id\":\"https:\/\/longchangchemical.com\/product\/amp-95-cas-124-68-5\/#breadcrumb\"},\"inLanguage\":\"pt-BR\",\"potentialAction\":[{\"@type\":\"ReadAction\",\"target\":[\"https:\/\/longchangchemical.com\/product\/amp-95-cas-124-68-5\/\"]}]},{\"@type\":\"ImageObject\",\"inLanguage\":\"pt-BR\",\"@id\":\"https:\/\/longchangchemical.com\/product\/amp-95-cas-124-68-5\/#primaryimage\",\"url\":\"https:\/\/longchangchemical.com\/wp-content\/uploads\/2024\/03\/APE-Chemical.jpg\",\"contentUrl\":\"https:\/\/longchangchemical.com\/wp-content\/uploads\/2024\/03\/APE-Chemical.jpg\",\"width\":495,\"height\":660},{\"@type\":\"BreadcrumbList\",\"@id\":\"https:\/\/longchangchemical.com\/product\/amp-95-cas-124-68-5\/#breadcrumb\",\"itemListElement\":[{\"@type\":\"ListItem\",\"position\":1,\"name\":\"Home\",\"item\":\"https:\/\/longchangchemical.com\/\"},{\"@type\":\"ListItem\",\"position\":2,\"name\":\"Products Longchang\",\"item\":\"https:\/\/longchangchemical.com\/product\/\"},{\"@type\":\"ListItem\",\"position\":3,\"name\":\"AMP-95 CAS 124-68-5\"}]},{\"@type\":\"WebSite\",\"@id\":\"https:\/\/longchangchemical.com\/#website\",\"url\":\"https:\/\/longchangchemical.com\/\",\"name\":\"Longchang Chemical\",\"description\":\"China chemical manufacturer \uff06 supplier\",\"publisher\":{\"@id\":\"https:\/\/longchangchemical.com\/#organization\"},\"potentialAction\":[{\"@type\":\"SearchAction\",\"target\":{\"@type\":\"EntryPoint\",\"urlTemplate\":\"https:\/\/longchangchemical.com\/?s={search_term_string}\"},\"query-input\":{\"@type\":\"PropertyValueSpecification\",\"valueRequired\":true,\"valueName\":\"search_term_string\"}}],\"inLanguage\":\"pt-BR\"},{\"@type\":\"Organization\",\"@id\":\"https:\/\/longchangchemical.com\/#organization\",\"name\":\"Longchang Chemical\",\"url\":\"https:\/\/longchangchemical.com\/\",\"logo\":{\"@type\":\"ImageObject\",\"inLanguage\":\"pt-BR\",\"@id\":\"https:\/\/longchangchemical.com\/#\/schema\/logo\/image\/\",\"url\":\"https:\/\/longchangchemical.com\/wp-content\/uploads\/2020\/08\/cropped-longchang-logo.png\",\"contentUrl\":\"https:\/\/longchangchemical.com\/wp-content\/uploads\/2020\/08\/cropped-longchang-logo.png\",\"width\":512,\"height\":512,\"caption\":\"Longchang Chemical\"},\"image\":{\"@id\":\"https:\/\/longchangchemical.com\/#\/schema\/logo\/image\/\"}}]}<\/script>\n<!-- \/ Yoast SEO plugin. -->","yoast_head_json":{"title":"Fabricante do AMP-95 CAS 124-68-5 na China - Longchang Chemical","description":"O AMP-95 CAS 124-68-5 \u00e9 um produto-chave da Longchang Chemical. Oferecemos o melhor pre\u00e7o. Somos o fabricante l\u00edder na China, com a melhor qualidade e pre\u00e7o competitivo.","robots":{"index":"index","follow":"follow","max-snippet":"max-snippet:-1","max-image-preview":"max-image-preview:large","max-video-preview":"max-video-preview:-1"},"canonical":"https:\/\/longchangchemical.com\/pt\/product\/amp-95-cas-124-68-5\/","og_locale":"pt_BR","og_type":"article","og_title":"China AMP-95 CAS 124-68-5 Manufacturer - Longchang Chemical","og_description":"AMP-95 CAS 124-68-5 is a key product of Longchang Chemical. We provide the best price. We are the leading manufacturer in China with the best quality and competitive price.","og_url":"https:\/\/longchangchemical.com\/pt\/product\/amp-95-cas-124-68-5\/","og_site_name":"Longchang Chemical","article_modified_time":"2025-12-17T02:26:44+00:00","og_image":[{"width":495,"height":660,"url":"https:\/\/longchangchemical.com\/wp-content\/uploads\/2024\/03\/APE-Chemical.jpg","type":"image\/jpeg"}],"twitter_card":"summary_large_image","schema":{"@context":"https:\/\/schema.org","@graph":[{"@type":"WebPage","@id":"https:\/\/longchangchemical.com\/product\/amp-95-cas-124-68-5\/","url":"https:\/\/longchangchemical.com\/product\/amp-95-cas-124-68-5\/","name":"Fabricante do AMP-95 CAS 124-68-5 na China - Longchang Chemical","isPartOf":{"@id":"https:\/\/longchangchemical.com\/#website"},"primaryImageOfPage":{"@id":"https:\/\/longchangchemical.com\/product\/amp-95-cas-124-68-5\/#primaryimage"},"image":{"@id":"https:\/\/longchangchemical.com\/product\/amp-95-cas-124-68-5\/#primaryimage"},"thumbnailUrl":"https:\/\/longchangchemical.com\/wp-content\/uploads\/2024\/03\/APE-Chemical.jpg","datePublished":"2024-03-22T06:14:09+00:00","dateModified":"2025-12-17T02:26:44+00:00","description":"O AMP-95 CAS 124-68-5 \u00e9 um produto-chave da Longchang Chemical. Oferecemos o melhor pre\u00e7o. Somos o fabricante l\u00edder na China, com a melhor qualidade e pre\u00e7o competitivo.","breadcrumb":{"@id":"https:\/\/longchangchemical.com\/product\/amp-95-cas-124-68-5\/#breadcrumb"},"inLanguage":"pt-BR","potentialAction":[{"@type":"ReadAction","target":["https:\/\/longchangchemical.com\/product\/amp-95-cas-124-68-5\/"]}]},{"@type":"ImageObject","inLanguage":"pt-BR","@id":"https:\/\/longchangchemical.com\/product\/amp-95-cas-124-68-5\/#primaryimage","url":"https:\/\/longchangchemical.com\/wp-content\/uploads\/2024\/03\/APE-Chemical.jpg","contentUrl":"https:\/\/longchangchemical.com\/wp-content\/uploads\/2024\/03\/APE-Chemical.jpg","width":495,"height":660},{"@type":"BreadcrumbList","@id":"https:\/\/longchangchemical.com\/product\/amp-95-cas-124-68-5\/#breadcrumb","itemListElement":[{"@type":"ListItem","position":1,"name":"Home","item":"https:\/\/longchangchemical.com\/"},{"@type":"ListItem","position":2,"name":"Products Longchang","item":"https:\/\/longchangchemical.com\/product\/"},{"@type":"ListItem","position":3,"name":"AMP-95 CAS 124-68-5"}]},{"@type":"WebSite","@id":"https:\/\/longchangchemical.com\/#website","url":"https:\/\/longchangchemical.com\/","name":"Qu\u00edmica Longchang","description":"Fabricante de produtos qu\u00edmicos na China \uff06 fornecedor","publisher":{"@id":"https:\/\/longchangchemical.com\/#organization"},"potentialAction":[{"@type":"SearchAction","target":{"@type":"EntryPoint","urlTemplate":"https:\/\/longchangchemical.com\/?s={search_term_string}"},"query-input":{"@type":"PropertyValueSpecification","valueRequired":true,"valueName":"search_term_string"}}],"inLanguage":"pt-BR"},{"@type":"Organization","@id":"https:\/\/longchangchemical.com\/#organization","name":"Qu\u00edmica Longchang","url":"https:\/\/longchangchemical.com\/","logo":{"@type":"ImageObject","inLanguage":"pt-BR","@id":"https:\/\/longchangchemical.com\/#\/schema\/logo\/image\/","url":"https:\/\/longchangchemical.com\/wp-content\/uploads\/2020\/08\/cropped-longchang-logo.png","contentUrl":"https:\/\/longchangchemical.com\/wp-content\/uploads\/2020\/08\/cropped-longchang-logo.png","width":512,"height":512,"caption":"Longchang Chemical"},"image":{"@id":"https:\/\/longchangchemical.com\/#\/schema\/logo\/image\/"}}]}},"_links":{"self":[{"href":"https:\/\/longchangchemical.com\/pt\/wp-json\/wp\/v2\/product\/6764","targetHints":{"allow":["GET"]}}],"collection":[{"href":"https:\/\/longchangchemical.com\/pt\/wp-json\/wp\/v2\/product"}],"about":[{"href":"https:\/\/longchangchemical.com\/pt\/wp-json\/wp\/v2\/types\/product"}],"replies":[{"embeddable":true,"href":"https:\/\/longchangchemical.com\/pt\/wp-json\/wp\/v2\/comments?post=6764"}],"wp:featuredmedia":[{"embeddable":true,"href":"https:\/\/longchangchemical.com\/pt\/wp-json\/wp\/v2\/media\/6738"}],"wp:attachment":[{"href":"https:\/\/longchangchemical.com\/pt\/wp-json\/wp\/v2\/media?parent=6764"}],"wp:term":[{"taxonomy":"product_brand","embeddable":true,"href":"https:\/\/longchangchemical.com\/pt\/wp-json\/wp\/v2\/product_brand?post=6764"},{"taxonomy":"product_cat","embeddable":true,"href":"https:\/\/longchangchemical.com\/pt\/wp-json\/wp\/v2\/product_cat?post=6764"},{"taxonomy":"product_tag","embeddable":true,"href":"https:\/\/longchangchemical.com\/pt\/wp-json\/wp\/v2\/product_tag?post=6764"}],"curies":[{"name":"wp","href":"https:\/\/api.w.org\/{rel}","templated":true}]}}