{"id":6753,"date":"2024-03-20T05:50:39","date_gmt":"2024-03-20T05:50:39","guid":{"rendered":"https:\/\/longchangchemical.com\/?post_type=product&#038;p=6753"},"modified":"2026-01-12T06:30:14","modified_gmt":"2026-01-12T06:30:14","slug":"butyl-carbitol-n-butyl-carbitol-cas-112-34-5","status":"publish","type":"product","link":"https:\/\/longchangchemical.com\/pt\/product\/butyl-carbitol-n-butyl-carbitol-cas-112-34-5\/","title":{"rendered":"Butil carbitol \/ n-Butil carbitol CAS 112-34-5"},"content":{"rendered":"<p><strong>Butyl carbitol Detalhes r\u00e1pidos<\/strong><\/p>\n<p>Nome qu\u00edmico: Butilcarbitol<\/p>\n<p>CAS: 112-34-5<\/p>\n<p>F\u00f3rmula molecular: C8H18O3<\/p>\n<p>Peso molecular: 162,23<\/p>\n<p>Apar\u00eancia: L\u00edquido incolor<\/p>\n<p>Pureza: 99,5%<\/p>\n<p><strong>Propriedades t\u00edpicas<\/strong><\/p>\n<table class=\"table-1\">\n<tbody>\n<tr>\n<td>Ponto de fus\u00e3o<\/td>\n<td>-68\u00b0C(lit.)-68\u00b0C(lit.)<\/td>\n<\/tr>\n<tr>\n<td>Ponto de ebuli\u00e7\u00e3o<\/td>\n<td>231\u00b0C (lit.)<\/td>\n<\/tr>\n<tr>\n<td>Densidade<\/td>\n<td>0,967g\/mLat25\u00b0C(lit.)<\/td>\n<\/tr>\n<tr>\n<td>Densidade do vapor<\/td>\n<td>5,6 (vsair)<\/td>\n<\/tr>\n<tr>\n<td>Press\u00e3o de vapor<\/td>\n<td>30 mmHg (130 \u00b0C)<\/td>\n<\/tr>\n<tr>\n<td>\u00cdndice de refra\u00e7\u00e3o<\/td>\n<td>n20\/D1.432<\/td>\n<\/tr>\n<\/tbody>\n<\/table>\n<p><strong>Uso<\/strong><\/p>\n<p>Usado como solvente para nitrocelulose, verniz, tinta de impress\u00e3o, \u00f3leo, resina, etc., e como intermedi\u00e1rio para pl\u00e1sticos sint\u00e9ticos.<\/p>\n<p>O \u00e9ter but\u00edlico de dietilenoglicol \u00e9 usado principalmente como solvente em revestimentos, corantes, resinas, etc. Tamb\u00e9m \u00e9 usado como intermedi\u00e1rio para plastificantes e como diluente para fluidos de freio hidr\u00e1ulico.<\/p>\n<p><strong>Storge<\/strong><\/p>\n<p>Armazene abaixo de +30\u00b0C.<\/p>\n<h2>Outro nome:<\/h2>\n<p>Butildiglicol;<\/p>\n<p>2-(2-Butoxietoxi)etanol;<\/p>\n<p>\u00c9ter but\u00edlico de dietilenoglicol;<\/p>\n<p>n-Butil carbitol;<\/p>\n<p>&nbsp;<\/p>\n<p><span style=\"color: #0267c1;\"><!--more--><\/span><\/p>\n<blockquote>\n<h3>Entre em contato conosco agora!<\/h3>\n<h3>Se precisar de pre\u00e7os ou testes de amostras, envie um e-mail para <span style=\"color: #0267c1;\"><a style=\"color: #0267c1;\" href=\"mailto:info@longchangchemical.com\"><strong>info@longchangchemical.com<\/strong><\/a><\/span>ou use o bate-papo ao vivo do site para obter uma resposta imediata.<\/h3>\n<\/blockquote>\n<p>&nbsp;<\/p>","protected":false},"excerpt":{"rendered":"<p>Nome qu\u00edmico: Butilcarbitol<\/p>\n<p>CAS: 112-34-5<\/p>\n<p>F\u00f3rmula molecular: C8H18O3<\/p>\n<p>Peso molecular: 162,23<\/p>\n<p>Apar\u00eancia: L\u00edquido incolor<\/p>\n<p>Pureza: 99,5%<\/p>","protected":false},"featured_media":0,"comment_status":"open","ping_status":"closed","template":"","meta":[],"product_brand":[],"product_cat":[154],"product_tag":[],"class_list":{"0":"post-6753","1":"product","2":"type-product","3":"status-publish","5":"product_cat-solvent","7":"first","8":"instock","9":"shipping-taxable","10":"product-type-simple"},"yoast_head":"<!-- This site is optimized with the Yoast SEO plugin v25.3.1 - https:\/\/yoast.com\/wordpress\/plugins\/seo\/ -->\n<title>China Butyl carbitol \/ n-Butyl carbitol CAS 112-34-5 Manufacturer - Longchang Chemical<\/title>\n<meta name=\"description\" content=\"Butyl carbitol \/ n-Butyl carbitol CAS 112-34-5 is a key product of Longchang Chemical. We provide the best price. We are the leading manufacturer in China with the best quality and competitive price.\" \/>\n<meta name=\"robots\" content=\"index, follow, max-snippet:-1, max-image-preview:large, max-video-preview:-1\" \/>\n<link rel=\"canonical\" href=\"https:\/\/longchangchemical.com\/pt\/product\/butyl-carbitol-n-butyl-carbitol-cas-112-34-5\/\" \/>\n<meta property=\"og:locale\" content=\"pt_BR\" \/>\n<meta property=\"og:type\" content=\"article\" \/>\n<meta property=\"og:title\" content=\"China Butyl carbitol \/ n-Butyl carbitol CAS 112-34-5 Manufacturer - Longchang Chemical\" \/>\n<meta property=\"og:description\" content=\"Butyl carbitol \/ n-Butyl carbitol CAS 112-34-5 is a key product of Longchang Chemical. We provide the best price. We are the leading manufacturer in China with the best quality and competitive price.\" \/>\n<meta property=\"og:url\" content=\"https:\/\/longchangchemical.com\/pt\/product\/butyl-carbitol-n-butyl-carbitol-cas-112-34-5\/\" \/>\n<meta property=\"og:site_name\" content=\"Longchang Chemical\" \/>\n<meta property=\"article:modified_time\" content=\"2026-01-12T06:30:14+00:00\" \/>\n<meta property=\"og:image\" content=\"https:\/\/longchangchemical.com\/wp-content\/uploads\/2024\/02\/logo-jpeg.jpg\" \/>\n\t<meta property=\"og:image:width\" content=\"1000\" \/>\n\t<meta property=\"og:image:height\" content=\"1000\" \/>\n\t<meta property=\"og:image:type\" content=\"image\/jpeg\" \/>\n<meta name=\"twitter:card\" content=\"summary_large_image\" \/>\n<script type=\"application\/ld+json\" class=\"yoast-schema-graph\">{\"@context\":\"https:\/\/schema.org\",\"@graph\":[{\"@type\":\"WebPage\",\"@id\":\"https:\/\/longchangchemical.com\/product\/butyl-carbitol-n-butyl-carbitol-cas-112-34-5\/\",\"url\":\"https:\/\/longchangchemical.com\/product\/butyl-carbitol-n-butyl-carbitol-cas-112-34-5\/\",\"name\":\"China Butyl carbitol \/ n-Butyl carbitol CAS 112-34-5 Manufacturer - Longchang Chemical\",\"isPartOf\":{\"@id\":\"https:\/\/longchangchemical.com\/#website\"},\"datePublished\":\"2024-03-20T05:50:39+00:00\",\"dateModified\":\"2026-01-12T06:30:14+00:00\",\"description\":\"Butyl carbitol \/ n-Butyl carbitol CAS 112-34-5 is a key product of Longchang Chemical. We provide the best price. We are the leading manufacturer in China with the best quality and competitive price.\",\"breadcrumb\":{\"@id\":\"https:\/\/longchangchemical.com\/product\/butyl-carbitol-n-butyl-carbitol-cas-112-34-5\/#breadcrumb\"},\"inLanguage\":\"pt-BR\",\"potentialAction\":[{\"@type\":\"ReadAction\",\"target\":[\"https:\/\/longchangchemical.com\/product\/butyl-carbitol-n-butyl-carbitol-cas-112-34-5\/\"]}]},{\"@type\":\"BreadcrumbList\",\"@id\":\"https:\/\/longchangchemical.com\/product\/butyl-carbitol-n-butyl-carbitol-cas-112-34-5\/#breadcrumb\",\"itemListElement\":[{\"@type\":\"ListItem\",\"position\":1,\"name\":\"Home\",\"item\":\"https:\/\/longchangchemical.com\/\"},{\"@type\":\"ListItem\",\"position\":2,\"name\":\"Products Longchang\",\"item\":\"https:\/\/longchangchemical.com\/product\/\"},{\"@type\":\"ListItem\",\"position\":3,\"name\":\"Butyl carbitol \/ n-Butyl carbitol CAS 112-34-5\"}]},{\"@type\":\"WebSite\",\"@id\":\"https:\/\/longchangchemical.com\/#website\",\"url\":\"https:\/\/longchangchemical.com\/\",\"name\":\"Longchang Chemical\",\"description\":\"China chemical manufacturer \uff06 supplier\",\"publisher\":{\"@id\":\"https:\/\/longchangchemical.com\/#organization\"},\"potentialAction\":[{\"@type\":\"SearchAction\",\"target\":{\"@type\":\"EntryPoint\",\"urlTemplate\":\"https:\/\/longchangchemical.com\/?s={search_term_string}\"},\"query-input\":{\"@type\":\"PropertyValueSpecification\",\"valueRequired\":true,\"valueName\":\"search_term_string\"}}],\"inLanguage\":\"pt-BR\"},{\"@type\":\"Organization\",\"@id\":\"https:\/\/longchangchemical.com\/#organization\",\"name\":\"Longchang Chemical\",\"url\":\"https:\/\/longchangchemical.com\/\",\"logo\":{\"@type\":\"ImageObject\",\"inLanguage\":\"pt-BR\",\"@id\":\"https:\/\/longchangchemical.com\/#\/schema\/logo\/image\/\",\"url\":\"https:\/\/longchangchemical.com\/wp-content\/uploads\/2020\/08\/cropped-longchang-logo.png\",\"contentUrl\":\"https:\/\/longchangchemical.com\/wp-content\/uploads\/2020\/08\/cropped-longchang-logo.png\",\"width\":512,\"height\":512,\"caption\":\"Longchang Chemical\"},\"image\":{\"@id\":\"https:\/\/longchangchemical.com\/#\/schema\/logo\/image\/\"}}]}<\/script>\n<!-- \/ Yoast SEO plugin. -->","yoast_head_json":{"title":"Fabricante de butil carbitol \/ n-butil carbitol CAS 112-34-5 na China - Longchang Chemical","description":"Butyl carbitol \/ n-Butyl carbitol CAS 112-34-5 \u00e9 um produto-chave da Longchang Chemical. Oferecemos o melhor pre\u00e7o. Somos o fabricante l\u00edder na China, com a melhor qualidade e pre\u00e7o competitivo.","robots":{"index":"index","follow":"follow","max-snippet":"max-snippet:-1","max-image-preview":"max-image-preview:large","max-video-preview":"max-video-preview:-1"},"canonical":"https:\/\/longchangchemical.com\/pt\/product\/butyl-carbitol-n-butyl-carbitol-cas-112-34-5\/","og_locale":"pt_BR","og_type":"article","og_title":"China Butyl carbitol \/ n-Butyl carbitol CAS 112-34-5 Manufacturer - Longchang Chemical","og_description":"Butyl carbitol \/ n-Butyl carbitol CAS 112-34-5 is a key product of Longchang Chemical. We provide the best price. We are the leading manufacturer in China with the best quality and competitive price.","og_url":"https:\/\/longchangchemical.com\/pt\/product\/butyl-carbitol-n-butyl-carbitol-cas-112-34-5\/","og_site_name":"Longchang Chemical","article_modified_time":"2026-01-12T06:30:14+00:00","og_image":[{"width":1000,"height":1000,"url":"https:\/\/longchangchemical.com\/wp-content\/uploads\/2024\/02\/logo-jpeg.jpg","type":"image\/jpeg"}],"twitter_card":"summary_large_image","schema":{"@context":"https:\/\/schema.org","@graph":[{"@type":"WebPage","@id":"https:\/\/longchangchemical.com\/product\/butyl-carbitol-n-butyl-carbitol-cas-112-34-5\/","url":"https:\/\/longchangchemical.com\/product\/butyl-carbitol-n-butyl-carbitol-cas-112-34-5\/","name":"Fabricante de butil carbitol \/ n-butil carbitol CAS 112-34-5 na China - Longchang Chemical","isPartOf":{"@id":"https:\/\/longchangchemical.com\/#website"},"datePublished":"2024-03-20T05:50:39+00:00","dateModified":"2026-01-12T06:30:14+00:00","description":"Butyl carbitol \/ n-Butyl carbitol CAS 112-34-5 \u00e9 um produto-chave da Longchang Chemical. Oferecemos o melhor pre\u00e7o. Somos o fabricante l\u00edder na China, com a melhor qualidade e pre\u00e7o competitivo.","breadcrumb":{"@id":"https:\/\/longchangchemical.com\/product\/butyl-carbitol-n-butyl-carbitol-cas-112-34-5\/#breadcrumb"},"inLanguage":"pt-BR","potentialAction":[{"@type":"ReadAction","target":["https:\/\/longchangchemical.com\/product\/butyl-carbitol-n-butyl-carbitol-cas-112-34-5\/"]}]},{"@type":"BreadcrumbList","@id":"https:\/\/longchangchemical.com\/product\/butyl-carbitol-n-butyl-carbitol-cas-112-34-5\/#breadcrumb","itemListElement":[{"@type":"ListItem","position":1,"name":"Home","item":"https:\/\/longchangchemical.com\/"},{"@type":"ListItem","position":2,"name":"Products Longchang","item":"https:\/\/longchangchemical.com\/product\/"},{"@type":"ListItem","position":3,"name":"Butyl carbitol \/ n-Butyl carbitol CAS 112-34-5"}]},{"@type":"WebSite","@id":"https:\/\/longchangchemical.com\/#website","url":"https:\/\/longchangchemical.com\/","name":"Qu\u00edmica Longchang","description":"Fabricante de produtos qu\u00edmicos na China \uff06 fornecedor","publisher":{"@id":"https:\/\/longchangchemical.com\/#organization"},"potentialAction":[{"@type":"SearchAction","target":{"@type":"EntryPoint","urlTemplate":"https:\/\/longchangchemical.com\/?s={search_term_string}"},"query-input":{"@type":"PropertyValueSpecification","valueRequired":true,"valueName":"search_term_string"}}],"inLanguage":"pt-BR"},{"@type":"Organization","@id":"https:\/\/longchangchemical.com\/#organization","name":"Qu\u00edmica Longchang","url":"https:\/\/longchangchemical.com\/","logo":{"@type":"ImageObject","inLanguage":"pt-BR","@id":"https:\/\/longchangchemical.com\/#\/schema\/logo\/image\/","url":"https:\/\/longchangchemical.com\/wp-content\/uploads\/2020\/08\/cropped-longchang-logo.png","contentUrl":"https:\/\/longchangchemical.com\/wp-content\/uploads\/2020\/08\/cropped-longchang-logo.png","width":512,"height":512,"caption":"Longchang Chemical"},"image":{"@id":"https:\/\/longchangchemical.com\/#\/schema\/logo\/image\/"}}]}},"_links":{"self":[{"href":"https:\/\/longchangchemical.com\/pt\/wp-json\/wp\/v2\/product\/6753","targetHints":{"allow":["GET"]}}],"collection":[{"href":"https:\/\/longchangchemical.com\/pt\/wp-json\/wp\/v2\/product"}],"about":[{"href":"https:\/\/longchangchemical.com\/pt\/wp-json\/wp\/v2\/types\/product"}],"replies":[{"embeddable":true,"href":"https:\/\/longchangchemical.com\/pt\/wp-json\/wp\/v2\/comments?post=6753"}],"wp:attachment":[{"href":"https:\/\/longchangchemical.com\/pt\/wp-json\/wp\/v2\/media?parent=6753"}],"wp:term":[{"taxonomy":"product_brand","embeddable":true,"href":"https:\/\/longchangchemical.com\/pt\/wp-json\/wp\/v2\/product_brand?post=6753"},{"taxonomy":"product_cat","embeddable":true,"href":"https:\/\/longchangchemical.com\/pt\/wp-json\/wp\/v2\/product_cat?post=6753"},{"taxonomy":"product_tag","embeddable":true,"href":"https:\/\/longchangchemical.com\/pt\/wp-json\/wp\/v2\/product_tag?post=6753"}],"curies":[{"name":"wp","href":"https:\/\/api.w.org\/{rel}","templated":true}]}}