{"id":6677,"date":"2024-03-01T10:14:12","date_gmt":"2024-03-01T10:14:12","guid":{"rendered":"https:\/\/longchangchemical.com\/?post_type=product&#038;p=6677"},"modified":"2026-01-12T06:32:18","modified_gmt":"2026-01-12T06:32:18","slug":"dibutyl-ether-cas-142-96-1","status":"publish","type":"product","link":"https:\/\/longchangchemical.com\/pt\/product\/dibutyl-ether-cas-142-96-1\/","title":{"rendered":"\u00c9ter dibut\u00edlico \/ \u00c9ter n-but\u00edlico CAS 142-96-1"},"content":{"rendered":"<table width=\"610\">\n<tbody>\n<tr>\n<td width=\"190\">Valor de acidez (como MAA):<\/td>\n<td width=\"420\">\u22640.02\uff05<\/td>\n<\/tr>\n<tr>\n<td>Apar\u00eancia:<\/td>\n<td>l\u00edquido incolor com odor de \u00e9ter<\/td>\n<\/tr>\n<tr>\n<td>Ponto de ebuli\u00e7\u00e3o:<\/td>\n<td>142-143 \u00b0C (lit.)<\/td>\n<\/tr>\n<tr>\n<td>Cor:<\/td>\n<td>\u226450(Pt-Co)<\/td>\n<\/tr>\n<tr>\n<td>Ponto de fulgor:<\/td>\n<td>77 \u00b0F<\/td>\n<\/tr>\n<tr>\n<td>Ponto de fus\u00e3o:<\/td>\n<td>\u00a0-98 \u00b0C (lit.)<\/td>\n<\/tr>\n<tr>\n<td>Peso molecular:<\/td>\n<td>130,22 g\/mol<\/td>\n<\/tr>\n<tr>\n<td>Peso molecular:<\/td>\n<td>130,22 g\/mol Densidade: 0,764 g\/mL a 25 \u00b0C (lit.)<\/td>\n<\/tr>\n<tr>\n<td>Pureza:<\/td>\n<td>\u226599,5%(GC)<\/td>\n<\/tr>\n<tr>\n<td>\u00cdndice de refra\u00e7\u00e3o:<\/td>\n<td>n20\/D 1.399(lit.)<\/td>\n<\/tr>\n<tr>\n<td>Viscosidade:<\/td>\n<td>0,741 mPa-s (15 \u00b0C)<\/td>\n<\/tr>\n<tr>\n<td>Teor de \u00e1gua:<\/td>\n<td>\u22640.05\uff05<\/td>\n<\/tr>\n<\/tbody>\n<\/table>\n<p>&nbsp;<\/p>\n<h2><strong>\u00c1reas de aplica\u00e7\u00e3o do \u00e9ter n-but\u00edlico<\/strong><\/h2>\n<p>O n-Butyl Ether \u00e9 usado em limpadores de grau eletr\u00f4nico e solventes farmac\u00eauticos.<\/p>\n<h2><strong>Embalagem, transporte e armazenamento de n-Butyl Ether<\/strong><\/h2>\n<p>Especifica\u00e7\u00e3o da embalagem do produto: 150 kg.<br \/>\nEle deve ser protegido do sol, da chuva e de altas temperaturas durante o transporte.<br \/>\nO produto deve ser armazenado em um local fresco, \u00e0 prova de luz e ventilado, longe de fontes de fogo.<br \/>\nO per\u00edodo de armazenamento do produto \u00e9 de 6 meses a 25 \u2103.<\/p>\n<h2><strong><b>Entre em contato conosco agora!<\/b><\/strong><\/h2>\n<h4><strong><b>Se precisar do Price, preencha suas informa\u00e7\u00f5es de contato no formul\u00e1rio abaixo. Normalmente, entraremos em contato dentro de 24 horas. Voc\u00ea tamb\u00e9m pode me enviar um e-mail\u00a0<span style=\"color: #00ccff;\"><a style=\"color: #00ccff;\" href=\"mailto:info@longchangchemical.com\">info@longchangchemical.com<\/a>\u00a0<\/span>durante o hor\u00e1rio comercial (das 8h30 \u00e0s 18h UTC+8 de segunda a s\u00e1bado) ou use o bate-papo ao vivo do site para obter uma resposta imediata.<\/b><\/strong><\/h4>","protected":false},"excerpt":{"rendered":"<p>Nome em ingl\u00eas: Di-n-butyl ether \/ DBE<br \/>\nN\u00famero CAS: 142-96-1<br \/>\nF\u00f3rmula molecular: C8H18O<\/p>","protected":false},"featured_media":0,"comment_status":"open","ping_status":"closed","template":"","meta":[],"product_brand":[],"product_cat":[154],"product_tag":[],"class_list":{"0":"post-6677","1":"product","2":"type-product","3":"status-publish","5":"product_cat-solvent","7":"first","8":"instock","9":"shipping-taxable","10":"product-type-simple"},"yoast_head":"<!-- This site is optimized with the Yoast SEO plugin v25.3.1 - https:\/\/yoast.com\/wordpress\/plugins\/seo\/ -->\n<title>China Dibutyl Ether Manufacturer CAS 142-96-1 - Longchang Chemical<\/title>\n<meta name=\"description\" content=\"n-Butyl Ether \/ Dibutyl Ether is used in electronic grade cleaners and pharmaceutical solvents and is the key product of Longchang Chemical. We are the leading manufacturer and supplier in China with the best quanlity and competitive price.\" \/>\n<meta name=\"robots\" content=\"index, follow, max-snippet:-1, max-image-preview:large, max-video-preview:-1\" \/>\n<link rel=\"canonical\" href=\"https:\/\/longchangchemical.com\/pt\/product\/dibutyl-ether-cas-142-96-1\/\" \/>\n<meta property=\"og:locale\" content=\"pt_BR\" \/>\n<meta property=\"og:type\" content=\"article\" \/>\n<meta property=\"og:title\" content=\"China Dibutyl Ether Manufacturer CAS 142-96-1 - Longchang Chemical\" \/>\n<meta property=\"og:description\" content=\"n-Butyl Ether \/ Dibutyl Ether is used in electronic grade cleaners and pharmaceutical solvents and is the key product of Longchang Chemical. We are the leading manufacturer and supplier in China with the best quanlity and competitive price.\" \/>\n<meta property=\"og:url\" content=\"https:\/\/longchangchemical.com\/pt\/product\/dibutyl-ether-cas-142-96-1\/\" \/>\n<meta property=\"og:site_name\" content=\"Longchang Chemical\" \/>\n<meta property=\"article:modified_time\" content=\"2026-01-12T06:32:18+00:00\" \/>\n<meta property=\"og:image\" content=\"https:\/\/longchangchemical.com\/wp-content\/uploads\/2024\/02\/logo-jpeg.jpg\" \/>\n\t<meta property=\"og:image:width\" content=\"1000\" \/>\n\t<meta property=\"og:image:height\" content=\"1000\" \/>\n\t<meta property=\"og:image:type\" content=\"image\/jpeg\" \/>\n<meta name=\"twitter:card\" content=\"summary_large_image\" \/>\n<script type=\"application\/ld+json\" class=\"yoast-schema-graph\">{\"@context\":\"https:\/\/schema.org\",\"@graph\":[{\"@type\":\"WebPage\",\"@id\":\"https:\/\/longchangchemical.com\/product\/dibutyl-ether-cas-142-96-1\/\",\"url\":\"https:\/\/longchangchemical.com\/product\/dibutyl-ether-cas-142-96-1\/\",\"name\":\"China Dibutyl Ether Manufacturer CAS 142-96-1 - Longchang Chemical\",\"isPartOf\":{\"@id\":\"https:\/\/longchangchemical.com\/#website\"},\"datePublished\":\"2024-03-01T10:14:12+00:00\",\"dateModified\":\"2026-01-12T06:32:18+00:00\",\"description\":\"n-Butyl Ether \/ Dibutyl Ether is used in electronic grade cleaners and pharmaceutical solvents and is the key product of Longchang Chemical. We are the leading manufacturer and supplier in China with the best quanlity and competitive price.\",\"breadcrumb\":{\"@id\":\"https:\/\/longchangchemical.com\/product\/dibutyl-ether-cas-142-96-1\/#breadcrumb\"},\"inLanguage\":\"pt-BR\",\"potentialAction\":[{\"@type\":\"ReadAction\",\"target\":[\"https:\/\/longchangchemical.com\/product\/dibutyl-ether-cas-142-96-1\/\"]}]},{\"@type\":\"BreadcrumbList\",\"@id\":\"https:\/\/longchangchemical.com\/product\/dibutyl-ether-cas-142-96-1\/#breadcrumb\",\"itemListElement\":[{\"@type\":\"ListItem\",\"position\":1,\"name\":\"Home\",\"item\":\"https:\/\/longchangchemical.com\/\"},{\"@type\":\"ListItem\",\"position\":2,\"name\":\"Products Longchang\",\"item\":\"https:\/\/longchangchemical.com\/product\/\"},{\"@type\":\"ListItem\",\"position\":3,\"name\":\"Dibutyl Ether \/ n-Butyl Ether CAS 142-96-1\"}]},{\"@type\":\"WebSite\",\"@id\":\"https:\/\/longchangchemical.com\/#website\",\"url\":\"https:\/\/longchangchemical.com\/\",\"name\":\"Longchang Chemical\",\"description\":\"China chemical manufacturer \uff06 supplier\",\"publisher\":{\"@id\":\"https:\/\/longchangchemical.com\/#organization\"},\"potentialAction\":[{\"@type\":\"SearchAction\",\"target\":{\"@type\":\"EntryPoint\",\"urlTemplate\":\"https:\/\/longchangchemical.com\/?s={search_term_string}\"},\"query-input\":{\"@type\":\"PropertyValueSpecification\",\"valueRequired\":true,\"valueName\":\"search_term_string\"}}],\"inLanguage\":\"pt-BR\"},{\"@type\":\"Organization\",\"@id\":\"https:\/\/longchangchemical.com\/#organization\",\"name\":\"Longchang Chemical\",\"url\":\"https:\/\/longchangchemical.com\/\",\"logo\":{\"@type\":\"ImageObject\",\"inLanguage\":\"pt-BR\",\"@id\":\"https:\/\/longchangchemical.com\/#\/schema\/logo\/image\/\",\"url\":\"https:\/\/longchangchemical.com\/wp-content\/uploads\/2020\/08\/cropped-longchang-logo.png\",\"contentUrl\":\"https:\/\/longchangchemical.com\/wp-content\/uploads\/2020\/08\/cropped-longchang-logo.png\",\"width\":512,\"height\":512,\"caption\":\"Longchang Chemical\"},\"image\":{\"@id\":\"https:\/\/longchangchemical.com\/#\/schema\/logo\/image\/\"}}]}<\/script>\n<!-- \/ Yoast SEO plugin. -->","yoast_head_json":{"title":"Fabricante de \u00e9ter dibut\u00edlico na China CAS 142-96-1 - Longchang Chemical","description":"O n-Butyl Ether \/ Dibutyl Ether \u00e9 usado em produtos de limpeza eletr\u00f4nicos e solventes farmac\u00eauticos e \u00e9 o principal produto da Longchang Chemical. Somos o principal fabricante e fornecedor da China, com a melhor qualidade e pre\u00e7o competitivo.","robots":{"index":"index","follow":"follow","max-snippet":"max-snippet:-1","max-image-preview":"max-image-preview:large","max-video-preview":"max-video-preview:-1"},"canonical":"https:\/\/longchangchemical.com\/pt\/product\/dibutyl-ether-cas-142-96-1\/","og_locale":"pt_BR","og_type":"article","og_title":"China Dibutyl Ether Manufacturer CAS 142-96-1 - Longchang Chemical","og_description":"n-Butyl Ether \/ Dibutyl Ether is used in electronic grade cleaners and pharmaceutical solvents and is the key product of Longchang Chemical. We are the leading manufacturer and supplier in China with the best quanlity and competitive price.","og_url":"https:\/\/longchangchemical.com\/pt\/product\/dibutyl-ether-cas-142-96-1\/","og_site_name":"Longchang Chemical","article_modified_time":"2026-01-12T06:32:18+00:00","og_image":[{"width":1000,"height":1000,"url":"https:\/\/longchangchemical.com\/wp-content\/uploads\/2024\/02\/logo-jpeg.jpg","type":"image\/jpeg"}],"twitter_card":"summary_large_image","schema":{"@context":"https:\/\/schema.org","@graph":[{"@type":"WebPage","@id":"https:\/\/longchangchemical.com\/product\/dibutyl-ether-cas-142-96-1\/","url":"https:\/\/longchangchemical.com\/product\/dibutyl-ether-cas-142-96-1\/","name":"Fabricante de \u00e9ter dibut\u00edlico na China CAS 142-96-1 - Longchang Chemical","isPartOf":{"@id":"https:\/\/longchangchemical.com\/#website"},"datePublished":"2024-03-01T10:14:12+00:00","dateModified":"2026-01-12T06:32:18+00:00","description":"O n-Butyl Ether \/ Dibutyl Ether \u00e9 usado em produtos de limpeza eletr\u00f4nicos e solventes farmac\u00eauticos e \u00e9 o principal produto da Longchang Chemical. Somos o principal fabricante e fornecedor da China, com a melhor qualidade e pre\u00e7o competitivo.","breadcrumb":{"@id":"https:\/\/longchangchemical.com\/product\/dibutyl-ether-cas-142-96-1\/#breadcrumb"},"inLanguage":"pt-BR","potentialAction":[{"@type":"ReadAction","target":["https:\/\/longchangchemical.com\/product\/dibutyl-ether-cas-142-96-1\/"]}]},{"@type":"BreadcrumbList","@id":"https:\/\/longchangchemical.com\/product\/dibutyl-ether-cas-142-96-1\/#breadcrumb","itemListElement":[{"@type":"ListItem","position":1,"name":"Home","item":"https:\/\/longchangchemical.com\/"},{"@type":"ListItem","position":2,"name":"Products Longchang","item":"https:\/\/longchangchemical.com\/product\/"},{"@type":"ListItem","position":3,"name":"Dibutyl Ether \/ n-Butyl Ether CAS 142-96-1"}]},{"@type":"WebSite","@id":"https:\/\/longchangchemical.com\/#website","url":"https:\/\/longchangchemical.com\/","name":"Qu\u00edmica Longchang","description":"Fabricante de produtos qu\u00edmicos na China \uff06 fornecedor","publisher":{"@id":"https:\/\/longchangchemical.com\/#organization"},"potentialAction":[{"@type":"SearchAction","target":{"@type":"EntryPoint","urlTemplate":"https:\/\/longchangchemical.com\/?s={search_term_string}"},"query-input":{"@type":"PropertyValueSpecification","valueRequired":true,"valueName":"search_term_string"}}],"inLanguage":"pt-BR"},{"@type":"Organization","@id":"https:\/\/longchangchemical.com\/#organization","name":"Qu\u00edmica Longchang","url":"https:\/\/longchangchemical.com\/","logo":{"@type":"ImageObject","inLanguage":"pt-BR","@id":"https:\/\/longchangchemical.com\/#\/schema\/logo\/image\/","url":"https:\/\/longchangchemical.com\/wp-content\/uploads\/2020\/08\/cropped-longchang-logo.png","contentUrl":"https:\/\/longchangchemical.com\/wp-content\/uploads\/2020\/08\/cropped-longchang-logo.png","width":512,"height":512,"caption":"Longchang Chemical"},"image":{"@id":"https:\/\/longchangchemical.com\/#\/schema\/logo\/image\/"}}]}},"_links":{"self":[{"href":"https:\/\/longchangchemical.com\/pt\/wp-json\/wp\/v2\/product\/6677","targetHints":{"allow":["GET"]}}],"collection":[{"href":"https:\/\/longchangchemical.com\/pt\/wp-json\/wp\/v2\/product"}],"about":[{"href":"https:\/\/longchangchemical.com\/pt\/wp-json\/wp\/v2\/types\/product"}],"replies":[{"embeddable":true,"href":"https:\/\/longchangchemical.com\/pt\/wp-json\/wp\/v2\/comments?post=6677"}],"wp:attachment":[{"href":"https:\/\/longchangchemical.com\/pt\/wp-json\/wp\/v2\/media?parent=6677"}],"wp:term":[{"taxonomy":"product_brand","embeddable":true,"href":"https:\/\/longchangchemical.com\/pt\/wp-json\/wp\/v2\/product_brand?post=6677"},{"taxonomy":"product_cat","embeddable":true,"href":"https:\/\/longchangchemical.com\/pt\/wp-json\/wp\/v2\/product_cat?post=6677"},{"taxonomy":"product_tag","embeddable":true,"href":"https:\/\/longchangchemical.com\/pt\/wp-json\/wp\/v2\/product_tag?post=6677"}],"curies":[{"name":"wp","href":"https:\/\/api.w.org\/{rel}","templated":true}]}}