{"id":6673,"date":"2024-03-01T07:02:49","date_gmt":"2024-03-01T07:02:49","guid":{"rendered":"https:\/\/longchangchemical.com\/?post_type=product&#038;p=6673"},"modified":"2026-01-12T06:35:53","modified_gmt":"2026-01-12T06:35:53","slug":"methyl-perfluoroisobutyl-ether-cas-163702-08-7","status":"publish","type":"product","link":"https:\/\/longchangchemical.com\/pt\/product\/methyl-perfluoroisobutyl-ether-cas-163702-08-7\/","title":{"rendered":"\u00c9ter metilperfluoroisobut\u00edlico CAS 163702-08-7"},"content":{"rendered":"<h1><strong>\u00c9ter metilperfluoroisobut\u00edlico CAS 163702-08-7 \u00a0 \u00a0 \u00a0<\/strong><\/h1>\n<table>\n<tbody>\n<tr>\n<td width=\"206\">Ensaio<\/td>\n<td width=\"305\">\u226599,00%MIN<\/td>\n<\/tr>\n<tr>\n<td width=\"206\"><strong>\u00a0<\/strong><\/p>\n<p>Apar\u00eancia<\/td>\n<td width=\"305\">L\u00edquido transparente incolor<\/td>\n<\/tr>\n<tr>\n<td width=\"206\">Valor de acidez (\u00e1cido clor\u00eddrico)<\/td>\n<td width=\"305\">\u226410ppm<\/td>\n<\/tr>\n<tr>\n<td width=\"206\">\u00c1gua (KF)<\/td>\n<td width=\"305\">\u226450ppm<\/td>\n<\/tr>\n<tr>\n<td width=\"206\">Cl-<\/td>\n<td width=\"305\">\u226410ppm<\/td>\n<\/tr>\n<tr>\n<td width=\"206\">Res\u00edduo de evapora\u00e7\u00e3o<\/td>\n<td width=\"305\">Nenhum res\u00edduo significativo<\/td>\n<\/tr>\n<\/tbody>\n<\/table>\n<p>&nbsp;<\/p>\n<p>Embalagem: 25 kg \/ tambor.<\/p>\n<p>&nbsp;<\/p>\n<p>Fun\u00e7\u00e3o:<\/p>\n<p>O \u00e9ter metil perfluorobut\u00edlico \u00e9 um solvente suave usado em formula\u00e7\u00f5es cosm\u00e9ticas refrescantes. \u00c9 um solvente \u00e9ter contendo fl\u00faor, que \u00e9 sol\u00favel com muitos componentes. \u00c9 considerado um solvente com boa lubricidade e \u00e9 muito adequado para o solvente de f\u00f3rmulas oleosas.<\/p>\n<p>Aplicativo:<\/p>\n<p>&nbsp;<\/p>\n<p>O \u00e9ter metil perfluorobut\u00edlico \u00e9 usado principalmente como solvente e amaciante em cosm\u00e9ticos e produtos para cuidados com a pele. O coeficiente de risco \u00e9 1. \u00c9 relativamente seguro e pode ser usado com seguran\u00e7a. Em geral, n\u00e3o causa impacto em mulheres gr\u00e1vidas. O \u00e9ter perfluorobut\u00edlico met\u00edlico n\u00e3o tem acne.<\/p>\n<p>&nbsp;<\/p>\n<p>Armazenamento:<\/p>\n<p>Mantido em um dep\u00f3sito seco e limpo, com boa ventila\u00e7\u00e3o.<\/p>\n<p>Evite a exposi\u00e7\u00e3o \u00e0 luz e ao aquecimento.<\/p>\n<p>Proteger o produto contra vazamentos, chuva e insola\u00e7\u00e3o durante o transporte.<\/p>\n<h2><strong><b>Entre em contato conosco agora!<\/b><\/strong><\/h2>\n<h4><strong><b>Se precisar do Price, preencha suas informa\u00e7\u00f5es de contato no formul\u00e1rio abaixo. Normalmente, entraremos em contato dentro de 24 horas. Voc\u00ea tamb\u00e9m pode me enviar um e-mail\u00a0<span style=\"color: #00ccff;\"><a style=\"color: #00ccff;\" href=\"mailto:info@longchangchemical.com\">info@longchangchemical.com<\/a>\u00a0<\/span>durante o hor\u00e1rio comercial (das 8h30 \u00e0s 18h UTC+8 de segunda a s\u00e1bado) ou use o bate-papo ao vivo do site para obter uma resposta imediata.<\/b><\/strong><\/h4>","protected":false},"excerpt":{"rendered":"<p>Nome do produto: \u00c9TER METIL PERFLUOROBUT\u00cdLICO\u3001METHYLNONAFLUOROISOBUTYLETHER\u3001Perfluoroisobutyl methyl ether<\/p>\n<p>N\u00famero CAS: 163702-08-7<\/p>\n<p>F\u00f3rmula molecular: C5H3F9O<\/p>\n<p>Peso molecular: 250,06<\/p>\n<p>Estrutura molecular:<\/p>\n[caption id=\"attachment_6674\" align=\"alignnone\" width=\"289\"]<img decoding=\"async\" class=\"size-full wp-image-6674\" src=\"https:\/\/longchangchemical.com\/wp-content\/uploads\/2024\/03\/163702-08-7.png\" alt=\"163702-08-7\" width=\"289\" height=\"143\" \/> 163702-08-7[\/caption]","protected":false},"featured_media":6712,"comment_status":"open","ping_status":"closed","template":"","meta":[],"product_brand":[],"product_cat":[154],"product_tag":[],"class_list":{"0":"post-6673","1":"product","2":"type-product","3":"status-publish","4":"has-post-thumbnail","6":"product_cat-solvent","8":"first","9":"instock","10":"shipping-taxable","11":"product-type-simple"},"yoast_head":"<!-- This site is optimized with the Yoast SEO plugin v25.3.1 - https:\/\/yoast.com\/wordpress\/plugins\/seo\/ -->\n<title>China Methyl Perfluoroisobutyl Ether Manufacturer CAS 163702-08-7 - Longchang Chemical<\/title>\n<meta name=\"description\" content=\"Methyl Perfluoroisobutyl Ether Manufacturer can be used Precision electronic circuit board cleaner and is the key product of Longchang Chemical. We are the leading manufacturer and supplier in China with the best quanlity and competitive price.\" \/>\n<meta name=\"robots\" content=\"index, follow, max-snippet:-1, max-image-preview:large, max-video-preview:-1\" \/>\n<link rel=\"canonical\" href=\"https:\/\/longchangchemical.com\/pt\/product\/methyl-perfluoroisobutyl-ether-cas-163702-08-7\/\" \/>\n<meta property=\"og:locale\" content=\"pt_BR\" \/>\n<meta property=\"og:type\" content=\"article\" \/>\n<meta property=\"og:title\" content=\"China Methyl Perfluoroisobutyl Ether Manufacturer CAS 163702-08-7 - Longchang Chemical\" \/>\n<meta property=\"og:description\" content=\"Methyl Perfluoroisobutyl Ether Manufacturer can be used Precision electronic circuit board cleaner and is the key product of Longchang Chemical. We are the leading manufacturer and supplier in China with the best quanlity and competitive price.\" \/>\n<meta property=\"og:url\" content=\"https:\/\/longchangchemical.com\/pt\/product\/methyl-perfluoroisobutyl-ether-cas-163702-08-7\/\" \/>\n<meta property=\"og:site_name\" content=\"Longchang Chemical\" \/>\n<meta property=\"article:modified_time\" content=\"2026-01-12T06:35:53+00:00\" \/>\n<meta property=\"og:image\" content=\"https:\/\/longchangchemical.com\/wp-content\/uploads\/2024\/03\/Methyl-Perfluoroisobutyl-Ether-CAS-163702-08-7-1.jpg\" \/>\n\t<meta property=\"og:image:width\" content=\"800\" \/>\n\t<meta property=\"og:image:height\" content=\"800\" \/>\n\t<meta property=\"og:image:type\" content=\"image\/jpeg\" \/>\n<meta name=\"twitter:card\" content=\"summary_large_image\" \/>\n<script type=\"application\/ld+json\" class=\"yoast-schema-graph\">{\"@context\":\"https:\/\/schema.org\",\"@graph\":[{\"@type\":\"WebPage\",\"@id\":\"https:\/\/longchangchemical.com\/product\/methyl-perfluoroisobutyl-ether-cas-163702-08-7\/\",\"url\":\"https:\/\/longchangchemical.com\/product\/methyl-perfluoroisobutyl-ether-cas-163702-08-7\/\",\"name\":\"China Methyl Perfluoroisobutyl Ether Manufacturer CAS 163702-08-7 - Longchang Chemical\",\"isPartOf\":{\"@id\":\"https:\/\/longchangchemical.com\/#website\"},\"primaryImageOfPage\":{\"@id\":\"https:\/\/longchangchemical.com\/product\/methyl-perfluoroisobutyl-ether-cas-163702-08-7\/#primaryimage\"},\"image\":{\"@id\":\"https:\/\/longchangchemical.com\/product\/methyl-perfluoroisobutyl-ether-cas-163702-08-7\/#primaryimage\"},\"thumbnailUrl\":\"https:\/\/longchangchemical.com\/wp-content\/uploads\/2024\/03\/Methyl-Perfluoroisobutyl-Ether-CAS-163702-08-7-1.jpg\",\"datePublished\":\"2024-03-01T07:02:49+00:00\",\"dateModified\":\"2026-01-12T06:35:53+00:00\",\"description\":\"Methyl Perfluoroisobutyl Ether Manufacturer can be used Precision electronic circuit board cleaner and is the key product of Longchang Chemical. We are the leading manufacturer and supplier in China with the best quanlity and competitive price.\",\"breadcrumb\":{\"@id\":\"https:\/\/longchangchemical.com\/product\/methyl-perfluoroisobutyl-ether-cas-163702-08-7\/#breadcrumb\"},\"inLanguage\":\"pt-BR\",\"potentialAction\":[{\"@type\":\"ReadAction\",\"target\":[\"https:\/\/longchangchemical.com\/product\/methyl-perfluoroisobutyl-ether-cas-163702-08-7\/\"]}]},{\"@type\":\"ImageObject\",\"inLanguage\":\"pt-BR\",\"@id\":\"https:\/\/longchangchemical.com\/product\/methyl-perfluoroisobutyl-ether-cas-163702-08-7\/#primaryimage\",\"url\":\"https:\/\/longchangchemical.com\/wp-content\/uploads\/2024\/03\/Methyl-Perfluoroisobutyl-Ether-CAS-163702-08-7-1.jpg\",\"contentUrl\":\"https:\/\/longchangchemical.com\/wp-content\/uploads\/2024\/03\/Methyl-Perfluoroisobutyl-Ether-CAS-163702-08-7-1.jpg\",\"width\":800,\"height\":800},{\"@type\":\"BreadcrumbList\",\"@id\":\"https:\/\/longchangchemical.com\/product\/methyl-perfluoroisobutyl-ether-cas-163702-08-7\/#breadcrumb\",\"itemListElement\":[{\"@type\":\"ListItem\",\"position\":1,\"name\":\"Home\",\"item\":\"https:\/\/longchangchemical.com\/\"},{\"@type\":\"ListItem\",\"position\":2,\"name\":\"Products Longchang\",\"item\":\"https:\/\/longchangchemical.com\/product\/\"},{\"@type\":\"ListItem\",\"position\":3,\"name\":\"Methyl Perfluoroisobutyl Ether CAS 163702-08-7\"}]},{\"@type\":\"WebSite\",\"@id\":\"https:\/\/longchangchemical.com\/#website\",\"url\":\"https:\/\/longchangchemical.com\/\",\"name\":\"Longchang Chemical\",\"description\":\"China chemical manufacturer \uff06 supplier\",\"publisher\":{\"@id\":\"https:\/\/longchangchemical.com\/#organization\"},\"potentialAction\":[{\"@type\":\"SearchAction\",\"target\":{\"@type\":\"EntryPoint\",\"urlTemplate\":\"https:\/\/longchangchemical.com\/?s={search_term_string}\"},\"query-input\":{\"@type\":\"PropertyValueSpecification\",\"valueRequired\":true,\"valueName\":\"search_term_string\"}}],\"inLanguage\":\"pt-BR\"},{\"@type\":\"Organization\",\"@id\":\"https:\/\/longchangchemical.com\/#organization\",\"name\":\"Longchang Chemical\",\"url\":\"https:\/\/longchangchemical.com\/\",\"logo\":{\"@type\":\"ImageObject\",\"inLanguage\":\"pt-BR\",\"@id\":\"https:\/\/longchangchemical.com\/#\/schema\/logo\/image\/\",\"url\":\"https:\/\/longchangchemical.com\/wp-content\/uploads\/2020\/08\/cropped-longchang-logo.png\",\"contentUrl\":\"https:\/\/longchangchemical.com\/wp-content\/uploads\/2020\/08\/cropped-longchang-logo.png\",\"width\":512,\"height\":512,\"caption\":\"Longchang Chemical\"},\"image\":{\"@id\":\"https:\/\/longchangchemical.com\/#\/schema\/logo\/image\/\"}}]}<\/script>\n<!-- \/ Yoast SEO plugin. -->","yoast_head_json":{"title":"Fabricante de \u00c9ter Metil Perfluoroisobut\u00edlico CAS 163702-08-7 - Longchang Chemical","description":"O Methyl Perfluoroisobutyl Ether Manufacturer pode ser usado como limpador de placas de circuitos eletr\u00f4nicos de precis\u00e3o e \u00e9 o principal produto da Longchang Chemical. Somos o principal fabricante e fornecedor na China, com a melhor qualidade e pre\u00e7o competitivo.","robots":{"index":"index","follow":"follow","max-snippet":"max-snippet:-1","max-image-preview":"max-image-preview:large","max-video-preview":"max-video-preview:-1"},"canonical":"https:\/\/longchangchemical.com\/pt\/product\/methyl-perfluoroisobutyl-ether-cas-163702-08-7\/","og_locale":"pt_BR","og_type":"article","og_title":"China Methyl Perfluoroisobutyl Ether Manufacturer CAS 163702-08-7 - Longchang Chemical","og_description":"Methyl Perfluoroisobutyl Ether Manufacturer can be used Precision electronic circuit board cleaner and is the key product of Longchang Chemical. We are the leading manufacturer and supplier in China with the best quanlity and competitive price.","og_url":"https:\/\/longchangchemical.com\/pt\/product\/methyl-perfluoroisobutyl-ether-cas-163702-08-7\/","og_site_name":"Longchang Chemical","article_modified_time":"2026-01-12T06:35:53+00:00","og_image":[{"width":800,"height":800,"url":"https:\/\/longchangchemical.com\/wp-content\/uploads\/2024\/03\/Methyl-Perfluoroisobutyl-Ether-CAS-163702-08-7-1.jpg","type":"image\/jpeg"}],"twitter_card":"summary_large_image","schema":{"@context":"https:\/\/schema.org","@graph":[{"@type":"WebPage","@id":"https:\/\/longchangchemical.com\/product\/methyl-perfluoroisobutyl-ether-cas-163702-08-7\/","url":"https:\/\/longchangchemical.com\/product\/methyl-perfluoroisobutyl-ether-cas-163702-08-7\/","name":"Fabricante de \u00c9ter Metil Perfluoroisobut\u00edlico CAS 163702-08-7 - Longchang Chemical","isPartOf":{"@id":"https:\/\/longchangchemical.com\/#website"},"primaryImageOfPage":{"@id":"https:\/\/longchangchemical.com\/product\/methyl-perfluoroisobutyl-ether-cas-163702-08-7\/#primaryimage"},"image":{"@id":"https:\/\/longchangchemical.com\/product\/methyl-perfluoroisobutyl-ether-cas-163702-08-7\/#primaryimage"},"thumbnailUrl":"https:\/\/longchangchemical.com\/wp-content\/uploads\/2024\/03\/Methyl-Perfluoroisobutyl-Ether-CAS-163702-08-7-1.jpg","datePublished":"2024-03-01T07:02:49+00:00","dateModified":"2026-01-12T06:35:53+00:00","description":"O Methyl Perfluoroisobutyl Ether Manufacturer pode ser usado como limpador de placas de circuitos eletr\u00f4nicos de precis\u00e3o e \u00e9 o principal produto da Longchang Chemical. Somos o principal fabricante e fornecedor na China, com a melhor qualidade e pre\u00e7o competitivo.","breadcrumb":{"@id":"https:\/\/longchangchemical.com\/product\/methyl-perfluoroisobutyl-ether-cas-163702-08-7\/#breadcrumb"},"inLanguage":"pt-BR","potentialAction":[{"@type":"ReadAction","target":["https:\/\/longchangchemical.com\/product\/methyl-perfluoroisobutyl-ether-cas-163702-08-7\/"]}]},{"@type":"ImageObject","inLanguage":"pt-BR","@id":"https:\/\/longchangchemical.com\/product\/methyl-perfluoroisobutyl-ether-cas-163702-08-7\/#primaryimage","url":"https:\/\/longchangchemical.com\/wp-content\/uploads\/2024\/03\/Methyl-Perfluoroisobutyl-Ether-CAS-163702-08-7-1.jpg","contentUrl":"https:\/\/longchangchemical.com\/wp-content\/uploads\/2024\/03\/Methyl-Perfluoroisobutyl-Ether-CAS-163702-08-7-1.jpg","width":800,"height":800},{"@type":"BreadcrumbList","@id":"https:\/\/longchangchemical.com\/product\/methyl-perfluoroisobutyl-ether-cas-163702-08-7\/#breadcrumb","itemListElement":[{"@type":"ListItem","position":1,"name":"Home","item":"https:\/\/longchangchemical.com\/"},{"@type":"ListItem","position":2,"name":"Products Longchang","item":"https:\/\/longchangchemical.com\/product\/"},{"@type":"ListItem","position":3,"name":"Methyl Perfluoroisobutyl Ether CAS 163702-08-7"}]},{"@type":"WebSite","@id":"https:\/\/longchangchemical.com\/#website","url":"https:\/\/longchangchemical.com\/","name":"Qu\u00edmica Longchang","description":"Fabricante de produtos qu\u00edmicos na China \uff06 fornecedor","publisher":{"@id":"https:\/\/longchangchemical.com\/#organization"},"potentialAction":[{"@type":"SearchAction","target":{"@type":"EntryPoint","urlTemplate":"https:\/\/longchangchemical.com\/?s={search_term_string}"},"query-input":{"@type":"PropertyValueSpecification","valueRequired":true,"valueName":"search_term_string"}}],"inLanguage":"pt-BR"},{"@type":"Organization","@id":"https:\/\/longchangchemical.com\/#organization","name":"Qu\u00edmica Longchang","url":"https:\/\/longchangchemical.com\/","logo":{"@type":"ImageObject","inLanguage":"pt-BR","@id":"https:\/\/longchangchemical.com\/#\/schema\/logo\/image\/","url":"https:\/\/longchangchemical.com\/wp-content\/uploads\/2020\/08\/cropped-longchang-logo.png","contentUrl":"https:\/\/longchangchemical.com\/wp-content\/uploads\/2020\/08\/cropped-longchang-logo.png","width":512,"height":512,"caption":"Longchang Chemical"},"image":{"@id":"https:\/\/longchangchemical.com\/#\/schema\/logo\/image\/"}}]}},"_links":{"self":[{"href":"https:\/\/longchangchemical.com\/pt\/wp-json\/wp\/v2\/product\/6673","targetHints":{"allow":["GET"]}}],"collection":[{"href":"https:\/\/longchangchemical.com\/pt\/wp-json\/wp\/v2\/product"}],"about":[{"href":"https:\/\/longchangchemical.com\/pt\/wp-json\/wp\/v2\/types\/product"}],"replies":[{"embeddable":true,"href":"https:\/\/longchangchemical.com\/pt\/wp-json\/wp\/v2\/comments?post=6673"}],"wp:featuredmedia":[{"embeddable":true,"href":"https:\/\/longchangchemical.com\/pt\/wp-json\/wp\/v2\/media\/6712"}],"wp:attachment":[{"href":"https:\/\/longchangchemical.com\/pt\/wp-json\/wp\/v2\/media?parent=6673"}],"wp:term":[{"taxonomy":"product_brand","embeddable":true,"href":"https:\/\/longchangchemical.com\/pt\/wp-json\/wp\/v2\/product_brand?post=6673"},{"taxonomy":"product_cat","embeddable":true,"href":"https:\/\/longchangchemical.com\/pt\/wp-json\/wp\/v2\/product_cat?post=6673"},{"taxonomy":"product_tag","embeddable":true,"href":"https:\/\/longchangchemical.com\/pt\/wp-json\/wp\/v2\/product_tag?post=6673"}],"curies":[{"name":"wp","href":"https:\/\/api.w.org\/{rel}","templated":true}]}}