{"id":6646,"date":"2024-02-19T06:44:48","date_gmt":"2024-02-19T06:44:48","guid":{"rendered":"https:\/\/longchangchemical.com\/?post_type=product&#038;p=6646"},"modified":"2024-08-01T07:00:26","modified_gmt":"2024-08-01T07:00:26","slug":"3-hpp-ceppa-cas-14657-64-8","status":"publish","type":"product","link":"https:\/\/longchangchemical.com\/pt\/product\/3-hpp-ceppa-cas-14657-64-8\/","title":{"rendered":"Lcflare\u00ae 3-HPP\/CEPPA"},"content":{"rendered":"<h1>Lcflare\u00ae 3-HPP\/CEPPA<\/h1>\n<p><strong>Sin\u00f4nimo:<\/strong>\u00a0\u00c1cido 3-hidroxifenilfosfinil-propanoico; \u00e1cido 2-carboxil etil(fenil)fosf\u00ednico<\/p>\n<p><strong>Cas No.<\/strong>:14657-64-8<\/p>\n<p><strong>Especifica\u00e7\u00f5es:\u00a0<\/strong><strong>\u00a0\u00a0\u00a0\u00a0\u00a0\u00a0\u00a0\u00a0\u00a0\u00a0<\/strong>\u00a0<strong>\u00a0\u00a0\u00a0\u00a0<\/strong><\/p>\n<table>\n<tbody>\n<tr>\n<td width=\"183\"><strong><b>3-HPP\/CEPPA<\/b><\/strong><\/td>\n<td width=\"272\">Forma s\u00f3lida<\/td>\n<\/tr>\n<tr>\n<td width=\"183\">Apar\u00eancia<\/td>\n<td width=\"272\">Cristal branco<\/td>\n<\/tr>\n<tr>\n<td width=\"183\">Conte\u00fado (HPLC)<\/td>\n<td width=\"272\">\u226599,5%<\/td>\n<\/tr>\n<tr>\n<td width=\"183\">Ponto de fus\u00e3o (DSC, \u00b0C)<\/td>\n<td width=\"272\">\u2265158<\/td>\n<\/tr>\n<tr>\n<td width=\"183\">Conte\u00fado de ferro (%)<\/td>\n<td width=\"272\">\u22640.02<\/td>\n<\/tr>\n<tr>\n<td width=\"183\">Teor de f\u00f3sforo (%)<\/td>\n<td width=\"272\">14,0\u00b10,5%<\/td>\n<\/tr>\n<tr>\n<td width=\"183\">Teor de \u00edons cloreto (%)<\/td>\n<td width=\"272\">\u226410ppm<\/td>\n<\/tr>\n<tr>\n<td width=\"183\">Valor de acidez (mg KOH\/g)<\/td>\n<td width=\"272\">522.0\u00b14.0<\/td>\n<\/tr>\n<tr>\n<td width=\"183\">Umidade (K.F ,%)<\/td>\n<td width=\"272\">\u22640.1<\/td>\n<\/tr>\n<\/tbody>\n<\/table>\n<p><strong> Atualmente, o retardador de chama da fibra de poli\u00e9ster (PET) \u00e9 usado principalmente para adicionar retardadores de chama ou reagir a retardadores de chama na estrutura molecular para obter um efeito retardador de chama. Os retardadores de chama sem halog\u00eanio aditivos n\u00e3o podem aderir efetivamente ao poli\u00e9ster poli O efeito retardador de chama geralmente \u00e9 ruim no fio de fibra de \u00e9ster, ou o efeito retardador de chama n\u00e3o pode ser mantido e n\u00e3o tem fun\u00e7\u00e3o retardadora de chama permanente; e o retardador de chama de f\u00f3sforo 3-HPP\/CEPPA \u00e9 um retardador de chama reativo sem halog\u00eanio, seu princ\u00edpio \u00c9 um chip de poli\u00e9ster poli\u00e9ster retardador de chama permanente sintetizado por copolimeriza\u00e7\u00e3o com \u00e1cido tereft\u00e1lico (PTA) e etilenoglicol (EG). Como o 3-HPP\/CEPPA participa da rea\u00e7\u00e3o de polimeriza\u00e7\u00e3o, uma estrutura macromolecular \u00e9 formada, de modo que esse produto \u00e9 obtido. Os chips de poli\u00e9ster retardante de chamas t\u00eam boa capacidade de fia\u00e7\u00e3o e retardamento permanente de chamas; esse produto tem alto teor de f\u00f3sforo de elemento retardante de chamas (14,5%) e bom efeito retardante de chamas. Ao sintetizar poli\u00e9ster retardante de chamas, adicione chips de fibra de poli\u00e9ster 4-5% (porcentagem de peso) feitos de retardante de chamas 3-HPP\/CEPPA, o \u00edndice de oxig\u00eanio pode chegar a 32-33%; a reatividade \u00e9 boa, e chips de poli\u00e9ster de alto peso molecular podem ser obtidos; n\u00e3o t\u00f3xico e ins\u00edpido, com alta estabilidade t\u00e9rmica, estabilidade de oxida\u00e7\u00e3o e resist\u00eancia \u00e0 \u00e1gua. Esse produto \u00e9 especialmente adequado para que os fabricantes de chips de poli\u00e9ster produzam chips de poli\u00e9ster retardante de chamas de alta qualidade.<\/strong><\/p>\n<p><strong>Embalagem<\/strong>25 kg\/saco\/caixa ou 500 kg\/saco.<\/p>\n<p><strong>Aplicativo:<\/strong><\/p>\n<p>Retardante de chamas ecologicamente correto, adequado para a produ\u00e7\u00e3o de produtos de poliuretano com retardante de chamas permanente, como lascas de poli\u00e9ster, filamentos, fibras b\u00e1sicas, tecidos e filmes. Os chips de poliuretano obtidos t\u00eam boa tonalidade e boa capacidade de fia\u00e7\u00e3o. Em compara\u00e7\u00e3o com o PET convencional, a capacidade de fia\u00e7\u00e3o dos produtos de poli\u00e9ster retardante de chamas ap\u00f3s a adi\u00e7\u00e3o desse produto tem as mesmas propriedades de fia\u00e7\u00e3o e tra\u00e7\u00e3o dos chips de poli\u00e9ster convencionais. Produtos de poli\u00e9ster retardante de chamas Tem excelente estabilidade t\u00e9rmica, n\u00e3o se decomp\u00f5e durante o processo de fia\u00e7\u00e3o e n\u00e3o tem cheiro peculiar no local de fia\u00e7\u00e3o. Pode melhorar o desempenho antiest\u00e1tico dos produtos de poli\u00e9ster e tem boa capacidade de fia\u00e7\u00e3o. A fibra tem boas propriedades de tecelagem e pode ser passada por qualquer fia\u00e7\u00e3o. O sistema de seda realiza o processamento de fia\u00e7\u00e3o, e o tecido pode obter propriedades permanentes de retardamento de chamas. Quando copolimerizado com PTA e EG, a quantidade de aditivo \u00e9 de 2,5 a 4,5%, o teor de f\u00f3sforo dos chips de poli\u00e9ster retardante de chamas \u00e9 de 0,35 a 0,60% e o \u00edndice de oxig\u00eanio retardante de chamas ap\u00f3s a fia\u00e7\u00e3o do tecido \u00e9 de 30 a 36%. \u00c9 amplamente utilizado em campos de retardantes de chamas, como retardante de chamas t\u00eaxtil, retardante de chamas de fia\u00e7\u00e3o, retardante de chamas de fibra qu\u00edmica, v\u00e1rios materiais de vestu\u00e1rio, tecidos decorativos etc.<\/p>\n<p><strong><b>Armazenamento:<\/b><\/strong><\/p>\n<p>Mantido em um dep\u00f3sito seco e limpo, com boa ventila\u00e7\u00e3o.<\/p>\n<p>Evite a exposi\u00e7\u00e3o \u00e0 luz e ao aquecimento.<\/p>\n<p>Proteger o produto contra vazamentos, chuva e insola\u00e7\u00e3o durante o transporte.<\/p>\n<h2><strong><b>Entre em contato conosco agora!<\/b><\/strong><\/h2>\n<h4><strong><b>Se precisar do Price, preencha suas informa\u00e7\u00f5es de contato no formul\u00e1rio abaixo. Normalmente, entraremos em contato dentro de 24 horas. Voc\u00ea tamb\u00e9m pode me enviar um e-mail\u00a0<span style=\"color: #00ccff;\"><a style=\"color: #00ccff;\" href=\"mailto:info@longchangchemical.com\">info@longchangchemical.com<\/a>\u00a0<\/span>durante o hor\u00e1rio comercial (das 8h30 \u00e0s 18h UTC+8 de segunda a s\u00e1bado) ou use o bate-papo ao vivo do site para obter uma resposta imediata.<\/b><\/strong><\/h4>","protected":false},"excerpt":{"rendered":"<p>Nome qu\u00edmico: \u00c1cido 3-hidroxifenilfosfinil-propanoico<\/p>\n<p>N\u00ba Cas: 14657-64-8<\/p>\n<p>F\u00f3rmula: C9H11O4P<\/p>\n<p>Embalagem: 25 kg\/saco\/caixa ou 500 kg\/saco.<\/p>","protected":false},"featured_media":0,"comment_status":"open","ping_status":"closed","template":"","meta":[],"product_brand":[],"product_cat":[153],"product_tag":[],"class_list":{"0":"post-6646","1":"product","2":"type-product","3":"status-publish","5":"product_cat-Lcflare-flame-retardant","7":"first","8":"instock","9":"shipping-taxable","10":"product-type-simple"},"yoast_head":"<!-- This site is optimized with the Yoast SEO plugin v25.3.1 - https:\/\/yoast.com\/wordpress\/plugins\/seo\/ -->\n<title>Flame retardant 3-HPP \/ CEPPA ( 3-Hydroxyphenylphosphinyl-propanoic acid ) manufacturer - Longchang Chemical<\/title>\n<meta name=\"description\" content=\"Lcflare\u00ae 3-HPP \/ CEPPA ( 2-carboxyl ethyl(phenyl)phosphinic Acid ) CAS 14657-64-8 can be used as a Flame retardant and is the key product of Longchang chemical. We are the leading Flame retardant manufacturer and supplier in China with the best quanlity and competitive price.\" \/>\n<meta name=\"robots\" content=\"index, follow, max-snippet:-1, max-image-preview:large, max-video-preview:-1\" \/>\n<link rel=\"canonical\" href=\"https:\/\/longchangchemical.com\/pt\/product\/3-hpp-ceppa-cas-14657-64-8\/\" \/>\n<meta property=\"og:locale\" content=\"pt_BR\" \/>\n<meta property=\"og:type\" content=\"article\" \/>\n<meta property=\"og:title\" content=\"Flame retardant 3-HPP \/ CEPPA ( 3-Hydroxyphenylphosphinyl-propanoic acid ) manufacturer - Longchang Chemical\" \/>\n<meta property=\"og:description\" content=\"Lcflare\u00ae 3-HPP \/ CEPPA ( 2-carboxyl ethyl(phenyl)phosphinic Acid ) CAS 14657-64-8 can be used as a Flame retardant and is the key product of Longchang chemical. We are the leading Flame retardant manufacturer and supplier in China with the best quanlity and competitive price.\" \/>\n<meta property=\"og:url\" content=\"https:\/\/longchangchemical.com\/pt\/product\/3-hpp-ceppa-cas-14657-64-8\/\" \/>\n<meta property=\"og:site_name\" content=\"Longchang Chemical\" \/>\n<meta property=\"article:modified_time\" content=\"2024-08-01T07:00:26+00:00\" \/>\n<meta property=\"og:image\" content=\"https:\/\/longchangchemical.com\/wp-content\/uploads\/2024\/02\/Lcflare\u00ae-3-HPPCEPPA.jpg\" \/>\n\t<meta property=\"og:image:width\" content=\"800\" \/>\n\t<meta property=\"og:image:height\" content=\"800\" \/>\n\t<meta property=\"og:image:type\" content=\"image\/jpeg\" \/>\n<meta name=\"twitter:card\" content=\"summary_large_image\" \/>\n<script type=\"application\/ld+json\" class=\"yoast-schema-graph\">{\"@context\":\"https:\/\/schema.org\",\"@graph\":[{\"@type\":\"WebPage\",\"@id\":\"https:\/\/longchangchemical.com\/product\/3-hpp-ceppa-cas-14657-64-8\/\",\"url\":\"https:\/\/longchangchemical.com\/product\/3-hpp-ceppa-cas-14657-64-8\/\",\"name\":\"Flame retardant 3-HPP \/ CEPPA ( 3-Hydroxyphenylphosphinyl-propanoic acid ) manufacturer - Longchang Chemical\",\"isPartOf\":{\"@id\":\"https:\/\/longchangchemical.com\/#website\"},\"datePublished\":\"2024-02-19T06:44:48+00:00\",\"dateModified\":\"2024-08-01T07:00:26+00:00\",\"description\":\"Lcflare\u00ae 3-HPP \/ CEPPA ( 2-carboxyl ethyl(phenyl)phosphinic Acid ) CAS 14657-64-8 can be used as a Flame retardant and is the key product of Longchang chemical. We are the leading Flame retardant manufacturer and supplier in China with the best quanlity and competitive price.\",\"breadcrumb\":{\"@id\":\"https:\/\/longchangchemical.com\/product\/3-hpp-ceppa-cas-14657-64-8\/#breadcrumb\"},\"inLanguage\":\"pt-BR\",\"potentialAction\":[{\"@type\":\"ReadAction\",\"target\":[\"https:\/\/longchangchemical.com\/product\/3-hpp-ceppa-cas-14657-64-8\/\"]}]},{\"@type\":\"BreadcrumbList\",\"@id\":\"https:\/\/longchangchemical.com\/product\/3-hpp-ceppa-cas-14657-64-8\/#breadcrumb\",\"itemListElement\":[{\"@type\":\"ListItem\",\"position\":1,\"name\":\"Home\",\"item\":\"https:\/\/longchangchemical.com\/\"},{\"@type\":\"ListItem\",\"position\":2,\"name\":\"Products Longchang\",\"item\":\"https:\/\/longchangchemical.com\/product\/\"},{\"@type\":\"ListItem\",\"position\":3,\"name\":\"Lcflare\u00ae 3-HPP\/CEPPA\"}]},{\"@type\":\"WebSite\",\"@id\":\"https:\/\/longchangchemical.com\/#website\",\"url\":\"https:\/\/longchangchemical.com\/\",\"name\":\"Longchang Chemical\",\"description\":\"China chemical manufacturer \uff06 supplier\",\"publisher\":{\"@id\":\"https:\/\/longchangchemical.com\/#organization\"},\"potentialAction\":[{\"@type\":\"SearchAction\",\"target\":{\"@type\":\"EntryPoint\",\"urlTemplate\":\"https:\/\/longchangchemical.com\/?s={search_term_string}\"},\"query-input\":{\"@type\":\"PropertyValueSpecification\",\"valueRequired\":true,\"valueName\":\"search_term_string\"}}],\"inLanguage\":\"pt-BR\"},{\"@type\":\"Organization\",\"@id\":\"https:\/\/longchangchemical.com\/#organization\",\"name\":\"Longchang Chemical\",\"url\":\"https:\/\/longchangchemical.com\/\",\"logo\":{\"@type\":\"ImageObject\",\"inLanguage\":\"pt-BR\",\"@id\":\"https:\/\/longchangchemical.com\/#\/schema\/logo\/image\/\",\"url\":\"https:\/\/longchangchemical.com\/wp-content\/uploads\/2020\/08\/cropped-longchang-logo.png\",\"contentUrl\":\"https:\/\/longchangchemical.com\/wp-content\/uploads\/2020\/08\/cropped-longchang-logo.png\",\"width\":512,\"height\":512,\"caption\":\"Longchang Chemical\"},\"image\":{\"@id\":\"https:\/\/longchangchemical.com\/#\/schema\/logo\/image\/\"}}]}<\/script>\n<!-- \/ Yoast SEO plugin. -->","yoast_head_json":{"title":"Fabricante do retardador de chamas 3-HPP \/ CEPPA (\u00e1cido 3-hidroxifenilfosfinil-propanoico) - Longchang Chemical","description":"Lcflare\u00ae 3-HPP \/ CEPPA (\u00e1cido 2-carboxil etil (fenil) fosf\u00ednico) CAS 14657-64-8 pode ser usado como retardante de chamas e \u00e9 o principal produto da Longchang Chemical. Somos o principal fabricante e fornecedor de retardante de chamas na China, com a melhor qualidade e pre\u00e7o competitivo.","robots":{"index":"index","follow":"follow","max-snippet":"max-snippet:-1","max-image-preview":"max-image-preview:large","max-video-preview":"max-video-preview:-1"},"canonical":"https:\/\/longchangchemical.com\/pt\/product\/3-hpp-ceppa-cas-14657-64-8\/","og_locale":"pt_BR","og_type":"article","og_title":"Flame retardant 3-HPP \/ CEPPA ( 3-Hydroxyphenylphosphinyl-propanoic acid ) manufacturer - Longchang Chemical","og_description":"Lcflare\u00ae 3-HPP \/ CEPPA ( 2-carboxyl ethyl(phenyl)phosphinic Acid ) CAS 14657-64-8 can be used as a Flame retardant and is the key product of Longchang chemical. We are the leading Flame retardant manufacturer and supplier in China with the best quanlity and competitive price.","og_url":"https:\/\/longchangchemical.com\/pt\/product\/3-hpp-ceppa-cas-14657-64-8\/","og_site_name":"Longchang Chemical","article_modified_time":"2024-08-01T07:00:26+00:00","og_image":[{"width":800,"height":800,"url":"https:\/\/longchangchemical.com\/wp-content\/uploads\/2024\/02\/Lcflare\u00ae-3-HPPCEPPA.jpg","type":"image\/jpeg"}],"twitter_card":"summary_large_image","schema":{"@context":"https:\/\/schema.org","@graph":[{"@type":"WebPage","@id":"https:\/\/longchangchemical.com\/product\/3-hpp-ceppa-cas-14657-64-8\/","url":"https:\/\/longchangchemical.com\/product\/3-hpp-ceppa-cas-14657-64-8\/","name":"Fabricante do retardador de chamas 3-HPP \/ CEPPA (\u00e1cido 3-hidroxifenilfosfinil-propanoico) - Longchang Chemical","isPartOf":{"@id":"https:\/\/longchangchemical.com\/#website"},"datePublished":"2024-02-19T06:44:48+00:00","dateModified":"2024-08-01T07:00:26+00:00","description":"Lcflare\u00ae 3-HPP \/ CEPPA (\u00e1cido 2-carboxil etil (fenil) fosf\u00ednico) CAS 14657-64-8 pode ser usado como retardante de chamas e \u00e9 o principal produto da Longchang Chemical. Somos o principal fabricante e fornecedor de retardante de chamas na China, com a melhor qualidade e pre\u00e7o competitivo.","breadcrumb":{"@id":"https:\/\/longchangchemical.com\/product\/3-hpp-ceppa-cas-14657-64-8\/#breadcrumb"},"inLanguage":"pt-BR","potentialAction":[{"@type":"ReadAction","target":["https:\/\/longchangchemical.com\/product\/3-hpp-ceppa-cas-14657-64-8\/"]}]},{"@type":"BreadcrumbList","@id":"https:\/\/longchangchemical.com\/product\/3-hpp-ceppa-cas-14657-64-8\/#breadcrumb","itemListElement":[{"@type":"ListItem","position":1,"name":"Home","item":"https:\/\/longchangchemical.com\/"},{"@type":"ListItem","position":2,"name":"Products Longchang","item":"https:\/\/longchangchemical.com\/product\/"},{"@type":"ListItem","position":3,"name":"Lcflare\u00ae 3-HPP\/CEPPA"}]},{"@type":"WebSite","@id":"https:\/\/longchangchemical.com\/#website","url":"https:\/\/longchangchemical.com\/","name":"Qu\u00edmica Longchang","description":"Fabricante de produtos qu\u00edmicos na China \uff06 fornecedor","publisher":{"@id":"https:\/\/longchangchemical.com\/#organization"},"potentialAction":[{"@type":"SearchAction","target":{"@type":"EntryPoint","urlTemplate":"https:\/\/longchangchemical.com\/?s={search_term_string}"},"query-input":{"@type":"PropertyValueSpecification","valueRequired":true,"valueName":"search_term_string"}}],"inLanguage":"pt-BR"},{"@type":"Organization","@id":"https:\/\/longchangchemical.com\/#organization","name":"Qu\u00edmica Longchang","url":"https:\/\/longchangchemical.com\/","logo":{"@type":"ImageObject","inLanguage":"pt-BR","@id":"https:\/\/longchangchemical.com\/#\/schema\/logo\/image\/","url":"https:\/\/longchangchemical.com\/wp-content\/uploads\/2020\/08\/cropped-longchang-logo.png","contentUrl":"https:\/\/longchangchemical.com\/wp-content\/uploads\/2020\/08\/cropped-longchang-logo.png","width":512,"height":512,"caption":"Longchang Chemical"},"image":{"@id":"https:\/\/longchangchemical.com\/#\/schema\/logo\/image\/"}}]}},"_links":{"self":[{"href":"https:\/\/longchangchemical.com\/pt\/wp-json\/wp\/v2\/product\/6646","targetHints":{"allow":["GET"]}}],"collection":[{"href":"https:\/\/longchangchemical.com\/pt\/wp-json\/wp\/v2\/product"}],"about":[{"href":"https:\/\/longchangchemical.com\/pt\/wp-json\/wp\/v2\/types\/product"}],"replies":[{"embeddable":true,"href":"https:\/\/longchangchemical.com\/pt\/wp-json\/wp\/v2\/comments?post=6646"}],"wp:attachment":[{"href":"https:\/\/longchangchemical.com\/pt\/wp-json\/wp\/v2\/media?parent=6646"}],"wp:term":[{"taxonomy":"product_brand","embeddable":true,"href":"https:\/\/longchangchemical.com\/pt\/wp-json\/wp\/v2\/product_brand?post=6646"},{"taxonomy":"product_cat","embeddable":true,"href":"https:\/\/longchangchemical.com\/pt\/wp-json\/wp\/v2\/product_cat?post=6646"},{"taxonomy":"product_tag","embeddable":true,"href":"https:\/\/longchangchemical.com\/pt\/wp-json\/wp\/v2\/product_tag?post=6646"}],"curies":[{"name":"wp","href":"https:\/\/api.w.org\/{rel}","templated":true}]}}