{"id":6600,"date":"2024-02-05T09:06:27","date_gmt":"2024-02-05T09:06:27","guid":{"rendered":"https:\/\/longchangchemical.com\/?post_type=product&#038;p=6600"},"modified":"2025-12-17T02:45:46","modified_gmt":"2025-12-17T02:45:46","slug":"dps-cas-18880-36-9","status":"publish","type":"product","link":"https:\/\/longchangchemical.com\/pt\/product\/dps-cas-18880-36-9\/","title":{"rendered":"Sal de s\u00f3dio do \u00e1cido N,N-dimetil-ditiocarbamil propil sulf\u00f4nico \/ DPS CAS 18880-36-9"},"content":{"rendered":"<h1><strong>Sal de s\u00f3dio do \u00e1cido N,N-dimetil-ditiocarbamil propil sulf\u00f4nico \/ DPS CAS 18880-36-9<\/strong><\/h1>\n<p>O DPS \u00e9 usado como abrilhantador de revestimento de cobre em combina\u00e7\u00e3o com surfactantes, como poli\u00e9ter e agentes umectantes, ou com outros abrilhantadores contendo enxofre para obter revestimentos d\u00facteis e brilhantes. Tamb\u00e9m pode ser usado para revestimento qu\u00edmico de metais preciosos e como estabilizador de galvanoplastia. A principal fun\u00e7\u00e3o \u00e9 produzir luz rapidamente e a estabilidade da solu\u00e7\u00e3o de galvaniza\u00e7\u00e3o \u00e9 boa.<\/p>\n<p>&nbsp;<\/p>\n<p><strong><b>Padr\u00e3o<\/b><\/strong><\/p>\n<table>\n<tbody>\n<tr>\n<td width=\"229\">Item<\/td>\n<td width=\"224\">Especifica\u00e7\u00e3o<\/td>\n<\/tr>\n<tr>\n<td width=\"229\">Apar\u00eancia<\/td>\n<td width=\"224\">Alimenta\u00e7\u00e3o de branco a amarelo claro<\/td>\n<\/tr>\n<tr>\n<td width=\"229\">Solubilidade (solu\u00e7\u00e3o aquosa de 5%):<\/td>\n<td width=\"224\">Transparente e claro<\/td>\n<\/tr>\n<tr>\n<td width=\"229\">Pureza (HPLC)<\/td>\n<td width=\"224\">\u226599.0%<\/td>\n<\/tr>\n<tr>\n<td width=\"229\">Umidade<\/td>\n<td width=\"224\">\uff1c1.0%<\/td>\n<\/tr>\n<\/tbody>\n<\/table>\n<p><strong><b>\u00a0<\/b><\/strong><\/p>\n<p><strong>Aplicativo: <\/strong><\/p>\n<p>O DPS \u00e9 usado como abrilhantador para revestimento de cobre e como intermedi\u00e1rio para aditivos de galvanoplastia.<\/p>\n<p>&nbsp;<\/p>\n<p><strong><b>P<\/b><\/strong><strong><b>ackag<\/b><\/strong><strong><b>e<\/b><\/strong><strong><b>:<\/b><\/strong>25 kg\/tambor; 50 kg\/tambor<\/p>\n<p><strong><b>\u00a0<\/b><\/strong><\/p>\n<p><strong><b>Armazenamento: <\/b><\/strong><\/p>\n<p>Protegido da umidade e da chuva.<\/p>\n<p>Evite que a embalagem se quebre durante o transporte.<\/p>\n<p>Armazene em um dep\u00f3sito seco e ventilado.<\/p>\n<h2><strong><b>Entre em contato conosco agora!<\/b><\/strong><\/h2>\n<h4><strong><b>Se precisar do Price, preencha suas informa\u00e7\u00f5es de contato no formul\u00e1rio abaixo. Normalmente, entraremos em contato dentro de 24 horas. Voc\u00ea tamb\u00e9m pode me enviar um e-mail\u00a0<span style=\"color: #00ccff;\"><a style=\"color: #00ccff;\" href=\"mailto:info@longchangchemical.com\">info@longchangchemical.com<\/a>\u00a0<\/span>durante o hor\u00e1rio comercial (das 8h30 \u00e0s 18h UTC+8 de segunda a s\u00e1bado) ou use o bate-papo ao vivo do site para obter uma resposta imediata.<\/b><\/strong><\/h4>","protected":false},"excerpt":{"rendered":"<p><strong>Nome qu\u00edmico:<\/strong>\u00a0Sal de s\u00f3dio do \u00e1cido N,N-dimetil-ditiocarbamil propil sulf\u00f4nico<\/p>\n<p><strong>Sin\u00f4nimo: <\/strong>3-[[(dimetilamino)tioxometil]tio]propanossulfonato de s\u00f3dio; DPS<\/p>\n<p><strong>N\u00ba CAS:<\/strong>\u00a018880-36-9<\/p>\n<p><strong>MF<\/strong>: C6H12NNaO3S3\u00a0 <strong>MW<\/strong><strong>: <\/strong>265.4<\/p>\n<p><strong>Estrutura molecular\uff1a<img decoding=\"async\" class=\"alignnone size-full wp-image-6601\" src=\"https:\/\/longchangchemical.com\/wp-content\/uploads\/2024\/02\/DPS.png\" alt=\"\" width=\"299\" height=\"148\" \/><\/strong><\/p>\n<p><strong><b>\u00a0<\/b><\/strong><\/p>","protected":false},"featured_media":6717,"comment_status":"open","ping_status":"closed","template":"","meta":[],"product_brand":[],"product_cat":[135],"product_tag":[],"class_list":{"0":"post-6600","1":"product","2":"type-product","3":"status-publish","4":"has-post-thumbnail","6":"product_cat-santicor-corrosion-inhibitor","8":"first","9":"instock","10":"shipping-taxable","11":"product-type-simple"},"yoast_head":"<!-- This site is optimized with the Yoast SEO plugin v25.3.1 - https:\/\/yoast.com\/wordpress\/plugins\/seo\/ -->\n<title>China N,N-Dimethyl-dithiocarbamyl propyl sulfonic acid sodium salt \/ DPS CAS 18880-36-9 Manufacturer - Longchang Chemical<\/title>\n<meta name=\"description\" content=\"N,N-Dimethyl-dithiocarbamyl propyl sulfonic acid sodium salt \/ DPS CAS 18880-36-9 is a key product of Longchang Chemical. We provide the best price. We are the leading manufacturer in China with the best quality and competitive price.\" \/>\n<meta name=\"robots\" content=\"index, follow, max-snippet:-1, max-image-preview:large, max-video-preview:-1\" \/>\n<link rel=\"canonical\" href=\"https:\/\/longchangchemical.com\/pt\/product\/dps-cas-18880-36-9\/\" \/>\n<meta property=\"og:locale\" content=\"pt_BR\" \/>\n<meta property=\"og:type\" content=\"article\" \/>\n<meta property=\"og:title\" content=\"China N,N-Dimethyl-dithiocarbamyl propyl sulfonic acid sodium salt \/ DPS CAS 18880-36-9 Manufacturer - Longchang Chemical\" \/>\n<meta property=\"og:description\" content=\"N,N-Dimethyl-dithiocarbamyl propyl sulfonic acid sodium salt \/ DPS CAS 18880-36-9 is a key product of Longchang Chemical. We provide the best price. We are the leading manufacturer in China with the best quality and competitive price.\" \/>\n<meta property=\"og:url\" content=\"https:\/\/longchangchemical.com\/pt\/product\/dps-cas-18880-36-9\/\" \/>\n<meta property=\"og:site_name\" content=\"Longchang Chemical\" \/>\n<meta property=\"article:modified_time\" content=\"2025-12-17T02:45:46+00:00\" \/>\n<meta property=\"og:image\" content=\"https:\/\/longchangchemical.com\/wp-content\/uploads\/2024\/02\/DPS.jpg\" \/>\n\t<meta property=\"og:image:width\" content=\"800\" \/>\n\t<meta property=\"og:image:height\" content=\"800\" \/>\n\t<meta property=\"og:image:type\" content=\"image\/jpeg\" \/>\n<meta name=\"twitter:card\" content=\"summary_large_image\" \/>\n<script type=\"application\/ld+json\" class=\"yoast-schema-graph\">{\"@context\":\"https:\/\/schema.org\",\"@graph\":[{\"@type\":\"WebPage\",\"@id\":\"https:\/\/longchangchemical.com\/product\/dps-cas-18880-36-9\/\",\"url\":\"https:\/\/longchangchemical.com\/product\/dps-cas-18880-36-9\/\",\"name\":\"China N,N-Dimethyl-dithiocarbamyl propyl sulfonic acid sodium salt \/ DPS CAS 18880-36-9 Manufacturer - Longchang Chemical\",\"isPartOf\":{\"@id\":\"https:\/\/longchangchemical.com\/#website\"},\"primaryImageOfPage\":{\"@id\":\"https:\/\/longchangchemical.com\/product\/dps-cas-18880-36-9\/#primaryimage\"},\"image\":{\"@id\":\"https:\/\/longchangchemical.com\/product\/dps-cas-18880-36-9\/#primaryimage\"},\"thumbnailUrl\":\"https:\/\/longchangchemical.com\/wp-content\/uploads\/2024\/02\/DPS.jpg\",\"datePublished\":\"2024-02-05T09:06:27+00:00\",\"dateModified\":\"2025-12-17T02:45:46+00:00\",\"description\":\"N,N-Dimethyl-dithiocarbamyl propyl sulfonic acid sodium salt \/ DPS CAS 18880-36-9 is a key product of Longchang Chemical. We provide the best price. We are the leading manufacturer in China with the best quality and competitive price.\",\"breadcrumb\":{\"@id\":\"https:\/\/longchangchemical.com\/product\/dps-cas-18880-36-9\/#breadcrumb\"},\"inLanguage\":\"pt-BR\",\"potentialAction\":[{\"@type\":\"ReadAction\",\"target\":[\"https:\/\/longchangchemical.com\/product\/dps-cas-18880-36-9\/\"]}]},{\"@type\":\"ImageObject\",\"inLanguage\":\"pt-BR\",\"@id\":\"https:\/\/longchangchemical.com\/product\/dps-cas-18880-36-9\/#primaryimage\",\"url\":\"https:\/\/longchangchemical.com\/wp-content\/uploads\/2024\/02\/DPS.jpg\",\"contentUrl\":\"https:\/\/longchangchemical.com\/wp-content\/uploads\/2024\/02\/DPS.jpg\",\"width\":800,\"height\":800},{\"@type\":\"BreadcrumbList\",\"@id\":\"https:\/\/longchangchemical.com\/product\/dps-cas-18880-36-9\/#breadcrumb\",\"itemListElement\":[{\"@type\":\"ListItem\",\"position\":1,\"name\":\"Home\",\"item\":\"https:\/\/longchangchemical.com\/\"},{\"@type\":\"ListItem\",\"position\":2,\"name\":\"Products Longchang\",\"item\":\"https:\/\/longchangchemical.com\/product\/\"},{\"@type\":\"ListItem\",\"position\":3,\"name\":\"N,N-Dimethyl-dithiocarbamyl propyl sulfonic acid sodium salt \/ DPS CAS 18880-36-9\"}]},{\"@type\":\"WebSite\",\"@id\":\"https:\/\/longchangchemical.com\/#website\",\"url\":\"https:\/\/longchangchemical.com\/\",\"name\":\"Longchang Chemical\",\"description\":\"China chemical manufacturer \uff06 supplier\",\"publisher\":{\"@id\":\"https:\/\/longchangchemical.com\/#organization\"},\"potentialAction\":[{\"@type\":\"SearchAction\",\"target\":{\"@type\":\"EntryPoint\",\"urlTemplate\":\"https:\/\/longchangchemical.com\/?s={search_term_string}\"},\"query-input\":{\"@type\":\"PropertyValueSpecification\",\"valueRequired\":true,\"valueName\":\"search_term_string\"}}],\"inLanguage\":\"pt-BR\"},{\"@type\":\"Organization\",\"@id\":\"https:\/\/longchangchemical.com\/#organization\",\"name\":\"Longchang Chemical\",\"url\":\"https:\/\/longchangchemical.com\/\",\"logo\":{\"@type\":\"ImageObject\",\"inLanguage\":\"pt-BR\",\"@id\":\"https:\/\/longchangchemical.com\/#\/schema\/logo\/image\/\",\"url\":\"https:\/\/longchangchemical.com\/wp-content\/uploads\/2020\/08\/cropped-longchang-logo.png\",\"contentUrl\":\"https:\/\/longchangchemical.com\/wp-content\/uploads\/2020\/08\/cropped-longchang-logo.png\",\"width\":512,\"height\":512,\"caption\":\"Longchang Chemical\"},\"image\":{\"@id\":\"https:\/\/longchangchemical.com\/#\/schema\/logo\/image\/\"}}]}<\/script>\n<!-- \/ Yoast SEO plugin. -->","yoast_head_json":{"title":"China Sal de s\u00f3dio do \u00e1cido N,N-dimetil-ditiocarbamil propil sulf\u00f4nico \/ DPS CAS 18880-36-9 Fabricante - Longchang Chemical","description":"O sal de s\u00f3dio do \u00e1cido N,N-dimetil-ditiocarbamil propil sulf\u00f4nico \/ DPS CAS 18880-36-9 \u00e9 um produto-chave da Longchang Chemical. Oferecemos o melhor pre\u00e7o. Somos o fabricante l\u00edder na China, com a melhor qualidade e pre\u00e7o competitivo.","robots":{"index":"index","follow":"follow","max-snippet":"max-snippet:-1","max-image-preview":"max-image-preview:large","max-video-preview":"max-video-preview:-1"},"canonical":"https:\/\/longchangchemical.com\/pt\/product\/dps-cas-18880-36-9\/","og_locale":"pt_BR","og_type":"article","og_title":"China N,N-Dimethyl-dithiocarbamyl propyl sulfonic acid sodium salt \/ DPS CAS 18880-36-9 Manufacturer - Longchang Chemical","og_description":"N,N-Dimethyl-dithiocarbamyl propyl sulfonic acid sodium salt \/ DPS CAS 18880-36-9 is a key product of Longchang Chemical. We provide the best price. We are the leading manufacturer in China with the best quality and competitive price.","og_url":"https:\/\/longchangchemical.com\/pt\/product\/dps-cas-18880-36-9\/","og_site_name":"Longchang Chemical","article_modified_time":"2025-12-17T02:45:46+00:00","og_image":[{"width":800,"height":800,"url":"https:\/\/longchangchemical.com\/wp-content\/uploads\/2024\/02\/DPS.jpg","type":"image\/jpeg"}],"twitter_card":"summary_large_image","schema":{"@context":"https:\/\/schema.org","@graph":[{"@type":"WebPage","@id":"https:\/\/longchangchemical.com\/product\/dps-cas-18880-36-9\/","url":"https:\/\/longchangchemical.com\/product\/dps-cas-18880-36-9\/","name":"China Sal de s\u00f3dio do \u00e1cido N,N-dimetil-ditiocarbamil propil sulf\u00f4nico \/ DPS CAS 18880-36-9 Fabricante - Longchang Chemical","isPartOf":{"@id":"https:\/\/longchangchemical.com\/#website"},"primaryImageOfPage":{"@id":"https:\/\/longchangchemical.com\/product\/dps-cas-18880-36-9\/#primaryimage"},"image":{"@id":"https:\/\/longchangchemical.com\/product\/dps-cas-18880-36-9\/#primaryimage"},"thumbnailUrl":"https:\/\/longchangchemical.com\/wp-content\/uploads\/2024\/02\/DPS.jpg","datePublished":"2024-02-05T09:06:27+00:00","dateModified":"2025-12-17T02:45:46+00:00","description":"O sal de s\u00f3dio do \u00e1cido N,N-dimetil-ditiocarbamil propil sulf\u00f4nico \/ DPS CAS 18880-36-9 \u00e9 um produto-chave da Longchang Chemical. Oferecemos o melhor pre\u00e7o. Somos o fabricante l\u00edder na China, com a melhor qualidade e pre\u00e7o competitivo.","breadcrumb":{"@id":"https:\/\/longchangchemical.com\/product\/dps-cas-18880-36-9\/#breadcrumb"},"inLanguage":"pt-BR","potentialAction":[{"@type":"ReadAction","target":["https:\/\/longchangchemical.com\/product\/dps-cas-18880-36-9\/"]}]},{"@type":"ImageObject","inLanguage":"pt-BR","@id":"https:\/\/longchangchemical.com\/product\/dps-cas-18880-36-9\/#primaryimage","url":"https:\/\/longchangchemical.com\/wp-content\/uploads\/2024\/02\/DPS.jpg","contentUrl":"https:\/\/longchangchemical.com\/wp-content\/uploads\/2024\/02\/DPS.jpg","width":800,"height":800},{"@type":"BreadcrumbList","@id":"https:\/\/longchangchemical.com\/product\/dps-cas-18880-36-9\/#breadcrumb","itemListElement":[{"@type":"ListItem","position":1,"name":"Home","item":"https:\/\/longchangchemical.com\/"},{"@type":"ListItem","position":2,"name":"Products Longchang","item":"https:\/\/longchangchemical.com\/product\/"},{"@type":"ListItem","position":3,"name":"N,N-Dimethyl-dithiocarbamyl propyl sulfonic acid sodium salt \/ DPS CAS 18880-36-9"}]},{"@type":"WebSite","@id":"https:\/\/longchangchemical.com\/#website","url":"https:\/\/longchangchemical.com\/","name":"Qu\u00edmica Longchang","description":"Fabricante de produtos qu\u00edmicos na China \uff06 fornecedor","publisher":{"@id":"https:\/\/longchangchemical.com\/#organization"},"potentialAction":[{"@type":"SearchAction","target":{"@type":"EntryPoint","urlTemplate":"https:\/\/longchangchemical.com\/?s={search_term_string}"},"query-input":{"@type":"PropertyValueSpecification","valueRequired":true,"valueName":"search_term_string"}}],"inLanguage":"pt-BR"},{"@type":"Organization","@id":"https:\/\/longchangchemical.com\/#organization","name":"Qu\u00edmica Longchang","url":"https:\/\/longchangchemical.com\/","logo":{"@type":"ImageObject","inLanguage":"pt-BR","@id":"https:\/\/longchangchemical.com\/#\/schema\/logo\/image\/","url":"https:\/\/longchangchemical.com\/wp-content\/uploads\/2020\/08\/cropped-longchang-logo.png","contentUrl":"https:\/\/longchangchemical.com\/wp-content\/uploads\/2020\/08\/cropped-longchang-logo.png","width":512,"height":512,"caption":"Longchang Chemical"},"image":{"@id":"https:\/\/longchangchemical.com\/#\/schema\/logo\/image\/"}}]}},"_links":{"self":[{"href":"https:\/\/longchangchemical.com\/pt\/wp-json\/wp\/v2\/product\/6600","targetHints":{"allow":["GET"]}}],"collection":[{"href":"https:\/\/longchangchemical.com\/pt\/wp-json\/wp\/v2\/product"}],"about":[{"href":"https:\/\/longchangchemical.com\/pt\/wp-json\/wp\/v2\/types\/product"}],"replies":[{"embeddable":true,"href":"https:\/\/longchangchemical.com\/pt\/wp-json\/wp\/v2\/comments?post=6600"}],"wp:featuredmedia":[{"embeddable":true,"href":"https:\/\/longchangchemical.com\/pt\/wp-json\/wp\/v2\/media\/6717"}],"wp:attachment":[{"href":"https:\/\/longchangchemical.com\/pt\/wp-json\/wp\/v2\/media?parent=6600"}],"wp:term":[{"taxonomy":"product_brand","embeddable":true,"href":"https:\/\/longchangchemical.com\/pt\/wp-json\/wp\/v2\/product_brand?post=6600"},{"taxonomy":"product_cat","embeddable":true,"href":"https:\/\/longchangchemical.com\/pt\/wp-json\/wp\/v2\/product_cat?post=6600"},{"taxonomy":"product_tag","embeddable":true,"href":"https:\/\/longchangchemical.com\/pt\/wp-json\/wp\/v2\/product_tag?post=6600"}],"curies":[{"name":"wp","href":"https:\/\/api.w.org\/{rel}","templated":true}]}}