{"id":6597,"date":"2024-02-05T08:42:45","date_gmt":"2024-02-05T08:42:45","guid":{"rendered":"https:\/\/longchangchemical.com\/?post_type=product&#038;p=6597"},"modified":"2025-12-17T02:50:36","modified_gmt":"2025-12-17T02:50:36","slug":"mps-cas-17636-10-1","status":"publish","type":"product","link":"https:\/\/longchangchemical.com\/pt\/product\/mps-cas-17636-10-1\/","title":{"rendered":"3-mercaptopropanossulfonato de s\u00f3dio\/ MPS CAS 17636-10-1"},"content":{"rendered":"<h1><strong>3-mercaptopropanossulfonato de s\u00f3dio\/ MPS CAS 17636-10-1<\/strong><\/h1>\n<p>O MPS pode aumentar a resist\u00eancia \u00e0 corros\u00e3o da superf\u00edcie do cobre e pode ser usado com poli\u00e9ter para obter uma camada de revestimento brilhante e d\u00factil.<\/p>\n<p>&nbsp;<\/p>\n<p><strong><b>Padr\u00e3o<\/b><\/strong><\/p>\n<table>\n<tbody>\n<tr>\n<td width=\"229\">Item<\/td>\n<td width=\"224\">Especifica\u00e7\u00e3o<\/td>\n<\/tr>\n<tr>\n<td width=\"229\">Apar\u00eancia<\/td>\n<td width=\"224\">Alimenta\u00e7\u00e3o de branco a amarelo claro<\/td>\n<\/tr>\n<tr>\n<td width=\"229\">Solubilidade (solu\u00e7\u00e3o aquosa de 5%):<\/td>\n<td width=\"224\">Transparente e claro<\/td>\n<\/tr>\n<tr>\n<td width=\"229\">Pureza (HPLC)<\/td>\n<td width=\"224\">\uff1e99.0%<\/td>\n<\/tr>\n<tr>\n<td width=\"229\">Umidade<\/td>\n<td width=\"224\">\uff1c1.0%<\/td>\n<\/tr>\n<\/tbody>\n<\/table>\n<p><strong><b>\u00a0<\/b><\/strong><\/p>\n<p><strong>Aplicativo: <\/strong><\/p>\n<p>O MPS \u00e9 usado como um intermedi\u00e1rio em aditivos de galvanoplastia para a prepara\u00e7\u00e3o de branqueadores de cobre, especialmente para a galvaniza\u00e7\u00e3o de placas de circuito impresso.<\/p>\n<p>&nbsp;<\/p>\n<p><strong><b>P<\/b><\/strong><strong><b>ackag<\/b><\/strong><strong><b>e<\/b><\/strong><strong><b>:<\/b><\/strong>25 kg\/tambor; 50 kg\/tambor<\/p>\n<p><strong><b>\u00a0<\/b><\/strong><\/p>\n<p><strong><b>Armazenamento: <\/b><\/strong><\/p>\n<p>Protegido da umidade e da chuva.<\/p>\n<p>Evite que a embalagem se quebre durante o transporte.<\/p>\n<p>Armazene em um dep\u00f3sito seco e ventilado.<\/p>\n<h2><strong><b>Entre em contato conosco agora!<\/b><\/strong><\/h2>\n<h4><strong><b>Se precisar do Price, preencha suas informa\u00e7\u00f5es de contato no formul\u00e1rio abaixo. Normalmente, entraremos em contato dentro de 24 horas. Voc\u00ea tamb\u00e9m pode me enviar um e-mail\u00a0<span style=\"color: #00ccff;\"><a style=\"color: #00ccff;\" href=\"mailto:info@longchangchemical.com\">info@longchangchemical.com<\/a>\u00a0<\/span>durante o hor\u00e1rio comercial (das 8h30 \u00e0s 18h UTC+8 de segunda a s\u00e1bado) ou use o bate-papo ao vivo do site para obter uma resposta imediata.<\/b><\/strong><\/h4>","protected":false},"excerpt":{"rendered":"<p><strong>Nome qu\u00edmico:<\/strong>\u00a0Sal de s\u00f3dio do \u00e1cido 3-Mercapto-1-propano sulf\u00f4nico<\/p>\n<p><strong>Sin\u00f4nimo: <\/strong>3-mercaptopropanossulfonato de s\u00f3dio; MPS<\/p>\n<p><strong>N\u00ba CAS:<\/strong>\u00a017636-10-1<\/p>\n<p><strong>MF<\/strong>: C3H7O3S2Na\u00a0\u00a0 <strong>MW<\/strong><strong>: <\/strong>178.2<\/p>\n<p><strong>Estrutura molecular\uff1a<\/strong><img decoding=\"async\" class=\"alignnone size-full wp-image-6598\" src=\"https:\/\/longchangchemical.com\/wp-content\/uploads\/2024\/02\/MPS.png\" alt=\"\" width=\"384\" height=\"230\" \/><\/p>","protected":false},"featured_media":6598,"comment_status":"open","ping_status":"closed","template":"","meta":[],"product_brand":[],"product_cat":[135],"product_tag":[],"class_list":{"0":"post-6597","1":"product","2":"type-product","3":"status-publish","4":"has-post-thumbnail","6":"product_cat-santicor-corrosion-inhibitor","8":"first","9":"instock","10":"shipping-taxable","11":"product-type-simple"},"yoast_head":"<!-- This site is optimized with the Yoast SEO plugin v25.3.1 - https:\/\/yoast.com\/wordpress\/plugins\/seo\/ -->\n<title>China MPS Chemical Manufacturer - CAS 17636-10-1 supplier - Longchang Chemical<\/title>\n<meta name=\"description\" content=\"Sodium 3-mercaptopropanesulphonate is used as an intermediate in electroplating additives for the preparation of copper brighteners, Longchang Chemical can Offer the best price.\" \/>\n<meta name=\"robots\" content=\"index, follow, max-snippet:-1, max-image-preview:large, max-video-preview:-1\" \/>\n<link rel=\"canonical\" href=\"https:\/\/longchangchemical.com\/pt\/product\/mps-cas-17636-10-1\/\" \/>\n<meta property=\"og:locale\" content=\"pt_BR\" \/>\n<meta property=\"og:type\" content=\"article\" \/>\n<meta property=\"og:title\" content=\"China MPS Chemical Manufacturer - CAS 17636-10-1 supplier - Longchang Chemical\" \/>\n<meta property=\"og:description\" content=\"Sodium 3-mercaptopropanesulphonate is used as an intermediate in electroplating additives for the preparation of copper brighteners, Longchang Chemical can Offer the best price.\" \/>\n<meta property=\"og:url\" content=\"https:\/\/longchangchemical.com\/pt\/product\/mps-cas-17636-10-1\/\" \/>\n<meta property=\"og:site_name\" content=\"Longchang Chemical\" \/>\n<meta property=\"article:modified_time\" content=\"2025-12-17T02:50:36+00:00\" \/>\n<meta property=\"og:image\" content=\"https:\/\/longchangchemical.com\/wp-content\/uploads\/2024\/02\/MPS.png\" \/>\n\t<meta property=\"og:image:width\" content=\"384\" \/>\n\t<meta property=\"og:image:height\" content=\"230\" \/>\n\t<meta property=\"og:image:type\" content=\"image\/png\" \/>\n<meta name=\"twitter:card\" content=\"summary_large_image\" \/>\n<script type=\"application\/ld+json\" class=\"yoast-schema-graph\">{\"@context\":\"https:\/\/schema.org\",\"@graph\":[{\"@type\":\"WebPage\",\"@id\":\"https:\/\/longchangchemical.com\/product\/mps-cas-17636-10-1\/\",\"url\":\"https:\/\/longchangchemical.com\/product\/mps-cas-17636-10-1\/\",\"name\":\"China MPS Chemical Manufacturer - CAS 17636-10-1 supplier - Longchang Chemical\",\"isPartOf\":{\"@id\":\"https:\/\/longchangchemical.com\/#website\"},\"primaryImageOfPage\":{\"@id\":\"https:\/\/longchangchemical.com\/product\/mps-cas-17636-10-1\/#primaryimage\"},\"image\":{\"@id\":\"https:\/\/longchangchemical.com\/product\/mps-cas-17636-10-1\/#primaryimage\"},\"thumbnailUrl\":\"https:\/\/longchangchemical.com\/wp-content\/uploads\/2024\/02\/MPS.png\",\"datePublished\":\"2024-02-05T08:42:45+00:00\",\"dateModified\":\"2025-12-17T02:50:36+00:00\",\"description\":\"Sodium 3-mercaptopropanesulphonate is used as an intermediate in electroplating additives for the preparation of copper brighteners, Longchang Chemical can Offer the best price.\",\"breadcrumb\":{\"@id\":\"https:\/\/longchangchemical.com\/product\/mps-cas-17636-10-1\/#breadcrumb\"},\"inLanguage\":\"pt-BR\",\"potentialAction\":[{\"@type\":\"ReadAction\",\"target\":[\"https:\/\/longchangchemical.com\/product\/mps-cas-17636-10-1\/\"]}]},{\"@type\":\"ImageObject\",\"inLanguage\":\"pt-BR\",\"@id\":\"https:\/\/longchangchemical.com\/product\/mps-cas-17636-10-1\/#primaryimage\",\"url\":\"https:\/\/longchangchemical.com\/wp-content\/uploads\/2024\/02\/MPS.png\",\"contentUrl\":\"https:\/\/longchangchemical.com\/wp-content\/uploads\/2024\/02\/MPS.png\",\"width\":384,\"height\":230},{\"@type\":\"BreadcrumbList\",\"@id\":\"https:\/\/longchangchemical.com\/product\/mps-cas-17636-10-1\/#breadcrumb\",\"itemListElement\":[{\"@type\":\"ListItem\",\"position\":1,\"name\":\"Home\",\"item\":\"https:\/\/longchangchemical.com\/\"},{\"@type\":\"ListItem\",\"position\":2,\"name\":\"Products Longchang\",\"item\":\"https:\/\/longchangchemical.com\/product\/\"},{\"@type\":\"ListItem\",\"position\":3,\"name\":\"Sodium 3-mercaptopropanesulphonate\/ MPS CAS 17636-10-1\"}]},{\"@type\":\"WebSite\",\"@id\":\"https:\/\/longchangchemical.com\/#website\",\"url\":\"https:\/\/longchangchemical.com\/\",\"name\":\"Longchang Chemical\",\"description\":\"China chemical manufacturer \uff06 supplier\",\"publisher\":{\"@id\":\"https:\/\/longchangchemical.com\/#organization\"},\"potentialAction\":[{\"@type\":\"SearchAction\",\"target\":{\"@type\":\"EntryPoint\",\"urlTemplate\":\"https:\/\/longchangchemical.com\/?s={search_term_string}\"},\"query-input\":{\"@type\":\"PropertyValueSpecification\",\"valueRequired\":true,\"valueName\":\"search_term_string\"}}],\"inLanguage\":\"pt-BR\"},{\"@type\":\"Organization\",\"@id\":\"https:\/\/longchangchemical.com\/#organization\",\"name\":\"Longchang Chemical\",\"url\":\"https:\/\/longchangchemical.com\/\",\"logo\":{\"@type\":\"ImageObject\",\"inLanguage\":\"pt-BR\",\"@id\":\"https:\/\/longchangchemical.com\/#\/schema\/logo\/image\/\",\"url\":\"https:\/\/longchangchemical.com\/wp-content\/uploads\/2020\/08\/cropped-longchang-logo.png\",\"contentUrl\":\"https:\/\/longchangchemical.com\/wp-content\/uploads\/2020\/08\/cropped-longchang-logo.png\",\"width\":512,\"height\":512,\"caption\":\"Longchang Chemical\"},\"image\":{\"@id\":\"https:\/\/longchangchemical.com\/#\/schema\/logo\/image\/\"}}]}<\/script>\n<!-- \/ Yoast SEO plugin. -->","yoast_head_json":{"title":"Fabricante de produtos qu\u00edmicos MPS na China - fornecedor CAS 17636-10-1 - Longchang Chemical","description":"O 3-mercaptopropanossulfonato de s\u00f3dio \u00e9 usado como um intermedi\u00e1rio em aditivos de galvanoplastia para a prepara\u00e7\u00e3o de branqueadores de cobre. A Longchang Chemical pode oferecer o melhor pre\u00e7o.","robots":{"index":"index","follow":"follow","max-snippet":"max-snippet:-1","max-image-preview":"max-image-preview:large","max-video-preview":"max-video-preview:-1"},"canonical":"https:\/\/longchangchemical.com\/pt\/product\/mps-cas-17636-10-1\/","og_locale":"pt_BR","og_type":"article","og_title":"China MPS Chemical Manufacturer - CAS 17636-10-1 supplier - Longchang Chemical","og_description":"Sodium 3-mercaptopropanesulphonate is used as an intermediate in electroplating additives for the preparation of copper brighteners, Longchang Chemical can Offer the best price.","og_url":"https:\/\/longchangchemical.com\/pt\/product\/mps-cas-17636-10-1\/","og_site_name":"Longchang Chemical","article_modified_time":"2025-12-17T02:50:36+00:00","og_image":[{"width":384,"height":230,"url":"https:\/\/longchangchemical.com\/wp-content\/uploads\/2024\/02\/MPS.png","type":"image\/png"}],"twitter_card":"summary_large_image","schema":{"@context":"https:\/\/schema.org","@graph":[{"@type":"WebPage","@id":"https:\/\/longchangchemical.com\/product\/mps-cas-17636-10-1\/","url":"https:\/\/longchangchemical.com\/product\/mps-cas-17636-10-1\/","name":"Fabricante de produtos qu\u00edmicos MPS na China - fornecedor CAS 17636-10-1 - Longchang Chemical","isPartOf":{"@id":"https:\/\/longchangchemical.com\/#website"},"primaryImageOfPage":{"@id":"https:\/\/longchangchemical.com\/product\/mps-cas-17636-10-1\/#primaryimage"},"image":{"@id":"https:\/\/longchangchemical.com\/product\/mps-cas-17636-10-1\/#primaryimage"},"thumbnailUrl":"https:\/\/longchangchemical.com\/wp-content\/uploads\/2024\/02\/MPS.png","datePublished":"2024-02-05T08:42:45+00:00","dateModified":"2025-12-17T02:50:36+00:00","description":"O 3-mercaptopropanossulfonato de s\u00f3dio \u00e9 usado como um intermedi\u00e1rio em aditivos de galvanoplastia para a prepara\u00e7\u00e3o de branqueadores de cobre. A Longchang Chemical pode oferecer o melhor pre\u00e7o.","breadcrumb":{"@id":"https:\/\/longchangchemical.com\/product\/mps-cas-17636-10-1\/#breadcrumb"},"inLanguage":"pt-BR","potentialAction":[{"@type":"ReadAction","target":["https:\/\/longchangchemical.com\/product\/mps-cas-17636-10-1\/"]}]},{"@type":"ImageObject","inLanguage":"pt-BR","@id":"https:\/\/longchangchemical.com\/product\/mps-cas-17636-10-1\/#primaryimage","url":"https:\/\/longchangchemical.com\/wp-content\/uploads\/2024\/02\/MPS.png","contentUrl":"https:\/\/longchangchemical.com\/wp-content\/uploads\/2024\/02\/MPS.png","width":384,"height":230},{"@type":"BreadcrumbList","@id":"https:\/\/longchangchemical.com\/product\/mps-cas-17636-10-1\/#breadcrumb","itemListElement":[{"@type":"ListItem","position":1,"name":"Home","item":"https:\/\/longchangchemical.com\/"},{"@type":"ListItem","position":2,"name":"Products Longchang","item":"https:\/\/longchangchemical.com\/product\/"},{"@type":"ListItem","position":3,"name":"Sodium 3-mercaptopropanesulphonate\/ MPS CAS 17636-10-1"}]},{"@type":"WebSite","@id":"https:\/\/longchangchemical.com\/#website","url":"https:\/\/longchangchemical.com\/","name":"Qu\u00edmica Longchang","description":"Fabricante de produtos qu\u00edmicos na China \uff06 fornecedor","publisher":{"@id":"https:\/\/longchangchemical.com\/#organization"},"potentialAction":[{"@type":"SearchAction","target":{"@type":"EntryPoint","urlTemplate":"https:\/\/longchangchemical.com\/?s={search_term_string}"},"query-input":{"@type":"PropertyValueSpecification","valueRequired":true,"valueName":"search_term_string"}}],"inLanguage":"pt-BR"},{"@type":"Organization","@id":"https:\/\/longchangchemical.com\/#organization","name":"Qu\u00edmica Longchang","url":"https:\/\/longchangchemical.com\/","logo":{"@type":"ImageObject","inLanguage":"pt-BR","@id":"https:\/\/longchangchemical.com\/#\/schema\/logo\/image\/","url":"https:\/\/longchangchemical.com\/wp-content\/uploads\/2020\/08\/cropped-longchang-logo.png","contentUrl":"https:\/\/longchangchemical.com\/wp-content\/uploads\/2020\/08\/cropped-longchang-logo.png","width":512,"height":512,"caption":"Longchang Chemical"},"image":{"@id":"https:\/\/longchangchemical.com\/#\/schema\/logo\/image\/"}}]}},"_links":{"self":[{"href":"https:\/\/longchangchemical.com\/pt\/wp-json\/wp\/v2\/product\/6597","targetHints":{"allow":["GET"]}}],"collection":[{"href":"https:\/\/longchangchemical.com\/pt\/wp-json\/wp\/v2\/product"}],"about":[{"href":"https:\/\/longchangchemical.com\/pt\/wp-json\/wp\/v2\/types\/product"}],"replies":[{"embeddable":true,"href":"https:\/\/longchangchemical.com\/pt\/wp-json\/wp\/v2\/comments?post=6597"}],"wp:featuredmedia":[{"embeddable":true,"href":"https:\/\/longchangchemical.com\/pt\/wp-json\/wp\/v2\/media\/6598"}],"wp:attachment":[{"href":"https:\/\/longchangchemical.com\/pt\/wp-json\/wp\/v2\/media?parent=6597"}],"wp:term":[{"taxonomy":"product_brand","embeddable":true,"href":"https:\/\/longchangchemical.com\/pt\/wp-json\/wp\/v2\/product_brand?post=6597"},{"taxonomy":"product_cat","embeddable":true,"href":"https:\/\/longchangchemical.com\/pt\/wp-json\/wp\/v2\/product_cat?post=6597"},{"taxonomy":"product_tag","embeddable":true,"href":"https:\/\/longchangchemical.com\/pt\/wp-json\/wp\/v2\/product_tag?post=6597"}],"curies":[{"name":"wp","href":"https:\/\/api.w.org\/{rel}","templated":true}]}}