{"id":6595,"date":"2024-02-05T08:03:22","date_gmt":"2024-02-05T08:03:22","guid":{"rendered":"https:\/\/longchangchemical.com\/?post_type=product&#038;p=6595"},"modified":"2025-12-17T02:56:24","modified_gmt":"2025-12-17T02:56:24","slug":"sodium-molybdate-cas-7631-95-0","status":"publish","type":"product","link":"https:\/\/longchangchemical.com\/pt\/product\/sodium-molybdate-cas-7631-95-0\/","title":{"rendered":"Molibdato de s\u00f3dio \/ Molibdato diss\u00f3dico CAS 7631-95-0"},"content":{"rendered":"<h1><strong>Molibdato de s\u00f3dio \/ Molibdato diss\u00f3dico CAS 7631-95-0<\/strong><\/h1>\n<p>O molibdato de s\u00f3dio \u00e9 um cristal de flocos de f\u00f3sforo incolor. Facilmente sol\u00favel em \u00e1gua, insol\u00favel em acetona, 100 graus Celsius para remover a \u00e1gua de cristaliza\u00e7\u00e3o. Usado na fabrica\u00e7\u00e3o de alcal\u00f3ides e outras subst\u00e2ncias reagentes, corantes, pigmentos vermelhos de molibd\u00eanio, catalisadores, sais de molibd\u00eanio e precipitantes de cor resistentes \u00e0 luz solar. \u00c9 tamb\u00e9m uma mat\u00e9ria-prima para a fabrica\u00e7\u00e3o de retardadores de chama e um inibidor de corros\u00e3o de metais para sistemas de \u00e1gua de resfriamento livres de polui\u00e7\u00e3o.<\/p>\n<p>&nbsp;<\/p>\n<p><strong><b>Padr\u00e3o<\/b><\/strong><\/p>\n<table>\n<tbody>\n<tr>\n<td width=\"189\">Item<\/td>\n<td width=\"264\">Especifica\u00e7\u00e3o<\/td>\n<\/tr>\n<tr>\n<td width=\"189\">Apar\u00eancia<\/td>\n<td width=\"264\">S\u00f3lido branco<\/td>\n<\/tr>\n<tr>\n<td width=\"189\">Mo<\/td>\n<td width=\"264\">\u226539<\/td>\n<\/tr>\n<tr>\n<td width=\"189\">Fe<\/td>\n<td width=\"264\">\u22640.005<\/td>\n<\/tr>\n<tr>\n<td width=\"189\">SO<sub>4<\/sub><\/td>\n<td width=\"264\">\u22640.1<\/td>\n<\/tr>\n<tr>\n<td width=\"189\">Como<\/td>\n<td width=\"264\">\u22640.001<\/td>\n<\/tr>\n<tr>\n<td width=\"189\">Cl<\/td>\n<td width=\"264\">\u22640.02<\/td>\n<\/tr>\n<tr>\n<td width=\"189\">Umidade<\/td>\n<td width=\"264\">\u22640.05<\/td>\n<\/tr>\n<tr>\n<td width=\"189\">PH<\/td>\n<td width=\"264\">8.5-9<\/td>\n<\/tr>\n<\/tbody>\n<\/table>\n<p><strong><b>\u00a0<\/b><\/strong><\/p>\n<p><strong>Aplicativo: <\/strong><\/p>\n<p>Usado na fabrica\u00e7\u00e3o de alcaloides, corantes, fertilizantes, pigmentos, catalisadores, retardadores de chama e inibidores de metal para sistemas de \u00e1gua de resfriamento livres de polui\u00e7\u00e3o, bem como em polimento de galvaniza\u00e7\u00e3o e reagentes qu\u00edmicos.<\/p>\n<p>&nbsp;<\/p>\n<p><strong><b>P<\/b><\/strong><strong><b>ackag<\/b><\/strong><strong><b>e<\/b><\/strong><strong><b>:<\/b><\/strong>25 kg\/tambor; 50 kg\/tambor<\/p>\n<p><strong><b>\u00a0<\/b><\/strong><\/p>\n<p><strong><b>Armazenamento: <\/b><\/strong><\/p>\n<p>Armazenado em um local fresco, seco e ventilado.<\/p>\n<h2><strong><b>Entre em contato conosco agora!<\/b><\/strong><\/h2>\n<h4><strong><b>Se precisar do Price, preencha suas informa\u00e7\u00f5es de contato no formul\u00e1rio abaixo. Normalmente, entraremos em contato dentro de 24 horas. Voc\u00ea tamb\u00e9m pode me enviar um e-mail\u00a0<span style=\"color: #00ccff;\"><a style=\"color: #00ccff;\" href=\"mailto:info@longchangchemical.com\">info@longchangchemical.com<\/a>\u00a0<\/span>durante o hor\u00e1rio comercial (das 8h30 \u00e0s 18h UTC+8 de segunda a s\u00e1bado) ou use o bate-papo ao vivo do site para obter uma resposta imediata.<\/b><\/strong><\/h4>","protected":false},"excerpt":{"rendered":"<p><strong>Nome qu\u00edmico:<\/strong>\u00a0Molibdato de s\u00f3dio<\/p>\n<p><strong>Sin\u00f4nimo: <\/strong>Molibdato diss\u00f3dico<\/p>\n<p><strong>N\u00ba CAS:<\/strong>\u00a07631-95-0<\/p>\n<p><strong>MF<\/strong>: MoNa2O4\u00a0 <strong>MW<\/strong><strong>: <\/strong>205.91714<\/p>\n<p><strong>Estrutura molecular\uff1a<img decoding=\"async\" class=\"alignnone size-full wp-image-6596\" src=\"https:\/\/longchangchemical.com\/wp-content\/uploads\/2024\/02\/Sodium-molybdate.png\" alt=\"\" width=\"165\" height=\"86\" \/><\/strong><\/p>\n<p><strong><b>\u00a0<\/b><\/strong><\/p>","protected":false},"featured_media":6715,"comment_status":"open","ping_status":"closed","template":"","meta":[],"product_brand":[],"product_cat":[135],"product_tag":[],"class_list":{"0":"post-6595","1":"product","2":"type-product","3":"status-publish","4":"has-post-thumbnail","6":"product_cat-santicor-corrosion-inhibitor","8":"first","9":"instock","10":"shipping-taxable","11":"product-type-simple"},"yoast_head":"<!-- This site is optimized with the Yoast SEO plugin v25.3.1 - https:\/\/yoast.com\/wordpress\/plugins\/seo\/ -->\n<title>China Sodium molybdate Manufacturer \/ Disodium molybdate supplier CAS 7631-95-0 - Longchang Chemical<\/title>\n<meta name=\"description\" content=\"Sodium molybdate Used in the manufacture of alkaloids, dyestuffs, fertilisers, pigments, catalysts, flame retardants and metal inhibitors for pollution-free cooling water systems, as well as in galvanising polish and chemical reagents.\" \/>\n<meta name=\"robots\" content=\"index, follow, max-snippet:-1, max-image-preview:large, max-video-preview:-1\" \/>\n<link rel=\"canonical\" href=\"https:\/\/longchangchemical.com\/pt\/product\/sodium-molybdate-cas-7631-95-0\/\" \/>\n<meta property=\"og:locale\" content=\"pt_BR\" \/>\n<meta property=\"og:type\" content=\"article\" \/>\n<meta property=\"og:title\" content=\"China Sodium molybdate Manufacturer \/ Disodium molybdate supplier CAS 7631-95-0 - Longchang Chemical\" \/>\n<meta property=\"og:description\" content=\"Sodium molybdate Used in the manufacture of alkaloids, dyestuffs, fertilisers, pigments, catalysts, flame retardants and metal inhibitors for pollution-free cooling water systems, as well as in galvanising polish and chemical reagents.\" \/>\n<meta property=\"og:url\" content=\"https:\/\/longchangchemical.com\/pt\/product\/sodium-molybdate-cas-7631-95-0\/\" \/>\n<meta property=\"og:site_name\" content=\"Longchang Chemical\" \/>\n<meta property=\"article:modified_time\" content=\"2025-12-17T02:56:24+00:00\" \/>\n<meta property=\"og:image\" content=\"https:\/\/longchangchemical.com\/wp-content\/uploads\/2024\/02\/Sodium-molybdate-Disodium-molybdate-CAS-7631-95-0.jpg\" \/>\n\t<meta property=\"og:image:width\" content=\"800\" \/>\n\t<meta property=\"og:image:height\" content=\"800\" \/>\n\t<meta property=\"og:image:type\" content=\"image\/jpeg\" \/>\n<meta name=\"twitter:card\" content=\"summary_large_image\" \/>\n<script type=\"application\/ld+json\" class=\"yoast-schema-graph\">{\"@context\":\"https:\/\/schema.org\",\"@graph\":[{\"@type\":\"WebPage\",\"@id\":\"https:\/\/longchangchemical.com\/product\/sodium-molybdate-cas-7631-95-0\/\",\"url\":\"https:\/\/longchangchemical.com\/product\/sodium-molybdate-cas-7631-95-0\/\",\"name\":\"China Sodium molybdate Manufacturer \/ Disodium molybdate supplier CAS 7631-95-0 - Longchang Chemical\",\"isPartOf\":{\"@id\":\"https:\/\/longchangchemical.com\/#website\"},\"primaryImageOfPage\":{\"@id\":\"https:\/\/longchangchemical.com\/product\/sodium-molybdate-cas-7631-95-0\/#primaryimage\"},\"image\":{\"@id\":\"https:\/\/longchangchemical.com\/product\/sodium-molybdate-cas-7631-95-0\/#primaryimage\"},\"thumbnailUrl\":\"https:\/\/longchangchemical.com\/wp-content\/uploads\/2024\/02\/Sodium-molybdate-Disodium-molybdate-CAS-7631-95-0.jpg\",\"datePublished\":\"2024-02-05T08:03:22+00:00\",\"dateModified\":\"2025-12-17T02:56:24+00:00\",\"description\":\"Sodium molybdate Used in the manufacture of alkaloids, dyestuffs, fertilisers, pigments, catalysts, flame retardants and metal inhibitors for pollution-free cooling water systems, as well as in galvanising polish and chemical reagents.\",\"breadcrumb\":{\"@id\":\"https:\/\/longchangchemical.com\/product\/sodium-molybdate-cas-7631-95-0\/#breadcrumb\"},\"inLanguage\":\"pt-BR\",\"potentialAction\":[{\"@type\":\"ReadAction\",\"target\":[\"https:\/\/longchangchemical.com\/product\/sodium-molybdate-cas-7631-95-0\/\"]}]},{\"@type\":\"ImageObject\",\"inLanguage\":\"pt-BR\",\"@id\":\"https:\/\/longchangchemical.com\/product\/sodium-molybdate-cas-7631-95-0\/#primaryimage\",\"url\":\"https:\/\/longchangchemical.com\/wp-content\/uploads\/2024\/02\/Sodium-molybdate-Disodium-molybdate-CAS-7631-95-0.jpg\",\"contentUrl\":\"https:\/\/longchangchemical.com\/wp-content\/uploads\/2024\/02\/Sodium-molybdate-Disodium-molybdate-CAS-7631-95-0.jpg\",\"width\":800,\"height\":800},{\"@type\":\"BreadcrumbList\",\"@id\":\"https:\/\/longchangchemical.com\/product\/sodium-molybdate-cas-7631-95-0\/#breadcrumb\",\"itemListElement\":[{\"@type\":\"ListItem\",\"position\":1,\"name\":\"Home\",\"item\":\"https:\/\/longchangchemical.com\/\"},{\"@type\":\"ListItem\",\"position\":2,\"name\":\"Products Longchang\",\"item\":\"https:\/\/longchangchemical.com\/product\/\"},{\"@type\":\"ListItem\",\"position\":3,\"name\":\"Sodium molybdate \/ Disodium molybdate CAS 7631-95-0\"}]},{\"@type\":\"WebSite\",\"@id\":\"https:\/\/longchangchemical.com\/#website\",\"url\":\"https:\/\/longchangchemical.com\/\",\"name\":\"Longchang Chemical\",\"description\":\"China chemical manufacturer \uff06 supplier\",\"publisher\":{\"@id\":\"https:\/\/longchangchemical.com\/#organization\"},\"potentialAction\":[{\"@type\":\"SearchAction\",\"target\":{\"@type\":\"EntryPoint\",\"urlTemplate\":\"https:\/\/longchangchemical.com\/?s={search_term_string}\"},\"query-input\":{\"@type\":\"PropertyValueSpecification\",\"valueRequired\":true,\"valueName\":\"search_term_string\"}}],\"inLanguage\":\"pt-BR\"},{\"@type\":\"Organization\",\"@id\":\"https:\/\/longchangchemical.com\/#organization\",\"name\":\"Longchang Chemical\",\"url\":\"https:\/\/longchangchemical.com\/\",\"logo\":{\"@type\":\"ImageObject\",\"inLanguage\":\"pt-BR\",\"@id\":\"https:\/\/longchangchemical.com\/#\/schema\/logo\/image\/\",\"url\":\"https:\/\/longchangchemical.com\/wp-content\/uploads\/2020\/08\/cropped-longchang-logo.png\",\"contentUrl\":\"https:\/\/longchangchemical.com\/wp-content\/uploads\/2020\/08\/cropped-longchang-logo.png\",\"width\":512,\"height\":512,\"caption\":\"Longchang Chemical\"},\"image\":{\"@id\":\"https:\/\/longchangchemical.com\/#\/schema\/logo\/image\/\"}}]}<\/script>\n<!-- \/ Yoast SEO plugin. -->","yoast_head_json":{"title":"Fabricante de molibdato de s\u00f3dio na China \/ Fornecedor de molibdato diss\u00f3dico CAS 7631-95-0 - Longchang Chemical","description":"Molibdato de s\u00f3dio Usado na fabrica\u00e7\u00e3o de alcaloides, corantes, fertilizantes, pigmentos, catalisadores, retardadores de chama e inibidores de metal para sistemas de \u00e1gua de resfriamento livres de polui\u00e7\u00e3o, bem como em polimento de galvaniza\u00e7\u00e3o e reagentes qu\u00edmicos.","robots":{"index":"index","follow":"follow","max-snippet":"max-snippet:-1","max-image-preview":"max-image-preview:large","max-video-preview":"max-video-preview:-1"},"canonical":"https:\/\/longchangchemical.com\/pt\/product\/sodium-molybdate-cas-7631-95-0\/","og_locale":"pt_BR","og_type":"article","og_title":"China Sodium molybdate Manufacturer \/ Disodium molybdate supplier CAS 7631-95-0 - Longchang Chemical","og_description":"Sodium molybdate Used in the manufacture of alkaloids, dyestuffs, fertilisers, pigments, catalysts, flame retardants and metal inhibitors for pollution-free cooling water systems, as well as in galvanising polish and chemical reagents.","og_url":"https:\/\/longchangchemical.com\/pt\/product\/sodium-molybdate-cas-7631-95-0\/","og_site_name":"Longchang Chemical","article_modified_time":"2025-12-17T02:56:24+00:00","og_image":[{"width":800,"height":800,"url":"https:\/\/longchangchemical.com\/wp-content\/uploads\/2024\/02\/Sodium-molybdate-Disodium-molybdate-CAS-7631-95-0.jpg","type":"image\/jpeg"}],"twitter_card":"summary_large_image","schema":{"@context":"https:\/\/schema.org","@graph":[{"@type":"WebPage","@id":"https:\/\/longchangchemical.com\/product\/sodium-molybdate-cas-7631-95-0\/","url":"https:\/\/longchangchemical.com\/product\/sodium-molybdate-cas-7631-95-0\/","name":"Fabricante de molibdato de s\u00f3dio na China \/ Fornecedor de molibdato diss\u00f3dico CAS 7631-95-0 - Longchang Chemical","isPartOf":{"@id":"https:\/\/longchangchemical.com\/#website"},"primaryImageOfPage":{"@id":"https:\/\/longchangchemical.com\/product\/sodium-molybdate-cas-7631-95-0\/#primaryimage"},"image":{"@id":"https:\/\/longchangchemical.com\/product\/sodium-molybdate-cas-7631-95-0\/#primaryimage"},"thumbnailUrl":"https:\/\/longchangchemical.com\/wp-content\/uploads\/2024\/02\/Sodium-molybdate-Disodium-molybdate-CAS-7631-95-0.jpg","datePublished":"2024-02-05T08:03:22+00:00","dateModified":"2025-12-17T02:56:24+00:00","description":"Molibdato de s\u00f3dio Usado na fabrica\u00e7\u00e3o de alcaloides, corantes, fertilizantes, pigmentos, catalisadores, retardadores de chama e inibidores de metal para sistemas de \u00e1gua de resfriamento livres de polui\u00e7\u00e3o, bem como em polimento de galvaniza\u00e7\u00e3o e reagentes qu\u00edmicos.","breadcrumb":{"@id":"https:\/\/longchangchemical.com\/product\/sodium-molybdate-cas-7631-95-0\/#breadcrumb"},"inLanguage":"pt-BR","potentialAction":[{"@type":"ReadAction","target":["https:\/\/longchangchemical.com\/product\/sodium-molybdate-cas-7631-95-0\/"]}]},{"@type":"ImageObject","inLanguage":"pt-BR","@id":"https:\/\/longchangchemical.com\/product\/sodium-molybdate-cas-7631-95-0\/#primaryimage","url":"https:\/\/longchangchemical.com\/wp-content\/uploads\/2024\/02\/Sodium-molybdate-Disodium-molybdate-CAS-7631-95-0.jpg","contentUrl":"https:\/\/longchangchemical.com\/wp-content\/uploads\/2024\/02\/Sodium-molybdate-Disodium-molybdate-CAS-7631-95-0.jpg","width":800,"height":800},{"@type":"BreadcrumbList","@id":"https:\/\/longchangchemical.com\/product\/sodium-molybdate-cas-7631-95-0\/#breadcrumb","itemListElement":[{"@type":"ListItem","position":1,"name":"Home","item":"https:\/\/longchangchemical.com\/"},{"@type":"ListItem","position":2,"name":"Products Longchang","item":"https:\/\/longchangchemical.com\/product\/"},{"@type":"ListItem","position":3,"name":"Sodium molybdate \/ Disodium molybdate CAS 7631-95-0"}]},{"@type":"WebSite","@id":"https:\/\/longchangchemical.com\/#website","url":"https:\/\/longchangchemical.com\/","name":"Qu\u00edmica Longchang","description":"Fabricante de produtos qu\u00edmicos na China \uff06 fornecedor","publisher":{"@id":"https:\/\/longchangchemical.com\/#organization"},"potentialAction":[{"@type":"SearchAction","target":{"@type":"EntryPoint","urlTemplate":"https:\/\/longchangchemical.com\/?s={search_term_string}"},"query-input":{"@type":"PropertyValueSpecification","valueRequired":true,"valueName":"search_term_string"}}],"inLanguage":"pt-BR"},{"@type":"Organization","@id":"https:\/\/longchangchemical.com\/#organization","name":"Qu\u00edmica Longchang","url":"https:\/\/longchangchemical.com\/","logo":{"@type":"ImageObject","inLanguage":"pt-BR","@id":"https:\/\/longchangchemical.com\/#\/schema\/logo\/image\/","url":"https:\/\/longchangchemical.com\/wp-content\/uploads\/2020\/08\/cropped-longchang-logo.png","contentUrl":"https:\/\/longchangchemical.com\/wp-content\/uploads\/2020\/08\/cropped-longchang-logo.png","width":512,"height":512,"caption":"Longchang Chemical"},"image":{"@id":"https:\/\/longchangchemical.com\/#\/schema\/logo\/image\/"}}]}},"_links":{"self":[{"href":"https:\/\/longchangchemical.com\/pt\/wp-json\/wp\/v2\/product\/6595","targetHints":{"allow":["GET"]}}],"collection":[{"href":"https:\/\/longchangchemical.com\/pt\/wp-json\/wp\/v2\/product"}],"about":[{"href":"https:\/\/longchangchemical.com\/pt\/wp-json\/wp\/v2\/types\/product"}],"replies":[{"embeddable":true,"href":"https:\/\/longchangchemical.com\/pt\/wp-json\/wp\/v2\/comments?post=6595"}],"wp:featuredmedia":[{"embeddable":true,"href":"https:\/\/longchangchemical.com\/pt\/wp-json\/wp\/v2\/media\/6715"}],"wp:attachment":[{"href":"https:\/\/longchangchemical.com\/pt\/wp-json\/wp\/v2\/media?parent=6595"}],"wp:term":[{"taxonomy":"product_brand","embeddable":true,"href":"https:\/\/longchangchemical.com\/pt\/wp-json\/wp\/v2\/product_brand?post=6595"},{"taxonomy":"product_cat","embeddable":true,"href":"https:\/\/longchangchemical.com\/pt\/wp-json\/wp\/v2\/product_cat?post=6595"},{"taxonomy":"product_tag","embeddable":true,"href":"https:\/\/longchangchemical.com\/pt\/wp-json\/wp\/v2\/product_tag?post=6595"}],"curies":[{"name":"wp","href":"https:\/\/api.w.org\/{rel}","templated":true}]}}