{"id":6583,"date":"2024-02-05T06:36:35","date_gmt":"2024-02-05T06:36:35","guid":{"rendered":"https:\/\/longchangchemical.com\/?post_type=product&#038;p=6583"},"modified":"2025-12-17T03:01:02","modified_gmt":"2025-12-17T03:01:02","slug":"pef-cas-28728-19-0","status":"publish","type":"product","link":"https:\/\/longchangchemical.com\/pt\/product\/pef-cas-28728-19-0\/","title":{"rendered":"Polietileno 2,5-furandicarboxilato \/ PEF CAS 28728-19-0"},"content":{"rendered":"<h1><strong>Polietileno 2,5-furandicarboxilato \/ PEF CAS 28728-19-0<\/strong><\/h1>\n<p>O polietilenoglicol 2,5- furandicarboxilato (PEF) \u00e9 um pol\u00edmero de base biol\u00f3gica 100% recicl\u00e1vel, produzido com mat\u00e9rias-primas renov\u00e1veis derivadas de fontes vegetais. O PEF foi descrito como um poli\u00e9ster de \u00faltima gera\u00e7\u00e3o com grande potencial para substituir o tereftalato de polietileno (PET), um pol\u00edmero dur\u00e1vel derivado de fontes sint\u00e9ticas tradicionais. O PEF oferece v\u00e1rias vantagens em rela\u00e7\u00e3o ao PET, n\u00e3o apenas reduz a pegada de carbono geral do produto, mas tamb\u00e9m melhora a sustentabilidade da embalagem e, com uma barreira de g\u00e1s mais alta para oxig\u00eanio, di\u00f3xido de carbono e vapor de \u00e1gua em compara\u00e7\u00e3o com o PET, pode ser visto como uma alternativa interessante ao PET para aplica\u00e7\u00f5es de embalagem, como garrafas, filmes e bandejas de alimentos.<\/p>\n<p>&nbsp;<\/p>\n<p><strong><b>Padr\u00e3o<\/b><\/strong><\/p>\n<table>\n<tbody>\n<tr>\n<td width=\"189\">Item<\/td>\n<td width=\"264\">Especifica\u00e7\u00e3o<\/td>\n<\/tr>\n<tr>\n<td width=\"189\">Ponto de ebuli\u00e7\u00e3o<\/td>\n<td width=\"264\">195-265 \u00b0C\uff08383-509 \u00b0F\uff1b468-538 K\uff09<\/td>\n<\/tr>\n<tr>\n<td width=\"189\">Densidade<\/td>\n<td width=\"264\">1,43g\/cm\u00b3<\/td>\n<\/tr>\n<\/tbody>\n<\/table>\n<p><strong><b>\u00a0<\/b><\/strong><\/p>\n<p><strong>Aplicativo: <\/strong><\/p>\n<p>Ele \u00e9 usado principalmente no setor de vestu\u00e1rio e t\u00eaxtil e no setor de embalagens.<\/p>\n<p><strong><b>P<\/b><\/strong><strong><b>ackag<\/b><\/strong><strong><b>e<\/b><\/strong><strong><b>:<\/b><\/strong>25 kg\/tambor<\/p>\n<p><strong><b>\u00a0<\/b><\/strong><\/p>\n<p><strong><b>Armazenamento: <\/b><\/strong><\/p>\n<p>Armazenado em um local fresco, seco e ventilado.<\/p>\n<h2><strong><b>Entre em contato conosco agora!<\/b><\/strong><\/h2>\n<h4><strong><b>Se precisar do Price, preencha suas informa\u00e7\u00f5es de contato no formul\u00e1rio abaixo. Normalmente, entraremos em contato dentro de 24 horas. Voc\u00ea tamb\u00e9m pode me enviar um e-mail\u00a0<span style=\"color: #00ccff;\"><a style=\"color: #00ccff;\" href=\"mailto:info@longchangchemical.com\">info@longchangchemical.com<\/a>\u00a0<\/span>durante o hor\u00e1rio comercial (das 8h30 \u00e0s 18h UTC+8 de segunda a s\u00e1bado) ou use o bate-papo ao vivo do site para obter uma resposta imediata.<\/b><\/strong><\/h4>","protected":false},"excerpt":{"rendered":"<p><strong>Nome qu\u00edmico:<\/strong>\u00a0Polietileno 2,5-furandicarboxilato<\/p>\n<p><strong>Sin\u00f4nimo: <\/strong>PEF; poli (\u00e9ster glic\u00f3lico do \u00e1cido 2,5-furanodi\u00f3ico)<\/p>\n<p><strong>N\u00ba CAS:<\/strong>\u00a028728-19-0<\/p>\n<p><strong>MF<\/strong>: (C8H6O5)n\u00a0 <strong>MW<\/strong><strong>: <\/strong>&#8211;<\/p>\n<p><strong>Estrutura molecular\uff1a<\/strong><img decoding=\"async\" class=\"alignnone size-full wp-image-6584\" src=\"https:\/\/longchangchemical.com\/wp-content\/uploads\/2024\/02\/PEF.png\" alt=\"\" width=\"235\" height=\"198\" \/><\/p>","protected":false},"featured_media":0,"comment_status":"open","ping_status":"closed","template":"","meta":[],"product_brand":[],"product_cat":[69],"product_tag":[],"class_list":{"0":"post-6583","1":"product","2":"type-product","3":"status-publish","5":"product_cat-catalysts-chemical-auxiliary-agents","7":"first","8":"instock","9":"shipping-taxable","10":"product-type-simple"},"yoast_head":"<!-- This site is optimized with the Yoast SEO plugin v25.3.1 - https:\/\/yoast.com\/wordpress\/plugins\/seo\/ -->\n<title>China Polyethylene 2,5-furandicarboxylate Manufacturer \/ PEF CAS 28728-19-0 supplier - Longchang Chemical<\/title>\n<meta name=\"description\" content=\"Polyethylene 2,5-furandicarboxylate \/ PEF CAS 28728-19-0 is a key product of Longchang Chemical. We provide the best price. We are the leading manufacturer in China with the best quality and competitive price.\" \/>\n<meta name=\"robots\" content=\"index, follow, max-snippet:-1, max-image-preview:large, max-video-preview:-1\" \/>\n<link rel=\"canonical\" href=\"https:\/\/longchangchemical.com\/pt\/product\/pef-cas-28728-19-0\/\" \/>\n<meta property=\"og:locale\" content=\"pt_BR\" \/>\n<meta property=\"og:type\" content=\"article\" \/>\n<meta property=\"og:title\" content=\"China Polyethylene 2,5-furandicarboxylate Manufacturer \/ PEF CAS 28728-19-0 supplier - Longchang Chemical\" \/>\n<meta property=\"og:description\" content=\"Polyethylene 2,5-furandicarboxylate \/ PEF CAS 28728-19-0 is a key product of Longchang Chemical. We provide the best price. We are the leading manufacturer in China with the best quality and competitive price.\" \/>\n<meta property=\"og:url\" content=\"https:\/\/longchangchemical.com\/pt\/product\/pef-cas-28728-19-0\/\" \/>\n<meta property=\"og:site_name\" content=\"Longchang Chemical\" \/>\n<meta property=\"article:modified_time\" content=\"2025-12-17T03:01:02+00:00\" \/>\n<meta property=\"og:image\" content=\"https:\/\/longchangchemical.com\/wp-content\/uploads\/2024\/02\/logo-jpeg.jpg\" \/>\n\t<meta property=\"og:image:width\" content=\"1000\" \/>\n\t<meta property=\"og:image:height\" content=\"1000\" \/>\n\t<meta property=\"og:image:type\" content=\"image\/jpeg\" \/>\n<meta name=\"twitter:card\" content=\"summary_large_image\" \/>\n<script type=\"application\/ld+json\" class=\"yoast-schema-graph\">{\"@context\":\"https:\/\/schema.org\",\"@graph\":[{\"@type\":\"WebPage\",\"@id\":\"https:\/\/longchangchemical.com\/product\/pef-cas-28728-19-0\/\",\"url\":\"https:\/\/longchangchemical.com\/product\/pef-cas-28728-19-0\/\",\"name\":\"China Polyethylene 2,5-furandicarboxylate Manufacturer \/ PEF CAS 28728-19-0 supplier - Longchang Chemical\",\"isPartOf\":{\"@id\":\"https:\/\/longchangchemical.com\/#website\"},\"datePublished\":\"2024-02-05T06:36:35+00:00\",\"dateModified\":\"2025-12-17T03:01:02+00:00\",\"description\":\"Polyethylene 2,5-furandicarboxylate \/ PEF CAS 28728-19-0 is a key product of Longchang Chemical. We provide the best price. We are the leading manufacturer in China with the best quality and competitive price.\",\"breadcrumb\":{\"@id\":\"https:\/\/longchangchemical.com\/product\/pef-cas-28728-19-0\/#breadcrumb\"},\"inLanguage\":\"pt-BR\",\"potentialAction\":[{\"@type\":\"ReadAction\",\"target\":[\"https:\/\/longchangchemical.com\/product\/pef-cas-28728-19-0\/\"]}]},{\"@type\":\"BreadcrumbList\",\"@id\":\"https:\/\/longchangchemical.com\/product\/pef-cas-28728-19-0\/#breadcrumb\",\"itemListElement\":[{\"@type\":\"ListItem\",\"position\":1,\"name\":\"Home\",\"item\":\"https:\/\/longchangchemical.com\/\"},{\"@type\":\"ListItem\",\"position\":2,\"name\":\"Products Longchang\",\"item\":\"https:\/\/longchangchemical.com\/product\/\"},{\"@type\":\"ListItem\",\"position\":3,\"name\":\"Polyethylene 2,5-furandicarboxylate \/ PEF CAS 28728-19-0\"}]},{\"@type\":\"WebSite\",\"@id\":\"https:\/\/longchangchemical.com\/#website\",\"url\":\"https:\/\/longchangchemical.com\/\",\"name\":\"Longchang Chemical\",\"description\":\"China chemical manufacturer \uff06 supplier\",\"publisher\":{\"@id\":\"https:\/\/longchangchemical.com\/#organization\"},\"potentialAction\":[{\"@type\":\"SearchAction\",\"target\":{\"@type\":\"EntryPoint\",\"urlTemplate\":\"https:\/\/longchangchemical.com\/?s={search_term_string}\"},\"query-input\":{\"@type\":\"PropertyValueSpecification\",\"valueRequired\":true,\"valueName\":\"search_term_string\"}}],\"inLanguage\":\"pt-BR\"},{\"@type\":\"Organization\",\"@id\":\"https:\/\/longchangchemical.com\/#organization\",\"name\":\"Longchang Chemical\",\"url\":\"https:\/\/longchangchemical.com\/\",\"logo\":{\"@type\":\"ImageObject\",\"inLanguage\":\"pt-BR\",\"@id\":\"https:\/\/longchangchemical.com\/#\/schema\/logo\/image\/\",\"url\":\"https:\/\/longchangchemical.com\/wp-content\/uploads\/2020\/08\/cropped-longchang-logo.png\",\"contentUrl\":\"https:\/\/longchangchemical.com\/wp-content\/uploads\/2020\/08\/cropped-longchang-logo.png\",\"width\":512,\"height\":512,\"caption\":\"Longchang Chemical\"},\"image\":{\"@id\":\"https:\/\/longchangchemical.com\/#\/schema\/logo\/image\/\"}}]}<\/script>\n<!-- \/ Yoast SEO plugin. -->","yoast_head_json":{"title":"Fabricante de polietileno 2,5-furandicarboxilato \/ PEF CAS 28728-19-0 na China - Longchang Chemical","description":"Polyethylene 2,5-furandicarboxylate \/ PEF CAS 28728-19-0 \u00e9 um produto-chave da Longchang Chemical. Oferecemos o melhor pre\u00e7o. Somos o fabricante l\u00edder na China, com a melhor qualidade e pre\u00e7o competitivo.","robots":{"index":"index","follow":"follow","max-snippet":"max-snippet:-1","max-image-preview":"max-image-preview:large","max-video-preview":"max-video-preview:-1"},"canonical":"https:\/\/longchangchemical.com\/pt\/product\/pef-cas-28728-19-0\/","og_locale":"pt_BR","og_type":"article","og_title":"China Polyethylene 2,5-furandicarboxylate Manufacturer \/ PEF CAS 28728-19-0 supplier - Longchang Chemical","og_description":"Polyethylene 2,5-furandicarboxylate \/ PEF CAS 28728-19-0 is a key product of Longchang Chemical. We provide the best price. We are the leading manufacturer in China with the best quality and competitive price.","og_url":"https:\/\/longchangchemical.com\/pt\/product\/pef-cas-28728-19-0\/","og_site_name":"Longchang Chemical","article_modified_time":"2025-12-17T03:01:02+00:00","og_image":[{"width":1000,"height":1000,"url":"https:\/\/longchangchemical.com\/wp-content\/uploads\/2024\/02\/logo-jpeg.jpg","type":"image\/jpeg"}],"twitter_card":"summary_large_image","schema":{"@context":"https:\/\/schema.org","@graph":[{"@type":"WebPage","@id":"https:\/\/longchangchemical.com\/product\/pef-cas-28728-19-0\/","url":"https:\/\/longchangchemical.com\/product\/pef-cas-28728-19-0\/","name":"Fabricante de polietileno 2,5-furandicarboxilato \/ PEF CAS 28728-19-0 na China - Longchang Chemical","isPartOf":{"@id":"https:\/\/longchangchemical.com\/#website"},"datePublished":"2024-02-05T06:36:35+00:00","dateModified":"2025-12-17T03:01:02+00:00","description":"Polyethylene 2,5-furandicarboxylate \/ PEF CAS 28728-19-0 \u00e9 um produto-chave da Longchang Chemical. Oferecemos o melhor pre\u00e7o. Somos o fabricante l\u00edder na China, com a melhor qualidade e pre\u00e7o competitivo.","breadcrumb":{"@id":"https:\/\/longchangchemical.com\/product\/pef-cas-28728-19-0\/#breadcrumb"},"inLanguage":"pt-BR","potentialAction":[{"@type":"ReadAction","target":["https:\/\/longchangchemical.com\/product\/pef-cas-28728-19-0\/"]}]},{"@type":"BreadcrumbList","@id":"https:\/\/longchangchemical.com\/product\/pef-cas-28728-19-0\/#breadcrumb","itemListElement":[{"@type":"ListItem","position":1,"name":"Home","item":"https:\/\/longchangchemical.com\/"},{"@type":"ListItem","position":2,"name":"Products Longchang","item":"https:\/\/longchangchemical.com\/product\/"},{"@type":"ListItem","position":3,"name":"Polyethylene 2,5-furandicarboxylate \/ PEF CAS 28728-19-0"}]},{"@type":"WebSite","@id":"https:\/\/longchangchemical.com\/#website","url":"https:\/\/longchangchemical.com\/","name":"Qu\u00edmica Longchang","description":"Fabricante de produtos qu\u00edmicos na China \uff06 fornecedor","publisher":{"@id":"https:\/\/longchangchemical.com\/#organization"},"potentialAction":[{"@type":"SearchAction","target":{"@type":"EntryPoint","urlTemplate":"https:\/\/longchangchemical.com\/?s={search_term_string}"},"query-input":{"@type":"PropertyValueSpecification","valueRequired":true,"valueName":"search_term_string"}}],"inLanguage":"pt-BR"},{"@type":"Organization","@id":"https:\/\/longchangchemical.com\/#organization","name":"Qu\u00edmica Longchang","url":"https:\/\/longchangchemical.com\/","logo":{"@type":"ImageObject","inLanguage":"pt-BR","@id":"https:\/\/longchangchemical.com\/#\/schema\/logo\/image\/","url":"https:\/\/longchangchemical.com\/wp-content\/uploads\/2020\/08\/cropped-longchang-logo.png","contentUrl":"https:\/\/longchangchemical.com\/wp-content\/uploads\/2020\/08\/cropped-longchang-logo.png","width":512,"height":512,"caption":"Longchang Chemical"},"image":{"@id":"https:\/\/longchangchemical.com\/#\/schema\/logo\/image\/"}}]}},"_links":{"self":[{"href":"https:\/\/longchangchemical.com\/pt\/wp-json\/wp\/v2\/product\/6583","targetHints":{"allow":["GET"]}}],"collection":[{"href":"https:\/\/longchangchemical.com\/pt\/wp-json\/wp\/v2\/product"}],"about":[{"href":"https:\/\/longchangchemical.com\/pt\/wp-json\/wp\/v2\/types\/product"}],"replies":[{"embeddable":true,"href":"https:\/\/longchangchemical.com\/pt\/wp-json\/wp\/v2\/comments?post=6583"}],"wp:attachment":[{"href":"https:\/\/longchangchemical.com\/pt\/wp-json\/wp\/v2\/media?parent=6583"}],"wp:term":[{"taxonomy":"product_brand","embeddable":true,"href":"https:\/\/longchangchemical.com\/pt\/wp-json\/wp\/v2\/product_brand?post=6583"},{"taxonomy":"product_cat","embeddable":true,"href":"https:\/\/longchangchemical.com\/pt\/wp-json\/wp\/v2\/product_cat?post=6583"},{"taxonomy":"product_tag","embeddable":true,"href":"https:\/\/longchangchemical.com\/pt\/wp-json\/wp\/v2\/product_tag?post=6583"}],"curies":[{"name":"wp","href":"https:\/\/api.w.org\/{rel}","templated":true}]}}